{"id":2127,"date":"2025-04-18T13:15:26","date_gmt":"2025-04-18T13:15:26","guid":{"rendered":"https:\/\/puffvapestore.com\/?post_type=product&#038;p=2127"},"modified":"2026-01-19T10:37:33","modified_gmt":"2026-01-19T10:37:33","slug":"watermelon-bubblegum-18000-jnr-falcon-vape","status":"publish","type":"product","link":"https:\/\/puffvapestore.com\/pt\/product\/melancia-bubblegum-18000-jnr-falcon-vape\/","title":{"rendered":"Pastilha el\u00e1stica de melancia 18000 JNR Falcon X Vape"},"content":{"rendered":"<div data-elementor-type=\"wp-post\" data-elementor-id=\"2127\" class=\"elementor elementor-2127\">\n\t\t\t\t<div class=\"elementor-element elementor-element-17fadbc e-flex e-con-boxed e-con e-parent\" data-id=\"17fadbc\" data-element_type=\"container\" data-e-type=\"container\">\n\t\t\t\t\t<div class=\"e-con-inner\">\n\t\t<div class=\"elementor-element elementor-element-273a49b e-con-full e-flex e-con e-child\" data-id=\"273a49b\" data-element_type=\"container\" data-e-type=\"container\">\n\t\t\t\t<div class=\"elementor-element elementor-element-7c1aca9 elementor-widget elementor-widget-text-editor\" data-id=\"7c1aca9\" data-element_type=\"widget\" data-e-type=\"widget\" data-widget_type=\"text-editor.default\">\n\t\t\t\t<div class=\"elementor-widget-container\">\n\t\t\t\t\t\t\t\t\t<h2>Carater\u00edsticas do JNR Falcon 18K Watermelon Bubblegum:<\/h2><p>Puffs : At\u00e9 18.000 baforadas<br \/>L\u00edquido: 24 ml<br \/>N\u00edveis de nicotina: 0 %, 2 %, 5 %<br \/>Resist\u00eancia: 0,6 ohm<br \/>Capacidade da bateria: 950 mAh<br \/>Carregamento: Tipo C<br \/>Fluxo de ar ajust\u00e1vel: Sim<br \/>Ecr\u00e3 digital<br \/>Dupla malha e dupla resist\u00eancia do n\u00facleo<br \/>Dimens\u00f5es: 53,5 x 32 x 121 mm<\/p>\t\t\t\t\t\t\t\t<\/div>\n\t\t\t\t<\/div>\n\t\t\t\t<\/div>\n\t\t<div class=\"elementor-element elementor-element-eaa0176 e-con-full e-flex e-con e-child\" data-id=\"eaa0176\" data-element_type=\"container\" data-e-type=\"container\">\n\t\t\t\t<div class=\"elementor-element elementor-element-a649ca6 elementor-widget elementor-widget-image-gallery\" data-id=\"a649ca6\" data-element_type=\"widget\" data-e-type=\"widget\" data-widget_type=\"image-gallery.default\">\n\t\t\t\t<div class=\"elementor-widget-container\">\n\t\t\t\t\t\t\t<div class=\"elementor-image-gallery\">\n\t\t\t<div id='gallery-1' class='gallery galleryid-2127 gallery-columns-1 gallery-size-medium_large'><figure class='gallery-item'>\n\t\t\t<div class='gallery-icon portrait'>\n\t\t\t\t<img fetchpriority=\"high\" decoding=\"async\" width=\"654\" height=\"690\" src=\"https:\/\/puffvapestore.com\/wp-content\/uploads\/2025\/04\/pvajf18000-14.jpg\" class=\"attachment-medium_large size-medium_large\" alt=\"JNR Falcon 18000 Melancia Pastilha el\u00e1stica pvajf18000\" aria-describedby=\"gallery-1-1954\" srcset=\"https:\/\/puffvapestore.com\/wp-content\/uploads\/2025\/04\/pvajf18000-14.jpg 654w, https:\/\/puffvapestore.com\/wp-content\/uploads\/2025\/04\/pvajf18000-14-284x300.jpg 284w, https:\/\/puffvapestore.com\/wp-content\/uploads\/2025\/04\/pvajf18000-14-600x633.jpg 600w\" sizes=\"(max-width: 654px) 100vw, 654px\" \/>\n\t\t\t<\/div>\n\t\t\t\t<figcaption class='wp-caption-text gallery-caption' id='gallery-1-1954'>\n\t\t\t\tJNR Falcon 18000 Melancia Pastilha el\u00e1stica pvajf18000\n\t\t\t\t<\/figcaption><\/figure>\n\t\t<\/div>\n\t\t<\/div>\n\t\t\t\t\t\t<\/div>\n\t\t\t\t<\/div>\n\t\t\t\t<\/div>\n\t\t\t\t\t<\/div>\n\t\t\t\t<\/div>\n\t\t<div class=\"elementor-element elementor-element-16b36ac e-flex e-con-boxed e-con e-parent\" data-id=\"16b36ac\" data-element_type=\"container\" data-e-type=\"container\">\n\t\t\t\t\t<div class=\"e-con-inner\">\n\t\t\t\t<div class=\"elementor-element elementor-element-47bbe71 elementor-widget elementor-widget-n-accordion\" data-id=\"47bbe71\" data-element_type=\"widget\" data-e-type=\"widget\" data-settings=\"{&quot;default_state&quot;:&quot;expanded&quot;,&quot;max_items_expended&quot;:&quot;one&quot;,&quot;n_accordion_animation_duration&quot;:{&quot;unit&quot;:&quot;ms&quot;,&quot;size&quot;:400,&quot;sizes&quot;:[]}}\" data-widget_type=\"nested-accordion.default\">\n\t\t\t\t<div class=\"elementor-widget-container\">\n\t\t\t\t\t\t\t<div class=\"e-n-accordion\" aria-label=\"Acorde\u00e3o. Abrir liga\u00e7\u00f5es com Enter ou Espa\u00e7o, fechar com Escape e navegar com Setas\">\n\t\t\t\t\t\t<details id=\"e-n-accordion-item-7520\" class=\"e-n-accordion-item\" open>\n\t\t\t\t<summary class=\"e-n-accordion-item-title\" data-accordion-index=\"1\" tabindex=\"0\" aria-expanded=\"true\" aria-controls=\"e-n-accordion-item-7520\" >\n\t\t\t\t\t<span class='e-n-accordion-item-title-header'><div class=\"e-n-accordion-item-title-text\"> Carater\u00edsticas e fun\u00e7\u00f5es do JNR Falcon X 18K Watermelon Bubblegum <\/div><\/span>\n\t\t\t\t\t\t\t<span class='e-n-accordion-item-title-icon'>\n\t\t\t<span class='e-opened' ><svg aria-hidden=\"true\" class=\"e-font-icon-svg e-fas-minus\" viewbox=\"0 0 448 512\" xmlns=\"http:\/\/www.w3.org\/2000\/svg\"><path d=\"M416 208H32c-17.67 0-32 14.33-32 32v32c0 17.67 14.33 32 32 32h384c17.67 0 32-14.33 32-32v-32c0-17.67-14.33-32-32-32z\"><\/path><\/svg><\/span>\n\t\t\t<span class='e-closed'><svg aria-hidden=\"true\" class=\"e-font-icon-svg e-fas-plus\" viewbox=\"0 0 448 512\" xmlns=\"http:\/\/www.w3.org\/2000\/svg\"><path d=\"M416 208H272V64c0-17.67-14.33-32-32-32h-32c-17.67 0-32 14.33-32 32v144H32c-17.67 0-32 14.33-32 32v32c0 17.67 14.33 32 32 32h144v144c0 17.67 14.33 32 32 32h32c17.67 0 32-14.33 32-32V304h144c17.67 0 32-14.33 32-32v-32c0-17.67-14.33-32-32-32z\"><\/path><\/svg><\/span>\n\t\t<\/span>\n\n\t\t\t\t\t\t<\/summary>\n\t\t\t\t<div role=\"region\" aria-labelledby=\"e-n-accordion-item-7520\" class=\"elementor-element elementor-element-2496275 e-con-full e-flex e-con e-child\" data-id=\"2496275\" data-element_type=\"container\" data-e-type=\"container\">\n\t\t<div role=\"region\" aria-labelledby=\"e-n-accordion-item-7520\" class=\"elementor-element elementor-element-a0b516d e-flex e-con-boxed e-con e-child\" data-id=\"a0b516d\" data-element_type=\"container\" data-e-type=\"container\">\n\t\t\t\t\t<div class=\"e-con-inner\">\n\t\t\t\t<div class=\"elementor-element elementor-element-1f299ce elementor-widget elementor-widget-text-editor\" data-id=\"1f299ce\" data-element_type=\"widget\" data-e-type=\"widget\" data-widget_type=\"text-editor.default\">\n\t\t\t\t<div class=\"elementor-widget-container\">\n\t\t\t\t\t\t\t\t\t<h2>Grande capacidade de e-l\u00edquido<\/h2><p>O JNR Falcon-X 18K oferece uma capacidade de e-l\u00edquido de 24 ml, mais do que a maioria dos cigarros electr\u00f3nicos descart\u00e1veis no mercado. Esta capacidade generosa n\u00e3o s\u00f3 reduz a necessidade de recargas frequentes, como tamb\u00e9m significa que pode fumar durante longos per\u00edodos sem interrup\u00e7\u00e3o. Por isso, \u00e9 ideal para quem procura uma utiliza\u00e7\u00e3o duradoura e um sabor consistente no trabalho, em viagem ou nos tempos livres.<\/p><p>O JNR Falcon-X 18K est\u00e1 equipado com uma bateria integrada de alto desempenho de 950 mAh para utiliza\u00e7\u00e3o durante todo o dia. A moderna porta de carregamento Tipo C torna o carregamento mais r\u00e1pido e seguro, para que possa recarregar o seu dispositivo sem ter de esperar muito tempo.<\/p><h2>Resist\u00eancias Dual-Mesh Dual-Core de 0,6 ohm para maior vapor e sabor<\/h2><p>O JNR Falcon-X 18K utiliza uma resist\u00eancia Dual-Mesh Dual-Core de 0,6 ohm, melhorando drasticamente a produ\u00e7\u00e3o e a espessura do vapor. A estrutura de dupla mecha assegura um aquecimento mais uniforme, evita odores a queimado e proporciona uma experi\u00eancia de vaporiza\u00e7\u00e3o mais suave e refinada. Quer esteja \u00e0 procura de um grande volume de vapor ou de um sabor puro, o JNR Falcon 18K \u00e9 perfeito para as suas necessidades.<\/p><h2>Sistema de fluxo de ar flex\u00edvel e ajust\u00e1vel para uma inala\u00e7\u00e3o personalizada<\/h2><p>O JNR Falcon-X 18K possui uma fun\u00e7\u00e3o inovadora de ajuste do fluxo de ar, que permite aos utilizadores ajustar livremente a quantidade de ar inalado de acordo com as suas prefer\u00eancias, criando uma experi\u00eancia de fumo variada, desde um fumo firme e suave at\u00e9 um fumo cheio e amplo.<\/p><h2>Duradouro, econ\u00f3mico e pr\u00e1tico<\/h2><p>Gra\u00e7as \u00e0 sua tecnologia avan\u00e7ada, o JNR Falcon-X 18K oferece at\u00e9 18.000 baforadas, excedendo em muito a vida \u00fatil dos cigarros electr\u00f3nicos descart\u00e1veis convencionais. A sua durabilidade melhora significativamente a rela\u00e7\u00e3o qualidade\/pre\u00e7o, tornando-o ideal para utilizadores intensivos e longos per\u00edodos de utiliza\u00e7\u00e3o. Elimina a necessidade de substitui\u00e7\u00e3o frequente, tornando-o amigo do ambiente e econ\u00f3mico.<\/p><p>Um visor digital de alta defini\u00e7\u00e3o integrado mostra o n\u00edvel da bateria e o e-l\u00edquido restante em tempo real, dando aos utilizadores uma vis\u00e3o clara do estado do dispositivo. O feedback intuitivo simplifica a utiliza\u00e7\u00e3o, eliminando as interrup\u00e7\u00f5es devidas a uma bateria fraca ou a um e-l\u00edquido esgotado, garantindo sempre uma baforada suave e sem preocupa\u00e7\u00f5es.<\/p><p>O JNR Falcon-X 18K oferece tr\u00eas n\u00edveis de nicotina: 0 %, 2 % e 5 %, para satisfazer as necessidades e os gostos de cada utilizador para deixar de fumar. Desde o puro prazer sem nicotina at\u00e9 \u00e0 cessa\u00e7\u00e3o gradual com n\u00edveis baixos de nicotina e necessidades elevadas de nicotina, as op\u00e7\u00f5es flex\u00edveis ajudam-no a encontrar a solu\u00e7\u00e3o certa para si.<\/p>\t\t\t\t\t\t\t\t<\/div>\n\t\t\t\t<\/div>\n\t\t\t\t\t<\/div>\n\t\t\t\t<\/div>\n\t\t\t\t<\/div>\n\t\t\t\t\t<\/details>\n\t\t\t\t\t\t<details id=\"e-n-accordion-item-7521\" class=\"e-n-accordion-item\" >\n\t\t\t\t<summary class=\"e-n-accordion-item-title\" data-accordion-index=\"2\" tabindex=\"-1\" aria-expanded=\"false\" aria-controls=\"e-n-accordion-item-7521\" >\n\t\t\t\t\t<span class='e-n-accordion-item-title-header'><div class=\"e-n-accordion-item-title-text\"> Puff JNR Falcon X 18K Melancia Pastilha el\u00e1stica <\/div><\/span>\n\t\t\t\t\t\t\t<span class='e-n-accordion-item-title-icon'>\n\t\t\t<span class='e-opened' ><svg aria-hidden=\"true\" class=\"e-font-icon-svg e-fas-minus\" viewbox=\"0 0 448 512\" xmlns=\"http:\/\/www.w3.org\/2000\/svg\"><path d=\"M416 208H32c-17.67 0-32 14.33-32 32v32c0 17.67 14.33 32 32 32h384c17.67 0 32-14.33 32-32v-32c0-17.67-14.33-32-32-32z\"><\/path><\/svg><\/span>\n\t\t\t<span class='e-closed'><svg aria-hidden=\"true\" class=\"e-font-icon-svg e-fas-plus\" viewbox=\"0 0 448 512\" xmlns=\"http:\/\/www.w3.org\/2000\/svg\"><path d=\"M416 208H272V64c0-17.67-14.33-32-32-32h-32c-17.67 0-32 14.33-32 32v144H32c-17.67 0-32 14.33-32 32v32c0 17.67 14.33 32 32 32h144v144c0 17.67 14.33 32 32 32h32c17.67 0 32-14.33 32-32V304h144c17.67 0 32-14.33 32-32v-32c0-17.67-14.33-32-32-32z\"><\/path><\/svg><\/span>\n\t\t<\/span>\n\n\t\t\t\t\t\t<\/summary>\n\t\t\t\t<div role=\"region\" aria-labelledby=\"e-n-accordion-item-7521\" class=\"elementor-element elementor-element-4ea0188 e-con-full e-flex e-con e-child\" data-id=\"4ea0188\" data-element_type=\"container\" data-e-type=\"container\">\n\t\t<div role=\"region\" aria-labelledby=\"e-n-accordion-item-7521\" class=\"elementor-element elementor-element-2d9a9b2 e-flex e-con-boxed e-con e-child\" data-id=\"2d9a9b2\" data-element_type=\"container\" data-e-type=\"container\">\n\t\t\t\t\t<div class=\"e-con-inner\">\n\t\t\t\t<div class=\"elementor-element elementor-element-55fd5fa elementor-widget elementor-widget-text-editor\" data-id=\"55fd5fa\" data-element_type=\"widget\" data-e-type=\"widget\" data-widget_type=\"text-editor.default\">\n\t\t\t\t<div class=\"elementor-widget-container\">\n\t\t\t\t\t\t\t\t\t<p>Depois de conduzir durante v\u00e1rias horas na autoestrada francesa, encontrei finalmente uma \u00e1rea de servi\u00e7o e parei para fazer uma pausa. Nessa altura, puxei do cigarro eletr\u00f3nico JNR Falcon X 18000, escolhi o sabor a pastilha el\u00e1stica de melancia, fumei profundamente e senti-me confort\u00e1vel em todo o lado.<\/p><p>A s\u00e9rio, esta pastilha el\u00e1stica de melancia sabe t\u00e3o bem! A sensa\u00e7\u00e3o refrescante da melancia \u00e9 imediatamente vis\u00edvel, misturada com a do\u00e7ura da pastilha el\u00e1stica, que n\u00e3o \u00e9 nem demasiado gordurosa nem demasiado suave. Numa \u00e1rea de servi\u00e7o como esta, rodeada de condutores cansados e de um ambiente ruidoso, dar uma passa de cigarro faz-me sentir como se tivesse encontrado um lugar calmo.<\/p><p>A vantagem do cigarro eletr\u00f3nico JNR Falcon \u00e9 a longa dura\u00e7\u00e3o da bateria. A bateria de 950 mAh tem uma capacidade de 18.000 baforadas. Fiz toda a viagem de Paris a Lyon sem ter de me preocupar com a falta de cigarros. A sua tecnologia de bobina de malha dupla torna o sabor mais intenso e a resist\u00eancia de 0,6 ohm faz com que o fumo seja grande e suave.<\/p>\t\t\t\t\t\t\t\t<\/div>\n\t\t\t\t<\/div>\n\t\t<div role=\"region\" aria-labelledby=\"e-n-accordion-item-7521\" class=\"elementor-element elementor-element-942ccb0 e-con-full e-flex e-con e-child\" data-id=\"942ccb0\" data-element_type=\"container\" data-e-type=\"container\">\n\t\t<div role=\"region\" aria-labelledby=\"e-n-accordion-item-7521\" class=\"elementor-element elementor-element-d5e4b56 e-con-full e-flex e-con e-child\" data-id=\"d5e4b56\" data-element_type=\"container\" data-e-type=\"container\">\n\t\t\t\t<div class=\"elementor-element elementor-element-381dfcb elementor-widget elementor-widget-image-gallery\" data-id=\"381dfcb\" data-element_type=\"widget\" data-e-type=\"widget\" data-widget_type=\"image-gallery.default\">\n\t\t\t\t<div class=\"elementor-widget-container\">\n\t\t\t\t\t\t\t<div class=\"elementor-image-gallery\">\n\t\t\t<div id='gallery-1' class='gallery galleryid-2127 gallery-columns-1 gallery-size-medium_large'><figure class='gallery-item'>\n\t\t\t<div class='gallery-icon portrait'>\n\t\t\t\t<img fetchpriority=\"high\" decoding=\"async\" width=\"654\" height=\"690\" src=\"https:\/\/puffvapestore.com\/wp-content\/uploads\/2025\/04\/pvajf18000-14.jpg\" class=\"attachment-medium_large size-medium_large\" alt=\"JNR Falcon 18000 Melancia Pastilha el\u00e1stica pvajf18000\" aria-describedby=\"gallery-1-1954\" srcset=\"https:\/\/puffvapestore.com\/wp-content\/uploads\/2025\/04\/pvajf18000-14.jpg 654w, https:\/\/puffvapestore.com\/wp-content\/uploads\/2025\/04\/pvajf18000-14-284x300.jpg 284w, https:\/\/puffvapestore.com\/wp-content\/uploads\/2025\/04\/pvajf18000-14-600x633.jpg 600w\" sizes=\"(max-width: 654px) 100vw, 654px\" \/>\n\t\t\t<\/div>\n\t\t\t\t<figcaption class='wp-caption-text gallery-caption' id='gallery-1-1954'>\n\t\t\t\tJNR Falcon 18000 Melancia Pastilha el\u00e1stica pvajf18000\n\t\t\t\t<\/figcaption><\/figure>\n\t\t<\/div>\n\t\t<\/div>\n\t\t\t\t\t\t<\/div>\n\t\t\t\t<\/div>\n\t\t\t\t<\/div>\n\t\t<div role=\"region\" aria-labelledby=\"e-n-accordion-item-7521\" class=\"elementor-element elementor-element-577deeb e-con-full e-flex e-con e-child\" data-id=\"577deeb\" data-element_type=\"container\" data-e-type=\"container\">\n\t\t\t\t<div class=\"elementor-element elementor-element-5d167cf elementor-widget elementor-widget-text-editor\" data-id=\"5d167cf\" data-element_type=\"widget\" data-e-type=\"widget\" data-widget_type=\"text-editor.default\">\n\t\t\t\t<div class=\"elementor-widget-container\">\n\t\t\t\t\t\t\t\t\t<p>Por vezes, sento-me num caf\u00e9 numa paragem de descanso da autoestrada, observo os carros a entrar e a sair pela janela, ajusto o fluxo de ar e, lentamente, dou algumas passas. A sensa\u00e7\u00e3o de satisfa\u00e7\u00e3o \u00e9 verdadeiramente incompar\u00e1vel com a dos cigarros electr\u00f3nicos normais. O teor de nicotina do 2% \u00e9 suficiente para lhe dar um sabor agrad\u00e1vel sem o deixar tonto.<\/p><p>A carater\u00edstica mais pr\u00e1tica \u00e9 o seu ecr\u00e3 LED, que mostra claramente a quantidade de energia que ainda tem e quantas baforadas j\u00e1 deu. \u00c9 um salva-vidas para pessoas como eu, que se esquecem frequentemente de recarregar. Para al\u00e9m disso, a porta de carregamento Tipo C \u00e9 muito pr\u00e1tica de utilizar. Pode durar muito tempo ap\u00f3s um carregamento de 15-20 minutos numa \u00e1rea de servi\u00e7o.<\/p>\t\t\t\t\t\t\t\t<\/div>\n\t\t\t\t<\/div>\n\t\t\t\t<\/div>\n\t\t\t\t<\/div>\n\t\t<div role=\"region\" aria-labelledby=\"e-n-accordion-item-7521\" class=\"elementor-element elementor-element-7926c6b e-con-full e-flex e-con e-child\" data-id=\"7926c6b\" data-element_type=\"container\" data-e-type=\"container\">\n\t\t\t\t<div class=\"elementor-element elementor-element-2b41948 elementor-widget elementor-widget-text-editor\" data-id=\"2b41948\" data-element_type=\"widget\" data-e-type=\"widget\" data-widget_type=\"text-editor.default\">\n\t\t\t\t<div class=\"elementor-widget-container\">\n\t\t\t\t\t\t\t\t\t<p>Levo sempre esta pastilha el\u00e1stica de melancia comigo nas viagens longas. A capacidade de 24 ml \u00e9 suficiente para a utilizar durante toda a viagem. Para ser sincero, \u00e0s vezes at\u00e9 paro numa \u00e1rea de servi\u00e7o s\u00f3 para fumar uns cigarros. Tornou-se um pequeno ritual nas minhas viagens de carro.<\/p><p>Se gosta de se divertir na estrada como eu, mas n\u00e3o quer que seja muito complicado, vale a pena experimentar o cigarro eletr\u00f3nico JNR Falcon X 18000 Watermelon Bubble Gum. Especialmente nas aborrecidas \u00e1reas de servi\u00e7o das auto-estradas, pode tornar a sua curta paragem mais interessante.<\/p>\t\t\t\t\t\t\t\t<\/div>\n\t\t\t\t<\/div>\n\t\t\t\t<\/div>\n\t\t\t\t\t<\/div>\n\t\t\t\t<\/div>\n\t\t\t\t<\/div>\n\t\t\t\t\t<\/details>\n\t\t\t\t\t<\/div>\n\t\t\t\t\t\t<\/div>\n\t\t\t\t<\/div>\n\t\t\t\t\t<\/div>\n\t\t\t\t<\/div>\n\t\t\t\t<\/div>","protected":false},"excerpt":{"rendered":"<p>Caract\u00e9ristiques du JNR Falcon 18K Watermelon Bubblegum: Bouff\u00e9es : Jusqu\u2019\u00e0 18000 bouff\u00e9es Liquide : 24 ml Taux de nicotine : 0 %, 2 %, 5 % R\u00e9sistance : 0.6 ohm Capacit\u00e9 de la batterie : 950 mAh Chargement : Type-C D\u00e9bit d\u2019air r\u00e9glable : Oui Affichage num\u00e9rique R\u00e9sistance double maille et double c\u0153ur Dimensions : [&hellip;]<\/p>\n","protected":false},"featured_media":1954,"comment_status":"open","ping_status":"closed","template":"","meta":{"site-sidebar-layout":"no-sidebar","site-content-layout":"page-builder","ast-site-content-layout":"normal-width-container","site-content-style":"default","site-sidebar-style":"default","ast-global-header-display":"","ast-banner-title-visibility":"","ast-main-header-display":"","ast-hfb-above-header-display":"","ast-hfb-below-header-display":"","ast-hfb-mobile-header-display":"","site-post-title":"disabled","ast-breadcrumbs-content":"","ast-featured-img":"disabled","footer-sml-layout":"","ast-disable-related-posts":"","theme-transparent-header-meta":"default","adv-header-id-meta":"","stick-header-meta":"default","header-above-stick-meta":"","header-main-stick-meta":"","header-below-stick-meta":"","astra-migrate-meta-layouts":"set","ast-page-background-enabled":"default","ast-page-background-meta":{"desktop":{"background-color":"","background-image":"","background-repeat":"repeat","background-position":"center center","background-size":"auto","background-attachment":"scroll","background-type":"","background-media":"","overlay-type":"","overlay-color":"","overlay-opacity":"","overlay-gradient":""},"tablet":{"background-color":"","background-image":"","background-repeat":"repeat","background-position":"center center","background-size":"auto","background-attachment":"scroll","background-type":"","background-media":"","overlay-type":"","overlay-color":"","overlay-opacity":"","overlay-gradient":""},"mobile":{"background-color":"","background-image":"","background-repeat":"repeat","background-position":"center center","background-size":"auto","background-attachment":"scroll","background-type":"","background-media":"","overlay-type":"","overlay-color":"","overlay-opacity":"","overlay-gradient":""}},"ast-content-background-meta":{"desktop":{"background-color":"var(--ast-global-color-5)","background-image":"","background-repeat":"repeat","background-position":"center center","background-size":"auto","background-attachment":"scroll","background-type":"","background-media":"","overlay-type":"","overlay-color":"","overlay-opacity":"","overlay-gradient":""},"tablet":{"background-color":"var(--ast-global-color-5)","background-image":"","background-repeat":"repeat","background-position":"center center","background-size":"auto","background-attachment":"scroll","background-type":"","background-media":"","overlay-type":"","overlay-color":"","overlay-opacity":"","overlay-gradient":""},"mobile":{"background-color":"var(--ast-global-color-5)","background-image":"","background-repeat":"repeat","background-position":"center center","background-size":"auto","background-attachment":"scroll","background-type":"","background-media":"","overlay-type":"","overlay-color":"","overlay-opacity":"","overlay-gradient":""}}},"product_brand":[30],"product_cat":[40,84,77,35,31],"product_tag":[],"class_list":{"0":"post-2127","1":"product","2":"type-product","3":"status-publish","4":"has-post-thumbnail","6":"product_brand-jnr","7":"product_cat-jnr-18k","8":"product_cat-puff-18k","9":"product_cat-entrepot-de-lue","10":"product_cat-jnr-vape","11":"product_cat-jnr-falcon","12":"desktop-align-center","13":"tablet-align-center","14":"mobile-align-center","15":"ast-product-gallery-layout-horizontal","16":"ast-product-gallery-with-no-image","17":"ast-product-single-variable","18":"ast-product-tabs-layout-horizontal","19":"ast-qv-on-image","21":"first","22":"instock","23":"sale","24":"shipping-taxable","25":"purchasable","26":"product-type-variable","27":"has-default-attributes"},"tiered_pricing_type":"fixed","tiered_pricing_fixed_rules":{"30":10.08,"60":9.28,"100":8.13,"200":7.48,"500":7.28,"1000":6.98},"tiered_pricing_product_settings":{"layout":"default","base_unit_name":{"singular":null,"plural":null},"default_variation":null},"tiered_pricing_minimum_quantity":null,"tiered_pricing_roles_data":[],"tiered_pricing_percentage_rules":[],"_links":{"self":[{"href":"https:\/\/puffvapestore.com\/pt\/wp-json\/wp\/v2\/product\/2127","targetHints":{"allow":["GET"]}}],"collection":[{"href":"https:\/\/puffvapestore.com\/pt\/wp-json\/wp\/v2\/product"}],"about":[{"href":"https:\/\/puffvapestore.com\/pt\/wp-json\/wp\/v2\/types\/product"}],"replies":[{"embeddable":true,"href":"https:\/\/puffvapestore.com\/pt\/wp-json\/wp\/v2\/comments?post=2127"}],"version-history":[{"count":23,"href":"https:\/\/puffvapestore.com\/pt\/wp-json\/wp\/v2\/product\/2127\/revisions"}],"predecessor-version":[{"id":13603,"href":"https:\/\/puffvapestore.com\/pt\/wp-json\/wp\/v2\/product\/2127\/revisions\/13603"}],"wp:featuredmedia":[{"embeddable":true,"href":"https:\/\/puffvapestore.com\/pt\/wp-json\/wp\/v2\/media\/1954"}],"wp:attachment":[{"href":"https:\/\/puffvapestore.com\/pt\/wp-json\/wp\/v2\/media?parent=2127"}],"wp:term":[{"taxonomy":"product_brand","embeddable":true,"href":"https:\/\/puffvapestore.com\/pt\/wp-json\/wp\/v2\/product_brand?post=2127"},{"taxonomy":"product_cat","embeddable":true,"href":"https:\/\/puffvapestore.com\/pt\/wp-json\/wp\/v2\/product_cat?post=2127"},{"taxonomy":"product_tag","embeddable":true,"href":"https:\/\/puffvapestore.com\/pt\/wp-json\/wp\/v2\/product_tag?post=2127"}],"curies":[{"name":"wp","href":"https:\/\/api.w.org\/{rel}","templated":true}]}}