{"id":2078,"date":"2025-04-14T22:15:25","date_gmt":"2025-04-14T22:15:25","guid":{"rendered":"https:\/\/puffvapestore.com\/?post_type=product&#038;p=2078"},"modified":"2026-01-19T10:37:34","modified_gmt":"2026-01-19T10:37:34","slug":"18k-jnr-falcon-vape-cherry-ice","status":"publish","type":"product","link":"https:\/\/puffvapestore.com\/pt\/product\/18k-jnr-falcon-vape-cherry-ice\/","title":{"rendered":"18k JNR Falcon Vape Cherry Ice | JNR Falcon X 18000"},"content":{"rendered":"<div data-elementor-type=\"wp-post\" data-elementor-id=\"2078\" class=\"elementor elementor-2078\">\n\t\t\t\t<div class=\"elementor-element elementor-element-47e2034 e-flex e-con-boxed e-con e-parent\" data-id=\"47e2034\" data-element_type=\"container\" data-e-type=\"container\">\n\t\t\t\t\t<div class=\"e-con-inner\">\n\t\t<div class=\"elementor-element elementor-element-cd4e827 e-con-full e-flex e-con e-child\" data-id=\"cd4e827\" data-element_type=\"container\" data-e-type=\"container\">\n\t\t\t\t<div class=\"elementor-element elementor-element-57aa983 elementor-widget__width-initial elementor-widget elementor-widget-text-editor\" data-id=\"57aa983\" data-element_type=\"widget\" data-e-type=\"widget\" data-widget_type=\"text-editor.default\">\n\t\t\t\t<div class=\"elementor-widget-container\">\n\t\t\t\t\t\t\t\t\t<h2>Carater\u00edsticas do JNR Falcon 18K Cherry Ice:<\/h2><p>Puffs : At\u00e9 18.000 baforadas<br \/>L\u00edquido: 24 ml<br \/>N\u00edveis de nicotina: 0 %, 2 %, 5 %<br \/>Resist\u00eancia: 0,6 ohm<br \/>Capacidade da bateria: 950 mAh<br \/>Carregamento: Tipo C<br \/>Fluxo de ar ajust\u00e1vel: Sim<br \/>Ecr\u00e3 digital<br \/>Dupla malha e dupla resist\u00eancia do n\u00facleo<br \/>Dimens\u00f5es: 53,5 x 32 x 121 mm<\/p>\t\t\t\t\t\t\t\t<\/div>\n\t\t\t\t<\/div>\n\t\t\t\t<\/div>\n\t\t<div class=\"elementor-element elementor-element-7693e43 e-con-full e-flex e-con e-child\" data-id=\"7693e43\" data-element_type=\"container\" data-e-type=\"container\">\n\t\t\t\t<div class=\"elementor-element elementor-element-82cab76 elementor-widget elementor-widget-image-gallery\" data-id=\"82cab76\" data-element_type=\"widget\" data-e-type=\"widget\" data-widget_type=\"image-gallery.default\">\n\t\t\t\t<div class=\"elementor-widget-container\">\n\t\t\t\t\t\t\t<div class=\"elementor-image-gallery\">\n\t\t\t<div id='gallery-1' class='gallery galleryid-2078 gallery-columns-1 gallery-size-medium_large'><figure class='gallery-item'>\n\t\t\t<div class='gallery-icon portrait'>\n\t\t\t\t<img fetchpriority=\"high\" decoding=\"async\" width=\"654\" height=\"690\" src=\"https:\/\/puffvapestore.com\/wp-content\/uploads\/2025\/04\/pvajf18000-17.jpg\" class=\"attachment-medium_large size-medium_large\" alt=\"JNR Falcon 18000 29 sabores dispon\u00edveis pvajf18000\" aria-describedby=\"gallery-1-1957\" srcset=\"https:\/\/puffvapestore.com\/wp-content\/uploads\/2025\/04\/pvajf18000-17.jpg 654w, https:\/\/puffvapestore.com\/wp-content\/uploads\/2025\/04\/pvajf18000-17-284x300.jpg 284w, https:\/\/puffvapestore.com\/wp-content\/uploads\/2025\/04\/pvajf18000-17-600x633.jpg 600w\" sizes=\"(max-width: 654px) 100vw, 654px\" \/>\n\t\t\t<\/div>\n\t\t\t\t<figcaption class='wp-caption-text gallery-caption' id='gallery-1-1957'>\n\t\t\t\tJNR Falcon 18000 29 sabores dispon\u00edveis pvajf18000\n\t\t\t\t<\/figcaption><\/figure>\n\t\t<\/div>\n\t\t<\/div>\n\t\t\t\t\t\t<\/div>\n\t\t\t\t<\/div>\n\t\t\t\t<\/div>\n\t\t\t\t\t<\/div>\n\t\t\t\t<\/div>\n\t\t<div class=\"elementor-element elementor-element-19e44be e-flex e-con-boxed e-con e-parent\" data-id=\"19e44be\" data-element_type=\"container\" data-e-type=\"container\">\n\t\t\t\t\t<div class=\"e-con-inner\">\n\t\t\t\t<div class=\"elementor-element elementor-element-b5d3fb1 elementor-widget elementor-widget-n-accordion\" data-id=\"b5d3fb1\" data-element_type=\"widget\" data-e-type=\"widget\" data-settings=\"{&quot;default_state&quot;:&quot;expanded&quot;,&quot;max_items_expended&quot;:&quot;one&quot;,&quot;n_accordion_animation_duration&quot;:{&quot;unit&quot;:&quot;ms&quot;,&quot;size&quot;:400,&quot;sizes&quot;:[]}}\" data-widget_type=\"nested-accordion.default\">\n\t\t\t\t<div class=\"elementor-widget-container\">\n\t\t\t\t\t\t\t<div class=\"e-n-accordion\" aria-label=\"Acorde\u00e3o. Abrir liga\u00e7\u00f5es com Enter ou Espa\u00e7o, fechar com Escape e navegar com Setas\">\n\t\t\t\t\t\t<details id=\"e-n-accordion-item-1900\" class=\"e-n-accordion-item\" open>\n\t\t\t\t<summary class=\"e-n-accordion-item-title\" data-accordion-index=\"1\" tabindex=\"0\" aria-expanded=\"true\" aria-controls=\"e-n-accordion-item-1900\" >\n\t\t\t\t\t<span class='e-n-accordion-item-title-header'><div class=\"e-n-accordion-item-title-text\"> Carater\u00edsticas e fun\u00e7\u00f5es do JNR Falcon X 18K Cherry Ice <\/div><\/span>\n\t\t\t\t\t\t\t<span class='e-n-accordion-item-title-icon'>\n\t\t\t<span class='e-opened' ><svg aria-hidden=\"true\" class=\"e-font-icon-svg e-fas-minus\" viewbox=\"0 0 448 512\" xmlns=\"http:\/\/www.w3.org\/2000\/svg\"><path d=\"M416 208H32c-17.67 0-32 14.33-32 32v32c0 17.67 14.33 32 32 32h384c17.67 0 32-14.33 32-32v-32c0-17.67-14.33-32-32-32z\"><\/path><\/svg><\/span>\n\t\t\t<span class='e-closed'><svg aria-hidden=\"true\" class=\"e-font-icon-svg e-fas-plus\" viewbox=\"0 0 448 512\" xmlns=\"http:\/\/www.w3.org\/2000\/svg\"><path d=\"M416 208H272V64c0-17.67-14.33-32-32-32h-32c-17.67 0-32 14.33-32 32v144H32c-17.67 0-32 14.33-32 32v32c0 17.67 14.33 32 32 32h144v144c0 17.67 14.33 32 32 32h32c17.67 0 32-14.33 32-32V304h144c17.67 0 32-14.33 32-32v-32c0-17.67-14.33-32-32-32z\"><\/path><\/svg><\/span>\n\t\t<\/span>\n\n\t\t\t\t\t\t<\/summary>\n\t\t\t\t<div role=\"region\" aria-labelledby=\"e-n-accordion-item-1900\" class=\"elementor-element elementor-element-2ec642b e-con-full e-flex e-con e-child\" data-id=\"2ec642b\" data-element_type=\"container\" data-e-type=\"container\">\n\t\t<div role=\"region\" aria-labelledby=\"e-n-accordion-item-1900\" class=\"elementor-element elementor-element-a58d769 e-flex e-con-boxed e-con e-child\" data-id=\"a58d769\" data-element_type=\"container\" data-e-type=\"container\">\n\t\t\t\t\t<div class=\"e-con-inner\">\n\t\t\t\t<div class=\"elementor-element elementor-element-648af64 elementor-widget elementor-widget-text-editor\" data-id=\"648af64\" data-element_type=\"widget\" data-e-type=\"widget\" data-widget_type=\"text-editor.default\">\n\t\t\t\t<div class=\"elementor-widget-container\">\n\t\t\t\t\t\t\t\t\t<h2>Grande capacidade de e-l\u00edquido para uma experi\u00eancia de longa dura\u00e7\u00e3o<\/h2><p>O cigarro eletr\u00f3nico JNR Falcon-X 18K oferece at\u00e9 18.000 baforadas, garantindo uma utiliza\u00e7\u00e3o duradoura sem necessidade de mudar frequentemente de dispositivo. Quer o utilize todos os dias ou em viagem, ir\u00e1 satisfazer as suas necessidades frequentes de e-l\u00edquido, melhorando consideravelmente o seu conforto e comodidade.<\/p><p>A sua grande capacidade de 24 ml de e-l\u00edquido reduz significativamente a necessidade de recargas frequentes, permitindo-lhe desfrutar de uma experi\u00eancia rica e suave durante longos per\u00edodos de tempo. Quer seja um vaper ocasional ou regular, o seu design de longa dura\u00e7\u00e3o significa que n\u00e3o tem de monitorizar constantemente o n\u00edvel do seu e-l\u00edquido.<\/p><h2>V\u00e1rios n\u00edveis de nicotina para se adaptar \u00e0s suas necessidades<\/h2><p>O JNR Falcon-X 18K oferece tr\u00eas n\u00edveis de nicotina: 0 %, 2 % e 5 %, concebidos para se adaptarem \u00e0s suas prefer\u00eancias de sabor e \u00e0s suas necessidades de deixar de fumar. Quer prefira o sabor puro de zero nicotina ou esteja \u00e0 procura de um n\u00edvel moderado de nicotina, encontrar\u00e1 facilmente o n\u00edvel certo para si.<\/p><h2>Ecr\u00e3 digital preciso para informa\u00e7\u00f5es claras num relance<\/h2><p>O JNR Falcon-X 18K possui um ecr\u00e3 digital de alta defini\u00e7\u00e3o que apresenta dados importantes, como a carga da bateria e o n\u00edvel de e-l\u00edquido restante, em tempo real. Isto permite que os utilizadores monitorizem claramente o estado do dispositivo, evitando situa\u00e7\u00f5es embara\u00e7osas como cortes de energia ou falta de e-l\u00edquido. A experi\u00eancia do utilizador \u00e9 melhorada e a gest\u00e3o e manuten\u00e7\u00e3o do dispositivo s\u00e3o simplificadas.<\/p><p>A bateria de i\u00f5es de l\u00edtio de 950 mAh de alta capacidade integrada permite uma utiliza\u00e7\u00e3o prolongada, enquanto a porta de carregamento r\u00e1pido Tipo C torna o carregamento mais eficiente e pr\u00e1tico. Quer seja no trabalho, em viagem ou no dia a dia, a pot\u00eancia \u00e9 constante, eliminando o esfor\u00e7o de um carregamento frequente.<\/p><h2>Fluxo de ar ajust\u00e1vel para uma experi\u00eancia de inala\u00e7\u00e3o personalizada<\/h2><p>O sistema \u00fanico de ajuste do fluxo de ar permite aos utilizadores ajustar a resist\u00eancia \u00e0 inala\u00e7\u00e3o de acordo com as suas prefer\u00eancias. Quer prefira um vapor mais firme ou mais suave, pode ajustar facilmente a resist\u00eancia \u00e0 inala\u00e7\u00e3o para obter a experi\u00eancia de vaporiza\u00e7\u00e3o perfeita para si.<\/p><p>O JNR Falcon-X 18K utiliza uma tecnologia avan\u00e7ada de resist\u00eancias de n\u00facleo duplo de 0,6 ohm, que melhora a efici\u00eancia da atomiza\u00e7\u00e3o e a densidade do vapor, proporcionando um sabor mais rico e completo e uma inala\u00e7\u00e3o mais suave. Cada tragada \u00e9 preenchida com um fumo delicado e suave, satisfazendo as necessidades dos amantes da m\u00fasica.<\/p>\t\t\t\t\t\t\t\t<\/div>\n\t\t\t\t<\/div>\n\t\t\t\t\t<\/div>\n\t\t\t\t<\/div>\n\t\t\t\t<\/div>\n\t\t\t\t\t<\/details>\n\t\t\t\t\t\t<details id=\"e-n-accordion-item-1901\" class=\"e-n-accordion-item\" >\n\t\t\t\t<summary class=\"e-n-accordion-item-title\" data-accordion-index=\"2\" tabindex=\"-1\" aria-expanded=\"false\" aria-controls=\"e-n-accordion-item-1901\" >\n\t\t\t\t\t<span class='e-n-accordion-item-title-header'><div class=\"e-n-accordion-item-title-text\"> Puff Cherry Ice JNR Falcon X 18K <\/div><\/span>\n\t\t\t\t\t\t\t<span class='e-n-accordion-item-title-icon'>\n\t\t\t<span class='e-opened' ><svg aria-hidden=\"true\" class=\"e-font-icon-svg e-fas-minus\" viewbox=\"0 0 448 512\" xmlns=\"http:\/\/www.w3.org\/2000\/svg\"><path d=\"M416 208H32c-17.67 0-32 14.33-32 32v32c0 17.67 14.33 32 32 32h384c17.67 0 32-14.33 32-32v-32c0-17.67-14.33-32-32-32z\"><\/path><\/svg><\/span>\n\t\t\t<span class='e-closed'><svg aria-hidden=\"true\" class=\"e-font-icon-svg e-fas-plus\" viewbox=\"0 0 448 512\" xmlns=\"http:\/\/www.w3.org\/2000\/svg\"><path d=\"M416 208H272V64c0-17.67-14.33-32-32-32h-32c-17.67 0-32 14.33-32 32v144H32c-17.67 0-32 14.33-32 32v32c0 17.67 14.33 32 32 32h144v144c0 17.67 14.33 32 32 32h32c17.67 0 32-14.33 32-32V304h144c17.67 0 32-14.33 32-32v-32c0-17.67-14.33-32-32-32z\"><\/path><\/svg><\/span>\n\t\t<\/span>\n\n\t\t\t\t\t\t<\/summary>\n\t\t\t\t<div role=\"region\" aria-labelledby=\"e-n-accordion-item-1901\" class=\"elementor-element elementor-element-59ad1af e-con-full e-flex e-con e-child\" data-id=\"59ad1af\" data-element_type=\"container\" data-e-type=\"container\">\n\t\t<div role=\"region\" aria-labelledby=\"e-n-accordion-item-1901\" class=\"elementor-element elementor-element-7fae7b4 e-flex e-con-boxed e-con e-child\" data-id=\"7fae7b4\" data-element_type=\"container\" data-e-type=\"container\">\n\t\t\t\t\t<div class=\"e-con-inner\">\n\t\t\t\t<div class=\"elementor-element elementor-element-55fd5fa elementor-widget elementor-widget-text-editor\" data-id=\"55fd5fa\" data-element_type=\"widget\" data-e-type=\"widget\" data-widget_type=\"text-editor.default\">\n\t\t\t\t<div class=\"elementor-widget-container\">\n\t\t\t\t\t\t\t\t\t<h2>Cherry Ice - Cigarro eletr\u00f3nico JNR Falcon X 18000<\/h2><p>De p\u00e9 na plataforma de observa\u00e7\u00e3o nos Alpes franceses, inspirando profundamente o cigarro eletr\u00f3nico Cherry Ice, fui imediatamente conquistado pelo aroma doce da cereja e pela sensa\u00e7\u00e3o de arrefecimento que se seguiu. O sabor JNR Falcon X 18000 Cherry Ice \u00e9 a recompensa perfeita depois de um dia de caminhadas.<\/p><p>O sabor Cherry Ice \u00e9 verdadeiramente especial. Come\u00e7a com uma rica do\u00e7ura de cereja, depois transforma-se lentamente numa refrescante sensa\u00e7\u00e3o de gelo, deixando um agrad\u00e1vel travo na boca. Achei que o design da bobina de malha dupla de 0,6 ohm deste cigarro eletr\u00f3nico era realmente excelente, com uma liberta\u00e7\u00e3o perfeita do sabor e um volume de fumo satisfat\u00f3rio em cada tragada.<\/p>\t\t\t\t\t\t\t\t<\/div>\n\t\t\t\t<\/div>\n\t\t<div role=\"region\" aria-labelledby=\"e-n-accordion-item-1901\" class=\"elementor-element elementor-element-3c1fb34 e-con-full e-flex e-con e-child\" data-id=\"3c1fb34\" data-element_type=\"container\" data-e-type=\"container\">\n\t\t<div role=\"region\" aria-labelledby=\"e-n-accordion-item-1901\" class=\"elementor-element elementor-element-2b9d469 e-con-full e-flex e-con e-child\" data-id=\"2b9d469\" data-element_type=\"container\" data-e-type=\"container\">\n\t\t\t\t<div class=\"elementor-element elementor-element-aa46266 elementor-widget elementor-widget-image-gallery\" data-id=\"aa46266\" data-element_type=\"widget\" data-e-type=\"widget\" data-widget_type=\"image-gallery.default\">\n\t\t\t\t<div class=\"elementor-widget-container\">\n\t\t\t\t\t\t\t<div class=\"elementor-image-gallery\">\n\t\t\t<div id='gallery-1' class='gallery galleryid-2078 gallery-columns-1 gallery-size-medium_large'><figure class='gallery-item'>\n\t\t\t<div class='gallery-icon portrait'>\n\t\t\t\t<img fetchpriority=\"high\" decoding=\"async\" width=\"654\" height=\"690\" src=\"https:\/\/puffvapestore.com\/wp-content\/uploads\/2025\/04\/pvajf18000-17.jpg\" class=\"attachment-medium_large size-medium_large\" alt=\"JNR Falcon 18000 29 sabores dispon\u00edveis pvajf18000\" aria-describedby=\"gallery-1-1957\" srcset=\"https:\/\/puffvapestore.com\/wp-content\/uploads\/2025\/04\/pvajf18000-17.jpg 654w, https:\/\/puffvapestore.com\/wp-content\/uploads\/2025\/04\/pvajf18000-17-284x300.jpg 284w, https:\/\/puffvapestore.com\/wp-content\/uploads\/2025\/04\/pvajf18000-17-600x633.jpg 600w\" sizes=\"(max-width: 654px) 100vw, 654px\" \/>\n\t\t\t<\/div>\n\t\t\t\t<figcaption class='wp-caption-text gallery-caption' id='gallery-1-1957'>\n\t\t\t\tJNR Falcon 18000 29 sabores dispon\u00edveis pvajf18000\n\t\t\t\t<\/figcaption><\/figure>\n\t\t<\/div>\n\t\t<\/div>\n\t\t\t\t\t\t<\/div>\n\t\t\t\t<\/div>\n\t\t\t\t<\/div>\n\t\t<div role=\"region\" aria-labelledby=\"e-n-accordion-item-1901\" class=\"elementor-element elementor-element-d5f00b5 e-con-full e-flex e-con e-child\" data-id=\"d5f00b5\" data-element_type=\"container\" data-e-type=\"container\">\n\t\t\t\t<div class=\"elementor-element elementor-element-b3c274b elementor-widget__width-initial elementor-widget elementor-widget-text-editor\" data-id=\"b3c274b\" data-element_type=\"widget\" data-e-type=\"widget\" data-widget_type=\"text-editor.default\">\n\t\t\t\t<div class=\"elementor-widget-container\">\n\t\t\t\t\t\t\t\t\t<p>Quando estou a descansar no topo da montanha, gosto particularmente de ajustar o fluxo de ar. Por vezes quero um sabor mais forte, outras vezes quero um sabor mais leve. A fun\u00e7\u00e3o de fluxo de ar ajust\u00e1vel do JNR Falcon X \u00e9 muito atenciosa. \u00c9 poss\u00edvel obter diferentes experi\u00eancias de fumo com simples ajustes.<\/p><p>O que mais me surpreendeu foi a durabilidade deste cigarro eletr\u00f3nico. Com uma capacidade de 24 ml de e-l\u00edquido e at\u00e9 18 000 baforadas, n\u00e3o tem de se preocupar com a possibilidade de ficar sem e-l\u00edquido durante a sua excurs\u00e3o de montanhismo. O ecr\u00e3 LED tamb\u00e9m \u00e9 muito pr\u00e1tico. Pode ver a qualquer momento quantas baforadas de cigarro ainda restam e quanta carga de bateria ainda resta, para que n\u00e3o se veja confrontado com a situa\u00e7\u00e3o embara\u00e7osa de ficar subitamente sem energia.<\/p>\t\t\t\t\t\t\t\t<\/div>\n\t\t\t\t<\/div>\n\t\t\t\t<\/div>\n\t\t\t\t<\/div>\n\t\t<div role=\"region\" aria-labelledby=\"e-n-accordion-item-1901\" class=\"elementor-element elementor-element-7926c6b e-con-full e-flex e-con e-child\" data-id=\"7926c6b\" data-element_type=\"container\" data-e-type=\"container\">\n\t\t\t\t<div class=\"elementor-element elementor-element-2b41948 elementor-widget elementor-widget-text-editor\" data-id=\"2b41948\" data-element_type=\"widget\" data-e-type=\"widget\" data-widget_type=\"text-editor.default\">\n\t\t\t\t<div class=\"elementor-widget-container\">\n\t\t\t\t\t\t\t\t\t<p>Quando o sol se p\u00f5e e se est\u00e1 na plataforma de observa\u00e7\u00e3o a admirar as montanhas ao longe, o teor de nicotina de 2 % do Cherry Ice d\u00e1-lhe a quantidade certa de satisfa\u00e7\u00e3o, nem demasiado forte nem demasiado fraca. A bateria de 950 mAh \u00e9 combinada com o carregamento r\u00e1pido do Tipo C, pelo que, mesmo que se esque\u00e7a de a carregar, pode recarreg\u00e1-la rapidamente sem atrasar a sua utiliza\u00e7\u00e3o.<\/p><p>Se, tal como eu, gosta de fumar durante as suas actividades ao ar livre, vale a pena experimentar o JNR Falcon X 18000 Cherry Ice. A combina\u00e7\u00e3o perfeita entre a do\u00e7ura e a frescura das cerejas, aliada \u00e0 beleza da paisagem montanhosa, \u00e9 sem d\u00favida uma experi\u00eancia inesquec\u00edvel.<\/p>\t\t\t\t\t\t\t\t<\/div>\n\t\t\t\t<\/div>\n\t\t\t\t<\/div>\n\t\t\t\t\t<\/div>\n\t\t\t\t<\/div>\n\t\t\t\t<\/div>\n\t\t\t\t\t<\/details>\n\t\t\t\t\t<\/div>\n\t\t\t\t\t\t<\/div>\n\t\t\t\t<\/div>\n\t\t\t\t\t<\/div>\n\t\t\t\t<\/div>\n\t\t\t\t<\/div>","protected":false},"excerpt":{"rendered":"<p>Caract\u00e9ristiques du JNR Falcon 18K Cherry Ice: Bouff\u00e9es : Jusqu\u2019\u00e0 18000 bouff\u00e9es Liquide : 24 ml Taux de nicotine : 0 %, 2 %, 5 % R\u00e9sistance : 0.6 ohm Capacit\u00e9 de la batterie : 950 mAh Chargement : Type-C D\u00e9bit d\u2019air r\u00e9glable : Oui Affichage num\u00e9rique R\u00e9sistance double maille et double c\u0153ur Dimensions : [&hellip;]<\/p>\n","protected":false},"featured_media":1957,"comment_status":"open","ping_status":"closed","template":"","meta":{"site-sidebar-layout":"no-sidebar","site-content-layout":"page-builder","ast-site-content-layout":"normal-width-container","site-content-style":"default","site-sidebar-style":"default","ast-global-header-display":"","ast-banner-title-visibility":"","ast-main-header-display":"","ast-hfb-above-header-display":"","ast-hfb-below-header-display":"","ast-hfb-mobile-header-display":"","site-post-title":"disabled","ast-breadcrumbs-content":"","ast-featured-img":"disabled","footer-sml-layout":"","ast-disable-related-posts":"","theme-transparent-header-meta":"default","adv-header-id-meta":"","stick-header-meta":"default","header-above-stick-meta":"","header-main-stick-meta":"","header-below-stick-meta":"","astra-migrate-meta-layouts":"set","ast-page-background-enabled":"default","ast-page-background-meta":{"desktop":{"background-color":"","background-image":"","background-repeat":"repeat","background-position":"center center","background-size":"auto","background-attachment":"scroll","background-type":"","background-media":"","overlay-type":"","overlay-color":"","overlay-opacity":"","overlay-gradient":""},"tablet":{"background-color":"","background-image":"","background-repeat":"repeat","background-position":"center center","background-size":"auto","background-attachment":"scroll","background-type":"","background-media":"","overlay-type":"","overlay-color":"","overlay-opacity":"","overlay-gradient":""},"mobile":{"background-color":"","background-image":"","background-repeat":"repeat","background-position":"center center","background-size":"auto","background-attachment":"scroll","background-type":"","background-media":"","overlay-type":"","overlay-color":"","overlay-opacity":"","overlay-gradient":""}},"ast-content-background-meta":{"desktop":{"background-color":"var(--ast-global-color-5)","background-image":"","background-repeat":"repeat","background-position":"center center","background-size":"auto","background-attachment":"scroll","background-type":"","background-media":"","overlay-type":"","overlay-color":"","overlay-opacity":"","overlay-gradient":""},"tablet":{"background-color":"var(--ast-global-color-5)","background-image":"","background-repeat":"repeat","background-position":"center center","background-size":"auto","background-attachment":"scroll","background-type":"","background-media":"","overlay-type":"","overlay-color":"","overlay-opacity":"","overlay-gradient":""},"mobile":{"background-color":"var(--ast-global-color-5)","background-image":"","background-repeat":"repeat","background-position":"center center","background-size":"auto","background-attachment":"scroll","background-type":"","background-media":"","overlay-type":"","overlay-color":"","overlay-opacity":"","overlay-gradient":""}}},"product_brand":[30],"product_cat":[40,84,77,35,15],"product_tag":[],"class_list":{"0":"post-2078","1":"product","2":"type-product","3":"status-publish","4":"has-post-thumbnail","6":"product_brand-jnr","7":"product_cat-jnr-18k","8":"product_cat-puff-18k","9":"product_cat-entrepot-de-lue","10":"product_cat-jnr-vape","11":"product_cat-magasin-cigarette-electronique","12":"desktop-align-center","13":"tablet-align-center","14":"mobile-align-center","15":"ast-product-gallery-layout-horizontal","16":"ast-product-gallery-with-no-image","17":"ast-product-single-variable","18":"ast-product-tabs-layout-horizontal","19":"ast-qv-on-image","21":"first","22":"instock","23":"sale","24":"shipping-taxable","25":"purchasable","26":"product-type-variable","27":"has-default-attributes"},"tiered_pricing_type":"fixed","tiered_pricing_fixed_rules":{"30":10.08,"60":9.28,"100":8.13,"200":7.48,"500":7.28,"1000":6.98},"tiered_pricing_product_settings":{"layout":"default","base_unit_name":{"singular":null,"plural":null},"default_variation":null},"tiered_pricing_minimum_quantity":null,"tiered_pricing_roles_data":[],"tiered_pricing_percentage_rules":[],"_links":{"self":[{"href":"https:\/\/puffvapestore.com\/pt\/wp-json\/wp\/v2\/product\/2078","targetHints":{"allow":["GET"]}}],"collection":[{"href":"https:\/\/puffvapestore.com\/pt\/wp-json\/wp\/v2\/product"}],"about":[{"href":"https:\/\/puffvapestore.com\/pt\/wp-json\/wp\/v2\/types\/product"}],"replies":[{"embeddable":true,"href":"https:\/\/puffvapestore.com\/pt\/wp-json\/wp\/v2\/comments?post=2078"}],"version-history":[{"count":22,"href":"https:\/\/puffvapestore.com\/pt\/wp-json\/wp\/v2\/product\/2078\/revisions"}],"predecessor-version":[{"id":13611,"href":"https:\/\/puffvapestore.com\/pt\/wp-json\/wp\/v2\/product\/2078\/revisions\/13611"}],"wp:featuredmedia":[{"embeddable":true,"href":"https:\/\/puffvapestore.com\/pt\/wp-json\/wp\/v2\/media\/1957"}],"wp:attachment":[{"href":"https:\/\/puffvapestore.com\/pt\/wp-json\/wp\/v2\/media?parent=2078"}],"wp:term":[{"taxonomy":"product_brand","embeddable":true,"href":"https:\/\/puffvapestore.com\/pt\/wp-json\/wp\/v2\/product_brand?post=2078"},{"taxonomy":"product_cat","embeddable":true,"href":"https:\/\/puffvapestore.com\/pt\/wp-json\/wp\/v2\/product_cat?post=2078"},{"taxonomy":"product_tag","embeddable":true,"href":"https:\/\/puffvapestore.com\/pt\/wp-json\/wp\/v2\/product_tag?post=2078"}],"curies":[{"name":"wp","href":"https:\/\/api.w.org\/{rel}","templated":true}]}}