{"id":2057,"date":"2025-04-12T17:35:13","date_gmt":"2025-04-12T17:35:13","guid":{"rendered":"https:\/\/puffvapestore.com\/?post_type=product&#038;p=2057"},"modified":"2026-01-19T10:37:34","modified_gmt":"2026-01-19T10:37:34","slug":"18k-puff-jnr-falcon-strawberry-banana","status":"publish","type":"product","link":"https:\/\/puffvapestore.com\/pt\/product\/18k-puff-jnr-falcon-morango-banana\/","title":{"rendered":"Puff 18k JNR Falcon Morango Banana | JNR Falcon X 18000"},"content":{"rendered":"<div data-elementor-type=\"wp-post\" data-elementor-id=\"2057\" class=\"elementor elementor-2057\">\n\t\t\t\t<div class=\"elementor-element elementor-element-636f6ab e-flex e-con-boxed e-con e-parent\" data-id=\"636f6ab\" data-element_type=\"container\" data-e-type=\"container\">\n\t\t\t\t\t<div class=\"e-con-inner\">\n\t\t<div class=\"elementor-element elementor-element-365100d e-con-full e-flex e-con e-child\" data-id=\"365100d\" data-element_type=\"container\" data-e-type=\"container\">\n\t\t\t\t<div class=\"elementor-element elementor-element-2d9356b elementor-widget__width-initial elementor-widget elementor-widget-text-editor\" data-id=\"2d9356b\" data-element_type=\"widget\" data-e-type=\"widget\" data-widget_type=\"text-editor.default\">\n\t\t\t\t<div class=\"elementor-widget-container\">\n\t\t\t\t\t\t\t\t\t<h2>Carater\u00edsticas do JNR Falcon 18K Strawberry Banana:<\/h2><p>Puffs : At\u00e9 18.000 baforadas<br \/>L\u00edquido: 24 ml<br \/>N\u00edveis de nicotina: 0 %, 2 %, 5 %<br \/>Resist\u00eancia: 0,6 ohm<br \/>Capacidade da bateria: 950 mAh<br \/>Carregamento: Tipo C<br \/>Fluxo de ar ajust\u00e1vel: Sim<br \/>Ecr\u00e3 digital<br \/>Dupla malha e dupla resist\u00eancia do n\u00facleo<br \/>Dimens\u00f5es: 53,5 x 32 x 121 mm<\/p>\t\t\t\t\t\t\t\t<\/div>\n\t\t\t\t<\/div>\n\t\t\t\t<\/div>\n\t\t<div class=\"elementor-element elementor-element-1f377d7 e-con-full e-flex e-con e-child\" data-id=\"1f377d7\" data-element_type=\"container\" data-e-type=\"container\">\n\t\t\t\t<div class=\"elementor-element elementor-element-46b9827 elementor-widget elementor-widget-image-gallery\" data-id=\"46b9827\" data-element_type=\"widget\" data-e-type=\"widget\" data-widget_type=\"image-gallery.default\">\n\t\t\t\t<div class=\"elementor-widget-container\">\n\t\t\t\t\t\t\t<div class=\"elementor-image-gallery\">\n\t\t\t<div id='gallery-1' class='gallery galleryid-2057 gallery-columns-1 gallery-size-medium_large'><figure class='gallery-item'>\n\t\t\t<div class='gallery-icon portrait'>\n\t\t\t\t<img fetchpriority=\"high\" decoding=\"async\" width=\"654\" height=\"690\" src=\"https:\/\/puffvapestore.com\/wp-content\/uploads\/2025\/04\/pvajf18000-26.jpg\" class=\"attachment-medium_large size-medium_large\" alt=\"JNR Falcon 18k Morango Banana pvajf18000\" aria-describedby=\"gallery-1-1966\" srcset=\"https:\/\/puffvapestore.com\/wp-content\/uploads\/2025\/04\/pvajf18000-26.jpg 654w, https:\/\/puffvapestore.com\/wp-content\/uploads\/2025\/04\/pvajf18000-26-284x300.jpg 284w, https:\/\/puffvapestore.com\/wp-content\/uploads\/2025\/04\/pvajf18000-26-600x633.jpg 600w\" sizes=\"(max-width: 654px) 100vw, 654px\" \/>\n\t\t\t<\/div>\n\t\t\t\t<figcaption class='wp-caption-text gallery-caption' id='gallery-1-1966'>\n\t\t\t\tJNR Falcon 18k Morango Banana pvajf18000\n\t\t\t\t<\/figcaption><\/figure>\n\t\t<\/div>\n\t\t<\/div>\n\t\t\t\t\t\t<\/div>\n\t\t\t\t<\/div>\n\t\t\t\t<\/div>\n\t\t\t\t\t<\/div>\n\t\t\t\t<\/div>\n\t\t<div class=\"elementor-element elementor-element-764bf92 e-flex e-con-boxed e-con e-parent\" data-id=\"764bf92\" data-element_type=\"container\" data-e-type=\"container\">\n\t\t\t\t\t<div class=\"e-con-inner\">\n\t\t\t\t<div class=\"elementor-element elementor-element-ad0e556 elementor-widget elementor-widget-n-accordion\" data-id=\"ad0e556\" data-element_type=\"widget\" data-e-type=\"widget\" data-settings=\"{&quot;default_state&quot;:&quot;expanded&quot;,&quot;max_items_expended&quot;:&quot;one&quot;,&quot;n_accordion_animation_duration&quot;:{&quot;unit&quot;:&quot;ms&quot;,&quot;size&quot;:400,&quot;sizes&quot;:[]}}\" data-widget_type=\"nested-accordion.default\">\n\t\t\t\t<div class=\"elementor-widget-container\">\n\t\t\t\t\t\t\t<div class=\"e-n-accordion\" aria-label=\"Acorde\u00e3o. Abrir liga\u00e7\u00f5es com Enter ou Espa\u00e7o, fechar com Escape e navegar com Setas\">\n\t\t\t\t\t\t<details id=\"e-n-accordion-item-1810\" class=\"e-n-accordion-item\" open>\n\t\t\t\t<summary class=\"e-n-accordion-item-title\" data-accordion-index=\"1\" tabindex=\"0\" aria-expanded=\"true\" aria-controls=\"e-n-accordion-item-1810\" >\n\t\t\t\t\t<span class='e-n-accordion-item-title-header'><div class=\"e-n-accordion-item-title-text\"> Carater\u00edsticas e fun\u00e7\u00f5es do JNR Falcon X 18K Strawberry Banana <\/div><\/span>\n\t\t\t\t\t\t\t<span class='e-n-accordion-item-title-icon'>\n\t\t\t<span class='e-opened' ><svg aria-hidden=\"true\" class=\"e-font-icon-svg e-fas-minus\" viewbox=\"0 0 448 512\" xmlns=\"http:\/\/www.w3.org\/2000\/svg\"><path d=\"M416 208H32c-17.67 0-32 14.33-32 32v32c0 17.67 14.33 32 32 32h384c17.67 0 32-14.33 32-32v-32c0-17.67-14.33-32-32-32z\"><\/path><\/svg><\/span>\n\t\t\t<span class='e-closed'><svg aria-hidden=\"true\" class=\"e-font-icon-svg e-fas-plus\" viewbox=\"0 0 448 512\" xmlns=\"http:\/\/www.w3.org\/2000\/svg\"><path d=\"M416 208H272V64c0-17.67-14.33-32-32-32h-32c-17.67 0-32 14.33-32 32v144H32c-17.67 0-32 14.33-32 32v32c0 17.67 14.33 32 32 32h144v144c0 17.67 14.33 32 32 32h32c17.67 0 32-14.33 32-32V304h144c17.67 0 32-14.33 32-32v-32c0-17.67-14.33-32-32-32z\"><\/path><\/svg><\/span>\n\t\t<\/span>\n\n\t\t\t\t\t\t<\/summary>\n\t\t\t\t<div role=\"region\" aria-labelledby=\"e-n-accordion-item-1810\" class=\"elementor-element elementor-element-cf5ed42 e-con-full e-flex e-con e-child\" data-id=\"cf5ed42\" data-element_type=\"container\" data-e-type=\"container\">\n\t\t<div role=\"region\" aria-labelledby=\"e-n-accordion-item-1810\" class=\"elementor-element elementor-element-013e3c2 e-flex e-con-boxed e-con e-child\" data-id=\"013e3c2\" data-element_type=\"container\" data-e-type=\"container\">\n\t\t\t\t\t<div class=\"e-con-inner\">\n\t\t\t\t<div class=\"elementor-element elementor-element-d9ace91 elementor-widget elementor-widget-text-editor\" data-id=\"d9ace91\" data-element_type=\"widget\" data-e-type=\"widget\" data-widget_type=\"text-editor.default\">\n\t\t\t\t<div class=\"elementor-widget-container\">\n\t\t\t\t\t\t\t\t\t<h2>Grande capacidade de 24 ml de e-l\u00edquido<\/h2><p>O cigarro eletr\u00f3nico JNR Falcon-X 18K cont\u00e9m 24 ml de e-l\u00edquido de alta qualidade, multiplicando a sua autonomia em rela\u00e7\u00e3o aos cigarros electr\u00f3nicos descart\u00e1veis convencionais. Esta capacidade generosa significa que pode desfrutar de um vapor e sabor duradouros sem ter de recarregar frequentemente ou preocupar-se com a falta de l\u00edquido, o que o torna ideal para viagens longas ou utilizadores intensivos.<\/p><h2>At\u00e9 18.000 baforadas<\/h2><p>Gra\u00e7as ao seu design optimizado das vias respirat\u00f3rias e ao mecanismo de atomiza\u00e7\u00e3o eficiente, o JNR Falcon-X 18K oferece at\u00e9 18.000 baforadas. Um \u00fanico dispositivo \u00e9 equivalente a v\u00e1rios cigarros electr\u00f3nicos descart\u00e1veis convencionais, pelo pre\u00e7o de um, mas com uma vida \u00fatil mais longa.<\/p><p>Com tr\u00eas dosagens de nicotina: 0 %, 2 % e 5 %, pode escolher entre uma vasta gama de op\u00e7\u00f5es sem nicotina, desde leves e sem nicotina at\u00e9 intensas e satisfat\u00f3rias. Quer seja um principiante que procura controlar a sua dosagem ou um vaporizador experiente que procura o derradeiro impulso de nicotina, encontrar\u00e1 a dosagem perfeita.<\/p><p>O JNR Falcon-X 18K possui um design de n\u00facleo duplo de malha dupla de 0,6 ohm para um aquecimento uniforme e uma atomiza\u00e7\u00e3o eficiente, garantindo uma baforada rica e suave repleta de sabores distintos. A estrutura de malha dupla n\u00e3o s\u00f3 melhora o refinamento do sabor, como tamb\u00e9m oferece um volume de vapor mais rico, proporcionando uma experi\u00eancia compar\u00e1vel \u00e0 dos dispositivos topo de gama.<\/p><h2>Autonomia excecional para uma vaporiza\u00e7\u00e3o sem preocupa\u00e7\u00f5es<\/h2><p>O JNR Falcon 18K est\u00e1 equipado com uma bateria de i\u00f5es de l\u00edtio de 950 mAh de alta densidade, fornecendo muita energia para uma utiliza\u00e7\u00e3o prolongada. Gra\u00e7as \u00e0 tecnologia de carregamento r\u00e1pido Tipo C, carrega de forma r\u00e1pida e eficiente, permitindo-lhe passar rapidamente de uma bateria fraca para uma carga completa. Quer esteja em casa, no escrit\u00f3rio ou em movimento, pode vaporizar sem problemas e eliminar as preocupa\u00e7\u00f5es com a bateria.<\/p><p>Um visor digital em miniatura mostra os n\u00edveis da bateria e do e-l\u00edquido em tempo real, dando-lhe visibilidade instant\u00e2nea do estado do dispositivo. Diga adeus \u00e0s frustra\u00e7\u00f5es de uma falha s\u00fabita da bateria ou do e-l\u00edquido e desfrute da paz de esp\u00edrito que adv\u00e9m da vaporiza\u00e7\u00e3o.<\/p><h2>Sistema de caudal de ar regul\u00e1vel<\/h2><p>O JNR Falcon-X 18K est\u00e1 equipado com um regulador de fluxo de ar preciso para ajustar facilmente a resist\u00eancia ao tra\u00e7\u00e3o, permitindo-lhe alternar livremente entre uma tra\u00e7\u00e3o direta suave (DL) e uma tra\u00e7\u00e3o apertada (MTL) para se adequar aos seus h\u00e1bitos de fumo e prefer\u00eancias de sabor.<\/p>\t\t\t\t\t\t\t\t<\/div>\n\t\t\t\t<\/div>\n\t\t\t\t\t<\/div>\n\t\t\t\t<\/div>\n\t\t\t\t<\/div>\n\t\t\t\t\t<\/details>\n\t\t\t\t\t\t<details id=\"e-n-accordion-item-1811\" class=\"e-n-accordion-item\" >\n\t\t\t\t<summary class=\"e-n-accordion-item-title\" data-accordion-index=\"2\" tabindex=\"-1\" aria-expanded=\"false\" aria-controls=\"e-n-accordion-item-1811\" >\n\t\t\t\t\t<span class='e-n-accordion-item-title-header'><div class=\"e-n-accordion-item-title-text\"> Puff Morango Banana JNR Falcon X 18K <\/div><\/span>\n\t\t\t\t\t\t\t<span class='e-n-accordion-item-title-icon'>\n\t\t\t<span class='e-opened' ><svg aria-hidden=\"true\" class=\"e-font-icon-svg e-fas-minus\" viewbox=\"0 0 448 512\" xmlns=\"http:\/\/www.w3.org\/2000\/svg\"><path d=\"M416 208H32c-17.67 0-32 14.33-32 32v32c0 17.67 14.33 32 32 32h384c17.67 0 32-14.33 32-32v-32c0-17.67-14.33-32-32-32z\"><\/path><\/svg><\/span>\n\t\t\t<span class='e-closed'><svg aria-hidden=\"true\" class=\"e-font-icon-svg e-fas-plus\" viewbox=\"0 0 448 512\" xmlns=\"http:\/\/www.w3.org\/2000\/svg\"><path d=\"M416 208H272V64c0-17.67-14.33-32-32-32h-32c-17.67 0-32 14.33-32 32v144H32c-17.67 0-32 14.33-32 32v32c0 17.67 14.33 32 32 32h144v144c0 17.67 14.33 32 32 32h32c17.67 0 32-14.33 32-32V304h144c17.67 0 32-14.33 32-32v-32c0-17.67-14.33-32-32-32z\"><\/path><\/svg><\/span>\n\t\t<\/span>\n\n\t\t\t\t\t\t<\/summary>\n\t\t\t\t<div role=\"region\" aria-labelledby=\"e-n-accordion-item-1811\" class=\"elementor-element elementor-element-d8a05b7 e-con-full e-flex e-con e-child\" data-id=\"d8a05b7\" data-element_type=\"container\" data-e-type=\"container\">\n\t\t<div role=\"region\" aria-labelledby=\"e-n-accordion-item-1811\" class=\"elementor-element elementor-element-d50d64f e-flex e-con-boxed e-con e-child\" data-id=\"d50d64f\" data-element_type=\"container\" data-e-type=\"container\">\n\t\t\t\t\t<div class=\"e-con-inner\">\n\t\t\t\t<div class=\"elementor-element elementor-element-55fd5fa elementor-widget elementor-widget-text-editor\" data-id=\"55fd5fa\" data-element_type=\"widget\" data-e-type=\"widget\" data-widget_type=\"text-editor.default\">\n\t\t\t\t<div class=\"elementor-widget-container\">\n\t\t\t\t\t\t\t\t\t<h2>Banana com morango: uma pausa gourmet para os cavaleiros franceses<\/h2><p>Quando estiver a percorrer o interior de Fran\u00e7a na sua moto, parando de vez em quando para descansar, um bom cigarro eletr\u00f3nico ser\u00e1 um excelente companheiro. O sabor Strawberry Banana do JNR Falcon X 18000 \u00e9 particularmente adequado a estes cen\u00e1rios.<\/p><p>Este sabor \u00e9 uma mistura de do\u00e7ura de morango e do\u00e7ura de banana. Quando se d\u00e1 uma passa enquanto se estaciona o carro para descansar, o cansa\u00e7o \u00e9 imediatamente dilu\u00eddo por este sabor maravilhoso. Reparei que o design da bobina de malha dupla (0,6 \u03a9) deste produto torna os sabores frutados mais intensos e vivos, n\u00e3o t\u00e3o mon\u00f3tonos e aborrecidos como os outros cigarros electr\u00f3nicos.<\/p>\t\t\t\t\t\t\t\t<\/div>\n\t\t\t\t<\/div>\n\t\t<div role=\"region\" aria-labelledby=\"e-n-accordion-item-1811\" class=\"elementor-element elementor-element-3c1fb34 e-con-full e-flex e-con e-child\" data-id=\"3c1fb34\" data-element_type=\"container\" data-e-type=\"container\">\n\t\t<div role=\"region\" aria-labelledby=\"e-n-accordion-item-1811\" class=\"elementor-element elementor-element-2b9d469 e-con-full e-flex e-con e-child\" data-id=\"2b9d469\" data-element_type=\"container\" data-e-type=\"container\">\n\t\t\t\t<div class=\"elementor-element elementor-element-aa46266 elementor-widget elementor-widget-image-gallery\" data-id=\"aa46266\" data-element_type=\"widget\" data-e-type=\"widget\" data-widget_type=\"image-gallery.default\">\n\t\t\t\t<div class=\"elementor-widget-container\">\n\t\t\t\t\t\t\t<div class=\"elementor-image-gallery\">\n\t\t\t<div id='gallery-2' class='gallery galleryid-2057 gallery-columns-1 gallery-size-medium_large'><figure class='gallery-item'>\n\t\t\t<div class='gallery-icon portrait'>\n\t\t\t\t<img decoding=\"async\" width=\"654\" height=\"690\" src=\"https:\/\/puffvapestore.com\/wp-content\/uploads\/2025\/04\/pvajf18000-26.jpg\" class=\"attachment-medium_large size-medium_large\" alt=\"JNR Falcon 18k Morango Banana pvajf18000\" aria-describedby=\"gallery-2-1966\" srcset=\"https:\/\/puffvapestore.com\/wp-content\/uploads\/2025\/04\/pvajf18000-26.jpg 654w, https:\/\/puffvapestore.com\/wp-content\/uploads\/2025\/04\/pvajf18000-26-284x300.jpg 284w, https:\/\/puffvapestore.com\/wp-content\/uploads\/2025\/04\/pvajf18000-26-600x633.jpg 600w\" sizes=\"(max-width: 654px) 100vw, 654px\" \/>\n\t\t\t<\/div>\n\t\t\t\t<figcaption class='wp-caption-text gallery-caption' id='gallery-2-1966'>\n\t\t\t\tJNR Falcon 18k Morango Banana pvajf18000\n\t\t\t\t<\/figcaption><\/figure>\n\t\t<\/div>\n\t\t<\/div>\n\t\t\t\t\t\t<\/div>\n\t\t\t\t<\/div>\n\t\t\t\t<\/div>\n\t\t<div role=\"region\" aria-labelledby=\"e-n-accordion-item-1811\" class=\"elementor-element elementor-element-d5f00b5 e-con-full e-flex e-con e-child\" data-id=\"d5f00b5\" data-element_type=\"container\" data-e-type=\"container\">\n\t\t\t\t<div class=\"elementor-element elementor-element-b3c274b elementor-widget__width-initial elementor-widget elementor-widget-text-editor\" data-id=\"b3c274b\" data-element_type=\"widget\" data-e-type=\"widget\" data-widget_type=\"text-editor.default\">\n\t\t\t\t<div class=\"elementor-widget-container\">\n\t\t\t\t\t\t\t\t\t<p>A bateria de 950 mAh do produto \u00e9 muito potente, pelo que n\u00e3o ter\u00e1 de se preocupar com a possibilidade de ficar sem energia durante um fim de semana inteiro. Gosto particularmente do seu design de fluxo de ar ajust\u00e1vel. Por vezes quero um sabor suave, outras vezes quero um sabor mais forte, e pode ser facilmente ajustado \u00e0s minhas necessidades. Al\u00e9m disso, a porta de carregamento Tipo C \u00e9 muito pr\u00e1tica e pode ser carregada diretamente com um carregador de telem\u00f3vel.<\/p><p>A dura\u00e7\u00e3o da bateria de 18.000 baforadas \u00e9 muito \u00fatil, pelo que n\u00e3o tem de se preocupar com a possibilidade de ficar sem cigarros em viagens longas. O ecr\u00e3 digital mostra claramente a carga restante e a utiliza\u00e7\u00e3o, pelo que n\u00e3o h\u00e1 necessidade de se preocupar com o embara\u00e7o de uma falha de energia s\u00fabita. Experimentei conduzir durante um dia inteiro nos Alpes e este cigarro eletr\u00f3nico de 24 ml foi mais do que suficiente.<\/p>\t\t\t\t\t\t\t\t<\/div>\n\t\t\t\t<\/div>\n\t\t\t\t<\/div>\n\t\t\t\t<\/div>\n\t\t<div role=\"region\" aria-labelledby=\"e-n-accordion-item-1811\" class=\"elementor-element elementor-element-7926c6b e-con-full e-flex e-con e-child\" data-id=\"7926c6b\" data-element_type=\"container\" data-e-type=\"container\">\n\t\t\t\t<div class=\"elementor-element elementor-element-2b41948 elementor-widget elementor-widget-text-editor\" data-id=\"2b41948\" data-element_type=\"widget\" data-e-type=\"widget\" data-widget_type=\"text-editor.default\">\n\t\t\t\t<div class=\"elementor-widget-container\">\n\t\t\t\t\t\t\t\t\t<p>O teor de nicotina do 2% adequa-se perfeitamente a mim, refrescante mas n\u00e3o demasiado estimulante. O sabor de morango e banana \u00e9 particularmente adequado para relaxar ao sol. A frescura da fruta combina com a sensa\u00e7\u00e3o de liberdade que se tem ao andar de bicicleta.<\/p><p>Para aqueles que andam frequentemente de mota, o JNR Falcon X 18000 Strawberry Banana \u00e9 uma boa escolha. \u00c9 pr\u00e1tico, duradouro e tem um sabor \u00f3timo. \u00c9 muito agrad\u00e1vel dar uma passa durante uma pausa na condu\u00e7\u00e3o.<\/p>\t\t\t\t\t\t\t\t<\/div>\n\t\t\t\t<\/div>\n\t\t\t\t<\/div>\n\t\t\t\t\t<\/div>\n\t\t\t\t<\/div>\n\t\t\t\t<\/div>\n\t\t\t\t\t<\/details>\n\t\t\t\t\t<\/div>\n\t\t\t\t\t\t<\/div>\n\t\t\t\t<\/div>\n\t\t\t\t\t<\/div>\n\t\t\t\t<\/div>\n\t\t\t\t<\/div>","protected":false},"excerpt":{"rendered":"<p>Caract\u00e9ristiques du JNR Falcon 18K Strawberry Banana: Bouff\u00e9es : Jusqu\u2019\u00e0 18000 bouff\u00e9es Liquide : 24 ml Taux de nicotine : 0 %, 2 %, 5 % R\u00e9sistance : 0.6 ohm Capacit\u00e9 de la batterie : 950 mAh Chargement : Type-C D\u00e9bit d\u2019air r\u00e9glable : Oui Affichage num\u00e9rique R\u00e9sistance double maille et double c\u0153ur Dimensions : [&hellip;]<\/p>\n","protected":false},"featured_media":1966,"comment_status":"open","ping_status":"closed","template":"","meta":{"site-sidebar-layout":"no-sidebar","site-content-layout":"page-builder","ast-site-content-layout":"normal-width-container","site-content-style":"default","site-sidebar-style":"default","ast-global-header-display":"","ast-banner-title-visibility":"","ast-main-header-display":"","ast-hfb-above-header-display":"","ast-hfb-below-header-display":"","ast-hfb-mobile-header-display":"","site-post-title":"disabled","ast-breadcrumbs-content":"","ast-featured-img":"disabled","footer-sml-layout":"","ast-disable-related-posts":"","theme-transparent-header-meta":"default","adv-header-id-meta":"","stick-header-meta":"default","header-above-stick-meta":"","header-main-stick-meta":"","header-below-stick-meta":"","astra-migrate-meta-layouts":"set","ast-page-background-enabled":"default","ast-page-background-meta":{"desktop":{"background-color":"","background-image":"","background-repeat":"repeat","background-position":"center center","background-size":"auto","background-attachment":"scroll","background-type":"","background-media":"","overlay-type":"","overlay-color":"","overlay-opacity":"","overlay-gradient":""},"tablet":{"background-color":"","background-image":"","background-repeat":"repeat","background-position":"center center","background-size":"auto","background-attachment":"scroll","background-type":"","background-media":"","overlay-type":"","overlay-color":"","overlay-opacity":"","overlay-gradient":""},"mobile":{"background-color":"","background-image":"","background-repeat":"repeat","background-position":"center center","background-size":"auto","background-attachment":"scroll","background-type":"","background-media":"","overlay-type":"","overlay-color":"","overlay-opacity":"","overlay-gradient":""}},"ast-content-background-meta":{"desktop":{"background-color":"var(--ast-global-color-5)","background-image":"","background-repeat":"repeat","background-position":"center center","background-size":"auto","background-attachment":"scroll","background-type":"","background-media":"","overlay-type":"","overlay-color":"","overlay-opacity":"","overlay-gradient":""},"tablet":{"background-color":"var(--ast-global-color-5)","background-image":"","background-repeat":"repeat","background-position":"center center","background-size":"auto","background-attachment":"scroll","background-type":"","background-media":"","overlay-type":"","overlay-color":"","overlay-opacity":"","overlay-gradient":""},"mobile":{"background-color":"var(--ast-global-color-5)","background-image":"","background-repeat":"repeat","background-position":"center center","background-size":"auto","background-attachment":"scroll","background-type":"","background-media":"","overlay-type":"","overlay-color":"","overlay-opacity":"","overlay-gradient":""}}},"product_brand":[30],"product_cat":[40,84,77,34,31],"product_tag":[],"class_list":{"0":"post-2057","1":"product","2":"type-product","3":"status-publish","4":"has-post-thumbnail","6":"product_brand-jnr","7":"product_cat-jnr-18k","8":"product_cat-puff-18k","9":"product_cat-entrepot-de-lue","10":"product_cat-puff-jnr","11":"product_cat-jnr-falcon","12":"desktop-align-center","13":"tablet-align-center","14":"mobile-align-center","15":"ast-product-gallery-layout-horizontal","16":"ast-product-gallery-with-no-image","17":"ast-product-single-variable","18":"ast-product-tabs-layout-horizontal","19":"ast-qv-on-image","21":"first","22":"instock","23":"sale","24":"shipping-taxable","25":"purchasable","26":"product-type-variable","27":"has-default-attributes"},"tiered_pricing_type":"fixed","tiered_pricing_fixed_rules":{"30":10.08,"60":9.28,"100":8.13,"200":7.48,"500":7.28,"1000":6.98},"tiered_pricing_product_settings":{"layout":"default","base_unit_name":{"singular":null,"plural":null},"default_variation":null},"tiered_pricing_minimum_quantity":null,"tiered_pricing_roles_data":[],"tiered_pricing_percentage_rules":[],"_links":{"self":[{"href":"https:\/\/puffvapestore.com\/pt\/wp-json\/wp\/v2\/product\/2057","targetHints":{"allow":["GET"]}}],"collection":[{"href":"https:\/\/puffvapestore.com\/pt\/wp-json\/wp\/v2\/product"}],"about":[{"href":"https:\/\/puffvapestore.com\/pt\/wp-json\/wp\/v2\/types\/product"}],"replies":[{"embeddable":true,"href":"https:\/\/puffvapestore.com\/pt\/wp-json\/wp\/v2\/comments?post=2057"}],"version-history":[{"count":23,"href":"https:\/\/puffvapestore.com\/pt\/wp-json\/wp\/v2\/product\/2057\/revisions"}],"predecessor-version":[{"id":13614,"href":"https:\/\/puffvapestore.com\/pt\/wp-json\/wp\/v2\/product\/2057\/revisions\/13614"}],"wp:featuredmedia":[{"embeddable":true,"href":"https:\/\/puffvapestore.com\/pt\/wp-json\/wp\/v2\/media\/1966"}],"wp:attachment":[{"href":"https:\/\/puffvapestore.com\/pt\/wp-json\/wp\/v2\/media?parent=2057"}],"wp:term":[{"taxonomy":"product_brand","embeddable":true,"href":"https:\/\/puffvapestore.com\/pt\/wp-json\/wp\/v2\/product_brand?post=2057"},{"taxonomy":"product_cat","embeddable":true,"href":"https:\/\/puffvapestore.com\/pt\/wp-json\/wp\/v2\/product_cat?post=2057"},{"taxonomy":"product_tag","embeddable":true,"href":"https:\/\/puffvapestore.com\/pt\/wp-json\/wp\/v2\/product_tag?post=2057"}],"curies":[{"name":"wp","href":"https:\/\/api.w.org\/{rel}","templated":true}]}}