{"id":2043,"date":"2025-04-12T11:00:48","date_gmt":"2025-04-12T11:00:48","guid":{"rendered":"https:\/\/puffvapestore.com\/?post_type=product&#038;p=2043"},"modified":"2026-01-19T10:37:34","modified_gmt":"2026-01-19T10:37:34","slug":"jnr-falcon-18k-puff-mr-blue","status":"publish","type":"product","link":"https:\/\/puffvapestore.com\/pt\/product\/jnr-falcon-18k-puff-mr-blue\/","title":{"rendered":"JNR Falcon 18k Puff Mr. Blue | JNR Falcon X 18000"},"content":{"rendered":"<div data-elementor-type=\"wp-post\" data-elementor-id=\"2043\" class=\"elementor elementor-2043\">\n\t\t\t\t<div class=\"elementor-element elementor-element-be51bd8 e-flex e-con-boxed e-con e-parent\" data-id=\"be51bd8\" data-element_type=\"container\" data-e-type=\"container\">\n\t\t\t\t\t<div class=\"e-con-inner\">\n\t\t<div class=\"elementor-element elementor-element-159e421 e-con-full e-flex e-con e-child\" data-id=\"159e421\" data-element_type=\"container\" data-e-type=\"container\">\n\t\t\t\t<div class=\"elementor-element elementor-element-2d3781e elementor-widget__width-initial elementor-widget elementor-widget-text-editor\" data-id=\"2d3781e\" data-element_type=\"widget\" data-e-type=\"widget\" data-widget_type=\"text-editor.default\">\n\t\t\t\t<div class=\"elementor-widget-container\">\n\t\t\t\t\t\t\t\t\t<h2>Carater\u00edsticas do JNR Falcon 18K Mr. Blue:<\/h2><p>Puffs : At\u00e9 18.000 baforadas<br \/>L\u00edquido: 24 ml<br \/>N\u00edveis de nicotina: 0 %, 2 %, 5 %<br \/>Resist\u00eancia: 0,6 ohm<br \/>Capacidade da bateria: 950 mAh<br \/>Carregamento: Tipo C<br \/>Fluxo de ar ajust\u00e1vel: Sim<br \/>Ecr\u00e3 digital<br \/>Dupla malha e dupla resist\u00eancia do n\u00facleo<br \/>Dimens\u00f5es: 53,5 x 32 x 121 mm<\/p>\t\t\t\t\t\t\t\t<\/div>\n\t\t\t\t<\/div>\n\t\t\t\t<\/div>\n\t\t<div class=\"elementor-element elementor-element-d655e34 e-con-full e-flex e-con e-child\" data-id=\"d655e34\" data-element_type=\"container\" data-e-type=\"container\">\n\t\t\t\t<div class=\"elementor-element elementor-element-c85f8d4 elementor-widget elementor-widget-image-gallery\" data-id=\"c85f8d4\" data-element_type=\"widget\" data-e-type=\"widget\" data-widget_type=\"image-gallery.default\">\n\t\t\t\t<div class=\"elementor-widget-container\">\n\t\t\t\t\t\t\t<div class=\"elementor-image-gallery\">\n\t\t\t<div id='gallery-1' class='gallery galleryid-2043 gallery-columns-1 gallery-size-medium_large'><figure class='gallery-item'>\n\t\t\t<div class='gallery-icon portrait'>\n\t\t\t\t<img fetchpriority=\"high\" decoding=\"async\" width=\"654\" height=\"690\" src=\"https:\/\/puffvapestore.com\/wp-content\/uploads\/2025\/04\/pvajf18000-17.jpg\" class=\"attachment-medium_large size-medium_large\" alt=\"JNR Falcon 18000 29 sabores dispon\u00edveis pvajf18000\" aria-describedby=\"gallery-1-1957\" srcset=\"https:\/\/puffvapestore.com\/wp-content\/uploads\/2025\/04\/pvajf18000-17.jpg 654w, https:\/\/puffvapestore.com\/wp-content\/uploads\/2025\/04\/pvajf18000-17-284x300.jpg 284w, https:\/\/puffvapestore.com\/wp-content\/uploads\/2025\/04\/pvajf18000-17-600x633.jpg 600w\" sizes=\"(max-width: 654px) 100vw, 654px\" \/>\n\t\t\t<\/div>\n\t\t\t\t<figcaption class='wp-caption-text gallery-caption' id='gallery-1-1957'>\n\t\t\t\tJNR Falcon 18000 29 sabores dispon\u00edveis pvajf18000\n\t\t\t\t<\/figcaption><\/figure>\n\t\t<\/div>\n\t\t<\/div>\n\t\t\t\t\t\t<\/div>\n\t\t\t\t<\/div>\n\t\t\t\t<\/div>\n\t\t\t\t\t<\/div>\n\t\t\t\t<\/div>\n\t\t<div class=\"elementor-element elementor-element-7293b5f e-flex e-con-boxed e-con e-parent\" data-id=\"7293b5f\" data-element_type=\"container\" data-e-type=\"container\">\n\t\t\t\t\t<div class=\"e-con-inner\">\n\t\t\t\t<div class=\"elementor-element elementor-element-a872c3d elementor-widget elementor-widget-n-accordion\" data-id=\"a872c3d\" data-element_type=\"widget\" data-e-type=\"widget\" data-settings=\"{&quot;default_state&quot;:&quot;expanded&quot;,&quot;max_items_expended&quot;:&quot;one&quot;,&quot;n_accordion_animation_duration&quot;:{&quot;unit&quot;:&quot;ms&quot;,&quot;size&quot;:400,&quot;sizes&quot;:[]}}\" data-widget_type=\"nested-accordion.default\">\n\t\t\t\t<div class=\"elementor-widget-container\">\n\t\t\t\t\t\t\t<div class=\"e-n-accordion\" aria-label=\"Acorde\u00e3o. Abrir liga\u00e7\u00f5es com Enter ou Espa\u00e7o, fechar com Escape e navegar com Setas\">\n\t\t\t\t\t\t<details id=\"e-n-accordion-item-1760\" class=\"e-n-accordion-item\" open>\n\t\t\t\t<summary class=\"e-n-accordion-item-title\" data-accordion-index=\"1\" tabindex=\"0\" aria-expanded=\"true\" aria-controls=\"e-n-accordion-item-1760\" >\n\t\t\t\t\t<span class='e-n-accordion-item-title-header'><div class=\"e-n-accordion-item-title-text\"> Carater\u00edsticas e fun\u00e7\u00f5es do JNR Falcon X 18K Mr. Blue <\/div><\/span>\n\t\t\t\t\t\t\t<span class='e-n-accordion-item-title-icon'>\n\t\t\t<span class='e-opened' ><svg aria-hidden=\"true\" class=\"e-font-icon-svg e-fas-minus\" viewbox=\"0 0 448 512\" xmlns=\"http:\/\/www.w3.org\/2000\/svg\"><path d=\"M416 208H32c-17.67 0-32 14.33-32 32v32c0 17.67 14.33 32 32 32h384c17.67 0 32-14.33 32-32v-32c0-17.67-14.33-32-32-32z\"><\/path><\/svg><\/span>\n\t\t\t<span class='e-closed'><svg aria-hidden=\"true\" class=\"e-font-icon-svg e-fas-plus\" viewbox=\"0 0 448 512\" xmlns=\"http:\/\/www.w3.org\/2000\/svg\"><path d=\"M416 208H272V64c0-17.67-14.33-32-32-32h-32c-17.67 0-32 14.33-32 32v144H32c-17.67 0-32 14.33-32 32v32c0 17.67 14.33 32 32 32h144v144c0 17.67 14.33 32 32 32h32c17.67 0 32-14.33 32-32V304h144c17.67 0 32-14.33 32-32v-32c0-17.67-14.33-32-32-32z\"><\/path><\/svg><\/span>\n\t\t<\/span>\n\n\t\t\t\t\t\t<\/summary>\n\t\t\t\t<div role=\"region\" aria-labelledby=\"e-n-accordion-item-1760\" class=\"elementor-element elementor-element-24c463c e-con-full e-flex e-con e-child\" data-id=\"24c463c\" data-element_type=\"container\" data-e-type=\"container\">\n\t\t<div role=\"region\" aria-labelledby=\"e-n-accordion-item-1760\" class=\"elementor-element elementor-element-9a4c399 e-flex e-con-boxed e-con e-child\" data-id=\"9a4c399\" data-element_type=\"container\" data-e-type=\"container\">\n\t\t\t\t\t<div class=\"e-con-inner\">\n\t\t\t\t<div class=\"elementor-element elementor-element-8b000a6 elementor-widget elementor-widget-text-editor\" data-id=\"8b000a6\" data-element_type=\"widget\" data-e-type=\"widget\" data-widget_type=\"text-editor.default\">\n\t\t\t\t<div class=\"elementor-widget-container\">\n\t\t\t\t\t\t\t\t\t<h2>Grande capacidade de 24 ml de e-l\u00edquido<\/h2><p>O cigarro eletr\u00f3nico JNR Falcon-X 18K cont\u00e9m 24 ml de e-l\u00edquido de alta qualidade, multiplicando a sua autonomia em rela\u00e7\u00e3o aos cigarros electr\u00f3nicos descart\u00e1veis convencionais. Esta capacidade generosa significa que pode desfrutar de um vapor e sabor duradouros sem ter de recarregar frequentemente ou preocupar-se com a falta de l\u00edquido, o que o torna ideal para viagens longas ou utilizadores intensivos.<\/p><h2>At\u00e9 18.000 baforadas<\/h2><p>Gra\u00e7as ao seu design optimizado das vias respirat\u00f3rias e ao mecanismo de atomiza\u00e7\u00e3o eficiente, o JNR Falcon-X 18K oferece at\u00e9 18.000 baforadas. Um \u00fanico dispositivo \u00e9 equivalente a v\u00e1rios cigarros electr\u00f3nicos descart\u00e1veis convencionais, pelo pre\u00e7o de um, mas com uma vida \u00fatil mais longa.<\/p><p>Com tr\u00eas dosagens de nicotina: 0 %, 2 % e 5 %, pode escolher entre uma vasta gama de op\u00e7\u00f5es sem nicotina, desde leves e sem nicotina at\u00e9 intensas e satisfat\u00f3rias. Quer seja um principiante que procura controlar a sua dosagem ou um vaporizador experiente que procura o derradeiro impulso de nicotina, encontrar\u00e1 a dosagem perfeita.<\/p><p>O JNR Falcon-X 18K possui um design de n\u00facleo duplo de malha dupla de 0,6 ohm para um aquecimento uniforme e uma atomiza\u00e7\u00e3o eficiente, garantindo uma baforada rica e suave repleta de sabores distintos. A estrutura de malha dupla n\u00e3o s\u00f3 melhora o refinamento do sabor, como tamb\u00e9m oferece um volume de vapor mais rico, proporcionando uma experi\u00eancia compar\u00e1vel \u00e0 dos dispositivos topo de gama.<\/p><h2>Autonomia excecional para uma vaporiza\u00e7\u00e3o sem preocupa\u00e7\u00f5es<\/h2><p>O JNR Falcon 18K est\u00e1 equipado com uma bateria de i\u00f5es de l\u00edtio de 950 mAh de alta densidade, fornecendo muita energia para uma utiliza\u00e7\u00e3o prolongada. Gra\u00e7as \u00e0 tecnologia de carregamento r\u00e1pido Tipo C, carrega de forma r\u00e1pida e eficiente, permitindo-lhe passar rapidamente de uma bateria fraca para uma carga completa. Quer esteja em casa, no escrit\u00f3rio ou em movimento, pode vaporizar sem problemas e eliminar as preocupa\u00e7\u00f5es com a bateria.<\/p><p>Um visor digital em miniatura mostra os n\u00edveis da bateria e do e-l\u00edquido em tempo real, dando-lhe visibilidade instant\u00e2nea do estado do dispositivo. Diga adeus \u00e0s frustra\u00e7\u00f5es de uma falha s\u00fabita da bateria ou do e-l\u00edquido e desfrute da paz de esp\u00edrito que adv\u00e9m da vaporiza\u00e7\u00e3o.<\/p><h2>Sistema de caudal de ar regul\u00e1vel<\/h2><p>O JNR Falcon-X 18K est\u00e1 equipado com um regulador de fluxo de ar preciso para ajustar facilmente a resist\u00eancia ao tra\u00e7\u00e3o, permitindo-lhe alternar livremente entre uma tra\u00e7\u00e3o direta suave (DL) e uma tra\u00e7\u00e3o apertada (MTL) para se adequar aos seus h\u00e1bitos de fumo e prefer\u00eancias de sabor.<\/p>\t\t\t\t\t\t\t\t<\/div>\n\t\t\t\t<\/div>\n\t\t\t\t\t<\/div>\n\t\t\t\t<\/div>\n\t\t\t\t<\/div>\n\t\t\t\t\t<\/details>\n\t\t\t\t\t\t<details id=\"e-n-accordion-item-1761\" class=\"e-n-accordion-item\" >\n\t\t\t\t<summary class=\"e-n-accordion-item-title\" data-accordion-index=\"2\" tabindex=\"-1\" aria-expanded=\"false\" aria-controls=\"e-n-accordion-item-1761\" >\n\t\t\t\t\t<span class='e-n-accordion-item-title-header'><div class=\"e-n-accordion-item-title-text\"> Puff Mr. Blue JNR Falcon X 18K <\/div><\/span>\n\t\t\t\t\t\t\t<span class='e-n-accordion-item-title-icon'>\n\t\t\t<span class='e-opened' ><svg aria-hidden=\"true\" class=\"e-font-icon-svg e-fas-minus\" viewbox=\"0 0 448 512\" xmlns=\"http:\/\/www.w3.org\/2000\/svg\"><path d=\"M416 208H32c-17.67 0-32 14.33-32 32v32c0 17.67 14.33 32 32 32h384c17.67 0 32-14.33 32-32v-32c0-17.67-14.33-32-32-32z\"><\/path><\/svg><\/span>\n\t\t\t<span class='e-closed'><svg aria-hidden=\"true\" class=\"e-font-icon-svg e-fas-plus\" viewbox=\"0 0 448 512\" xmlns=\"http:\/\/www.w3.org\/2000\/svg\"><path d=\"M416 208H272V64c0-17.67-14.33-32-32-32h-32c-17.67 0-32 14.33-32 32v144H32c-17.67 0-32 14.33-32 32v32c0 17.67 14.33 32 32 32h144v144c0 17.67 14.33 32 32 32h32c17.67 0 32-14.33 32-32V304h144c17.67 0 32-14.33 32-32v-32c0-17.67-14.33-32-32-32z\"><\/path><\/svg><\/span>\n\t\t<\/span>\n\n\t\t\t\t\t\t<\/summary>\n\t\t\t\t<div role=\"region\" aria-labelledby=\"e-n-accordion-item-1761\" class=\"elementor-element elementor-element-b946a06 e-con-full e-flex e-con e-child\" data-id=\"b946a06\" data-element_type=\"container\" data-e-type=\"container\">\n\t\t<div role=\"region\" aria-labelledby=\"e-n-accordion-item-1761\" class=\"elementor-element elementor-element-fb61cc7 e-flex e-con-boxed e-con e-child\" data-id=\"fb61cc7\" data-element_type=\"container\" data-e-type=\"container\">\n\t\t\t\t\t<div class=\"e-con-inner\">\n\t\t\t\t<div class=\"elementor-element elementor-element-55fd5fa elementor-widget elementor-widget-text-editor\" data-id=\"55fd5fa\" data-element_type=\"widget\" data-e-type=\"widget\" data-widget_type=\"text-editor.default\">\n\t\t\t\t<div class=\"elementor-widget-container\">\n\t\t\t\t\t\t\t\t\t<p>O cigarro eletr\u00f3nico com sabor Mr. Blue JNR Falcon 18000 incorpora a ess\u00eancia da vida francesa em cada tragada.<\/p><p>Imagine-se a acender este cigarro eletr\u00f3nico enquanto faz um piquenique junto a um lago em Fran\u00e7a. O aroma \u00fanico da mistura de mirtilo e menta do Mr Blue desperta imediatamente os seus sentidos. A superf\u00edcie do lago ondula e o sabor deste cigarro de nicotina 2% n\u00e3o \u00e9 nem demasiado forte nem demasiado suave, satisfazendo perfeitamente todas as papilas gustativas da sua boca.<\/p>\t\t\t\t\t\t\t\t<\/div>\n\t\t\t\t<\/div>\n\t\t<div role=\"region\" aria-labelledby=\"e-n-accordion-item-1761\" class=\"elementor-element elementor-element-3c1fb34 e-con-full e-flex e-con e-child\" data-id=\"3c1fb34\" data-element_type=\"container\" data-e-type=\"container\">\n\t\t<div role=\"region\" aria-labelledby=\"e-n-accordion-item-1761\" class=\"elementor-element elementor-element-2b9d469 e-con-full e-flex e-con e-child\" data-id=\"2b9d469\" data-element_type=\"container\" data-e-type=\"container\">\n\t\t\t\t<div class=\"elementor-element elementor-element-aa46266 elementor-widget elementor-widget-image-gallery\" data-id=\"aa46266\" data-element_type=\"widget\" data-e-type=\"widget\" data-widget_type=\"image-gallery.default\">\n\t\t\t\t<div class=\"elementor-widget-container\">\n\t\t\t\t\t\t\t<div class=\"elementor-image-gallery\">\n\t\t\t<div id='gallery-1' class='gallery galleryid-2043 gallery-columns-1 gallery-size-medium_large'><figure class='gallery-item'>\n\t\t\t<div class='gallery-icon portrait'>\n\t\t\t\t<img fetchpriority=\"high\" decoding=\"async\" width=\"654\" height=\"690\" src=\"https:\/\/puffvapestore.com\/wp-content\/uploads\/2025\/04\/pvajf18000-17.jpg\" class=\"attachment-medium_large size-medium_large\" alt=\"JNR Falcon 18000 29 sabores dispon\u00edveis pvajf18000\" aria-describedby=\"gallery-1-1957\" srcset=\"https:\/\/puffvapestore.com\/wp-content\/uploads\/2025\/04\/pvajf18000-17.jpg 654w, https:\/\/puffvapestore.com\/wp-content\/uploads\/2025\/04\/pvajf18000-17-284x300.jpg 284w, https:\/\/puffvapestore.com\/wp-content\/uploads\/2025\/04\/pvajf18000-17-600x633.jpg 600w\" sizes=\"(max-width: 654px) 100vw, 654px\" \/>\n\t\t\t<\/div>\n\t\t\t\t<figcaption class='wp-caption-text gallery-caption' id='gallery-1-1957'>\n\t\t\t\tJNR Falcon 18000 29 sabores dispon\u00edveis pvajf18000\n\t\t\t\t<\/figcaption><\/figure>\n\t\t<\/div>\n\t\t<\/div>\n\t\t\t\t\t\t<\/div>\n\t\t\t\t<\/div>\n\t\t\t\t<\/div>\n\t\t<div role=\"region\" aria-labelledby=\"e-n-accordion-item-1761\" class=\"elementor-element elementor-element-d5f00b5 e-con-full e-flex e-con e-child\" data-id=\"d5f00b5\" data-element_type=\"container\" data-e-type=\"container\">\n\t\t\t\t<div class=\"elementor-element elementor-element-b3c274b elementor-widget__width-initial elementor-widget elementor-widget-text-editor\" data-id=\"b3c274b\" data-element_type=\"widget\" data-e-type=\"widget\" data-widget_type=\"text-editor.default\">\n\t\t\t\t<div class=\"elementor-widget-container\">\n\t\t\t\t\t\t\t\t\t<p>Gra\u00e7as ao design da bobina de malha dupla de 0,6 ohm do JNR Falcon, a liberta\u00e7\u00e3o de aroma do Mr. Blue \u00e9 extremamente consistente e o fumo \u00e9 rico sem ser abafado. Ajustando o controlo do fluxo de ar do dispositivo \u00e0 brisa do lago, a do\u00e7ura dos mirtilos e a frescura da menta ficam perfeitamente equilibradas no paladar, tal como o controlo preciso da qualidade de vida por parte da Fran\u00e7a.<\/p><p>A grande capacidade de 24 ml garante que o seu tempo junto ao lago n\u00e3o ser\u00e1 interrompido pelo reabastecimento do e-l\u00edquido, e as 18 000 baforadas m\u00e1ximas s\u00e3o suficientes para desfrutar de todas as f\u00e9rias. Com uma bateria de 950 mAh e uma porta de carregamento r\u00e1pido Tipo C, n\u00e3o tem de se preocupar com falhas de energia, mesmo durante longas actividades ao ar livre.<\/p>\t\t\t\t\t\t\t\t<\/div>\n\t\t\t\t<\/div>\n\t\t\t\t<\/div>\n\t\t\t\t<\/div>\n\t\t<div role=\"region\" aria-labelledby=\"e-n-accordion-item-1761\" class=\"elementor-element elementor-element-7926c6b e-con-full e-flex e-con e-child\" data-id=\"7926c6b\" data-element_type=\"container\" data-e-type=\"container\">\n\t\t\t\t<div class=\"elementor-element elementor-element-2b41948 elementor-widget elementor-widget-text-editor\" data-id=\"2b41948\" data-element_type=\"widget\" data-e-type=\"widget\" data-widget_type=\"text-editor.default\">\n\t\t\t\t<div class=\"elementor-widget-container\">\n\t\t\t\t\t\t\t\t\t<p>O visor digital mostra claramente a pot\u00eancia restante e os tempos de funcionamento, para que possa verificar o estado do aparelho em qualquer altura. O tamanho compacto de 53,5 \u00d7 32 \u00d7 121 mm \u00e9 ideal para o transporte e cabe facilmente num cesto de piquenique ou num bolso.<\/p><p>O Mr. Blue \u00e9 mais do que um simples sabor; \u00e9 a personifica\u00e7\u00e3o da atitude francesa perante a vida: concentrar-se na qualidade enquanto desfruta do momento. D\u00ea uma passa num piquenique \u00e0 beira do lago e deixe que este cigarro eletr\u00f3nico cuidadosamente misturado seja o final perfeito para o seu banquete sensorial.<\/p>\t\t\t\t\t\t\t\t<\/div>\n\t\t\t\t<\/div>\n\t\t\t\t<\/div>\n\t\t\t\t\t<\/div>\n\t\t\t\t<\/div>\n\t\t\t\t<\/div>\n\t\t\t\t\t<\/details>\n\t\t\t\t\t<\/div>\n\t\t\t\t\t\t<\/div>\n\t\t\t\t<\/div>\n\t\t\t\t\t<\/div>\n\t\t\t\t<\/div>\n\t\t\t\t<\/div>","protected":false},"excerpt":{"rendered":"<p>Caract\u00e9ristiques du JNR Falcon 18K Mr. Blue: Bouff\u00e9es : Jusqu\u2019\u00e0 18000 bouff\u00e9es Liquide : 24 ml Taux de nicotine : 0 %, 2 %, 5 % R\u00e9sistance : 0.6 ohm Capacit\u00e9 de la batterie : 950 mAh Chargement : Type-C D\u00e9bit d\u2019air r\u00e9glable : Oui Affichage num\u00e9rique R\u00e9sistance double maille et double c\u0153ur Dimensions : [&hellip;]<\/p>\n","protected":false},"featured_media":1957,"comment_status":"open","ping_status":"closed","template":"","meta":{"site-sidebar-layout":"no-sidebar","site-content-layout":"page-builder","ast-site-content-layout":"normal-width-container","site-content-style":"default","site-sidebar-style":"default","ast-global-header-display":"","ast-banner-title-visibility":"","ast-main-header-display":"","ast-hfb-above-header-display":"","ast-hfb-below-header-display":"","ast-hfb-mobile-header-display":"","site-post-title":"disabled","ast-breadcrumbs-content":"","ast-featured-img":"disabled","footer-sml-layout":"","ast-disable-related-posts":"","theme-transparent-header-meta":"default","adv-header-id-meta":"","stick-header-meta":"default","header-above-stick-meta":"","header-main-stick-meta":"","header-below-stick-meta":"","astra-migrate-meta-layouts":"set","ast-page-background-enabled":"default","ast-page-background-meta":{"desktop":{"background-color":"","background-image":"","background-repeat":"repeat","background-position":"center center","background-size":"auto","background-attachment":"scroll","background-type":"","background-media":"","overlay-type":"","overlay-color":"","overlay-opacity":"","overlay-gradient":""},"tablet":{"background-color":"","background-image":"","background-repeat":"repeat","background-position":"center center","background-size":"auto","background-attachment":"scroll","background-type":"","background-media":"","overlay-type":"","overlay-color":"","overlay-opacity":"","overlay-gradient":""},"mobile":{"background-color":"","background-image":"","background-repeat":"repeat","background-position":"center center","background-size":"auto","background-attachment":"scroll","background-type":"","background-media":"","overlay-type":"","overlay-color":"","overlay-opacity":"","overlay-gradient":""}},"ast-content-background-meta":{"desktop":{"background-color":"var(--ast-global-color-5)","background-image":"","background-repeat":"repeat","background-position":"center center","background-size":"auto","background-attachment":"scroll","background-type":"","background-media":"","overlay-type":"","overlay-color":"","overlay-opacity":"","overlay-gradient":""},"tablet":{"background-color":"var(--ast-global-color-5)","background-image":"","background-repeat":"repeat","background-position":"center center","background-size":"auto","background-attachment":"scroll","background-type":"","background-media":"","overlay-type":"","overlay-color":"","overlay-opacity":"","overlay-gradient":""},"mobile":{"background-color":"var(--ast-global-color-5)","background-image":"","background-repeat":"repeat","background-position":"center center","background-size":"auto","background-attachment":"scroll","background-type":"","background-media":"","overlay-type":"","overlay-color":"","overlay-opacity":"","overlay-gradient":""}}},"product_brand":[30],"product_cat":[40,84,77,35,31,15],"product_tag":[],"class_list":{"0":"post-2043","1":"product","2":"type-product","3":"status-publish","4":"has-post-thumbnail","6":"product_brand-jnr","7":"product_cat-jnr-18k","8":"product_cat-puff-18k","9":"product_cat-entrepot-de-lue","10":"product_cat-jnr-vape","11":"product_cat-jnr-falcon","12":"product_cat-magasin-cigarette-electronique","13":"desktop-align-center","14":"tablet-align-center","15":"mobile-align-center","16":"ast-product-gallery-layout-horizontal","17":"ast-product-gallery-with-no-image","18":"ast-product-single-variable","19":"ast-product-tabs-layout-horizontal","20":"ast-qv-on-image","22":"first","23":"instock","24":"sale","25":"shipping-taxable","26":"purchasable","27":"product-type-variable","28":"has-default-attributes"},"tiered_pricing_type":"fixed","tiered_pricing_fixed_rules":{"30":10.08,"60":9.28,"100":8.13,"200":7.48,"500":7.28,"1000":6.98},"tiered_pricing_product_settings":{"layout":"default","base_unit_name":{"singular":null,"plural":null},"default_variation":null},"tiered_pricing_minimum_quantity":null,"tiered_pricing_roles_data":[],"tiered_pricing_percentage_rules":[],"_links":{"self":[{"href":"https:\/\/puffvapestore.com\/pt\/wp-json\/wp\/v2\/product\/2043","targetHints":{"allow":["GET"]}}],"collection":[{"href":"https:\/\/puffvapestore.com\/pt\/wp-json\/wp\/v2\/product"}],"about":[{"href":"https:\/\/puffvapestore.com\/pt\/wp-json\/wp\/v2\/types\/product"}],"replies":[{"embeddable":true,"href":"https:\/\/puffvapestore.com\/pt\/wp-json\/wp\/v2\/comments?post=2043"}],"version-history":[{"count":23,"href":"https:\/\/puffvapestore.com\/pt\/wp-json\/wp\/v2\/product\/2043\/revisions"}],"predecessor-version":[{"id":13617,"href":"https:\/\/puffvapestore.com\/pt\/wp-json\/wp\/v2\/product\/2043\/revisions\/13617"}],"wp:featuredmedia":[{"embeddable":true,"href":"https:\/\/puffvapestore.com\/pt\/wp-json\/wp\/v2\/media\/1957"}],"wp:attachment":[{"href":"https:\/\/puffvapestore.com\/pt\/wp-json\/wp\/v2\/media?parent=2043"}],"wp:term":[{"taxonomy":"product_brand","embeddable":true,"href":"https:\/\/puffvapestore.com\/pt\/wp-json\/wp\/v2\/product_brand?post=2043"},{"taxonomy":"product_cat","embeddable":true,"href":"https:\/\/puffvapestore.com\/pt\/wp-json\/wp\/v2\/product_cat?post=2043"},{"taxonomy":"product_tag","embeddable":true,"href":"https:\/\/puffvapestore.com\/pt\/wp-json\/wp\/v2\/product_tag?post=2043"}],"curies":[{"name":"wp","href":"https:\/\/api.w.org\/{rel}","templated":true}]}}