{"id":2036,"date":"2025-04-12T06:51:57","date_gmt":"2025-04-12T06:51:57","guid":{"rendered":"https:\/\/puffvapestore.com\/?post_type=product&#038;p=2036"},"modified":"2026-01-19T10:37:34","modified_gmt":"2026-01-19T10:37:34","slug":"18k-jnr-falcon-vape-cherry-berry","status":"publish","type":"product","link":"https:\/\/puffvapestore.com\/pt\/product\/18k-jnr-falcon-vape-cherry-berry\/","title":{"rendered":"18k JNR Falcon Vape Cherry Berry | JNR Falcon X 18000"},"content":{"rendered":"<div data-elementor-type=\"wp-post\" data-elementor-id=\"2036\" class=\"elementor elementor-2036\">\n\t\t\t\t<div class=\"elementor-element elementor-element-69ed377 e-flex e-con-boxed e-con e-parent\" data-id=\"69ed377\" data-element_type=\"container\" data-e-type=\"container\">\n\t\t\t\t\t<div class=\"e-con-inner\">\n\t\t<div class=\"elementor-element elementor-element-de9e11a e-con-full e-flex e-con e-child\" data-id=\"de9e11a\" data-element_type=\"container\" data-e-type=\"container\">\n\t\t\t\t<div class=\"elementor-element elementor-element-8ed1867 elementor-widget elementor-widget-text-editor\" data-id=\"8ed1867\" data-element_type=\"widget\" data-e-type=\"widget\" data-widget_type=\"text-editor.default\">\n\t\t\t\t<div class=\"elementor-widget-container\">\n\t\t\t\t\t\t\t\t\t<h2>Especifica\u00e7\u00f5es para o JNR Falcon 18K Cherry Berry:<\/h2><p>Puffs : At\u00e9 18.000 baforadas<br \/>L\u00edquido: 24 ml<br \/>N\u00edveis de nicotina: 0 %, 2 %, 5 %<br \/>Resist\u00eancia: 0,6 ohm<br \/>Capacidade da bateria: 950 mAh<br \/>Carregamento: Tipo C<br \/>Fluxo de ar ajust\u00e1vel: Sim<br \/>Ecr\u00e3 digital<br \/>Dupla malha e dupla resist\u00eancia do n\u00facleo<br \/>Dimens\u00f5es: 53,5 x 32 x 121 mm<\/p>\t\t\t\t\t\t\t\t<\/div>\n\t\t\t\t<\/div>\n\t\t\t\t<\/div>\n\t\t<div class=\"elementor-element elementor-element-0c034ab e-con-full e-flex e-con e-child\" data-id=\"0c034ab\" data-element_type=\"container\" data-e-type=\"container\">\n\t\t\t\t<div class=\"elementor-element elementor-element-ecddc2d elementor-widget elementor-widget-image-gallery\" data-id=\"ecddc2d\" data-element_type=\"widget\" data-e-type=\"widget\" data-widget_type=\"image-gallery.default\">\n\t\t\t\t<div class=\"elementor-widget-container\">\n\t\t\t\t\t\t\t<div class=\"elementor-image-gallery\">\n\t\t\t<div id='gallery-1' class='gallery galleryid-2036 gallery-columns-1 gallery-size-medium_large'><figure class='gallery-item'>\n\t\t\t<div class='gallery-icon portrait'>\n\t\t\t\t<img fetchpriority=\"high\" decoding=\"async\" width=\"654\" height=\"690\" src=\"https:\/\/puffvapestore.com\/wp-content\/uploads\/2025\/04\/pvajf18000-29.jpg\" class=\"attachment-medium_large size-medium_large\" alt=\"JNR Falcon 18k Cherry Berry pvajf18000\" aria-describedby=\"gallery-1-1969\" srcset=\"https:\/\/puffvapestore.com\/wp-content\/uploads\/2025\/04\/pvajf18000-29.jpg 654w, https:\/\/puffvapestore.com\/wp-content\/uploads\/2025\/04\/pvajf18000-29-284x300.jpg 284w, https:\/\/puffvapestore.com\/wp-content\/uploads\/2025\/04\/pvajf18000-29-600x633.jpg 600w\" sizes=\"(max-width: 654px) 100vw, 654px\" \/>\n\t\t\t<\/div>\n\t\t\t\t<figcaption class='wp-caption-text gallery-caption' id='gallery-1-1969'>\n\t\t\t\tJNR Falcon 18k Cherry Berry pvajf18000\n\t\t\t\t<\/figcaption><\/figure>\n\t\t<\/div>\n\t\t<\/div>\n\t\t\t\t\t\t<\/div>\n\t\t\t\t<\/div>\n\t\t\t\t<\/div>\n\t\t\t\t\t<\/div>\n\t\t\t\t<\/div>\n\t\t<div class=\"elementor-element elementor-element-752f98a e-flex e-con-boxed e-con e-parent\" data-id=\"752f98a\" data-element_type=\"container\" data-e-type=\"container\">\n\t\t\t\t\t<div class=\"e-con-inner\">\n\t\t\t\t<div class=\"elementor-element elementor-element-215ac61 elementor-widget elementor-widget-n-accordion\" data-id=\"215ac61\" data-element_type=\"widget\" data-e-type=\"widget\" data-settings=\"{&quot;default_state&quot;:&quot;expanded&quot;,&quot;max_items_expended&quot;:&quot;one&quot;,&quot;n_accordion_animation_duration&quot;:{&quot;unit&quot;:&quot;ms&quot;,&quot;size&quot;:400,&quot;sizes&quot;:[]}}\" data-widget_type=\"nested-accordion.default\">\n\t\t\t\t<div class=\"elementor-widget-container\">\n\t\t\t\t\t\t\t<div class=\"e-n-accordion\" aria-label=\"Acorde\u00e3o. Abrir liga\u00e7\u00f5es com Enter ou Espa\u00e7o, fechar com Escape e navegar com Setas\">\n\t\t\t\t\t\t<details id=\"e-n-accordion-item-3490\" class=\"e-n-accordion-item\" open>\n\t\t\t\t<summary class=\"e-n-accordion-item-title\" data-accordion-index=\"1\" tabindex=\"0\" aria-expanded=\"true\" aria-controls=\"e-n-accordion-item-3490\" >\n\t\t\t\t\t<span class='e-n-accordion-item-title-header'><div class=\"e-n-accordion-item-title-text\"> Carater\u00edsticas e fun\u00e7\u00f5es do JNR Falcon X 18K Cherry Berry <\/div><\/span>\n\t\t\t\t\t\t\t<span class='e-n-accordion-item-title-icon'>\n\t\t\t<span class='e-opened' ><svg aria-hidden=\"true\" class=\"e-font-icon-svg e-fas-minus\" viewbox=\"0 0 448 512\" xmlns=\"http:\/\/www.w3.org\/2000\/svg\"><path d=\"M416 208H32c-17.67 0-32 14.33-32 32v32c0 17.67 14.33 32 32 32h384c17.67 0 32-14.33 32-32v-32c0-17.67-14.33-32-32-32z\"><\/path><\/svg><\/span>\n\t\t\t<span class='e-closed'><svg aria-hidden=\"true\" class=\"e-font-icon-svg e-fas-plus\" viewbox=\"0 0 448 512\" xmlns=\"http:\/\/www.w3.org\/2000\/svg\"><path d=\"M416 208H272V64c0-17.67-14.33-32-32-32h-32c-17.67 0-32 14.33-32 32v144H32c-17.67 0-32 14.33-32 32v32c0 17.67 14.33 32 32 32h144v144c0 17.67 14.33 32 32 32h32c17.67 0 32-14.33 32-32V304h144c17.67 0 32-14.33 32-32v-32c0-17.67-14.33-32-32-32z\"><\/path><\/svg><\/span>\n\t\t<\/span>\n\n\t\t\t\t\t\t<\/summary>\n\t\t\t\t<div role=\"region\" aria-labelledby=\"e-n-accordion-item-3490\" class=\"elementor-element elementor-element-001817c e-con-full e-flex e-con e-child\" data-id=\"001817c\" data-element_type=\"container\" data-e-type=\"container\">\n\t\t<div role=\"region\" aria-labelledby=\"e-n-accordion-item-3490\" class=\"elementor-element elementor-element-138fe67 e-flex e-con-boxed e-con e-child\" data-id=\"138fe67\" data-element_type=\"container\" data-e-type=\"container\">\n\t\t\t\t\t<div class=\"e-con-inner\">\n\t\t\t\t<div class=\"elementor-element elementor-element-8cea485 elementor-widget elementor-widget-text-editor\" data-id=\"8cea485\" data-element_type=\"widget\" data-e-type=\"widget\" data-widget_type=\"text-editor.default\">\n\t\t\t\t<div class=\"elementor-widget-container\">\n\t\t\t\t\t\t\t\t\t<h2>Bateria de alta capacidade e dura\u00e7\u00e3o ultra-longa<\/h2><p>O JNR Falcon-X 18K est\u00e1 equipado com uma bateria de i\u00f5es de l\u00edtio de alta densidade de 950 mAh com um sistema de gest\u00e3o de energia optimizado, garantindo uma autonomia alargada a cada carregamento. Mesmo os utilizadores frequentes podem utiliz\u00e1-lo confortavelmente durante todo o dia sem terem de recarregar frequentemente. A porta de carregamento r\u00e1pido Tipo C garante um carregamento r\u00e1pido, fi\u00e1vel e seguro.<\/p><h2>Reservat\u00f3rio grande de 24 ml<\/h2><p>Um \u00fanico JNR Falcon-X 18K oferece at\u00e9 18.000 baforadas, muito mais do que um cigarro eletr\u00f3nico descart\u00e1vel convencional. Quer seja para uso di\u00e1rio ou para longas viagens, este dispositivo oferece uma experi\u00eancia de sabor consistente, eliminando a necessidade de substitui\u00e7\u00f5es frequentes e garantindo um prazer duradouro.<\/p><p>O reservat\u00f3rio de 24 ml permite-lhe utiliz\u00e1-la durante mais tempo. Esta \u00e9 uma vantagem pr\u00e1tica para as pessoas que viajam muito ou que preferem evitar recargas frequentes. O dep\u00f3sito de e-l\u00edquido de grande capacidade tamb\u00e9m reduz o risco de queimadura a seco da resist\u00eancia do atomizador, garantindo um sabor consistente.<\/p><h2>V\u00e1rias dosagens de nicotina<\/h2><p>O JNR Falcon-X 18K oferece tr\u00eas dosagens de nicotina: 0 %, 2 % e 5 %, satisfazendo diferentes necessidades de vaporiza\u00e7\u00e3o, desde um sabor leve sem nicotina at\u00e9 uma forte batida na garganta. Quer seja um vaporizador principiante ou um utilizador experiente \u00e0 procura de uma experi\u00eancia mais satisfat\u00f3ria, encontrar\u00e1 a solu\u00e7\u00e3o de sabor ideal para si.<\/p><h2>Constru\u00e7\u00e3o de malha dupla + n\u00facleo duplo<\/h2><p>O JNR Falcon-X 18K utiliza um sistema de aquecimento de malha dupla com uma resist\u00eancia de n\u00facleo duplo para um aquecimento mais uniforme e um vapor mais refinado. Esta estrutura de malha dupla aquece o e-l\u00edquido de forma uniforme e instant\u00e2nea, minimizando o sobreaquecimento localizado. O design de n\u00facleo duplo garante uma vida \u00fatil mais longa da resist\u00eancia e um perfil de sabor mais consistente. Desfrute de um sabor rico e de um vapor suave em cada tragada.<\/p><p>O JNR Falcon-X 18K possui uma resist\u00eancia de baixo arrastamento de 0,6 ohm, oferecendo o equil\u00edbrio perfeito entre o sabor e o volume de vapor. Este design de baixo arrastamento oferece um maior volume de vapor e uma tra\u00e7\u00e3o mais suave, ideal para inala\u00e7\u00e3o pulmonar direta. Permite tamb\u00e9m um fluxo de ar ajust\u00e1vel para uma inala\u00e7\u00e3o boca-a-boca, oferecendo uma experi\u00eancia mais personalizada.<\/p><h2>Design de fluxo de ar ajust\u00e1vel<\/h2><p>O JNR Falcon-X 18K disp\u00f5e de um sistema de fluxo de ar ajust\u00e1vel, que permite aos utilizadores alternar livremente entre o modo de vapor direto para os pulm\u00f5es e o modo de boca a boca apertado, consoante a sua prefer\u00eancia. Quer prefira uma inala\u00e7\u00e3o suave e arejada ou uma batida rica e concentrada na garganta, pode facilmente encontrar a defini\u00e7\u00e3o mais confort\u00e1vel.<\/p><p>O visor digital de alta defini\u00e7\u00e3o integrado mostra os n\u00edveis da bateria e do e-l\u00edquido em tempo real, para que possa monitorizar claramente o estado do dispositivo num relance, evitando cortes de energia inesperados ou queimaduras secas. A informa\u00e7\u00e3o visual intuitiva garante uma utiliza\u00e7\u00e3o mais segura e sem stress.<\/p><p>Medindo 53,5 \u00d7 32 \u00d7 121 mm, o JNR Falcon-X 18K possui uma bateria e um dep\u00f3sito de alta capacidade, ao mesmo tempo que oferece uma pega confort\u00e1vel e uma grande portabilidade. Quer seja no bolso ou na mala, desliza facilmente para o seu lugar e proporciona uma experi\u00eancia de vapor de alta qualidade onde quer que esteja.<\/p><p>O JNR Falcon-X 18K tem um design elegante com curvas ergon\u00f3micas. O seu tratamento de superf\u00edcie \u00e9 resistente ao desgaste e antiderrapante, para um conforto \u00f3timo. As suas cores minimalistas e de alta qualidade e os seus detalhes meticulosos fazem dele muito mais do que um simples cigarro eletr\u00f3nico: \u00e9 um acess\u00f3rio elegante para levar consigo para onde quer que v\u00e1.<\/p>\t\t\t\t\t\t\t\t<\/div>\n\t\t\t\t<\/div>\n\t\t\t\t\t<\/div>\n\t\t\t\t<\/div>\n\t\t\t\t<\/div>\n\t\t\t\t\t<\/details>\n\t\t\t\t\t\t<details id=\"e-n-accordion-item-3491\" class=\"e-n-accordion-item\" >\n\t\t\t\t<summary class=\"e-n-accordion-item-title\" data-accordion-index=\"2\" tabindex=\"-1\" aria-expanded=\"false\" aria-controls=\"e-n-accordion-item-3491\" >\n\t\t\t\t\t<span class='e-n-accordion-item-title-header'><div class=\"e-n-accordion-item-title-text\"> Puff Cherry Berry JNR Falcon X 18K <\/div><\/span>\n\t\t\t\t\t\t\t<span class='e-n-accordion-item-title-icon'>\n\t\t\t<span class='e-opened' ><svg aria-hidden=\"true\" class=\"e-font-icon-svg e-fas-minus\" viewbox=\"0 0 448 512\" xmlns=\"http:\/\/www.w3.org\/2000\/svg\"><path d=\"M416 208H32c-17.67 0-32 14.33-32 32v32c0 17.67 14.33 32 32 32h384c17.67 0 32-14.33 32-32v-32c0-17.67-14.33-32-32-32z\"><\/path><\/svg><\/span>\n\t\t\t<span class='e-closed'><svg aria-hidden=\"true\" class=\"e-font-icon-svg e-fas-plus\" viewbox=\"0 0 448 512\" xmlns=\"http:\/\/www.w3.org\/2000\/svg\"><path d=\"M416 208H272V64c0-17.67-14.33-32-32-32h-32c-17.67 0-32 14.33-32 32v144H32c-17.67 0-32 14.33-32 32v32c0 17.67 14.33 32 32 32h144v144c0 17.67 14.33 32 32 32h32c17.67 0 32-14.33 32-32V304h144c17.67 0 32-14.33 32-32v-32c0-17.67-14.33-32-32-32z\"><\/path><\/svg><\/span>\n\t\t<\/span>\n\n\t\t\t\t\t\t<\/summary>\n\t\t\t\t<div role=\"region\" aria-labelledby=\"e-n-accordion-item-3491\" class=\"elementor-element elementor-element-0eda4a5 e-con-full e-flex e-con e-child\" data-id=\"0eda4a5\" data-element_type=\"container\" data-e-type=\"container\">\n\t\t<div role=\"region\" aria-labelledby=\"e-n-accordion-item-3491\" class=\"elementor-element elementor-element-e31ce10 e-flex e-con-boxed e-con e-child\" data-id=\"e31ce10\" data-element_type=\"container\" data-e-type=\"container\">\n\t\t\t\t\t<div class=\"e-con-inner\">\n\t\t\t\t<div class=\"elementor-element elementor-element-55fd5fa elementor-widget elementor-widget-text-editor\" data-id=\"55fd5fa\" data-element_type=\"widget\" data-e-type=\"widget\" data-widget_type=\"text-editor.default\">\n\t\t\t\t<div class=\"elementor-widget-container\">\n\t\t\t\t\t\t\t\t\t<h2>Cherry Berry: Uma experi\u00eancia suave nas ruas de Fran\u00e7a<\/h2><p>O sabor Cherry Berry do cigarro eletr\u00f3nico JNR Falcon X 18000 oferece-lhe a combina\u00e7\u00e3o perfeita de romance franc\u00eas e tecnologia moderna. Este sabor combina a do\u00e7ura das cerejas sumarentas com a frescura das bagas silvestres, deixando um travo duradouro em cada tragada.<\/p><p>Nas ruas movimentadas de Paris, os taxistas tiram frequentemente este cigarro eletr\u00f3nico durante as suas pequenas pausas. Encostam-se ao carro e carregam num bot\u00e3o, e o aroma a cerejas e frutos silvestres enche o ar, eliminando o cansa\u00e7o do dia. A do\u00e7ura rica das cerejas invade primeiro o paladar, seguida da ligeira acidez das bagas, um equil\u00edbrio perfeito, tal como as sobremesas requintadas que os franceses adoram.<\/p>\t\t\t\t\t\t\t\t<\/div>\n\t\t\t\t<\/div>\n\t\t<div role=\"region\" aria-labelledby=\"e-n-accordion-item-3491\" class=\"elementor-element elementor-element-942ccb0 e-con-full e-flex e-con e-child\" data-id=\"942ccb0\" data-element_type=\"container\" data-e-type=\"container\">\n\t\t<div role=\"region\" aria-labelledby=\"e-n-accordion-item-3491\" class=\"elementor-element elementor-element-577deeb e-con-full e-flex e-con e-child\" data-id=\"577deeb\" data-element_type=\"container\" data-e-type=\"container\">\n\t\t\t\t<div class=\"elementor-element elementor-element-5d167cf elementor-widget elementor-widget-text-editor\" data-id=\"5d167cf\" data-element_type=\"widget\" data-e-type=\"widget\" data-widget_type=\"text-editor.default\">\n\t\t\t\t<div class=\"elementor-widget-container\">\n\t\t\t\t\t\t\t\t\t<p>O charme do Cherry Berry reside no poderoso suporte t\u00e9cnico do JNR Falcon X. A bobina de malha dupla de 0,6 ohm e o design de n\u00facleo duplo garantem que cada tragada de fumo possa libertar totalmente o sabor, permitindo-lhe experimentar um n\u00edvel de sabor sem precedentes. O teor de nicotina do 2% ajuda a satisfazer as necessidades sem ser demasiado forte, o que \u00e9 particularmente adequado para os consumidores franceses que gostam de saborear a vida.<\/p><p>O sistema de fluxo de ar ajust\u00e1vel \u00e9 outro ponto forte deste produto. Quer um aroma rico a cereja? Reduza o caudal de ar. Procura uma sensa\u00e7\u00e3o refrescante de frutos silvestres? Aumente o fluxo de ar. Esta experi\u00eancia personalizada permite a cada utilizador encontrar o m\u00e9todo de fumar que mais lhe conv\u00e9m.<\/p>\t\t\t\t\t\t\t\t<\/div>\n\t\t\t\t<\/div>\n\t\t\t\t<\/div>\n\t\t<div role=\"region\" aria-labelledby=\"e-n-accordion-item-3491\" class=\"elementor-element elementor-element-d5e4b56 e-con-full e-flex e-con e-child\" data-id=\"d5e4b56\" data-element_type=\"container\" data-e-type=\"container\">\n\t\t\t\t<div class=\"elementor-element elementor-element-381dfcb elementor-widget elementor-widget-image-gallery\" data-id=\"381dfcb\" data-element_type=\"widget\" data-e-type=\"widget\" data-widget_type=\"image-gallery.default\">\n\t\t\t\t<div class=\"elementor-widget-container\">\n\t\t\t\t\t\t\t<div class=\"elementor-image-gallery\">\n\t\t\t<div id='gallery-1' class='gallery galleryid-2036 gallery-columns-1 gallery-size-medium_large'><figure class='gallery-item'>\n\t\t\t<div class='gallery-icon portrait'>\n\t\t\t\t<img fetchpriority=\"high\" decoding=\"async\" width=\"654\" height=\"690\" src=\"https:\/\/puffvapestore.com\/wp-content\/uploads\/2025\/04\/pvajf18000-29.jpg\" class=\"attachment-medium_large size-medium_large\" alt=\"JNR Falcon 18k Cherry Berry pvajf18000\" aria-describedby=\"gallery-1-1969\" srcset=\"https:\/\/puffvapestore.com\/wp-content\/uploads\/2025\/04\/pvajf18000-29.jpg 654w, https:\/\/puffvapestore.com\/wp-content\/uploads\/2025\/04\/pvajf18000-29-284x300.jpg 284w, https:\/\/puffvapestore.com\/wp-content\/uploads\/2025\/04\/pvajf18000-29-600x633.jpg 600w\" sizes=\"(max-width: 654px) 100vw, 654px\" \/>\n\t\t\t<\/div>\n\t\t\t\t<figcaption class='wp-caption-text gallery-caption' id='gallery-1-1969'>\n\t\t\t\tJNR Falcon 18k Cherry Berry pvajf18000\n\t\t\t\t<\/figcaption><\/figure>\n\t\t<\/div>\n\t\t<\/div>\n\t\t\t\t\t\t<\/div>\n\t\t\t\t<\/div>\n\t\t\t\t<\/div>\n\t\t\t\t<\/div>\n\t\t<div role=\"region\" aria-labelledby=\"e-n-accordion-item-3491\" class=\"elementor-element elementor-element-3c1fb34 e-con-full e-flex e-con e-child\" data-id=\"3c1fb34\" data-element_type=\"container\" data-e-type=\"container\">\n\t\t<div role=\"region\" aria-labelledby=\"e-n-accordion-item-3491\" class=\"elementor-element elementor-element-2b9d469 e-con-full e-flex e-con e-child\" data-id=\"2b9d469\" data-element_type=\"container\" data-e-type=\"container\">\n\t\t\t\t<div class=\"elementor-element elementor-element-aa46266 elementor-widget elementor-widget-image-gallery\" data-id=\"aa46266\" data-element_type=\"widget\" data-e-type=\"widget\" data-widget_type=\"image-gallery.default\">\n\t\t\t\t<div class=\"elementor-widget-container\">\n\t\t\t\t\t\t\t<div class=\"elementor-image-gallery\">\n\t\t\t<div id='gallery-2' class='gallery galleryid-2036 gallery-columns-1 gallery-size-medium_large'><figure class='gallery-item'>\n\t\t\t<div class='gallery-icon portrait'>\n\t\t\t\t<img decoding=\"async\" width=\"654\" height=\"690\" src=\"https:\/\/puffvapestore.com\/wp-content\/uploads\/2025\/04\/pvajf18000-29.jpg\" class=\"attachment-medium_large size-medium_large\" alt=\"JNR Falcon 18k Cherry Berry pvajf18000\" aria-describedby=\"gallery-2-1969\" srcset=\"https:\/\/puffvapestore.com\/wp-content\/uploads\/2025\/04\/pvajf18000-29.jpg 654w, https:\/\/puffvapestore.com\/wp-content\/uploads\/2025\/04\/pvajf18000-29-284x300.jpg 284w, https:\/\/puffvapestore.com\/wp-content\/uploads\/2025\/04\/pvajf18000-29-600x633.jpg 600w\" sizes=\"(max-width: 654px) 100vw, 654px\" \/>\n\t\t\t<\/div>\n\t\t\t\t<figcaption class='wp-caption-text gallery-caption' id='gallery-2-1969'>\n\t\t\t\tJNR Falcon 18k Cherry Berry pvajf18000\n\t\t\t\t<\/figcaption><\/figure>\n\t\t<\/div>\n\t\t<\/div>\n\t\t\t\t\t\t<\/div>\n\t\t\t\t<\/div>\n\t\t\t\t<\/div>\n\t\t<div role=\"region\" aria-labelledby=\"e-n-accordion-item-3491\" class=\"elementor-element elementor-element-d5f00b5 e-con-full e-flex e-con e-child\" data-id=\"d5f00b5\" data-element_type=\"container\" data-e-type=\"container\">\n\t\t\t\t<div class=\"elementor-element elementor-element-b3c274b elementor-widget__width-initial elementor-widget elementor-widget-text-editor\" data-id=\"b3c274b\" data-element_type=\"widget\" data-e-type=\"widget\" data-widget_type=\"text-editor.default\">\n\t\t\t\t<div class=\"elementor-widget-container\">\n\t\t\t\t\t\t\t\t\t<p>A bateria de 950 mAh de alta capacidade combinada com o carregamento r\u00e1pido do Tipo C garante que n\u00e3o ser\u00e1 incomodado pelo baixo consumo de energia durante um longo dia em Paris. O ecr\u00e3 digital mostra claramente o n\u00famero de baforadas restantes e o estado da bateria, tornando a utiliza\u00e7\u00e3o mais intuitiva. O desempenho de longa dura\u00e7\u00e3o de at\u00e9 18.000 baforadas \u00e9 suficiente para durar semanas.<\/p><p>O seu design leve (apenas 53,5 \u00d7 32 \u00d7 121 mm) torna-o f\u00e1cil de colocar no bolso ou na mala e de desfrutar em qualquer altura e em qualquer lugar. A fus\u00e3o perfeita de cerejas e frutos silvestres tornou-se uma escolha di\u00e1ria de relaxamento para muitas pessoas em Fran\u00e7a, um pa\u00eds que d\u00e1 grande import\u00e2ncia \u00e0 qualidade de vida.<\/p>\t\t\t\t\t\t\t\t<\/div>\n\t\t\t\t<\/div>\n\t\t\t\t<\/div>\n\t\t\t\t<\/div>\n\t\t<div role=\"region\" aria-labelledby=\"e-n-accordion-item-3491\" class=\"elementor-element elementor-element-7926c6b e-con-full e-flex e-con e-child\" data-id=\"7926c6b\" data-element_type=\"container\" data-e-type=\"container\">\n\t\t\t\t<div class=\"elementor-element elementor-element-2b41948 elementor-widget elementor-widget-text-editor\" data-id=\"2b41948\" data-element_type=\"widget\" data-e-type=\"widget\" data-widget_type=\"text-editor.default\">\n\t\t\t\t<div class=\"elementor-widget-container\">\n\t\t\t\t\t\t\t\t\t<p>Quer se trate de uma pequena pausa entre duas horas de trabalho ou de um momento de conv\u00edvio com os amigos, o Cherry Berry pode proporcionar o prazer a que os franceses chamam \u00abpetit bonheur\u00bb. N\u00e3o se trata apenas de um cigarro eletr\u00f3nico, \u00e9 tamb\u00e9m um reflexo da nossa atitude perante a vida: procurar a qualidade e desfrutar do momento.<\/p><p>JNR Falcon X 18000 Cherry Berry utiliza a tecnologia para criar uma fragr\u00e2ncia doce que lhe permite experimentar o romance franc\u00eas com as suas papilas gustativas.<\/p>\t\t\t\t\t\t\t\t<\/div>\n\t\t\t\t<\/div>\n\t\t\t\t<\/div>\n\t\t\t\t\t<\/div>\n\t\t\t\t<\/div>\n\t\t\t\t<\/div>\n\t\t\t\t\t<\/details>\n\t\t\t\t\t<\/div>\n\t\t\t\t\t\t<\/div>\n\t\t\t\t<\/div>\n\t\t\t\t\t<\/div>\n\t\t\t\t<\/div>\n\t\t\t\t<\/div>","protected":false},"excerpt":{"rendered":"<p>Caract\u00e9ristiques du JNR Falcon 18K Cherry Berry: Bouff\u00e9es : Jusqu\u2019\u00e0 18000 bouff\u00e9es Liquide : 24 ml Taux de nicotine : 0 %, 2 %, 5 % R\u00e9sistance : 0.6 ohm Capacit\u00e9 de la batterie : 950 mAh Chargement : Type-C D\u00e9bit d\u2019air r\u00e9glable : Oui Affichage num\u00e9rique R\u00e9sistance double maille et double c\u0153ur Dimensions : [&hellip;]<\/p>\n","protected":false},"featured_media":1969,"comment_status":"open","ping_status":"closed","template":"","meta":{"site-sidebar-layout":"no-sidebar","site-content-layout":"page-builder","ast-site-content-layout":"normal-width-container","site-content-style":"default","site-sidebar-style":"default","ast-global-header-display":"","ast-banner-title-visibility":"","ast-main-header-display":"","ast-hfb-above-header-display":"","ast-hfb-below-header-display":"","ast-hfb-mobile-header-display":"","site-post-title":"disabled","ast-breadcrumbs-content":"","ast-featured-img":"disabled","footer-sml-layout":"","ast-disable-related-posts":"","theme-transparent-header-meta":"default","adv-header-id-meta":"","stick-header-meta":"default","header-above-stick-meta":"","header-main-stick-meta":"","header-below-stick-meta":"","astra-migrate-meta-layouts":"set","ast-page-background-enabled":"default","ast-page-background-meta":{"desktop":{"background-color":"","background-image":"","background-repeat":"repeat","background-position":"center center","background-size":"auto","background-attachment":"scroll","background-type":"","background-media":"","overlay-type":"","overlay-color":"","overlay-opacity":"","overlay-gradient":""},"tablet":{"background-color":"","background-image":"","background-repeat":"repeat","background-position":"center center","background-size":"auto","background-attachment":"scroll","background-type":"","background-media":"","overlay-type":"","overlay-color":"","overlay-opacity":"","overlay-gradient":""},"mobile":{"background-color":"","background-image":"","background-repeat":"repeat","background-position":"center center","background-size":"auto","background-attachment":"scroll","background-type":"","background-media":"","overlay-type":"","overlay-color":"","overlay-opacity":"","overlay-gradient":""}},"ast-content-background-meta":{"desktop":{"background-color":"var(--ast-global-color-5)","background-image":"","background-repeat":"repeat","background-position":"center center","background-size":"auto","background-attachment":"scroll","background-type":"","background-media":"","overlay-type":"","overlay-color":"","overlay-opacity":"","overlay-gradient":""},"tablet":{"background-color":"var(--ast-global-color-5)","background-image":"","background-repeat":"repeat","background-position":"center center","background-size":"auto","background-attachment":"scroll","background-type":"","background-media":"","overlay-type":"","overlay-color":"","overlay-opacity":"","overlay-gradient":""},"mobile":{"background-color":"var(--ast-global-color-5)","background-image":"","background-repeat":"repeat","background-position":"center center","background-size":"auto","background-attachment":"scroll","background-type":"","background-media":"","overlay-type":"","overlay-color":"","overlay-opacity":"","overlay-gradient":""}}},"product_brand":[30],"product_cat":[40,84,77,34,35],"product_tag":[],"class_list":{"0":"post-2036","1":"product","2":"type-product","3":"status-publish","4":"has-post-thumbnail","6":"product_brand-jnr","7":"product_cat-jnr-18k","8":"product_cat-puff-18k","9":"product_cat-entrepot-de-lue","10":"product_cat-puff-jnr","11":"product_cat-jnr-vape","12":"desktop-align-center","13":"tablet-align-center","14":"mobile-align-center","15":"ast-product-gallery-layout-horizontal","16":"ast-product-gallery-with-no-image","17":"ast-product-single-variable","18":"ast-product-tabs-layout-horizontal","19":"ast-qv-on-image","21":"first","22":"instock","23":"sale","24":"shipping-taxable","25":"purchasable","26":"product-type-variable","27":"has-default-attributes"},"tiered_pricing_type":"fixed","tiered_pricing_fixed_rules":{"30":10.08,"60":9.28,"100":8.13,"200":7.48,"500":7.28,"1000":6.98},"tiered_pricing_product_settings":{"layout":"default","base_unit_name":{"singular":null,"plural":null},"default_variation":null},"tiered_pricing_minimum_quantity":null,"tiered_pricing_roles_data":[],"tiered_pricing_percentage_rules":[],"_links":{"self":[{"href":"https:\/\/puffvapestore.com\/pt\/wp-json\/wp\/v2\/product\/2036","targetHints":{"allow":["GET"]}}],"collection":[{"href":"https:\/\/puffvapestore.com\/pt\/wp-json\/wp\/v2\/product"}],"about":[{"href":"https:\/\/puffvapestore.com\/pt\/wp-json\/wp\/v2\/types\/product"}],"replies":[{"embeddable":true,"href":"https:\/\/puffvapestore.com\/pt\/wp-json\/wp\/v2\/comments?post=2036"}],"version-history":[{"count":23,"href":"https:\/\/puffvapestore.com\/pt\/wp-json\/wp\/v2\/product\/2036\/revisions"}],"predecessor-version":[{"id":13619,"href":"https:\/\/puffvapestore.com\/pt\/wp-json\/wp\/v2\/product\/2036\/revisions\/13619"}],"wp:featuredmedia":[{"embeddable":true,"href":"https:\/\/puffvapestore.com\/pt\/wp-json\/wp\/v2\/media\/1969"}],"wp:attachment":[{"href":"https:\/\/puffvapestore.com\/pt\/wp-json\/wp\/v2\/media?parent=2036"}],"wp:term":[{"taxonomy":"product_brand","embeddable":true,"href":"https:\/\/puffvapestore.com\/pt\/wp-json\/wp\/v2\/product_brand?post=2036"},{"taxonomy":"product_cat","embeddable":true,"href":"https:\/\/puffvapestore.com\/pt\/wp-json\/wp\/v2\/product_cat?post=2036"},{"taxonomy":"product_tag","embeddable":true,"href":"https:\/\/puffvapestore.com\/pt\/wp-json\/wp\/v2\/product_tag?post=2036"}],"curies":[{"name":"wp","href":"https:\/\/api.w.org\/{rel}","templated":true}]}}