{"id":1840,"date":"2025-03-28T13:25:09","date_gmt":"2025-03-28T13:25:09","guid":{"rendered":"https:\/\/puffvapestore.com\/?post_type=product&#038;p=1840"},"modified":"2026-04-20T11:03:41","modified_gmt":"2026-04-20T11:03:41","slug":"puff-jnr-falcon-16000-watermelon-bubblegum","status":"publish","type":"product","link":"https:\/\/puffvapestore.com\/pt\/product\/puff-jnr-falcon-16000-melancia-bubblegum\/","title":{"rendered":"Puff JNR Falcon 16000 Pastilha el\u00e1stica de melancia"},"content":{"rendered":"<div data-elementor-type=\"wp-post\" data-elementor-id=\"1840\" class=\"elementor elementor-1840\">\n\t\t\t\t<div class=\"elementor-element elementor-element-824a998 e-flex e-con-boxed e-con e-parent\" data-id=\"824a998\" data-element_type=\"container\" data-e-type=\"container\">\n\t\t\t\t\t<div class=\"e-con-inner\">\n\t\t\t\t<div class=\"elementor-element elementor-element-55fd5fa elementor-widget elementor-widget-text-editor\" data-id=\"55fd5fa\" data-element_type=\"widget\" data-e-type=\"widget\" data-widget_type=\"text-editor.default\">\n\t\t\t\t<div class=\"elementor-widget-container\">\n\t\t\t\t\t\t\t\t\t<h2>Puff JNR Falcon 16000 Pastilha el\u00e1stica de melancia<\/h2><p>Em Fran\u00e7a, o cigarro eletr\u00f3nico n\u00e3o \u00e9 apenas uma alternativa para deixar de fumar, mas tamb\u00e9m um estilo, uma atitude e uma aventura gustativa. Visitar <strong>Sabor a pastilha el\u00e1stica de melancia de JNR Falcon 16000<\/strong> \u00e9 o exemplo perfeito desta aventura. N\u00e3o se trata apenas de um cigarro eletr\u00f3nico, \u00e9 uma viagem no tempo do sabor. Uma baforada de fumo leva-o de volta \u00e0 sua inf\u00e2ncia despreocupada, e uma baforada de fumo mergulha-o nas doces mem\u00f3rias das tardes de ver\u00e3o.<\/p>\t\t\t\t\t\t\t\t<\/div>\n\t\t\t\t<\/div>\n\t\t\t\t\t<\/div>\n\t\t\t\t<\/div>\n\t\t<div class=\"elementor-element elementor-element-942ccb0 e-flex e-con-boxed e-con e-parent\" data-id=\"942ccb0\" data-element_type=\"container\" data-e-type=\"container\">\n\t\t\t\t\t<div class=\"e-con-inner\">\n\t\t<div class=\"elementor-element elementor-element-577deeb e-con-full e-flex e-con e-child\" data-id=\"577deeb\" data-element_type=\"container\" data-e-type=\"container\">\n\t\t\t\t<div class=\"elementor-element elementor-element-5d167cf elementor-widget elementor-widget-text-editor\" data-id=\"5d167cf\" data-element_type=\"widget\" data-e-type=\"widget\" data-widget_type=\"text-editor.default\">\n\t\t\t\t<div class=\"elementor-widget-container\">\n\t\t\t\t\t\t\t\t\t<h2>Detalhes de JNR Falcon 16000 Watermelon Bubblegum<\/h2><p>Puffs : At\u00e9 16.000 baforadas<br \/>L\u00edquido: 22 ml<br \/>N\u00edveis de nicotina: 0 %, 2 %, 5 %<br \/>Resist\u00eancia: 1,0 ohm<br \/>Capacidade da bateria: 850 mAh<br \/>Carregamento: Tipo C<br \/>Dupla malha e dupla resist\u00eancia do n\u00facleo<br \/>Dimens\u00f5es: 53,5 x 32 x 110 mm<\/p>\t\t\t\t\t\t\t\t<\/div>\n\t\t\t\t<\/div>\n\t\t\t\t<\/div>\n\t\t<div class=\"elementor-element elementor-element-d5e4b56 e-con-full e-flex e-con e-child\" data-id=\"d5e4b56\" data-element_type=\"container\" data-e-type=\"container\">\n\t\t\t\t<div class=\"elementor-element elementor-element-381dfcb elementor-widget elementor-widget-image-gallery\" data-id=\"381dfcb\" data-element_type=\"widget\" data-e-type=\"widget\" data-widget_type=\"image-gallery.default\">\n\t\t\t\t<div class=\"elementor-widget-container\">\n\t\t\t\t\t\t\t<div class=\"elementor-image-gallery\">\n\t\t\t<div id='gallery-1' class='gallery galleryid-1840 gallery-columns-1 gallery-size-medium_large'><figure class='gallery-item'>\n\t\t\t<div class='gallery-icon portrait'>\n\t\t\t\t<img fetchpriority=\"high\" decoding=\"async\" width=\"654\" height=\"690\" src=\"https:\/\/puffvapestore.com\/wp-content\/uploads\/2025\/03\/pvajf16000-4.jpg\" class=\"attachment-medium_large size-medium_large\" alt=\"JNR Falcon 16K Pastilha el\u00e1stica de melancia\" aria-describedby=\"gallery-1-1551\" srcset=\"https:\/\/puffvapestore.com\/wp-content\/uploads\/2025\/03\/pvajf16000-4.jpg 654w, https:\/\/puffvapestore.com\/wp-content\/uploads\/2025\/03\/pvajf16000-4-284x300.jpg 284w, https:\/\/puffvapestore.com\/wp-content\/uploads\/2025\/03\/pvajf16000-4-600x633.jpg 600w\" sizes=\"(max-width: 654px) 100vw, 654px\" \/>\n\t\t\t<\/div>\n\t\t\t\t<figcaption class='wp-caption-text gallery-caption' id='gallery-1-1551'>\n\t\t\t\tJNR Falcon 16K Pastilha el\u00e1stica de melancia\n\t\t\t\t<\/figcaption><\/figure>\n\t\t<\/div>\n\t\t<\/div>\n\t\t\t\t\t\t<\/div>\n\t\t\t\t<\/div>\n\t\t\t\t<\/div>\n\t\t\t\t\t<\/div>\n\t\t\t\t<\/div>\n\t\t<div class=\"elementor-element elementor-element-7926c6b e-flex e-con-boxed e-con e-parent\" data-id=\"7926c6b\" data-element_type=\"container\" data-e-type=\"container\">\n\t\t\t\t\t<div class=\"e-con-inner\">\n\t\t\t\t<div class=\"elementor-element elementor-element-2b41948 elementor-widget elementor-widget-text-editor\" data-id=\"2b41948\" data-element_type=\"widget\" data-e-type=\"widget\" data-widget_type=\"text-editor.default\">\n\t\t\t\t<div class=\"elementor-widget-container\">\n\t\t\t\t\t\t\t\t\t<h2>Quando o sabor refrescante da melancia se encontra com a do\u00e7ura da pastilha el\u00e1stica<\/h2><p>Imagine-se ao sol no sul de Fran\u00e7a, com um peda\u00e7o de melancia sumarenta e acabada de cortar nas m\u00e3os, com o seu aroma doce a encher o ar. E o sabor da pastilha el\u00e1stica de melancia \u00e9 como selar essa frescura de ver\u00e3o em cada tragada de fumo.<\/p><p><strong>Assim que se d\u00e1 a primeira passa, sente-se um sabor refrescante a sumo de melancia.<\/strong><br \/>O equil\u00edbrio entre a acidez e a do\u00e7ura \u00e9 perfeito, tal como uma melancia acabada de sair do frigor\u00edfico, com uma sucul\u00eancia subtil que refresca instantaneamente as pessoas.<\/p><p><strong>Depois, a do\u00e7ura da pastilha el\u00e1stica apareceu lentamente<\/strong><br \/>Lembra-se da alegria de mascar pastilha el\u00e1stica quando era crian\u00e7a? A do\u00e7ura do ar permanece na sua boca durante muito tempo, dando-lhe uma sensa\u00e7\u00e3o de satisfa\u00e7\u00e3o completa. Este cigarro eletr\u00f3nico recria essa sensa\u00e7\u00e3o na perfei\u00e7\u00e3o, dando-lhe vontade de dar uma passa atr\u00e1s da outra.<\/p><p><strong>Por fim, o travo a melancia e a pastilha el\u00e1stica entrela\u00e7am-se.<\/strong><br \/>N\u00e3o \u00e9 nem demasiado doce nem demasiado r\u00e1pido, deixando uma do\u00e7ura duradoura, fazendo com que cada fumo exalado seja um festim para as papilas gustativas.<\/p><h3>A filosofia francesa do cigarro eletr\u00f3nico: uma experi\u00eancia de sabor requintada<\/h3><p>Os franceses prestam muita aten\u00e7\u00e3o \u00e0 comida, aos sabores e aos rituais da vida. Visitar <strong>sabor JNR Falcon 16000 Melancia Bubblegum<\/strong> foi concebido para este tipo de requinte. N\u00e3o \u00e9 apenas um cigarro eletr\u00f3nico, \u00e9 uma \u00abjoie de vivre\u00bb.<\/p><p>Em Paris - enquanto passeia ao longo do Sena, saboreie este cigarro eletr\u00f3nico com as suas mem\u00f3rias de inf\u00e2ncia e sinta a doce mistura de romance e o sabor da cidade.<\/p><p>No Sul de Fran\u00e7a - Ao p\u00f4r do sol, com um copo de limonada gelada na m\u00e3o e um cheirinho de <strong>Puff JNR Falcon 16000 Pastilha el\u00e1stica de melancia<\/strong> tornar o sabor do ver\u00e3o mais completo.<\/p><p>Carnival - Lembra-se da sensa\u00e7\u00e3o de mascar pastilha el\u00e1stica num parque de divers\u00f5es quando era crian\u00e7a, \u00e0 espera impaciente que a roda gigante subisse? Este cigarro eletr\u00f3nico pode lev\u00e1-lo instantaneamente de volta a esse momento despreocupado.<\/p>\t\t\t\t\t\t\t\t<\/div>\n\t\t\t\t<\/div>\n\t\t\t\t\t<\/div>\n\t\t\t\t<\/div>\n\t\t\t\t<\/div>","protected":false},"excerpt":{"rendered":"<p>Puff JNR Falcon 16000 Past\u00e8que Bubblegum En France, la cigarette \u00e9lectronique n\u2019est pas seulement une alternative au sevrage tabagique, mais aussi un style, une attitude et une aventure gustative. La saveur Watermelon Bubblegum du JNR Falcon 16000 est l&rsquo;exemple parfait de cette aventure. Ce n\u2019est pas seulement une cigarette \u00e9lectronique, mais aussi un voyage dans [&hellip;]<\/p>\n","protected":false},"featured_media":1551,"comment_status":"open","ping_status":"closed","template":"","meta":{"site-sidebar-layout":"no-sidebar","site-content-layout":"page-builder","ast-site-content-layout":"normal-width-container","site-content-style":"default","site-sidebar-style":"default","ast-global-header-display":"","ast-banner-title-visibility":"","ast-main-header-display":"","ast-hfb-above-header-display":"","ast-hfb-below-header-display":"","ast-hfb-mobile-header-display":"","site-post-title":"disabled","ast-breadcrumbs-content":"","ast-featured-img":"disabled","footer-sml-layout":"","ast-disable-related-posts":"","theme-transparent-header-meta":"default","adv-header-id-meta":"","stick-header-meta":"default","header-above-stick-meta":"","header-main-stick-meta":"","header-below-stick-meta":"","astra-migrate-meta-layouts":"set","ast-page-background-enabled":"default","ast-page-background-meta":{"desktop":{"background-color":"","background-image":"","background-repeat":"repeat","background-position":"center center","background-size":"auto","background-attachment":"scroll","background-type":"","background-media":"","overlay-type":"","overlay-color":"","overlay-opacity":"","overlay-gradient":""},"tablet":{"background-color":"","background-image":"","background-repeat":"repeat","background-position":"center center","background-size":"auto","background-attachment":"scroll","background-type":"","background-media":"","overlay-type":"","overlay-color":"","overlay-opacity":"","overlay-gradient":""},"mobile":{"background-color":"","background-image":"","background-repeat":"repeat","background-position":"center center","background-size":"auto","background-attachment":"scroll","background-type":"","background-media":"","overlay-type":"","overlay-color":"","overlay-opacity":"","overlay-gradient":""}},"ast-content-background-meta":{"desktop":{"background-color":"var(--ast-global-color-5)","background-image":"","background-repeat":"repeat","background-position":"center center","background-size":"auto","background-attachment":"scroll","background-type":"","background-media":"","overlay-type":"","overlay-color":"","overlay-opacity":"","overlay-gradient":""},"tablet":{"background-color":"var(--ast-global-color-5)","background-image":"","background-repeat":"repeat","background-position":"center center","background-size":"auto","background-attachment":"scroll","background-type":"","background-media":"","overlay-type":"","overlay-color":"","overlay-opacity":"","overlay-gradient":""},"mobile":{"background-color":"var(--ast-global-color-5)","background-image":"","background-repeat":"repeat","background-position":"center center","background-size":"auto","background-attachment":"scroll","background-type":"","background-media":"","overlay-type":"","overlay-color":"","overlay-opacity":"","overlay-gradient":""}}},"product_brand":[30],"product_cat":[15,81,77,36],"product_tag":[],"class_list":{"0":"post-1840","1":"product","2":"type-product","3":"status-publish","4":"has-post-thumbnail","6":"product_brand-jnr","7":"product_cat-magasin-cigarette-electronique","8":"product_cat-puff-16k","9":"product_cat-entrepot-de-lue","10":"product_cat-jnr-16k","11":"desktop-align-center","12":"tablet-align-center","13":"mobile-align-center","14":"ast-product-gallery-layout-horizontal","15":"ast-product-gallery-with-no-image","16":"ast-product-single-variable","17":"ast-product-tabs-layout-horizontal","18":"ast-qv-on-image","20":"first","21":"instock","22":"sale","23":"shipping-taxable","24":"purchasable","25":"product-type-variable","26":"has-default-attributes"},"tiered_pricing_type":"fixed","tiered_pricing_fixed_rules":{"30":9.88,"60":9.26,"100":8.06,"200":7.38,"500":6.98,"1000":6.8},"tiered_pricing_product_settings":{"layout":"default","base_unit_name":{"singular":null,"plural":null},"default_variation":null},"tiered_pricing_minimum_quantity":null,"tiered_pricing_roles_data":[],"tiered_pricing_percentage_rules":[],"_links":{"self":[{"href":"https:\/\/puffvapestore.com\/pt\/wp-json\/wp\/v2\/product\/1840","targetHints":{"allow":["GET"]}}],"collection":[{"href":"https:\/\/puffvapestore.com\/pt\/wp-json\/wp\/v2\/product"}],"about":[{"href":"https:\/\/puffvapestore.com\/pt\/wp-json\/wp\/v2\/types\/product"}],"replies":[{"embeddable":true,"href":"https:\/\/puffvapestore.com\/pt\/wp-json\/wp\/v2\/comments?post=1840"}],"version-history":[{"count":16,"href":"https:\/\/puffvapestore.com\/pt\/wp-json\/wp\/v2\/product\/1840\/revisions"}],"predecessor-version":[{"id":17689,"href":"https:\/\/puffvapestore.com\/pt\/wp-json\/wp\/v2\/product\/1840\/revisions\/17689"}],"wp:featuredmedia":[{"embeddable":true,"href":"https:\/\/puffvapestore.com\/pt\/wp-json\/wp\/v2\/media\/1551"}],"wp:attachment":[{"href":"https:\/\/puffvapestore.com\/pt\/wp-json\/wp\/v2\/media?parent=1840"}],"wp:term":[{"taxonomy":"product_brand","embeddable":true,"href":"https:\/\/puffvapestore.com\/pt\/wp-json\/wp\/v2\/product_brand?post=1840"},{"taxonomy":"product_cat","embeddable":true,"href":"https:\/\/puffvapestore.com\/pt\/wp-json\/wp\/v2\/product_cat?post=1840"},{"taxonomy":"product_tag","embeddable":true,"href":"https:\/\/puffvapestore.com\/pt\/wp-json\/wp\/v2\/product_tag?post=1840"}],"curies":[{"name":"wp","href":"https:\/\/api.w.org\/{rel}","templated":true}]}}