{"id":1812,"date":"2025-03-25T22:45:08","date_gmt":"2025-03-25T22:45:08","guid":{"rendered":"https:\/\/puffvapestore.com\/?post_type=product&#038;p=1812"},"modified":"2026-04-20T11:06:50","modified_gmt":"2026-04-20T11:06:50","slug":"jnr-falcon-16000-blueberry-raspberry-cherry","status":"publish","type":"product","link":"https:\/\/puffvapestore.com\/pt\/product\/jnr-falcon-16000-mirtilo-framboesa-cereja\/","title":{"rendered":"JNR Falcon 16000 Mirtilo Framboesa Cereja"},"content":{"rendered":"<div data-elementor-type=\"wp-post\" data-elementor-id=\"1812\" class=\"elementor elementor-1812\">\n\t\t\t\t<div class=\"elementor-element elementor-element-824a998 e-flex e-con-boxed e-con e-parent\" data-id=\"824a998\" data-element_type=\"container\" data-e-type=\"container\">\n\t\t\t\t\t<div class=\"e-con-inner\">\n\t\t\t\t<div class=\"elementor-element elementor-element-55fd5fa elementor-widget elementor-widget-text-editor\" data-id=\"55fd5fa\" data-element_type=\"widget\" data-e-type=\"widget\" data-widget_type=\"text-editor.default\">\n\t\t\t\t<div class=\"elementor-widget-container\">\n\t\t\t\t\t\t\t\t\t<h2>JNR Falcon 16000 Mirtilo Framboesa Cereja<\/h2><p>Em Fran\u00e7a, a comida e o sabor s\u00e3o a alma da vida. Desde o caf\u00e9 da manh\u00e3 at\u00e9 ao vinho da noite, cada gole \u00e9 uma busca incessante de del\u00edcias. De agora em diante, <strong>JNR Falcon 16000<\/strong> com um sabor incr\u00edvel - <strong>Mirtilo Framboesa Cereja<\/strong>, \u00c9 a forma perfeita de transformar a sua experi\u00eancia de cigarro eletr\u00f3nico numa viagem de sabores atrav\u00e9s de um pomar.<\/p>\t\t\t\t\t\t\t\t<\/div>\n\t\t\t\t<\/div>\n\t\t\t\t\t<\/div>\n\t\t\t\t<\/div>\n\t\t<div class=\"elementor-element elementor-element-942ccb0 e-flex e-con-boxed e-con e-parent\" data-id=\"942ccb0\" data-element_type=\"container\" data-e-type=\"container\">\n\t\t\t\t\t<div class=\"e-con-inner\">\n\t\t<div class=\"elementor-element elementor-element-577deeb e-con-full e-flex e-con e-child\" data-id=\"577deeb\" data-element_type=\"container\" data-e-type=\"container\">\n\t\t\t\t<div class=\"elementor-element elementor-element-5d167cf elementor-widget elementor-widget-text-editor\" data-id=\"5d167cf\" data-element_type=\"widget\" data-e-type=\"widget\" data-widget_type=\"text-editor.default\">\n\t\t\t\t<div class=\"elementor-widget-container\">\n\t\t\t\t\t\t\t\t\t<h2>Detalhes de JNR Falcon 16000 Blueberry Raspberry Cherry<\/h2><p>Puffs : At\u00e9 16.000 baforadas<br \/>L\u00edquido: 22 ml<br \/>N\u00edveis de nicotina: 0 %, 2 %, 5 %<br \/>Resist\u00eancia: 1,0 ohm<br \/>Capacidade da bateria: 850 mAh<br \/>Carregamento: Tipo C<br \/>Dupla malha e dupla resist\u00eancia do n\u00facleo<br \/>Dimens\u00f5es: 53,5 x 32 x 110 mm<\/p>\t\t\t\t\t\t\t\t<\/div>\n\t\t\t\t<\/div>\n\t\t\t\t<\/div>\n\t\t<div class=\"elementor-element elementor-element-d5e4b56 e-con-full e-flex e-con e-child\" data-id=\"d5e4b56\" data-element_type=\"container\" data-e-type=\"container\">\n\t\t\t\t<div class=\"elementor-element elementor-element-381dfcb elementor-widget elementor-widget-image-gallery\" data-id=\"381dfcb\" data-element_type=\"widget\" data-e-type=\"widget\" data-widget_type=\"image-gallery.default\">\n\t\t\t\t<div class=\"elementor-widget-container\">\n\t\t\t\t\t\t\t<div class=\"elementor-image-gallery\">\n\t\t\t<div id='gallery-1' class='gallery galleryid-1812 gallery-columns-1 gallery-size-medium_large'><figure class='gallery-item'>\n\t\t\t<div class='gallery-icon portrait'>\n\t\t\t\t<img fetchpriority=\"high\" decoding=\"async\" width=\"654\" height=\"690\" src=\"https:\/\/puffvapestore.com\/wp-content\/uploads\/2025\/03\/pvajf16000-33.jpg\" class=\"attachment-medium_large size-medium_large\" alt=\"JNR Falcon 16K Mirtilo Framboesa Cereja\" aria-describedby=\"gallery-1-1580\" srcset=\"https:\/\/puffvapestore.com\/wp-content\/uploads\/2025\/03\/pvajf16000-33.jpg 654w, https:\/\/puffvapestore.com\/wp-content\/uploads\/2025\/03\/pvajf16000-33-284x300.jpg 284w, https:\/\/puffvapestore.com\/wp-content\/uploads\/2025\/03\/pvajf16000-33-600x633.jpg 600w\" sizes=\"(max-width: 654px) 100vw, 654px\" \/>\n\t\t\t<\/div>\n\t\t\t\t<figcaption class='wp-caption-text gallery-caption' id='gallery-1-1580'>\n\t\t\t\tJNR Falcon 16K Mirtilo Framboesa Cereja\n\t\t\t\t<\/figcaption><\/figure>\n\t\t<\/div>\n\t\t<\/div>\n\t\t\t\t\t\t<\/div>\n\t\t\t\t<\/div>\n\t\t\t\t<\/div>\n\t\t\t\t\t<\/div>\n\t\t\t\t<\/div>\n\t\t<div class=\"elementor-element elementor-element-7926c6b e-flex e-con-boxed e-con e-parent\" data-id=\"7926c6b\" data-element_type=\"container\" data-e-type=\"container\">\n\t\t\t\t\t<div class=\"e-con-inner\">\n\t\t\t\t<div class=\"elementor-element elementor-element-2b41948 elementor-widget elementor-widget-text-editor\" data-id=\"2b41948\" data-element_type=\"widget\" data-e-type=\"widget\" data-widget_type=\"text-editor.default\">\n\t\t\t\t<div class=\"elementor-widget-container\">\n\t\t\t\t\t\t\t\t\t<h3>Cheire o fumo e sinta-se como se estivesse a passear pelos pomares da Proven\u00e7a<\/h3><p>Imagine estar num solarengo pomar franc\u00eas, com o doce aroma da fruta madura a encher o ar enquanto sopra uma suave brisa. A profunda do\u00e7ura dos mirtilos, a subtil acidez das framboesas e o rico aroma frutado das cerejas misturam-se para criar uma experi\u00eancia surpreendente em camadas. Cada vez que inala o fumo, \u00e9 um deleite para as suas papilas gustativas, como se estivesse nos campos da Proven\u00e7a, a apreciar a mais pura d\u00e1diva da natureza.<\/p><h3>O fumo \u00e9 t\u00e3o espesso que \u00e9 como se estiv\u00e9ssemos nas ruas de Paris.<\/h3><p>Os franceses apreciam os rituais nas suas vidas: um copo de vinho tinto, uma can\u00e7\u00e3o antiga e uma tarde tranquila. E os <strong>JNR Falcon 16000 Mirtilo Framboesa Cereja<\/strong>, com a sua dura\u00e7\u00e3o ultra-longa (16 000 baforadas) e o seu fumo suave, torna este momento ainda mais perfeito. Seja num banco \u00e0 beira do Sena ou na esquina de uma rua de Montmartre, cada tragada \u00e9 como um fio de fumo suave na noite parisiense, persistente e misterioso.<\/p><p>A sua bobina de malha dupla garante um fumo delicado e suave. Sempre que inala o fumo, pode sentir o sabor da fruta camada a camada, com um longo travo. A potente bateria de 850mAh evita carregamentos frequentes, enquanto as portas de carregamento duplas Type-C e Lightning oferecem uma experi\u00eancia conveniente sem precedentes para se adequar ao seu estilo de vida moderno.<\/p>\t\t\t\t\t\t\t\t<\/div>\n\t\t\t\t<\/div>\n\t\t\t\t\t<\/div>\n\t\t\t\t<\/div>\n\t\t\t\t<\/div>","protected":false},"excerpt":{"rendered":"<p>JNR Falcon 16000 Myrtille Framboise Cerise En France, la nourriture et la saveur sont l\u2019\u00e2me de la vie. Du caf\u00e9 du matin au vin du soir, chaque gorg\u00e9e est une qu\u00eate ultime de d\u00e9lice. D\u00e9sormais, JNR Falcon 16000 est livr\u00e9 avec une saveur incroyable &#8211; Myrtille Framboise Cerise, faisant de votre exp\u00e9rience de cigarette \u00e9lectronique [&hellip;]<\/p>\n","protected":false},"featured_media":1580,"comment_status":"open","ping_status":"closed","template":"","meta":{"site-sidebar-layout":"no-sidebar","site-content-layout":"page-builder","ast-site-content-layout":"normal-width-container","site-content-style":"default","site-sidebar-style":"default","ast-global-header-display":"","ast-banner-title-visibility":"","ast-main-header-display":"","ast-hfb-above-header-display":"","ast-hfb-below-header-display":"","ast-hfb-mobile-header-display":"","site-post-title":"disabled","ast-breadcrumbs-content":"","ast-featured-img":"disabled","footer-sml-layout":"","ast-disable-related-posts":"","theme-transparent-header-meta":"default","adv-header-id-meta":"","stick-header-meta":"default","header-above-stick-meta":"","header-main-stick-meta":"","header-below-stick-meta":"","astra-migrate-meta-layouts":"set","ast-page-background-enabled":"default","ast-page-background-meta":{"desktop":{"background-color":"","background-image":"","background-repeat":"repeat","background-position":"center center","background-size":"auto","background-attachment":"scroll","background-type":"","background-media":"","overlay-type":"","overlay-color":"","overlay-opacity":"","overlay-gradient":""},"tablet":{"background-color":"","background-image":"","background-repeat":"repeat","background-position":"center center","background-size":"auto","background-attachment":"scroll","background-type":"","background-media":"","overlay-type":"","overlay-color":"","overlay-opacity":"","overlay-gradient":""},"mobile":{"background-color":"","background-image":"","background-repeat":"repeat","background-position":"center center","background-size":"auto","background-attachment":"scroll","background-type":"","background-media":"","overlay-type":"","overlay-color":"","overlay-opacity":"","overlay-gradient":""}},"ast-content-background-meta":{"desktop":{"background-color":"var(--ast-global-color-5)","background-image":"","background-repeat":"repeat","background-position":"center center","background-size":"auto","background-attachment":"scroll","background-type":"","background-media":"","overlay-type":"","overlay-color":"","overlay-opacity":"","overlay-gradient":""},"tablet":{"background-color":"var(--ast-global-color-5)","background-image":"","background-repeat":"repeat","background-position":"center center","background-size":"auto","background-attachment":"scroll","background-type":"","background-media":"","overlay-type":"","overlay-color":"","overlay-opacity":"","overlay-gradient":""},"mobile":{"background-color":"var(--ast-global-color-5)","background-image":"","background-repeat":"repeat","background-position":"center center","background-size":"auto","background-attachment":"scroll","background-type":"","background-media":"","overlay-type":"","overlay-color":"","overlay-opacity":"","overlay-gradient":""}}},"product_brand":[30],"product_cat":[15,81,77,36],"product_tag":[],"class_list":{"0":"post-1812","1":"product","2":"type-product","3":"status-publish","4":"has-post-thumbnail","6":"product_brand-jnr","7":"product_cat-magasin-cigarette-electronique","8":"product_cat-puff-16k","9":"product_cat-entrepot-de-lue","10":"product_cat-jnr-16k","11":"desktop-align-center","12":"tablet-align-center","13":"mobile-align-center","14":"ast-product-gallery-layout-horizontal","15":"ast-product-gallery-with-no-image","16":"ast-product-single-variable","17":"ast-product-tabs-layout-horizontal","18":"ast-qv-on-image","20":"first","21":"instock","22":"sale","23":"shipping-taxable","24":"purchasable","25":"product-type-variable","26":"has-default-attributes"},"tiered_pricing_type":"fixed","tiered_pricing_fixed_rules":{"30":9.88,"60":9.26,"100":8.06,"200":7.38,"500":6.98,"1000":6.8},"tiered_pricing_product_settings":{"layout":"default","base_unit_name":{"singular":null,"plural":null},"default_variation":null},"tiered_pricing_minimum_quantity":null,"tiered_pricing_roles_data":[],"tiered_pricing_percentage_rules":[],"_links":{"self":[{"href":"https:\/\/puffvapestore.com\/pt\/wp-json\/wp\/v2\/product\/1812","targetHints":{"allow":["GET"]}}],"collection":[{"href":"https:\/\/puffvapestore.com\/pt\/wp-json\/wp\/v2\/product"}],"about":[{"href":"https:\/\/puffvapestore.com\/pt\/wp-json\/wp\/v2\/types\/product"}],"replies":[{"embeddable":true,"href":"https:\/\/puffvapestore.com\/pt\/wp-json\/wp\/v2\/comments?post=1812"}],"version-history":[{"count":16,"href":"https:\/\/puffvapestore.com\/pt\/wp-json\/wp\/v2\/product\/1812\/revisions"}],"predecessor-version":[{"id":17711,"href":"https:\/\/puffvapestore.com\/pt\/wp-json\/wp\/v2\/product\/1812\/revisions\/17711"}],"wp:featuredmedia":[{"embeddable":true,"href":"https:\/\/puffvapestore.com\/pt\/wp-json\/wp\/v2\/media\/1580"}],"wp:attachment":[{"href":"https:\/\/puffvapestore.com\/pt\/wp-json\/wp\/v2\/media?parent=1812"}],"wp:term":[{"taxonomy":"product_brand","embeddable":true,"href":"https:\/\/puffvapestore.com\/pt\/wp-json\/wp\/v2\/product_brand?post=1812"},{"taxonomy":"product_cat","embeddable":true,"href":"https:\/\/puffvapestore.com\/pt\/wp-json\/wp\/v2\/product_cat?post=1812"},{"taxonomy":"product_tag","embeddable":true,"href":"https:\/\/puffvapestore.com\/pt\/wp-json\/wp\/v2\/product_tag?post=1812"}],"curies":[{"name":"wp","href":"https:\/\/api.w.org\/{rel}","templated":true}]}}