{"id":1716,"date":"2025-03-23T17:36:30","date_gmt":"2025-03-23T17:36:30","guid":{"rendered":"https:\/\/puffvapestore.com\/?post_type=product&#038;p=1716"},"modified":"2026-04-20T11:07:29","modified_gmt":"2026-04-20T11:07:29","slug":"16000-jnr-falcon-strawberry-watermelon-ice","status":"publish","type":"product","link":"https:\/\/puffvapestore.com\/pt\/product\/16000-jnr-falcon-gelo-de-morango-e-melancia\/","title":{"rendered":"16000 JNR Falcon Gelo de melancia com morango"},"content":{"rendered":"<div data-elementor-type=\"wp-post\" data-elementor-id=\"1716\" class=\"elementor elementor-1716\">\n\t\t\t\t<div class=\"elementor-element elementor-element-824a998 e-flex e-con-boxed e-con e-parent\" data-id=\"824a998\" data-element_type=\"container\" data-e-type=\"container\">\n\t\t\t\t\t<div class=\"e-con-inner\">\n\t\t\t\t<div class=\"elementor-element elementor-element-55fd5fa elementor-widget elementor-widget-text-editor\" data-id=\"55fd5fa\" data-element_type=\"widget\" data-e-type=\"widget\" data-widget_type=\"text-editor.default\">\n\t\t\t\t<div class=\"elementor-widget-container\">\n\t\t\t\t\t\t\t\t\t<h2>16000 JNR Falcon Gelado de morango e melancia<\/h2><p>Em Fran\u00e7a, a cozinha \u00e9 uma cultura e o sabor \u00e9 uma arte. Desde o croissant quente de manh\u00e3 at\u00e9 ao champanhe e ao foie gras ao jantar, todos os sabores merecem ser saboreados. A partir de agora <strong>sabor JNR Falcon 16000 Gelo de melancia com morango<\/strong> estende este sabor requintado ao mundo dos cigarros electr\u00f3nicos, proporcionando uma experi\u00eancia refrescante sem precedentes com o seu sabor frutado doce e o seu toque fresco.<\/p><h3>Um encontro suave no pomar de ver\u00e3o<\/h3><p>Imaginemos uma tarde de ver\u00e3o na Proven\u00e7a: mordemos um morango maduro, o sumo irrompe na ponta da l\u00edngua, doce mas n\u00e3o gorduroso; depois, metemos na boca um peda\u00e7o de melancia gelada, o aroma frutado e refrescante dissipa imediatamente o calor. Tudo isto est\u00e1 condensado no <strong>JNR Falcon 16000 Gelo de morango e melancia<\/strong>. Cada vez que inala o fumo, o seu paladar desfruta de uma viagem a Fran\u00e7a.<\/p>\t\t\t\t\t\t\t\t<\/div>\n\t\t\t\t<\/div>\n\t\t\t\t\t<\/div>\n\t\t\t\t<\/div>\n\t\t<div class=\"elementor-element elementor-element-942ccb0 e-flex e-con-boxed e-con e-parent\" data-id=\"942ccb0\" data-element_type=\"container\" data-e-type=\"container\">\n\t\t\t\t\t<div class=\"e-con-inner\">\n\t\t<div class=\"elementor-element elementor-element-577deeb e-con-full e-flex e-con e-child\" data-id=\"577deeb\" data-element_type=\"container\" data-e-type=\"container\">\n\t\t\t\t<div class=\"elementor-element elementor-element-5d167cf elementor-widget elementor-widget-text-editor\" data-id=\"5d167cf\" data-element_type=\"widget\" data-e-type=\"widget\" data-widget_type=\"text-editor.default\">\n\t\t\t\t<div class=\"elementor-widget-container\">\n\t\t\t\t\t\t\t\t\t<h2>Detalhes de JNR Falcon 16000 Gelo de melancia com morango<\/h2><p>Puffs : At\u00e9 16.000 baforadas<br \/>L\u00edquido: 22 ml<br \/>N\u00edveis de nicotina: 0 %, 2 %, 5 %<br \/>Resist\u00eancia: 1,0 ohm<br \/>Capacidade da bateria: 850 mAh<br \/>Carregamento: Tipo C<br \/>Dupla malha e dupla resist\u00eancia do n\u00facleo<br \/>Dimens\u00f5es: 53,5 x 32 x 110 mm<\/p>\t\t\t\t\t\t\t\t<\/div>\n\t\t\t\t<\/div>\n\t\t\t\t<\/div>\n\t\t<div class=\"elementor-element elementor-element-d5e4b56 e-con-full e-flex e-con e-child\" data-id=\"d5e4b56\" data-element_type=\"container\" data-e-type=\"container\">\n\t\t\t\t<div class=\"elementor-element elementor-element-381dfcb elementor-widget elementor-widget-image-gallery\" data-id=\"381dfcb\" data-element_type=\"widget\" data-e-type=\"widget\" data-widget_type=\"image-gallery.default\">\n\t\t\t\t<div class=\"elementor-widget-container\">\n\t\t\t\t\t\t\t<div class=\"elementor-image-gallery\">\n\t\t\t<div id='gallery-1' class='gallery galleryid-1716 gallery-columns-1 gallery-size-medium_large'><figure class='gallery-item'>\n\t\t\t<div class='gallery-icon portrait'>\n\t\t\t\t<img fetchpriority=\"high\" decoding=\"async\" width=\"654\" height=\"690\" src=\"https:\/\/puffvapestore.com\/wp-content\/uploads\/2025\/03\/pvajf16000-19.jpg\" class=\"attachment-medium_large size-medium_large\" alt=\"JNR Falcon 16K Gelo de melancia com morango\" aria-describedby=\"gallery-1-1566\" srcset=\"https:\/\/puffvapestore.com\/wp-content\/uploads\/2025\/03\/pvajf16000-19.jpg 654w, https:\/\/puffvapestore.com\/wp-content\/uploads\/2025\/03\/pvajf16000-19-284x300.jpg 284w, https:\/\/puffvapestore.com\/wp-content\/uploads\/2025\/03\/pvajf16000-19-600x633.jpg 600w\" sizes=\"(max-width: 654px) 100vw, 654px\" \/>\n\t\t\t<\/div>\n\t\t\t\t<figcaption class='wp-caption-text gallery-caption' id='gallery-1-1566'>\n\t\t\t\tJNR Falcon 16K Gelo de melancia com morango\n\t\t\t\t<\/figcaption><\/figure>\n\t\t<\/div>\n\t\t<\/div>\n\t\t\t\t\t\t<\/div>\n\t\t\t\t<\/div>\n\t\t\t\t<\/div>\n\t\t\t\t\t<\/div>\n\t\t\t\t<\/div>\n\t\t<div class=\"elementor-element elementor-element-7926c6b e-flex e-con-boxed e-con e-parent\" data-id=\"7926c6b\" data-element_type=\"container\" data-e-type=\"container\">\n\t\t\t\t\t<div class=\"e-con-inner\">\n\t\t\t\t<div class=\"elementor-element elementor-element-2b41948 elementor-widget elementor-widget-text-editor\" data-id=\"2b41948\" data-element_type=\"widget\" data-e-type=\"widget\" data-widget_type=\"text-editor.default\">\n\t\t\t\t<div class=\"elementor-widget-container\">\n\t\t\t\t\t\t\t\t\t<h3>A brisa fresca do Sena<\/h3><p>Os franceses adoram paisagens com quatro esta\u00e7\u00f5es distintas, e o sabor do gelado de morango e melancia \u00e9 como uma brisa em Paris no ver\u00e3o, suave com um toque de frescura, refrescante sem ser demasiado estimulante. Quer se esteja a passear pelas ruas de Montmartre ou a relaxar numa espregui\u00e7adeira na praia de Nice, \u00e9 a companhia perfeita.<\/p><h3>Fumo suave e prazer duradouro<\/h3><p>A tecnologia da bobina de malha dupla JNR Falcon 16000 combina a do\u00e7ura dos morangos com a frescura da melancia. O fumo \u00e9 delicado e o sabor suave. Cada dentada \u00e9 t\u00e3o fresca como a fruta acabada de cortar. A longa dura\u00e7\u00e3o da bateria de 16.000 baforadas significa que pode mergulhar neste banquete frutado franc\u00eas desde o nascer ao p\u00f4r do sol, ou at\u00e9 mais.<\/p><h3>Carregamento pr\u00e1tico, para que possa desfrutar da frescura em qualquer altura e em qualquer lugar<\/h3><p>Em Fran\u00e7a, as pessoas que vivem um estilo de vida n\u00e3o se preocupam com trivialidades. O JNR Falcon 16000 est\u00e1 equipado com duas portas Type-C e Lightning. Quer esteja a utilizar o carregador do seu MacBook ou o cabo do iPhone de um amigo, pode recarregar rapidamente o seu cigarro eletr\u00f3nico e mant\u00ea-lo em perfeitas condi\u00e7\u00f5es.<\/p><h3>Aspeto elegante, como uma fina pe\u00e7a de joalharia<\/h3><p>N\u00e3o \u00e9 apenas um cigarro eletr\u00f3nico, \u00e9 uma afirma\u00e7\u00e3o de moda. O design artesanal em cristal torna-o numa pe\u00e7a apelativa para qualquer ocasi\u00e3o. Quer seja combinado com uma gabardine francesa cl\u00e1ssica ou colocado casualmente numa mesa redonda de um caf\u00e9, o <strong>16000 JNR Falcon Gelo de melancia com morango<\/strong> exala um ar de luxo discreto.<\/p>\t\t\t\t\t\t\t\t<\/div>\n\t\t\t\t<\/div>\n\t\t\t\t\t<\/div>\n\t\t\t\t<\/div>\n\t\t\t\t<\/div>","protected":false},"excerpt":{"rendered":"<p>16000 JNR Falcon Glace \u00e0 la fraise et \u00e0 la past\u00e8que En France, la cuisine est une culture et la saveur est un art. Du croissant chaud du matin au champagne et au foie gras du d\u00eener, chaque saveur m\u00e9rite d&rsquo;\u00eatre savour\u00e9e. D\u00e9sormais, la saveur JNR Falcon 16000 Strawberry Watermelon Ice \u00e9tend cette exquisit\u00e9 au [&hellip;]<\/p>\n","protected":false},"featured_media":1566,"comment_status":"open","ping_status":"closed","template":"","meta":{"site-sidebar-layout":"no-sidebar","site-content-layout":"page-builder","ast-site-content-layout":"normal-width-container","site-content-style":"default","site-sidebar-style":"default","ast-global-header-display":"","ast-banner-title-visibility":"","ast-main-header-display":"","ast-hfb-above-header-display":"","ast-hfb-below-header-display":"","ast-hfb-mobile-header-display":"","site-post-title":"disabled","ast-breadcrumbs-content":"","ast-featured-img":"disabled","footer-sml-layout":"","ast-disable-related-posts":"","theme-transparent-header-meta":"default","adv-header-id-meta":"","stick-header-meta":"default","header-above-stick-meta":"","header-main-stick-meta":"","header-below-stick-meta":"","astra-migrate-meta-layouts":"set","ast-page-background-enabled":"default","ast-page-background-meta":{"desktop":{"background-color":"","background-image":"","background-repeat":"repeat","background-position":"center center","background-size":"auto","background-attachment":"scroll","background-type":"","background-media":"","overlay-type":"","overlay-color":"","overlay-opacity":"","overlay-gradient":""},"tablet":{"background-color":"","background-image":"","background-repeat":"repeat","background-position":"center center","background-size":"auto","background-attachment":"scroll","background-type":"","background-media":"","overlay-type":"","overlay-color":"","overlay-opacity":"","overlay-gradient":""},"mobile":{"background-color":"","background-image":"","background-repeat":"repeat","background-position":"center center","background-size":"auto","background-attachment":"scroll","background-type":"","background-media":"","overlay-type":"","overlay-color":"","overlay-opacity":"","overlay-gradient":""}},"ast-content-background-meta":{"desktop":{"background-color":"var(--ast-global-color-5)","background-image":"","background-repeat":"repeat","background-position":"center center","background-size":"auto","background-attachment":"scroll","background-type":"","background-media":"","overlay-type":"","overlay-color":"","overlay-opacity":"","overlay-gradient":""},"tablet":{"background-color":"var(--ast-global-color-5)","background-image":"","background-repeat":"repeat","background-position":"center center","background-size":"auto","background-attachment":"scroll","background-type":"","background-media":"","overlay-type":"","overlay-color":"","overlay-opacity":"","overlay-gradient":""},"mobile":{"background-color":"var(--ast-global-color-5)","background-image":"","background-repeat":"repeat","background-position":"center center","background-size":"auto","background-attachment":"scroll","background-type":"","background-media":"","overlay-type":"","overlay-color":"","overlay-opacity":"","overlay-gradient":""}}},"product_brand":[30],"product_cat":[15,81,77,35,36,31],"product_tag":[],"class_list":{"0":"post-1716","1":"product","2":"type-product","3":"status-publish","4":"has-post-thumbnail","6":"product_brand-jnr","7":"product_cat-magasin-cigarette-electronique","8":"product_cat-puff-16k","9":"product_cat-entrepot-de-lue","10":"product_cat-jnr-vape","11":"product_cat-jnr-16k","12":"product_cat-jnr-falcon","13":"desktop-align-center","14":"tablet-align-center","15":"mobile-align-center","16":"ast-product-gallery-layout-horizontal","17":"ast-product-gallery-with-no-image","18":"ast-product-single-variable","19":"ast-product-tabs-layout-horizontal","20":"ast-qv-on-image","22":"first","23":"instock","24":"sale","25":"shipping-taxable","26":"purchasable","27":"product-type-variable","28":"has-default-attributes"},"tiered_pricing_type":"fixed","tiered_pricing_fixed_rules":{"30":9.88,"60":9.26,"100":8.06,"200":7.38,"500":6.98,"1000":6.8},"tiered_pricing_product_settings":{"layout":"default","base_unit_name":{"singular":null,"plural":null},"default_variation":null},"tiered_pricing_minimum_quantity":null,"tiered_pricing_roles_data":[],"tiered_pricing_percentage_rules":[],"_links":{"self":[{"href":"https:\/\/puffvapestore.com\/pt\/wp-json\/wp\/v2\/product\/1716","targetHints":{"allow":["GET"]}}],"collection":[{"href":"https:\/\/puffvapestore.com\/pt\/wp-json\/wp\/v2\/product"}],"about":[{"href":"https:\/\/puffvapestore.com\/pt\/wp-json\/wp\/v2\/types\/product"}],"replies":[{"embeddable":true,"href":"https:\/\/puffvapestore.com\/pt\/wp-json\/wp\/v2\/comments?post=1716"}],"version-history":[{"count":14,"href":"https:\/\/puffvapestore.com\/pt\/wp-json\/wp\/v2\/product\/1716\/revisions"}],"predecessor-version":[{"id":17735,"href":"https:\/\/puffvapestore.com\/pt\/wp-json\/wp\/v2\/product\/1716\/revisions\/17735"}],"wp:featuredmedia":[{"embeddable":true,"href":"https:\/\/puffvapestore.com\/pt\/wp-json\/wp\/v2\/media\/1566"}],"wp:attachment":[{"href":"https:\/\/puffvapestore.com\/pt\/wp-json\/wp\/v2\/media?parent=1716"}],"wp:term":[{"taxonomy":"product_brand","embeddable":true,"href":"https:\/\/puffvapestore.com\/pt\/wp-json\/wp\/v2\/product_brand?post=1716"},{"taxonomy":"product_cat","embeddable":true,"href":"https:\/\/puffvapestore.com\/pt\/wp-json\/wp\/v2\/product_cat?post=1716"},{"taxonomy":"product_tag","embeddable":true,"href":"https:\/\/puffvapestore.com\/pt\/wp-json\/wp\/v2\/product_tag?post=1716"}],"curies":[{"name":"wp","href":"https:\/\/api.w.org\/{rel}","templated":true}]}}