{"id":1710,"date":"2025-03-23T15:28:03","date_gmt":"2025-03-23T15:28:03","guid":{"rendered":"https:\/\/puffvapestore.com\/?post_type=product&#038;p=1710"},"modified":"2026-04-20T11:07:23","modified_gmt":"2026-04-20T11:07:23","slug":"vape-jnr-falcon-16000-strawberry-kiwi","status":"publish","type":"product","link":"https:\/\/puffvapestore.com\/pt\/product\/vape-jnr-falcon-16000-morango-kiwi\/","title":{"rendered":"Vape JNR Falcon 16000 Morango Kiwi"},"content":{"rendered":"<div data-elementor-type=\"wp-post\" data-elementor-id=\"1710\" class=\"elementor elementor-1710\">\n\t\t\t\t<div class=\"elementor-element elementor-element-824a998 e-flex e-con-boxed e-con e-parent\" data-id=\"824a998\" data-element_type=\"container\" data-e-type=\"container\">\n\t\t\t\t\t<div class=\"e-con-inner\">\n\t\t\t\t<div class=\"elementor-element elementor-element-55fd5fa elementor-widget elementor-widget-text-editor\" data-id=\"55fd5fa\" data-element_type=\"widget\" data-e-type=\"widget\" data-widget_type=\"text-editor.default\">\n\t\t\t\t<div class=\"elementor-widget-container\">\n\t\t\t\t\t\t\t\t\t<h2>Vape JNR Falcon 16000 Kiwi Morango<\/h2><p>Se existe um guia Michelin para a ind\u00fastria dos cigarros electr\u00f3nicos, ent\u00e3o o <strong>JNR Falcon 16000 Morango Kiwi<\/strong> \u00e9 definitivamente uma exist\u00eancia de tr\u00eas estrelas. Afinal de contas, os franceses s\u00e3o conhecidos pelos seus elevados padr\u00f5es no que respeita ao sabor. Tudo o que p\u00f5em na boca tem de ser saboroso!<\/p><p>J\u00e1 alguma vez experimentou morder um morango fresco e um kiwi ligeiramente \u00e1cido? Primeiro, a do\u00e7ura do morango \u00e9 como uma can\u00e7\u00e3o francesa, suave e delicada, depois a ligeira acidez do kiwi acrescenta um toque de leveza, como um encontro com uma atua\u00e7\u00e3o improvisada nas ruas de Montmartre - \u00e9 esse o encanto do Morango Kiwi, doce mas n\u00e3o gorduroso, e com a quantidade certa de acidez, como um cocktail de ver\u00e3o perfeitamente misturado.<\/p>\t\t\t\t\t\t\t\t<\/div>\n\t\t\t\t<\/div>\n\t\t\t\t\t<\/div>\n\t\t\t\t<\/div>\n\t\t<div class=\"elementor-element elementor-element-942ccb0 e-flex e-con-boxed e-con e-parent\" data-id=\"942ccb0\" data-element_type=\"container\" data-e-type=\"container\">\n\t\t\t\t\t<div class=\"e-con-inner\">\n\t\t<div class=\"elementor-element elementor-element-577deeb e-con-full e-flex e-con e-child\" data-id=\"577deeb\" data-element_type=\"container\" data-e-type=\"container\">\n\t\t\t\t<div class=\"elementor-element elementor-element-5d167cf elementor-widget elementor-widget-text-editor\" data-id=\"5d167cf\" data-element_type=\"widget\" data-e-type=\"widget\" data-widget_type=\"text-editor.default\">\n\t\t\t\t<div class=\"elementor-widget-container\">\n\t\t\t\t\t\t\t\t\t<h2>Detalhes de JNR Falcon 16000 Strawberry Kiwi<\/h2><p>Puffs : At\u00e9 16.000 baforadas<br \/>L\u00edquido: 22 ml<br \/>N\u00edveis de nicotina: 0 %, 2 %, 5 %<br \/>Resist\u00eancia: 1,0 ohm<br \/>Capacidade da bateria: 850 mAh<br \/>Carregamento: Tipo C<br \/>Dupla malha e dupla resist\u00eancia do n\u00facleo<br \/>Dimens\u00f5es: 53,5 x 32 x 110 mm<\/p>\t\t\t\t\t\t\t\t<\/div>\n\t\t\t\t<\/div>\n\t\t\t\t<\/div>\n\t\t<div class=\"elementor-element elementor-element-d5e4b56 e-con-full e-flex e-con e-child\" data-id=\"d5e4b56\" data-element_type=\"container\" data-e-type=\"container\">\n\t\t\t\t<div class=\"elementor-element elementor-element-381dfcb elementor-widget elementor-widget-image-gallery\" data-id=\"381dfcb\" data-element_type=\"widget\" data-e-type=\"widget\" data-widget_type=\"image-gallery.default\">\n\t\t\t\t<div class=\"elementor-widget-container\">\n\t\t\t\t\t\t\t<div class=\"elementor-image-gallery\">\n\t\t\t<div id='gallery-1' class='gallery galleryid-1710 gallery-columns-1 gallery-size-medium_large'><figure class='gallery-item'>\n\t\t\t<div class='gallery-icon portrait'>\n\t\t\t\t<img fetchpriority=\"high\" decoding=\"async\" width=\"654\" height=\"690\" src=\"https:\/\/puffvapestore.com\/wp-content\/uploads\/2025\/03\/pvajf16000-22.jpg\" class=\"attachment-medium_large size-medium_large\" alt=\"JNR Falcon 16K Morango Kiwi\" aria-describedby=\"gallery-1-1569\" srcset=\"https:\/\/puffvapestore.com\/wp-content\/uploads\/2025\/03\/pvajf16000-22.jpg 654w, https:\/\/puffvapestore.com\/wp-content\/uploads\/2025\/03\/pvajf16000-22-284x300.jpg 284w, https:\/\/puffvapestore.com\/wp-content\/uploads\/2025\/03\/pvajf16000-22-600x633.jpg 600w\" sizes=\"(max-width: 654px) 100vw, 654px\" \/>\n\t\t\t<\/div>\n\t\t\t\t<figcaption class='wp-caption-text gallery-caption' id='gallery-1-1569'>\n\t\t\t\tJNR Falcon 16K Morango Kiwi\n\t\t\t\t<\/figcaption><\/figure>\n\t\t<\/div>\n\t\t<\/div>\n\t\t\t\t\t\t<\/div>\n\t\t\t\t<\/div>\n\t\t\t\t<\/div>\n\t\t\t\t\t<\/div>\n\t\t\t\t<\/div>\n\t\t<div class=\"elementor-element elementor-element-7926c6b e-flex e-con-boxed e-con e-parent\" data-id=\"7926c6b\" data-element_type=\"container\" data-e-type=\"container\">\n\t\t\t\t\t<div class=\"e-con-inner\">\n\t\t\t\t<div class=\"elementor-element elementor-element-2b41948 elementor-widget elementor-widget-text-editor\" data-id=\"2b41948\" data-element_type=\"widget\" data-e-type=\"widget\" data-widget_type=\"text-editor.default\">\n\t\t\t\t<div class=\"elementor-widget-container\">\n\t\t\t\t\t\t\t\t\t<h3>O gosto \u00e9 uma coisa, a experi\u00eancia \u00e9 outra<\/h3><p>\u00c9 claro que os franceses n\u00e3o prestam aten\u00e7\u00e3o apenas ao sabor, mas tamb\u00e9m \u00e0 experi\u00eancia. O JNR Falcon 16000 n\u00e3o \u00e9 apenas um cigarro eletr\u00f3nico r\u00e1pido e veloz. Com uma grande capacidade de 22 ml de e-l\u00edquido e uma bateria recarreg\u00e1vel de 850 mAh, oferece-lhe o prazer duradouro de 16.000 baforadas!<\/p><p>Al\u00e9m disso, a sua bobina de malha dupla torna o fumo mais rico e o sabor mais puro, e cada tragada de fumo parece um sumo acabado de espremer em vez de um xarope de fruta barato. O melhor de tudo \u00e9 que o fluxo de ar \u00e9 ajust\u00e1vel. Quer prefira uma batida forte na garganta ou um sabor suave e cremoso, pode ajust\u00e1-lo ao seu gosto, tal como um expresso perfeito.<\/p><h3>N\u00e3o se trata apenas de um cigarro eletr\u00f3nico, \u00e9 a personifica\u00e7\u00e3o do modo de vida franc\u00eas.<\/h3><p>Em Fran\u00e7a, o cigarro eletr\u00f3nico n\u00e3o \u00e9 apenas um h\u00e1bito, mas uma atitude, uma busca de liberdade, de sabor e de eleg\u00e2ncia.<strong> JNR Falcon 16000 Morango Kiwi<\/strong> n\u00e3o \u00e9 apenas um cigarro eletr\u00f3nico, \u00e9 uma tarde tranquila numa esquina de Paris, uma degusta\u00e7\u00e3o embriagada numa vinha no Sul de Fran\u00e7a e uma hist\u00f3ria que vale a pena saborear.<\/p><p>Por isso, se quiser mais do que apenas uma \u00abbaforada de fumo\u00bb, mas uma verdadeira viagem gustativa, vale a pena experimentar este Kiwi de morango!<\/p>\t\t\t\t\t\t\t\t<\/div>\n\t\t\t\t<\/div>\n\t\t\t\t\t<\/div>\n\t\t\t\t<\/div>\n\t\t\t\t<\/div>","protected":false},"excerpt":{"rendered":"<p>Vape JNR Falcon 16000 Fraise Kiwi S&rsquo;il existe un guide Michelin dans l&rsquo;industrie de la cigarette \u00e9lectronique, alors le JNR Falcon 16000 Strawberry Kiwi est d\u00e9finitivement une existence de niveau trois \u00e9toiles. Apr\u00e8s tout, les Fran\u00e7ais sont r\u00e9put\u00e9s pour leur exigence en mati\u00e8re de saveurs. Tout ce qu&rsquo;ils mettent dans leur bouche doit \u00eatre savoureux\u00a0! [&hellip;]<\/p>\n","protected":false},"featured_media":1569,"comment_status":"open","ping_status":"closed","template":"","meta":{"site-sidebar-layout":"no-sidebar","site-content-layout":"page-builder","ast-site-content-layout":"normal-width-container","site-content-style":"default","site-sidebar-style":"default","ast-global-header-display":"","ast-banner-title-visibility":"","ast-main-header-display":"","ast-hfb-above-header-display":"","ast-hfb-below-header-display":"","ast-hfb-mobile-header-display":"","site-post-title":"disabled","ast-breadcrumbs-content":"","ast-featured-img":"disabled","footer-sml-layout":"","ast-disable-related-posts":"","theme-transparent-header-meta":"default","adv-header-id-meta":"","stick-header-meta":"default","header-above-stick-meta":"","header-main-stick-meta":"","header-below-stick-meta":"","astra-migrate-meta-layouts":"set","ast-page-background-enabled":"default","ast-page-background-meta":{"desktop":{"background-color":"","background-image":"","background-repeat":"repeat","background-position":"center center","background-size":"auto","background-attachment":"scroll","background-type":"","background-media":"","overlay-type":"","overlay-color":"","overlay-opacity":"","overlay-gradient":""},"tablet":{"background-color":"","background-image":"","background-repeat":"repeat","background-position":"center center","background-size":"auto","background-attachment":"scroll","background-type":"","background-media":"","overlay-type":"","overlay-color":"","overlay-opacity":"","overlay-gradient":""},"mobile":{"background-color":"","background-image":"","background-repeat":"repeat","background-position":"center center","background-size":"auto","background-attachment":"scroll","background-type":"","background-media":"","overlay-type":"","overlay-color":"","overlay-opacity":"","overlay-gradient":""}},"ast-content-background-meta":{"desktop":{"background-color":"var(--ast-global-color-5)","background-image":"","background-repeat":"repeat","background-position":"center center","background-size":"auto","background-attachment":"scroll","background-type":"","background-media":"","overlay-type":"","overlay-color":"","overlay-opacity":"","overlay-gradient":""},"tablet":{"background-color":"var(--ast-global-color-5)","background-image":"","background-repeat":"repeat","background-position":"center center","background-size":"auto","background-attachment":"scroll","background-type":"","background-media":"","overlay-type":"","overlay-color":"","overlay-opacity":"","overlay-gradient":""},"mobile":{"background-color":"var(--ast-global-color-5)","background-image":"","background-repeat":"repeat","background-position":"center center","background-size":"auto","background-attachment":"scroll","background-type":"","background-media":"","overlay-type":"","overlay-color":"","overlay-opacity":"","overlay-gradient":""}}},"product_brand":[30],"product_cat":[36,81,77,34,31,32,15],"product_tag":[],"class_list":{"0":"post-1710","1":"product","2":"type-product","3":"status-publish","4":"has-post-thumbnail","6":"product_brand-jnr","7":"product_cat-jnr-16k","8":"product_cat-puff-16k","9":"product_cat-entrepot-de-lue","10":"product_cat-puff-jnr","11":"product_cat-jnr-falcon","12":"product_cat-puff-jnr-16k","13":"product_cat-magasin-cigarette-electronique","14":"desktop-align-center","15":"tablet-align-center","16":"mobile-align-center","17":"ast-product-gallery-layout-horizontal","18":"ast-product-gallery-with-no-image","19":"ast-product-single-variable","20":"ast-product-tabs-layout-horizontal","21":"ast-qv-on-image","23":"first","24":"instock","25":"sale","26":"shipping-taxable","27":"purchasable","28":"product-type-variable","29":"has-default-attributes"},"tiered_pricing_type":"fixed","tiered_pricing_fixed_rules":{"30":9.88,"60":9.26,"100":8.06,"200":7.38,"500":6.98,"1000":6.8},"tiered_pricing_product_settings":{"layout":"default","base_unit_name":{"singular":null,"plural":null},"default_variation":null},"tiered_pricing_minimum_quantity":null,"tiered_pricing_roles_data":[],"tiered_pricing_percentage_rules":[],"_links":{"self":[{"href":"https:\/\/puffvapestore.com\/pt\/wp-json\/wp\/v2\/product\/1710","targetHints":{"allow":["GET"]}}],"collection":[{"href":"https:\/\/puffvapestore.com\/pt\/wp-json\/wp\/v2\/product"}],"about":[{"href":"https:\/\/puffvapestore.com\/pt\/wp-json\/wp\/v2\/types\/product"}],"replies":[{"embeddable":true,"href":"https:\/\/puffvapestore.com\/pt\/wp-json\/wp\/v2\/comments?post=1710"}],"version-history":[{"count":14,"href":"https:\/\/puffvapestore.com\/pt\/wp-json\/wp\/v2\/product\/1710\/revisions"}],"predecessor-version":[{"id":17731,"href":"https:\/\/puffvapestore.com\/pt\/wp-json\/wp\/v2\/product\/1710\/revisions\/17731"}],"wp:featuredmedia":[{"embeddable":true,"href":"https:\/\/puffvapestore.com\/pt\/wp-json\/wp\/v2\/media\/1569"}],"wp:attachment":[{"href":"https:\/\/puffvapestore.com\/pt\/wp-json\/wp\/v2\/media?parent=1710"}],"wp:term":[{"taxonomy":"product_brand","embeddable":true,"href":"https:\/\/puffvapestore.com\/pt\/wp-json\/wp\/v2\/product_brand?post=1710"},{"taxonomy":"product_cat","embeddable":true,"href":"https:\/\/puffvapestore.com\/pt\/wp-json\/wp\/v2\/product_cat?post=1710"},{"taxonomy":"product_tag","embeddable":true,"href":"https:\/\/puffvapestore.com\/pt\/wp-json\/wp\/v2\/product_tag?post=1710"}],"curies":[{"name":"wp","href":"https:\/\/api.w.org\/{rel}","templated":true}]}}