{"id":1698,"date":"2025-03-23T11:07:01","date_gmt":"2025-03-23T11:07:01","guid":{"rendered":"https:\/\/puffvapestore.com\/?post_type=product&#038;p=1698"},"modified":"2026-04-20T11:07:40","modified_gmt":"2026-04-20T11:07:40","slug":"puff-jnr-falcon-16k-passion-fruit-kiwi","status":"publish","type":"product","link":"https:\/\/puffvapestore.com\/pt\/product\/puff-jnr-falcon-16k-maracuja-kiwi\/","title":{"rendered":"Puff JNR Falcon 16k Maracuj\u00e1 Kiwi"},"content":{"rendered":"<div data-elementor-type=\"wp-post\" data-elementor-id=\"1698\" class=\"elementor elementor-1698\">\n\t\t\t\t<div class=\"elementor-element elementor-element-824a998 e-flex e-con-boxed e-con e-parent\" data-id=\"824a998\" data-element_type=\"container\" data-e-type=\"container\">\n\t\t\t\t\t<div class=\"e-con-inner\">\n\t\t\t\t<div class=\"elementor-element elementor-element-55fd5fa elementor-widget elementor-widget-text-editor\" data-id=\"55fd5fa\" data-element_type=\"widget\" data-e-type=\"widget\" data-widget_type=\"text-editor.default\">\n\t\t\t\t<div class=\"elementor-widget-container\">\n\t\t\t\t\t\t\t\t\t<h2>Puff JNR Falcon 16k Maracuj\u00e1 Kiwi<\/h2><p>J\u00e1 alguma vez reparou que os franceses t\u00eam uma aprecia\u00e7\u00e3o natural da vida? Uma ch\u00e1vena de caf\u00e9 n\u00e3o deve ser demasiado amarga, o p\u00e3o deve estar acabado de cozer com uma crosta estaladi\u00e7a e o ar deve estar repleto do aroma de croissants acabados de cozer. E quando se trata de cigarros electr\u00f3nicos, n\u00e3o queremos certamente contentar-nos com qualquer coisa.<\/p><p>\u00c9 essa a beleza de <strong>Sabor a maracuj\u00e1 e kiwi de JNR Falcon 16000<\/strong> N\u00e3o \u00e9 como os sabores de fruta que se fazem em casa, \u00e9 uma verdadeira aventura gustativa, como encontrar um bar num beco escondido de Paris que s\u00f3 serve clientes habituais.<\/p>\t\t\t\t\t\t\t\t<\/div>\n\t\t\t\t<\/div>\n\t\t\t\t\t<\/div>\n\t\t\t\t<\/div>\n\t\t<div class=\"elementor-element elementor-element-942ccb0 e-flex e-con-boxed e-con e-parent\" data-id=\"942ccb0\" data-element_type=\"container\" data-e-type=\"container\">\n\t\t\t\t\t<div class=\"e-con-inner\">\n\t\t<div class=\"elementor-element elementor-element-577deeb e-con-full e-flex e-con e-child\" data-id=\"577deeb\" data-element_type=\"container\" data-e-type=\"container\">\n\t\t\t\t<div class=\"elementor-element elementor-element-5d167cf elementor-widget elementor-widget-text-editor\" data-id=\"5d167cf\" data-element_type=\"widget\" data-e-type=\"widget\" data-widget_type=\"text-editor.default\">\n\t\t\t\t<div class=\"elementor-widget-container\">\n\t\t\t\t\t\t\t\t\t<h2>Detalhes de Puff JNR Falcon 16k Maracuj\u00e1 Kiwi<\/h2><p>Puffs : At\u00e9 16.000 baforadas<br \/>L\u00edquido: 22 ml<br \/>N\u00edveis de nicotina: 0 %, 2 %, 5 %<br \/>Resist\u00eancia: 1,0 ohm<br \/>Capacidade da bateria: 850 mAh<br \/>Carregamento: Tipo C<br \/>Dupla malha e dupla resist\u00eancia do n\u00facleo<br \/>Dimens\u00f5es: 53,5 x 32 x 110 mm<\/p>\t\t\t\t\t\t\t\t<\/div>\n\t\t\t\t<\/div>\n\t\t\t\t<\/div>\n\t\t<div class=\"elementor-element elementor-element-d5e4b56 e-con-full e-flex e-con e-child\" data-id=\"d5e4b56\" data-element_type=\"container\" data-e-type=\"container\">\n\t\t\t\t<div class=\"elementor-element elementor-element-381dfcb elementor-widget elementor-widget-image-gallery\" data-id=\"381dfcb\" data-element_type=\"widget\" data-e-type=\"widget\" data-widget_type=\"image-gallery.default\">\n\t\t\t\t<div class=\"elementor-widget-container\">\n\t\t\t\t\t\t\t<div class=\"elementor-image-gallery\">\n\t\t\t<div id='gallery-1' class='gallery galleryid-1698 gallery-columns-1 gallery-size-medium_large'><figure class='gallery-item'>\n\t\t\t<div class='gallery-icon portrait'>\n\t\t\t\t<img fetchpriority=\"high\" decoding=\"async\" width=\"654\" height=\"690\" src=\"https:\/\/puffvapestore.com\/wp-content\/uploads\/2025\/03\/pvajf16000-29.jpg\" class=\"attachment-medium_large size-medium_large\" alt=\"JNR Falcon 16K Maracuj\u00e1 Kiwi\" aria-describedby=\"gallery-1-1576\" srcset=\"https:\/\/puffvapestore.com\/wp-content\/uploads\/2025\/03\/pvajf16000-29.jpg 654w, https:\/\/puffvapestore.com\/wp-content\/uploads\/2025\/03\/pvajf16000-29-284x300.jpg 284w, https:\/\/puffvapestore.com\/wp-content\/uploads\/2025\/03\/pvajf16000-29-600x633.jpg 600w\" sizes=\"(max-width: 654px) 100vw, 654px\" \/>\n\t\t\t<\/div>\n\t\t\t\t<figcaption class='wp-caption-text gallery-caption' id='gallery-1-1576'>\n\t\t\t\tJNR Falcon 16K Maracuj\u00e1 Kiwi\n\t\t\t\t<\/figcaption><\/figure>\n\t\t<\/div>\n\t\t<\/div>\n\t\t\t\t\t\t<\/div>\n\t\t\t\t<\/div>\n\t\t\t\t<\/div>\n\t\t\t\t\t<\/div>\n\t\t\t\t<\/div>\n\t\t<div class=\"elementor-element elementor-element-7926c6b e-flex e-con-boxed e-con e-parent\" data-id=\"7926c6b\" data-element_type=\"container\" data-e-type=\"container\">\n\t\t\t\t\t<div class=\"e-con-inner\">\n\t\t\t\t<div class=\"elementor-element elementor-element-2b41948 elementor-widget elementor-widget-text-editor\" data-id=\"2b41948\" data-element_type=\"widget\" data-e-type=\"widget\" data-widget_type=\"text-editor.default\">\n\t\t\t\t<div class=\"elementor-widget-container\">\n\t\t\t\t\t\t\t\t\t<h3>Estilo tropical, alma francesa<\/h3><p>O maracuj\u00e1, com a sua do\u00e7ura pregui\u00e7osa e encantadora, \u00e9 como o sol da tarde no sul de Fran\u00e7a, quente mas n\u00e3o deslumbrante. A sua fragr\u00e2ncia \u00e9 rica, um pouco ex\u00f3tica, mas n\u00e3o demasiado ostensiva, como a eleg\u00e2ncia descontra\u00edda dos franceses.<\/p><p>O kiwi \u00e9 ligeiramente \u00e1cido e refrescante, tal como a brisa matinal ao longo do Sena, trazendo um toque de frescura mas refrescando instantaneamente as pessoas. O equil\u00edbrio doce e \u00e1cido \u00e9 perfeito, nem gorduroso nem mon\u00f3tono, como um encontro de ver\u00e3o perfeito.<\/p><p>Quando estes dois sabores se encontram, \u00e9 como se Paris se encontrasse com a Riviera, com a sofistica\u00e7\u00e3o da cidade e a descontra\u00e7\u00e3o das f\u00e9rias. Cada tragada do cigarro \u00e9 como saborear um cocktail perfeitamente misturado, fazendo com que as pessoas queiram dar mais uma tragada.<\/p><h3>Porqu\u00ea escolher JNR Falcon 16000 Passion Fruit Kiwi?<\/h3><ul><li>Porque n\u00e3o queremos um sabor de fruta med\u00edocre, queremos um sabor realmente complexo com uma hist\u00f3ria por detr\u00e1s.<\/li><li>Porque acredita na \u00abarte de viver\u00bb, mesmo quando d\u00e1 uma passa num cigarro eletr\u00f3nico, tem de prestar aten\u00e7\u00e3o \u00e0 experi\u00eancia e aos pormenores.<\/li><li>Porque, como sabem, o verdadeiro prazer n\u00e3o se limita \u00e0s papilas gustativas, mas \u00e0 experi\u00eancia global, desde o design \u00e0 tecnologia e ao sabor.<\/li><\/ul><h3>JNR Falcon 16000 - Fa\u00e7a de cada tragada um prazer franc\u00eas<\/h3><p>N\u00e3o \u00e9 apenas um cigarro eletr\u00f3nico, \u00e9 uma viagem de sabores, que o leva de volta a uma atmosfera tropical tranquila no meio da az\u00e1fama da cidade. Est\u00e1 pronto para adicionar um pouco de sabor franc\u00eas ao seu quotidiano com este cigarro de maracuj\u00e1 e kiwi?<\/p>\t\t\t\t\t\t\t\t<\/div>\n\t\t\t\t<\/div>\n\t\t\t\t\t<\/div>\n\t\t\t\t<\/div>\n\t\t\t\t<\/div>","protected":false},"excerpt":{"rendered":"<p>Puff JNR Falcon 16k Fruit de la passion Kiwi Avez-vous d\u00e9j\u00e0 remarqu\u00e9 que les Fran\u00e7ais ont une appr\u00e9ciation naturelle de la vie ? Une tasse de caf\u00e9 ne doit pas \u00eatre trop am\u00e8re, le pain doit \u00eatre juste cuit avec une cro\u00fbte croustillante et l&rsquo;air doit \u00eatre rempli de l&rsquo;ar\u00f4me des croissants fra\u00eechement cuits. Et [&hellip;]<\/p>\n","protected":false},"featured_media":1576,"comment_status":"open","ping_status":"closed","template":"","meta":{"site-sidebar-layout":"no-sidebar","site-content-layout":"page-builder","ast-site-content-layout":"normal-width-container","site-content-style":"default","site-sidebar-style":"default","ast-global-header-display":"","ast-banner-title-visibility":"","ast-main-header-display":"","ast-hfb-above-header-display":"","ast-hfb-below-header-display":"","ast-hfb-mobile-header-display":"","site-post-title":"disabled","ast-breadcrumbs-content":"","ast-featured-img":"disabled","footer-sml-layout":"","ast-disable-related-posts":"","theme-transparent-header-meta":"default","adv-header-id-meta":"","stick-header-meta":"default","header-above-stick-meta":"","header-main-stick-meta":"","header-below-stick-meta":"","astra-migrate-meta-layouts":"set","ast-page-background-enabled":"default","ast-page-background-meta":{"desktop":{"background-color":"","background-image":"","background-repeat":"repeat","background-position":"center center","background-size":"auto","background-attachment":"scroll","background-type":"","background-media":"","overlay-type":"","overlay-color":"","overlay-opacity":"","overlay-gradient":""},"tablet":{"background-color":"","background-image":"","background-repeat":"repeat","background-position":"center center","background-size":"auto","background-attachment":"scroll","background-type":"","background-media":"","overlay-type":"","overlay-color":"","overlay-opacity":"","overlay-gradient":""},"mobile":{"background-color":"","background-image":"","background-repeat":"repeat","background-position":"center center","background-size":"auto","background-attachment":"scroll","background-type":"","background-media":"","overlay-type":"","overlay-color":"","overlay-opacity":"","overlay-gradient":""}},"ast-content-background-meta":{"desktop":{"background-color":"var(--ast-global-color-5)","background-image":"","background-repeat":"repeat","background-position":"center center","background-size":"auto","background-attachment":"scroll","background-type":"","background-media":"","overlay-type":"","overlay-color":"","overlay-opacity":"","overlay-gradient":""},"tablet":{"background-color":"var(--ast-global-color-5)","background-image":"","background-repeat":"repeat","background-position":"center center","background-size":"auto","background-attachment":"scroll","background-type":"","background-media":"","overlay-type":"","overlay-color":"","overlay-opacity":"","overlay-gradient":""},"mobile":{"background-color":"var(--ast-global-color-5)","background-image":"","background-repeat":"repeat","background-position":"center center","background-size":"auto","background-attachment":"scroll","background-type":"","background-media":"","overlay-type":"","overlay-color":"","overlay-opacity":"","overlay-gradient":""}}},"product_brand":[30],"product_cat":[15,81,77,36,31],"product_tag":[],"class_list":{"0":"post-1698","1":"product","2":"type-product","3":"status-publish","4":"has-post-thumbnail","6":"product_brand-jnr","7":"product_cat-magasin-cigarette-electronique","8":"product_cat-puff-16k","9":"product_cat-entrepot-de-lue","10":"product_cat-jnr-16k","11":"product_cat-jnr-falcon","12":"desktop-align-center","13":"tablet-align-center","14":"mobile-align-center","15":"ast-product-gallery-layout-horizontal","16":"ast-product-gallery-with-no-image","17":"ast-product-single-variable","18":"ast-product-tabs-layout-horizontal","19":"ast-qv-on-image","21":"first","22":"instock","23":"sale","24":"shipping-taxable","25":"purchasable","26":"product-type-variable","27":"has-default-attributes"},"tiered_pricing_type":"fixed","tiered_pricing_fixed_rules":{"30":9.88,"60":9.26,"100":8.06,"200":7.38,"500":6.98,"1000":6.8},"tiered_pricing_product_settings":{"layout":"default","base_unit_name":{"singular":null,"plural":null},"default_variation":null},"tiered_pricing_minimum_quantity":null,"tiered_pricing_roles_data":[],"tiered_pricing_percentage_rules":[],"_links":{"self":[{"href":"https:\/\/puffvapestore.com\/pt\/wp-json\/wp\/v2\/product\/1698","targetHints":{"allow":["GET"]}}],"collection":[{"href":"https:\/\/puffvapestore.com\/pt\/wp-json\/wp\/v2\/product"}],"about":[{"href":"https:\/\/puffvapestore.com\/pt\/wp-json\/wp\/v2\/types\/product"}],"replies":[{"embeddable":true,"href":"https:\/\/puffvapestore.com\/pt\/wp-json\/wp\/v2\/comments?post=1698"}],"version-history":[{"count":18,"href":"https:\/\/puffvapestore.com\/pt\/wp-json\/wp\/v2\/product\/1698\/revisions"}],"predecessor-version":[{"id":17743,"href":"https:\/\/puffvapestore.com\/pt\/wp-json\/wp\/v2\/product\/1698\/revisions\/17743"}],"wp:featuredmedia":[{"embeddable":true,"href":"https:\/\/puffvapestore.com\/pt\/wp-json\/wp\/v2\/media\/1576"}],"wp:attachment":[{"href":"https:\/\/puffvapestore.com\/pt\/wp-json\/wp\/v2\/media?parent=1698"}],"wp:term":[{"taxonomy":"product_brand","embeddable":true,"href":"https:\/\/puffvapestore.com\/pt\/wp-json\/wp\/v2\/product_brand?post=1698"},{"taxonomy":"product_cat","embeddable":true,"href":"https:\/\/puffvapestore.com\/pt\/wp-json\/wp\/v2\/product_cat?post=1698"},{"taxonomy":"product_tag","embeddable":true,"href":"https:\/\/puffvapestore.com\/pt\/wp-json\/wp\/v2\/product_tag?post=1698"}],"curies":[{"name":"wp","href":"https:\/\/api.w.org\/{rel}","templated":true}]}}