{"id":3,"date":"2025-03-23T09:13:23","date_gmt":"2025-03-23T09:13:23","guid":{"rendered":"https:\/\/puffvapestore.com\/?page_id=3"},"modified":"2025-03-24T07:27:33","modified_gmt":"2025-03-24T07:27:33","slug":"politique-de-confidentialite","status":"publish","type":"page","link":"https:\/\/puffvapestore.com\/pt\/politica-de-privacidade\/","title":{"rendered":"pol\u00edtica de privacidade"},"content":{"rendered":"<div data-elementor-type=\"wp-page\" data-elementor-id=\"3\" class=\"elementor elementor-3\">\n\t\t\t\t<div class=\"elementor-element elementor-element-84991eb e-flex e-con-boxed e-con e-parent\" data-id=\"84991eb\" data-element_type=\"container\" data-e-type=\"container\">\n\t\t\t\t\t<div class=\"e-con-inner\">\n\t\t<div class=\"elementor-element elementor-element-9e8c2e3 e-con-full e-flex e-con e-child\" data-id=\"9e8c2e3\" data-element_type=\"container\" data-e-type=\"container\">\n\t\t\t\t<div class=\"elementor-element elementor-element-77c916f elementor-widget elementor-widget-text-editor\" data-id=\"77c916f\" data-element_type=\"widget\" data-e-type=\"widget\" data-widget_type=\"text-editor.default\">\n\t\t\t\t<div class=\"elementor-widget-container\">\n\t\t\t\t\t\t\t\t\t<h1>pol\u00edtica de privacidade<\/h1><p>A presente Pol\u00edtica de Privacidade explica como n\u00f3s (o \u00abSite\u00bb, \u00abn\u00f3s\u00bb ou \u00abnos\u00bb) recolhemos, utilizamos e divulgamos as suas informa\u00e7\u00f5es pessoais quando visita, utiliza os nossos servi\u00e7os ou efectua uma compra no nosso Web site (o \u00abSite\u00bb) ou quando comunica connosco relativamente ao Site (coletivamente, os \u00abServi\u00e7os\u00bb). Para efeitos da presente Pol\u00edtica de Privacidade, \u00abvoc\u00ea\u00bb, \u00abseu\u00bb e \u00abseu\u00bb referem-se a si enquanto utilizador dos Servi\u00e7os, quer seja um cliente, um visitante do Website ou outra pessoa cujas informa\u00e7\u00f5es recolhemos ao abrigo da presente Pol\u00edtica de Privacidade.<\/p><h2>Como recolhemos e utilizamos as suas informa\u00e7\u00f5es pessoais<\/h2><p>Para podermos fornecer os Servi\u00e7os, recolhemos as informa\u00e7\u00f5es pessoais do utilizador a partir de uma variedade de fontes, conforme descrito abaixo. As informa\u00e7\u00f5es que recolhemos e utilizamos dependem da forma como o utilizador interage connosco.<\/p><p>Para al\u00e9m das utiliza\u00e7\u00f5es espec\u00edficas abaixo indicadas, podemos utilizar as informa\u00e7\u00f5es que recolhemos sobre o utilizador para comunicar com ele, para fornecer ou melhorar os Servi\u00e7os, para cumprir qualquer obriga\u00e7\u00e3o legal aplic\u00e1vel, para fazer cumprir os Termos de Servi\u00e7o aplic\u00e1veis e para proteger ou defender os Servi\u00e7os, os nossos direitos e os direitos dos nossos utilizadores ou outros.<\/p><h2>Informa\u00e7\u00f5es pessoais que recolhemos<\/h2><p>Os tipos de informa\u00e7\u00f5es pessoais que obtemos sobre o utilizador dependem da forma como este interage com o nosso s\u00edtio Web e utiliza os nossos servi\u00e7os. Quando utilizamos o termo \u00abinforma\u00e7\u00f5es pessoais\u00bb, referimo-nos a informa\u00e7\u00f5es que identificam o utilizador, est\u00e3o relacionadas com o utilizador, descrevem o utilizador ou podem ser associadas ao utilizador. As sec\u00e7\u00f5es seguintes descrevem as categorias e os tipos espec\u00edficos de informa\u00e7\u00f5es pessoais que recolhemos.<\/p><h2>Informa\u00e7\u00f5es que recolhemos diretamente do utilizador<\/h2><p>As informa\u00e7\u00f5es que nos envia diretamente atrav\u00e9s dos nossos Servi\u00e7os podem incluir:<\/p><p>Dados de contacto, incluindo o seu nome, endere\u00e7o, n\u00famero de telefone e endere\u00e7o de correio eletr\u00f3nico.<br \/>As informa\u00e7\u00f5es sobre a encomenda incluem o seu nome, endere\u00e7o de fatura\u00e7\u00e3o, endere\u00e7o de entrega, confirma\u00e7\u00e3o de pagamento, endere\u00e7o de correio eletr\u00f3nico e n\u00famero de telefone.<br \/>As informa\u00e7\u00f5es da conta incluem o seu nome de utilizador, palavra-passe, perguntas de seguran\u00e7a e outras informa\u00e7\u00f5es utilizadas para fins de seguran\u00e7a da conta.<br \/>As informa\u00e7\u00f5es de servi\u00e7o ao cliente incluem informa\u00e7\u00f5es que o utilizador opta por incluir nas suas comunica\u00e7\u00f5es connosco, por exemplo, quando envia uma mensagem atrav\u00e9s dos Servi\u00e7os.<br \/>Algumas funcionalidades dos Servi\u00e7os podem exigir que o utilizador forne\u00e7a determinadas informa\u00e7\u00f5es sobre si diretamente a n\u00f3s. O utilizador pode optar por n\u00e3o fornecer essas informa\u00e7\u00f5es, mas isso pode impedi-lo de utilizar ou aceder a essas funcionalidades.<\/p><h2>Informa\u00e7\u00f5es que recolhemos sobre a sua utiliza\u00e7\u00e3o<\/h2><p>Podemos tamb\u00e9m recolher automaticamente determinadas informa\u00e7\u00f5es sobre as suas intera\u00e7\u00f5es com o Servi\u00e7o (\u00abDados de Utiliza\u00e7\u00e3o\u00bb). Para tal, poderemos utilizar cookies, pix\u00e9is e tecnologias semelhantes (\u00abCookies\u00bb). Os Dados de Utiliza\u00e7\u00e3o podem incluir informa\u00e7\u00f5es sobre a forma como o utilizador acede e utiliza o nosso s\u00edtio Web e a sua conta, incluindo informa\u00e7\u00f5es sobre o dispositivo, informa\u00e7\u00f5es sobre o browser, informa\u00e7\u00f5es sobre a sua liga\u00e7\u00e3o de rede, o seu endere\u00e7o IP e outras informa\u00e7\u00f5es sobre a sua intera\u00e7\u00e3o com o Servi\u00e7o.<\/p><h2>Como utilizamos as suas informa\u00e7\u00f5es pessoais<\/h2><p>Para fornecer produtos e servi\u00e7os. Utilizamos as suas informa\u00e7\u00f5es pessoais para lhe prestar servi\u00e7os, de modo a executar o nosso contrato com o utilizador, incluindo o processamento dos seus pagamentos, o cumprimento das suas encomendas, o envio de notifica\u00e7\u00f5es relacionadas com a conta, as suas compras, devolu\u00e7\u00f5es, trocas ou outras transac\u00e7\u00f5es, a cria\u00e7\u00e3o, manuten\u00e7\u00e3o e gest\u00e3o da sua conta, a organiza\u00e7\u00e3o de envios, a facilita\u00e7\u00e3o de devolu\u00e7\u00f5es e trocas e outras funcionalidades relacionadas com a conta.<\/p><p>Marketing e publicidade. Podemos utilizar as suas informa\u00e7\u00f5es pessoais para fins de marketing e promo\u00e7\u00e3o, tais como o envio de comunica\u00e7\u00f5es de marketing, publicidade e promo\u00e7\u00e3o por correio eletr\u00f3nico, SMS ou correio postal e a apresenta\u00e7\u00e3o de an\u00fancios de produtos ou servi\u00e7os. Isto pode incluir a utiliza\u00e7\u00e3o das suas informa\u00e7\u00f5es pessoais para adaptar melhor os servi\u00e7os e a publicidade no nosso s\u00edtio e noutros s\u00edtios. Se o utilizador estiver localizado no Espa\u00e7o Econ\u00f3mico Europeu (EEE), a base legal para estas actividades de processamento de dados \u00e9 o nosso interesse leg\u00edtimo em vender os nossos produtos, de acordo com o Art. \u00ba, n.\u00ba 1, al\u00ednea f) do RGPD.<\/p><p>Seguran\u00e7a e preven\u00e7\u00e3o de fraudes. Utilizamos as suas informa\u00e7\u00f5es pessoais para detetar, investigar ou tomar medidas relativamente a poss\u00edveis actividades fraudulentas, ilegais ou maliciosas. Se o utilizador optar por utilizar os Servi\u00e7os e criar uma conta, \u00e9 respons\u00e1vel por manter a seguran\u00e7a das credenciais da sua conta. Recomendamos vivamente que n\u00e3o partilhe o seu nome de utilizador, palavra-passe ou outras informa\u00e7\u00f5es de acesso. Se acredita que a sua conta foi comprometida, contacte-nos imediatamente. Se estiver localizado no Espa\u00e7o Econ\u00f3mico Europeu (EEE), a base legal para estas actividades de processamento de dados \u00e9 o nosso interesse leg\u00edtimo em manter a seguran\u00e7a do nosso website para si e para outros clientes, de acordo com o Artigo 6. Artigo 6(1)(f) do GDPR.<\/p><p>Comunicar com o utilizador e melhorar os Servi\u00e7os. Utilizamos as informa\u00e7\u00f5es pessoais do utilizador para lhe prestar um servi\u00e7o de apoio ao cliente e para melhorar os nossos servi\u00e7os. \u00c9 do nosso interesse leg\u00edtimo garantir que somos reactivos e que lhe prestamos um servi\u00e7o eficiente e manter a nossa rela\u00e7\u00e3o comercial consigo, em conformidade com o artigo 6. Artigo 6(1)(f) do GDPR.<\/p><h2>Gerir os cookies e outros identificadores<\/h2><p>Os s\u00edtios Web utilizam \u00abcookies\u00bb e outras ferramentas semelhantes para melhorar a experi\u00eancia de compra, prestar servi\u00e7os e compreender a forma como os clientes utilizam os nossos servi\u00e7os, de modo a podermos introduzir melhorias.<\/p><p>O menu \u00abAjuda\u00bb da maioria dos browsers e dispositivos cont\u00e9m instru\u00e7\u00f5es sobre como impedir o seu browser ou dispositivo de aceitar novos cookies, como gerir as notifica\u00e7\u00f5es quando recebe um novo cookie e como desativar completamente os cookies. Uma vez que os cookies lhe permitem utilizar determinados servi\u00e7os essenciais, recomendamos que os mantenha activados. Por exemplo, se bloquear ou rejeitar os nossos cookies, n\u00e3o poder\u00e1 adicionar artigos ao seu cesto de compras, concluir a sua encomenda ou utilizar servi\u00e7os que exijam autentica\u00e7\u00e3o.<\/p><p>Se desejar navegar no nosso s\u00edtio Web mas n\u00e3o quiser que a sua atividade de navega\u00e7\u00e3o seja associada \u00e0 sua conta, pode sair da sua conta e desativar os cookies no seu browser.<\/p><p>Objetivo da recolha de dados: Recolhemos estes dados para garantir que o s\u00edtio Web \u00e9 apresentado corretamente no seu dispositivo e para analisar a utiliza\u00e7\u00e3o do s\u00edtio Web, a fim de o otimizar.<\/p><p>Como recolhemos os dados: Quando utiliza o nosso s\u00edtio Web, recolhemos automaticamente dados atrav\u00e9s de cookies, ficheiros de registo, web beacons, tags, pixels ou outras tecnologias de rastreio digital.<\/p><p>Utiliza\u00e7\u00e3o de informa\u00e7\u00f5es pessoais: Utilizamos as suas informa\u00e7\u00f5es pessoais para prestar os nossos servi\u00e7os, incluindo a venda de produtos, o processamento de pagamentos, o cumprimento de encomendas e o fornecimento de novos produtos e ofertas.<\/p><p>Contactar-nos : Para saber mais sobre as nossas pr\u00e1ticas de privacidade ou para colocar quaisquer quest\u00f5es ou preocupa\u00e7\u00f5es, contacte-nos atrav\u00e9s do endere\u00e7o de correio eletr\u00f3nico oficial.<\/p>\t\t\t\t\t\t\t\t<\/div>\n\t\t\t\t<\/div>\n\t\t\t\t<\/div>\n\t\t\t\t\t<\/div>\n\t\t\t\t<\/div>\n\t\t\t\t<\/div>","protected":false},"excerpt":{"rendered":"<p>politique de confidentialit\u00e9 Cette politique de confidentialit\u00e9 explique comment nous (le \u00ab Site \u00bb, \u00ab nous \u00bb ou \u00ab nos \u00bb) collectons, utilisons et divulguons vos informations personnelles lorsque vous visitez, utilisez nos services ou effectuez un achat sur notre site Web (le \u00ab Site \u00bb) ou communiquez autrement avec nous concernant le Site (collectivement, [&hellip;]<\/p>\n","protected":false},"author":1,"featured_media":0,"parent":0,"menu_order":12,"comment_status":"closed","ping_status":"open","template":"","meta":{"site-sidebar-layout":"no-sidebar","site-content-layout":"page-builder","ast-site-content-layout":"full-width-container","site-content-style":"default","site-sidebar-style":"default","ast-global-header-display":"","ast-banner-title-visibility":"","ast-main-header-display":"","ast-hfb-above-header-display":"","ast-hfb-below-header-display":"","ast-hfb-mobile-header-display":"","site-post-title":"disabled","ast-breadcrumbs-content":"","ast-featured-img":"disabled","footer-sml-layout":"","ast-disable-related-posts":"","theme-transparent-header-meta":"","adv-header-id-meta":"","stick-header-meta":"","header-above-stick-meta":"","header-main-stick-meta":"","header-below-stick-meta":"","astra-migrate-meta-layouts":"set","ast-page-background-enabled":"default","ast-page-background-meta":{"desktop":{"background-color":"","background-image":"","background-repeat":"repeat","background-position":"center center","background-size":"auto","background-attachment":"scroll","background-type":"","background-media":"","overlay-type":"","overlay-color":"","overlay-opacity":"","overlay-gradient":""},"tablet":{"background-color":"","background-image":"","background-repeat":"repeat","background-position":"center center","background-size":"auto","background-attachment":"scroll","background-type":"","background-media":"","overlay-type":"","overlay-color":"","overlay-opacity":"","overlay-gradient":""},"mobile":{"background-color":"","background-image":"","background-repeat":"repeat","background-position":"center center","background-size":"auto","background-attachment":"scroll","background-type":"","background-media":"","overlay-type":"","overlay-color":"","overlay-opacity":"","overlay-gradient":""}},"ast-content-background-meta":{"desktop":{"background-color":"var(--ast-global-color-5)","background-image":"","background-repeat":"repeat","background-position":"center center","background-size":"auto","background-attachment":"scroll","background-type":"","background-media":"","overlay-type":"","overlay-color":"","overlay-opacity":"","overlay-gradient":""},"tablet":{"background-color":"var(--ast-global-color-5)","background-image":"","background-repeat":"repeat","background-position":"center center","background-size":"auto","background-attachment":"scroll","background-type":"","background-media":"","overlay-type":"","overlay-color":"","overlay-opacity":"","overlay-gradient":""},"mobile":{"background-color":"var(--ast-global-color-5)","background-image":"","background-repeat":"repeat","background-position":"center center","background-size":"auto","background-attachment":"scroll","background-type":"","background-media":"","overlay-type":"","overlay-color":"","overlay-opacity":"","overlay-gradient":""}},"footnotes":""},"class_list":["post-3","page","type-page","status-publish","hentry"],"_links":{"self":[{"href":"https:\/\/puffvapestore.com\/pt\/wp-json\/wp\/v2\/pages\/3","targetHints":{"allow":["GET"]}}],"collection":[{"href":"https:\/\/puffvapestore.com\/pt\/wp-json\/wp\/v2\/pages"}],"about":[{"href":"https:\/\/puffvapestore.com\/pt\/wp-json\/wp\/v2\/types\/page"}],"author":[{"embeddable":true,"href":"https:\/\/puffvapestore.com\/pt\/wp-json\/wp\/v2\/users\/1"}],"replies":[{"embeddable":true,"href":"https:\/\/puffvapestore.com\/pt\/wp-json\/wp\/v2\/comments?post=3"}],"version-history":[{"count":4,"href":"https:\/\/puffvapestore.com\/pt\/wp-json\/wp\/v2\/pages\/3\/revisions"}],"predecessor-version":[{"id":1757,"href":"https:\/\/puffvapestore.com\/pt\/wp-json\/wp\/v2\/pages\/3\/revisions\/1757"}],"wp:attachment":[{"href":"https:\/\/puffvapestore.com\/pt\/wp-json\/wp\/v2\/media?parent=3"}],"curies":[{"name":"wp","href":"https:\/\/api.w.org\/{rel}","templated":true}]}}