{"id":1752,"date":"2025-03-24T07:37:06","date_gmt":"2025-03-24T07:37:06","guid":{"rendered":"https:\/\/puffvapestore.com\/?page_id=1752"},"modified":"2025-03-24T07:42:16","modified_gmt":"2025-03-24T07:42:16","slug":"livraison","status":"publish","type":"page","link":"https:\/\/puffvapestore.com\/pt\/entrega\/","title":{"rendered":"Informa\u00e7\u00f5es de entrega"},"content":{"rendered":"<div data-elementor-type=\"wp-page\" data-elementor-id=\"1752\" class=\"elementor elementor-1752\">\n\t\t\t\t<div class=\"elementor-element elementor-element-b106341 e-flex e-con-boxed e-con e-parent\" data-id=\"b106341\" data-element_type=\"container\" data-e-type=\"container\">\n\t\t\t\t\t<div class=\"e-con-inner\">\n\t\t<div class=\"elementor-element elementor-element-2048edd e-con-full e-flex e-con e-child\" data-id=\"2048edd\" data-element_type=\"container\" data-e-type=\"container\">\n\t\t\t\t<div class=\"elementor-element elementor-element-f39cc7f elementor-widget elementor-widget-text-editor\" data-id=\"f39cc7f\" data-element_type=\"widget\" data-e-type=\"widget\" data-widget_type=\"text-editor.default\">\n\t\t\t\t<div class=\"elementor-widget-container\">\n\t\t\t\t\t\t\t\t\t<h1>Informa\u00e7\u00f5es de entrega<\/h1><p>Estamos empenhados em proporcionar a todos os clientes uma excelente experi\u00eancia de compra, desde a encomenda at\u00e9 \u00e0 entrega, com cada liga\u00e7\u00e3o a esfor\u00e7ar-se por ser eficiente e conveniente.<\/p><h2>Fa\u00e7a j\u00e1 a sua encomenda e n\u00f3s enviamo-la rapidamente!<\/h2><p>Assim que a sua encomenda chega, os nossos especialistas em armaz\u00e9m entram em a\u00e7\u00e3o e embalam os seus produtos em tempo recorde! A sua encomenda ser\u00e1 geralmente expedida num prazo de 1 a 3 dias \u00fateis. E quanto \u00e0 rapidez de entrega? Em geral, a sua encomenda pode ser entregue num prazo de 3 a 5 dias \u00fateis. Se tiver sorte, pode at\u00e9 estar \u00e0 sua porta dentro de 1-2 dias! (Tamb\u00e9m temos de fazer uma pausa no fim de semana, pelo que n\u00e3o enviaremos qualquer mercadoria).<\/p><h2>Alterar a sua encomenda? Apresse-se e aproveite o tempo!<\/h2><p>Ainda tem d\u00favidas se preencheu a morada errada ou se quer mudar a cor? N\u00e3o h\u00e1 problema! Desde que a sua encomenda n\u00e3o tenha sido enviada, pode cancelar ou alterar o endere\u00e7o de entrega em qualquer altura. Contacte-nos o mais rapidamente poss\u00edvel atrav\u00e9s do nosso endere\u00e7o de correio eletr\u00f3nico oficial e faremos o nosso melhor para satisfazer as suas necessidades. Mas se a encomenda j\u00e1 tiver sido expedida do armaz\u00e9m, s\u00f3 pode esperar que chegue at\u00e9 si em seguran\u00e7a, e j\u00e1 n\u00e3o podemos fazer altera\u00e7\u00f5es ou emitir reembolsos!<\/p><h2>\u00c9 importante ter o endere\u00e7o correto!<\/h2><p>A sua encomenda ser\u00e1 entregue no endere\u00e7o que forneceu no momento da compra, por isso, preencha-o antes de efetuar a compra para se certificar de que o endere\u00e7o est\u00e1 correto!<\/p><h2>Tem alguma pergunta? Venha visitar-nos!<\/h2><p>Se tiver algum problema durante o processo de compra ou se tiver alguma d\u00favida, n\u00e3o hesite em contactar-nos. Entraremos em contacto consigo o mais rapidamente poss\u00edvel para o ajudar a resolver quaisquer problemas que possa ter e tornar a sua experi\u00eancia de compra t\u00e3o simples e agrad\u00e1vel quanto poss\u00edvel!<\/p>\t\t\t\t\t\t\t\t<\/div>\n\t\t\t\t<\/div>\n\t\t\t\t<\/div>\n\t\t\t\t\t<\/div>\n\t\t\t\t<\/div>\n\t\t\t\t<\/div>","protected":false},"excerpt":{"rendered":"<p>Informations sur la livraison Nous nous engageons \u00e0 offrir \u00e0 chaque client une excellente exp\u00e9rience d&rsquo;achat, de la commande \u00e0 la livraison, chaque lien s&rsquo;efforce d&rsquo;\u00eatre efficace et pratique. Passez votre commande maintenant et nous vous la livrerons rapidement ! D\u00e8s l&rsquo;arriv\u00e9e de votre commande, nos experts en entrep\u00f4t se mettent imm\u00e9diatement en action et [&hellip;]<\/p>\n","protected":false},"author":1,"featured_media":0,"parent":0,"menu_order":1,"comment_status":"closed","ping_status":"closed","template":"","meta":{"site-sidebar-layout":"no-sidebar","site-content-layout":"page-builder","ast-site-content-layout":"full-width-container","site-content-style":"default","site-sidebar-style":"default","ast-global-header-display":"","ast-banner-title-visibility":"","ast-main-header-display":"","ast-hfb-above-header-display":"","ast-hfb-below-header-display":"","ast-hfb-mobile-header-display":"","site-post-title":"disabled","ast-breadcrumbs-content":"","ast-featured-img":"disabled","footer-sml-layout":"","ast-disable-related-posts":"","theme-transparent-header-meta":"","adv-header-id-meta":"","stick-header-meta":"","header-above-stick-meta":"","header-main-stick-meta":"","header-below-stick-meta":"","astra-migrate-meta-layouts":"set","ast-page-background-enabled":"default","ast-page-background-meta":{"desktop":{"background-color":"","background-image":"","background-repeat":"repeat","background-position":"center center","background-size":"auto","background-attachment":"scroll","background-type":"","background-media":"","overlay-type":"","overlay-color":"","overlay-opacity":"","overlay-gradient":""},"tablet":{"background-color":"","background-image":"","background-repeat":"repeat","background-position":"center center","background-size":"auto","background-attachment":"scroll","background-type":"","background-media":"","overlay-type":"","overlay-color":"","overlay-opacity":"","overlay-gradient":""},"mobile":{"background-color":"","background-image":"","background-repeat":"repeat","background-position":"center center","background-size":"auto","background-attachment":"scroll","background-type":"","background-media":"","overlay-type":"","overlay-color":"","overlay-opacity":"","overlay-gradient":""}},"ast-content-background-meta":{"desktop":{"background-color":"var(--ast-global-color-5)","background-image":"","background-repeat":"repeat","background-position":"center center","background-size":"auto","background-attachment":"scroll","background-type":"","background-media":"","overlay-type":"","overlay-color":"","overlay-opacity":"","overlay-gradient":""},"tablet":{"background-color":"var(--ast-global-color-5)","background-image":"","background-repeat":"repeat","background-position":"center center","background-size":"auto","background-attachment":"scroll","background-type":"","background-media":"","overlay-type":"","overlay-color":"","overlay-opacity":"","overlay-gradient":""},"mobile":{"background-color":"var(--ast-global-color-5)","background-image":"","background-repeat":"repeat","background-position":"center center","background-size":"auto","background-attachment":"scroll","background-type":"","background-media":"","overlay-type":"","overlay-color":"","overlay-opacity":"","overlay-gradient":""}},"footnotes":""},"class_list":["post-1752","page","type-page","status-publish","hentry"],"_links":{"self":[{"href":"https:\/\/puffvapestore.com\/pt\/wp-json\/wp\/v2\/pages\/1752","targetHints":{"allow":["GET"]}}],"collection":[{"href":"https:\/\/puffvapestore.com\/pt\/wp-json\/wp\/v2\/pages"}],"about":[{"href":"https:\/\/puffvapestore.com\/pt\/wp-json\/wp\/v2\/types\/page"}],"author":[{"embeddable":true,"href":"https:\/\/puffvapestore.com\/pt\/wp-json\/wp\/v2\/users\/1"}],"replies":[{"embeddable":true,"href":"https:\/\/puffvapestore.com\/pt\/wp-json\/wp\/v2\/comments?post=1752"}],"version-history":[{"count":4,"href":"https:\/\/puffvapestore.com\/pt\/wp-json\/wp\/v2\/pages\/1752\/revisions"}],"predecessor-version":[{"id":1767,"href":"https:\/\/puffvapestore.com\/pt\/wp-json\/wp\/v2\/pages\/1752\/revisions\/1767"}],"wp:attachment":[{"href":"https:\/\/puffvapestore.com\/pt\/wp-json\/wp\/v2\/media?parent=1752"}],"curies":[{"name":"wp","href":"https:\/\/api.w.org\/{rel}","templated":true}]}}