{"id":6857,"date":"2025-08-23T23:14:05","date_gmt":"2025-08-23T23:14:05","guid":{"rendered":"https:\/\/puffvapestore.com\/?post_type=product&#038;p=6857"},"modified":"2026-01-19T10:31:54","modified_gmt":"2026-01-19T10:31:54","slug":"fraise-mangue-bang-king-35k-allie-lenergie-fraiche-et-acidulee-de-la-fraise","status":"publish","type":"product","link":"https:\/\/puffvapestore.com\/pl\/product\/truskawka-mango-bang-king-35k-laczy-w-sobie-swieza-i-pikantna-energie-truskawek\/","title":{"rendered":"Strawberry Mango - Bang King 35K"},"content":{"rendered":"<div data-elementor-type=\"wp-post\" data-elementor-id=\"6857\" class=\"elementor elementor-6857\">\n\t\t\t\t<div class=\"elementor-element elementor-element-08c26f9 e-flex e-con-boxed e-con e-parent\" data-id=\"08c26f9\" data-element_type=\"container\" data-e-type=\"container\">\n\t\t\t\t\t<div class=\"e-con-inner\">\n\t\t\t\t<div class=\"elementor-element elementor-element-a005a97 elementor-widget elementor-widget-text-editor\" data-id=\"a005a97\" data-element_type=\"widget\" data-e-type=\"widget\" data-widget_type=\"text-editor.default\">\n\t\t\t\t<div class=\"elementor-widget-container\">\n\t\t\t\t\t\t\t\t\t<p>G\u0142\u00f3wnym smakiem elektronicznego papierosa Bang King 35000 Strawberry Mango jest \u015bwie\u017ca, pikantna energia truskawek i bogaty, s\u0142odki aromat mango. Ta idealna r\u00f3wnowaga tworzy orze\u017awiaj\u0105cy nap\u00f3j o smaku owoc\u00f3w tropikalnych.<\/p><h2>Smak truskawkowy:<\/h2><p>Aromat truskawkowy jest \u015bwie\u017cy i lekko cierpki, przypominaj\u0105cy \u015bwie\u017co zebrane truskawki.<\/p><p>Kwaskowato\u015b\u0107 truskawki jest wyczuwalna podczas inhalacji, r\u00f3wnowa\u017c\u0105c og\u00f3ln\u0105 s\u0142odycz i dodaj\u0105c \u017cywego smaku.<\/p><p>Smak truskawkowy zachowuje naturalny owocowy aromat z nut\u0105 mi\u0119sisto\u015bci.<\/p><h2>Smak mango :<\/h2><p>Smak mango jest bogaty i s\u0142odki, z intensywnym, tropikalnym aromatem typowym dla owoc\u00f3w tropikalnych.<\/p><p>S\u0142odycz mango jest delikatna i \u0142agodna, jak dojrza\u0142y mi\u0105\u017csz mango z odrobin\u0105 miodu.<\/p><p>Podniebienie jest wzmocnione przez wyj\u0105tkow\u0105, mi\u0119kk\u0105, kremow\u0105 konsystencj\u0119, kt\u00f3ra dodaje og\u00f3lnej s\u0142odyczy.<\/p><h2>Monta\u017c :<\/h2><p>Kwaskowato\u015b\u0107 truskawki i s\u0142odycz mango doskonale \u0142\u0105cz\u0105 si\u0119, tworz\u0105c z\u0142o\u017cony smak, kt\u00f3ry jest zar\u00f3wno orze\u017awiaj\u0105cy, jak i bogaty.<\/p><p>Smak jest dobrze zbudowany, \u0142\u0105cz\u0105c orze\u017awiaj\u0105c\u0105 kwasowo\u015b\u0107 z owocow\u0105 s\u0142odycz\u0105.<\/p><p>Ten elektroniczny papieros ma orze\u017awiaj\u0105cy, energetyzuj\u0105cy charakter tropikalnego sadu, pozostawiaj\u0105c przyjemne, ekscytuj\u0105ce uczucie.<\/p><h2>Posmak :<\/h2><p>Posmak jest lekko owocowy, bez d\u0142ugotrwa\u0142ego lub szybkiego odfermentowania, idealny dla os\u00f3b poszukuj\u0105cych orze\u017awiaj\u0105cego smaku.<\/p><p>Bez dominuj\u0105cych sztucznych aromat\u00f3w, aromat jest naturalny, dzi\u0119ki czemu idealnie nadaje si\u0119 do codziennego u\u017cytku.<\/p><h2>Ekran LED o wysokiej rozdzielczo\u015bci<\/h2><p>Model Bang King 35000 Strawberry Mango jest wyposa\u017cony w innowacyjny, inteligentny wy\u015bwietlacz LED, kt\u00f3ry pokazuje stan urz\u0105dzenia w czasie rzeczywistym. Ten przyjazny dla u\u017cytkownika wy\u015bwietlacz pokazuje kluczowe informacje, takie jak pozosta\u0142y czas pracy baterii i poziom e-liquidu, u\u0142atwiaj\u0105c u\u017cytkownikom monitorowanie zu\u017cycia. Wy\u015bwietlacz jest praktyczny, zapewniaj\u0105c optymalne u\u017cytkowanie w przypadku roz\u0142adowania baterii lub niskiego poziomu e-cieczy.<\/p><h2>Du\u017ca pojemno\u015b\u0107 e-liquidu<\/h2><p>Model Bang King 35000 Strawberry Mango jest fabrycznie nape\u0142niony 23 ml najwy\u017cszej jako\u015bci e-liquidu, co gwarantuje d\u0142ugotrwa\u0142e u\u017cytkowanie bez konieczno\u015bci uzupe\u0142niania. Ta du\u017ca pojemno\u015b\u0107 jest idealna dla tych, kt\u00f3rzy szukaj\u0105 d\u0142ugotrwa\u0142ego, bezproblemowego do\u015bwiadczenia, niezale\u017cnie od tego, czy s\u0105 okazjonalnymi, czy intensywnymi u\u017cytkownikami. Jego wst\u0119pnie nape\u0142niona konstrukcja eliminuje k\u0142opoty zwi\u0105zane z r\u0119cznym uzupe\u0142nianiem e-liquidu, oferuj\u0105c proste, gotowe do u\u017cycia rozwi\u0105zanie.<\/p><p>Zaprojektowany z my\u015bl\u0105 o d\u0142ugoterminowej trwa\u0142o\u015bci, model Bang King 35000 oferuje imponuj\u0105c\u0105 liczb\u0119 35 000 zaci\u0105gni\u0119\u0107. Ta wysoka liczba zaci\u0105gni\u0119\u0107 sprawia, \u017ce jest to jeden z najtrwalszych jednorazowych papieros\u00f3w elektronicznych na rynku, spe\u0142niaj\u0105cy potrzeby u\u017cytkownik\u00f3w, kt\u00f3rzy preferuj\u0105 d\u0142ugotrwa\u0142e u\u017cytkowanie bez cz\u0119stej wymiany urz\u0105dzenia. Wysoki cykl zaci\u0105gni\u0119\u0107 zapewnia d\u0142ugotrwa\u0142\u0105, sta\u0142\u0105 wydajno\u015b\u0107, dzi\u0119ki czemu jest to przyst\u0119pny cenowo wyb\u00f3r dla vaper\u00f3w.<\/p><h2>Wiele dawek nikotyny i technologia Mesh resistance<\/h2><p>Model Bang King 35000 Strawberry Mango oferuje r\u00f3\u017cne dawki nikotyny, aby zaspokoi\u0107 ka\u017cd\u0105 potrzeb\u0119: 0 %, 2 %, 3 % i 5 %. Niezale\u017cnie od tego, czy szukasz wra\u017ce\u0144 bez nikotyny, czy bardziej intensywnego wapowania, opcje te oferuj\u0105 du\u017c\u0105 elastyczno\u015b\u0107, zar\u00f3wno dla pocz\u0105tkuj\u0105cych rzucaj\u0105cych tradycyjne papierosy, jak i dla do\u015bwiadczonych vaper\u00f3w szukaj\u0105cych spersonalizowanych wra\u017ce\u0144. Gama ta spe\u0142nia r\u00f3\u017cnorodne potrzeby i przemawia do szerokiego grona odbiorc\u00f3w.<\/p><p>Sercem modelu Bang King 35000 jest rezystor siatkowy 0,6 \u03a9 zaprojektowany w celu optymalizacji smaku i produkcji pary. Wi\u0119ksza powierzchnia rezystora Mesh zapewnia r\u00f3wnomierne ogrzewanie, zapewniaj\u0105c niezmiennie bogaty smak i p\u0142ynne, komfortowe doznania podczas waporyzacji. Ta zaawansowana technologia poprawia og\u00f3lne wra\u017cenia z waporyzacji, oferuj\u0105c lepszy smak i wydajno\u015b\u0107 w por\u00f3wnaniu z tradycyjnymi rezystorami.<\/p><h2>Akumulator<\/h2><p>Model Bang King 35000 Strawberry Mango jest wyposa\u017cony w akumulator o pojemno\u015bci 1000 mAh, \u0142\u0105cz\u0105c wygod\u0119 jednorazowego papierosa elektronicznego z trwa\u0142o\u015bci\u0105 akumulatora. Jego bateria o du\u017cej pojemno\u015bci pozwala na d\u0142ugotrwa\u0142e u\u017cytkowanie, a port \u0142adowania typu C zapewnia szybkie i wydajne \u0142adowanie. Funkcja ta minimalizuje przestoje, umo\u017cliwiaj\u0105c u\u017cytkownikom waporyzacj\u0119 bez przerw.<\/p>\t\t\t\t\t\t\t\t<\/div>\n\t\t\t\t<\/div>\n\t\t\t\t\t<\/div>\n\t\t\t\t<\/div>\n\t\t\t\t<\/div>","protected":false},"excerpt":{"rendered":"<p>La saveur principale de la cigarette \u00e9lectronique Bang King 35000 Fraise Mangue r\u00e9side dans l&rsquo;\u00e9nergie fra\u00eeche et acidul\u00e9e de la fraise et l&rsquo;ar\u00f4me riche et sucr\u00e9 de la mangue. Cet \u00e9quilibre parfait cr\u00e9e une boisson rafra\u00eechissante aux saveurs de fruits tropicaux. Ar\u00f4me Fraise\u00a0: L&rsquo;ar\u00f4me de fraise est frais et l\u00e9g\u00e8rement acidul\u00e9, rappelant les fraises fra\u00eechement [&hellip;]<\/p>\n","protected":false},"featured_media":6668,"comment_status":"open","ping_status":"closed","template":"","meta":{"site-sidebar-layout":"no-sidebar","site-content-layout":"page-builder","ast-site-content-layout":"normal-width-container","site-content-style":"default","site-sidebar-style":"default","ast-global-header-display":"","ast-banner-title-visibility":"","ast-main-header-display":"","ast-hfb-above-header-display":"","ast-hfb-below-header-display":"","ast-hfb-mobile-header-display":"","site-post-title":"disabled","ast-breadcrumbs-content":"","ast-featured-img":"disabled","footer-sml-layout":"","ast-disable-related-posts":"","theme-transparent-header-meta":"default","adv-header-id-meta":"","stick-header-meta":"default","header-above-stick-meta":"","header-main-stick-meta":"","header-below-stick-meta":"","astra-migrate-meta-layouts":"set","ast-page-background-enabled":"default","ast-page-background-meta":{"desktop":{"background-color":"","background-image":"","background-repeat":"repeat","background-position":"center center","background-size":"auto","background-attachment":"scroll","background-type":"","background-media":"","overlay-type":"","overlay-color":"","overlay-opacity":"","overlay-gradient":""},"tablet":{"background-color":"","background-image":"","background-repeat":"repeat","background-position":"center center","background-size":"auto","background-attachment":"scroll","background-type":"","background-media":"","overlay-type":"","overlay-color":"","overlay-opacity":"","overlay-gradient":""},"mobile":{"background-color":"","background-image":"","background-repeat":"repeat","background-position":"center center","background-size":"auto","background-attachment":"scroll","background-type":"","background-media":"","overlay-type":"","overlay-color":"","overlay-opacity":"","overlay-gradient":""}},"ast-content-background-meta":{"desktop":{"background-color":"var(--ast-global-color-5)","background-image":"","background-repeat":"repeat","background-position":"center center","background-size":"auto","background-attachment":"scroll","background-type":"","background-media":"","overlay-type":"","overlay-color":"","overlay-opacity":"","overlay-gradient":""},"tablet":{"background-color":"var(--ast-global-color-5)","background-image":"","background-repeat":"repeat","background-position":"center center","background-size":"auto","background-attachment":"scroll","background-type":"","background-media":"","overlay-type":"","overlay-color":"","overlay-opacity":"","overlay-gradient":""},"mobile":{"background-color":"var(--ast-global-color-5)","background-image":"","background-repeat":"repeat","background-position":"center center","background-size":"auto","background-attachment":"scroll","background-type":"","background-media":"","overlay-type":"","overlay-color":"","overlay-opacity":"","overlay-gradient":""}}},"product_brand":[52],"product_cat":[57,105,15],"product_tag":[],"class_list":{"0":"post-6857","1":"product","2":"type-product","3":"status-publish","4":"has-post-thumbnail","6":"product_brand-bang-king","7":"product_cat-bang-king-35k-resistance-mesh","8":"product_cat-puff-35k","9":"product_cat-magasin-cigarette-electronique","10":"desktop-align-center","11":"tablet-align-center","12":"mobile-align-center","13":"ast-product-gallery-layout-horizontal","14":"ast-product-gallery-with-no-image","15":"ast-product-single-variable","16":"ast-product-tabs-layout-horizontal","17":"ast-qv-on-image","19":"first","20":"instock","21":"sale","22":"shipping-taxable","23":"purchasable","24":"product-type-variable","25":"has-default-attributes"},"tiered_pricing_type":"fixed","tiered_pricing_fixed_rules":{"50":6.83,"100":6.22},"tiered_pricing_product_settings":{"layout":"default","base_unit_name":{"singular":null,"plural":null},"default_variation":null},"tiered_pricing_minimum_quantity":null,"tiered_pricing_roles_data":[],"tiered_pricing_percentage_rules":[],"_links":{"self":[{"href":"https:\/\/puffvapestore.com\/pl\/wp-json\/wp\/v2\/product\/6857","targetHints":{"allow":["GET"]}}],"collection":[{"href":"https:\/\/puffvapestore.com\/pl\/wp-json\/wp\/v2\/product"}],"about":[{"href":"https:\/\/puffvapestore.com\/pl\/wp-json\/wp\/v2\/types\/product"}],"replies":[{"embeddable":true,"href":"https:\/\/puffvapestore.com\/pl\/wp-json\/wp\/v2\/comments?post=6857"}],"version-history":[{"count":7,"href":"https:\/\/puffvapestore.com\/pl\/wp-json\/wp\/v2\/product\/6857\/revisions"}],"predecessor-version":[{"id":7227,"href":"https:\/\/puffvapestore.com\/pl\/wp-json\/wp\/v2\/product\/6857\/revisions\/7227"}],"wp:featuredmedia":[{"embeddable":true,"href":"https:\/\/puffvapestore.com\/pl\/wp-json\/wp\/v2\/media\/6668"}],"wp:attachment":[{"href":"https:\/\/puffvapestore.com\/pl\/wp-json\/wp\/v2\/media?parent=6857"}],"wp:term":[{"taxonomy":"product_brand","embeddable":true,"href":"https:\/\/puffvapestore.com\/pl\/wp-json\/wp\/v2\/product_brand?post=6857"},{"taxonomy":"product_cat","embeddable":true,"href":"https:\/\/puffvapestore.com\/pl\/wp-json\/wp\/v2\/product_cat?post=6857"},{"taxonomy":"product_tag","embeddable":true,"href":"https:\/\/puffvapestore.com\/pl\/wp-json\/wp\/v2\/product_tag?post=6857"}],"curies":[{"name":"wp","href":"https:\/\/api.w.org\/{rel}","templated":true}]}}