{"id":6846,"date":"2025-08-17T06:08:56","date_gmt":"2025-08-17T06:08:56","guid":{"rendered":"https:\/\/puffvapestore.com\/?post_type=product&#038;p=6846"},"modified":"2026-01-19T10:31:54","modified_gmt":"2026-01-19T10:31:54","slug":"fraise-kiwi-bang-king-35k-est-riche-et-corsee-avec-un-arome-fruite-naturel","status":"publish","type":"product","link":"https:\/\/puffvapestore.com\/pl\/product\/truskawka-kiwi-bang-king-35k-jest-bogaty-i-pelny-z-naturalnym-owocowym-aromatem\/","title":{"rendered":"Strawberry Kiwi - Bang King 35K"},"content":{"rendered":"<div data-elementor-type=\"wp-post\" data-elementor-id=\"6846\" class=\"elementor elementor-6846\">\n\t\t\t\t<div class=\"elementor-element elementor-element-08c26f9 e-flex e-con-boxed e-con e-parent\" data-id=\"08c26f9\" data-element_type=\"container\" data-e-type=\"container\">\n\t\t\t\t\t<div class=\"e-con-inner\">\n\t\t\t\t<div class=\"elementor-element elementor-element-a005a97 elementor-widget elementor-widget-text-editor\" data-id=\"a005a97\" data-element_type=\"widget\" data-e-type=\"widget\" data-widget_type=\"text-editor.default\">\n\t\t\t\t<div class=\"elementor-widget-container\">\n\t\t\t\t\t\t\t\t\t<p>Bang King 35000 Strawberry Kiwifruit ma wyra\u017any i z\u0142o\u017cony profil smakowy, z truskawk\u0105 i kiwi jako g\u0142\u00f3wnymi aromatami. Og\u00f3lny smak jest zar\u00f3wno s\u0142odki, jak i cierpki, z orze\u017awiaj\u0105c\u0105 nut\u0105.<\/p><p>Strawberry: S\u0142odycz truskawki jest bogata i pe\u0142na, z naturalnym owocowym aromatem. Zaraz po inhalacji poczujesz s\u0142odycz i soczysto\u015b\u0107 dojrza\u0142ej truskawki. S\u0142odycz jest umiarkowana, ale nie za mocna, przypomina \u015bwie\u017co zerwane truskawki, tworz\u0105c przyjemny, aromatyczny zapach.<\/p><p>Kiwi: Kwaskowato\u015b\u0107 kiwi jest g\u0142\u00f3wn\u0105 cech\u0105 tego smaku, r\u00f3wnowa\u017c\u0105c og\u00f3ln\u0105 s\u0142odycz. Kwasowo\u015b\u0107 jest orze\u017awiaj\u0105ca, jak delikatne wgryzanie si\u0119 w sk\u00f3rk\u0119 kiwi, ods\u0142aniaj\u0105c jego delikatny, soczysty mi\u0105\u017csz, z subteln\u0105 kwasowo\u015bci\u0105 i odrobin\u0105 zi\u00f3\u0142 dodaj\u0105cych z\u0142o\u017cono\u015bci.<\/p><p>Stowarzyszenie: S\u0142odycz truskawki i cierpko\u015b\u0107 kiwi doskonale si\u0119 \u0142\u0105cz\u0105, tworz\u0105c bogaty, owocowy smak, kt\u00f3ry jest zar\u00f3wno orze\u017awiaj\u0105cy, jak i z\u0142o\u017cony. Przeplataj\u0105ce si\u0119 smaki dw\u00f3ch owoc\u00f3w oferuj\u0105 \u0142agodn\u0105 s\u0142odycz truskawki bez po\u015bwi\u0119cania wyj\u0105tkowego s\u0142odko-kwa\u015bnego smaku kiwi, zapewniaj\u0105c orze\u017awiaj\u0105co \u017cywy smak.<\/p><p>Posmak: Owocowy aromat utrzymuje si\u0119 na podniebieniu, z odrobin\u0105 kwaskowato\u015bci kiwi i s\u0142odyczy truskawek w posmaku, tworz\u0105c zr\u00f3wnowa\u017cony, d\u0142ugotrwa\u0142y posmak.<\/p><h2>Ekran LED o wysokiej rozdzielczo\u015bci<\/h2><p>Bang King 35000 Strawberry Kiwi posiada innowacyjny, inteligentny wy\u015bwietlacz LED, kt\u00f3ry pokazuje stan urz\u0105dzenia w czasie rzeczywistym. Ten przyjazny dla u\u017cytkownika wy\u015bwietlacz pokazuje kluczowe informacje, takie jak pozosta\u0142y czas pracy baterii i poziom e-liquidu, u\u0142atwiaj\u0105c u\u017cytkownikom monitorowanie zu\u017cycia. Wy\u015bwietlacz jest praktyczny, zapewniaj\u0105c optymalne u\u017cytkowanie w przypadku roz\u0142adowania baterii lub niskiego poziomu e-cieczy.<\/p><h2>Du\u017ca pojemno\u015b\u0107 e-liquidu<\/h2><p>Model Bang King 35000 Strawberry Kiwi jest fabrycznie nape\u0142niony 23 ml najwy\u017cszej jako\u015bci e-liquidu, co gwarantuje d\u0142ugotrwa\u0142e u\u017cytkowanie bez konieczno\u015bci uzupe\u0142niania. Ta du\u017ca pojemno\u015b\u0107 jest idealna dla tych, kt\u00f3rzy szukaj\u0105 d\u0142ugotrwa\u0142ego, beztroskiego do\u015bwiadczenia, niezale\u017cnie od tego, czy s\u0105 okazjonalnymi, czy intensywnymi u\u017cytkownikami. Jego wst\u0119pnie nape\u0142niona konstrukcja eliminuje k\u0142opoty zwi\u0105zane z r\u0119cznym uzupe\u0142nianiem e-liquidu, oferuj\u0105c proste, gotowe do u\u017cycia rozwi\u0105zanie.<\/p><p>Zaprojektowany z my\u015bl\u0105 o d\u0142ugoterminowej trwa\u0142o\u015bci, model Bang King 35000 oferuje imponuj\u0105c\u0105 liczb\u0119 35 000 zaci\u0105gni\u0119\u0107. Ta wysoka liczba zaci\u0105gni\u0119\u0107 sprawia, \u017ce jest to jeden z najtrwalszych jednorazowych papieros\u00f3w elektronicznych na rynku, spe\u0142niaj\u0105cy potrzeby u\u017cytkownik\u00f3w, kt\u00f3rzy preferuj\u0105 d\u0142ugotrwa\u0142e u\u017cytkowanie bez cz\u0119stej wymiany urz\u0105dzenia. Wysoki cykl zaci\u0105gni\u0119\u0107 zapewnia d\u0142ugotrwa\u0142\u0105, sta\u0142\u0105 wydajno\u015b\u0107, dzi\u0119ki czemu jest to przyst\u0119pny cenowo wyb\u00f3r dla vaper\u00f3w.<\/p><h2>Wiele dawek nikotyny i technologia Mesh resistance<\/h2><p>Model Bang King 35000 Strawberry Kiwi oferuje r\u00f3\u017cne st\u0119\u017cenia nikotyny, aby zaspokoi\u0107 wszystkie potrzeby: 0 %, 2 %, 3 % i 5 %. Niezale\u017cnie od tego, czy szukasz wra\u017ce\u0144 bez nikotyny, czy bardziej intensywnego wapowania, opcje te oferuj\u0105 du\u017c\u0105 elastyczno\u015b\u0107, zar\u00f3wno dla pocz\u0105tkuj\u0105cych rzucaj\u0105cych tradycyjne papierosy, jak i dla do\u015bwiadczonych vaper\u00f3w szukaj\u0105cych spersonalizowanych wra\u017ce\u0144. Gama ta spe\u0142nia r\u00f3\u017cnorodne potrzeby i przemawia do szerokiego grona odbiorc\u00f3w.<\/p><p>Sercem modelu Bang King 35000 jest rezystor siatkowy 0,6 \u03a9 zaprojektowany w celu optymalizacji smaku i produkcji pary. Wi\u0119ksza powierzchnia rezystora Mesh zapewnia r\u00f3wnomierne ogrzewanie, zapewniaj\u0105c niezmiennie bogaty smak i p\u0142ynne, komfortowe doznania podczas waporyzacji. Ta zaawansowana technologia poprawia og\u00f3lne wra\u017cenia z waporyzacji, oferuj\u0105c lepszy smak i wydajno\u015b\u0107 w por\u00f3wnaniu z tradycyjnymi rezystorami.<\/p><h2>Akumulator<\/h2><p>Model Bang King 35000 Strawberry Kiwi jest wyposa\u017cony w akumulator o pojemno\u015bci 1000 mAh, \u0142\u0105cz\u0105c wygod\u0119 jednorazowego papierosa elektronicznego z trwa\u0142o\u015bci\u0105 akumulatora. Jego bateria o du\u017cej pojemno\u015bci pozwala na d\u0142ugotrwa\u0142e u\u017cytkowanie, a port \u0142adowania typu C zapewnia szybkie i wydajne \u0142adowanie. Funkcja ta minimalizuje przestoje, umo\u017cliwiaj\u0105c u\u017cytkownikom waporyzacj\u0119 bez przerw.<\/p>\t\t\t\t\t\t\t\t<\/div>\n\t\t\t\t<\/div>\n\t\t\t\t\t<\/div>\n\t\t\t\t<\/div>\n\t\t\t\t<\/div>","protected":false},"excerpt":{"rendered":"<p>La Bang King 35000 Fraise Kiwi pr\u00e9sente un profil aromatique distinct et complexe, avec la fraise et le kiwi comme principaux ar\u00f4mes. Le go\u00fbt g\u00e9n\u00e9ral est \u00e0 la fois sucr\u00e9 et acidul\u00e9, avec une pointe rafra\u00eechissante. Fraise\u00a0: La douceur de la fraise est riche et ample, avec un ar\u00f4me fruit\u00e9 naturel. D\u00e8s l&rsquo;inhalation, vous d\u00e9couvrirez [&hellip;]<\/p>\n","protected":false},"featured_media":6667,"comment_status":"open","ping_status":"closed","template":"","meta":{"site-sidebar-layout":"no-sidebar","site-content-layout":"page-builder","ast-site-content-layout":"normal-width-container","site-content-style":"default","site-sidebar-style":"default","ast-global-header-display":"","ast-banner-title-visibility":"","ast-main-header-display":"","ast-hfb-above-header-display":"","ast-hfb-below-header-display":"","ast-hfb-mobile-header-display":"","site-post-title":"disabled","ast-breadcrumbs-content":"","ast-featured-img":"disabled","footer-sml-layout":"","ast-disable-related-posts":"","theme-transparent-header-meta":"default","adv-header-id-meta":"","stick-header-meta":"default","header-above-stick-meta":"","header-main-stick-meta":"","header-below-stick-meta":"","astra-migrate-meta-layouts":"set","ast-page-background-enabled":"default","ast-page-background-meta":{"desktop":{"background-color":"","background-image":"","background-repeat":"repeat","background-position":"center center","background-size":"auto","background-attachment":"scroll","background-type":"","background-media":"","overlay-type":"","overlay-color":"","overlay-opacity":"","overlay-gradient":""},"tablet":{"background-color":"","background-image":"","background-repeat":"repeat","background-position":"center center","background-size":"auto","background-attachment":"scroll","background-type":"","background-media":"","overlay-type":"","overlay-color":"","overlay-opacity":"","overlay-gradient":""},"mobile":{"background-color":"","background-image":"","background-repeat":"repeat","background-position":"center center","background-size":"auto","background-attachment":"scroll","background-type":"","background-media":"","overlay-type":"","overlay-color":"","overlay-opacity":"","overlay-gradient":""}},"ast-content-background-meta":{"desktop":{"background-color":"var(--ast-global-color-5)","background-image":"","background-repeat":"repeat","background-position":"center center","background-size":"auto","background-attachment":"scroll","background-type":"","background-media":"","overlay-type":"","overlay-color":"","overlay-opacity":"","overlay-gradient":""},"tablet":{"background-color":"var(--ast-global-color-5)","background-image":"","background-repeat":"repeat","background-position":"center center","background-size":"auto","background-attachment":"scroll","background-type":"","background-media":"","overlay-type":"","overlay-color":"","overlay-opacity":"","overlay-gradient":""},"mobile":{"background-color":"var(--ast-global-color-5)","background-image":"","background-repeat":"repeat","background-position":"center center","background-size":"auto","background-attachment":"scroll","background-type":"","background-media":"","overlay-type":"","overlay-color":"","overlay-opacity":"","overlay-gradient":""}}},"product_brand":[52],"product_cat":[57,105,15],"product_tag":[],"class_list":{"0":"post-6846","1":"product","2":"type-product","3":"status-publish","4":"has-post-thumbnail","6":"product_brand-bang-king","7":"product_cat-bang-king-35k-resistance-mesh","8":"product_cat-puff-35k","9":"product_cat-magasin-cigarette-electronique","10":"desktop-align-center","11":"tablet-align-center","12":"mobile-align-center","13":"ast-product-gallery-layout-horizontal","14":"ast-product-gallery-with-no-image","15":"ast-product-single-variable","16":"ast-product-tabs-layout-horizontal","17":"ast-qv-on-image","19":"first","20":"instock","21":"sale","22":"shipping-taxable","23":"purchasable","24":"product-type-variable","25":"has-default-attributes"},"tiered_pricing_type":"fixed","tiered_pricing_fixed_rules":{"50":6.83,"100":6.22},"tiered_pricing_product_settings":{"layout":"default","base_unit_name":{"singular":null,"plural":null},"default_variation":null},"tiered_pricing_minimum_quantity":null,"tiered_pricing_roles_data":[],"tiered_pricing_percentage_rules":[],"_links":{"self":[{"href":"https:\/\/puffvapestore.com\/pl\/wp-json\/wp\/v2\/product\/6846","targetHints":{"allow":["GET"]}}],"collection":[{"href":"https:\/\/puffvapestore.com\/pl\/wp-json\/wp\/v2\/product"}],"about":[{"href":"https:\/\/puffvapestore.com\/pl\/wp-json\/wp\/v2\/types\/product"}],"replies":[{"embeddable":true,"href":"https:\/\/puffvapestore.com\/pl\/wp-json\/wp\/v2\/comments?post=6846"}],"version-history":[{"count":7,"href":"https:\/\/puffvapestore.com\/pl\/wp-json\/wp\/v2\/product\/6846\/revisions"}],"predecessor-version":[{"id":7226,"href":"https:\/\/puffvapestore.com\/pl\/wp-json\/wp\/v2\/product\/6846\/revisions\/7226"}],"wp:featuredmedia":[{"embeddable":true,"href":"https:\/\/puffvapestore.com\/pl\/wp-json\/wp\/v2\/media\/6667"}],"wp:attachment":[{"href":"https:\/\/puffvapestore.com\/pl\/wp-json\/wp\/v2\/media?parent=6846"}],"wp:term":[{"taxonomy":"product_brand","embeddable":true,"href":"https:\/\/puffvapestore.com\/pl\/wp-json\/wp\/v2\/product_brand?post=6846"},{"taxonomy":"product_cat","embeddable":true,"href":"https:\/\/puffvapestore.com\/pl\/wp-json\/wp\/v2\/product_cat?post=6846"},{"taxonomy":"product_tag","embeddable":true,"href":"https:\/\/puffvapestore.com\/pl\/wp-json\/wp\/v2\/product_tag?post=6846"}],"curies":[{"name":"wp","href":"https:\/\/api.w.org\/{rel}","templated":true}]}}