{"id":6820,"date":"2025-08-23T11:50:03","date_gmt":"2025-08-23T11:50:03","guid":{"rendered":"https:\/\/puffvapestore.com\/?post_type=product&#038;p=6820"},"modified":"2026-01-19T10:31:54","modified_gmt":"2026-01-19T10:31:54","slug":"lemon-mint-bang-king-35k-avec-sa-fraicheur-mentholee-qui-se-diffuse-progressivement","status":"publish","type":"product","link":"https:\/\/puffvapestore.com\/pl\/product\/cytrynowo-mietowy-bang-king-35k-o-stopniowo-rozprzestrzeniajacej-sie-mietowej-swiezosci\/","title":{"rendered":"Lemon Mint - Bang King 35000"},"content":{"rendered":"<div data-elementor-type=\"wp-post\" data-elementor-id=\"6820\" class=\"elementor elementor-6820\">\n\t\t\t\t<div class=\"elementor-element elementor-element-08c26f9 e-flex e-con-boxed e-con e-parent\" data-id=\"08c26f9\" data-element_type=\"container\" data-e-type=\"container\">\n\t\t\t\t\t<div class=\"e-con-inner\">\n\t\t\t\t<div class=\"elementor-element elementor-element-a005a97 elementor-widget elementor-widget-text-editor\" data-id=\"a005a97\" data-element_type=\"widget\" data-e-type=\"widget\" data-widget_type=\"text-editor.default\">\n\t\t\t\t<div class=\"elementor-widget-container\">\n\t\t\t\t\t\t\t\t\t<p>Bang King 35000 Lemon Mint, z \u017cyw\u0105, pikantn\u0105 cytrynow\u0105 baz\u0105, stopniowo rozprzestrzeniaj\u0105c\u0105 si\u0119 mentolow\u0105 \u015bwie\u017co\u015bci\u0105 i umiarkowan\u0105 nut\u0105 s\u0142odyczy, oferuje wyra\u017any, z\u0142o\u017cony posmak z d\u0142ugotrwa\u0142ym posmakiem.<\/p><h2>Kwasowo\u015b\u0107 cytryny<\/h2><p>G\u0142\u00f3wn\u0105 atrakcj\u0105 e-papierosa Bang King 35000 Lemon Mint jest jego \u017cywy, pikantny cytrynowy smak. W przeciwie\u0144stwie do monotonnej kwasowo\u015bci tradycyjnych cukierk\u00f3w cytrynowych, ten cukierek oferuje naturalny, orze\u017awiaj\u0105cy smak sk\u00f3rki cytrynowej, z subteln\u0105 nut\u0105 sk\u00f3rki i r\u00f3wnowag\u0105 s\u0142odyczy i kwasowo\u015bci mi\u0105\u017cszu owocowego. Kwasowo\u015b\u0107 jest ostra, ale nie gorzka, jak ugryzienie plasterka \u015bwie\u017co zerwanej cytryny, a usta natychmiast roz\u015bwietla jasny cytrynowy smak.<\/p><h2>Mi\u0119towa \u015bwie\u017co\u015b\u0107<\/h2><p>Kwasowo\u015b\u0107 cytryny \u0142\u0105czy si\u0119 z lodowat\u0105 \u015bwie\u017co\u015bci\u0105 mi\u0119ty. Jej czysty aromat pozostawia przenikliw\u0105 \u015bwie\u017co\u015b\u0107, kt\u00f3ra szybko rozprasza ciep\u0142o i cierpko\u015b\u0107 na podniebieniu. \u015awie\u017co\u015b\u0107 mi\u0119ty jest progresywna, pocz\u0105tkowo nie przyt\u0142aczaj\u0105ca, ale stopniowo rozprzestrzeniaj\u0105ca si\u0119 za kwasowo\u015bci\u0105 cytryny, tworz\u0105c z\u0142o\u017cone doznania smakowe.<\/p><h2>Cukier i r\u00f3wnowaga<\/h2><p>S\u0142odycz zapewnia efekt r\u00f3wnowa\u017c\u0105cy Bang King 35000 Lemon Mint. Nie b\u0119d\u0105c zbyt mocnym, \u0142agodzi kwaskowato\u015b\u0107 cytryny i mi\u0119ty, zapobiegaj\u0105c zbytniej monotonii. S\u0142odycz zaokr\u0105gla smaki cytryny i mi\u0119ty, tworz\u0105c g\u0142adsze odczucie w ustach.<\/p><p>Po paleniu na podniebieniu pozostaje lekki cytrynowy zapach i odrobina \u015bwie\u017cego mentolu, pozostawiaj\u0105c d\u0142ugi, bogaty i z\u0142o\u017cony finisz. Orze\u017awiaj\u0105cy mi\u0119towy posmak stopniowo zanika, podczas gdy owocowy aromat cytryny utrzymuje si\u0119 na podniebieniu, pozostawiaj\u0105c nieko\u0144cz\u0105cy si\u0119 posmak.<\/p><h2>Du\u017ca pojemno\u015b\u0107 cieczy i akumulator o wysokiej pojemno\u015bci<\/h2><p>Model Bang King 35000 Lemon Mint jest wyposa\u017cony w 23 ml wst\u0119pnie nape\u0142nionego e-liquidu, co eliminuje potrzeb\u0119 cz\u0119stego uzupe\u0142niania i gwarantuje d\u0142ugie, bezproblemowe u\u017cytkowanie. Du\u017ca pojemno\u015b\u0107 gwarantuje niezmienny smak i d\u0142ugotrwa\u0142\u0105 atomizacj\u0119.<\/p><p>Wyposa\u017cony w bateri\u0119 litow\u0105 o du\u017cej pojemno\u015bci 1000 mAh i kompatybilno\u015b\u0107 z szybkim \u0142adowaniem typu C, oferuje rozszerzon\u0105 autonomi\u0119 i szybkie \u0142adowanie dla codziennych potrzeb waporyzacji.<\/p><p>Ka\u017cdy elektroniczny papieros Bang King 35000 Lemon Mint oferuje do 35 000 zaci\u0105gni\u0119\u0107, czyli d\u0142u\u017cej ni\u017c konwencjonalne produkty na rynku, idealne dla intensywnych u\u017cytkownik\u00f3w lub os\u00f3b podr\u00f3\u017cuj\u0105cych na du\u017ce odleg\u0142o\u015bci.<\/p><h2>Wysokowydajny rezystor rozpylacza<\/h2><p>Model Bang King 35000 Lemon Mint wyposa\u017cony jest w rezystor siatkowy 0,6 \u03a9 zapewniaj\u0105cy r\u00f3wnomierne ogrzewanie i du\u017c\u0105 obj\u0119to\u015b\u0107 pary, oferuj\u0105c bardziej intensywny smak i \u0142agodniejszy wdech.<\/p><h2>Inteligentny wy\u015bwietlacz LED<\/h2><p>Niezale\u017cny inteligentny wy\u015bwietlacz LED pokazuje poziom na\u0142adowania baterii i ilo\u015b\u0107 pozosta\u0142ego e-liquidu w czasie rzeczywistym, umo\u017cliwiaj\u0105c u\u017cytkownikom wyra\u017ane monitorowanie stanu urz\u0105dzenia i unikanie nieoczekiwanych przerw w zasilaniu lub niskiego poziomu e-liquidu.<\/p><h2>Wyb\u00f3r st\u0119\u017ce\u0144 nikotyny<\/h2><p>Model Bang King 35000 Lemon Mint oferuje kilka dawek nikotyny: 0 %, 2 %, 3 % i 5 %, aby zaspokoi\u0107 potrzeby wszystkich u\u017cytkownik\u00f3w, od zerowych dozna\u0144 nikotynowych po bogate w nikotyn\u0119 uderzenie w gard\u0142o.<\/p><h2>System ochrony<\/h2><p>Model Bang King 35000 Lemon Mint posiada wbudowany system ochrony przed suchymi oparzeniami, kt\u00f3ry automatycznie zatrzymuje ogrzewanie, gdy sko\u0144czy si\u0119 e-liquid, zapobiegaj\u0105c uszkodzeniu rezystora atomizera i zapewniaj\u0105c bezpiecze\u0144stwo u\u017cytkownika.<\/p><p>Bang King 35000 Lemon Mint ma ergonomiczny, zaokr\u0105glony korpus, kt\u00f3ry jest wygodny w trzymaniu i delikatne, odporne na zarysowania, antypo\u015blizgowe wyko\u0144czenie u\u0142atwiaj\u0105ce transport i u\u017cytkowanie.<\/p>\t\t\t\t\t\t\t\t<\/div>\n\t\t\t\t<\/div>\n\t\t\t\t\t<\/div>\n\t\t\t\t<\/div>\n\t\t\t\t<\/div>","protected":false},"excerpt":{"rendered":"<p>La Bang King 35000 Citron Menthe, avec sa base citronn\u00e9e vive et acidul\u00e9e, sa fra\u00eecheur menthol\u00e9e qui se diffuse progressivement et sa touche de douceur mod\u00e9r\u00e9e, offre un arri\u00e8re-go\u00fbt distinct et complexe, avec un arri\u00e8re-go\u00fbt persistant. L&rsquo;acidit\u00e9 du citron Le principal atout de la e-cigarette Bang King 35000 Citron Menthe est son ar\u00f4me citronn\u00e9 vif [&hellip;]<\/p>\n","protected":false},"featured_media":6664,"comment_status":"open","ping_status":"closed","template":"","meta":{"site-sidebar-layout":"no-sidebar","site-content-layout":"page-builder","ast-site-content-layout":"normal-width-container","site-content-style":"default","site-sidebar-style":"default","ast-global-header-display":"","ast-banner-title-visibility":"","ast-main-header-display":"","ast-hfb-above-header-display":"","ast-hfb-below-header-display":"","ast-hfb-mobile-header-display":"","site-post-title":"disabled","ast-breadcrumbs-content":"","ast-featured-img":"disabled","footer-sml-layout":"","ast-disable-related-posts":"","theme-transparent-header-meta":"default","adv-header-id-meta":"","stick-header-meta":"default","header-above-stick-meta":"","header-main-stick-meta":"","header-below-stick-meta":"","astra-migrate-meta-layouts":"set","ast-page-background-enabled":"default","ast-page-background-meta":{"desktop":{"background-color":"","background-image":"","background-repeat":"repeat","background-position":"center center","background-size":"auto","background-attachment":"scroll","background-type":"","background-media":"","overlay-type":"","overlay-color":"","overlay-opacity":"","overlay-gradient":""},"tablet":{"background-color":"","background-image":"","background-repeat":"repeat","background-position":"center center","background-size":"auto","background-attachment":"scroll","background-type":"","background-media":"","overlay-type":"","overlay-color":"","overlay-opacity":"","overlay-gradient":""},"mobile":{"background-color":"","background-image":"","background-repeat":"repeat","background-position":"center center","background-size":"auto","background-attachment":"scroll","background-type":"","background-media":"","overlay-type":"","overlay-color":"","overlay-opacity":"","overlay-gradient":""}},"ast-content-background-meta":{"desktop":{"background-color":"var(--ast-global-color-5)","background-image":"","background-repeat":"repeat","background-position":"center center","background-size":"auto","background-attachment":"scroll","background-type":"","background-media":"","overlay-type":"","overlay-color":"","overlay-opacity":"","overlay-gradient":""},"tablet":{"background-color":"var(--ast-global-color-5)","background-image":"","background-repeat":"repeat","background-position":"center center","background-size":"auto","background-attachment":"scroll","background-type":"","background-media":"","overlay-type":"","overlay-color":"","overlay-opacity":"","overlay-gradient":""},"mobile":{"background-color":"var(--ast-global-color-5)","background-image":"","background-repeat":"repeat","background-position":"center center","background-size":"auto","background-attachment":"scroll","background-type":"","background-media":"","overlay-type":"","overlay-color":"","overlay-opacity":"","overlay-gradient":""}}},"product_brand":[52],"product_cat":[57,105,15],"product_tag":[],"class_list":{"0":"post-6820","1":"product","2":"type-product","3":"status-publish","4":"has-post-thumbnail","6":"product_brand-bang-king","7":"product_cat-bang-king-35k-resistance-mesh","8":"product_cat-puff-35k","9":"product_cat-magasin-cigarette-electronique","10":"desktop-align-center","11":"tablet-align-center","12":"mobile-align-center","13":"ast-product-gallery-layout-horizontal","14":"ast-product-gallery-with-no-image","15":"ast-product-single-variable","16":"ast-product-tabs-layout-horizontal","17":"ast-qv-on-image","19":"first","20":"instock","21":"sale","22":"shipping-taxable","23":"purchasable","24":"product-type-variable","25":"has-default-attributes"},"tiered_pricing_type":"fixed","tiered_pricing_fixed_rules":{"50":6.83,"100":6.22},"tiered_pricing_product_settings":{"layout":"default","base_unit_name":{"singular":null,"plural":null},"default_variation":null},"tiered_pricing_minimum_quantity":null,"tiered_pricing_roles_data":[],"tiered_pricing_percentage_rules":[],"_links":{"self":[{"href":"https:\/\/puffvapestore.com\/pl\/wp-json\/wp\/v2\/product\/6820","targetHints":{"allow":["GET"]}}],"collection":[{"href":"https:\/\/puffvapestore.com\/pl\/wp-json\/wp\/v2\/product"}],"about":[{"href":"https:\/\/puffvapestore.com\/pl\/wp-json\/wp\/v2\/types\/product"}],"replies":[{"embeddable":true,"href":"https:\/\/puffvapestore.com\/pl\/wp-json\/wp\/v2\/comments?post=6820"}],"version-history":[{"count":7,"href":"https:\/\/puffvapestore.com\/pl\/wp-json\/wp\/v2\/product\/6820\/revisions"}],"predecessor-version":[{"id":7224,"href":"https:\/\/puffvapestore.com\/pl\/wp-json\/wp\/v2\/product\/6820\/revisions\/7224"}],"wp:featuredmedia":[{"embeddable":true,"href":"https:\/\/puffvapestore.com\/pl\/wp-json\/wp\/v2\/media\/6664"}],"wp:attachment":[{"href":"https:\/\/puffvapestore.com\/pl\/wp-json\/wp\/v2\/media?parent=6820"}],"wp:term":[{"taxonomy":"product_brand","embeddable":true,"href":"https:\/\/puffvapestore.com\/pl\/wp-json\/wp\/v2\/product_brand?post=6820"},{"taxonomy":"product_cat","embeddable":true,"href":"https:\/\/puffvapestore.com\/pl\/wp-json\/wp\/v2\/product_cat?post=6820"},{"taxonomy":"product_tag","embeddable":true,"href":"https:\/\/puffvapestore.com\/pl\/wp-json\/wp\/v2\/product_tag?post=6820"}],"curies":[{"name":"wp","href":"https:\/\/api.w.org\/{rel}","templated":true}]}}