{"id":6809,"date":"2025-08-23T07:43:10","date_gmt":"2025-08-23T07:43:10","guid":{"rendered":"https:\/\/puffvapestore.com\/?post_type=product&#038;p=6809"},"modified":"2026-01-19T10:31:54","modified_gmt":"2026-01-19T10:31:54","slug":"blueberry-ice-bang-king-35k-est-incroyablement-authentique","status":"publish","type":"product","link":"https:\/\/puffvapestore.com\/pl\/product\/blueberry-ice-bang-king-35k-jest-niesamowicie-autentyczny\/","title":{"rendered":"Blueberry Ice - Bang King 35000"},"content":{"rendered":"<div data-elementor-type=\"wp-post\" data-elementor-id=\"6809\" class=\"elementor elementor-6809\">\n\t\t\t\t<div class=\"elementor-element elementor-element-08c26f9 e-flex e-con-boxed e-con e-parent\" data-id=\"08c26f9\" data-element_type=\"container\" data-e-type=\"container\">\n\t\t\t\t\t<div class=\"e-con-inner\">\n\t\t\t\t<div class=\"elementor-element elementor-element-a005a97 elementor-widget elementor-widget-text-editor\" data-id=\"a005a97\" data-element_type=\"widget\" data-e-type=\"widget\" data-widget_type=\"text-editor.default\">\n\t\t\t\t<div class=\"elementor-widget-container\">\n\t\t\t\t\t\t\t\t\t<p>Smak Blueberry Ice jest zdominowany przez bor\u00f3wk\u0119, a pierwsz\u0105 rzecz\u0105, kt\u00f3r\u0105 zauwa\u017cysz podczas palenia, jest bogaty, \u015bwie\u017cy aromat bor\u00f3wki. Smak bor\u00f3wki jest \u017cywy i s\u0142odki, z naturaln\u0105 kwaskowato\u015bci\u0105, kt\u00f3ra doskonale r\u00f3wnowa\u017cy s\u0142odycz, unikaj\u0105c md\u0142ego lub monotonnego smaku. Smak bor\u00f3wki jest niezwykle autentyczny, jak \u015bwie\u017co zebrane bor\u00f3wki, z mocn\u0105, mi\u0119sist\u0105 konsystencj\u0105 i subteln\u0105 jagodow\u0105 kwaskowato\u015bci\u0105.<\/p><p>Po s\u0142odkich jagodach nast\u0119puje wyra\u017any smak \u015bwie\u017cej mi\u0119ty. To ch\u0142odz\u0105ce uczucie jest orze\u017awiaj\u0105ce, ale nie agresywne, lecz delikatne i trwa\u0142e, zapewniaj\u0105c orze\u017awiaj\u0105cy ch\u0142\u00f3d na podniebieniu, kt\u00f3ry wzmacnia og\u00f3lny smak. Orze\u017awiaj\u0105cy efekt wzmacnia s\u0142odycz jag\u00f3d i r\u00f3wnowa\u017cy siln\u0105 s\u0142odycz na podniebieniu.<\/p><h2>S\u0142odycz jest umiarkowana i z\u0142o\u017cona.<\/h2><p>Pomimo bardzo s\u0142odkiej bazy, nie przyt\u0142acza nut owocowych i mentolowych. Zamiast tego tworzy harmonijne trio z kwaskowato\u015bci\u0105 bor\u00f3wki i \u015bwie\u017co\u015bci\u0105 mi\u0119ty. S\u0142odycz jest delikatna, z nut\u0105 fruktozy, kt\u00f3ra dope\u0142nia g\u0142adki, kremowy smak.<\/p><h2>Finisz jest d\u0142ugi i czysty.<\/h2><p>Po zaci\u0105gni\u0119ciu si\u0119 dymem, owocowe, \u015bwie\u017ce smaki bor\u00f3wek utrzymuj\u0105 si\u0119 na podniebieniu, pozostawiaj\u0105c czyste, orze\u017awiaj\u0105ce wyko\u0144czenie bez utrzymuj\u0105cej si\u0119 s\u0142odyczy lub nieprzyjemnych wra\u017ce\u0144. \u015awie\u017co\u015b\u0107 ulatnia si\u0119 powoli, pozostawiaj\u0105c owocowy posmak.<\/p><h2>Og\u00f3lny opis smaku<\/h2><p>Bang King 35000 Blueberry Ice to dobrze zbalansowana mieszanka, \u0142\u0105cz\u0105ca \u015bwie\u017co\u015b\u0107 owoc\u00f3w ze \u015bwie\u017co\u015bci\u0105 lod\u00f3w. Jest idealna dla tych, kt\u00f3rzy lubi\u0105 bogaty, owocowy smak, a jednocze\u015bnie zadowoli tych, kt\u00f3rzy wol\u0105 orze\u017awiaj\u0105cy smak. Niezale\u017cnie od tego, czy delektujesz si\u0119 nim powoli, czy szybko wdychasz, odkryjesz bogaty smak i g\u0142adkie, przyjemne odczucie w ustach.<\/p><h2>Du\u017ca pojemno\u015b\u0107 cieczy i akumulator o wysokiej pojemno\u015bci<\/h2><p>Model Bang King 35000 Blueberry Ice jest wyposa\u017cony w 23 ml wst\u0119pnie nape\u0142nionego e-liquidu, co eliminuje potrzeb\u0119 cz\u0119stego uzupe\u0142niania i gwarantuje d\u0142ugie, bezproblemowe u\u017cytkowanie. Du\u017ca pojemno\u015b\u0107 gwarantuje sp\u00f3jny smak i d\u0142ugotrwa\u0142\u0105 atomizacj\u0119.<\/p><p>Wyposa\u017cony w bateri\u0119 litow\u0105 o du\u017cej pojemno\u015bci 1000 mAh i kompatybilno\u015b\u0107 z szybkim \u0142adowaniem typu C, oferuje rozszerzon\u0105 autonomi\u0119 i szybkie \u0142adowanie dla codziennych potrzeb waporyzacji.<\/p><p>Ka\u017cdy elektroniczny papieros Bang King 35000 Blueberry Ice oferuje do 35 000 zaci\u0105gni\u0119\u0107, czyli d\u0142u\u017cej ni\u017c konwencjonalne produkty na rynku, idealne dla intensywnych u\u017cytkownik\u00f3w lub os\u00f3b podr\u00f3\u017cuj\u0105cych na du\u017ce odleg\u0142o\u015bci.<\/p><h2>Wysokowydajny rezystor rozpylacza<\/h2><p>Model Bang King 35000 Blueberry Ice wyposa\u017cony jest w rezystor siatkowy 0,6 \u03a9 zapewniaj\u0105cy r\u00f3wnomierne ogrzewanie i du\u017c\u0105 obj\u0119to\u015b\u0107 pary, oferuj\u0105c bardziej intensywny smak i p\u0142ynniejsz\u0105 inhalacj\u0119.<\/p><h2>Inteligentny wy\u015bwietlacz LED<\/h2><p>Niezale\u017cny inteligentny wy\u015bwietlacz LED pokazuje poziom na\u0142adowania baterii i ilo\u015b\u0107 pozosta\u0142ego e-liquidu w czasie rzeczywistym, umo\u017cliwiaj\u0105c u\u017cytkownikom wyra\u017ane monitorowanie stanu urz\u0105dzenia i unikanie nieoczekiwanych przerw w zasilaniu lub niskiego poziomu e-liquidu.<\/p><h2>Wyb\u00f3r st\u0119\u017ce\u0144 nikotyny<\/h2><p>Model Bang King 35000 Blueberry Ice oferuje kilka dawek nikotyny: 0 %, 2 %, 3 % i 5 %, aby zaspokoi\u0107 potrzeby wszystkich u\u017cytkownik\u00f3w, od zerowych dozna\u0144 nikotynowych po bogate w nikotyn\u0119 uderzenie w gard\u0142o.<\/p><h2>System ochrony<\/h2><p>Model Bang King 35000 ma wbudowany system ochrony przed suchym paleniem, kt\u00f3ry automatycznie zatrzymuje ogrzewanie, gdy sko\u0144czy si\u0119 e-ciecz, zapobiegaj\u0105c uszkodzeniu rezystora atomizera i zapewniaj\u0105c bezpiecze\u0144stwo u\u017cytkownika.<\/p><p>Model Bang King 35000 ma ergonomiczn\u0105, zaokr\u0105glon\u0105 obudow\u0119, kt\u00f3ra jest wygodna do trzymania i delikatne, odporne na zarysowania, antypo\u015blizgowe wyko\u0144czenie u\u0142atwiaj\u0105ce transport i u\u017cytkowanie.<\/p>\t\t\t\t\t\t\t\t<\/div>\n\t\t\t\t<\/div>\n\t\t\t\t\t<\/div>\n\t\t\t\t<\/div>\n\t\t\t\t<\/div>","protected":false},"excerpt":{"rendered":"<p>L&rsquo;ar\u00f4me Blueberry Ice est domin\u00e9 par la myrtille, et la premi\u00e8re chose que l&rsquo;on per\u00e7oit en fumant est un ar\u00f4me riche et frais de myrtille. La saveur de myrtille est vive et sucr\u00e9e, avec une acidit\u00e9 naturelle qui \u00e9quilibre parfaitement la douceur, \u00e9vitant ainsi un go\u00fbt \u00e9c\u0153urant ou monotone. La saveur de myrtille est incroyablement [&hellip;]<\/p>\n","protected":false},"featured_media":6659,"comment_status":"open","ping_status":"closed","template":"","meta":{"site-sidebar-layout":"no-sidebar","site-content-layout":"page-builder","ast-site-content-layout":"normal-width-container","site-content-style":"default","site-sidebar-style":"default","ast-global-header-display":"","ast-banner-title-visibility":"","ast-main-header-display":"","ast-hfb-above-header-display":"","ast-hfb-below-header-display":"","ast-hfb-mobile-header-display":"","site-post-title":"disabled","ast-breadcrumbs-content":"","ast-featured-img":"disabled","footer-sml-layout":"","ast-disable-related-posts":"","theme-transparent-header-meta":"default","adv-header-id-meta":"","stick-header-meta":"default","header-above-stick-meta":"","header-main-stick-meta":"","header-below-stick-meta":"","astra-migrate-meta-layouts":"set","ast-page-background-enabled":"default","ast-page-background-meta":{"desktop":{"background-color":"","background-image":"","background-repeat":"repeat","background-position":"center center","background-size":"auto","background-attachment":"scroll","background-type":"","background-media":"","overlay-type":"","overlay-color":"","overlay-opacity":"","overlay-gradient":""},"tablet":{"background-color":"","background-image":"","background-repeat":"repeat","background-position":"center center","background-size":"auto","background-attachment":"scroll","background-type":"","background-media":"","overlay-type":"","overlay-color":"","overlay-opacity":"","overlay-gradient":""},"mobile":{"background-color":"","background-image":"","background-repeat":"repeat","background-position":"center center","background-size":"auto","background-attachment":"scroll","background-type":"","background-media":"","overlay-type":"","overlay-color":"","overlay-opacity":"","overlay-gradient":""}},"ast-content-background-meta":{"desktop":{"background-color":"var(--ast-global-color-5)","background-image":"","background-repeat":"repeat","background-position":"center center","background-size":"auto","background-attachment":"scroll","background-type":"","background-media":"","overlay-type":"","overlay-color":"","overlay-opacity":"","overlay-gradient":""},"tablet":{"background-color":"var(--ast-global-color-5)","background-image":"","background-repeat":"repeat","background-position":"center center","background-size":"auto","background-attachment":"scroll","background-type":"","background-media":"","overlay-type":"","overlay-color":"","overlay-opacity":"","overlay-gradient":""},"mobile":{"background-color":"var(--ast-global-color-5)","background-image":"","background-repeat":"repeat","background-position":"center center","background-size":"auto","background-attachment":"scroll","background-type":"","background-media":"","overlay-type":"","overlay-color":"","overlay-opacity":"","overlay-gradient":""}}},"product_brand":[52],"product_cat":[57,105,15],"product_tag":[],"class_list":{"0":"post-6809","1":"product","2":"type-product","3":"status-publish","4":"has-post-thumbnail","6":"product_brand-bang-king","7":"product_cat-bang-king-35k-resistance-mesh","8":"product_cat-puff-35k","9":"product_cat-magasin-cigarette-electronique","10":"desktop-align-center","11":"tablet-align-center","12":"mobile-align-center","13":"ast-product-gallery-layout-horizontal","14":"ast-product-gallery-with-no-image","15":"ast-product-single-variable","16":"ast-product-tabs-layout-horizontal","17":"ast-qv-on-image","19":"first","20":"instock","21":"sale","22":"shipping-taxable","23":"purchasable","24":"product-type-variable","25":"has-default-attributes"},"tiered_pricing_type":"fixed","tiered_pricing_fixed_rules":{"50":6.83,"100":6.22},"tiered_pricing_product_settings":{"layout":"default","base_unit_name":{"singular":null,"plural":null},"default_variation":null},"tiered_pricing_minimum_quantity":null,"tiered_pricing_roles_data":[],"tiered_pricing_percentage_rules":[],"_links":{"self":[{"href":"https:\/\/puffvapestore.com\/pl\/wp-json\/wp\/v2\/product\/6809","targetHints":{"allow":["GET"]}}],"collection":[{"href":"https:\/\/puffvapestore.com\/pl\/wp-json\/wp\/v2\/product"}],"about":[{"href":"https:\/\/puffvapestore.com\/pl\/wp-json\/wp\/v2\/types\/product"}],"replies":[{"embeddable":true,"href":"https:\/\/puffvapestore.com\/pl\/wp-json\/wp\/v2\/comments?post=6809"}],"version-history":[{"count":7,"href":"https:\/\/puffvapestore.com\/pl\/wp-json\/wp\/v2\/product\/6809\/revisions"}],"predecessor-version":[{"id":7223,"href":"https:\/\/puffvapestore.com\/pl\/wp-json\/wp\/v2\/product\/6809\/revisions\/7223"}],"wp:featuredmedia":[{"embeddable":true,"href":"https:\/\/puffvapestore.com\/pl\/wp-json\/wp\/v2\/media\/6659"}],"wp:attachment":[{"href":"https:\/\/puffvapestore.com\/pl\/wp-json\/wp\/v2\/media?parent=6809"}],"wp:term":[{"taxonomy":"product_brand","embeddable":true,"href":"https:\/\/puffvapestore.com\/pl\/wp-json\/wp\/v2\/product_brand?post=6809"},{"taxonomy":"product_cat","embeddable":true,"href":"https:\/\/puffvapestore.com\/pl\/wp-json\/wp\/v2\/product_cat?post=6809"},{"taxonomy":"product_tag","embeddable":true,"href":"https:\/\/puffvapestore.com\/pl\/wp-json\/wp\/v2\/product_tag?post=6809"}],"curies":[{"name":"wp","href":"https:\/\/api.w.org\/{rel}","templated":true}]}}