{"id":6798,"date":"2025-08-23T02:32:08","date_gmt":"2025-08-23T02:32:08","guid":{"rendered":"https:\/\/puffvapestore.com\/?post_type=product&#038;p=6798"},"modified":"2026-01-19T10:31:54","modified_gmt":"2026-01-19T10:31:54","slug":"strawberry-watermelon-bang-king-35000-allie-la-douceur-intense-de-la-fraise","status":"publish","type":"product","link":"https:\/\/puffvapestore.com\/pl\/product\/truskawka-arbuz-bang-king-35000-laczy-w-sobie-intensywna-slodycz-truskawki-i-arbuza\/","title":{"rendered":"Strawberry Watermelon - Bang King 35000"},"content":{"rendered":"<div data-elementor-type=\"wp-post\" data-elementor-id=\"6798\" class=\"elementor elementor-6798\">\n\t\t\t\t<div class=\"elementor-element elementor-element-08c26f9 e-flex e-con-boxed e-con e-parent\" data-id=\"08c26f9\" data-element_type=\"container\" data-e-type=\"container\">\n\t\t\t\t\t<div class=\"e-con-inner\">\n\t\t\t\t<div class=\"elementor-element elementor-element-a005a97 elementor-widget elementor-widget-text-editor\" data-id=\"a005a97\" data-element_type=\"widget\" data-e-type=\"widget\" data-widget_type=\"text-editor.default\">\n\t\t\t\t<div class=\"elementor-widget-container\">\n\t\t\t\t\t\t\t\t\t<p>Elektroniczny papieros Bang King 35000 Strawberry Watermelon \u0142\u0105czy w sobie intensywn\u0105 s\u0142odycz truskawek z soczyst\u0105 \u015bwie\u017co\u015bci\u0105 arbuza. Aromat jest s\u0142odki i orze\u017awiaj\u0105cy, z lekkim posmakiem arbuza.<\/p><p>Strawberry: oferuje \u017cywy, s\u0142odki smak, typowy dla naturalnej, \u0142agodnej s\u0142odyczy dojrza\u0142ych truskawek. Wyobra\u017a sobie \u015bwie\u017ce truskawki zebrane wczesnym latem, o bogatym, ale nie przyt\u0142aczaj\u0105cym smaku.<\/p><p>Arbuz: orze\u017awiaj\u0105cy i soczysty, z subtelnym uczuciem \u015bwie\u017co\u015bci, jak orze\u017awiaj\u0105cy letni owoc. Podniebienie jest lekkie, lekko wodniste, a s\u0142odycz delikatna.<\/p><p>Elektroniczne papierosy: S\u0142odki i orze\u017awiaj\u0105cy, owocowy aromat truskawek harmonijnie \u0142\u0105czy si\u0119 z soczyst\u0105 \u015bwie\u017co\u015bci\u0105 arbuza.<\/p><p>Smak: Na pocz\u0105tku wyczuwalna jest s\u0142odycz truskawki, a nast\u0119pnie \u015bwie\u017cy, soczysty posmak.<\/p><p>Og\u00f3lne wra\u017cenie : S\u0142odki, orze\u017awiaj\u0105cy i dyskretny, idealny dla tych, kt\u00f3rzy lubi\u0105 owocowe smaki, ale wol\u0105 l\u017cejsze, bardziej orze\u017awiaj\u0105ce odczucia.<\/p><h2>Du\u017ca pojemno\u015b\u0107 cieczy i akumulator o wysokiej pojemno\u015bci<\/h2><p>Model Bang King 35000 Strawberry Watermelon jest wyposa\u017cony w 23 ml wst\u0119pnie nape\u0142nionego e-liquidu, co eliminuje potrzeb\u0119 cz\u0119stego uzupe\u0142niania i gwarantuje d\u0142ugie, bezproblemowe u\u017cytkowanie. Du\u017ca pojemno\u015b\u0107 gwarantuje niezmienny smak i d\u0142ugotrwa\u0142\u0105 atomizacj\u0119.<\/p><p>Wyposa\u017cony w bateri\u0119 litow\u0105 o du\u017cej pojemno\u015bci 1000 mAh i kompatybilno\u015b\u0107 z szybkim \u0142adowaniem typu C, oferuje rozszerzon\u0105 autonomi\u0119 i szybkie \u0142adowanie dla codziennych potrzeb waporyzacji.<\/p><p>Ka\u017cdy elektroniczny papieros Bang King 35000 Strawberry Watermelon oferuje do 35 000 zaci\u0105gni\u0119\u0107, czyli d\u0142u\u017cej ni\u017c konwencjonalne produkty na rynku, idealne dla intensywnych u\u017cytkownik\u00f3w lub os\u00f3b podr\u00f3\u017cuj\u0105cych na du\u017ce odleg\u0142o\u015bci.<\/p><h2>Wysokowydajny rezystor rozpylacza<\/h2><p>Model Bang King 35000 Strawberry Watermelon wyposa\u017cony jest w rezystor siatkowy 0,6 \u03a9 zapewniaj\u0105cy r\u00f3wnomierne ogrzewanie i du\u017c\u0105 obj\u0119to\u015b\u0107 pary, oferuj\u0105c bardziej intensywny smak i \u0142agodniejszy wdech.<\/p><h2>Inteligentny wy\u015bwietlacz LED<\/h2><p>Niezale\u017cny inteligentny wy\u015bwietlacz LED pokazuje poziom na\u0142adowania baterii i ilo\u015b\u0107 pozosta\u0142ego e-liquidu w czasie rzeczywistym, umo\u017cliwiaj\u0105c u\u017cytkownikom wyra\u017ane monitorowanie stanu urz\u0105dzenia i unikanie nieoczekiwanych przerw w zasilaniu lub niskiego poziomu e-liquidu.<\/p><h2>Wyb\u00f3r st\u0119\u017ce\u0144 nikotyny<\/h2><p>Model Bang King 35000 oferuje kilka dawek nikotyny: 0 %, 2 %, 3 % i 5 %, aby zaspokoi\u0107 potrzeby wszystkich u\u017cytkownik\u00f3w, od zerowych dozna\u0144 nikotynowych po bogate w nikotyn\u0119 uderzenie w gard\u0142o.<\/p><h2>System ochrony<\/h2><p>Model Bang King 35000 Strawberry Watermelon posiada wbudowany system ochrony przed suchym oparzeniem, kt\u00f3ry automatycznie zatrzymuje ogrzewanie, gdy sko\u0144czy si\u0119 e-ciecz, zapobiegaj\u0105c uszkodzeniu rezystora atomizera i zapewniaj\u0105c bezpiecze\u0144stwo u\u017cytkownika.<\/p><p>Bang King 35000 Strawberry Watermelon ma ergonomiczny, zaokr\u0105glony korpus, kt\u00f3ry jest wygodny w trzymaniu i delikatne, odporne na zarysowania, antypo\u015blizgowe wyko\u0144czenie u\u0142atwiaj\u0105ce transport i u\u017cytkowanie.<\/p>\t\t\t\t\t\t\t\t<\/div>\n\t\t\t\t<\/div>\n\t\t\t\t\t<\/div>\n\t\t\t\t<\/div>\n\t\t\t\t<\/div>","protected":false},"excerpt":{"rendered":"<p>La cigarette \u00e9lectronique Bang King 35000 Fraise Past\u00e8que allie la douceur intense de la fraise \u00e0 la fra\u00eecheur juteuse de la past\u00e8que. L&rsquo;ar\u00f4me est doux et rafra\u00eechissant, avec une l\u00e9g\u00e8re saveur de past\u00e8que aqueuse. Fraise\u00a0: Offre un ar\u00f4me vif et sucr\u00e9, typique de la douceur naturelle et moelleuse des fraises m\u00fbres. Imaginez des fraises fra\u00eeches [&hellip;]<\/p>\n","protected":false},"featured_media":6669,"comment_status":"open","ping_status":"closed","template":"","meta":{"site-sidebar-layout":"no-sidebar","site-content-layout":"page-builder","ast-site-content-layout":"normal-width-container","site-content-style":"default","site-sidebar-style":"default","ast-global-header-display":"","ast-banner-title-visibility":"","ast-main-header-display":"","ast-hfb-above-header-display":"","ast-hfb-below-header-display":"","ast-hfb-mobile-header-display":"","site-post-title":"disabled","ast-breadcrumbs-content":"","ast-featured-img":"disabled","footer-sml-layout":"","ast-disable-related-posts":"","theme-transparent-header-meta":"default","adv-header-id-meta":"","stick-header-meta":"default","header-above-stick-meta":"","header-main-stick-meta":"","header-below-stick-meta":"","astra-migrate-meta-layouts":"set","ast-page-background-enabled":"default","ast-page-background-meta":{"desktop":{"background-color":"","background-image":"","background-repeat":"repeat","background-position":"center center","background-size":"auto","background-attachment":"scroll","background-type":"","background-media":"","overlay-type":"","overlay-color":"","overlay-opacity":"","overlay-gradient":""},"tablet":{"background-color":"","background-image":"","background-repeat":"repeat","background-position":"center center","background-size":"auto","background-attachment":"scroll","background-type":"","background-media":"","overlay-type":"","overlay-color":"","overlay-opacity":"","overlay-gradient":""},"mobile":{"background-color":"","background-image":"","background-repeat":"repeat","background-position":"center center","background-size":"auto","background-attachment":"scroll","background-type":"","background-media":"","overlay-type":"","overlay-color":"","overlay-opacity":"","overlay-gradient":""}},"ast-content-background-meta":{"desktop":{"background-color":"var(--ast-global-color-5)","background-image":"","background-repeat":"repeat","background-position":"center center","background-size":"auto","background-attachment":"scroll","background-type":"","background-media":"","overlay-type":"","overlay-color":"","overlay-opacity":"","overlay-gradient":""},"tablet":{"background-color":"var(--ast-global-color-5)","background-image":"","background-repeat":"repeat","background-position":"center center","background-size":"auto","background-attachment":"scroll","background-type":"","background-media":"","overlay-type":"","overlay-color":"","overlay-opacity":"","overlay-gradient":""},"mobile":{"background-color":"var(--ast-global-color-5)","background-image":"","background-repeat":"repeat","background-position":"center center","background-size":"auto","background-attachment":"scroll","background-type":"","background-media":"","overlay-type":"","overlay-color":"","overlay-opacity":"","overlay-gradient":""}}},"product_brand":[52],"product_cat":[57,105,15],"product_tag":[],"class_list":{"0":"post-6798","1":"product","2":"type-product","3":"status-publish","4":"has-post-thumbnail","6":"product_brand-bang-king","7":"product_cat-bang-king-35k-resistance-mesh","8":"product_cat-puff-35k","9":"product_cat-magasin-cigarette-electronique","10":"desktop-align-center","11":"tablet-align-center","12":"mobile-align-center","13":"ast-product-gallery-layout-horizontal","14":"ast-product-gallery-with-no-image","15":"ast-product-single-variable","16":"ast-product-tabs-layout-horizontal","17":"ast-qv-on-image","19":"first","20":"instock","21":"sale","22":"shipping-taxable","23":"purchasable","24":"product-type-variable","25":"has-default-attributes"},"tiered_pricing_type":"fixed","tiered_pricing_fixed_rules":{"50":6.83,"100":6.22},"tiered_pricing_product_settings":{"layout":"default","base_unit_name":{"singular":null,"plural":null},"default_variation":null},"tiered_pricing_minimum_quantity":null,"tiered_pricing_roles_data":[],"tiered_pricing_percentage_rules":[],"_links":{"self":[{"href":"https:\/\/puffvapestore.com\/pl\/wp-json\/wp\/v2\/product\/6798","targetHints":{"allow":["GET"]}}],"collection":[{"href":"https:\/\/puffvapestore.com\/pl\/wp-json\/wp\/v2\/product"}],"about":[{"href":"https:\/\/puffvapestore.com\/pl\/wp-json\/wp\/v2\/types\/product"}],"replies":[{"embeddable":true,"href":"https:\/\/puffvapestore.com\/pl\/wp-json\/wp\/v2\/comments?post=6798"}],"version-history":[{"count":7,"href":"https:\/\/puffvapestore.com\/pl\/wp-json\/wp\/v2\/product\/6798\/revisions"}],"predecessor-version":[{"id":7222,"href":"https:\/\/puffvapestore.com\/pl\/wp-json\/wp\/v2\/product\/6798\/revisions\/7222"}],"wp:featuredmedia":[{"embeddable":true,"href":"https:\/\/puffvapestore.com\/pl\/wp-json\/wp\/v2\/media\/6669"}],"wp:attachment":[{"href":"https:\/\/puffvapestore.com\/pl\/wp-json\/wp\/v2\/media?parent=6798"}],"wp:term":[{"taxonomy":"product_brand","embeddable":true,"href":"https:\/\/puffvapestore.com\/pl\/wp-json\/wp\/v2\/product_brand?post=6798"},{"taxonomy":"product_cat","embeddable":true,"href":"https:\/\/puffvapestore.com\/pl\/wp-json\/wp\/v2\/product_cat?post=6798"},{"taxonomy":"product_tag","embeddable":true,"href":"https:\/\/puffvapestore.com\/pl\/wp-json\/wp\/v2\/product_tag?post=6798"}],"curies":[{"name":"wp","href":"https:\/\/api.w.org\/{rel}","templated":true}]}}