{"id":6768,"date":"2025-08-18T05:07:38","date_gmt":"2025-08-18T05:07:38","guid":{"rendered":"https:\/\/puffvapestore.com\/?post_type=product&#038;p=6768"},"modified":"2026-01-19T10:31:54","modified_gmt":"2026-01-19T10:31:54","slug":"bang-king-35k-energy-drink-est-davantage-une-saveur-reveil-energetique","status":"publish","type":"product","link":"https:\/\/puffvapestore.com\/pl\/product\/napoj-energetyzujacy-bang-king-35k-ma-bardziej-energetyczny-smak\/","title":{"rendered":"Bang King 35000 - Nap\u00f3j energetyczny"},"content":{"rendered":"<div data-elementor-type=\"wp-post\" data-elementor-id=\"6768\" class=\"elementor elementor-6768\">\n\t\t\t\t<div class=\"elementor-element elementor-element-08c26f9 e-flex e-con-boxed e-con e-parent\" data-id=\"08c26f9\" data-element_type=\"container\" data-e-type=\"container\">\n\t\t\t\t\t<div class=\"e-con-inner\">\n\t\t\t\t<div class=\"elementor-element elementor-element-a005a97 elementor-widget elementor-widget-text-editor\" data-id=\"a005a97\" data-element_type=\"widget\" data-e-type=\"widget\" data-widget_type=\"text-editor.default\">\n\t\t\t\t<div class=\"elementor-widget-container\">\n\t\t\t\t\t\t\t\t\t<p>W por\u00f3wnaniu z owocowymi i lodowymi smakami, takimi jak Blue Razz Ice lub Peach Ice, e-papieros Bang King 35000 Energy Drink preferuje orze\u017awiaj\u0105ce, stymuluj\u0105ce doznania, a nie bogaty owocowy aromat lub siln\u0105 mi\u0119tow\u0105 \u015bwie\u017co\u015b\u0107. Jest to bardziej smak \u00abenergetycznego przebudzenia\u00bb ni\u017c czysto owocowy lub lodowy smak.<\/p><h2>Sk\u0142ad aromatyczny<\/h2><p>S\u0142odko-kwa\u015bna r\u00f3wnowaga: S\u0142odycz pochodzi z syropu lub fruktozy powszechnie wyst\u0119puj\u0105cej w napojach energetycznych, podczas gdy kwasowo\u015b\u0107 dodaje pobudzaj\u0105cego akcentu, podobnego do orze\u017awiaj\u0105cej kwasowo\u015bci owoc\u00f3w cytrusowych.<\/p><p>Musuj\u0105cy: Chocia\u017c elektroniczny papieros wykorzystuje par\u0119, a nie p\u0142yn, smak symuluje musowanie napoj\u00f3w gazowanych, tworz\u0105c lekkie musowanie, kt\u00f3re poprawia og\u00f3lne wra\u017cenia.<\/p><h2>Og\u00f3lne wra\u017cenia smakowe<\/h2><p>U\u017cytkownik odczuwa od\u015bwie\u017caj\u0105cy, niedra\u017cni\u0105cy powiew w gardle:<\/p><p>Pocz\u0105tkowa s\u0142odycz opar\u00f3w szybko si\u0119 rozprzestrzenia, przywodz\u0105c na my\u015bl natychmiastowe orze\u017awienie puszki mro\u017conego napoju energetycznego.<\/p><p>Lekka kwasowo\u015b\u0107 w \u015brodkowej cz\u0119\u015bci podniebienia daje wra\u017cenie klarowno\u015bci i aktywacji.<\/p><p>Finisz oferuje s\u0142odki posmak i subtelne uczucie \u015bwie\u017co\u015bci, symuluj\u0105c uczucie przebudzenia.<\/p><h2>Bateria o d\u0142ugiej \u017cywotno\u015bci i akumulator o du\u017cej pojemno\u015bci<\/h2><p>BANG KING 35000 Energy Drink to jednorazowy waporyzator elektroniczny o du\u017cej pojemno\u015bci, zaprojektowany z my\u015bl\u0105 o d\u0142ugotrwa\u0142ych doznaniach i niepor\u00f3wnywalnych smakach. Ka\u017cdy elektroniczny papieros BANG KING 35000 oferuje do 35 000 zaci\u0105gni\u0119\u0107. Wbudowany akumulator o du\u017cej pojemno\u015bci i bardzo du\u017cy zbiornik e-liquidu gwarantuj\u0105 pe\u0142ny, p\u0142ynny wdech.<\/p><p>Dzi\u0119ki wysokowydajnemu akumulatorowi litowemu o pojemno\u015bci 1000 mAh i portowi szybkiego \u0142adowania typu C, ju\u017c nigdy nie b\u0119dziesz musia\u0142 martwi\u0107 si\u0119 o awari\u0119 baterii. Wyj\u0105tkowo du\u017cy, wst\u0119pnie nape\u0142niony zbiornik e-liquidu o pojemno\u015bci 23 ml, w po\u0142\u0105czeniu z technologi\u0105 Mesh Coil i zoptymalizowanym rezystorem 0,6 \u03a9, zapewnia r\u00f3wnomierne ogrzewanie, bogaty smak i du\u017c\u0105 obj\u0119to\u015b\u0107 pary.<\/p><h2>Wy\u015bwietlacz LED i wiele poziom\u00f3w nikotyny<\/h2><p>Model BANG KING 35000 Energy Drink jest wyposa\u017cony w inteligentny wy\u015bwietlacz LED, kt\u00f3ry pokazuje poziom na\u0142adowania baterii i poziom e-cieczy w czasie rzeczywistym, umo\u017cliwiaj\u0105c monitorowanie stanu urz\u0105dzenia przez ca\u0142y czas. Unikalna technologia Anti-Dry-Burn skutecznie zapobiega powstawaniu zapach\u00f3w spalenizny, gdy poziom e-cieczy jest niski, przed\u0142u\u017caj\u0105c \u017cywotno\u015b\u0107 atomizera.<\/p><p>BANG KING 35000 Energy Drink oferuje kilka poziom\u00f3w nikotyny: 0 %, 2 %, 3 % i 5 %, aby zaspokoi\u0107 r\u00f3\u017cne potrzeby u\u017cytkownik\u00f3w. Niezale\u017cnie od tego, czy jeste\u015b beznikotynowym palaczem szukaj\u0105cym czystego smaku, czy do\u015bwiadczonym palaczem, kt\u00f3ry preferuje satysfakcj\u0119 z mocnego vape, znajdziesz idealny wyb\u00f3r.<\/p><p>Dzi\u0119ki dopracowanej konstrukcji, wytrzyma\u0142ej baterii i licznym opcjom smakowym, model BANG KING 35000 (DSK032) wyr\u00f3\u017cnia si\u0119 w\u015br\u00f3d najwy\u017cszej klasy jednorazowych waporyzator\u00f3w elektronicznych. Do codziennego u\u017cytku lub w podr\u00f3\u017cy, oferuje on p\u0142ynne, stabilne i d\u0142ugotrwa\u0142e doznania z waporyzacji.<\/p><h2>Specyfikacja BANG KING 35000 Energy Drink:<\/h2><p>Liczba zaci\u0105gni\u0119\u0107 : Do 35 000<\/p><p>Pojemno\u015b\u0107 baterii: 1000 mAh z mo\u017cliwo\u015bci\u0105 \u0142adowania (typ C)<\/p><p>Pojemno\u015b\u0107 p\u0142ynu: 23 ml wst\u0119pnie nape\u0142niony<\/p><p>Rozpylacz: rezystor siatkowy 0,6 \u03a9<\/p><p>Wy\u015bwietlacz: Inteligentny wy\u015bwietlacz LED (poziom na\u0142adowania baterii\/poziom cieczy)<\/p><p>Ochrona: Ochrona przed oparzeniem<\/p><p>Poziomy nikotyny: 0 %, 2 %, 3 %, 5 %<\/p>\t\t\t\t\t\t\t\t<\/div>\n\t\t\t\t<\/div>\n\t\t\t\t\t<\/div>\n\t\t\t\t<\/div>\n\t\t\t\t<\/div>","protected":false},"excerpt":{"rendered":"<p>Compar\u00e9e aux saveurs fruit\u00e9es et glac\u00e9es comme Blue Razz Ice ou Peach Ice, la e-cigarette Bang King 35000 Energy Drink privil\u00e9gie une sensation rafra\u00eechissante et stimulante plut\u00f4t qu&rsquo;un ar\u00f4me fruit\u00e9 riche ou une forte sensation de fra\u00eecheur menthol\u00e9e. Il s&rsquo;agit davantage d&rsquo;une saveur \u00ab\u00a0r\u00e9veil \u00e9nerg\u00e9tique\u00a0\u00bb que d&rsquo;une saveur purement fruit\u00e9e ou glac\u00e9e. Composition aromatique \u00c9quilibre [&hellip;]<\/p>\n","protected":false},"featured_media":6662,"comment_status":"open","ping_status":"closed","template":"","meta":{"site-sidebar-layout":"no-sidebar","site-content-layout":"page-builder","ast-site-content-layout":"normal-width-container","site-content-style":"default","site-sidebar-style":"default","ast-global-header-display":"","ast-banner-title-visibility":"","ast-main-header-display":"","ast-hfb-above-header-display":"","ast-hfb-below-header-display":"","ast-hfb-mobile-header-display":"","site-post-title":"disabled","ast-breadcrumbs-content":"","ast-featured-img":"disabled","footer-sml-layout":"","ast-disable-related-posts":"","theme-transparent-header-meta":"default","adv-header-id-meta":"","stick-header-meta":"default","header-above-stick-meta":"","header-main-stick-meta":"","header-below-stick-meta":"","astra-migrate-meta-layouts":"set","ast-page-background-enabled":"default","ast-page-background-meta":{"desktop":{"background-color":"","background-image":"","background-repeat":"repeat","background-position":"center center","background-size":"auto","background-attachment":"scroll","background-type":"","background-media":"","overlay-type":"","overlay-color":"","overlay-opacity":"","overlay-gradient":""},"tablet":{"background-color":"","background-image":"","background-repeat":"repeat","background-position":"center center","background-size":"auto","background-attachment":"scroll","background-type":"","background-media":"","overlay-type":"","overlay-color":"","overlay-opacity":"","overlay-gradient":""},"mobile":{"background-color":"","background-image":"","background-repeat":"repeat","background-position":"center center","background-size":"auto","background-attachment":"scroll","background-type":"","background-media":"","overlay-type":"","overlay-color":"","overlay-opacity":"","overlay-gradient":""}},"ast-content-background-meta":{"desktop":{"background-color":"var(--ast-global-color-5)","background-image":"","background-repeat":"repeat","background-position":"center center","background-size":"auto","background-attachment":"scroll","background-type":"","background-media":"","overlay-type":"","overlay-color":"","overlay-opacity":"","overlay-gradient":""},"tablet":{"background-color":"var(--ast-global-color-5)","background-image":"","background-repeat":"repeat","background-position":"center center","background-size":"auto","background-attachment":"scroll","background-type":"","background-media":"","overlay-type":"","overlay-color":"","overlay-opacity":"","overlay-gradient":""},"mobile":{"background-color":"var(--ast-global-color-5)","background-image":"","background-repeat":"repeat","background-position":"center center","background-size":"auto","background-attachment":"scroll","background-type":"","background-media":"","overlay-type":"","overlay-color":"","overlay-opacity":"","overlay-gradient":""}}},"product_brand":[52],"product_cat":[57,105,15],"product_tag":[],"class_list":{"0":"post-6768","1":"product","2":"type-product","3":"status-publish","4":"has-post-thumbnail","6":"product_brand-bang-king","7":"product_cat-bang-king-35k-resistance-mesh","8":"product_cat-puff-35k","9":"product_cat-magasin-cigarette-electronique","10":"desktop-align-center","11":"tablet-align-center","12":"mobile-align-center","13":"ast-product-gallery-layout-horizontal","14":"ast-product-gallery-with-no-image","15":"ast-product-single-variable","16":"ast-product-tabs-layout-horizontal","17":"ast-qv-on-image","19":"first","20":"instock","21":"sale","22":"shipping-taxable","23":"purchasable","24":"product-type-variable","25":"has-default-attributes"},"tiered_pricing_type":"fixed","tiered_pricing_fixed_rules":{"50":6.83,"100":6.22},"tiered_pricing_product_settings":{"layout":"default","base_unit_name":{"singular":null,"plural":null},"default_variation":null},"tiered_pricing_minimum_quantity":null,"tiered_pricing_roles_data":[],"tiered_pricing_percentage_rules":[],"_links":{"self":[{"href":"https:\/\/puffvapestore.com\/pl\/wp-json\/wp\/v2\/product\/6768","targetHints":{"allow":["GET"]}}],"collection":[{"href":"https:\/\/puffvapestore.com\/pl\/wp-json\/wp\/v2\/product"}],"about":[{"href":"https:\/\/puffvapestore.com\/pl\/wp-json\/wp\/v2\/types\/product"}],"replies":[{"embeddable":true,"href":"https:\/\/puffvapestore.com\/pl\/wp-json\/wp\/v2\/comments?post=6768"}],"version-history":[{"count":7,"href":"https:\/\/puffvapestore.com\/pl\/wp-json\/wp\/v2\/product\/6768\/revisions"}],"predecessor-version":[{"id":7220,"href":"https:\/\/puffvapestore.com\/pl\/wp-json\/wp\/v2\/product\/6768\/revisions\/7220"}],"wp:featuredmedia":[{"embeddable":true,"href":"https:\/\/puffvapestore.com\/pl\/wp-json\/wp\/v2\/media\/6662"}],"wp:attachment":[{"href":"https:\/\/puffvapestore.com\/pl\/wp-json\/wp\/v2\/media?parent=6768"}],"wp:term":[{"taxonomy":"product_brand","embeddable":true,"href":"https:\/\/puffvapestore.com\/pl\/wp-json\/wp\/v2\/product_brand?post=6768"},{"taxonomy":"product_cat","embeddable":true,"href":"https:\/\/puffvapestore.com\/pl\/wp-json\/wp\/v2\/product_cat?post=6768"},{"taxonomy":"product_tag","embeddable":true,"href":"https:\/\/puffvapestore.com\/pl\/wp-json\/wp\/v2\/product_tag?post=6768"}],"curies":[{"name":"wp","href":"https:\/\/api.w.org\/{rel}","templated":true}]}}