{"id":6746,"date":"2025-08-15T06:18:15","date_gmt":"2025-08-15T06:18:15","guid":{"rendered":"https:\/\/puffvapestore.com\/?post_type=product&#038;p=6746"},"modified":"2026-01-19T10:31:54","modified_gmt":"2026-01-19T10:31:54","slug":"bang-king-35000-double-apple-arome-fruite-riche-et-complexe","status":"publish","type":"product","link":"https:\/\/puffvapestore.com\/pl\/product\/bang-king-35000-podwojne-jablko-bogaty-zlozony-owocowy-aromat\/","title":{"rendered":"Bang King 35000 - Podw\u00f3jne jab\u0142ko"},"content":{"rendered":"<div data-elementor-type=\"wp-post\" data-elementor-id=\"6746\" class=\"elementor elementor-6746\">\n\t\t\t\t<div class=\"elementor-element elementor-element-08c26f9 e-flex e-con-boxed e-con e-parent\" data-id=\"08c26f9\" data-element_type=\"container\" data-e-type=\"container\">\n\t\t\t\t\t<div class=\"e-con-inner\">\n\t\t\t\t<div class=\"elementor-element elementor-element-a005a97 elementor-widget elementor-widget-text-editor\" data-id=\"a005a97\" data-element_type=\"widget\" data-e-type=\"widget\" data-widget_type=\"text-editor.default\">\n\t\t\t\t<div class=\"elementor-widget-container\">\n\t\t\t\t\t\t\t\t\t<p>G\u0142\u00f3wnym smakiem Bang King 35000 Double Apple jest podw\u00f3jne jab\u0142ko, oferuj\u0105ce bogaty, z\u0142o\u017cony owocowy aromat z idealn\u0105 r\u00f3wnowag\u0105 mi\u0119dzy s\u0142odycz\u0105 a kwaskowato\u015bci\u0105. Tyto\u0144 ten uzupe\u0142nia g\u0142adka, \u0142agodna baza tytoniowa, \u0142\u0105cz\u0105ca orze\u017awiaj\u0105c\u0105 s\u0142odycz owoc\u00f3w z ci\u0119\u017cko\u015bci\u0105 tytoniu.<\/p><h2>O smaku podw\u00f3jnego jab\u0142ka<\/h2><p>Sercem tego tytoniu jest smak \u00abDouble Apple\u00bb, b\u0119d\u0105cy po\u0142\u0105czeniem aromat\u00f3w czerwonego i zielonego jab\u0142ka. Czerwone jab\u0142ko wnosi \u0142agodn\u0105, lekko nektarynkow\u0105 s\u0142odycz, podczas gdy zielone jab\u0142ko wnosi \u015bwie\u017cy, lekko cierpki owocowy aromat, tworz\u0105c uderzaj\u0105cy kontrast i r\u00f3wnowag\u0119.<\/p><h2>Bogaty, z\u0142o\u017cony owocowy aromat<\/h2><p>Podczas inhalacji pierwszym doznaniem jest bogaty aromat jab\u0142kowy, zmieszany ze s\u0142odycz\u0105 i kwaskowato\u015bci\u0105, ale bez zbytniej wyrazisto\u015bci, dodaj\u0105cy ca\u0142o\u015bci \u017cywego akcentu. W miar\u0119 intensyfikacji palenia owocowy aromat staje si\u0119 coraz bardziej wyrafinowany i \u0142agodny, ujawniaj\u0105c naturaln\u0105 owocow\u0105 s\u0142odycz.<\/p><h2>S\u0142odkie nuty tytoniu<\/h2><p>Chocia\u017c owocowy smak jest dominuj\u0105cy, nieod\u0142\u0105czny smak tytoniu utrzymuje si\u0119, dodaj\u0105c bogactwa i cia\u0142a Double Apple.<\/p><p>Opr\u00f3cz g\u0142\u00f3wnego smaku, subtelna nuta cynamonu lub go\u017adzik\u00f3w dodaje odrobin\u0119 z\u0142o\u017cono\u015bci, dzi\u0119ki czemu smak Double Apple jest bardziej zr\u00f3wnowa\u017cony i pe\u0142niejszy.<\/p><h2>Szczeg\u00f3\u0142y dotycz\u0105ce smaku:<\/h2><p>Podczas wdechu \u015bwie\u017cy aromat jab\u0142ka natychmiast budzi podniebienie, tworz\u0105c przyjemn\u0105 atmosfer\u0119 sadu.<\/p><p>Dym jest g\u0142adki i kremowy, bez podra\u017cnie\u0144 gard\u0142a, idealny do d\u0142ugotrwa\u0142ej konsumpcji.<\/p><p>Posmak, z nutami s\u0142odkiego jab\u0142ka i subtelnego tytoniu, jest niezwykle trwa\u0142y.<\/p><p>Finisz jest mi\u0119kki na podniebieniu, a aromat utrzymuje si\u0119 wystarczaj\u0105co d\u0142ugo, nie zanikaj\u0105c zbyt szybko ani nie trwaj\u0105c zbyt d\u0142ugo, by sta\u0107 si\u0119 md\u0142ym.<\/p><h2>Bateria o d\u0142ugiej \u017cywotno\u015bci i akumulator o du\u017cej pojemno\u015bci<\/h2><p>BANG KING 35000 Double Apple to jednorazowy waporyzator elektroniczny o du\u017cej pojemno\u015bci, zaprojektowany z my\u015bl\u0105 o d\u0142ugotrwa\u0142ych doznaniach i niepor\u00f3wnywalnych smakach. Ka\u017cdy elektroniczny papieros BANG KING 35000 oferuje do 35 000 zaci\u0105gni\u0119\u0107. Wbudowany akumulator o du\u017cej pojemno\u015bci i wyj\u0105tkowo du\u017cy zbiornik e-liquidu gwarantuj\u0105 pe\u0142ny, p\u0142ynny wdech.<\/p><p>Dzi\u0119ki wysokowydajnemu akumulatorowi litowemu o pojemno\u015bci 1000 mAh i portowi szybkiego \u0142adowania typu C, ju\u017c nigdy nie b\u0119dziesz musia\u0142 martwi\u0107 si\u0119 o awari\u0119 baterii. Wyj\u0105tkowo du\u017cy, wst\u0119pnie nape\u0142niony zbiornik e-liquidu o pojemno\u015bci 23 ml, w po\u0142\u0105czeniu z technologi\u0105 Mesh Coil i zoptymalizowanym rezystorem 0,6 \u03a9, zapewnia r\u00f3wnomierne ogrzewanie, bogaty smak i du\u017c\u0105 obj\u0119to\u015b\u0107 pary.<\/p><h2>Wy\u015bwietlacz LED i wiele poziom\u00f3w nikotyny<\/h2><p>Model BANG KING 35000 Double Apple jest wyposa\u017cony w inteligentny wy\u015bwietlacz LED, kt\u00f3ry pokazuje pozosta\u0142y poziom na\u0142adowania baterii i poziom e-cieczy w czasie rzeczywistym, umo\u017cliwiaj\u0105c monitorowanie stanu urz\u0105dzenia przez ca\u0142y czas. Unikalna technologia Anti-Dry-Burn skutecznie zapobiega powstawaniu nieprzyjemnych zapach\u00f3w, gdy poziom e-cieczy jest niski, przed\u0142u\u017caj\u0105c \u017cywotno\u015b\u0107 atomizera.<\/p><p>BANG KING 35000 Double Apple oferuje kilka poziom\u00f3w nikotyny: 0 %, 2 %, 3 % i 5 %, aby zaspokoi\u0107 r\u00f3\u017cne potrzeby u\u017cytkownik\u00f3w. Niezale\u017cnie od tego, czy jeste\u015b palaczem beznikotynowym szukaj\u0105cym czystego smaku, czy do\u015bwiadczonym palaczem, kt\u00f3ry preferuje satysfakcj\u0119 z mocnego vape, znajdziesz idealny wyb\u00f3r.<\/p><p>Dzi\u0119ki dopracowanej konstrukcji, wytrzyma\u0142ej baterii i licznym opcjom smakowym, model BANG KING 35000 (DSK032) wyr\u00f3\u017cnia si\u0119 w\u015br\u00f3d najwy\u017cszej klasy jednorazowych waporyzator\u00f3w elektronicznych. Do codziennego u\u017cytku lub w podr\u00f3\u017cy, oferuje on p\u0142ynne, stabilne i d\u0142ugotrwa\u0142e doznania z waporyzacji.<\/p><h2>Specyfikacje BANG KING 35000 Dual Apple :<\/h2><p>Liczba zaci\u0105gni\u0119\u0107 : Do 35 000<\/p><p>Pojemno\u015b\u0107 baterii: 1000 mAh z mo\u017cliwo\u015bci\u0105 \u0142adowania (typ C)<\/p><p>Pojemno\u015b\u0107 p\u0142ynu: 23 ml wst\u0119pnie nape\u0142niony<\/p><p>Rozpylacz: rezystor siatkowy 0,6 \u03a9<\/p><p>Wy\u015bwietlacz: Inteligentny wy\u015bwietlacz LED (poziom na\u0142adowania baterii\/poziom cieczy)<\/p><p>Ochrona: Ochrona przed oparzeniem<\/p><p>Poziomy nikotyny: 0 %, 2 %, 3 %, 5 %<\/p>\t\t\t\t\t\t\t\t<\/div>\n\t\t\t\t<\/div>\n\t\t\t\t\t<\/div>\n\t\t\t\t<\/div>\n\t\t\t\t<\/div>","protected":false},"excerpt":{"rendered":"<p>La saveur principale du Bang King 35000 Double Pomme est la pomme double, offrant un ar\u00f4me fruit\u00e9 riche et complexe, avec un \u00e9quilibre parfait entre douceur et acidit\u00e9. Ce tabac est compl\u00e9t\u00e9 par une base de tabac doux et moelleux, alliant la douceur rafra\u00eechissante du fruit \u00e0 la lourdeur du tabac. Avec la saveur Double [&hellip;]<\/p>\n","protected":false},"featured_media":6661,"comment_status":"open","ping_status":"closed","template":"","meta":{"site-sidebar-layout":"no-sidebar","site-content-layout":"page-builder","ast-site-content-layout":"normal-width-container","site-content-style":"default","site-sidebar-style":"default","ast-global-header-display":"","ast-banner-title-visibility":"","ast-main-header-display":"","ast-hfb-above-header-display":"","ast-hfb-below-header-display":"","ast-hfb-mobile-header-display":"","site-post-title":"disabled","ast-breadcrumbs-content":"","ast-featured-img":"disabled","footer-sml-layout":"","ast-disable-related-posts":"","theme-transparent-header-meta":"default","adv-header-id-meta":"","stick-header-meta":"default","header-above-stick-meta":"","header-main-stick-meta":"","header-below-stick-meta":"","astra-migrate-meta-layouts":"set","ast-page-background-enabled":"default","ast-page-background-meta":{"desktop":{"background-color":"","background-image":"","background-repeat":"repeat","background-position":"center center","background-size":"auto","background-attachment":"scroll","background-type":"","background-media":"","overlay-type":"","overlay-color":"","overlay-opacity":"","overlay-gradient":""},"tablet":{"background-color":"","background-image":"","background-repeat":"repeat","background-position":"center center","background-size":"auto","background-attachment":"scroll","background-type":"","background-media":"","overlay-type":"","overlay-color":"","overlay-opacity":"","overlay-gradient":""},"mobile":{"background-color":"","background-image":"","background-repeat":"repeat","background-position":"center center","background-size":"auto","background-attachment":"scroll","background-type":"","background-media":"","overlay-type":"","overlay-color":"","overlay-opacity":"","overlay-gradient":""}},"ast-content-background-meta":{"desktop":{"background-color":"var(--ast-global-color-5)","background-image":"","background-repeat":"repeat","background-position":"center center","background-size":"auto","background-attachment":"scroll","background-type":"","background-media":"","overlay-type":"","overlay-color":"","overlay-opacity":"","overlay-gradient":""},"tablet":{"background-color":"var(--ast-global-color-5)","background-image":"","background-repeat":"repeat","background-position":"center center","background-size":"auto","background-attachment":"scroll","background-type":"","background-media":"","overlay-type":"","overlay-color":"","overlay-opacity":"","overlay-gradient":""},"mobile":{"background-color":"var(--ast-global-color-5)","background-image":"","background-repeat":"repeat","background-position":"center center","background-size":"auto","background-attachment":"scroll","background-type":"","background-media":"","overlay-type":"","overlay-color":"","overlay-opacity":"","overlay-gradient":""}}},"product_brand":[52],"product_cat":[57,105,15],"product_tag":[],"class_list":{"0":"post-6746","1":"product","2":"type-product","3":"status-publish","4":"has-post-thumbnail","6":"product_brand-bang-king","7":"product_cat-bang-king-35k-resistance-mesh","8":"product_cat-puff-35k","9":"product_cat-magasin-cigarette-electronique","10":"desktop-align-center","11":"tablet-align-center","12":"mobile-align-center","13":"ast-product-gallery-layout-horizontal","14":"ast-product-gallery-with-no-image","15":"ast-product-single-variable","16":"ast-product-tabs-layout-horizontal","17":"ast-qv-on-image","19":"first","20":"instock","21":"sale","22":"shipping-taxable","23":"purchasable","24":"product-type-variable","25":"has-default-attributes"},"tiered_pricing_type":"fixed","tiered_pricing_fixed_rules":{"50":6.83,"100":6.22},"tiered_pricing_product_settings":{"layout":"default","base_unit_name":{"singular":null,"plural":null},"default_variation":null},"tiered_pricing_minimum_quantity":null,"tiered_pricing_roles_data":[],"tiered_pricing_percentage_rules":[],"_links":{"self":[{"href":"https:\/\/puffvapestore.com\/pl\/wp-json\/wp\/v2\/product\/6746","targetHints":{"allow":["GET"]}}],"collection":[{"href":"https:\/\/puffvapestore.com\/pl\/wp-json\/wp\/v2\/product"}],"about":[{"href":"https:\/\/puffvapestore.com\/pl\/wp-json\/wp\/v2\/types\/product"}],"replies":[{"embeddable":true,"href":"https:\/\/puffvapestore.com\/pl\/wp-json\/wp\/v2\/comments?post=6746"}],"version-history":[{"count":7,"href":"https:\/\/puffvapestore.com\/pl\/wp-json\/wp\/v2\/product\/6746\/revisions"}],"predecessor-version":[{"id":7218,"href":"https:\/\/puffvapestore.com\/pl\/wp-json\/wp\/v2\/product\/6746\/revisions\/7218"}],"wp:featuredmedia":[{"embeddable":true,"href":"https:\/\/puffvapestore.com\/pl\/wp-json\/wp\/v2\/media\/6661"}],"wp:attachment":[{"href":"https:\/\/puffvapestore.com\/pl\/wp-json\/wp\/v2\/media?parent=6746"}],"wp:term":[{"taxonomy":"product_brand","embeddable":true,"href":"https:\/\/puffvapestore.com\/pl\/wp-json\/wp\/v2\/product_brand?post=6746"},{"taxonomy":"product_cat","embeddable":true,"href":"https:\/\/puffvapestore.com\/pl\/wp-json\/wp\/v2\/product_cat?post=6746"},{"taxonomy":"product_tag","embeddable":true,"href":"https:\/\/puffvapestore.com\/pl\/wp-json\/wp\/v2\/product_tag?post=6746"}],"curies":[{"name":"wp","href":"https:\/\/api.w.org\/{rel}","templated":true}]}}