{"id":6683,"date":"2025-08-14T05:04:16","date_gmt":"2025-08-14T05:04:16","guid":{"rendered":"https:\/\/puffvapestore.com\/?post_type=product&#038;p=6683"},"modified":"2026-01-19T10:31:53","modified_gmt":"2026-01-19T10:31:53","slug":"bang-king-35000-avec-23-ml-de-e-liquide-prerempli","status":"publish","type":"product","link":"https:\/\/puffvapestore.com\/pl\/product\/bang-king-35000-z-23-ml-plynu-e-prerempli\/","title":{"rendered":"BANG KING 35000: Oferuje 35 000 zaci\u0105gni\u0119\u0107, jest wyposa\u017cony w 23 ml wst\u0119pnie nape\u0142nionego e-liquidu, rezystor siatkowy 0,6 \u03a9 i ekran LED o wysokiej rozdzielczo\u015bci."},"content":{"rendered":"<div data-elementor-type=\"wp-post\" data-elementor-id=\"6683\" class=\"elementor elementor-6683\">\n\t\t\t\t<div class=\"elementor-element elementor-element-08c26f9 e-flex e-con-boxed e-con e-parent\" data-id=\"08c26f9\" data-element_type=\"container\" data-e-type=\"container\">\n\t\t\t\t\t<div class=\"e-con-inner\">\n\t\t\t\t<div class=\"elementor-element elementor-element-a005a97 elementor-widget elementor-widget-text-editor\" data-id=\"a005a97\" data-element_type=\"widget\" data-e-type=\"widget\" data-widget_type=\"text-editor.default\">\n\t\t\t\t<div class=\"elementor-widget-container\">\n\t\t\t\t\t\t\t\t\t<h2>Bateria o d\u0142ugiej \u017cywotno\u015bci i akumulator o du\u017cej pojemno\u015bci<\/h2><p>BANG KING 35000 to jednorazowy waporyzator elektroniczny o du\u017cej pojemno\u015bci, zaprojektowany z my\u015bl\u0105 o d\u0142ugotrwa\u0142ych doznaniach i niezr\u00f3wnanych smakach. Ka\u017cdy elektroniczny papieros BANG KING 35000 oferuje do 35 000 zaci\u0105gni\u0119\u0107. Wbudowany akumulator o du\u017cej pojemno\u015bci i bardzo du\u017cy zbiornik e-liquidu gwarantuj\u0105 pe\u0142ny, p\u0142ynny wdech.<\/p><p>Dzi\u0119ki wysokowydajnemu akumulatorowi litowemu o pojemno\u015bci 1000 mAh i portowi szybkiego \u0142adowania typu C, ju\u017c nigdy nie b\u0119dziesz musia\u0142 martwi\u0107 si\u0119 o awari\u0119 baterii. Wyj\u0105tkowo du\u017cy, wst\u0119pnie nape\u0142niony zbiornik e-liquidu o pojemno\u015bci 23 ml, w po\u0142\u0105czeniu z technologi\u0105 Mesh Coil i zoptymalizowanym rezystorem 0,6 \u03a9, zapewnia r\u00f3wnomierne ogrzewanie, bogaty smak i du\u017c\u0105 obj\u0119to\u015b\u0107 pary.<\/p><h2>Wy\u015bwietlacz LED i wiele poziom\u00f3w nikotyny<\/h2><p>Model BANG KING 35000 jest wyposa\u017cony w inteligentny wy\u015bwietlacz LED, kt\u00f3ry pokazuje pozosta\u0142y poziom na\u0142adowania baterii i poziom e-cieczy w czasie rzeczywistym, umo\u017cliwiaj\u0105c monitorowanie stanu urz\u0105dzenia przez ca\u0142y czas. Unikalna technologia Anti-Dry-Burn skutecznie zapobiega powstawaniu nieprzyjemnych zapach\u00f3w, gdy poziom e-cieczy jest niski, przed\u0142u\u017caj\u0105c \u017cywotno\u015b\u0107 rezystora atomizera.<\/p><p>Model BANG KING 35000 oferuje kilka poziom\u00f3w nikotyny: 0 %, 2 %, 3 % i 5 %, aby zaspokoi\u0107 r\u00f3\u017cne potrzeby u\u017cytkownik\u00f3w. Niezale\u017cnie od tego, czy jeste\u015b palaczem beznikotynowym szukaj\u0105cym czystego smaku, czy do\u015bwiadczonym palaczem, kt\u00f3ry preferuje satysfakcj\u0119 z mocnego vape, znajdziesz idealny wyb\u00f3r.<\/p><p>Dzi\u0119ki dopracowanej konstrukcji, wytrzyma\u0142ej baterii i licznym opcjom smakowym, model BANG KING 35000 (DSK032) wyr\u00f3\u017cnia si\u0119 w\u015br\u00f3d najwy\u017cszej klasy jednorazowych waporyzator\u00f3w elektronicznych. Do codziennego u\u017cytku lub w podr\u00f3\u017cy, oferuje on p\u0142ynne, stabilne i d\u0142ugotrwa\u0142e doznania z waporyzacji.<\/p><h2>Specyfikacja BANG KING 35000 :<\/h2><p>Liczba zaci\u0105gni\u0119\u0107 : Do 35 000<\/p><p>Pojemno\u015b\u0107 baterii: 1000 mAh z mo\u017cliwo\u015bci\u0105 \u0142adowania (typ C)<\/p><p>Pojemno\u015b\u0107 p\u0142ynu: 23 ml wst\u0119pnie nape\u0142niony<\/p><p>Rozpylacz: rezystor siatkowy 0,6 \u03a9<\/p><p>Wy\u015bwietlacz: Inteligentny wy\u015bwietlacz LED (poziom na\u0142adowania baterii\/poziom cieczy)<\/p><p>Ochrona: Ochrona przed oparzeniem<\/p><p>Poziomy nikotyny: 0 %, 2 %, 3 %, 5 %<\/p><h2>Seria BANG KING 35000 obejmuje 12 r\u00f3\u017cnych smak\u00f3w.<\/h2><p>Seria BANG KING 35000 obejmuje 12 r\u00f3\u017cnych smak\u00f3w, aby dopasowa\u0107 si\u0119 do preferencji ka\u017cdego u\u017cytkownika. Po pierwsze, gama owocowych smak\u00f3w oferuje r\u00f3\u017cnorodne klasyczne kombinacje, takie jak \u00abBlue Razz Ice\u00bb, \u00abBlueberry Ice\u00bb, \u00abRaspberry Ice\u00bb, \u00abPeach Ice\u00bb, \u00abStrawberry Kiwi\u00bb, \u00abStrawberry Mango\u00bb, \u00abStrawberry Watermelon\u00bb i \u00abWatermelon\u00bb. Smaki te oferuj\u0105 orze\u017awiaj\u0105ce, ch\u0142odz\u0105ce doznania o zr\u00f3wnowa\u017conym s\u0142odko-gorzkim smaku, idealne dla fan\u00f3w owocowych i lodowych dozna\u0144.<\/p><p>Po drugie, BANG KING 35000 oferuje r\u00f3wnie\u017c unikalne smaki, takie jak \u00abDouble Apple\u00bb i \u00abLemon Mint\u00bb. Pierwszy z nich oferuje bogaty aromat jab\u0142ka, podczas gdy drugi \u0142\u0105czy kwasowo\u015b\u0107 cytryny ze \u015bwie\u017co\u015bci\u0105 mi\u0119ty, tworz\u0105c bogaty, z\u0142o\u017cony smak. Wreszcie, \u00abEnergy Drink\u00bb oferuje znajome i stymuluj\u0105ce doznania smakowe dla fan\u00f3w napoj\u00f3w energetycznych.<\/p><p>Wreszcie, \u00abLove 66\u00bb to bardziej oryginalny smak w asortymencie, o do\u015b\u0107 tajemniczej nazwie. Mo\u017ce to by\u0107 fuzja r\u00f3\u017cnych smak\u00f3w, nadaj\u0105ca mu unikalne pozycjonowanie smakowe, idealne dla tych, kt\u00f3rzy lubi\u0105 odkrywa\u0107 nowe smaki. Seria BANG KING 35000 jest g\u0142\u00f3wnie owocowa i orze\u017awiaj\u0105ca, oferuj\u0105c jednocze\u015bnie r\u00f3\u017cnorodne smaki, aby zaspokoi\u0107 potrzeby r\u00f3\u017cnych grup konsument\u00f3w.<\/p>\t\t\t\t\t\t\t\t<\/div>\n\t\t\t\t<\/div>\n\t\t\t\t\t<\/div>\n\t\t\t\t<\/div>\n\t\t\t\t<\/div>","protected":false},"excerpt":{"rendered":"<p>Batterie longue dur\u00e9e et batterie rechargeable grande capacit\u00e9 Le BANG KING 35000 est un vaporisateur \u00e9lectronique jetable haute capacit\u00e9 con\u00e7u pour une exp\u00e9rience longue dur\u00e9e et des saveurs incomparables. Chaque cigarette \u00e9lectronique BANG KING 35000 offre jusqu&rsquo;\u00e0 35000 bouff\u00e9es. Sa batterie rechargeable grande capacit\u00e9 int\u00e9gr\u00e9e et son r\u00e9servoir d&rsquo;e-liquide extra-large garantissent une inhalation ample et [&hellip;]<\/p>\n","protected":false},"featured_media":6663,"comment_status":"open","ping_status":"closed","template":"","meta":{"site-sidebar-layout":"no-sidebar","site-content-layout":"page-builder","ast-site-content-layout":"normal-width-container","site-content-style":"default","site-sidebar-style":"default","ast-global-header-display":"","ast-banner-title-visibility":"","ast-main-header-display":"","ast-hfb-above-header-display":"","ast-hfb-below-header-display":"","ast-hfb-mobile-header-display":"","site-post-title":"disabled","ast-breadcrumbs-content":"","ast-featured-img":"disabled","footer-sml-layout":"","ast-disable-related-posts":"","theme-transparent-header-meta":"default","adv-header-id-meta":"","stick-header-meta":"default","header-above-stick-meta":"","header-main-stick-meta":"","header-below-stick-meta":"","astra-migrate-meta-layouts":"set","ast-page-background-enabled":"default","ast-page-background-meta":{"desktop":{"background-color":"","background-image":"","background-repeat":"repeat","background-position":"center center","background-size":"auto","background-attachment":"scroll","background-type":"","background-media":"","overlay-type":"","overlay-color":"","overlay-opacity":"","overlay-gradient":""},"tablet":{"background-color":"","background-image":"","background-repeat":"repeat","background-position":"center center","background-size":"auto","background-attachment":"scroll","background-type":"","background-media":"","overlay-type":"","overlay-color":"","overlay-opacity":"","overlay-gradient":""},"mobile":{"background-color":"","background-image":"","background-repeat":"repeat","background-position":"center center","background-size":"auto","background-attachment":"scroll","background-type":"","background-media":"","overlay-type":"","overlay-color":"","overlay-opacity":"","overlay-gradient":""}},"ast-content-background-meta":{"desktop":{"background-color":"var(--ast-global-color-5)","background-image":"","background-repeat":"repeat","background-position":"center center","background-size":"auto","background-attachment":"scroll","background-type":"","background-media":"","overlay-type":"","overlay-color":"","overlay-opacity":"","overlay-gradient":""},"tablet":{"background-color":"var(--ast-global-color-5)","background-image":"","background-repeat":"repeat","background-position":"center center","background-size":"auto","background-attachment":"scroll","background-type":"","background-media":"","overlay-type":"","overlay-color":"","overlay-opacity":"","overlay-gradient":""},"mobile":{"background-color":"var(--ast-global-color-5)","background-image":"","background-repeat":"repeat","background-position":"center center","background-size":"auto","background-attachment":"scroll","background-type":"","background-media":"","overlay-type":"","overlay-color":"","overlay-opacity":"","overlay-gradient":""}}},"product_brand":[52],"product_cat":[57,105,15],"product_tag":[],"class_list":{"0":"post-6683","1":"product","2":"type-product","3":"status-publish","4":"has-post-thumbnail","6":"product_brand-bang-king","7":"product_cat-bang-king-35k-resistance-mesh","8":"product_cat-puff-35k","9":"product_cat-magasin-cigarette-electronique","10":"desktop-align-center","11":"tablet-align-center","12":"mobile-align-center","13":"ast-product-gallery-layout-horizontal","14":"ast-product-single-variable","15":"ast-product-tabs-layout-horizontal","16":"ast-qv-on-image","18":"first","19":"instock","20":"sale","21":"shipping-taxable","22":"purchasable","23":"product-type-variable","24":"has-default-attributes"},"tiered_pricing_type":"fixed","tiered_pricing_fixed_rules":{"50":6.83,"100":6.22},"tiered_pricing_product_settings":{"layout":"default","base_unit_name":{"singular":null,"plural":null},"default_variation":null},"tiered_pricing_minimum_quantity":null,"tiered_pricing_roles_data":[],"tiered_pricing_percentage_rules":[],"_links":{"self":[{"href":"https:\/\/puffvapestore.com\/pl\/wp-json\/wp\/v2\/product\/6683","targetHints":{"allow":["GET"]}}],"collection":[{"href":"https:\/\/puffvapestore.com\/pl\/wp-json\/wp\/v2\/product"}],"about":[{"href":"https:\/\/puffvapestore.com\/pl\/wp-json\/wp\/v2\/types\/product"}],"replies":[{"embeddable":true,"href":"https:\/\/puffvapestore.com\/pl\/wp-json\/wp\/v2\/comments?post=6683"}],"version-history":[{"count":7,"href":"https:\/\/puffvapestore.com\/pl\/wp-json\/wp\/v2\/product\/6683\/revisions"}],"predecessor-version":[{"id":7230,"href":"https:\/\/puffvapestore.com\/pl\/wp-json\/wp\/v2\/product\/6683\/revisions\/7230"}],"wp:featuredmedia":[{"embeddable":true,"href":"https:\/\/puffvapestore.com\/pl\/wp-json\/wp\/v2\/media\/6663"}],"wp:attachment":[{"href":"https:\/\/puffvapestore.com\/pl\/wp-json\/wp\/v2\/media?parent=6683"}],"wp:term":[{"taxonomy":"product_brand","embeddable":true,"href":"https:\/\/puffvapestore.com\/pl\/wp-json\/wp\/v2\/product_brand?post=6683"},{"taxonomy":"product_cat","embeddable":true,"href":"https:\/\/puffvapestore.com\/pl\/wp-json\/wp\/v2\/product_cat?post=6683"},{"taxonomy":"product_tag","embeddable":true,"href":"https:\/\/puffvapestore.com\/pl\/wp-json\/wp\/v2\/product_tag?post=6683"}],"curies":[{"name":"wp","href":"https:\/\/api.w.org\/{rel}","templated":true}]}}