{"id":6609,"date":"2025-08-08T09:17:34","date_gmt":"2025-08-08T09:17:34","guid":{"rendered":"https:\/\/puffvapestore.com\/?post_type=product&#038;p=6609"},"modified":"2026-01-19T10:52:38","modified_gmt":"2026-01-19T10:52:38","slug":"bang-king-15k-triple-berry-ice-est-un-rafraichissement-fruite-unique-pour-la-vie","status":"publish","type":"product","link":"https:\/\/puffvapestore.com\/pl\/product\/bang-king-15k-triple-berry-ice-to-wyjatkowe-owocowe-orzezwienie-na-cale-zycie\/","title":{"rendered":"Bang King 15K - Triple Berry Ice"},"content":{"rendered":"<div data-elementor-type=\"wp-post\" data-elementor-id=\"6609\" class=\"elementor elementor-6609\">\n\t\t\t\t<div class=\"elementor-element elementor-element-08c26f9 e-flex e-con-boxed e-con e-parent\" data-id=\"08c26f9\" data-element_type=\"container\" data-e-type=\"container\">\n\t\t\t\t\t<div class=\"e-con-inner\">\n\t\t\t\t<div class=\"elementor-element elementor-element-a005a97 elementor-widget elementor-widget-text-editor\" data-id=\"a005a97\" data-element_type=\"widget\" data-e-type=\"widget\" data-widget_type=\"text-editor.default\">\n\t\t\t\t<div class=\"elementor-widget-container\">\n\t\t\t\t\t\t\t\t\t<p>Bang King 15000 Triple Berry Ice to wyj\u0105tkowe owocowe orze\u017awienie na ca\u0142e \u017cycie. Smak Triple Berry Ice \u0142\u0105czy w sobie bogactwo trzech jag\u00f3d z lodowym wyko\u0144czeniem: s\u0142odycz truskawki, g\u0142\u0119bi\u0119 bor\u00f3wki i subteln\u0105 kwaskowato\u015b\u0107 je\u017cyny, sublimowane przy ka\u017cdym wdechu, zapewniaj\u0105c owocowe i orze\u017awiaj\u0105ce doznania.<\/p><h2>G\u0142\u00f3wny smak : Triple Berry<\/h2><p>Ten smak Triple Berry Ice sk\u0142ada si\u0119 z trzech owoc\u00f3w jagodowych - zwykle jag\u00f3d, malin i truskawek - o subtelnych smakach, z kt\u00f3rych ka\u017cdy ma swoje w\u0142asne cechy:<\/p><h3>Jagoda :<\/h3><p>S\u0142odki i pikantny, jest bogaty i soczysty.<\/p><p>Pojawia si\u0119 przy pierwszym wdechu, z mi\u0119kk\u0105, naturaln\u0105, d\u017cemow\u0105 konsystencj\u0105.<\/p><p>Ma owocow\u0105 pow\u0142ok\u0119 na podniebieniu.<\/p><h3>Malina :<\/h3><p>Pojawia si\u0119 na \u015brodkowym podniebieniu, z wyra\u017an\u0105 kwasowo\u015bci\u0105, kt\u00f3ra wzmacnia smak.<\/p><p>Wnosi orze\u017awiaj\u0105c\u0105, owocow\u0105 z\u0142o\u017cono\u015b\u0107 bez nadmiernej s\u0142odyczy.<\/p><p>\u0141\u0105czy si\u0119 z bor\u00f3wk\u0105, tworz\u0105c subteln\u0105 nut\u0119 dzikich owoc\u00f3w.<\/p><h3>Truskawka :<\/h3><p>Pojawia si\u0119 g\u0142\u00f3wnie na finiszu lub wydechu, oferuj\u0105c s\u0142odki, naturalny aromat z wyra\u017an\u0105 nut\u0105 cukierkow\u0105.<\/p><p>Ma g\u0142adk\u0105, kremow\u0105 s\u0142odycz, przypominaj\u0105c\u0105 truskawkowy bonbon, kt\u00f3ry wzmacnia og\u00f3ln\u0105 kr\u0105g\u0142o\u015b\u0107.<\/p><h2>Charakterystyka lod\u00f3w: \u015awie\u017ca mi\u0119ta (lody)<\/h2><p>Uczucie lodu jest wyczuwalne, ale nie nadmiernie stymuluj\u0105ce, co plasuje go w kategorii \u00abumiarkowanie mocny\u00bb.<\/p><p>Naturalnie \u0142\u0105czy si\u0119 z czerwonymi owocami, nie przyt\u0142aczaj\u0105c ich, a wr\u0119cz przeciwnie, podkre\u015blaj\u0105c orze\u017awiaj\u0105cy owocowy smak.<\/p><p>Podczas inhalacji lodowata \u015bwie\u017co\u015b\u0107 natychmiast otula gard\u0142o, tworz\u0105c orze\u017awiaj\u0105ce uczucie podobne do \u015bwie\u017cej mi\u0119towej gumy do \u017cucia.<\/p><h2>Elegancka, ergonomiczna konstrukcja<\/h2><p>Bang King 15000 Triple Berry Ice charakteryzuje si\u0119 eleganckim wzornictwem i ergonomiczn\u0105 obudow\u0105, zapewniaj\u0105c wygodny chwyt i \u0142atwo\u015b\u0107 przenoszenia. Nowoczesna konstrukcja nie tylko poprawia estetyk\u0119, ale tak\u017ce optymalizuje wra\u017cenia u\u017cytkownika, dzi\u0119ki czemu idealnie nadaje si\u0119 do d\u0142ugotrwa\u0142ego u\u017cytkowania. Powierzchnia urz\u0105dzenia jest starannie obrobiona, aby zapewni\u0107 antypo\u015blizgowe, trwa\u0142e wyko\u0144czenie, dzi\u0119ki czemu idealnie nadaje si\u0119 do szerokiego zakresu okazji, od codziennych dojazd\u00f3w do pracy po spotkania z przyjaci\u00f3\u0142mi.<\/p><h2>Wst\u0119pnie nape\u0142niony e-liquid o du\u017cej pojemno\u015bci<\/h2><p>Bang King 15000 Triple Berry Ice ma pojemno\u015b\u0107 25 ml wst\u0119pnie nape\u0142nionego e-liquidu, znacznie wi\u0119ksz\u0105 ni\u017c wiele podobnych produkt\u00f3w na rynku. Tak du\u017ca pojemno\u015b\u0107 zmniejsza potrzeb\u0119 cz\u0119stej wymiany e-cieczy i zapewnia p\u0142ynne, d\u0142ugotrwa\u0142e doznania podczas waporyzacji. E-p\u0142yn wykorzystuje wysokiej jako\u015bci formu\u0142\u0119, oferuj\u0105c bogaty smak i d\u0142ugotrwa\u0142y aromat, aby zaspokoi\u0107 r\u00f3\u017cne potrzeby u\u017cytkownik\u00f3w.<\/p><p>Aby zaspokoi\u0107 zr\u00f3\u017cnicowane preferencje u\u017cytkownik\u00f3w, Bang King 15000 Triple Berry Ice jest dost\u0119pny w czterech mocach soli nikotyny: 0 %, 2 %, 3 % i 5 %. Opcja bez nikotyny jest odpowiednia dla konsument\u00f3w poszukuj\u0105cych czystszego smaku, podczas gdy opcja o wysokiej mocy jest przeznaczona dla tych, kt\u00f3rzy szukaj\u0105 bardziej intensywnych dozna\u0144 nikotynowych. Ta elastyczno\u015b\u0107 pozwala u\u017cytkownikom wybra\u0107 moc najlepiej dopasowan\u0105 do ich preferencji.<\/p><h2>Technologia odporno\u015bci siatki<\/h2><p>Ten elektroniczny papieros jest wyposa\u017cony w zaawansowany rezystor Mesh, kt\u00f3ry zapewnia bardziej r\u00f3wnomiern\u0105 atomizacj\u0119 i stabilne ogrzewanie ni\u017c tradycyjne rezystory. Taka konstrukcja gwarantuje bogaty, aromatyczny zaci\u0105g, jednocze\u015bnie skutecznie wyd\u0142u\u017caj\u0105c \u017cywotno\u015b\u0107 urz\u0105dzenia i zmniejszaj\u0105c ryzyko poparze\u0144 lub nieregularnego smaku.<\/p><h2>Ekstremalny czas trwania zaci\u0105gni\u0119cia<\/h2><p>Model Bang King 15000 Triple Berry Ice oferuje do 15 000 zaci\u0105gni\u0119\u0107, co czyni go jednym z najd\u0142u\u017cej dzia\u0142aj\u0105cych papieros\u00f3w elektronicznych na rynku. Niezale\u017cnie od tego, czy jeste\u015b na\u0142ogowym palaczem, czy okazjonalnym u\u017cytkownikiem, ten elektroniczny papieros oferuje wyj\u0105tkow\u0105 autonomi\u0119, eliminuj\u0105c potrzeb\u0119 cz\u0119stego uzupe\u0142niania i wymiany urz\u0105dzenia.<\/p><h2>Przyjazna dla \u015brodowiska konstrukcja wielokrotnego nape\u0142niania<\/h2><p>Bang King 15000 Triple Berry Ice jest przyjazny dla \u015brodowiska i posiada zintegrowany, wydajny akumulator o pojemno\u015bci 550 mAh, kompatybilny z szybkim \u0142adowaniem przez port USB-C. Taka konstrukcja nie tylko wyd\u0142u\u017ca \u017cywotno\u015b\u0107 urz\u0105dzenia, ale tak\u017ce zmniejsza wp\u0142yw zu\u017cytych baterii na \u015brodowisko, demonstruj\u0105c nasze zaanga\u017cowanie w zr\u00f3wnowa\u017cony rozw\u00f3j.<\/p><p>Kompaktowy, lekki i przeno\u015bny, ten elektroniczny papieros jest \u0142atwy do zabrania w dowolne miejsce. Jego obudowa wykonana jest z wytrzyma\u0142ych materia\u0142\u00f3w, kt\u00f3re s\u0105 odporne na codzienne wstrz\u0105sy i zadrapania, gwarantuj\u0105c d\u0142ug\u0105 \u017cywotno\u015b\u0107. Niezale\u017cnie od tego, czy wsuniesz go do kieszeni, czy plecaka, Bang King 15000 zachowuje doskona\u0142\u0105 wydajno\u015b\u0107.<\/p><h2>Szybkie \u0142adowanie i wydajne zarz\u0105dzanie bateri\u0105<\/h2><p>Bateria o pojemno\u015bci 550 mAh nie tylko oferuje du\u017c\u0105 pojemno\u015b\u0107, ale tak\u017ce zawiera inteligentny system zarz\u0105dzania, kt\u00f3ry optymalizuje zu\u017cycie energii i zapewnia sta\u0142e zasilanie przy ka\u017cdym \u0142adowaniu. Port USB-C obs\u0142uguje szybkie \u0142adowanie, umo\u017cliwiaj\u0105c pe\u0142ne na\u0142adowanie w 30 do 60 minut, skracaj\u0105c czas oczekiwania i daj\u0105c u\u017cytkownikom spok\u00f3j ducha, aby mogli pali\u0107, kiedy tylko chc\u0105.<\/p>\t\t\t\t\t\t\t\t<\/div>\n\t\t\t\t<\/div>\n\t\t\t\t\t<\/div>\n\t\t\t\t<\/div>\n\t\t\t\t<\/div>","protected":false},"excerpt":{"rendered":"<p>Bang King 15000 Triple Berry Ice est un rafra\u00eechissement fruit\u00e9 unique pour la vie. La saveur de Triple Berry Ice allie la richesse de trois baies \u00e0 une finale glac\u00e9e\u00a0: la douceur de la fraise, la profondeur de la myrtille et la subtile acidit\u00e9 de la m\u00fbre, sublim\u00e9es \u00e0 chaque inhalation, pour une exp\u00e9rience fruit\u00e9e [&hellip;]<\/p>\n","protected":false},"featured_media":6252,"comment_status":"open","ping_status":"closed","template":"","meta":{"site-sidebar-layout":"no-sidebar","site-content-layout":"page-builder","ast-site-content-layout":"normal-width-container","site-content-style":"default","site-sidebar-style":"default","ast-global-header-display":"","ast-banner-title-visibility":"","ast-main-header-display":"","ast-hfb-above-header-display":"","ast-hfb-below-header-display":"","ast-hfb-mobile-header-display":"","site-post-title":"disabled","ast-breadcrumbs-content":"","ast-featured-img":"disabled","footer-sml-layout":"","ast-disable-related-posts":"","theme-transparent-header-meta":"default","adv-header-id-meta":"","stick-header-meta":"default","header-above-stick-meta":"","header-main-stick-meta":"","header-below-stick-meta":"","astra-migrate-meta-layouts":"set","ast-page-background-enabled":"default","ast-page-background-meta":{"desktop":{"background-color":"","background-image":"","background-repeat":"repeat","background-position":"center center","background-size":"auto","background-attachment":"scroll","background-type":"","background-media":"","overlay-type":"","overlay-color":"","overlay-opacity":"","overlay-gradient":""},"tablet":{"background-color":"","background-image":"","background-repeat":"repeat","background-position":"center center","background-size":"auto","background-attachment":"scroll","background-type":"","background-media":"","overlay-type":"","overlay-color":"","overlay-opacity":"","overlay-gradient":""},"mobile":{"background-color":"","background-image":"","background-repeat":"repeat","background-position":"center center","background-size":"auto","background-attachment":"scroll","background-type":"","background-media":"","overlay-type":"","overlay-color":"","overlay-opacity":"","overlay-gradient":""}},"ast-content-background-meta":{"desktop":{"background-color":"var(--ast-global-color-5)","background-image":"","background-repeat":"repeat","background-position":"center center","background-size":"auto","background-attachment":"scroll","background-type":"","background-media":"","overlay-type":"","overlay-color":"","overlay-opacity":"","overlay-gradient":""},"tablet":{"background-color":"var(--ast-global-color-5)","background-image":"","background-repeat":"repeat","background-position":"center center","background-size":"auto","background-attachment":"scroll","background-type":"","background-media":"","overlay-type":"","overlay-color":"","overlay-opacity":"","overlay-gradient":""},"mobile":{"background-color":"var(--ast-global-color-5)","background-image":"","background-repeat":"repeat","background-position":"center center","background-size":"auto","background-attachment":"scroll","background-type":"","background-media":"","overlay-type":"","overlay-color":"","overlay-opacity":"","overlay-gradient":""}}},"product_brand":[52],"product_cat":[56,80,15],"product_tag":[],"class_list":{"0":"post-6609","1":"product","2":"type-product","3":"status-publish","4":"has-post-thumbnail","6":"product_brand-bang-king","7":"product_cat-bang-king-15000-est-equipee-dune-resistance-mesh-nouvelle-generation","8":"product_cat-puff-15k","9":"product_cat-magasin-cigarette-electronique","10":"desktop-align-center","11":"tablet-align-center","12":"mobile-align-center","13":"ast-product-gallery-layout-horizontal","14":"ast-product-gallery-with-no-image","15":"ast-product-single-variable","16":"ast-product-tabs-layout-horizontal","17":"ast-qv-on-image","19":"first","20":"instock","21":"sale","22":"shipping-taxable","23":"purchasable","24":"product-type-variable","25":"has-default-attributes"},"tiered_pricing_type":"fixed","tiered_pricing_fixed_rules":{"50":6.05,"100":5.59},"tiered_pricing_product_settings":{"layout":"default","base_unit_name":{"singular":null,"plural":null},"default_variation":null},"tiered_pricing_minimum_quantity":null,"tiered_pricing_roles_data":[],"tiered_pricing_percentage_rules":[],"_links":{"self":[{"href":"https:\/\/puffvapestore.com\/pl\/wp-json\/wp\/v2\/product\/6609","targetHints":{"allow":["GET"]}}],"collection":[{"href":"https:\/\/puffvapestore.com\/pl\/wp-json\/wp\/v2\/product"}],"about":[{"href":"https:\/\/puffvapestore.com\/pl\/wp-json\/wp\/v2\/types\/product"}],"replies":[{"embeddable":true,"href":"https:\/\/puffvapestore.com\/pl\/wp-json\/wp\/v2\/comments?post=6609"}],"version-history":[{"count":6,"href":"https:\/\/puffvapestore.com\/pl\/wp-json\/wp\/v2\/product\/6609\/revisions"}],"predecessor-version":[{"id":6619,"href":"https:\/\/puffvapestore.com\/pl\/wp-json\/wp\/v2\/product\/6609\/revisions\/6619"}],"wp:featuredmedia":[{"embeddable":true,"href":"https:\/\/puffvapestore.com\/pl\/wp-json\/wp\/v2\/media\/6252"}],"wp:attachment":[{"href":"https:\/\/puffvapestore.com\/pl\/wp-json\/wp\/v2\/media?parent=6609"}],"wp:term":[{"taxonomy":"product_brand","embeddable":true,"href":"https:\/\/puffvapestore.com\/pl\/wp-json\/wp\/v2\/product_brand?post=6609"},{"taxonomy":"product_cat","embeddable":true,"href":"https:\/\/puffvapestore.com\/pl\/wp-json\/wp\/v2\/product_cat?post=6609"},{"taxonomy":"product_tag","embeddable":true,"href":"https:\/\/puffvapestore.com\/pl\/wp-json\/wp\/v2\/product_tag?post=6609"}],"curies":[{"name":"wp","href":"https:\/\/api.w.org\/{rel}","templated":true}]}}