{"id":6598,"date":"2025-08-08T06:11:19","date_gmt":"2025-08-08T06:11:19","guid":{"rendered":"https:\/\/puffvapestore.com\/?post_type=product&#038;p=6598"},"modified":"2026-01-19T10:52:38","modified_gmt":"2026-01-19T10:52:38","slug":"fraise-kiwi-bang-king-15k-offre-un-arome-fruite-et-rafraichissant","status":"publish","type":"product","link":"https:\/\/puffvapestore.com\/pl\/product\/truskawka-kiwi-bang-king-15k-oferuje-owocowy-i-orzezwiajacy-aromat\/","title":{"rendered":"Bang King 15K - Strawberry Kiwi"},"content":{"rendered":"<div data-elementor-type=\"wp-post\" data-elementor-id=\"6598\" class=\"elementor elementor-6598\">\n\t\t\t\t<div class=\"elementor-element elementor-element-08c26f9 e-flex e-con-boxed e-con e-parent\" data-id=\"08c26f9\" data-element_type=\"container\" data-e-type=\"container\">\n\t\t\t\t\t<div class=\"e-con-inner\">\n\t\t\t\t<div class=\"elementor-element elementor-element-a005a97 elementor-widget elementor-widget-text-editor\" data-id=\"a005a97\" data-element_type=\"widget\" data-e-type=\"widget\" data-widget_type=\"text-editor.default\">\n\t\t\t\t<div class=\"elementor-widget-container\">\n\t\t\t\t\t\t\t\t\t<p>Smak Strawberry Kiwi Bang King 15000 doskonale wpisuje si\u0119 w t\u0119 francusk\u0105 wra\u017cliwo\u015b\u0107: \u015bwie\u017cy i owocowy, z nut\u0105 s\u0142odyczy i kwa\u015bno\u015bci, jak nuta muzyczna ta\u0144cz\u0105ca mi\u0119dzy wargami i z\u0119bami, orze\u017awiaj\u0105ca, ale nie monotonna.<\/p><h2>Charakterystyka smaku truskawkowego:<\/h2><p>S\u0142odki i soczysty: Pierwsze zaci\u0105gni\u0119cie si\u0119 dymem ujawnia bogaty smak truskawkowy z nut\u0105 s\u0142odyczy cukierk\u00f3w truskawkowych, bli\u017cszy naturalnemu owocowemu smakowi \u015bwie\u017cych truskawek.<\/p><p>G\u0142adki i kremowy: w przeciwie\u0144stwie do kwaskowato\u015bci dzikich truskawek, smak truskawek jest g\u0142adki i \u0142agodny, przypominaj\u0105cy dojrza\u0142y d\u017cem truskawkowy, bogaty, ale nie przyt\u0142aczaj\u0105cy.<\/p><h2>Charakterystyka smakowa kiwi :<\/h2><p>Cierpka i orze\u017awiaj\u0105ca kwasowo\u015b\u0107: Po truskawkach szybko pojawia si\u0119 kwaskowato\u015b\u0107 kiwi, zapewniaj\u0105c lekkie mrowienie na j\u0119zyku i wzmacniaj\u0105c og\u00f3lny owocowy smak.<\/p><h2>Og\u00f3lny smak truskawki z kiwi:<\/h2><p>R\u00f3wnowaga mi\u0119dzy s\u0142odycz\u0105 i kwasowo\u015bci\u0105: S\u0142odycz truskawki i kwasowo\u015b\u0107 kiwi \u0142\u0105cz\u0105 si\u0119 naturalnie, nie konkuruj\u0105c ze sob\u0105, zapewniaj\u0105c bardzo orze\u017awiaj\u0105ce i soczyste doznania.<\/p><p>Bogaty, ale nie przyt\u0142aczaj\u0105cy: Pomimo owocowej mieszanki, smak nie jest ci\u0119\u017cki ani lepki, dzi\u0119ki czemu idealnie nadaje si\u0119 do d\u0142ugotrwa\u0142ej inhalacji.<\/p><p>D\u0142ugo utrzymuje si\u0119 w ustach: aromat jest bogaty przy wdechu, a przy wydechu truskawkowy smak utrzymuje si\u0119 w ustach i nosie, podczas gdy kiwi pozostawia uczucie \u015bwie\u017co\u015bci, oferuj\u0105c orze\u017awiaj\u0105cy posmak \u00abszklanki \u015bwie\u017co wyko\u0144czonego soku\u00bb.<\/p><h2>Elegancka, ergonomiczna konstrukcja<\/h2><p>Bang King 15000 Strawberry Kiwi charakteryzuje si\u0119 eleganckim wygl\u0105dem i ergonomiczn\u0105 obudow\u0105, zapewniaj\u0105c wygodny chwyt i \u0142atwo\u015b\u0107 przenoszenia. Nowoczesna konstrukcja nie tylko poprawia estetyk\u0119, ale tak\u017ce optymalizuje wra\u017cenia u\u017cytkownika, dzi\u0119ki czemu idealnie nadaje si\u0119 do d\u0142ugotrwa\u0142ego u\u017cytkowania. Powierzchnia urz\u0105dzenia jest starannie wyko\u0144czona, aby zapewni\u0107 antypo\u015blizgowe, trwa\u0142e wyko\u0144czenie, dzi\u0119ki czemu idealnie nadaje si\u0119 do szerokiego zakresu okazji, od codziennych dojazd\u00f3w do pracy po spotkania z przyjaci\u00f3\u0142mi.<\/p><h2>Wst\u0119pnie nape\u0142niony e-liquid o du\u017cej pojemno\u015bci<\/h2><p>Bang King 15000 Strawberry Kiwi ma pojemno\u015b\u0107 25 ml wst\u0119pnie nape\u0142nionego e-liquidu, znacznie wi\u0119ksz\u0105 ni\u017c wiele podobnych produkt\u00f3w na rynku. Tak du\u017ca pojemno\u015b\u0107 zmniejsza potrzeb\u0119 cz\u0119stej wymiany e-cieczy i zapewnia p\u0142ynne, d\u0142ugotrwa\u0142e doznania podczas waporyzacji. E-p\u0142yn wykorzystuje wysokiej jako\u015bci formu\u0142\u0119, oferuj\u0105c bogaty smak i d\u0142ugotrwa\u0142y aromat, aby zaspokoi\u0107 r\u00f3\u017cne potrzeby u\u017cytkownik\u00f3w.<\/p><p>Aby sprosta\u0107 zr\u00f3\u017cnicowanym preferencjom u\u017cytkownik\u00f3w, Bang King 15000 jest dost\u0119pny w czterech mocach soli nikotyny: 0 %, 2 %, 3 % i 5 %. Opcja bez nikotyny jest odpowiednia dla konsument\u00f3w poszukuj\u0105cych czystszego smaku, podczas gdy opcja o wysokiej mocy jest przeznaczona dla tych, kt\u00f3rzy szukaj\u0105 bardziej intensywnych dozna\u0144 nikotynowych. Ta elastyczno\u015b\u0107 pozwala u\u017cytkownikom wybra\u0107 moc najlepiej dopasowan\u0105 do ich preferencji.<\/p><h2>Technologia odporno\u015bci siatki<\/h2><p>Ten elektroniczny papieros jest wyposa\u017cony w zaawansowany rezystor Mesh, kt\u00f3ry zapewnia bardziej r\u00f3wnomiern\u0105 atomizacj\u0119 i stabilne ogrzewanie ni\u017c tradycyjne rezystory. Taka konstrukcja gwarantuje bogaty, aromatyczny zaci\u0105g, jednocze\u015bnie skutecznie wyd\u0142u\u017caj\u0105c \u017cywotno\u015b\u0107 urz\u0105dzenia i zmniejszaj\u0105c ryzyko poparze\u0144 lub nieregularnego smaku.<\/p><h2>Ekstremalny czas trwania zaci\u0105gni\u0119cia<\/h2><p>Bang King 15000 Strawberry Kiwi oferuje do 15 000 zaci\u0105gni\u0119\u0107, co czyni go jednym z najd\u0142u\u017cej dzia\u0142aj\u0105cych papieros\u00f3w elektronicznych na rynku. Niezale\u017cnie od tego, czy jeste\u015b na\u0142ogowym palaczem, czy okazjonalnym u\u017cytkownikiem, ten elektroniczny papieros oferuje wyj\u0105tkow\u0105 autonomi\u0119, eliminuj\u0105c potrzeb\u0119 cz\u0119stego uzupe\u0142niania i wymiany urz\u0105dzenia.<\/p><h2>Przyjazna dla \u015brodowiska konstrukcja wielokrotnego nape\u0142niania<\/h2><p>Bang King 15000 Strawberry Kiwi jest przyjazny dla \u015brodowiska i wyposa\u017cony w zintegrowany, wysokowydajny akumulator o pojemno\u015bci 550 mAh, kompatybilny z szybkim \u0142adowaniem przez port USB-C. Taka konstrukcja nie tylko wyd\u0142u\u017ca \u017cywotno\u015b\u0107 urz\u0105dzenia, ale tak\u017ce zmniejsza wp\u0142yw zu\u017cytych baterii na \u015brodowisko, demonstruj\u0105c nasze zaanga\u017cowanie w zr\u00f3wnowa\u017cony rozw\u00f3j.<\/p><p>Kompaktowy, lekki i przeno\u015bny, ten elektroniczny papieros jest \u0142atwy do zabrania w dowolne miejsce. Jego obudowa wykonana jest z wytrzyma\u0142ych materia\u0142\u00f3w, kt\u00f3re s\u0105 odporne na codzienne wstrz\u0105sy i zadrapania, gwarantuj\u0105c d\u0142ug\u0105 \u017cywotno\u015b\u0107. Niezale\u017cnie od tego, czy wsuniesz go do kieszeni, czy plecaka, Bang King 15000 zachowuje doskona\u0142\u0105 wydajno\u015b\u0107.<\/p><h2>Szybkie \u0142adowanie i wydajne zarz\u0105dzanie bateri\u0105<\/h2><p>Bateria o pojemno\u015bci 550 mAh nie tylko oferuje du\u017c\u0105 pojemno\u015b\u0107, ale tak\u017ce zawiera inteligentny system zarz\u0105dzania, kt\u00f3ry optymalizuje zu\u017cycie energii i zapewnia sta\u0142e zasilanie przy ka\u017cdym \u0142adowaniu. Port USB-C obs\u0142uguje szybkie \u0142adowanie, umo\u017cliwiaj\u0105c pe\u0142ne na\u0142adowanie w 30 do 60 minut, skracaj\u0105c czas oczekiwania i daj\u0105c u\u017cytkownikom spok\u00f3j ducha, aby mogli pali\u0107, kiedy tylko chc\u0105.<\/p>\t\t\t\t\t\t\t\t<\/div>\n\t\t\t\t<\/div>\n\t\t\t\t\t<\/div>\n\t\t\t\t<\/div>\n\t\t\t\t<\/div>","protected":false},"excerpt":{"rendered":"<p>La saveur Fraise Kiwi de Bang King 15000 s&rsquo;inscrit parfaitement dans cette sensibilit\u00e9 fran\u00e7aise\u00a0: fra\u00eeche et fruit\u00e9e, avec une touche aigre-douce, telle une note de musique dansant entre les l\u00e8vres et les dents, rafra\u00eechissante sans \u00eatre monotone. Caract\u00e9ristiques de la saveur Fraise\u00a0: Sucr\u00e9e et juteuse\u00a0: La premi\u00e8re bouff\u00e9e de fum\u00e9e d\u00e9voile un ar\u00f4me riche de [&hellip;]<\/p>\n","protected":false},"featured_media":6249,"comment_status":"open","ping_status":"closed","template":"","meta":{"site-sidebar-layout":"no-sidebar","site-content-layout":"page-builder","ast-site-content-layout":"normal-width-container","site-content-style":"default","site-sidebar-style":"default","ast-global-header-display":"","ast-banner-title-visibility":"","ast-main-header-display":"","ast-hfb-above-header-display":"","ast-hfb-below-header-display":"","ast-hfb-mobile-header-display":"","site-post-title":"disabled","ast-breadcrumbs-content":"","ast-featured-img":"disabled","footer-sml-layout":"","ast-disable-related-posts":"","theme-transparent-header-meta":"default","adv-header-id-meta":"","stick-header-meta":"default","header-above-stick-meta":"","header-main-stick-meta":"","header-below-stick-meta":"","astra-migrate-meta-layouts":"set","ast-page-background-enabled":"default","ast-page-background-meta":{"desktop":{"background-color":"","background-image":"","background-repeat":"repeat","background-position":"center center","background-size":"auto","background-attachment":"scroll","background-type":"","background-media":"","overlay-type":"","overlay-color":"","overlay-opacity":"","overlay-gradient":""},"tablet":{"background-color":"","background-image":"","background-repeat":"repeat","background-position":"center center","background-size":"auto","background-attachment":"scroll","background-type":"","background-media":"","overlay-type":"","overlay-color":"","overlay-opacity":"","overlay-gradient":""},"mobile":{"background-color":"","background-image":"","background-repeat":"repeat","background-position":"center center","background-size":"auto","background-attachment":"scroll","background-type":"","background-media":"","overlay-type":"","overlay-color":"","overlay-opacity":"","overlay-gradient":""}},"ast-content-background-meta":{"desktop":{"background-color":"var(--ast-global-color-5)","background-image":"","background-repeat":"repeat","background-position":"center center","background-size":"auto","background-attachment":"scroll","background-type":"","background-media":"","overlay-type":"","overlay-color":"","overlay-opacity":"","overlay-gradient":""},"tablet":{"background-color":"var(--ast-global-color-5)","background-image":"","background-repeat":"repeat","background-position":"center center","background-size":"auto","background-attachment":"scroll","background-type":"","background-media":"","overlay-type":"","overlay-color":"","overlay-opacity":"","overlay-gradient":""},"mobile":{"background-color":"var(--ast-global-color-5)","background-image":"","background-repeat":"repeat","background-position":"center center","background-size":"auto","background-attachment":"scroll","background-type":"","background-media":"","overlay-type":"","overlay-color":"","overlay-opacity":"","overlay-gradient":""}}},"product_brand":[52],"product_cat":[56,80,15],"product_tag":[],"class_list":{"0":"post-6598","1":"product","2":"type-product","3":"status-publish","4":"has-post-thumbnail","6":"product_brand-bang-king","7":"product_cat-bang-king-15000-est-equipee-dune-resistance-mesh-nouvelle-generation","8":"product_cat-puff-15k","9":"product_cat-magasin-cigarette-electronique","10":"desktop-align-center","11":"tablet-align-center","12":"mobile-align-center","13":"ast-product-gallery-layout-horizontal","14":"ast-product-gallery-with-no-image","15":"ast-product-single-variable","16":"ast-product-tabs-layout-horizontal","17":"ast-qv-on-image","19":"first","20":"instock","21":"sale","22":"shipping-taxable","23":"purchasable","24":"product-type-variable","25":"has-default-attributes"},"tiered_pricing_type":"fixed","tiered_pricing_fixed_rules":{"50":6.05,"100":5.59},"tiered_pricing_product_settings":{"layout":"default","base_unit_name":{"singular":null,"plural":null},"default_variation":null},"tiered_pricing_minimum_quantity":null,"tiered_pricing_roles_data":[],"tiered_pricing_percentage_rules":[],"_links":{"self":[{"href":"https:\/\/puffvapestore.com\/pl\/wp-json\/wp\/v2\/product\/6598","targetHints":{"allow":["GET"]}}],"collection":[{"href":"https:\/\/puffvapestore.com\/pl\/wp-json\/wp\/v2\/product"}],"about":[{"href":"https:\/\/puffvapestore.com\/pl\/wp-json\/wp\/v2\/types\/product"}],"replies":[{"embeddable":true,"href":"https:\/\/puffvapestore.com\/pl\/wp-json\/wp\/v2\/comments?post=6598"}],"version-history":[{"count":7,"href":"https:\/\/puffvapestore.com\/pl\/wp-json\/wp\/v2\/product\/6598\/revisions"}],"predecessor-version":[{"id":6620,"href":"https:\/\/puffvapestore.com\/pl\/wp-json\/wp\/v2\/product\/6598\/revisions\/6620"}],"wp:featuredmedia":[{"embeddable":true,"href":"https:\/\/puffvapestore.com\/pl\/wp-json\/wp\/v2\/media\/6249"}],"wp:attachment":[{"href":"https:\/\/puffvapestore.com\/pl\/wp-json\/wp\/v2\/media?parent=6598"}],"wp:term":[{"taxonomy":"product_brand","embeddable":true,"href":"https:\/\/puffvapestore.com\/pl\/wp-json\/wp\/v2\/product_brand?post=6598"},{"taxonomy":"product_cat","embeddable":true,"href":"https:\/\/puffvapestore.com\/pl\/wp-json\/wp\/v2\/product_cat?post=6598"},{"taxonomy":"product_tag","embeddable":true,"href":"https:\/\/puffvapestore.com\/pl\/wp-json\/wp\/v2\/product_tag?post=6598"}],"curies":[{"name":"wp","href":"https:\/\/api.w.org\/{rel}","templated":true}]}}