{"id":6586,"date":"2025-08-08T03:42:41","date_gmt":"2025-08-08T03:42:41","guid":{"rendered":"https:\/\/puffvapestore.com\/?post_type=product&#038;p=6586"},"modified":"2026-01-19T10:52:38","modified_gmt":"2026-01-19T10:52:38","slug":"black-dragon-ice-bang-king-15k-est-mysterieux-et-frais","status":"publish","type":"product","link":"https:\/\/puffvapestore.com\/pl\/product\/black-dragon-ice-bang-king-15k-jest-tajemniczy-i-swiezy\/","title":{"rendered":"Bang King 15K - Black Dragon Ice"},"content":{"rendered":"<div data-elementor-type=\"wp-post\" data-elementor-id=\"6586\" class=\"elementor elementor-6586\">\n\t\t\t\t<div class=\"elementor-element elementor-element-08c26f9 e-flex e-con-boxed e-con e-parent\" data-id=\"08c26f9\" data-element_type=\"container\" data-e-type=\"container\">\n\t\t\t\t\t<div class=\"e-con-inner\">\n\t\t\t\t<div class=\"elementor-element elementor-element-a005a97 elementor-widget elementor-widget-text-editor\" data-id=\"a005a97\" data-element_type=\"widget\" data-e-type=\"widget\" data-widget_type=\"text-editor.default\">\n\t\t\t\t<div class=\"elementor-widget-container\">\n\t\t\t\t\t\t\t\t\t<p>Smak Black Dragon Ice to nie tylko owocowe, \u015bwie\u017ce po\u0142\u0105czenie. Wyra\u017ca mroczn\u0105, miejsk\u0105 atmosfer\u0119: tajemnicz\u0105 i \u015bwie\u017c\u0105, jednocze\u015bnie ujawniaj\u0105c ciep\u0142y, owocowy aromat w ka\u017cdym szczeg\u00f3le.<\/p><h2>Pierwszy powiew: owocowa, s\u0142odka i pikantna eksplozja.<\/h2><p>Kiedy wdychasz dym, pierwsz\u0105 rzecz\u0105, kt\u00f3ra uderza w twoje podniebienie, jest bogaty, s\u0142odki aromat ciemnych jag\u00f3d, prawdopodobnie g\u0142\u0119boki, pikantny owocowy smak czarnej porzeczki lub je\u017cyny.<\/p><p>Ten owocowy aromat r\u00f3\u017cni si\u0119 od lekkiej s\u0142odyczy truskawek czy jag\u00f3d. Jest bli\u017cszy d\u017cemowi, g\u0119sty i \u0142agodny, z subteln\u0105 kwasowo\u015bci\u0105, kt\u00f3ra wzmacnia smak.<\/p><h2>\u015arodek podniebienia: S\u0142odycz i aromat smoczego owocu przenikaj\u0105 podniebienie.<\/h2><p>Po ciemnych, owocowych aromatach delikatnie wy\u0142ania si\u0119 orze\u017awiaj\u0105ca s\u0142odycz smoczego owocu, \u0142agodz\u0105ca pocz\u0105tkow\u0105 kwasowo\u015b\u0107.<\/p><p>Smoczy owoc ma stosunkowo lekki profil aromatyczny, ale r\u00f3wnowa\u017cy og\u00f3ln\u0105 struktur\u0119 aromatyczn\u0105 i dodaje odrobin\u0119 egzotycznego smaku, unikaj\u0105c zbyt du\u017cej mocy.<\/p><h2>Finisz: Eksplozja lodowych smak\u00f3w, orze\u017awiaj\u0105cy finisz.<\/h2><p>Wreszcie, podczas wydechu, orze\u017awiaj\u0105ca mi\u0119ta lub \u015brodek ch\u0142odz\u0105cy szybko si\u0119 rozprzestrzenia, zapewniaj\u0105c silne uczucie \u015bwie\u017co\u015bci.<\/p><p>Ten \u00abl\u00f3d\u00bb to nie tylko mi\u0119ta; ma dzia\u0142anie od\u015bwie\u017caj\u0105ce.<\/p><h2>Elegancka, ergonomiczna konstrukcja<\/h2><p>Bang King 15000 Black Dragon Ice charakteryzuje si\u0119 eleganckim wygl\u0105dem i ergonomiczn\u0105 obudow\u0105, zapewniaj\u0105c wygodny chwyt i \u0142atwo\u015b\u0107 przenoszenia. Nowoczesna konstrukcja nie tylko poprawia estetyk\u0119, ale tak\u017ce optymalizuje wra\u017cenia u\u017cytkownika, dzi\u0119ki czemu idealnie nadaje si\u0119 do d\u0142ugotrwa\u0142ego u\u017cytkowania. Powierzchnia urz\u0105dzenia jest starannie obrobiona, aby zapewni\u0107 antypo\u015blizgowe, trwa\u0142e wyko\u0144czenie, dzi\u0119ki czemu idealnie nadaje si\u0119 do szerokiego zakresu okazji, od codziennych dojazd\u00f3w do pracy po spotkania z przyjaci\u00f3\u0142mi.<\/p><h2>Wst\u0119pnie nape\u0142niony e-liquid o du\u017cej pojemno\u015bci<\/h2><p>Model Bang King 15000 Black Dragon Ice ma pojemno\u015b\u0107 25 ml wst\u0119pnie nape\u0142nionego e-liquidu, znacznie wi\u0119ksz\u0105 ni\u017c wiele podobnych produkt\u00f3w na rynku. Tak du\u017ca pojemno\u015b\u0107 zmniejsza potrzeb\u0119 cz\u0119stej wymiany e-cieczy i zapewnia p\u0142ynne, d\u0142ugotrwa\u0142e doznania podczas waporyzacji. E-p\u0142yn wykorzystuje wysokiej jako\u015bci formu\u0142\u0119, oferuj\u0105c bogaty smak i d\u0142ugotrwa\u0142y aromat, aby zaspokoi\u0107 r\u00f3\u017cne potrzeby u\u017cytkownik\u00f3w.<\/p><p>Aby zaspokoi\u0107 zr\u00f3\u017cnicowane preferencje u\u017cytkownik\u00f3w, Bang King 15000 Black Dragon Ice jest dost\u0119pny w czterech mocach soli nikotyny: 0 %, 2 %, 3 % i 5 %. Opcja bez nikotyny jest odpowiednia dla konsument\u00f3w poszukuj\u0105cych czystszego smaku, podczas gdy opcja o wysokiej mocy jest przeznaczona dla tych, kt\u00f3rzy szukaj\u0105 bardziej intensywnych dozna\u0144 nikotynowych. Ta elastyczno\u015b\u0107 pozwala u\u017cytkownikom wybra\u0107 moc najlepiej dopasowan\u0105 do ich preferencji.<\/p><h2>Technologia odporno\u015bci siatki<\/h2><p>Ten elektroniczny papieros jest wyposa\u017cony w zaawansowany rezystor Mesh, kt\u00f3ry zapewnia bardziej r\u00f3wnomiern\u0105 atomizacj\u0119 i stabilne ogrzewanie ni\u017c tradycyjne rezystory. Taka konstrukcja gwarantuje bogaty, aromatyczny zaci\u0105g, jednocze\u015bnie skutecznie wyd\u0142u\u017caj\u0105c \u017cywotno\u015b\u0107 urz\u0105dzenia i zmniejszaj\u0105c ryzyko poparze\u0144 lub nieregularnego smaku.<\/p><h2>Ekstremalny czas trwania zaci\u0105gni\u0119cia<\/h2><p>Model Bang King 15000 Black Dragon Ice oferuje do 15 000 zaci\u0105gni\u0119\u0107, co czyni go jednym z najd\u0142u\u017cej dzia\u0142aj\u0105cych papieros\u00f3w elektronicznych na rynku. Niezale\u017cnie od tego, czy jeste\u015b na\u0142ogowym palaczem, czy okazjonalnym u\u017cytkownikiem, ten elektroniczny papieros oferuje wyj\u0105tkow\u0105 autonomi\u0119, eliminuj\u0105c potrzeb\u0119 cz\u0119stego uzupe\u0142niania i wymiany urz\u0105dzenia.<\/p><h2>Przyjazna dla \u015brodowiska konstrukcja wielokrotnego nape\u0142niania<\/h2><p>Model Bang King 15000 jest przyjazny dla \u015brodowiska i wyposa\u017cony w zintegrowany, wysokowydajny akumulator o pojemno\u015bci 550 mAh, kompatybilny z szybkim \u0142adowaniem przez port USB-C. Taka konstrukcja nie tylko wyd\u0142u\u017ca \u017cywotno\u015b\u0107 urz\u0105dzenia, ale tak\u017ce zmniejsza wp\u0142yw zu\u017cytych baterii na \u015brodowisko, demonstruj\u0105c nasze zaanga\u017cowanie w zr\u00f3wnowa\u017cony rozw\u00f3j.<\/p><p>Kompaktowy, lekki i przeno\u015bny, ten elektroniczny papieros jest \u0142atwy do zabrania w dowolne miejsce. Jego obudowa wykonana jest z wytrzyma\u0142ych materia\u0142\u00f3w, kt\u00f3re s\u0105 odporne na codzienne wstrz\u0105sy i zadrapania, gwarantuj\u0105c d\u0142ug\u0105 \u017cywotno\u015b\u0107. Niezale\u017cnie od tego, czy wsuniesz go do kieszeni, czy plecaka, Bang King 15000 zachowuje doskona\u0142\u0105 wydajno\u015b\u0107.<\/p><h2>Szybkie \u0142adowanie i wydajne zarz\u0105dzanie bateri\u0105<\/h2><p>Bateria o pojemno\u015bci 550 mAh nie tylko oferuje du\u017c\u0105 pojemno\u015b\u0107, ale tak\u017ce zawiera inteligentny system zarz\u0105dzania, kt\u00f3ry optymalizuje zu\u017cycie energii i zapewnia sta\u0142e zasilanie przy ka\u017cdym \u0142adowaniu. Port USB-C obs\u0142uguje szybkie \u0142adowanie, umo\u017cliwiaj\u0105c pe\u0142ne na\u0142adowanie w 30 do 60 minut, skracaj\u0105c czas oczekiwania i daj\u0105c u\u017cytkownikom spok\u00f3j ducha, aby mogli pali\u0107, kiedy tylko chc\u0105.<\/p>\t\t\t\t\t\t\t\t<\/div>\n\t\t\t\t<\/div>\n\t\t\t\t\t<\/div>\n\t\t\t\t<\/div>\n\t\t\t\t<\/div>","protected":false},"excerpt":{"rendered":"<p>Le go\u00fbt de Black Dragon Ice n&rsquo;est pas simplement une combinaison fruit\u00e9e et fra\u00eeche. Il exprime une ambiance sombre et urbaine\u00a0: myst\u00e9rieux et frais, tout en r\u00e9v\u00e9lant un ar\u00f4me chaud et fruit\u00e9 dans les moindres d\u00e9tails. Premi\u00e8re bouff\u00e9e\u00a0: Explosion fruit\u00e9e, sucr\u00e9e et acidul\u00e9e. Lorsque vous inhalez la fum\u00e9e, la premi\u00e8re chose qui frappe votre palais [&hellip;]<\/p>\n","protected":false},"featured_media":6235,"comment_status":"open","ping_status":"closed","template":"","meta":{"site-sidebar-layout":"no-sidebar","site-content-layout":"page-builder","ast-site-content-layout":"normal-width-container","site-content-style":"default","site-sidebar-style":"default","ast-global-header-display":"","ast-banner-title-visibility":"","ast-main-header-display":"","ast-hfb-above-header-display":"","ast-hfb-below-header-display":"","ast-hfb-mobile-header-display":"","site-post-title":"disabled","ast-breadcrumbs-content":"","ast-featured-img":"disabled","footer-sml-layout":"","ast-disable-related-posts":"","theme-transparent-header-meta":"default","adv-header-id-meta":"","stick-header-meta":"default","header-above-stick-meta":"","header-main-stick-meta":"","header-below-stick-meta":"","astra-migrate-meta-layouts":"set","ast-page-background-enabled":"default","ast-page-background-meta":{"desktop":{"background-color":"","background-image":"","background-repeat":"repeat","background-position":"center center","background-size":"auto","background-attachment":"scroll","background-type":"","background-media":"","overlay-type":"","overlay-color":"","overlay-opacity":"","overlay-gradient":""},"tablet":{"background-color":"","background-image":"","background-repeat":"repeat","background-position":"center center","background-size":"auto","background-attachment":"scroll","background-type":"","background-media":"","overlay-type":"","overlay-color":"","overlay-opacity":"","overlay-gradient":""},"mobile":{"background-color":"","background-image":"","background-repeat":"repeat","background-position":"center center","background-size":"auto","background-attachment":"scroll","background-type":"","background-media":"","overlay-type":"","overlay-color":"","overlay-opacity":"","overlay-gradient":""}},"ast-content-background-meta":{"desktop":{"background-color":"var(--ast-global-color-5)","background-image":"","background-repeat":"repeat","background-position":"center center","background-size":"auto","background-attachment":"scroll","background-type":"","background-media":"","overlay-type":"","overlay-color":"","overlay-opacity":"","overlay-gradient":""},"tablet":{"background-color":"var(--ast-global-color-5)","background-image":"","background-repeat":"repeat","background-position":"center center","background-size":"auto","background-attachment":"scroll","background-type":"","background-media":"","overlay-type":"","overlay-color":"","overlay-opacity":"","overlay-gradient":""},"mobile":{"background-color":"var(--ast-global-color-5)","background-image":"","background-repeat":"repeat","background-position":"center center","background-size":"auto","background-attachment":"scroll","background-type":"","background-media":"","overlay-type":"","overlay-color":"","overlay-opacity":"","overlay-gradient":""}}},"product_brand":[52],"product_cat":[56,80,15],"product_tag":[],"class_list":{"0":"post-6586","1":"product","2":"type-product","3":"status-publish","4":"has-post-thumbnail","6":"product_brand-bang-king","7":"product_cat-bang-king-15000-est-equipee-dune-resistance-mesh-nouvelle-generation","8":"product_cat-puff-15k","9":"product_cat-magasin-cigarette-electronique","10":"desktop-align-center","11":"tablet-align-center","12":"mobile-align-center","13":"ast-product-gallery-layout-horizontal","14":"ast-product-gallery-with-no-image","15":"ast-product-single-variable","16":"ast-product-tabs-layout-horizontal","17":"ast-qv-on-image","19":"first","20":"instock","21":"sale","22":"shipping-taxable","23":"purchasable","24":"product-type-variable","25":"has-default-attributes"},"tiered_pricing_type":"fixed","tiered_pricing_fixed_rules":{"50":6.05,"100":5.59},"tiered_pricing_product_settings":{"layout":"default","base_unit_name":{"singular":null,"plural":null},"default_variation":null},"tiered_pricing_minimum_quantity":null,"tiered_pricing_roles_data":[],"tiered_pricing_percentage_rules":[],"_links":{"self":[{"href":"https:\/\/puffvapestore.com\/pl\/wp-json\/wp\/v2\/product\/6586","targetHints":{"allow":["GET"]}}],"collection":[{"href":"https:\/\/puffvapestore.com\/pl\/wp-json\/wp\/v2\/product"}],"about":[{"href":"https:\/\/puffvapestore.com\/pl\/wp-json\/wp\/v2\/types\/product"}],"replies":[{"embeddable":true,"href":"https:\/\/puffvapestore.com\/pl\/wp-json\/wp\/v2\/comments?post=6586"}],"version-history":[{"count":7,"href":"https:\/\/puffvapestore.com\/pl\/wp-json\/wp\/v2\/product\/6586\/revisions"}],"predecessor-version":[{"id":6621,"href":"https:\/\/puffvapestore.com\/pl\/wp-json\/wp\/v2\/product\/6586\/revisions\/6621"}],"wp:featuredmedia":[{"embeddable":true,"href":"https:\/\/puffvapestore.com\/pl\/wp-json\/wp\/v2\/media\/6235"}],"wp:attachment":[{"href":"https:\/\/puffvapestore.com\/pl\/wp-json\/wp\/v2\/media?parent=6586"}],"wp:term":[{"taxonomy":"product_brand","embeddable":true,"href":"https:\/\/puffvapestore.com\/pl\/wp-json\/wp\/v2\/product_brand?post=6586"},{"taxonomy":"product_cat","embeddable":true,"href":"https:\/\/puffvapestore.com\/pl\/wp-json\/wp\/v2\/product_cat?post=6586"},{"taxonomy":"product_tag","embeddable":true,"href":"https:\/\/puffvapestore.com\/pl\/wp-json\/wp\/v2\/product_tag?post=6586"}],"curies":[{"name":"wp","href":"https:\/\/api.w.org\/{rel}","templated":true}]}}