{"id":6544,"date":"2025-08-11T08:59:11","date_gmt":"2025-08-11T08:59:11","guid":{"rendered":"https:\/\/puffvapestore.com\/?post_type=product&#038;p=6544"},"modified":"2026-01-19T10:52:38","modified_gmt":"2026-01-19T10:52:38","slug":"pink-lemonade-bang-king-15000-offre-bien-plus-quune-simple-experience-gustative","status":"publish","type":"product","link":"https:\/\/puffvapestore.com\/pl\/product\/rozowa-lemoniada-bang-king-15000-oferuje-znacznie-wiecej-niz-zwykle-doznania-smakowe\/","title":{"rendered":"Pink Lemonade - Bang King 15K"},"content":{"rendered":"<div data-elementor-type=\"wp-post\" data-elementor-id=\"6544\" class=\"elementor elementor-6544\">\n\t\t\t\t<div class=\"elementor-element elementor-element-08c26f9 e-flex e-con-boxed e-con e-parent\" data-id=\"08c26f9\" data-element_type=\"container\" data-e-type=\"container\">\n\t\t\t\t\t<div class=\"e-con-inner\">\n\t\t\t\t<div class=\"elementor-element elementor-element-a005a97 elementor-widget elementor-widget-text-editor\" data-id=\"a005a97\" data-element_type=\"widget\" data-e-type=\"widget\" data-widget_type=\"text-editor.default\">\n\t\t\t\t<div class=\"elementor-widget-container\">\n\t\t\t\t\t\t\t\t\t<p>Orze\u017awiaj\u0105cy s\u0142odko-kwa\u015bny aromat elektronicznego papierosa Pink Lemonade przypomina \u015bwie\u017co przygotowan\u0105 szklank\u0119 r\u00f3\u017cowej lemoniady: lekko gazowany, z subteln\u0105 kwaskowato\u015bci\u0105 cytryny zmieszan\u0105 z nut\u0105 s\u0142odyczy, tworz\u0105c orze\u017awiaj\u0105ce i z\u0142o\u017cone doznanie. We Francji, gdzie ceni si\u0119 jako\u015b\u0107 \u017cycia i praktykuje si\u0119 \u00abzrelaksowane wapowanie\u00bb, Pink Lemonade oferuje znacznie wi\u0119cej ni\u017c tylko doznania smakowe; to subtelne, wci\u0105gaj\u0105ce do\u015bwiadczenie, kt\u00f3re odzwierciedla romantyczn\u0105 atmosfer\u0119: przywo\u0142uje na my\u015bl mro\u017conego drinka na balkonie latem lub swobodn\u0105 rozmow\u0119 w rogu paryskiej kawiarni.<\/p><p>R\u00f3\u017cowa lemoniada nie jest zwyk\u0142\u0105 lemoniad\u0105; jest to nap\u00f3j cytrynowy, powszechny w Ameryce P\u00f3\u0142nocnej, kt\u00f3ry zazwyczaj \u0142\u0105czy czerwone owoce (takie jak \u017curawina lub maliny) z cytryn\u0105. Ta mieszanka zachowuje kwasowo\u015b\u0107 cytryny, dodaj\u0105c jednocze\u015bnie subteln\u0105 s\u0142odycz i owocowy smak owoc\u00f3w.<\/p><h2>R\u00f3\u017cowa lemoniada: Dymi\u0105ce do\u015bwiadczenie :<\/h2><p>Od pierwszego pow\u0105chania, wyra\u017ana cytrynowa kwasowo\u015b\u0107 uderza w j\u0119zyk, nie b\u0119d\u0105c agresywn\u0105, ale lekko kwa\u015bn\u0105.<\/p><p>Nast\u0119pnie pojawia si\u0119 lekki posmak s\u0142odkich czerwonych owoc\u00f3w, takich jak \u017curawina lub malina, oferuj\u0105c subteln\u0105 owocow\u0105 s\u0142odycz, kt\u00f3ra \u0142agodzi cytrynow\u0105 kwasowo\u015b\u0107.<\/p><h2>\u015arodkowe podniebienie :<\/h2><p>S\u0142odycz i kwasowo\u015b\u0107 r\u00f3wnowa\u017c\u0105 si\u0119 na \u015brodkowym podniebieniu, tworz\u0105c smak podobny do lemoniady, ale bez nasycenia dwutlenkiem w\u0119gla.<\/p><p>Owocowy smak jest naturalnie s\u0142odki i orze\u017awiaj\u0105cy.<\/p><h2>Nuty bazy i wyko\u0144czenie:<\/h2><p>Wydechowi towarzyszy uczucie \u015bwie\u017co\u015bci, kt\u00f3re nie jest zbyt mocne ani lodowate; jest to lekkie, lodowate uczucie, kt\u00f3re nie przyt\u0142acza nut owocowych.<\/p><p>Je\u015bli chodzi o trwa\u0142o\u015b\u0107, cytrynowa kwasowo\u015b\u0107 utrzymuje si\u0119 nieco d\u0142u\u017cej, podczas gdy jagodowa s\u0142odycz szybko zanika, ust\u0119puj\u0105c miejsca czystemu, nie md\u0142emu finiszowi.<\/p><h2>Przyjazna dla \u015brodowiska konstrukcja z mo\u017cliwo\u015bci\u0105 wielokrotnego nape\u0142niania<\/h2><p>Dzi\u0119ki wbudowanemu akumulatorowi USB-C zmniejsza wp\u0142yw jednorazowych papieros\u00f3w elektronicznych na \u015brodowisko. U\u017cytkownicy mog\u0105 szybko na\u0142adowa\u0107 bateri\u0119 i wznowi\u0107 korzystanie w dowolnym miejscu i czasie, \u0142\u0105cz\u0105c praktyczno\u015b\u0107 i trwa\u0142o\u015b\u0107. Taka konstrukcja nie tylko oszcz\u0119dza pieni\u0105dze, ale jest r\u00f3wnie\u017c przyjazna dla \u015brodowiska.<\/p><p>Bang King 15000 Pink Lemonade ma eleganck\u0105, ergonomiczn\u0105 konstrukcj\u0119, zapewniaj\u0105c\u0105 wygodny chwyt i d\u0142ug\u0105 \u017cywotno\u015b\u0107. Lekka obudowa i nowoczesne kolory zwi\u0119kszaj\u0105 komfort u\u017cytkowania, jednocze\u015bnie podkre\u015blaj\u0105c indywidualno\u015b\u0107 i styl. Obudowa zosta\u0142a starannie wyko\u0144czona pod k\u0105tem odporno\u015bci na zu\u017cycie i w\u0142a\u015bciwo\u015bci antypo\u015blizgowych, \u0142\u0105cz\u0105c w sobie estetyk\u0119 i praktyczno\u015b\u0107.<\/p><h2>Wst\u0119pnie nape\u0142niony e-liquid o du\u017cej pojemno\u015bci<\/h2><p>Ka\u017cdy papieros Bang King 15000 Pink Lemonade jest fabrycznie nape\u0142niony 25 ml wysokiej jako\u015bci e-liquidu, czyli znacznie wi\u0119cej ni\u017c w przypadku konwencjonalnych papieros\u00f3w elektronicznych, co zapewnia d\u0142ugotrwa\u0142e u\u017cytkowanie. E-p\u0142yn jest wykonany z wysokiej jako\u015bci sk\u0142adnik\u00f3w, oferuj\u0105c g\u0142adkie uczucie w gardle i szerok\u0105 gam\u0119 smak\u00f3w, zapewniaj\u0105c sta\u0142\u0105 satysfakcj\u0119 z ka\u017cdego zaci\u0105gni\u0119cia.<\/p><h2>Dost\u0119pne s\u0105 r\u00f3\u017cne st\u0119\u017cenia nikotyny<\/h2><p>Model Bang King 15000 Pink Lemonade oferuje cztery moce soli nikotyny: 0 %, 2 %, 3 % i 5 %, aby zaspokoi\u0107 potrzeby r\u00f3\u017cnych waper\u00f3w. Opcja 0 % bez nikotyny jest idealna dla tych, kt\u00f3rzy szukaj\u0105 czystszego smaku, podczas gdy opcja 5 % z nikotyn\u0105 oferuje satysfakcjonuj\u0105ce wra\u017cenia dla regularnych vaper\u00f3w. Ta elastyczno\u015b\u0107 oznacza, \u017ce ka\u017cdy mo\u017ce znale\u017a\u0107 do\u015bwiadczenie odpowiednie dla siebie.<\/p><p>Pojedynczy papieros elektroniczny Bang King 15000 zapewnia do 15 000 zaci\u0105gni\u0119\u0107, a jego wyj\u0105tkowa autonomia oznacza, \u017ce nie musisz cz\u0119sto wymienia\u0107 urz\u0105dzenia. Zar\u00f3wno do codziennego u\u017cytku, jak i w podr\u00f3\u017cy, ten elektroniczny papieros zapewnia d\u0142ugotrwa\u0142y komfort i upraszcza uzupe\u0142nianie.<\/p><h2>Technologia odporno\u015bci siatki<\/h2><p>Ten elektroniczny papieros wyposa\u017cony jest w zaawansowany rezystor Mesh, kt\u00f3ry zapewnia bardziej r\u00f3wnomiern\u0105 atomizacj\u0119 i stabilniejsze ogrzewanie ni\u017c tradycyjne rezystory, gwarantuj\u0105c g\u0142adk\u0105, autentyczn\u0105 par\u0119. Struktura Mesh wyd\u0142u\u017ca r\u00f3wnie\u017c \u017cywotno\u015b\u0107 rezystora i redukuje zapachy spalenizny, zapewniaj\u0105c wysokiej jako\u015bci waporyzacj\u0119 przy ka\u017cdym zaci\u0105gni\u0119ciu.<\/p><p>Kompaktowy i lekki, Bang King 15000 Pink Lemonade jest \u0142atwy do przenoszenia, wsuwaj\u0105c si\u0119 do kieszeni lub plecaka. Wykonany z materia\u0142\u00f3w o wysokiej odporno\u015bci, jest odporny na upadki i trwa\u0142y, zachowuj\u0105c sw\u00f3j wygl\u0105d i wydajno\u015b\u0107 nawet przy cz\u0119stym codziennym u\u017cytkowaniu.<\/p><h2>Akumulator o du\u017cej pojemno\u015bci<\/h2><p>Wyposa\u017cony w zintegrowan\u0105 bateri\u0119 o pojemno\u015bci oko\u0142o 550 mAh, Bang King 15000 oferuje imponuj\u0105c\u0105 \u017cywotno\u015b\u0107 baterii. Dzi\u0119ki technologii szybkiego \u0142adowania USB-C u\u017cytkownicy mog\u0105 szybko na\u0142adowa\u0107 sw\u00f3j telefon, skracaj\u0105c czas oczekiwania. System zarz\u0105dzania bateri\u0105 optymalizuje zu\u017cycie energii, zapewniaj\u0105c stabiln\u0105 i d\u0142ugotrwa\u0142\u0105 prac\u0119.<\/p>\t\t\t\t\t\t\t\t<\/div>\n\t\t\t\t<\/div>\n\t\t\t\t\t<\/div>\n\t\t\t\t<\/div>\n\t\t\t\t<\/div>","protected":false},"excerpt":{"rendered":"<p>L&rsquo;ar\u00f4me aigre-doux rafra\u00eechissant de la cigarette \u00e9lectronique Pink Lemonade \u00e9voque un verre de limonade rose fra\u00eechement pr\u00e9par\u00e9\u00a0: l\u00e9g\u00e8rement p\u00e9tillant, avec la subtile acidit\u00e9 du citron m\u00eal\u00e9e \u00e0 une touche sucr\u00e9e, cr\u00e9ant une exp\u00e9rience rafra\u00eechissante et complexe. En France, o\u00f9 la qualit\u00e9 de vie est valoris\u00e9e et o\u00f9 l&rsquo;on pratique le \u00ab\u00a0vapotage relaxant\u00a0\u00bb, la Pink Lemonade [&hellip;]<\/p>\n","protected":false},"featured_media":6246,"comment_status":"open","ping_status":"closed","template":"","meta":{"site-sidebar-layout":"no-sidebar","site-content-layout":"page-builder","ast-site-content-layout":"normal-width-container","site-content-style":"default","site-sidebar-style":"default","ast-global-header-display":"","ast-banner-title-visibility":"","ast-main-header-display":"","ast-hfb-above-header-display":"","ast-hfb-below-header-display":"","ast-hfb-mobile-header-display":"","site-post-title":"disabled","ast-breadcrumbs-content":"","ast-featured-img":"disabled","footer-sml-layout":"","ast-disable-related-posts":"","theme-transparent-header-meta":"default","adv-header-id-meta":"","stick-header-meta":"default","header-above-stick-meta":"","header-main-stick-meta":"","header-below-stick-meta":"","astra-migrate-meta-layouts":"set","ast-page-background-enabled":"default","ast-page-background-meta":{"desktop":{"background-color":"","background-image":"","background-repeat":"repeat","background-position":"center center","background-size":"auto","background-attachment":"scroll","background-type":"","background-media":"","overlay-type":"","overlay-color":"","overlay-opacity":"","overlay-gradient":""},"tablet":{"background-color":"","background-image":"","background-repeat":"repeat","background-position":"center center","background-size":"auto","background-attachment":"scroll","background-type":"","background-media":"","overlay-type":"","overlay-color":"","overlay-opacity":"","overlay-gradient":""},"mobile":{"background-color":"","background-image":"","background-repeat":"repeat","background-position":"center center","background-size":"auto","background-attachment":"scroll","background-type":"","background-media":"","overlay-type":"","overlay-color":"","overlay-opacity":"","overlay-gradient":""}},"ast-content-background-meta":{"desktop":{"background-color":"var(--ast-global-color-5)","background-image":"","background-repeat":"repeat","background-position":"center center","background-size":"auto","background-attachment":"scroll","background-type":"","background-media":"","overlay-type":"","overlay-color":"","overlay-opacity":"","overlay-gradient":""},"tablet":{"background-color":"var(--ast-global-color-5)","background-image":"","background-repeat":"repeat","background-position":"center center","background-size":"auto","background-attachment":"scroll","background-type":"","background-media":"","overlay-type":"","overlay-color":"","overlay-opacity":"","overlay-gradient":""},"mobile":{"background-color":"var(--ast-global-color-5)","background-image":"","background-repeat":"repeat","background-position":"center center","background-size":"auto","background-attachment":"scroll","background-type":"","background-media":"","overlay-type":"","overlay-color":"","overlay-opacity":"","overlay-gradient":""}}},"product_brand":[52],"product_cat":[56,80,15],"product_tag":[],"class_list":{"0":"post-6544","1":"product","2":"type-product","3":"status-publish","4":"has-post-thumbnail","6":"product_brand-bang-king","7":"product_cat-bang-king-15000-est-equipee-dune-resistance-mesh-nouvelle-generation","8":"product_cat-puff-15k","9":"product_cat-magasin-cigarette-electronique","10":"desktop-align-center","11":"tablet-align-center","12":"mobile-align-center","13":"ast-product-gallery-layout-horizontal","14":"ast-product-gallery-with-no-image","15":"ast-product-single-variable","16":"ast-product-tabs-layout-horizontal","17":"ast-qv-on-image","19":"first","20":"instock","21":"sale","22":"shipping-taxable","23":"purchasable","24":"product-type-variable","25":"has-default-attributes"},"tiered_pricing_type":"fixed","tiered_pricing_fixed_rules":{"50":6.05,"100":5.59},"tiered_pricing_product_settings":{"layout":"default","base_unit_name":{"singular":null,"plural":null},"default_variation":null},"tiered_pricing_minimum_quantity":null,"tiered_pricing_roles_data":[],"tiered_pricing_percentage_rules":[],"_links":{"self":[{"href":"https:\/\/puffvapestore.com\/pl\/wp-json\/wp\/v2\/product\/6544","targetHints":{"allow":["GET"]}}],"collection":[{"href":"https:\/\/puffvapestore.com\/pl\/wp-json\/wp\/v2\/product"}],"about":[{"href":"https:\/\/puffvapestore.com\/pl\/wp-json\/wp\/v2\/types\/product"}],"replies":[{"embeddable":true,"href":"https:\/\/puffvapestore.com\/pl\/wp-json\/wp\/v2\/comments?post=6544"}],"version-history":[{"count":11,"href":"https:\/\/puffvapestore.com\/pl\/wp-json\/wp\/v2\/product\/6544\/revisions"}],"predecessor-version":[{"id":6624,"href":"https:\/\/puffvapestore.com\/pl\/wp-json\/wp\/v2\/product\/6544\/revisions\/6624"}],"wp:featuredmedia":[{"embeddable":true,"href":"https:\/\/puffvapestore.com\/pl\/wp-json\/wp\/v2\/media\/6246"}],"wp:attachment":[{"href":"https:\/\/puffvapestore.com\/pl\/wp-json\/wp\/v2\/media?parent=6544"}],"wp:term":[{"taxonomy":"product_brand","embeddable":true,"href":"https:\/\/puffvapestore.com\/pl\/wp-json\/wp\/v2\/product_brand?post=6544"},{"taxonomy":"product_cat","embeddable":true,"href":"https:\/\/puffvapestore.com\/pl\/wp-json\/wp\/v2\/product_cat?post=6544"},{"taxonomy":"product_tag","embeddable":true,"href":"https:\/\/puffvapestore.com\/pl\/wp-json\/wp\/v2\/product_tag?post=6544"}],"curies":[{"name":"wp","href":"https:\/\/api.w.org\/{rel}","templated":true}]}}