{"id":6533,"date":"2025-08-07T03:51:14","date_gmt":"2025-08-07T03:51:14","guid":{"rendered":"https:\/\/puffvapestore.com\/?post_type=product&#038;p=6533"},"modified":"2026-01-19T10:52:39","modified_gmt":"2026-01-19T10:52:39","slug":"peach-ice-bang-king-15000-sucree-et-rafraichissante","status":"publish","type":"product","link":"https:\/\/puffvapestore.com\/pl\/product\/brzoskwiniowy-lod-bang-king-15000-slodki-i-orzezwiajacy\/","title":{"rendered":"Peach Ice - Bang King 15K"},"content":{"rendered":"<div data-elementor-type=\"wp-post\" data-elementor-id=\"6533\" class=\"elementor elementor-6533\">\n\t\t\t\t<div class=\"elementor-element elementor-element-08c26f9 e-flex e-con-boxed e-con e-parent\" data-id=\"08c26f9\" data-element_type=\"container\" data-e-type=\"container\">\n\t\t\t\t\t<div class=\"e-con-inner\">\n\t\t\t\t<div class=\"elementor-element elementor-element-a005a97 elementor-widget elementor-widget-text-editor\" data-id=\"a005a97\" data-element_type=\"widget\" data-e-type=\"widget\" data-widget_type=\"text-editor.default\">\n\t\t\t\t<div class=\"elementor-widget-container\">\n\t\t\t\t\t\t\t\t\t<p>Unikalny smak P\u00eache Glac\u00e9e polega na jego dyskretnej s\u0142odyczy, oferuj\u0105cej orze\u017awiaj\u0105ce wyko\u0144czenie, jak popijanie lekko sch\u0142odzonego koktajlu brzoskwiniowego nad Sekwan\u0105. Jego lekko\u015b\u0107 i obecno\u015b\u0107 sprawiaj\u0105, \u017ce jest to koj\u0105ce i orze\u017awiaj\u0105ce do\u015bwiadczenie towarzyskie.<\/p><h2>Smak brzoskwiniowy :<\/h2><p>Autentyczna owocowo\u015b\u0107: pierwszy powiew dymu ujawnia naturalny aromat dojrza\u0142ych brzoskwi\u0144 z umiarkowan\u0105 s\u0142odycz\u0105, kt\u00f3ra nie jest mdl\u0105ca.<\/p><p>S\u0142odki i \u0142agodny: Bogaty i \u0142agodny na podniebieniu, z pe\u0142n\u0105, mi\u0119sist\u0105 konsystencj\u0105, przypominaj\u0105c\u0105 degustacj\u0119 soczystej bia\u0142ej brzoskwini.<\/p><p>Lekko kwiatowy aromat: Podczas degustacji wy\u0142ania si\u0119 subtelny brzoskwiniowo-kwiatowy finisz, podkre\u015blaj\u0105cy og\u00f3ln\u0105 elegancj\u0119 smaku.<\/p><h2>L\u00f3d :<\/h2><p>Szybkie ch\u0142odzenie: Podczas wdechu odczuwalne jest wyra\u017ane uczucie ch\u0142odu, szczeg\u00f3lnie w gardle, ale nie jest ono zbyt silne.<\/p><p>D\u0142ugotrwa\u0142e orze\u017awienie: uczucie \u015bwie\u017co\u015bci utrzymuje si\u0119 na wydechu, pomagaj\u0105c zneutralizowa\u0107 s\u0142odycz brzoskwini i pozostawiaj\u0105c zr\u00f3wnowa\u017cony, orze\u017awiaj\u0105cy posmak.<\/p><h2>Og\u00f3lna r\u00f3wnowaga smaku lod\u00f3w brzoskwiniowych:<\/h2><p>S\u0142odycz brzoskwini i \u015bwie\u017co\u015b\u0107 mi\u0119ty doskonale si\u0119 \u0142\u0105cz\u0105, zachowuj\u0105c bogactwo owocowego smaku i zapewniaj\u0105c orze\u017awiaj\u0105ce doznania lodowe.<\/p><h2>Przyjazna dla \u015brodowiska konstrukcja z mo\u017cliwo\u015bci\u0105 wielokrotnego nape\u0142niania<\/h2><p>Dzi\u0119ki wbudowanemu akumulatorowi USB-C zmniejsza wp\u0142yw jednorazowych papieros\u00f3w elektronicznych na \u015brodowisko. U\u017cytkownicy mog\u0105 szybko na\u0142adowa\u0107 bateri\u0119 i wznowi\u0107 korzystanie w dowolnym miejscu i czasie, \u0142\u0105cz\u0105c praktyczno\u015b\u0107 i trwa\u0142o\u015b\u0107. Taka konstrukcja nie tylko oszcz\u0119dza pieni\u0105dze, ale jest r\u00f3wnie\u017c przyjazna dla \u015brodowiska.<\/p><p>Bang King 15000 Peach Ice ma eleganck\u0105, ergonomiczn\u0105 konstrukcj\u0119, zapewniaj\u0105c\u0105 wygodny chwyt i d\u0142ug\u0105 \u017cywotno\u015b\u0107. Lekka obudowa i nowoczesne kolory zwi\u0119kszaj\u0105 komfort u\u017cytkowania, jednocze\u015bnie podkre\u015blaj\u0105c indywidualno\u015b\u0107 i styl. Obudowa zosta\u0142a starannie wyko\u0144czona pod k\u0105tem odporno\u015bci na zu\u017cycie i w\u0142a\u015bciwo\u015bci antypo\u015blizgowych, \u0142\u0105cz\u0105c w sobie estetyk\u0119 i praktyczno\u015b\u0107.<\/p><h2>Wst\u0119pnie nape\u0142niony e-liquid o du\u017cej pojemno\u015bci<\/h2><p>Ka\u017cdy papieros Bang King 15000 Peach Ice jest fabrycznie nape\u0142niony 25 ml wysokiej jako\u015bci e-cieczy, czyli znacznie wi\u0119cej ni\u017c w przypadku konwencjonalnych papieros\u00f3w elektronicznych, co zapewnia d\u0142ugotrwa\u0142e u\u017cytkowanie. E-p\u0142yn jest wykonany z wysokiej jako\u015bci sk\u0142adnik\u00f3w, oferuj\u0105c g\u0142adkie uczucie w gardle i szerok\u0105 gam\u0119 smak\u00f3w, zapewniaj\u0105c sta\u0142\u0105 satysfakcj\u0119 z ka\u017cdego zaci\u0105gni\u0119cia.<\/p><h2>Dost\u0119pne s\u0105 r\u00f3\u017cne st\u0119\u017cenia nikotyny<\/h2><p>Model Bang King 15000 Peach Ice oferuje cztery mocne sole nikotyny: 0 %, 2 %, 3 % i 5 %, aby zaspokoi\u0107 potrzeby r\u00f3\u017cnych waper\u00f3w. Opcja 0 % bez nikotyny jest idealna dla os\u00f3b poszukuj\u0105cych czystszego smaku, podczas gdy opcja 5 % z nikotyn\u0105 oferuje satysfakcjonuj\u0105ce wra\u017cenia dla regularnych vaper\u00f3w. Ta elastyczno\u015b\u0107 oznacza, \u017ce ka\u017cdy mo\u017ce znale\u017a\u0107 do\u015bwiadczenie odpowiednie dla siebie.<\/p><p>Pojedynczy papieros elektroniczny Bang King 15000 Peach Ice zapewnia do 15 000 zaci\u0105gni\u0119\u0107, a jego wyj\u0105tkowa autonomia oznacza, \u017ce nie musisz cz\u0119sto wymienia\u0107 urz\u0105dzenia. Zar\u00f3wno do codziennego u\u017cytku, jak i w podr\u00f3\u017cy, ten elektroniczny papieros zapewnia d\u0142ugotrwa\u0142y komfort i upraszcza uzupe\u0142nianie.<\/p><h2>Technologia odporno\u015bci siatki<\/h2><p>Ten elektroniczny papieros wyposa\u017cony jest w zaawansowany rezystor Mesh, kt\u00f3ry zapewnia bardziej r\u00f3wnomiern\u0105 atomizacj\u0119 i stabilniejsze ogrzewanie ni\u017c tradycyjne rezystory, gwarantuj\u0105c g\u0142adk\u0105, autentyczn\u0105 par\u0119. Struktura Mesh wyd\u0142u\u017ca r\u00f3wnie\u017c \u017cywotno\u015b\u0107 rezystora i redukuje zapachy spalenizny, zapewniaj\u0105c wysokiej jako\u015bci waporyzacj\u0119 przy ka\u017cdym zaci\u0105gni\u0119ciu.<\/p><p>Kompaktowy i lekki, Bang King 15000 Peach Ice jest \u0142atwy do przenoszenia i mie\u015bci si\u0119 w kieszeni lub plecaku. Wykonany z materia\u0142\u00f3w o wysokiej odporno\u015bci, jest odporny na upadki i trwa\u0142y, zachowuj\u0105c sw\u00f3j wygl\u0105d i wydajno\u015b\u0107 nawet przy cz\u0119stym codziennym u\u017cytkowaniu.<\/p><h2>Akumulator o du\u017cej pojemno\u015bci<\/h2><p>Wyposa\u017cony we wbudowan\u0105 bateri\u0119 o pojemno\u015bci oko\u0142o 550 mAh, Bang King 15000 Peach Ice oferuje imponuj\u0105c\u0105 \u017cywotno\u015b\u0107 baterii. Dzi\u0119ki technologii szybkiego \u0142adowania USB-C u\u017cytkownicy mog\u0105 szybko na\u0142adowa\u0107 sw\u00f3j telefon, skracaj\u0105c czas oczekiwania. System zarz\u0105dzania bateri\u0105 optymalizuje zu\u017cycie energii, zapewniaj\u0105c stabiln\u0105 i d\u0142ugotrwa\u0142\u0105 prac\u0119.<\/p>\t\t\t\t\t\t\t\t<\/div>\n\t\t\t\t<\/div>\n\t\t\t\t\t<\/div>\n\t\t\t\t<\/div>\n\t\t\t\t<\/div>","protected":false},"excerpt":{"rendered":"<p>La saveur unique de la P\u00eache Glac\u00e9e r\u00e9side dans sa douceur discr\u00e8te, offrant une finale rafra\u00eechissante, comme siroter un cocktail de p\u00eaches l\u00e9g\u00e8rement frais au bord de la Seine. Sa l\u00e9g\u00e8ret\u00e9 et sa pr\u00e9sence en font une exp\u00e9rience conviviale apaisante et rafra\u00eechissante. Saveur P\u00eache\u00a0: Fruit\u00e9 authentique\u00a0: La premi\u00e8re bouff\u00e9e de fum\u00e9e r\u00e9v\u00e8le l&rsquo;ar\u00f4me naturel des [&hellip;]<\/p>\n","protected":false},"featured_media":6244,"comment_status":"open","ping_status":"closed","template":"","meta":{"site-sidebar-layout":"no-sidebar","site-content-layout":"page-builder","ast-site-content-layout":"normal-width-container","site-content-style":"default","site-sidebar-style":"default","ast-global-header-display":"","ast-banner-title-visibility":"","ast-main-header-display":"","ast-hfb-above-header-display":"","ast-hfb-below-header-display":"","ast-hfb-mobile-header-display":"","site-post-title":"disabled","ast-breadcrumbs-content":"","ast-featured-img":"disabled","footer-sml-layout":"","ast-disable-related-posts":"","theme-transparent-header-meta":"default","adv-header-id-meta":"","stick-header-meta":"default","header-above-stick-meta":"","header-main-stick-meta":"","header-below-stick-meta":"","astra-migrate-meta-layouts":"set","ast-page-background-enabled":"default","ast-page-background-meta":{"desktop":{"background-color":"","background-image":"","background-repeat":"repeat","background-position":"center center","background-size":"auto","background-attachment":"scroll","background-type":"","background-media":"","overlay-type":"","overlay-color":"","overlay-opacity":"","overlay-gradient":""},"tablet":{"background-color":"","background-image":"","background-repeat":"repeat","background-position":"center center","background-size":"auto","background-attachment":"scroll","background-type":"","background-media":"","overlay-type":"","overlay-color":"","overlay-opacity":"","overlay-gradient":""},"mobile":{"background-color":"","background-image":"","background-repeat":"repeat","background-position":"center center","background-size":"auto","background-attachment":"scroll","background-type":"","background-media":"","overlay-type":"","overlay-color":"","overlay-opacity":"","overlay-gradient":""}},"ast-content-background-meta":{"desktop":{"background-color":"var(--ast-global-color-5)","background-image":"","background-repeat":"repeat","background-position":"center center","background-size":"auto","background-attachment":"scroll","background-type":"","background-media":"","overlay-type":"","overlay-color":"","overlay-opacity":"","overlay-gradient":""},"tablet":{"background-color":"var(--ast-global-color-5)","background-image":"","background-repeat":"repeat","background-position":"center center","background-size":"auto","background-attachment":"scroll","background-type":"","background-media":"","overlay-type":"","overlay-color":"","overlay-opacity":"","overlay-gradient":""},"mobile":{"background-color":"var(--ast-global-color-5)","background-image":"","background-repeat":"repeat","background-position":"center center","background-size":"auto","background-attachment":"scroll","background-type":"","background-media":"","overlay-type":"","overlay-color":"","overlay-opacity":"","overlay-gradient":""}}},"product_brand":[52],"product_cat":[56,80,15],"product_tag":[],"class_list":{"0":"post-6533","1":"product","2":"type-product","3":"status-publish","4":"has-post-thumbnail","6":"product_brand-bang-king","7":"product_cat-bang-king-15000-est-equipee-dune-resistance-mesh-nouvelle-generation","8":"product_cat-puff-15k","9":"product_cat-magasin-cigarette-electronique","10":"desktop-align-center","11":"tablet-align-center","12":"mobile-align-center","13":"ast-product-gallery-layout-horizontal","14":"ast-product-gallery-with-no-image","15":"ast-product-single-variable","16":"ast-product-tabs-layout-horizontal","17":"ast-qv-on-image","19":"first","20":"instock","21":"sale","22":"shipping-taxable","23":"purchasable","24":"product-type-variable","25":"has-default-attributes"},"tiered_pricing_type":"fixed","tiered_pricing_fixed_rules":{"50":6.05,"100":5.59},"tiered_pricing_product_settings":{"layout":"default","base_unit_name":{"singular":null,"plural":null},"default_variation":null},"tiered_pricing_minimum_quantity":null,"tiered_pricing_roles_data":[],"tiered_pricing_percentage_rules":[],"_links":{"self":[{"href":"https:\/\/puffvapestore.com\/pl\/wp-json\/wp\/v2\/product\/6533","targetHints":{"allow":["GET"]}}],"collection":[{"href":"https:\/\/puffvapestore.com\/pl\/wp-json\/wp\/v2\/product"}],"about":[{"href":"https:\/\/puffvapestore.com\/pl\/wp-json\/wp\/v2\/types\/product"}],"replies":[{"embeddable":true,"href":"https:\/\/puffvapestore.com\/pl\/wp-json\/wp\/v2\/comments?post=6533"}],"version-history":[{"count":7,"href":"https:\/\/puffvapestore.com\/pl\/wp-json\/wp\/v2\/product\/6533\/revisions"}],"predecessor-version":[{"id":6625,"href":"https:\/\/puffvapestore.com\/pl\/wp-json\/wp\/v2\/product\/6533\/revisions\/6625"}],"wp:featuredmedia":[{"embeddable":true,"href":"https:\/\/puffvapestore.com\/pl\/wp-json\/wp\/v2\/media\/6244"}],"wp:attachment":[{"href":"https:\/\/puffvapestore.com\/pl\/wp-json\/wp\/v2\/media?parent=6533"}],"wp:term":[{"taxonomy":"product_brand","embeddable":true,"href":"https:\/\/puffvapestore.com\/pl\/wp-json\/wp\/v2\/product_brand?post=6533"},{"taxonomy":"product_cat","embeddable":true,"href":"https:\/\/puffvapestore.com\/pl\/wp-json\/wp\/v2\/product_cat?post=6533"},{"taxonomy":"product_tag","embeddable":true,"href":"https:\/\/puffvapestore.com\/pl\/wp-json\/wp\/v2\/product_tag?post=6533"}],"curies":[{"name":"wp","href":"https:\/\/api.w.org\/{rel}","templated":true}]}}