{"id":6522,"date":"2025-08-07T01:25:40","date_gmt":"2025-08-07T01:25:40","guid":{"rendered":"https:\/\/puffvapestore.com\/?post_type=product&#038;p=6522"},"modified":"2026-01-19T10:52:38","modified_gmt":"2026-01-19T10:52:38","slug":"aloe-grape-bang-king-15000-moderement-sucre","status":"publish","type":"product","link":"https:\/\/puffvapestore.com\/pl\/product\/aloe-grape-bang-king-15000-umiarkowany-cukier\/","title":{"rendered":"Aloe Grape - Bang King 15K"},"content":{"rendered":"<div data-elementor-type=\"wp-post\" data-elementor-id=\"6522\" class=\"elementor elementor-6522\">\n\t\t\t\t<div class=\"elementor-element elementor-element-08c26f9 e-flex e-con-boxed e-con e-parent\" data-id=\"08c26f9\" data-element_type=\"container\" data-e-type=\"container\">\n\t\t\t\t\t<div class=\"e-con-inner\">\n\t\t\t\t<div class=\"elementor-element elementor-element-a005a97 elementor-widget elementor-widget-text-editor\" data-id=\"a005a97\" data-element_type=\"widget\" data-e-type=\"widget\" data-widget_type=\"text-editor.default\">\n\t\t\t\t<div class=\"elementor-widget-container\">\n\t\t\t\t\t\t\t\t\t<p>Aloe Raisin Bang King 15000 oferuje autentyczny, umiarkowanie s\u0142odki owocowy aromat z orze\u017awiaj\u0105cym, d\u0142ugotrwa\u0142ym smakiem, idealny dla tych, kt\u00f3rzy preferuj\u0105 naturalny, \u015bwie\u017cy smak. Je\u015bli preferujesz nie mdl\u0105ce, lekko orze\u017awiaj\u0105ce i autentycznie owocowe doznania podczas waporyzacji, ten smak Aloe Raisin jest zdecydowanie wart obejrzenia.<\/p><h2>Aromat winogronowy - Nuta g\u0142\u00f3wna<\/h2><p>Umiarkowanie s\u0142odki: W przeciwie\u0144stwie do niekt\u00f3rych smak\u00f3w winogronowych, smak winogronowy Bang King oferuje naturalny owocowy aromat z lekk\u0105 kwaskowato\u015bci\u0105, bli\u017cszy autentycznemu smakowi \u015bwie\u017cych fioletowych winogron.<\/p><p>Bogato owocowy: od pierwszego \u0142yku dym zapewnia bogaty, soczysty aromat z wyra\u017anymi niuansami i odurzaj\u0105cym uczuciem, przywo\u0142uj\u0105cym uczucie \u015bwie\u017co zmia\u017cd\u017conych winogron.<\/p><p>G\u0142adka i mi\u0119kka: tekstura winogron w dymie nie podra\u017cnia gard\u0142a, pozostawiaj\u0105c jedwabiste, d\u0142ugotrwa\u0142e wyko\u0144czenie.<\/p><h2>Aromat aloesu: subtelna, charakterystyczna nuta<\/h2><p>\u015awie\u017cy zio\u0142owy aromat: Aloes wydziela lekko \u015bwie\u017cy zio\u0142owy aromat, podobny do \u015bwie\u017co\u015bci og\u00f3rka lub soku z trzciny cukrowej, dodaj\u0105c ca\u0142o\u015bci odrobin\u0119 \u015bwie\u017co\u015bci.<\/p><p>Subtelny, bez nadmiaru: aloes nie maskuje nuty winogronowej, ale pojawia si\u0119 mi\u0119dzy wdechem a wydechem, nawil\u017caj\u0105c i oczyszczaj\u0105c usta, pozostawiaj\u0105c czyste, niet\u0142uste doznania smakowe.<\/p><h2>Przyjazna dla \u015brodowiska konstrukcja z mo\u017cliwo\u015bci\u0105 wielokrotnego nape\u0142niania<\/h2><p>Dzi\u0119ki wbudowanemu akumulatorowi USB-C zmniejsza wp\u0142yw jednorazowych papieros\u00f3w elektronicznych na \u015brodowisko. U\u017cytkownicy mog\u0105 szybko na\u0142adowa\u0107 bateri\u0119 i wznowi\u0107 korzystanie w dowolnym miejscu i czasie, \u0142\u0105cz\u0105c praktyczno\u015b\u0107 i trwa\u0142o\u015b\u0107. Taka konstrukcja nie tylko oszcz\u0119dza pieni\u0105dze, ale jest r\u00f3wnie\u017c przyjazna dla \u015brodowiska.<\/p><p>Bang King 15000 Aloe Grape ma eleganck\u0105, ergonomiczn\u0105 konstrukcj\u0119, zapewniaj\u0105c\u0105 wygodny chwyt i d\u0142ug\u0105 \u017cywotno\u015b\u0107. Lekka obudowa i nowoczesne kolory zwi\u0119kszaj\u0105 komfort u\u017cytkowania, jednocze\u015bnie podkre\u015blaj\u0105c indywidualno\u015b\u0107 i styl. Obudowa zosta\u0142a starannie wyko\u0144czona pod k\u0105tem odporno\u015bci na zu\u017cycie i w\u0142a\u015bciwo\u015bci antypo\u015blizgowych, \u0142\u0105cz\u0105c w sobie estetyk\u0119 i praktyczno\u015b\u0107.<\/p><h2>Wst\u0119pnie nape\u0142niony e-liquid o du\u017cej pojemno\u015bci<\/h2><p>Ka\u017cdy papieros Bang King 15000 Aloe Grape jest fabrycznie nape\u0142niony 25 ml wysokiej jako\u015bci e-liquidu, czyli znacznie wi\u0119cej ni\u017c w przypadku konwencjonalnych papieros\u00f3w elektronicznych, co zapewnia d\u0142ugotrwa\u0142e u\u017cytkowanie. E-p\u0142yn jest wykonany z wysokiej jako\u015bci sk\u0142adnik\u00f3w, oferuj\u0105c g\u0142adkie uczucie w gardle i szerok\u0105 gam\u0119 smak\u00f3w, zapewniaj\u0105c sta\u0142\u0105 satysfakcj\u0119 z ka\u017cdego zaci\u0105gni\u0119cia.<\/p><h2>Dost\u0119pne s\u0105 r\u00f3\u017cne st\u0119\u017cenia nikotyny<\/h2><p>Model Bang King 15000 Aloe Grape oferuje cztery moce soli nikotyny: 0 %, 2 %, 3 % i 5 %, aby zaspokoi\u0107 potrzeby r\u00f3\u017cnych waper\u00f3w. Opcja 0 % bez nikotyny jest idealna dla tych, kt\u00f3rzy szukaj\u0105 czystszego smaku, podczas gdy opcja 5 % z nikotyn\u0105 oferuje satysfakcjonuj\u0105ce wra\u017cenia dla regularnych vaper\u00f3w. Ta elastyczno\u015b\u0107 oznacza, \u017ce ka\u017cdy mo\u017ce znale\u017a\u0107 do\u015bwiadczenie odpowiednie dla siebie.<\/p><p>Pojedynczy papieros elektroniczny Bang King 15000 zapewnia do 15 000 zaci\u0105gni\u0119\u0107, a jego wyj\u0105tkowa autonomia oznacza, \u017ce nie musisz cz\u0119sto wymienia\u0107 urz\u0105dzenia. Zar\u00f3wno do codziennego u\u017cytku, jak i w podr\u00f3\u017cy, ten elektroniczny papieros zapewnia d\u0142ugotrwa\u0142y komfort i upraszcza uzupe\u0142nianie.<\/p><h2>Technologia odporno\u015bci siatki<\/h2><p>Ten elektroniczny papieros wyposa\u017cony jest w zaawansowany rezystor Mesh, kt\u00f3ry zapewnia bardziej r\u00f3wnomiern\u0105 atomizacj\u0119 i stabilniejsze ogrzewanie ni\u017c tradycyjne rezystory, gwarantuj\u0105c g\u0142adk\u0105, autentyczn\u0105 par\u0119. Struktura Mesh wyd\u0142u\u017ca r\u00f3wnie\u017c \u017cywotno\u015b\u0107 rezystora i redukuje zapachy spalenizny, zapewniaj\u0105c wysokiej jako\u015bci waporyzacj\u0119 przy ka\u017cdym zaci\u0105gni\u0119ciu.<\/p><p>Kompaktowy i lekki, Bang King 15000 Aloe Grape jest \u0142atwy do przenoszenia, \u0142atwo mie\u015bci si\u0119 w kieszeni lub plecaku. Wykonany z materia\u0142\u00f3w o wysokiej odporno\u015bci, jest odporny na upadki i trwa\u0142y, zachowuj\u0105c sw\u00f3j wygl\u0105d i wydajno\u015b\u0107 nawet przy cz\u0119stym codziennym u\u017cytkowaniu.<\/p><h2>Akumulator o du\u017cej pojemno\u015bci<\/h2><p>Wyposa\u017cony w zintegrowan\u0105 bateri\u0119 o pojemno\u015bci oko\u0142o 550 mAh, Bang King 15000 oferuje imponuj\u0105c\u0105 \u017cywotno\u015b\u0107 baterii. Dzi\u0119ki technologii szybkiego \u0142adowania USB-C u\u017cytkownicy mog\u0105 szybko na\u0142adowa\u0107 sw\u00f3j telefon, skracaj\u0105c czas oczekiwania. System zarz\u0105dzania bateri\u0105 optymalizuje zu\u017cycie energii, zapewniaj\u0105c stabiln\u0105 i d\u0142ugotrwa\u0142\u0105 prac\u0119.<\/p>\t\t\t\t\t\t\t\t<\/div>\n\t\t\t\t<\/div>\n\t\t\t\t\t<\/div>\n\t\t\t\t<\/div>\n\t\t\t\t<\/div>","protected":false},"excerpt":{"rendered":"<p>L&rsquo;ar\u00f4me Aloe Raisin du Bang King 15000 offre un ar\u00f4me fruit\u00e9 authentique et mod\u00e9r\u00e9ment sucr\u00e9, avec une saveur rafra\u00eechissante et persistante, id\u00e9al pour ceux qui pr\u00e9f\u00e8rent un go\u00fbt naturel et frais. Si vous pr\u00e9f\u00e9rez une exp\u00e9rience de vapotage non \u00e9coeurante, l\u00e9g\u00e8rement rafra\u00eechissante et authentiquement fruit\u00e9e, cet ar\u00f4me Aloe Raisin vaut vraiment le d\u00e9tour. Ar\u00f4me Raisin [&hellip;]<\/p>\n","protected":false},"featured_media":6234,"comment_status":"open","ping_status":"closed","template":"","meta":{"site-sidebar-layout":"no-sidebar","site-content-layout":"page-builder","ast-site-content-layout":"normal-width-container","site-content-style":"default","site-sidebar-style":"default","ast-global-header-display":"","ast-banner-title-visibility":"","ast-main-header-display":"","ast-hfb-above-header-display":"","ast-hfb-below-header-display":"","ast-hfb-mobile-header-display":"","site-post-title":"disabled","ast-breadcrumbs-content":"","ast-featured-img":"disabled","footer-sml-layout":"","ast-disable-related-posts":"","theme-transparent-header-meta":"default","adv-header-id-meta":"","stick-header-meta":"default","header-above-stick-meta":"","header-main-stick-meta":"","header-below-stick-meta":"","astra-migrate-meta-layouts":"set","ast-page-background-enabled":"default","ast-page-background-meta":{"desktop":{"background-color":"","background-image":"","background-repeat":"repeat","background-position":"center center","background-size":"auto","background-attachment":"scroll","background-type":"","background-media":"","overlay-type":"","overlay-color":"","overlay-opacity":"","overlay-gradient":""},"tablet":{"background-color":"","background-image":"","background-repeat":"repeat","background-position":"center center","background-size":"auto","background-attachment":"scroll","background-type":"","background-media":"","overlay-type":"","overlay-color":"","overlay-opacity":"","overlay-gradient":""},"mobile":{"background-color":"","background-image":"","background-repeat":"repeat","background-position":"center center","background-size":"auto","background-attachment":"scroll","background-type":"","background-media":"","overlay-type":"","overlay-color":"","overlay-opacity":"","overlay-gradient":""}},"ast-content-background-meta":{"desktop":{"background-color":"var(--ast-global-color-5)","background-image":"","background-repeat":"repeat","background-position":"center center","background-size":"auto","background-attachment":"scroll","background-type":"","background-media":"","overlay-type":"","overlay-color":"","overlay-opacity":"","overlay-gradient":""},"tablet":{"background-color":"var(--ast-global-color-5)","background-image":"","background-repeat":"repeat","background-position":"center center","background-size":"auto","background-attachment":"scroll","background-type":"","background-media":"","overlay-type":"","overlay-color":"","overlay-opacity":"","overlay-gradient":""},"mobile":{"background-color":"var(--ast-global-color-5)","background-image":"","background-repeat":"repeat","background-position":"center center","background-size":"auto","background-attachment":"scroll","background-type":"","background-media":"","overlay-type":"","overlay-color":"","overlay-opacity":"","overlay-gradient":""}}},"product_brand":[52],"product_cat":[56,80,15],"product_tag":[],"class_list":{"0":"post-6522","1":"product","2":"type-product","3":"status-publish","4":"has-post-thumbnail","6":"product_brand-bang-king","7":"product_cat-bang-king-15000-est-equipee-dune-resistance-mesh-nouvelle-generation","8":"product_cat-puff-15k","9":"product_cat-magasin-cigarette-electronique","10":"desktop-align-center","11":"tablet-align-center","12":"mobile-align-center","13":"ast-product-gallery-layout-horizontal","14":"ast-product-gallery-with-no-image","15":"ast-product-single-variable","16":"ast-product-tabs-layout-horizontal","17":"ast-qv-on-image","19":"first","20":"instock","21":"sale","22":"shipping-taxable","23":"purchasable","24":"product-type-variable","25":"has-default-attributes"},"tiered_pricing_type":"fixed","tiered_pricing_fixed_rules":{"50":6.05,"100":5.59},"tiered_pricing_product_settings":{"layout":"default","base_unit_name":{"singular":null,"plural":null},"default_variation":null},"tiered_pricing_minimum_quantity":null,"tiered_pricing_roles_data":[],"tiered_pricing_percentage_rules":[],"_links":{"self":[{"href":"https:\/\/puffvapestore.com\/pl\/wp-json\/wp\/v2\/product\/6522","targetHints":{"allow":["GET"]}}],"collection":[{"href":"https:\/\/puffvapestore.com\/pl\/wp-json\/wp\/v2\/product"}],"about":[{"href":"https:\/\/puffvapestore.com\/pl\/wp-json\/wp\/v2\/types\/product"}],"replies":[{"embeddable":true,"href":"https:\/\/puffvapestore.com\/pl\/wp-json\/wp\/v2\/comments?post=6522"}],"version-history":[{"count":7,"href":"https:\/\/puffvapestore.com\/pl\/wp-json\/wp\/v2\/product\/6522\/revisions"}],"predecessor-version":[{"id":6626,"href":"https:\/\/puffvapestore.com\/pl\/wp-json\/wp\/v2\/product\/6522\/revisions\/6626"}],"wp:featuredmedia":[{"embeddable":true,"href":"https:\/\/puffvapestore.com\/pl\/wp-json\/wp\/v2\/media\/6234"}],"wp:attachment":[{"href":"https:\/\/puffvapestore.com\/pl\/wp-json\/wp\/v2\/media?parent=6522"}],"wp:term":[{"taxonomy":"product_brand","embeddable":true,"href":"https:\/\/puffvapestore.com\/pl\/wp-json\/wp\/v2\/product_brand?post=6522"},{"taxonomy":"product_cat","embeddable":true,"href":"https:\/\/puffvapestore.com\/pl\/wp-json\/wp\/v2\/product_cat?post=6522"},{"taxonomy":"product_tag","embeddable":true,"href":"https:\/\/puffvapestore.com\/pl\/wp-json\/wp\/v2\/product_tag?post=6522"}],"curies":[{"name":"wp","href":"https:\/\/api.w.org\/{rel}","templated":true}]}}