{"id":6495,"date":"2025-08-11T06:11:27","date_gmt":"2025-08-11T06:11:27","guid":{"rendered":"https:\/\/puffvapestore.com\/?post_type=product&#038;p=6495"},"modified":"2026-01-19T10:52:39","modified_gmt":"2026-01-19T10:52:39","slug":"lush-ice-bang-king-15000-debordez-instantanement-daromes-rafraichissants","status":"publish","type":"product","link":"https:\/\/puffvapestore.com\/pl\/product\/bujny-lod-bang-king-15000-natychmiast-przepelnia-orzezwiajace-aromaty\/","title":{"rendered":"Lush Ice - Bang King 15K"},"content":{"rendered":"<div data-elementor-type=\"wp-post\" data-elementor-id=\"6495\" class=\"elementor elementor-6495\">\n\t\t\t\t<div class=\"elementor-element elementor-element-08c26f9 e-flex e-con-boxed e-con e-parent\" data-id=\"08c26f9\" data-element_type=\"container\" data-e-type=\"container\">\n\t\t\t\t\t<div class=\"e-con-inner\">\n\t\t\t\t<div class=\"elementor-element elementor-element-a005a97 elementor-widget elementor-widget-text-editor\" data-id=\"a005a97\" data-element_type=\"widget\" data-e-type=\"widget\" data-widget_type=\"text-editor.default\">\n\t\t\t\t<div class=\"elementor-widget-container\">\n\t\t\t\t\t\t\t\t\t<p>Elektroniczny papieros Bang King 15000 Lush Ice o ergonomicznym kszta\u0142cie to prawdziwy klejnot designu. Gdy tylko we\u017amiesz wdech, orze\u017awiaj\u0105cy aromat arbuza i lekkiej mi\u0119ty natychmiast wype\u0142ni twoje usta, oferuj\u0105c subteln\u0105 s\u0142odycz i ch\u0142odne, lodowate uczucie, jak pierwszy \u0142yk mro\u017conego soku arbuzowego na po\u0142udniowym wybrze\u017cu Francji latem: orze\u017awiaj\u0105cy i gasz\u0105cy pragnienie.<\/p><h2>Dominuj\u0105cy smak arbuza:<\/h2><p>Prawdziwie owocowy: arbuzowy smak Bang King jest mniej s\u0142odki ni\u017c sztuczne s\u0142odycze, bardziej przypomina \u015bwie\u017co pokrojonego arbuza z nut\u0105 naturalnych owoc\u00f3w.<\/p><p>Intensywny owocowy aromat: lekka nuta melona spadziowego lub og\u00f3rka uzupe\u0142nia smak arbuza, tworz\u0105c s\u0142odkie, orze\u017awiaj\u0105ce doznanie.<\/p><h2>Od\u015bwie\u017caj\u0105ca mi\u0119ta\/mentol:<\/h2><p>Wyczuwalne, ale niedra\u017cni\u0105ce uczucie \u015bwie\u017co\u015bci: Zapewnia subtelne uczucie \u015bwie\u017co\u015bci, niczym kostka lodu powoli topniej\u0105ca na j\u0119zyku.<\/p><p>Czysty posmak: Po wydechu na podniebieniu utrzymuje si\u0119 \u015bwie\u017cy, czysty aromat mi\u0119ty, kt\u00f3ry pomaga rozproszy\u0107 nadmiern\u0105 s\u0142odycz owocowych smak\u00f3w i zr\u00f3wnowa\u017cy\u0107 og\u00f3lny profil aromatyczny.<\/p><h2>Og\u00f3lne do\u015bwiadczenie z Lush Ice :<\/h2><p>Dym jest g\u0142adki na podniebieniu i mi\u0119kki w gardle: nie podra\u017cnia gard\u0142a, dzi\u0119ki czemu idealnie nadaje si\u0119 do d\u0142ugotrwa\u0142ego u\u017cytkowania, szczeg\u00f3lnie dla tych, kt\u00f3rzy preferuj\u0105 orze\u017awiaj\u0105cy smak.<\/p><p>D\u0142ugotrwa\u0142y, niet\u0142usty: Pomimo owocowej, lodowatej mieszanki, og\u00f3lny efekt nie jest t\u0142usty ani przyt\u0142aczaj\u0105cy, co czyni go przyjemnym codziennym aromatem.<\/p><p>D\u0142ugi finisz: orze\u017awiaj\u0105co s\u0142odki aromat, przypominaj\u0105cy po\u0142\u0105czenie soku arbuzowego i cukierk\u00f3w mi\u0119towych, utrzymuje si\u0119 w gardle i ustach, pozostawiaj\u0105c przyjemnie orze\u017awiaj\u0105ce uczucie.<\/p><h2>Du\u017ca pojemno\u015b\u0107 przechowywania e-cieczy<\/h2><p>Bang King 15000 Lush Ice jest wst\u0119pnie nape\u0142niony 25 ml wysokiej jako\u015bci nikotynowego e-liquidu, co jest rzadko\u015bci\u0105 w przypadku podobnych produkt\u00f3w. Zapewnia to d\u0142ug\u0105 \u017cywotno\u015b\u0107 i zmniejsza potrzeb\u0119 cz\u0119stej wymiany urz\u0105dzenia.<\/p><p>Ka\u017cdy e-papieros Bang King 15000 Lush Ice oferuje do 15 000 zaci\u0105gni\u0119\u0107, czyli znacznie wi\u0119cej ni\u017c wi\u0119kszo\u015b\u0107 jednorazowych papieros\u00f3w elektronicznych na rynku, co czyni go punktem odniesienia dla bardzo d\u0142ugiej autonomii.<\/p><h2>Dost\u0119pnych jest kilka dawek nikotyny<\/h2><p>Aby zaspokoi\u0107 preferencje u\u017cytkownik\u00f3w i potrzeby zwi\u0105zane z rzucaniem palenia, Bang King 15000 Lush Ice jest dost\u0119pny w czterech mocach soli nikotyny: 0 %, 2 %, 3 % i 5 %. Niezale\u017cnie od tego, czy chcesz ca\u0142kowicie rzuci\u0107 palenie, czy zdecydowa\u0107 si\u0119 na wy\u017csz\u0105 dawk\u0119, z pewno\u015bci\u0105 znajdziesz idealn\u0105 opcj\u0119.<\/p><p>Ten e-papieros wykorzystuje rezystor siatkowy nowej generacji do r\u00f3wnomiernego podgrzewania e-liquidu i wydajnej atomizacji. W por\u00f3wnaniu z tradycyjnymi rezystorami, oferuje on drobniejsz\u0105 atomizacj\u0119, bogatszy smak i wi\u0119ksz\u0105 obj\u0119to\u015b\u0107 pary, zwi\u0119kszaj\u0105c wra\u017cenia u\u017cytkownika.<\/p><h2>Przyjazna dla \u015brodowiska konstrukcja z mo\u017cliwo\u015bci\u0105 wielokrotnego nape\u0142niania<\/h2><p>Posiada zintegrowan\u0105 bateri\u0119 550 mAh z szybkim \u0142adowaniem przez USB-C. Ta \u0142adowalna konstrukcja znacznie wyd\u0142u\u017ca jego \u017cywotno\u015b\u0107 i jest bardziej przyjazna dla \u015brodowiska ni\u017c urz\u0105dzenia jednorazowe, spe\u0142niaj\u0105c wymagania wsp\u00f3\u0142czesnych u\u017cytkownik\u00f3w w zakresie zr\u00f3wnowa\u017conego rozwoju.<\/p><p>Model Bang King 15000 Lush Ice ma ergonomiczn\u0105 konstrukcj\u0119 i nowoczesny wygl\u0105d. Jego dotyk, tekstura i estetyka odzwierciedlaj\u0105 skupienie si\u0119 na do\u015bwiadczeniu u\u017cytkownika, \u0142\u0105cz\u0105c komfort i styl.<\/p><p>Pomimo zaawansowanych funkcji i du\u017cej pojemno\u015bci, Bang King 15000 Lush Ice zachowuje kompaktow\u0105, przeno\u015bn\u0105 konstrukcj\u0119, kt\u00f3ra jest \u0142atwa do przenoszenia i nadaje si\u0119 do ka\u017cdego stylu \u017cycia. Co wi\u0119cej, zosta\u0142 wykonany z wytrzyma\u0142ych materia\u0142\u00f3w, dzi\u0119ki czemu jest odporny na upadki i trwa\u0142y, gwarantuj\u0105c d\u0142ugotrwa\u0142e, stabilne u\u017cytkowanie.<\/p>\t\t\t\t\t\t\t\t<\/div>\n\t\t\t\t<\/div>\n\t\t\t\t\t<\/div>\n\t\t\t\t<\/div>\n\t\t\t\t<\/div>","protected":false},"excerpt":{"rendered":"<p>La cigarette \u00e9lectronique Lush Ice de Bang King 15000, au design ergonomique, est un v\u00e9ritable bijou de design. D\u00e8s l&rsquo;inhalation, l&rsquo;ar\u00f4me rafra\u00eechissant de past\u00e8que et de menthe l\u00e9g\u00e8re emplit instantan\u00e9ment votre bouche, offrant une douceur subtile et une sensation fra\u00eeche et glac\u00e9e, comme la premi\u00e8re gorg\u00e9e de jus de past\u00e8que glac\u00e9 sur la c\u00f4te sud [&hellip;]<\/p>\n","protected":false},"featured_media":6243,"comment_status":"open","ping_status":"closed","template":"","meta":{"site-sidebar-layout":"no-sidebar","site-content-layout":"page-builder","ast-site-content-layout":"normal-width-container","site-content-style":"default","site-sidebar-style":"default","ast-global-header-display":"","ast-banner-title-visibility":"","ast-main-header-display":"","ast-hfb-above-header-display":"","ast-hfb-below-header-display":"","ast-hfb-mobile-header-display":"","site-post-title":"disabled","ast-breadcrumbs-content":"","ast-featured-img":"disabled","footer-sml-layout":"","ast-disable-related-posts":"","theme-transparent-header-meta":"default","adv-header-id-meta":"","stick-header-meta":"default","header-above-stick-meta":"","header-main-stick-meta":"","header-below-stick-meta":"","astra-migrate-meta-layouts":"set","ast-page-background-enabled":"default","ast-page-background-meta":{"desktop":{"background-color":"","background-image":"","background-repeat":"repeat","background-position":"center center","background-size":"auto","background-attachment":"scroll","background-type":"","background-media":"","overlay-type":"","overlay-color":"","overlay-opacity":"","overlay-gradient":""},"tablet":{"background-color":"","background-image":"","background-repeat":"repeat","background-position":"center center","background-size":"auto","background-attachment":"scroll","background-type":"","background-media":"","overlay-type":"","overlay-color":"","overlay-opacity":"","overlay-gradient":""},"mobile":{"background-color":"","background-image":"","background-repeat":"repeat","background-position":"center center","background-size":"auto","background-attachment":"scroll","background-type":"","background-media":"","overlay-type":"","overlay-color":"","overlay-opacity":"","overlay-gradient":""}},"ast-content-background-meta":{"desktop":{"background-color":"var(--ast-global-color-5)","background-image":"","background-repeat":"repeat","background-position":"center center","background-size":"auto","background-attachment":"scroll","background-type":"","background-media":"","overlay-type":"","overlay-color":"","overlay-opacity":"","overlay-gradient":""},"tablet":{"background-color":"var(--ast-global-color-5)","background-image":"","background-repeat":"repeat","background-position":"center center","background-size":"auto","background-attachment":"scroll","background-type":"","background-media":"","overlay-type":"","overlay-color":"","overlay-opacity":"","overlay-gradient":""},"mobile":{"background-color":"var(--ast-global-color-5)","background-image":"","background-repeat":"repeat","background-position":"center center","background-size":"auto","background-attachment":"scroll","background-type":"","background-media":"","overlay-type":"","overlay-color":"","overlay-opacity":"","overlay-gradient":""}}},"product_brand":[52],"product_cat":[56,80,15],"product_tag":[],"class_list":{"0":"post-6495","1":"product","2":"type-product","3":"status-publish","4":"has-post-thumbnail","6":"product_brand-bang-king","7":"product_cat-bang-king-15000-est-equipee-dune-resistance-mesh-nouvelle-generation","8":"product_cat-puff-15k","9":"product_cat-magasin-cigarette-electronique","10":"desktop-align-center","11":"tablet-align-center","12":"mobile-align-center","13":"ast-product-gallery-layout-horizontal","14":"ast-product-gallery-with-no-image","15":"ast-product-single-variable","16":"ast-product-tabs-layout-horizontal","17":"ast-qv-on-image","19":"first","20":"instock","21":"sale","22":"shipping-taxable","23":"purchasable","24":"product-type-variable","25":"has-default-attributes"},"tiered_pricing_type":"fixed","tiered_pricing_fixed_rules":{"50":6.05,"100":5.59},"tiered_pricing_product_settings":{"layout":"default","base_unit_name":{"singular":null,"plural":null},"default_variation":null},"tiered_pricing_minimum_quantity":null,"tiered_pricing_roles_data":[],"tiered_pricing_percentage_rules":[],"_links":{"self":[{"href":"https:\/\/puffvapestore.com\/pl\/wp-json\/wp\/v2\/product\/6495","targetHints":{"allow":["GET"]}}],"collection":[{"href":"https:\/\/puffvapestore.com\/pl\/wp-json\/wp\/v2\/product"}],"about":[{"href":"https:\/\/puffvapestore.com\/pl\/wp-json\/wp\/v2\/types\/product"}],"replies":[{"embeddable":true,"href":"https:\/\/puffvapestore.com\/pl\/wp-json\/wp\/v2\/comments?post=6495"}],"version-history":[{"count":11,"href":"https:\/\/puffvapestore.com\/pl\/wp-json\/wp\/v2\/product\/6495\/revisions"}],"predecessor-version":[{"id":6627,"href":"https:\/\/puffvapestore.com\/pl\/wp-json\/wp\/v2\/product\/6495\/revisions\/6627"}],"wp:featuredmedia":[{"embeddable":true,"href":"https:\/\/puffvapestore.com\/pl\/wp-json\/wp\/v2\/media\/6243"}],"wp:attachment":[{"href":"https:\/\/puffvapestore.com\/pl\/wp-json\/wp\/v2\/media?parent=6495"}],"wp:term":[{"taxonomy":"product_brand","embeddable":true,"href":"https:\/\/puffvapestore.com\/pl\/wp-json\/wp\/v2\/product_brand?post=6495"},{"taxonomy":"product_cat","embeddable":true,"href":"https:\/\/puffvapestore.com\/pl\/wp-json\/wp\/v2\/product_cat?post=6495"},{"taxonomy":"product_tag","embeddable":true,"href":"https:\/\/puffvapestore.com\/pl\/wp-json\/wp\/v2\/product_tag?post=6495"}],"curies":[{"name":"wp","href":"https:\/\/api.w.org\/{rel}","templated":true}]}}