{"id":6484,"date":"2025-08-11T03:03:09","date_gmt":"2025-08-11T03:03:09","guid":{"rendered":"https:\/\/puffvapestore.com\/?post_type=product&#038;p=6484"},"modified":"2026-01-19T10:52:38","modified_gmt":"2026-01-19T10:52:38","slug":"cherry-pop-bang-king-15000-offre-une-saveur-sucree-acidulee-et-fruitee","status":"publish","type":"product","link":"https:\/\/puffvapestore.com\/pl\/product\/cherry-pop-bang-king-15000-oferuje-slodki-pikantny-i-owocowy-smak\/","title":{"rendered":"Cherry Pop - Bang King 15K"},"content":{"rendered":"<div data-elementor-type=\"wp-post\" data-elementor-id=\"6484\" class=\"elementor elementor-6484\">\n\t\t\t\t<div class=\"elementor-element elementor-element-08c26f9 e-flex e-con-boxed e-con e-parent\" data-id=\"08c26f9\" data-element_type=\"container\" data-e-type=\"container\">\n\t\t\t\t\t<div class=\"e-con-inner\">\n\t\t\t\t<div class=\"elementor-element elementor-element-a005a97 elementor-widget elementor-widget-text-editor\" data-id=\"a005a97\" data-element_type=\"widget\" data-e-type=\"widget\" data-widget_type=\"text-editor.default\">\n\t\t\t\t<div class=\"elementor-widget-container\">\n\t\t\t\t\t\t\t\t\t<p>Cherry Pop to nie jest zwyk\u0142y owocowy smak. Przypomina \u015bwie\u017co pokrojone ciasto wi\u015bniowe z paryskiej cukierni, os\u0142odzone lekk\u0105 kwaskowato\u015bci\u0105. Gdy tylko dym dostanie si\u0119 do ust, mo\u017cna poczu\u0107, jak sok wi\u015bniowy delikatnie musuje na j\u0119zyku. W por\u00f3wnaniu z tradycyjnym, monotonnym smakiem tytoniu, ten aromat zapewnia Europejczykom nieopisan\u0105 przyjemno\u015b\u0107 w po\u015bpiechu, jak przerwa od \u017cycia nad Sekwan\u0105.<\/p><p>Cherry Pop to s\u0142odka, cierpka i owocowa mieszanka z orze\u017awiaj\u0105c\u0105 nut\u0105 napoju gazowanego, zaprojektowana tak, aby odtworzy\u0107 orze\u017awiaj\u0105c\u0105 energi\u0119, kt\u00f3r\u0105 czujesz po otwarciu puszki sch\u0142odzonego napoju wi\u015bniowego.<\/p><h2>G\u0142\u00f3wny smak: dojrza\u0142a wi\u015bnia<\/h2><p>Jego smak jest pe\u0142ny, z aromatami czarnej wi\u015bni i mi\u0119sist\u0105 konsystencj\u0105.<\/p><p>Lekka nuta kandyzowanej wi\u015bni w s\u0142odkim winie podkre\u015bla jego bogactwo.<\/p><p>Owocowy aromat eksploduje natychmiast po pierwszym wdechu, tworz\u0105c wra\u017cenie \u00absoku pomara\u0144czowego\u00bb.<\/p><h2>Smak drugorz\u0119dny: soda gazowana<\/h2><p>Smak ma wyra\u017an\u0105 konsystencj\u0119, przypominaj\u0105c\u0105 mro\u017cony nap\u00f3j gazowany.<\/p><p>To musuj\u0105ce uczucie nie jest agresywne w gardle, ale raczej uczucie lodowatych mikrop\u0119cherzyk\u00f3w w ustach, tworz\u0105c orze\u017awiaj\u0105c\u0105 i smaczn\u0105 mieszank\u0119.<\/p><h2>Zr\u00f3wnowa\u017cona s\u0142odycz i kwasowo\u015b\u0107<\/h2><p>S\u0142odycz Cherry Pop jest wysoka, ale nie jest zbyt syropowata, z wyra\u017an\u0105, s\u0142odk\u0105 nut\u0105.<\/p><p>Subtelna kwasowo\u015b\u0107 (podobna do cytryny) dodaje g\u0142\u0119bi i zapobiega md\u0142o\u015bciom.<\/p><h2>Wyko\u0144czenie i posmak<\/h2><p>Wi\u015bniowy smak utrzymuje si\u0119 na wydechu, z orze\u017awiaj\u0105c\u0105 nut\u0105 sody.<\/p><p>Smak pozostaje \u015bwie\u017cy nawet po kilku zaci\u0105gni\u0119ciach, zapobiegaj\u0105c zm\u0119czeniu podniebienia.<\/p><h2>Du\u017ca pojemno\u015b\u0107 przechowywania e-cieczy<\/h2><p>Bang King 15000 Cherry Pop jest wst\u0119pnie nape\u0142niony 25 ml wysokiej jako\u015bci nikotynowego e-liquidu, co jest rzadko\u015bci\u0105 w przypadku podobnych produkt\u00f3w. Zapewnia to d\u0142ug\u0105 \u017cywotno\u015b\u0107 i zmniejsza potrzeb\u0119 cz\u0119stej wymiany urz\u0105dzenia.<\/p><p>Ka\u017cdy e-papieros Bang King 15000 Cherry Pop oferuje do 15 000 zaci\u0105gni\u0119\u0107, czyli znacznie wi\u0119cej ni\u017c wi\u0119kszo\u015b\u0107 jednorazowych papieros\u00f3w elektronicznych na rynku, co czyni go punktem odniesienia dla bardzo d\u0142ugiej autonomii.<\/p><h2>Dost\u0119pnych jest kilka dawek nikotyny<\/h2><p>Aby zaspokoi\u0107 preferencje u\u017cytkownik\u00f3w i potrzeby rzucenia palenia, Bang King 15000 Cherry Pop jest dost\u0119pny w czterech mocach soli nikotyny: 0 %, 2 %, 3 % i 5 %. Niezale\u017cnie od tego, czy chcesz ca\u0142kowicie rzuci\u0107 palenie, czy zdecydowa\u0107 si\u0119 na wy\u017csz\u0105 dawk\u0119, z pewno\u015bci\u0105 znajdziesz idealn\u0105 opcj\u0119.<\/p><p>Ten e-papieros wykorzystuje rezystor siatkowy nowej generacji do r\u00f3wnomiernego podgrzewania e-liquidu i wydajnej atomizacji. W por\u00f3wnaniu z tradycyjnymi rezystorami, oferuje on drobniejsz\u0105 atomizacj\u0119, bogatszy smak i wi\u0119ksz\u0105 obj\u0119to\u015b\u0107 pary, zwi\u0119kszaj\u0105c wra\u017cenia u\u017cytkownika.<\/p><h2>Przyjazna dla \u015brodowiska konstrukcja z mo\u017cliwo\u015bci\u0105 wielokrotnego nape\u0142niania<\/h2><p>Posiada zintegrowan\u0105 bateri\u0119 550 mAh z szybkim \u0142adowaniem przez USB-C. Ta \u0142adowalna konstrukcja znacznie wyd\u0142u\u017ca jego \u017cywotno\u015b\u0107 i jest bardziej przyjazna dla \u015brodowiska ni\u017c urz\u0105dzenia jednorazowe, spe\u0142niaj\u0105c wymagania wsp\u00f3\u0142czesnych u\u017cytkownik\u00f3w w zakresie zr\u00f3wnowa\u017conego rozwoju.<\/p><p>Bang King 15000 Cherry Pop ma ergonomiczn\u0105 konstrukcj\u0119 i nowoczesny wygl\u0105d. Jego dotyk, tekstura i estetyka odzwierciedlaj\u0105 skupienie si\u0119 na do\u015bwiadczeniu u\u017cytkownika, \u0142\u0105cz\u0105c komfort i styl.<\/p><p>Pomimo zaawansowanych funkcji i du\u017cej pojemno\u015bci, Bang King 15000 Cherry Pop zachowuje kompaktow\u0105, przeno\u015bn\u0105 konstrukcj\u0119, kt\u00f3ra jest \u0142atwa do przenoszenia i odpowiednia dla ka\u017cdego stylu \u017cycia. Co wi\u0119cej, zosta\u0142 wykonany z wytrzyma\u0142ych materia\u0142\u00f3w, dzi\u0119ki czemu jest odporny na upadki i trwa\u0142y, gwarantuj\u0105c d\u0142ugotrwa\u0142e, stabilne u\u017cytkowanie.<\/p>\t\t\t\t\t\t\t\t<\/div>\n\t\t\t\t<\/div>\n\t\t\t\t\t<\/div>\n\t\t\t\t<\/div>\n\t\t\t\t<\/div>","protected":false},"excerpt":{"rendered":"<p>La Cherry Pop n&rsquo;est pas une saveur fruit\u00e9e ordinaire. Elle \u00e9voque un g\u00e2teau aux cerises fra\u00eechement coup\u00e9, sorti d&rsquo;une p\u00e2tisserie parisienne, sucr\u00e9 avec une l\u00e9g\u00e8re acidit\u00e9. D\u00e8s que la fum\u00e9e entre en bouche, vous sentez le jus de cerise p\u00e9tiller doucement sur votre langue. Compar\u00e9e \u00e0 la saveur traditionnelle et monotone du tabac, cette saveur [&hellip;]<\/p>\n","protected":false},"featured_media":6237,"comment_status":"open","ping_status":"closed","template":"","meta":{"site-sidebar-layout":"no-sidebar","site-content-layout":"page-builder","ast-site-content-layout":"normal-width-container","site-content-style":"default","site-sidebar-style":"default","ast-global-header-display":"","ast-banner-title-visibility":"","ast-main-header-display":"","ast-hfb-above-header-display":"","ast-hfb-below-header-display":"","ast-hfb-mobile-header-display":"","site-post-title":"disabled","ast-breadcrumbs-content":"","ast-featured-img":"disabled","footer-sml-layout":"","ast-disable-related-posts":"","theme-transparent-header-meta":"default","adv-header-id-meta":"","stick-header-meta":"default","header-above-stick-meta":"","header-main-stick-meta":"","header-below-stick-meta":"","astra-migrate-meta-layouts":"set","ast-page-background-enabled":"default","ast-page-background-meta":{"desktop":{"background-color":"","background-image":"","background-repeat":"repeat","background-position":"center center","background-size":"auto","background-attachment":"scroll","background-type":"","background-media":"","overlay-type":"","overlay-color":"","overlay-opacity":"","overlay-gradient":""},"tablet":{"background-color":"","background-image":"","background-repeat":"repeat","background-position":"center center","background-size":"auto","background-attachment":"scroll","background-type":"","background-media":"","overlay-type":"","overlay-color":"","overlay-opacity":"","overlay-gradient":""},"mobile":{"background-color":"","background-image":"","background-repeat":"repeat","background-position":"center center","background-size":"auto","background-attachment":"scroll","background-type":"","background-media":"","overlay-type":"","overlay-color":"","overlay-opacity":"","overlay-gradient":""}},"ast-content-background-meta":{"desktop":{"background-color":"var(--ast-global-color-5)","background-image":"","background-repeat":"repeat","background-position":"center center","background-size":"auto","background-attachment":"scroll","background-type":"","background-media":"","overlay-type":"","overlay-color":"","overlay-opacity":"","overlay-gradient":""},"tablet":{"background-color":"var(--ast-global-color-5)","background-image":"","background-repeat":"repeat","background-position":"center center","background-size":"auto","background-attachment":"scroll","background-type":"","background-media":"","overlay-type":"","overlay-color":"","overlay-opacity":"","overlay-gradient":""},"mobile":{"background-color":"var(--ast-global-color-5)","background-image":"","background-repeat":"repeat","background-position":"center center","background-size":"auto","background-attachment":"scroll","background-type":"","background-media":"","overlay-type":"","overlay-color":"","overlay-opacity":"","overlay-gradient":""}}},"product_brand":[52],"product_cat":[56,80,15],"product_tag":[],"class_list":{"0":"post-6484","1":"product","2":"type-product","3":"status-publish","4":"has-post-thumbnail","6":"product_brand-bang-king","7":"product_cat-bang-king-15000-est-equipee-dune-resistance-mesh-nouvelle-generation","8":"product_cat-puff-15k","9":"product_cat-magasin-cigarette-electronique","10":"desktop-align-center","11":"tablet-align-center","12":"mobile-align-center","13":"ast-product-gallery-layout-horizontal","14":"ast-product-gallery-with-no-image","15":"ast-product-single-variable","16":"ast-product-tabs-layout-horizontal","17":"ast-qv-on-image","19":"first","20":"instock","21":"sale","22":"shipping-taxable","23":"purchasable","24":"product-type-variable","25":"has-default-attributes"},"tiered_pricing_type":"fixed","tiered_pricing_fixed_rules":{"50":6.05,"100":5.59},"tiered_pricing_product_settings":{"layout":"default","base_unit_name":{"singular":null,"plural":null},"default_variation":null},"tiered_pricing_minimum_quantity":null,"tiered_pricing_roles_data":[],"tiered_pricing_percentage_rules":[],"_links":{"self":[{"href":"https:\/\/puffvapestore.com\/pl\/wp-json\/wp\/v2\/product\/6484","targetHints":{"allow":["GET"]}}],"collection":[{"href":"https:\/\/puffvapestore.com\/pl\/wp-json\/wp\/v2\/product"}],"about":[{"href":"https:\/\/puffvapestore.com\/pl\/wp-json\/wp\/v2\/types\/product"}],"replies":[{"embeddable":true,"href":"https:\/\/puffvapestore.com\/pl\/wp-json\/wp\/v2\/comments?post=6484"}],"version-history":[{"count":7,"href":"https:\/\/puffvapestore.com\/pl\/wp-json\/wp\/v2\/product\/6484\/revisions"}],"predecessor-version":[{"id":6628,"href":"https:\/\/puffvapestore.com\/pl\/wp-json\/wp\/v2\/product\/6484\/revisions\/6628"}],"wp:featuredmedia":[{"embeddable":true,"href":"https:\/\/puffvapestore.com\/pl\/wp-json\/wp\/v2\/media\/6237"}],"wp:attachment":[{"href":"https:\/\/puffvapestore.com\/pl\/wp-json\/wp\/v2\/media?parent=6484"}],"wp:term":[{"taxonomy":"product_brand","embeddable":true,"href":"https:\/\/puffvapestore.com\/pl\/wp-json\/wp\/v2\/product_brand?post=6484"},{"taxonomy":"product_cat","embeddable":true,"href":"https:\/\/puffvapestore.com\/pl\/wp-json\/wp\/v2\/product_cat?post=6484"},{"taxonomy":"product_tag","embeddable":true,"href":"https:\/\/puffvapestore.com\/pl\/wp-json\/wp\/v2\/product_tag?post=6484"}],"curies":[{"name":"wp","href":"https:\/\/api.w.org\/{rel}","templated":true}]}}