{"id":6473,"date":"2025-08-05T08:11:49","date_gmt":"2025-08-05T08:11:49","guid":{"rendered":"https:\/\/puffvapestore.com\/?post_type=product&#038;p=6473"},"modified":"2026-01-19T10:52:38","modified_gmt":"2026-01-19T10:52:38","slug":"cotton-candy-bang-king-15000-cree-une-base-douce-et-sucree","status":"publish","type":"product","link":"https:\/\/puffvapestore.com\/pl\/product\/wata-cukrowa-bang-king-15000-tworzy-miekka-slodka-baze\/","title":{"rendered":"Cotton Candy - Bang King 15000"},"content":{"rendered":"<div data-elementor-type=\"wp-post\" data-elementor-id=\"6473\" class=\"elementor elementor-6473\">\n\t\t\t\t<div class=\"elementor-element elementor-element-08c26f9 e-flex e-con-boxed e-con e-parent\" data-id=\"08c26f9\" data-element_type=\"container\" data-e-type=\"container\">\n\t\t\t\t\t<div class=\"e-con-inner\">\n\t\t\t\t<div class=\"elementor-element elementor-element-a005a97 elementor-widget elementor-widget-text-editor\" data-id=\"a005a97\" data-element_type=\"widget\" data-e-type=\"widget\" data-widget_type=\"text-editor.default\">\n\t\t\t\t<div class=\"elementor-widget-container\">\n\t\t\t\t\t\t\t\t\t<p>Zaci\u0105gnij si\u0119 papierosem elektronicznym Bang King 15000 Cotton Candy, a op\u00f3r siatki podgrzeje delikatn\u0105 par\u0119, niczym w miniaturowym lunaparku. Lekko s\u0142odka nuta, niczym r\u00f3\u017cowa wata cukrowa z paryskiego weso\u0142ego miasteczka, powoli rozprzestrzenia si\u0119 mi\u0119dzy nosem a kubkami smakowymi.<\/p><h2>Nuta g\u0142owy: s\u0142odka i zwiewna<\/h2><p>Podczas wdechu pierwsz\u0105 nut\u0105 jest klasyczna zwiewna s\u0142odycz waty cukrowej, niczym pasma cukru trzcinowego delikatnie rozp\u0142ywaj\u0105ce si\u0119 na j\u0119zyku, s\u0142odkie, ale nie mdl\u0105ce.<\/p><p>Odrobina syropu waniliowego dodaje mi\u0119kkiej, s\u0142odkiej bazy.<\/p><h2>Nuta serca: delikatne mleczne przej\u015bcie<\/h2><p>Po s\u0142odyczy pojawia si\u0119 delikatna mleczna nuta, kt\u00f3ra nie jest przyt\u0142aczaj\u0105ca, przypomina raczej lekki mleczny aromat zmieszany z mlekiem w proszku i sacharyn\u0105, \u0142agodz\u0105c s\u0142odycz.<\/p><h2>Nuta bazy: S\u0142odkie wyko\u0144czenie<\/h2><p>Wydech pozostawia subtelny aromat karmelizowanego cukru z lekkim posmakiem toffi.<\/p><p>Finisz jest d\u0142ugi, ale nie przyt\u0142aczaj\u0105cy. Pozostaje delikatnie na podniebieniu, jak s\u0142odki posmak ma\u0142ego cukierka.<\/p><h2>Du\u017ca pojemno\u015b\u0107 przechowywania e-cieczy<\/h2><p>Bang King 15000 Cotton Candy jest wst\u0119pnie nape\u0142niony 25 ml wysokiej jako\u015bci nikotynowego e-liquidu, co jest rzadko\u015bci\u0105 w przypadku podobnych produkt\u00f3w. Zapewnia to d\u0142ug\u0105 \u017cywotno\u015b\u0107 i zmniejsza potrzeb\u0119 cz\u0119stej wymiany urz\u0105dzenia.<\/p><p>Ka\u017cdy e-papieros Bang King 15000 Cotton Candy oferuje do 15 000 zaci\u0105gni\u0119\u0107, czyli znacznie wi\u0119cej ni\u017c wi\u0119kszo\u015b\u0107 jednorazowych papieros\u00f3w elektronicznych na rynku, co czyni go punktem odniesienia dla bardzo d\u0142ugiej autonomii.<\/p><h2>Dost\u0119pnych jest kilka dawek nikotyny<\/h2><p>Aby zaspokoi\u0107 preferencje u\u017cytkownik\u00f3w i potrzeby rzucenia palenia, Bang King 15000 jest dost\u0119pny w czterech mocach soli nikotyny: 0 %, 2 %, 3 % i 5 %. Niezale\u017cnie od tego, czy chcesz ca\u0142kowicie rzuci\u0107 palenie, czy zdecydowa\u0107 si\u0119 na wy\u017csz\u0105 dawk\u0119, z pewno\u015bci\u0105 znajdziesz idealn\u0105 opcj\u0119.<\/p><p>Ten e-papieros wykorzystuje rezystor siatkowy nowej generacji do r\u00f3wnomiernego podgrzewania e-liquidu i wydajnej atomizacji. W por\u00f3wnaniu z tradycyjnymi rezystorami, oferuje on drobniejsz\u0105 atomizacj\u0119, bogatszy smak i wi\u0119ksz\u0105 obj\u0119to\u015b\u0107 pary, zwi\u0119kszaj\u0105c wra\u017cenia u\u017cytkownika.<\/p><h2>Przyjazna dla \u015brodowiska konstrukcja z mo\u017cliwo\u015bci\u0105 wielokrotnego nape\u0142niania<\/h2><p>Posiada zintegrowan\u0105 bateri\u0119 550 mAh z szybkim \u0142adowaniem przez USB-C. Ta \u0142adowalna konstrukcja znacznie wyd\u0142u\u017ca jego \u017cywotno\u015b\u0107 i jest bardziej przyjazna dla \u015brodowiska ni\u017c urz\u0105dzenia jednorazowe, spe\u0142niaj\u0105c wymagania wsp\u00f3\u0142czesnych u\u017cytkownik\u00f3w w zakresie zr\u00f3wnowa\u017conego rozwoju.<\/p><p>Bang King 15000 Cotton Candy ma ergonomiczn\u0105 konstrukcj\u0119 i nowoczesny wygl\u0105d. Jego dotyk, tekstura i estetyka odzwierciedlaj\u0105 skupienie si\u0119 na do\u015bwiadczeniu u\u017cytkownika, \u0142\u0105cz\u0105c komfort i styl.<\/p><p>Pomimo zaawansowanych funkcji i du\u017cej pojemno\u015bci, Bang King 15000 Cotton Candy zachowuje kompaktow\u0105, przeno\u015bn\u0105 konstrukcj\u0119, kt\u00f3ra jest \u0142atwa do przenoszenia i odpowiednia dla ka\u017cdego stylu \u017cycia. Co wi\u0119cej, zosta\u0142 wykonany z wytrzyma\u0142ych materia\u0142\u00f3w, dzi\u0119ki czemu jest odporny na upadki i trwa\u0142y, gwarantuj\u0105c d\u0142ugotrwa\u0142e, stabilne u\u017cytkowanie.<\/p>\t\t\t\t\t\t\t\t<\/div>\n\t\t\t\t<\/div>\n\t\t\t\t\t<\/div>\n\t\t\t\t<\/div>\n\t\t\t\t<\/div>","protected":false},"excerpt":{"rendered":"<p>Prenez une bouff\u00e9e de la cigarette \u00e9lectronique Bang King 15000 Barbe \u00e0 papa et la r\u00e9sistance mesh chauffe une vapeur d\u00e9licate, telle une f\u00eate foraine miniature. Une l\u00e9g\u00e8re note sucr\u00e9e, telle la barbe \u00e0 papa rose d&rsquo;un parc d&rsquo;attractions parisien, se diffuse lentement entre votre nez et vos papilles. Note de t\u00eate\u00a0: Sucr\u00e9 et a\u00e9rien [&hellip;]<\/p>\n","protected":false},"featured_media":6239,"comment_status":"open","ping_status":"closed","template":"","meta":{"site-sidebar-layout":"no-sidebar","site-content-layout":"page-builder","ast-site-content-layout":"normal-width-container","site-content-style":"default","site-sidebar-style":"default","ast-global-header-display":"","ast-banner-title-visibility":"","ast-main-header-display":"","ast-hfb-above-header-display":"","ast-hfb-below-header-display":"","ast-hfb-mobile-header-display":"","site-post-title":"disabled","ast-breadcrumbs-content":"","ast-featured-img":"disabled","footer-sml-layout":"","ast-disable-related-posts":"","theme-transparent-header-meta":"default","adv-header-id-meta":"","stick-header-meta":"default","header-above-stick-meta":"","header-main-stick-meta":"","header-below-stick-meta":"","astra-migrate-meta-layouts":"set","ast-page-background-enabled":"default","ast-page-background-meta":{"desktop":{"background-color":"","background-image":"","background-repeat":"repeat","background-position":"center center","background-size":"auto","background-attachment":"scroll","background-type":"","background-media":"","overlay-type":"","overlay-color":"","overlay-opacity":"","overlay-gradient":""},"tablet":{"background-color":"","background-image":"","background-repeat":"repeat","background-position":"center center","background-size":"auto","background-attachment":"scroll","background-type":"","background-media":"","overlay-type":"","overlay-color":"","overlay-opacity":"","overlay-gradient":""},"mobile":{"background-color":"","background-image":"","background-repeat":"repeat","background-position":"center center","background-size":"auto","background-attachment":"scroll","background-type":"","background-media":"","overlay-type":"","overlay-color":"","overlay-opacity":"","overlay-gradient":""}},"ast-content-background-meta":{"desktop":{"background-color":"var(--ast-global-color-5)","background-image":"","background-repeat":"repeat","background-position":"center center","background-size":"auto","background-attachment":"scroll","background-type":"","background-media":"","overlay-type":"","overlay-color":"","overlay-opacity":"","overlay-gradient":""},"tablet":{"background-color":"var(--ast-global-color-5)","background-image":"","background-repeat":"repeat","background-position":"center center","background-size":"auto","background-attachment":"scroll","background-type":"","background-media":"","overlay-type":"","overlay-color":"","overlay-opacity":"","overlay-gradient":""},"mobile":{"background-color":"var(--ast-global-color-5)","background-image":"","background-repeat":"repeat","background-position":"center center","background-size":"auto","background-attachment":"scroll","background-type":"","background-media":"","overlay-type":"","overlay-color":"","overlay-opacity":"","overlay-gradient":""}}},"product_brand":[52],"product_cat":[56,80,15],"product_tag":[],"class_list":{"0":"post-6473","1":"product","2":"type-product","3":"status-publish","4":"has-post-thumbnail","6":"product_brand-bang-king","7":"product_cat-bang-king-15000-est-equipee-dune-resistance-mesh-nouvelle-generation","8":"product_cat-puff-15k","9":"product_cat-magasin-cigarette-electronique","10":"desktop-align-center","11":"tablet-align-center","12":"mobile-align-center","13":"ast-product-gallery-layout-horizontal","14":"ast-product-gallery-with-no-image","15":"ast-product-single-variable","16":"ast-product-tabs-layout-horizontal","17":"ast-qv-on-image","19":"first","20":"instock","21":"sale","22":"shipping-taxable","23":"purchasable","24":"product-type-variable","25":"has-default-attributes"},"tiered_pricing_type":"fixed","tiered_pricing_fixed_rules":{"50":6.05,"100":5.59},"tiered_pricing_product_settings":{"layout":"default","base_unit_name":{"singular":null,"plural":null},"default_variation":null},"tiered_pricing_minimum_quantity":null,"tiered_pricing_roles_data":[],"tiered_pricing_percentage_rules":[],"_links":{"self":[{"href":"https:\/\/puffvapestore.com\/pl\/wp-json\/wp\/v2\/product\/6473","targetHints":{"allow":["GET"]}}],"collection":[{"href":"https:\/\/puffvapestore.com\/pl\/wp-json\/wp\/v2\/product"}],"about":[{"href":"https:\/\/puffvapestore.com\/pl\/wp-json\/wp\/v2\/types\/product"}],"replies":[{"embeddable":true,"href":"https:\/\/puffvapestore.com\/pl\/wp-json\/wp\/v2\/comments?post=6473"}],"version-history":[{"count":6,"href":"https:\/\/puffvapestore.com\/pl\/wp-json\/wp\/v2\/product\/6473\/revisions"}],"predecessor-version":[{"id":6483,"href":"https:\/\/puffvapestore.com\/pl\/wp-json\/wp\/v2\/product\/6473\/revisions\/6483"}],"wp:featuredmedia":[{"embeddable":true,"href":"https:\/\/puffvapestore.com\/pl\/wp-json\/wp\/v2\/media\/6239"}],"wp:attachment":[{"href":"https:\/\/puffvapestore.com\/pl\/wp-json\/wp\/v2\/media?parent=6473"}],"wp:term":[{"taxonomy":"product_brand","embeddable":true,"href":"https:\/\/puffvapestore.com\/pl\/wp-json\/wp\/v2\/product_brand?post=6473"},{"taxonomy":"product_cat","embeddable":true,"href":"https:\/\/puffvapestore.com\/pl\/wp-json\/wp\/v2\/product_cat?post=6473"},{"taxonomy":"product_tag","embeddable":true,"href":"https:\/\/puffvapestore.com\/pl\/wp-json\/wp\/v2\/product_tag?post=6473"}],"curies":[{"name":"wp","href":"https:\/\/api.w.org\/{rel}","templated":true}]}}