{"id":6458,"date":"2025-08-05T05:55:26","date_gmt":"2025-08-05T05:55:26","guid":{"rendered":"https:\/\/puffvapestore.com\/?post_type=product&#038;p=6458"},"modified":"2026-01-19T10:52:38","modified_gmt":"2026-01-19T10:52:38","slug":"peach-mango-bang-king-15k-vous-offre-une-touche-de-soleil-tropical","status":"publish","type":"product","link":"https:\/\/puffvapestore.com\/pl\/product\/brzoskwiniowy-mango-bang-king-15k-daje-odrobine-tropikalnego-slonca\/","title":{"rendered":"Peach Mango - Bang King 15000"},"content":{"rendered":"<div data-elementor-type=\"wp-post\" data-elementor-id=\"6458\" class=\"elementor elementor-6458\">\n\t\t\t\t<div class=\"elementor-element elementor-element-08c26f9 e-flex e-con-boxed e-con e-parent\" data-id=\"08c26f9\" data-element_type=\"container\" data-e-type=\"container\">\n\t\t\t\t\t<div class=\"e-con-inner\">\n\t\t\t\t<div class=\"elementor-element elementor-element-a005a97 elementor-widget elementor-widget-text-editor\" data-id=\"a005a97\" data-element_type=\"widget\" data-e-type=\"widget\" data-widget_type=\"text-editor.default\">\n\t\t\t\t<div class=\"elementor-widget-container\">\n\t\t\t\t\t\t\t\t\t<p>Aromat Peach Mango od Bang King 15000 to doskona\u0142e po\u0142\u0105czenie tropikalnej s\u0142odyczy i francuskiej elegancji. Ju\u017c od pierwszego zaci\u0105gni\u0119cia na podniebieniu pojawia si\u0119 \u0142agodny aromat brzoskwini, a nast\u0119pnie bogaty smak mango, przynosz\u0105cy odrobin\u0119 tropikalnego s\u0142o\u0144ca.<\/p><p>Trzymaj\u0105c Bang King 15000 w d\u0142oni, zaci\u0105gasz si\u0119 delikatnie, wydychaj\u0105c k\u0142\u0105b dymu o s\u0142odkim aromacie brzoskwini i mango, kt\u00f3ry powoli si\u0119 rozprasza, zdaj\u0105c si\u0119 spowalnia\u0107 szalone tempo nowoczesnego miasta.<\/p><p>Charakterystyka brzoskwini: Podczas inhalacji pierwszym odczuciem jest s\u0142odki aromat dojrza\u0142ych, mi\u0119kkich, soczystych bia\u0142ych brzoskwi\u0144 o naturalnym owocowym smaku podobnym do mi\u0105\u017cszu \u015bwie\u017co \u015bci\u0119tych \u017c\u00f3\u0142tych lub bia\u0142ych brzoskwi\u0144.<\/p><p>Charakterystyka mango: Po aromacie brzoskwini powoli wy\u0142ania si\u0119 smak mango, przechodz\u0105cy w dojrza\u0142e mango Alphonso, o lekko mlecznej konsystencji i bogatym, s\u0142odkim aromacie owoc\u00f3w tropikalnych.<\/p><p>S\u0142odko-kwa\u015bna r\u00f3wnowaga: Smak mango ma lekk\u0105 kwaskowato\u015b\u0107, kt\u00f3ra r\u00f3wnowa\u017cy s\u0142odycz brzoskwini, dodaj\u0105c g\u0142\u0119bi smakowi bez monotonii.<\/p><h2>Du\u017ca pojemno\u015b\u0107 przechowywania e-cieczy<\/h2><p>Model Bang King 15000 jest wst\u0119pnie nape\u0142niony 25 ml wysokiej jako\u015bci e-liquidu nikotynowo-solnego, co jest rzadko\u015bci\u0105 w przypadku podobnych produkt\u00f3w. Zapewnia to d\u0142ug\u0105 \u017cywotno\u015b\u0107 i zmniejsza potrzeb\u0119 cz\u0119stej wymiany urz\u0105dzenia.<\/p><p>Ka\u017cdy e-papieros Bang King 15000 oferuje do 15 000 zaci\u0105gni\u0119\u0107, czyli znacznie wi\u0119cej ni\u017c wi\u0119kszo\u015b\u0107 jednorazowych papieros\u00f3w elektronicznych na rynku, co czyni go punktem odniesienia dla ultra-d\u0142ugiej autonomii.<\/p><h2>Dost\u0119pnych jest kilka dawek nikotyny<\/h2><p>Aby zaspokoi\u0107 preferencje u\u017cytkownik\u00f3w i potrzeby rzucenia palenia, Bang King 15000 jest dost\u0119pny w czterech mocach soli nikotyny: 0 %, 2 %, 3 % i 5 %. Niezale\u017cnie od tego, czy chcesz ca\u0142kowicie rzuci\u0107 palenie, czy zdecydowa\u0107 si\u0119 na wy\u017csz\u0105 dawk\u0119, z pewno\u015bci\u0105 znajdziesz idealn\u0105 opcj\u0119.<\/p><p>Ten e-papieros wykorzystuje rezystor siatkowy nowej generacji do r\u00f3wnomiernego podgrzewania e-liquidu i wydajnej atomizacji. W por\u00f3wnaniu z tradycyjnymi rezystorami, oferuje on drobniejsz\u0105 atomizacj\u0119, bogatszy smak i wi\u0119ksz\u0105 obj\u0119to\u015b\u0107 pary, zwi\u0119kszaj\u0105c wra\u017cenia u\u017cytkownika.<\/p><h2>Przyjazna dla \u015brodowiska konstrukcja z mo\u017cliwo\u015bci\u0105 wielokrotnego nape\u0142niania<\/h2><p>Posiada zintegrowan\u0105 bateri\u0119 550 mAh z szybkim \u0142adowaniem przez USB-C. Ta \u0142adowalna konstrukcja znacznie wyd\u0142u\u017ca jego \u017cywotno\u015b\u0107 i jest bardziej przyjazna dla \u015brodowiska ni\u017c urz\u0105dzenia jednorazowe, spe\u0142niaj\u0105c wymagania wsp\u00f3\u0142czesnych u\u017cytkownik\u00f3w w zakresie zr\u00f3wnowa\u017conego rozwoju.<\/p><p>Bang King 15000 ma ergonomiczn\u0105 konstrukcj\u0119 i nowoczesn\u0105 estetyk\u0119. Jego dotyk, tekstura i estetyka odzwierciedlaj\u0105 skupienie si\u0119 na do\u015bwiadczeniu u\u017cytkownika, \u0142\u0105cz\u0105c komfort i styl.<\/p><p>Pomimo zaawansowanych funkcji i du\u017cej pojemno\u015bci, Bang King 15000 zachowuje kompaktow\u0105, przeno\u015bn\u0105 konstrukcj\u0119, kt\u00f3ra jest \u0142atwa do przenoszenia i odpowiednia dla ka\u017cdego stylu \u017cycia. Co wi\u0119cej, zosta\u0142 wykonany z wytrzyma\u0142ych materia\u0142\u00f3w, dzi\u0119ki czemu jest odporny na upadki i trwa\u0142y, gwarantuj\u0105c d\u0142ugotrwa\u0142e, stabilne u\u017cytkowanie.<\/p>\t\t\t\t\t\t\t\t<\/div>\n\t\t\t\t<\/div>\n\t\t\t\t\t<\/div>\n\t\t\t\t<\/div>\n\t\t\t\t<\/div>","protected":false},"excerpt":{"rendered":"<p>La saveur P\u00eache Mangue du Bang King 15000 offre un m\u00e9lange parfait de douceur tropicale et d&rsquo;\u00e9l\u00e9gance fran\u00e7aise. D\u00e8s la premi\u00e8re bouff\u00e9e, l&rsquo;ar\u00f4me onctueux de la p\u00eache s&rsquo;\u00e9panouit en bouche, suivi d&rsquo;une riche saveur de mangue, apportant une touche de soleil tropical. En tenant le Bang King 15000 en main, vous prenez une l\u00e9g\u00e8re bouff\u00e9e, [&hellip;]<\/p>\n","protected":false},"featured_media":6245,"comment_status":"open","ping_status":"closed","template":"","meta":{"site-sidebar-layout":"no-sidebar","site-content-layout":"page-builder","ast-site-content-layout":"normal-width-container","site-content-style":"default","site-sidebar-style":"default","ast-global-header-display":"","ast-banner-title-visibility":"","ast-main-header-display":"","ast-hfb-above-header-display":"","ast-hfb-below-header-display":"","ast-hfb-mobile-header-display":"","site-post-title":"disabled","ast-breadcrumbs-content":"","ast-featured-img":"disabled","footer-sml-layout":"","ast-disable-related-posts":"","theme-transparent-header-meta":"default","adv-header-id-meta":"","stick-header-meta":"default","header-above-stick-meta":"","header-main-stick-meta":"","header-below-stick-meta":"","astra-migrate-meta-layouts":"set","ast-page-background-enabled":"default","ast-page-background-meta":{"desktop":{"background-color":"","background-image":"","background-repeat":"repeat","background-position":"center center","background-size":"auto","background-attachment":"scroll","background-type":"","background-media":"","overlay-type":"","overlay-color":"","overlay-opacity":"","overlay-gradient":""},"tablet":{"background-color":"","background-image":"","background-repeat":"repeat","background-position":"center center","background-size":"auto","background-attachment":"scroll","background-type":"","background-media":"","overlay-type":"","overlay-color":"","overlay-opacity":"","overlay-gradient":""},"mobile":{"background-color":"","background-image":"","background-repeat":"repeat","background-position":"center center","background-size":"auto","background-attachment":"scroll","background-type":"","background-media":"","overlay-type":"","overlay-color":"","overlay-opacity":"","overlay-gradient":""}},"ast-content-background-meta":{"desktop":{"background-color":"var(--ast-global-color-5)","background-image":"","background-repeat":"repeat","background-position":"center center","background-size":"auto","background-attachment":"scroll","background-type":"","background-media":"","overlay-type":"","overlay-color":"","overlay-opacity":"","overlay-gradient":""},"tablet":{"background-color":"var(--ast-global-color-5)","background-image":"","background-repeat":"repeat","background-position":"center center","background-size":"auto","background-attachment":"scroll","background-type":"","background-media":"","overlay-type":"","overlay-color":"","overlay-opacity":"","overlay-gradient":""},"mobile":{"background-color":"var(--ast-global-color-5)","background-image":"","background-repeat":"repeat","background-position":"center center","background-size":"auto","background-attachment":"scroll","background-type":"","background-media":"","overlay-type":"","overlay-color":"","overlay-opacity":"","overlay-gradient":""}}},"product_brand":[52],"product_cat":[56,80,15],"product_tag":[],"class_list":{"0":"post-6458","1":"product","2":"type-product","3":"status-publish","4":"has-post-thumbnail","6":"product_brand-bang-king","7":"product_cat-bang-king-15000-est-equipee-dune-resistance-mesh-nouvelle-generation","8":"product_cat-puff-15k","9":"product_cat-magasin-cigarette-electronique","10":"desktop-align-center","11":"tablet-align-center","12":"mobile-align-center","13":"ast-product-gallery-layout-horizontal","14":"ast-product-gallery-with-no-image","15":"ast-product-single-variable","16":"ast-product-tabs-layout-horizontal","17":"ast-qv-on-image","19":"first","20":"instock","21":"sale","22":"shipping-taxable","23":"purchasable","24":"product-type-variable","25":"has-default-attributes"},"tiered_pricing_type":"fixed","tiered_pricing_fixed_rules":{"50":6.05,"100":5.59},"tiered_pricing_product_settings":{"layout":"default","base_unit_name":{"singular":null,"plural":null},"default_variation":null},"tiered_pricing_minimum_quantity":null,"tiered_pricing_roles_data":[],"tiered_pricing_percentage_rules":[],"_links":{"self":[{"href":"https:\/\/puffvapestore.com\/pl\/wp-json\/wp\/v2\/product\/6458","targetHints":{"allow":["GET"]}}],"collection":[{"href":"https:\/\/puffvapestore.com\/pl\/wp-json\/wp\/v2\/product"}],"about":[{"href":"https:\/\/puffvapestore.com\/pl\/wp-json\/wp\/v2\/types\/product"}],"replies":[{"embeddable":true,"href":"https:\/\/puffvapestore.com\/pl\/wp-json\/wp\/v2\/comments?post=6458"}],"version-history":[{"count":6,"href":"https:\/\/puffvapestore.com\/pl\/wp-json\/wp\/v2\/product\/6458\/revisions"}],"predecessor-version":[{"id":6468,"href":"https:\/\/puffvapestore.com\/pl\/wp-json\/wp\/v2\/product\/6458\/revisions\/6468"}],"wp:featuredmedia":[{"embeddable":true,"href":"https:\/\/puffvapestore.com\/pl\/wp-json\/wp\/v2\/media\/6245"}],"wp:attachment":[{"href":"https:\/\/puffvapestore.com\/pl\/wp-json\/wp\/v2\/media?parent=6458"}],"wp:term":[{"taxonomy":"product_brand","embeddable":true,"href":"https:\/\/puffvapestore.com\/pl\/wp-json\/wp\/v2\/product_brand?post=6458"},{"taxonomy":"product_cat","embeddable":true,"href":"https:\/\/puffvapestore.com\/pl\/wp-json\/wp\/v2\/product_cat?post=6458"},{"taxonomy":"product_tag","embeddable":true,"href":"https:\/\/puffvapestore.com\/pl\/wp-json\/wp\/v2\/product_tag?post=6458"}],"curies":[{"name":"wp","href":"https:\/\/api.w.org\/{rel}","templated":true}]}}