{"id":6444,"date":"2025-08-05T03:52:26","date_gmt":"2025-08-05T03:52:26","guid":{"rendered":"https:\/\/puffvapestore.com\/?post_type=product&#038;p=6444"},"modified":"2026-01-19T10:52:39","modified_gmt":"2026-01-19T10:52:39","slug":"strawberry-watermelon-bang-king-15k-est-tres-populaire-parmi-les-fruitees","status":"publish","type":"product","link":"https:\/\/puffvapestore.com\/pl\/product\/truskawka-arbuz-bang-king-15k-jest-bardzo-popularna-wsrod-sadownikow\/","title":{"rendered":"Strawberry Watermelon - Bang King 15000"},"content":{"rendered":"<div data-elementor-type=\"wp-post\" data-elementor-id=\"6444\" class=\"elementor elementor-6444\">\n\t\t\t\t<div class=\"elementor-element elementor-element-08c26f9 e-flex e-con-boxed e-con e-parent\" data-id=\"08c26f9\" data-element_type=\"container\" data-e-type=\"container\">\n\t\t\t\t\t<div class=\"e-con-inner\">\n\t\t\t\t<div class=\"elementor-element elementor-element-a005a97 elementor-widget elementor-widget-text-editor\" data-id=\"a005a97\" data-element_type=\"widget\" data-e-type=\"widget\" data-widget_type=\"text-editor.default\">\n\t\t\t\t<div class=\"elementor-widget-container\">\n\t\t\t\t\t\t\t\t\t<p>Otworzy\u0142em e-papierosa Bang King 15000 o smaku truskawkowego arbuza i zaci\u0105gn\u0105\u0142em si\u0119 szybko. Szczerze m\u00f3wi\u0105c, pierwsze zaci\u0105gni\u0119cie by\u0142o niesamowite. Truskawkowa s\u0142odycz by\u0142a autentyczna, daleka od taniej s\u0142odyczy s\u0142odyczy, ale raczej aromat \u015bwie\u017co pokrojonego owocu, z sokiem wci\u0105\u017c obecnym w mi\u0105\u017cszu. Nast\u0119pnie pojawi\u0142 si\u0119 smak arbuza, oferuj\u0105c orze\u017awiaj\u0105cy i doskonale zbalansowany smak, dzi\u0119ki czemu puff nie by\u0142 mdl\u0105cy, a nawet lekko gasz\u0105cy pragnienie.<\/p><h2>Do 15 000 zaci\u0105gni\u0119\u0107<\/h2><p>Model Bang King 15000 Strawberry Watermelon s\u0142ynie z wysokiej wydajno\u015bci zaci\u0105gania si\u0119, oferuj\u0105c do 15 tys. zaci\u0105gni\u0119\u0107 na jednego papierosa elektronicznego. Jest to jeden z najd\u0142u\u017cej dzia\u0142aj\u0105cych jednorazowych papieros\u00f3w elektronicznych na rynku, znacznie zmniejszaj\u0105cy potrzeb\u0119 wymiany i zapewniaj\u0105cy u\u017cytkownikom przyjemne, d\u0142ugotrwa\u0142e wra\u017cenia.<\/p><p>Posiada wysokowydajn\u0105 bateri\u0119 litow\u0105 550 mAh z szybkim \u0142adowaniem przez USB-C, dzi\u0119ki czemu jest przyjazny dla \u015brodowiska. U\u017cytkownicy mog\u0105 wielokrotnie \u0142adowa\u0107 bateri\u0119 przez USB-C, zapewniaj\u0105c d\u0142ugi czas pracy, zanim sko\u0144czy si\u0119 e-liquid.<\/p><h2>Du\u017ca pojemno\u015b\u0107 25 ml<\/h2><p>Ka\u017cdy elektroniczny papieros Bang King 15000 Strawberry Watermelon jest fabrycznie nape\u0142niony 25 ml wysokiej jako\u015bci e-liquidu z sol\u0105 nikotynow\u0105, co jest pojemno\u015bci\u0105 niespotykan\u0105 w tej kategorii. Taka konstrukcja nie tylko wyd\u0142u\u017ca jego \u017cywotno\u015b\u0107, ale tak\u017ce zmniejsza potrzeb\u0119 cz\u0119stej wymiany.<\/p><h2>R\u00f3\u017cne dawki nikotyny - dostosowane do preferencji u\u017cytkownika<\/h2><p>Aby zaspokoi\u0107 potrzeby ka\u017cdego u\u017cytkownika, Bang King 15000 Strawberry Watermelon jest dost\u0119pny w czterech mocach soli nikotyny:<\/p><p>0 % (bez nikotyny)<\/p><p>2 % (\u015bwiat\u0142o)<\/p><p>3 % (\u015bredni)<\/p><p>5 % (mocny)<\/p><p>Ten elastyczny wyb\u00f3r umo\u017cliwia u\u017cytkownikom wyb\u00f3r zgodnie z ich planami rzucenia palenia lub ich nawykami.<\/p><h2>Technologia oporu siatki - czystsza dyfuzja aromat\u00f3w<\/h2><p>Model Bang King 15000 Strawberry Watermelon wykorzystuje zaawansowan\u0105 struktur\u0119 rezystora siatkowego, kt\u00f3ra zapewnia szybsze nagrzewanie i bardziej r\u00f3wnomierne rozprowadzanie ciep\u0142a. Maksymalizuje to rozprzestrzenianie si\u0119 smak\u00f3w e-liquidu, gwarantuj\u0105c g\u0142adkie, bogate doznania i g\u0142\u0119bokie, bogate uderzenie przy ka\u017cdym zaci\u0105gni\u0119ciu.<\/p><p>Ten elektroniczny papieros ma eleganck\u0105, ergonomiczn\u0105 konstrukcj\u0119, kt\u00f3ra wygodnie mie\u015bci si\u0119 w d\u0142oni, zapewniaj\u0105c niem\u0119cz\u0105ce u\u017cytkowanie nawet po d\u0142ugim czasie. Jego solidna konstrukcja i mi\u0119kko\u015b\u0107 w dotyku, w po\u0142\u0105czeniu z minimalistycznym, nowoczesnym designem, sprawiaj\u0105, \u017ce nadaje si\u0119 do szerokiej gamy zastosowa\u0144.<\/p><h2>Przeno\u015bny i trwa\u0142y - mo\u017cliwo\u015b\u0107 palenia w dowolnym miejscu i czasie<\/h2><p>Pomimo du\u017cej pojemno\u015bci, Bang King 15000 Strawberry Watermelon zachowuje kompaktowy format dla optymalnej przeno\u015bno\u015bci, \u0142atwo wsuwaj\u0105c si\u0119 do kieszeni lub torby. Jego solidna konstrukcja jest odporna na codzienne uderzenia i zu\u017cycie, dzi\u0119ki czemu idealnie nadaje si\u0119 do codziennego u\u017cytku, w podr\u00f3\u017cy lub w podr\u00f3\u017cy.<\/p>\t\t\t\t\t\t\t\t<\/div>\n\t\t\t\t<\/div>\n\t\t\t\t\t<\/div>\n\t\t\t\t<\/div>\n\t\t\t\t<\/div>","protected":false},"excerpt":{"rendered":"<p>J&rsquo;ai ouvert cette e-cigarette Bang King 15000 saveur Fraise Past\u00e8que et j&rsquo;ai tir\u00e9 une petite bouff\u00e9e. Honn\u00eatement, la premi\u00e8re bouff\u00e9e \u00e9tait incroyable. La douceur de la fraise \u00e9tait authentique, loin de la douceur bon march\u00e9 d&rsquo;un bonbon, mais plut\u00f4t l&rsquo;ar\u00f4me d&rsquo;un fruit fra\u00eechement coup\u00e9, avec le jus encore pr\u00e9sent \u00e0 la chair. La saveur de [&hellip;]<\/p>\n","protected":false},"featured_media":6250,"comment_status":"open","ping_status":"closed","template":"","meta":{"site-sidebar-layout":"no-sidebar","site-content-layout":"page-builder","ast-site-content-layout":"normal-width-container","site-content-style":"default","site-sidebar-style":"default","ast-global-header-display":"","ast-banner-title-visibility":"","ast-main-header-display":"","ast-hfb-above-header-display":"","ast-hfb-below-header-display":"","ast-hfb-mobile-header-display":"","site-post-title":"disabled","ast-breadcrumbs-content":"","ast-featured-img":"disabled","footer-sml-layout":"","ast-disable-related-posts":"","theme-transparent-header-meta":"default","adv-header-id-meta":"","stick-header-meta":"default","header-above-stick-meta":"","header-main-stick-meta":"","header-below-stick-meta":"","astra-migrate-meta-layouts":"set","ast-page-background-enabled":"default","ast-page-background-meta":{"desktop":{"background-color":"","background-image":"","background-repeat":"repeat","background-position":"center center","background-size":"auto","background-attachment":"scroll","background-type":"","background-media":"","overlay-type":"","overlay-color":"","overlay-opacity":"","overlay-gradient":""},"tablet":{"background-color":"","background-image":"","background-repeat":"repeat","background-position":"center center","background-size":"auto","background-attachment":"scroll","background-type":"","background-media":"","overlay-type":"","overlay-color":"","overlay-opacity":"","overlay-gradient":""},"mobile":{"background-color":"","background-image":"","background-repeat":"repeat","background-position":"center center","background-size":"auto","background-attachment":"scroll","background-type":"","background-media":"","overlay-type":"","overlay-color":"","overlay-opacity":"","overlay-gradient":""}},"ast-content-background-meta":{"desktop":{"background-color":"var(--ast-global-color-5)","background-image":"","background-repeat":"repeat","background-position":"center center","background-size":"auto","background-attachment":"scroll","background-type":"","background-media":"","overlay-type":"","overlay-color":"","overlay-opacity":"","overlay-gradient":""},"tablet":{"background-color":"var(--ast-global-color-5)","background-image":"","background-repeat":"repeat","background-position":"center center","background-size":"auto","background-attachment":"scroll","background-type":"","background-media":"","overlay-type":"","overlay-color":"","overlay-opacity":"","overlay-gradient":""},"mobile":{"background-color":"var(--ast-global-color-5)","background-image":"","background-repeat":"repeat","background-position":"center center","background-size":"auto","background-attachment":"scroll","background-type":"","background-media":"","overlay-type":"","overlay-color":"","overlay-opacity":"","overlay-gradient":""}}},"product_brand":[52],"product_cat":[56,80,15],"product_tag":[],"class_list":{"0":"post-6444","1":"product","2":"type-product","3":"status-publish","4":"has-post-thumbnail","6":"product_brand-bang-king","7":"product_cat-bang-king-15000-est-equipee-dune-resistance-mesh-nouvelle-generation","8":"product_cat-puff-15k","9":"product_cat-magasin-cigarette-electronique","10":"desktop-align-center","11":"tablet-align-center","12":"mobile-align-center","13":"ast-product-gallery-layout-horizontal","14":"ast-product-gallery-with-no-image","15":"ast-product-single-variable","16":"ast-product-tabs-layout-horizontal","17":"ast-qv-on-image","19":"first","20":"instock","21":"sale","22":"shipping-taxable","23":"purchasable","24":"product-type-variable","25":"has-default-attributes"},"tiered_pricing_type":"fixed","tiered_pricing_fixed_rules":{"50":6.05,"100":5.59},"tiered_pricing_product_settings":{"layout":"default","base_unit_name":{"singular":null,"plural":null},"default_variation":null},"tiered_pricing_minimum_quantity":null,"tiered_pricing_roles_data":[],"tiered_pricing_percentage_rules":[],"_links":{"self":[{"href":"https:\/\/puffvapestore.com\/pl\/wp-json\/wp\/v2\/product\/6444","targetHints":{"allow":["GET"]}}],"collection":[{"href":"https:\/\/puffvapestore.com\/pl\/wp-json\/wp\/v2\/product"}],"about":[{"href":"https:\/\/puffvapestore.com\/pl\/wp-json\/wp\/v2\/types\/product"}],"replies":[{"embeddable":true,"href":"https:\/\/puffvapestore.com\/pl\/wp-json\/wp\/v2\/comments?post=6444"}],"version-history":[{"count":6,"href":"https:\/\/puffvapestore.com\/pl\/wp-json\/wp\/v2\/product\/6444\/revisions"}],"predecessor-version":[{"id":6454,"href":"https:\/\/puffvapestore.com\/pl\/wp-json\/wp\/v2\/product\/6444\/revisions\/6454"}],"wp:featuredmedia":[{"embeddable":true,"href":"https:\/\/puffvapestore.com\/pl\/wp-json\/wp\/v2\/media\/6250"}],"wp:attachment":[{"href":"https:\/\/puffvapestore.com\/pl\/wp-json\/wp\/v2\/media?parent=6444"}],"wp:term":[{"taxonomy":"product_brand","embeddable":true,"href":"https:\/\/puffvapestore.com\/pl\/wp-json\/wp\/v2\/product_brand?post=6444"},{"taxonomy":"product_cat","embeddable":true,"href":"https:\/\/puffvapestore.com\/pl\/wp-json\/wp\/v2\/product_cat?post=6444"},{"taxonomy":"product_tag","embeddable":true,"href":"https:\/\/puffvapestore.com\/pl\/wp-json\/wp\/v2\/product_tag?post=6444"}],"curies":[{"name":"wp","href":"https:\/\/api.w.org\/{rel}","templated":true}]}}