{"id":6433,"date":"2025-08-09T07:46:38","date_gmt":"2025-08-09T07:46:38","guid":{"rendered":"https:\/\/puffvapestore.com\/?post_type=product&#038;p=6433"},"modified":"2026-01-19T10:52:39","modified_gmt":"2026-01-19T10:52:39","slug":"blue-razz-ice-bang-king-15000-offre-une-sensation-rafraichissante","status":"publish","type":"product","link":"https:\/\/puffvapestore.com\/pl\/product\/blue-razz-ice-bang-king-15000-zapewnia-orzezwiajace-doznania\/","title":{"rendered":"Blue Razz Ice - Bang King 15000"},"content":{"rendered":"<div data-elementor-type=\"wp-post\" data-elementor-id=\"6433\" class=\"elementor elementor-6433\">\n\t\t\t\t<div class=\"elementor-element elementor-element-08c26f9 e-flex e-con-boxed e-con e-parent\" data-id=\"08c26f9\" data-element_type=\"container\" data-e-type=\"container\">\n\t\t\t\t\t<div class=\"e-con-inner\">\n\t\t\t\t<div class=\"elementor-element elementor-element-a005a97 elementor-widget elementor-widget-text-editor\" data-id=\"a005a97\" data-element_type=\"widget\" data-e-type=\"widget\" data-widget_type=\"text-editor.default\">\n\t\t\t\t<div class=\"elementor-widget-container\">\n\t\t\t\t\t\t\t\t\t<p>Bang King 15000 Blue Razz Ice to bardzo popularny jednorazowy papieros elektroniczny, oferuj\u0105cy orze\u017awiaj\u0105co s\u0142odkie, pikantne i lodowe doznania.<\/p><h2>G\u0142\u00f3wny smak : Blue Razz<\/h2><p>Mocna s\u0142odycz: Blue Razz to mieszanka jag\u00f3d i malin o bogatym, owocowym aromacie. Dym daje soczyste, s\u0142odkie i lodowate uczucie, jak \u015bwie\u017ce owoce eksploduj\u0105ce w ustach.<\/p><p>S\u0142odki i cierpki: W przeciwie\u0144stwie do czystej bor\u00f3wki lub maliny, Blue Razz jest wyj\u0105tkowy w swojej delikatnej r\u00f3wnowadze s\u0142odyczy i cierpko\u015bci, nie b\u0119d\u0105c przyt\u0142aczaj\u0105cym ani monotonnym. Lekka kwaskowato\u015b\u0107 pobudza kubki smakowe i dodaje odrobin\u0119 g\u0142\u0119bi.<\/p><h2>Ch\u0142odzenie \u00abIce\u00bb:<\/h2><p>\u015awie\u017ca baza mentolowa: \u00abIce\u00bb oznacza dodatek \u015brodka od\u015bwie\u017caj\u0105cego (podobnego do mentolu), zapewniaj\u0105cego odczuwalne uczucie \u015bwie\u017co\u015bci, kt\u00f3re przenika do gard\u0142a mi\u0119dzy wdechem a wydechem.<\/p><p>D\u0142ugotrwa\u0142a s\u0142odycz: Po zaci\u0105gni\u0119ciu si\u0119, lekka s\u0142odycz i zapach utrzymuj\u0105 si\u0119 u nasady j\u0119zyka i w gardle, pozostawiaj\u0105c przyjemne uczucie \u015bwie\u017co\u015bci w ustach przez kr\u00f3tki czas.<\/p><h2>Do 15 000 zaci\u0105gni\u0119\u0107<\/h2><p>Model Bang King 15000 Blue Razz Ice s\u0142ynie z wysokiej wydajno\u015bci zaci\u0105gania si\u0119, oferuj\u0105c do 15 tys. zaci\u0105gni\u0119\u0107 na jednego papierosa elektronicznego. Jest to jeden z najd\u0142u\u017cej dzia\u0142aj\u0105cych jednorazowych papieros\u00f3w elektronicznych na rynku, znacznie zmniejszaj\u0105cy potrzeb\u0119 wymiany i zapewniaj\u0105cy u\u017cytkownikom przyjemne, d\u0142ugotrwa\u0142e wra\u017cenia.<\/p><p>Posiada wysokowydajn\u0105 bateri\u0119 litow\u0105 550 mAh z szybkim \u0142adowaniem przez USB-C, dzi\u0119ki czemu jest przyjazny dla \u015brodowiska. U\u017cytkownicy mog\u0105 wielokrotnie \u0142adowa\u0107 bateri\u0119 przez USB-C, zapewniaj\u0105c d\u0142ugi czas pracy, zanim sko\u0144czy si\u0119 e-liquid.<\/p><h2>Du\u017ca pojemno\u015b\u0107 25 ml<\/h2><p>Ka\u017cdy papieros elektroniczny Bang King 15000 Blue Razz Ice jest wst\u0119pnie nape\u0142niony 25 ml wysokiej jako\u015bci e-liquidu solonego nikotyn\u0105, co jest pojemno\u015bci\u0105 niespotykan\u0105 w tej kategorii. Taka konstrukcja nie tylko wyd\u0142u\u017ca jego \u017cywotno\u015b\u0107, ale tak\u017ce zmniejsza potrzeb\u0119 cz\u0119stej wymiany.<\/p><h2>R\u00f3\u017cne dawki nikotyny - dostosowane do preferencji u\u017cytkownika<\/h2><p>Aby zaspokoi\u0107 potrzeby ka\u017cdego u\u017cytkownika, Bang King 15000 oferuje cztery dawki soli nikotyny:<\/p><p>0 % (bez nikotyny)<\/p><p>2 % (\u015bwiat\u0142o)<\/p><p>3 % (\u015bredni)<\/p><p>5 % (mocny)<\/p><p>Ten elastyczny wyb\u00f3r umo\u017cliwia u\u017cytkownikom wyb\u00f3r zgodnie z ich planami rzucenia palenia lub ich nawykami.<\/p><h2>Technologia oporu siatki - czystsza dyfuzja aromat\u00f3w<\/h2><p>Model Bang King 15000 Blue Razz Ice wykorzystuje zaawansowan\u0105 siatkow\u0105 struktur\u0119 oporow\u0105, kt\u00f3ra zapewnia szybsze nagrzewanie i bardziej r\u00f3wnomierne rozprowadzanie ciep\u0142a. Maksymalizuje to rozprzestrzenianie si\u0119 smak\u00f3w e-liquidu, gwarantuj\u0105c g\u0142adkie, bogate doznania i g\u0142\u0119bokie, bogate uderzenie przy ka\u017cdym zaci\u0105gni\u0119ciu.<\/p><p>Ten elektroniczny papieros ma eleganck\u0105, ergonomiczn\u0105 konstrukcj\u0119, kt\u00f3ra wygodnie mie\u015bci si\u0119 w d\u0142oni, zapewniaj\u0105c niem\u0119cz\u0105ce u\u017cytkowanie nawet po d\u0142ugim czasie. Jego solidna konstrukcja i mi\u0119kko\u015b\u0107 w dotyku, w po\u0142\u0105czeniu z minimalistycznym, nowoczesnym designem, sprawiaj\u0105, \u017ce nadaje si\u0119 do szerokiej gamy zastosowa\u0144.<\/p><h2>Przeno\u015bny i trwa\u0142y - mo\u017cliwo\u015b\u0107 palenia w dowolnym miejscu i czasie<\/h2><p>Pomimo du\u017cej pojemno\u015bci, Bang King 15000 Blue Razz Ice zachowuje kompaktowy format dla optymalnej przeno\u015bno\u015bci, \u0142atwo wsuwaj\u0105c si\u0119 do kieszeni lub torby. Jego solidna konstrukcja skutecznie opiera si\u0119 codziennym uderzeniom i zu\u017cyciu, dzi\u0119ki czemu idealnie nadaje si\u0119 do codziennego u\u017cytku, w podr\u00f3\u017cy lub w podr\u00f3\u017cy.<\/p>\t\t\t\t\t\t\t\t<\/div>\n\t\t\t\t<\/div>\n\t\t\t\t\t<\/div>\n\t\t\t\t<\/div>\n\t\t\t\t<\/div>","protected":false},"excerpt":{"rendered":"<p>La Bang King 15000 Blue Razz Ice est une cigarette \u00e9lectronique jetable tr\u00e8s populaire, offrant une sensation rafra\u00eechissante, sucr\u00e9e, acidul\u00e9e et glac\u00e9e. Ar\u00f4me principal\u00a0: Blue Razz Forte douceur\u00a0: Blue Razz est un m\u00e9lange de myrtille et de framboise, avec un ar\u00f4me riche et fruit\u00e9. La fum\u00e9e procure une sensation juteuse, sucr\u00e9e et glac\u00e9e, comme si [&hellip;]<\/p>\n","protected":false},"featured_media":6236,"comment_status":"open","ping_status":"closed","template":"","meta":{"site-sidebar-layout":"no-sidebar","site-content-layout":"page-builder","ast-site-content-layout":"normal-width-container","site-content-style":"default","site-sidebar-style":"default","ast-global-header-display":"","ast-banner-title-visibility":"","ast-main-header-display":"","ast-hfb-above-header-display":"","ast-hfb-below-header-display":"","ast-hfb-mobile-header-display":"","site-post-title":"disabled","ast-breadcrumbs-content":"","ast-featured-img":"disabled","footer-sml-layout":"","ast-disable-related-posts":"","theme-transparent-header-meta":"default","adv-header-id-meta":"","stick-header-meta":"default","header-above-stick-meta":"","header-main-stick-meta":"","header-below-stick-meta":"","astra-migrate-meta-layouts":"set","ast-page-background-enabled":"default","ast-page-background-meta":{"desktop":{"background-color":"","background-image":"","background-repeat":"repeat","background-position":"center center","background-size":"auto","background-attachment":"scroll","background-type":"","background-media":"","overlay-type":"","overlay-color":"","overlay-opacity":"","overlay-gradient":""},"tablet":{"background-color":"","background-image":"","background-repeat":"repeat","background-position":"center center","background-size":"auto","background-attachment":"scroll","background-type":"","background-media":"","overlay-type":"","overlay-color":"","overlay-opacity":"","overlay-gradient":""},"mobile":{"background-color":"","background-image":"","background-repeat":"repeat","background-position":"center center","background-size":"auto","background-attachment":"scroll","background-type":"","background-media":"","overlay-type":"","overlay-color":"","overlay-opacity":"","overlay-gradient":""}},"ast-content-background-meta":{"desktop":{"background-color":"var(--ast-global-color-5)","background-image":"","background-repeat":"repeat","background-position":"center center","background-size":"auto","background-attachment":"scroll","background-type":"","background-media":"","overlay-type":"","overlay-color":"","overlay-opacity":"","overlay-gradient":""},"tablet":{"background-color":"var(--ast-global-color-5)","background-image":"","background-repeat":"repeat","background-position":"center center","background-size":"auto","background-attachment":"scroll","background-type":"","background-media":"","overlay-type":"","overlay-color":"","overlay-opacity":"","overlay-gradient":""},"mobile":{"background-color":"var(--ast-global-color-5)","background-image":"","background-repeat":"repeat","background-position":"center center","background-size":"auto","background-attachment":"scroll","background-type":"","background-media":"","overlay-type":"","overlay-color":"","overlay-opacity":"","overlay-gradient":""}}},"product_brand":[52],"product_cat":[56,80,15],"product_tag":[],"class_list":{"0":"post-6433","1":"product","2":"type-product","3":"status-publish","4":"has-post-thumbnail","6":"product_brand-bang-king","7":"product_cat-bang-king-15000-est-equipee-dune-resistance-mesh-nouvelle-generation","8":"product_cat-puff-15k","9":"product_cat-magasin-cigarette-electronique","10":"desktop-align-center","11":"tablet-align-center","12":"mobile-align-center","13":"ast-product-gallery-layout-horizontal","14":"ast-product-gallery-with-no-image","15":"ast-product-single-variable","16":"ast-product-tabs-layout-horizontal","17":"ast-qv-on-image","19":"first","20":"instock","21":"sale","22":"shipping-taxable","23":"purchasable","24":"product-type-variable","25":"has-default-attributes"},"tiered_pricing_type":"fixed","tiered_pricing_fixed_rules":{"50":6.05,"100":5.59},"tiered_pricing_product_settings":{"layout":"default","base_unit_name":{"singular":null,"plural":null},"default_variation":null},"tiered_pricing_minimum_quantity":null,"tiered_pricing_roles_data":[],"tiered_pricing_percentage_rules":[],"_links":{"self":[{"href":"https:\/\/puffvapestore.com\/pl\/wp-json\/wp\/v2\/product\/6433","targetHints":{"allow":["GET"]}}],"collection":[{"href":"https:\/\/puffvapestore.com\/pl\/wp-json\/wp\/v2\/product"}],"about":[{"href":"https:\/\/puffvapestore.com\/pl\/wp-json\/wp\/v2\/types\/product"}],"replies":[{"embeddable":true,"href":"https:\/\/puffvapestore.com\/pl\/wp-json\/wp\/v2\/comments?post=6433"}],"version-history":[{"count":7,"href":"https:\/\/puffvapestore.com\/pl\/wp-json\/wp\/v2\/product\/6433\/revisions"}],"predecessor-version":[{"id":6634,"href":"https:\/\/puffvapestore.com\/pl\/wp-json\/wp\/v2\/product\/6433\/revisions\/6634"}],"wp:featuredmedia":[{"embeddable":true,"href":"https:\/\/puffvapestore.com\/pl\/wp-json\/wp\/v2\/media\/6236"}],"wp:attachment":[{"href":"https:\/\/puffvapestore.com\/pl\/wp-json\/wp\/v2\/media?parent=6433"}],"wp:term":[{"taxonomy":"product_brand","embeddable":true,"href":"https:\/\/puffvapestore.com\/pl\/wp-json\/wp\/v2\/product_brand?post=6433"},{"taxonomy":"product_cat","embeddable":true,"href":"https:\/\/puffvapestore.com\/pl\/wp-json\/wp\/v2\/product_cat?post=6433"},{"taxonomy":"product_tag","embeddable":true,"href":"https:\/\/puffvapestore.com\/pl\/wp-json\/wp\/v2\/product_tag?post=6433"}],"curies":[{"name":"wp","href":"https:\/\/api.w.org\/{rel}","templated":true}]}}