{"id":6396,"date":"2025-08-09T02:17:23","date_gmt":"2025-08-09T02:17:23","guid":{"rendered":"https:\/\/puffvapestore.com\/?post_type=product&#038;p=6396"},"modified":"2026-01-19T10:52:39","modified_gmt":"2026-01-19T10:52:39","slug":"bang-king-15000-strawberry-yogurt-offre-une-double-saveur","status":"publish","type":"product","link":"https:\/\/puffvapestore.com\/pl\/product\/jogurt-truskawkowy-bang-king-15000-oferuje-podwojny-smak\/","title":{"rendered":"Bang King 15000 - Jogurt truskawkowy"},"content":{"rendered":"<div data-elementor-type=\"wp-post\" data-elementor-id=\"6396\" class=\"elementor elementor-6396\">\n\t\t\t\t<div class=\"elementor-element elementor-element-08c26f9 e-flex e-con-boxed e-con e-parent\" data-id=\"08c26f9\" data-element_type=\"container\" data-e-type=\"container\">\n\t\t\t\t\t<div class=\"e-con-inner\">\n\t\t\t\t<div class=\"elementor-element elementor-element-a005a97 elementor-widget elementor-widget-text-editor\" data-id=\"a005a97\" data-element_type=\"widget\" data-e-type=\"widget\" data-widget_type=\"text-editor.default\">\n\t\t\t\t<div class=\"elementor-widget-container\">\n\t\t\t\t\t\t\t\t\t<p>Bang King 15000 Strawberry Yoghurt to jednorazowy papieros elektroniczny o smaku jogurtu truskawkowego. Ten truskawkowo-jogurtowy smak \u0142\u0105czy w sobie \u015bwie\u017ce owoce i mleczne nuty, zapewniaj\u0105c g\u0142adkie, z\u0142o\u017cone doznania.<\/p><h2>Truskawka<\/h2><p>Pocz\u0105tkowa nuta to bogaty, dojrza\u0142y aromat truskawkowy, lekko s\u0142odki, przypominaj\u0105cy \u015bwie\u017cy d\u017cem truskawkowy, a nie sztuczn\u0105 truskawk\u0119 przypominaj\u0105c\u0105 s\u0142odycze.<\/p><p>Para wydziela lekk\u0105 owocow\u0105 kwaskowato\u015b\u0107, ale nie jest agresywna, co wzmacnia owocowy smak, podobnie jak ugryzienie dojrza\u0142ej truskawki i delektowanie si\u0119 sokiem.<\/p><p>Smak truskawkowy jest naturalny i orze\u017awiaj\u0105cy, nie jest przyt\u0142aczaj\u0105cy ani ostry i oferuje bardziej autentyczn\u0105 owocow\u0105 nut\u0119.<\/p><h2>Jogurt<\/h2><p>Nuty \u015brodkowe i bazowe oferuj\u0105 kremowo-mleczny aromat i lekko pikantny smak, na\u015bladuj\u0105cy smak zwyk\u0142ego jogurtu.<\/p><p>Porcja jogurtu nie jest ci\u0119\u017cka, ale raczej lekka i kremowa, bardziej przypominaj\u0105ca nap\u00f3j jogurtowy ni\u017c g\u0119sty jogurt grecki.<\/p><p>S\u0142odycz jest umiarkowana, ale nie mdl\u0105ca, a og\u00f3lne wra\u017cenie jest raczej \u00aborze\u017awiaj\u0105ce i mleczne\u00bb ni\u017c \u00abs\u0142odkie i ci\u0119\u017ckie\u00bb.<\/p><h2>Specyfikacje dla Bang King 15000 Strawberry Yogurt<\/h2><p>Zaci\u0105gni\u0119cia: Ka\u017cdy papieros elektroniczny Bang King 15000 Strawberry Yogurt mo\u017ce pomie\u015bci\u0107 do 15 000 zaci\u0105gni\u0119\u0107.<\/p><p>Wbudowana bateria: ok. 550 mAh, \u0142adowana przez port USB-C.<\/p><p>Wst\u0119pnie nape\u0142niony e-liquid: pojemno\u015b\u0107 ok. 25 ml.<\/p><p>Typ rezystora: Rezystor siatkowy zapewniaj\u0105cy r\u00f3wnomierne rozpylanie i stabilne ogrzewanie.<\/p><h2>Dost\u0119pnych jest kilka dawek nikotyny.<\/h2><p>Bang King 15000 Strawberry Yogurt jest dost\u0119pny w czterech mocach soli nikotyny: 0 %, 2 %, 3 % i 5 %, aby zaspokoi\u0107 potrzeby ka\u017cdego u\u017cytkownika. Niezale\u017cnie od tego, czy chcesz ca\u0142kowicie unikn\u0105\u0107 nikotyny, czy wolisz bardziej intensywne doznania, znajdziesz dawk\u0119 odpowiedni\u0105 dla siebie. Ta elastyczno\u015b\u0107 pozwala u\u017cytkownikom dostosowa\u0107 spo\u017cycie nikotyny do ich osobistych potrzeb lub stopniowo je zmniejsza\u0107, aby uzyska\u0107 spersonalizowane wra\u017cenia.<\/p><h2>Przeno\u015bna i trwa\u0142a konstrukcja<\/h2><p>Ten elektroniczny papieros ma przeno\u015bn\u0105 konstrukcj\u0119 i lekki korpus, dzi\u0119ki czemu jest \u0142atwy do przenoszenia. Niezale\u017cnie od tego, czy chodzi o dojazdy do pracy, czy d\u0142ugie podr\u00f3\u017ce, \u0142atwo mie\u015bci si\u0119 w kieszeni lub plecaku. Obudowa modelu Bang King 15000 zosta\u0142a wykonana ze starannie dobranych materia\u0142\u00f3w, dzi\u0119ki czemu ma wytrzyma\u0142\u0105 konstrukcj\u0119, kt\u00f3ra jest odporna na wstrz\u0105sy i zu\u017cycie podczas codziennego u\u017cytkowania, zapewniaj\u0105c d\u0142ugotrwa\u0142\u0105 niezawodno\u015b\u0107.<\/p><h2>Przyjazna dla \u015brodowiska konstrukcja wielokrotnego nape\u0142niania<\/h2><p>Bang King 15000 Strawberry Yogurt jest wyposa\u017cony w port szybkiego \u0142adowania typu C, gwarantuj\u0105cy szybkie \u0142adowanie i kompatybilno\u015b\u0107 z nowoczesnymi urz\u0105dzeniami elektronicznymi. Pozwala to u\u017cytkownikom na \u0142adowanie urz\u0105dzenia w dowolnym miejscu i czasie. W por\u00f3wnaniu z tradycyjnymi jednorazowymi papierosami elektronicznymi, ta \u0142adowalna konstrukcja znacznie zmniejsza ilo\u015b\u0107 odpad\u00f3w i wyd\u0142u\u017ca \u017cywotno\u015b\u0107 urz\u0105dzenia, szanuj\u0105c w ten spos\u00f3b zasady ochrony \u015brodowiska i przyczyniaj\u0105c si\u0119 do zr\u00f3wnowa\u017conego rozwoju.<\/p><h2>Regulowany przep\u0142yw powietrza<\/h2><p>Elektroniczny papieros posiada regulowany system przep\u0142ywu powietrza, pozwalaj\u0105cy u\u017cytkownikom na swobodne dostosowanie oporu wdechu do swoich preferencji, od mocnego wdechu do lekkiego.<\/p><h2>Elegancka, ergonomiczna konstrukcja<\/h2><p>Bang King 15000 k\u0142adzie nacisk na funkcjonalno\u015b\u0107 i mo\u017ce pochwali\u0107 si\u0119 nowoczesnym wzornictwem o czystych liniach i r\u00f3\u017cnych kolorach, aby dopasowa\u0107 si\u0119 do preferencji estetycznych ka\u017cdego u\u017cytkownika. Ergonomiczna konstrukcja zapewnia wygodny chwyt i niem\u0119cz\u0105ce u\u017cytkowanie nawet po d\u0142ugim czasie.<\/p>\t\t\t\t\t\t\t\t<\/div>\n\t\t\t\t<\/div>\n\t\t\t\t\t<\/div>\n\t\t\t\t<\/div>\n\t\t\t\t<\/div>","protected":false},"excerpt":{"rendered":"<p>Le Bang King 15000 Yaourt \u00e0 la Fraise est une cigarette \u00e9lectronique jetable au go\u00fbt de yaourt \u00e0 la fraise. Ce go\u00fbt de yaourt \u00e0 la fraise allie fruits frais et notes lact\u00e9es pour une exp\u00e9rience onctueuse et complexe. Fraise La note de d\u00e9part est un ar\u00f4me riche et m\u00fbr de fraise, l\u00e9g\u00e8rement sucr\u00e9, rappelant [&hellip;]<\/p>\n","protected":false},"featured_media":6251,"comment_status":"open","ping_status":"closed","template":"","meta":{"site-sidebar-layout":"no-sidebar","site-content-layout":"page-builder","ast-site-content-layout":"normal-width-container","site-content-style":"default","site-sidebar-style":"default","ast-global-header-display":"","ast-banner-title-visibility":"","ast-main-header-display":"","ast-hfb-above-header-display":"","ast-hfb-below-header-display":"","ast-hfb-mobile-header-display":"","site-post-title":"disabled","ast-breadcrumbs-content":"","ast-featured-img":"disabled","footer-sml-layout":"","ast-disable-related-posts":"","theme-transparent-header-meta":"default","adv-header-id-meta":"","stick-header-meta":"default","header-above-stick-meta":"","header-main-stick-meta":"","header-below-stick-meta":"","astra-migrate-meta-layouts":"set","ast-page-background-enabled":"default","ast-page-background-meta":{"desktop":{"background-color":"","background-image":"","background-repeat":"repeat","background-position":"center center","background-size":"auto","background-attachment":"scroll","background-type":"","background-media":"","overlay-type":"","overlay-color":"","overlay-opacity":"","overlay-gradient":""},"tablet":{"background-color":"","background-image":"","background-repeat":"repeat","background-position":"center center","background-size":"auto","background-attachment":"scroll","background-type":"","background-media":"","overlay-type":"","overlay-color":"","overlay-opacity":"","overlay-gradient":""},"mobile":{"background-color":"","background-image":"","background-repeat":"repeat","background-position":"center center","background-size":"auto","background-attachment":"scroll","background-type":"","background-media":"","overlay-type":"","overlay-color":"","overlay-opacity":"","overlay-gradient":""}},"ast-content-background-meta":{"desktop":{"background-color":"var(--ast-global-color-5)","background-image":"","background-repeat":"repeat","background-position":"center center","background-size":"auto","background-attachment":"scroll","background-type":"","background-media":"","overlay-type":"","overlay-color":"","overlay-opacity":"","overlay-gradient":""},"tablet":{"background-color":"var(--ast-global-color-5)","background-image":"","background-repeat":"repeat","background-position":"center center","background-size":"auto","background-attachment":"scroll","background-type":"","background-media":"","overlay-type":"","overlay-color":"","overlay-opacity":"","overlay-gradient":""},"mobile":{"background-color":"var(--ast-global-color-5)","background-image":"","background-repeat":"repeat","background-position":"center center","background-size":"auto","background-attachment":"scroll","background-type":"","background-media":"","overlay-type":"","overlay-color":"","overlay-opacity":"","overlay-gradient":""}}},"product_brand":[52],"product_cat":[56,80,15],"product_tag":[],"class_list":{"0":"post-6396","1":"product","2":"type-product","3":"status-publish","4":"has-post-thumbnail","6":"product_brand-bang-king","7":"product_cat-bang-king-15000-est-equipee-dune-resistance-mesh-nouvelle-generation","8":"product_cat-puff-15k","9":"product_cat-magasin-cigarette-electronique","10":"desktop-align-center","11":"tablet-align-center","12":"mobile-align-center","13":"ast-product-gallery-layout-horizontal","14":"ast-product-gallery-with-no-image","15":"ast-product-single-variable","16":"ast-product-tabs-layout-horizontal","17":"ast-qv-on-image","19":"first","20":"instock","21":"sale","22":"shipping-taxable","23":"purchasable","24":"product-type-variable","25":"has-default-attributes"},"tiered_pricing_type":"fixed","tiered_pricing_fixed_rules":{"50":6.05,"100":5.59},"tiered_pricing_product_settings":{"layout":"default","base_unit_name":{"singular":null,"plural":null},"default_variation":null},"tiered_pricing_minimum_quantity":null,"tiered_pricing_roles_data":[],"tiered_pricing_percentage_rules":[],"_links":{"self":[{"href":"https:\/\/puffvapestore.com\/pl\/wp-json\/wp\/v2\/product\/6396","targetHints":{"allow":["GET"]}}],"collection":[{"href":"https:\/\/puffvapestore.com\/pl\/wp-json\/wp\/v2\/product"}],"about":[{"href":"https:\/\/puffvapestore.com\/pl\/wp-json\/wp\/v2\/types\/product"}],"replies":[{"embeddable":true,"href":"https:\/\/puffvapestore.com\/pl\/wp-json\/wp\/v2\/comments?post=6396"}],"version-history":[{"count":7,"href":"https:\/\/puffvapestore.com\/pl\/wp-json\/wp\/v2\/product\/6396\/revisions"}],"predecessor-version":[{"id":6632,"href":"https:\/\/puffvapestore.com\/pl\/wp-json\/wp\/v2\/product\/6396\/revisions\/6632"}],"wp:featuredmedia":[{"embeddable":true,"href":"https:\/\/puffvapestore.com\/pl\/wp-json\/wp\/v2\/media\/6251"}],"wp:attachment":[{"href":"https:\/\/puffvapestore.com\/pl\/wp-json\/wp\/v2\/media?parent=6396"}],"wp:term":[{"taxonomy":"product_brand","embeddable":true,"href":"https:\/\/puffvapestore.com\/pl\/wp-json\/wp\/v2\/product_brand?post=6396"},{"taxonomy":"product_cat","embeddable":true,"href":"https:\/\/puffvapestore.com\/pl\/wp-json\/wp\/v2\/product_cat?post=6396"},{"taxonomy":"product_tag","embeddable":true,"href":"https:\/\/puffvapestore.com\/pl\/wp-json\/wp\/v2\/product_tag?post=6396"}],"curies":[{"name":"wp","href":"https:\/\/api.w.org\/{rel}","templated":true}]}}