{"id":6385,"date":"2025-08-04T05:07:36","date_gmt":"2025-08-04T05:07:36","guid":{"rendered":"https:\/\/puffvapestore.com\/?post_type=product&#038;p=6385"},"modified":"2026-01-19T10:52:39","modified_gmt":"2026-01-19T10:52:39","slug":"bang-king-15000-double-pomme-sinspire-de-la-chicha-classique-double-pomme","status":"publish","type":"product","link":"https:\/\/puffvapestore.com\/pl\/product\/bang-king-15000-podwojne-jablko-inspiracja-klasyczna-shisha-z-podwojnym-jablkiem\/","title":{"rendered":"Bang King 15000 - Podw\u00f3jne jab\u0142ko"},"content":{"rendered":"<div data-elementor-type=\"wp-post\" data-elementor-id=\"6385\" class=\"elementor elementor-6385\">\n\t\t\t\t<div class=\"elementor-element elementor-element-08c26f9 e-flex e-con-boxed e-con e-parent\" data-id=\"08c26f9\" data-element_type=\"container\" data-e-type=\"container\">\n\t\t\t\t\t<div class=\"e-con-inner\">\n\t\t\t\t<div class=\"elementor-element elementor-element-a005a97 elementor-widget elementor-widget-text-editor\" data-id=\"a005a97\" data-element_type=\"widget\" data-e-type=\"widget\" data-widget_type=\"text-editor.default\">\n\t\t\t\t<div class=\"elementor-widget-container\">\n\t\t\t\t\t\t\t\t\t<p>Bang King 15000 Double Apple to elektroniczny papieros o smaku inspirowanym klasyczn\u0105 shish\u0105 Double Apple, popularn\u0105 w\u015br\u00f3d entuzjast\u00f3w shishy na Bliskim Wschodzie i na ca\u0142ym \u015bwiecie.<\/p><h2>Owocowe aromaty<\/h2><h3>Zr\u00f3wnowa\u017cone po\u0142\u0105czenie czerwonych i zielonych jab\u0142ek:<\/h3><p>Pocz\u0105tkowa inhalacja ujawnia rze\u015bki, lekko cierpki smak zielonego jab\u0142ka. Delikatny, \u0142agodny smak czerwonego jab\u0142ka ujawnia si\u0119 stopniowo, tworz\u0105c s\u0142odko-kwa\u015bny duet jab\u0142kowy, kt\u00f3ry jest naturalnie orze\u017awiaj\u0105cy.<\/p><p>Smak jest autentyczny, zbli\u017cony do owocowego aromatu \u015bwie\u017co pokrojonego jab\u0142ka, bez nadmiernej s\u0142odyczy sztucznych sok\u00f3w.<\/p><h2>Uczucie \u015bwie\u017co\u015bci<\/h2><h3>Subtelny, mi\u0119towy finisz:<\/h3><p>Wkr\u00f3tce po inhalacji delikatna \u015bwie\u017co\u015b\u0107 rozprzestrzenia si\u0119 w gardle i kana\u0142ach nosowych, tworz\u0105c orze\u017awiaj\u0105co czyste doznanie inhalacyjne.<\/p><p>To \u015bwie\u017ce doznanie nie jest mocnym, lodowatym zaci\u0105gni\u0119ciem, ale raczej przyjemnym, \u015bwie\u017cym, nieostrym doznaniem, podobnym do zio\u0142owych, mi\u0119towych aromat\u00f3w tradycyjnych chichas.<\/p><h2>Zio\u0142owe nuty bazy<\/h2><h3>Subtelne nuty any\u017cu i lukrecji:<\/h3><p>Ta subtelna nuta nie dominuje nad owocowym smakiem jab\u0142ka, ale raczej s\u0142u\u017cy jako baza, dodaj\u0105c z\u0142o\u017cono\u015bci i egzotycznego smaku.<\/p><p>Nadaje to og\u00f3lnemu smakowi bardziej z\u0142o\u017cony, z\u0142o\u017cony charakter, w przeciwie\u0144stwie do prostego owocowego smaku przypominaj\u0105cego chich\u0119.<\/p><h2>Specyfikacja Bang King 15000 Double Apple<\/h2><p>Zaci\u0105gni\u0119cia: Ka\u017cdy papieros elektroniczny Bang King 15000 Double Apple mo\u017ce pomie\u015bci\u0107 do 15 000 zaci\u0105gni\u0119\u0107.<\/p><p>Wbudowana bateria: ok. 550 mAh, \u0142adowana przez port USB-C.<\/p><p>Wst\u0119pnie nape\u0142niony e-liquid: pojemno\u015b\u0107 ok. 25 ml.<\/p><p>Typ rezystora: Rezystor siatkowy zapewniaj\u0105cy r\u00f3wnomierne rozpylanie i stabilne ogrzewanie.<\/p><h2>Dost\u0119pnych jest kilka dawek nikotyny.<\/h2><p>Bang King 15000 Double Apple oferuje cztery dawki soli nikotyny: 0 %, 2 %, 3 % i 5 %, aby zaspokoi\u0107 potrzeby ka\u017cdego u\u017cytkownika. Niezale\u017cnie od tego, czy chcesz ca\u0142kowicie unikn\u0105\u0107 nikotyny, czy wolisz bardziej intensywne doznania, znajdziesz dawk\u0119 odpowiedni\u0105 dla siebie. Ta elastyczno\u015b\u0107 pozwala u\u017cytkownikom dostosowa\u0107 spo\u017cycie nikotyny do ich osobistych potrzeb lub stopniowo je zmniejsza\u0107, aby uzyska\u0107 spersonalizowane wra\u017cenia.<\/p><h2>Przeno\u015bna i trwa\u0142a konstrukcja<\/h2><p>Ten elektroniczny papieros ma przeno\u015bn\u0105 konstrukcj\u0119 i lekki korpus, dzi\u0119ki czemu jest \u0142atwy do przenoszenia. Niezale\u017cnie od tego, czy chodzi o dojazdy do pracy, czy d\u0142ugie podr\u00f3\u017ce, \u0142atwo mie\u015bci si\u0119 w kieszeni lub plecaku. Obudowa modelu Bang King 15000 zosta\u0142a wykonana ze starannie dobranych materia\u0142\u00f3w, dzi\u0119ki czemu ma wytrzyma\u0142\u0105 konstrukcj\u0119, kt\u00f3ra jest odporna na wstrz\u0105sy i zu\u017cycie podczas codziennego u\u017cytkowania, zapewniaj\u0105c d\u0142ugotrwa\u0142\u0105 niezawodno\u015b\u0107.<\/p><h2>Przyjazna dla \u015brodowiska konstrukcja wielokrotnego nape\u0142niania<\/h2><p>Bang King 15000 Double Apple jest wyposa\u017cony w port szybkiego \u0142adowania typu C, gwarantuj\u0105cy szybkie \u0142adowanie i kompatybilno\u015b\u0107 z nowoczesnymi urz\u0105dzeniami elektronicznymi. Pozwala to u\u017cytkownikom na \u0142adowanie urz\u0105dzenia w dowolnym miejscu i czasie. W por\u00f3wnaniu z tradycyjnymi jednorazowymi papierosami elektronicznymi, ta \u0142adowalna konstrukcja znacznie zmniejsza ilo\u015b\u0107 odpad\u00f3w i wyd\u0142u\u017ca \u017cywotno\u015b\u0107 urz\u0105dzenia, szanuj\u0105c w ten spos\u00f3b zasady ochrony \u015brodowiska i przyczyniaj\u0105c si\u0119 do zr\u00f3wnowa\u017conego rozwoju.<\/p><h2>Regulowany przep\u0142yw powietrza<\/h2><p>Elektroniczny papieros posiada regulowany system przep\u0142ywu powietrza, pozwalaj\u0105cy u\u017cytkownikom na swobodne dostosowanie oporu wdechu do swoich preferencji, od mocnego wdechu do lekkiego.<\/p><h2>Elegancka, ergonomiczna konstrukcja<\/h2><p>Bang King 15000 k\u0142adzie nacisk na funkcjonalno\u015b\u0107 i mo\u017ce pochwali\u0107 si\u0119 nowoczesnym wzornictwem o czystych liniach i r\u00f3\u017cnych kolorach, aby dopasowa\u0107 si\u0119 do preferencji estetycznych ka\u017cdego u\u017cytkownika. Ergonomiczna konstrukcja zapewnia wygodny chwyt i niem\u0119cz\u0105ce u\u017cytkowanie nawet po d\u0142ugim czasie.<\/p>\t\t\t\t\t\t\t\t<\/div>\n\t\t\t\t<\/div>\n\t\t\t\t\t<\/div>\n\t\t\t\t<\/div>\n\t\t\t\t<\/div>","protected":false},"excerpt":{"rendered":"<p>La Bang King 15000 Double Pomme est une saveur de cigarette \u00e9lectronique inspir\u00e9e de la chicha classique Double Pomme, un ar\u00f4me populaire aupr\u00e8s des amateurs de chicha au Moyen-Orient et dans le monde entier. Ar\u00f4mes fruit\u00e9s Une combinaison \u00e9quilibr\u00e9e de pommes rouges et vertes\u00a0: L&rsquo;inhalation initiale r\u00e9v\u00e8le une saveur de pomme verte croquante, l\u00e9g\u00e8rement acidul\u00e9e. [&hellip;]<\/p>\n","protected":false},"featured_media":6241,"comment_status":"open","ping_status":"closed","template":"","meta":{"site-sidebar-layout":"no-sidebar","site-content-layout":"page-builder","ast-site-content-layout":"normal-width-container","site-content-style":"default","site-sidebar-style":"default","ast-global-header-display":"","ast-banner-title-visibility":"","ast-main-header-display":"","ast-hfb-above-header-display":"","ast-hfb-below-header-display":"","ast-hfb-mobile-header-display":"","site-post-title":"disabled","ast-breadcrumbs-content":"","ast-featured-img":"disabled","footer-sml-layout":"","ast-disable-related-posts":"","theme-transparent-header-meta":"default","adv-header-id-meta":"","stick-header-meta":"default","header-above-stick-meta":"","header-main-stick-meta":"","header-below-stick-meta":"","astra-migrate-meta-layouts":"set","ast-page-background-enabled":"default","ast-page-background-meta":{"desktop":{"background-color":"","background-image":"","background-repeat":"repeat","background-position":"center center","background-size":"auto","background-attachment":"scroll","background-type":"","background-media":"","overlay-type":"","overlay-color":"","overlay-opacity":"","overlay-gradient":""},"tablet":{"background-color":"","background-image":"","background-repeat":"repeat","background-position":"center center","background-size":"auto","background-attachment":"scroll","background-type":"","background-media":"","overlay-type":"","overlay-color":"","overlay-opacity":"","overlay-gradient":""},"mobile":{"background-color":"","background-image":"","background-repeat":"repeat","background-position":"center center","background-size":"auto","background-attachment":"scroll","background-type":"","background-media":"","overlay-type":"","overlay-color":"","overlay-opacity":"","overlay-gradient":""}},"ast-content-background-meta":{"desktop":{"background-color":"var(--ast-global-color-5)","background-image":"","background-repeat":"repeat","background-position":"center center","background-size":"auto","background-attachment":"scroll","background-type":"","background-media":"","overlay-type":"","overlay-color":"","overlay-opacity":"","overlay-gradient":""},"tablet":{"background-color":"var(--ast-global-color-5)","background-image":"","background-repeat":"repeat","background-position":"center center","background-size":"auto","background-attachment":"scroll","background-type":"","background-media":"","overlay-type":"","overlay-color":"","overlay-opacity":"","overlay-gradient":""},"mobile":{"background-color":"var(--ast-global-color-5)","background-image":"","background-repeat":"repeat","background-position":"center center","background-size":"auto","background-attachment":"scroll","background-type":"","background-media":"","overlay-type":"","overlay-color":"","overlay-opacity":"","overlay-gradient":""}}},"product_brand":[52],"product_cat":[56,80,15],"product_tag":[],"class_list":{"0":"post-6385","1":"product","2":"type-product","3":"status-publish","4":"has-post-thumbnail","6":"product_brand-bang-king","7":"product_cat-bang-king-15000-est-equipee-dune-resistance-mesh-nouvelle-generation","8":"product_cat-puff-15k","9":"product_cat-magasin-cigarette-electronique","10":"desktop-align-center","11":"tablet-align-center","12":"mobile-align-center","13":"ast-product-gallery-layout-horizontal","14":"ast-product-gallery-with-no-image","15":"ast-product-single-variable","16":"ast-product-tabs-layout-horizontal","17":"ast-qv-on-image","19":"first","20":"instock","21":"sale","22":"shipping-taxable","23":"purchasable","24":"product-type-variable","25":"has-default-attributes"},"tiered_pricing_type":"fixed","tiered_pricing_fixed_rules":{"50":6.05,"100":5.59},"tiered_pricing_product_settings":{"layout":"default","base_unit_name":{"singular":null,"plural":null},"default_variation":null},"tiered_pricing_minimum_quantity":null,"tiered_pricing_roles_data":[],"tiered_pricing_percentage_rules":[],"_links":{"self":[{"href":"https:\/\/puffvapestore.com\/pl\/wp-json\/wp\/v2\/product\/6385","targetHints":{"allow":["GET"]}}],"collection":[{"href":"https:\/\/puffvapestore.com\/pl\/wp-json\/wp\/v2\/product"}],"about":[{"href":"https:\/\/puffvapestore.com\/pl\/wp-json\/wp\/v2\/types\/product"}],"replies":[{"embeddable":true,"href":"https:\/\/puffvapestore.com\/pl\/wp-json\/wp\/v2\/comments?post=6385"}],"version-history":[{"count":6,"href":"https:\/\/puffvapestore.com\/pl\/wp-json\/wp\/v2\/product\/6385\/revisions"}],"predecessor-version":[{"id":6395,"href":"https:\/\/puffvapestore.com\/pl\/wp-json\/wp\/v2\/product\/6385\/revisions\/6395"}],"wp:featuredmedia":[{"embeddable":true,"href":"https:\/\/puffvapestore.com\/pl\/wp-json\/wp\/v2\/media\/6241"}],"wp:attachment":[{"href":"https:\/\/puffvapestore.com\/pl\/wp-json\/wp\/v2\/media?parent=6385"}],"wp:term":[{"taxonomy":"product_brand","embeddable":true,"href":"https:\/\/puffvapestore.com\/pl\/wp-json\/wp\/v2\/product_brand?post=6385"},{"taxonomy":"product_cat","embeddable":true,"href":"https:\/\/puffvapestore.com\/pl\/wp-json\/wp\/v2\/product_cat?post=6385"},{"taxonomy":"product_tag","embeddable":true,"href":"https:\/\/puffvapestore.com\/pl\/wp-json\/wp\/v2\/product_tag?post=6385"}],"curies":[{"name":"wp","href":"https:\/\/api.w.org\/{rel}","templated":true}]}}