{"id":6363,"date":"2025-08-02T12:20:56","date_gmt":"2025-08-02T12:20:56","guid":{"rendered":"https:\/\/puffvapestore.com\/?post_type=product&#038;p=6363"},"modified":"2026-01-19T10:52:39","modified_gmt":"2026-01-19T10:52:39","slug":"bang-king-15000-tropical-fruit-est-rafraichissant-et-sucre","status":"publish","type":"product","link":"https:\/\/puffvapestore.com\/pl\/product\/bang-king-15000-owoce-tropikalne-sa-orzezwiajace-i-slodkie\/","title":{"rendered":"Bang King 15000 - Owoce tropikalne"},"content":{"rendered":"<div data-elementor-type=\"wp-post\" data-elementor-id=\"6363\" class=\"elementor elementor-6363\">\n\t\t\t\t<div class=\"elementor-element elementor-element-08c26f9 e-flex e-con-boxed e-con e-parent\" data-id=\"08c26f9\" data-element_type=\"container\" data-e-type=\"container\">\n\t\t\t\t\t<div class=\"e-con-inner\">\n\t\t\t\t<div class=\"elementor-element elementor-element-a005a97 elementor-widget elementor-widget-text-editor\" data-id=\"a005a97\" data-element_type=\"widget\" data-e-type=\"widget\" data-widget_type=\"text-editor.default\">\n\t\t\t\t<div class=\"elementor-widget-container\">\n\t\t\t\t\t\t\t\t\t<p>Bang King 15000 Tropical Fruits oferuje \u015bwie\u017cy, s\u0142odki i owocowy smak dzi\u0119ki mieszance r\u00f3\u017cnych owoc\u00f3w tropikalnych. Og\u00f3lny smak jest orze\u017awiaj\u0105co s\u0142odki, z nut\u0105 kwasowo\u015bci i bogatym, zr\u00f3wnowa\u017conym smakiem.<\/p><p>Je\u015bli lubisz koktajle owocowe, soki tropikalne i mieszane napoje owocowe, smak Bang King 15000 - Tropical Fruit prawdopodobnie b\u0119dzie odpowiada\u0142 Twoim preferencjom. Nie jest tak monotonny jak pojedynczy owoc, ale raczej oferuje z\u0142o\u017cone doznania przypominaj\u0105ce tropikalny sad.<\/p><h2>G\u0142\u00f3wne w\u0142a\u015bciwo\u015bci smakowe :<\/h2><h3>1. Dominuj\u0105ce nuty owocowe: Ananas i mango<\/h3><p>Ananas: Pierwsz\u0105 nut\u0105 dymn\u0105 jest wyra\u017any smak ananasa, z naturaln\u0105 kwaskowato\u015bci\u0105 i s\u0142odycz\u0105, zr\u00f3wnowa\u017con\u0105 s\u0142odycz\u0105 i lekkim uczuciem energetyzuj\u0105cym.<\/p><p>Mango: Nast\u0119pnie pojawia si\u0119 delikatny, s\u0142odki smak mango, podobny do delikatnego mi\u0105\u017cszu dojrza\u0142ego mango, kt\u00f3ry kontrastuje i uzupe\u0142nia s\u0142odko-kwa\u015bny smak ananasa.<\/p><h3>2. Aromaty drugorz\u0119dne: marakuja, papaja i kokos<\/h3><p>Marakuja: pod koniec palenia wy\u0142ania si\u0119 lekki aromat marakui z subteln\u0105 nut\u0105 kwiatow\u0105, dodaj\u0105c ca\u0142o\u015bci egzotycznego charakteru.<\/p><p>Papeye: Ma dzia\u0142anie r\u00f3wnowa\u017c\u0105ce, \u0142agodz\u0105c s\u0142odycz mango i nadaj\u0105c smakowi g\u0142adk\u0105, kremow\u0105 baz\u0119.<\/p><p>Coconut (light): Odrobina mleka kokosowego w posmaku dodaje mlecznej lub kremowej nuty do ca\u0142o\u015bci, nie przyt\u0142aczaj\u0105c jej.<\/p><h2>Specyfikacja Bang King 15000 Owoce tropikalne<\/h2><p>Zaci\u0105gni\u0119cia: Ka\u017cdy papieros elektroniczny Bang King 15000 Tropical Fruit mo\u017ce pomie\u015bci\u0107 do 15 000 zaci\u0105gni\u0119\u0107.<\/p><p>Wbudowana bateria: ok. 550 mAh, \u0142adowana przez port USB-C.<\/p><p>Wst\u0119pnie nape\u0142niony e-liquid: pojemno\u015b\u0107 ok. 25 ml.<\/p><p>Typ rezystora: Rezystor siatkowy zapewniaj\u0105cy r\u00f3wnomierne rozpylanie i stabilne ogrzewanie.<\/p><h2>Dost\u0119pnych jest kilka dawek nikotyny.<\/h2><p>Bang King 15000 Tropical Fruit jest dost\u0119pny w czterech mocach soli nikotyny: 0 %, 2 %, 3 % i 5 %, aby zaspokoi\u0107 potrzeby ka\u017cdego u\u017cytkownika. Niezale\u017cnie od tego, czy chcesz ca\u0142kowicie unikn\u0105\u0107 nikotyny, czy wolisz bardziej intensywne doznania, znajdziesz dawk\u0119 odpowiedni\u0105 dla siebie. Ta elastyczno\u015b\u0107 pozwala u\u017cytkownikom dostosowa\u0107 spo\u017cycie nikotyny do ich osobistych potrzeb lub stopniowo je zmniejsza\u0107, aby uzyska\u0107 spersonalizowane wra\u017cenia.<\/p><h2>Przeno\u015bna i trwa\u0142a konstrukcja<\/h2><p>Ten elektroniczny papieros ma przeno\u015bn\u0105 konstrukcj\u0119 i lekki korpus, dzi\u0119ki czemu jest \u0142atwy do przenoszenia. Niezale\u017cnie od tego, czy chodzi o dojazdy do pracy, czy d\u0142ugie podr\u00f3\u017ce, \u0142atwo mie\u015bci si\u0119 w kieszeni lub plecaku. Obudowa modelu Bang King 15000 zosta\u0142a wykonana ze starannie dobranych materia\u0142\u00f3w, dzi\u0119ki czemu ma wytrzyma\u0142\u0105 konstrukcj\u0119, kt\u00f3ra jest odporna na wstrz\u0105sy i zu\u017cycie podczas codziennego u\u017cytkowania, zapewniaj\u0105c d\u0142ugotrwa\u0142\u0105 niezawodno\u015b\u0107.<\/p><h2>Przyjazna dla \u015brodowiska konstrukcja wielokrotnego nape\u0142niania<\/h2><p>Bang King 15000 Tropical Fruit jest wyposa\u017cony w port szybkiego \u0142adowania typu C, gwarantuj\u0105cy szybkie \u0142adowanie i kompatybilno\u015b\u0107 z nowoczesnymi urz\u0105dzeniami elektronicznymi. Pozwala to u\u017cytkownikom na \u0142adowanie urz\u0105dzenia w dowolnym miejscu i czasie. W por\u00f3wnaniu z tradycyjnymi jednorazowymi papierosami elektronicznymi, ta \u0142adowalna konstrukcja znacznie zmniejsza ilo\u015b\u0107 odpad\u00f3w i wyd\u0142u\u017ca \u017cywotno\u015b\u0107 urz\u0105dzenia, szanuj\u0105c w ten spos\u00f3b zasady ochrony \u015brodowiska i przyczyniaj\u0105c si\u0119 do zr\u00f3wnowa\u017conego rozwoju.<\/p><h2>Regulowany przep\u0142yw powietrza<\/h2><p>Elektroniczny papieros posiada regulowany system przep\u0142ywu powietrza, pozwalaj\u0105cy u\u017cytkownikom na swobodne dostosowanie oporu wdechu do swoich preferencji, od mocnego wdechu do lekkiego.<\/p><h2>Elegancka, ergonomiczna konstrukcja<\/h2><p>Bang King 15000 Tropical Fruit koncentruje si\u0119 na funkcjonalno\u015bci i szczyci si\u0119 nowoczesnym wzornictwem o czystych liniach i r\u00f3\u017cnych kolorach, aby dopasowa\u0107 si\u0119 do preferencji estetycznych ka\u017cdego u\u017cytkownika. Ergonomiczna konstrukcja zapewnia wygodny chwyt i niem\u0119cz\u0105ce u\u017cytkowanie nawet po d\u0142ugim czasie.<\/p>\t\t\t\t\t\t\t\t<\/div>\n\t\t\t\t<\/div>\n\t\t\t\t\t<\/div>\n\t\t\t\t<\/div>\n\t\t\t\t<\/div>","protected":false},"excerpt":{"rendered":"<p>Bang King 15000 Fruits tropicaux offre une exp\u00e9rience gustative fra\u00eeche, sucr\u00e9e et fruit\u00e9e, gr\u00e2ce \u00e0 un m\u00e9lange de divers fruits tropicaux. La saveur globale est rafra\u00eechissante et sucr\u00e9e, avec une pointe d&rsquo;acidit\u00e9, et un go\u00fbt riche et \u00e9quilibr\u00e9. Si vous aimez les milk-shakes aux fruits, les jus tropicaux et les boissons aux fruits m\u00e9lang\u00e9s, la [&hellip;]<\/p>\n","protected":false},"featured_media":6253,"comment_status":"open","ping_status":"closed","template":"","meta":{"site-sidebar-layout":"no-sidebar","site-content-layout":"page-builder","ast-site-content-layout":"normal-width-container","site-content-style":"default","site-sidebar-style":"default","ast-global-header-display":"","ast-banner-title-visibility":"","ast-main-header-display":"","ast-hfb-above-header-display":"","ast-hfb-below-header-display":"","ast-hfb-mobile-header-display":"","site-post-title":"disabled","ast-breadcrumbs-content":"","ast-featured-img":"disabled","footer-sml-layout":"","ast-disable-related-posts":"","theme-transparent-header-meta":"default","adv-header-id-meta":"","stick-header-meta":"default","header-above-stick-meta":"","header-main-stick-meta":"","header-below-stick-meta":"","astra-migrate-meta-layouts":"set","ast-page-background-enabled":"default","ast-page-background-meta":{"desktop":{"background-color":"","background-image":"","background-repeat":"repeat","background-position":"center center","background-size":"auto","background-attachment":"scroll","background-type":"","background-media":"","overlay-type":"","overlay-color":"","overlay-opacity":"","overlay-gradient":""},"tablet":{"background-color":"","background-image":"","background-repeat":"repeat","background-position":"center center","background-size":"auto","background-attachment":"scroll","background-type":"","background-media":"","overlay-type":"","overlay-color":"","overlay-opacity":"","overlay-gradient":""},"mobile":{"background-color":"","background-image":"","background-repeat":"repeat","background-position":"center center","background-size":"auto","background-attachment":"scroll","background-type":"","background-media":"","overlay-type":"","overlay-color":"","overlay-opacity":"","overlay-gradient":""}},"ast-content-background-meta":{"desktop":{"background-color":"var(--ast-global-color-5)","background-image":"","background-repeat":"repeat","background-position":"center center","background-size":"auto","background-attachment":"scroll","background-type":"","background-media":"","overlay-type":"","overlay-color":"","overlay-opacity":"","overlay-gradient":""},"tablet":{"background-color":"var(--ast-global-color-5)","background-image":"","background-repeat":"repeat","background-position":"center center","background-size":"auto","background-attachment":"scroll","background-type":"","background-media":"","overlay-type":"","overlay-color":"","overlay-opacity":"","overlay-gradient":""},"mobile":{"background-color":"var(--ast-global-color-5)","background-image":"","background-repeat":"repeat","background-position":"center center","background-size":"auto","background-attachment":"scroll","background-type":"","background-media":"","overlay-type":"","overlay-color":"","overlay-opacity":"","overlay-gradient":""}}},"product_brand":[52],"product_cat":[56,80,15],"product_tag":[],"class_list":{"0":"post-6363","1":"product","2":"type-product","3":"status-publish","4":"has-post-thumbnail","6":"product_brand-bang-king","7":"product_cat-bang-king-15000-est-equipee-dune-resistance-mesh-nouvelle-generation","8":"product_cat-puff-15k","9":"product_cat-magasin-cigarette-electronique","10":"desktop-align-center","11":"tablet-align-center","12":"mobile-align-center","13":"ast-product-gallery-layout-horizontal","14":"ast-product-gallery-with-no-image","15":"ast-product-single-variable","16":"ast-product-tabs-layout-horizontal","17":"ast-qv-on-image","19":"first","20":"instock","21":"sale","22":"shipping-taxable","23":"purchasable","24":"product-type-variable","25":"has-default-attributes"},"tiered_pricing_type":"fixed","tiered_pricing_fixed_rules":{"50":6.05,"100":5.59},"tiered_pricing_product_settings":{"layout":"default","base_unit_name":{"singular":null,"plural":null},"default_variation":null},"tiered_pricing_minimum_quantity":null,"tiered_pricing_roles_data":[],"tiered_pricing_percentage_rules":[],"_links":{"self":[{"href":"https:\/\/puffvapestore.com\/pl\/wp-json\/wp\/v2\/product\/6363","targetHints":{"allow":["GET"]}}],"collection":[{"href":"https:\/\/puffvapestore.com\/pl\/wp-json\/wp\/v2\/product"}],"about":[{"href":"https:\/\/puffvapestore.com\/pl\/wp-json\/wp\/v2\/types\/product"}],"replies":[{"embeddable":true,"href":"https:\/\/puffvapestore.com\/pl\/wp-json\/wp\/v2\/comments?post=6363"}],"version-history":[{"count":6,"href":"https:\/\/puffvapestore.com\/pl\/wp-json\/wp\/v2\/product\/6363\/revisions"}],"predecessor-version":[{"id":6373,"href":"https:\/\/puffvapestore.com\/pl\/wp-json\/wp\/v2\/product\/6363\/revisions\/6373"}],"wp:featuredmedia":[{"embeddable":true,"href":"https:\/\/puffvapestore.com\/pl\/wp-json\/wp\/v2\/media\/6253"}],"wp:attachment":[{"href":"https:\/\/puffvapestore.com\/pl\/wp-json\/wp\/v2\/media?parent=6363"}],"wp:term":[{"taxonomy":"product_brand","embeddable":true,"href":"https:\/\/puffvapestore.com\/pl\/wp-json\/wp\/v2\/product_brand?post=6363"},{"taxonomy":"product_cat","embeddable":true,"href":"https:\/\/puffvapestore.com\/pl\/wp-json\/wp\/v2\/product_cat?post=6363"},{"taxonomy":"product_tag","embeddable":true,"href":"https:\/\/puffvapestore.com\/pl\/wp-json\/wp\/v2\/product_tag?post=6363"}],"curies":[{"name":"wp","href":"https:\/\/api.w.org\/{rel}","templated":true}]}}