{"id":6272,"date":"2025-08-02T08:02:02","date_gmt":"2025-08-02T08:02:02","guid":{"rendered":"https:\/\/puffvapestore.com\/?post_type=product&#038;p=6272"},"modified":"2026-01-19T10:52:38","modified_gmt":"2026-01-19T10:52:38","slug":"bang-king-15000-offre-15k-bouffees-25ml-de-liquide","status":"publish","type":"product","link":"https:\/\/puffvapestore.com\/pl\/product\/bang-king-15000-oferuje-15-tys-zaciagniec-25-ml-plynu\/","title":{"rendered":"Bang King 15000: Oferuje 15 tys. zaci\u0105gni\u0119\u0107, 25 ml e-cieczy i rezystor siatkowy."},"content":{"rendered":"<div data-elementor-type=\"wp-post\" data-elementor-id=\"6272\" class=\"elementor elementor-6272\">\n\t\t\t\t<div class=\"elementor-element elementor-element-08c26f9 e-flex e-con-boxed e-con e-parent\" data-id=\"08c26f9\" data-element_type=\"container\" data-e-type=\"container\">\n\t\t\t\t\t<div class=\"e-con-inner\">\n\t\t\t\t<div class=\"elementor-element elementor-element-a005a97 elementor-widget elementor-widget-text-editor\" data-id=\"a005a97\" data-element_type=\"widget\" data-e-type=\"widget\" data-widget_type=\"text-editor.default\">\n\t\t\t\t<div class=\"elementor-widget-container\">\n\t\t\t\t\t\t\t\t\t<h2>Specyfikacja Bang King 15000<\/h2><p>Zaci\u0105gni\u0119cia: Ka\u017cdy papieros elektroniczny Bang King 15000 mo\u017ce pomie\u015bci\u0107 do 15 000 zaci\u0105gni\u0119\u0107.<\/p><p>Wbudowana bateria: ok. 550 mAh, \u0142adowana przez port USB-C.<\/p><p>Wst\u0119pnie nape\u0142niony e-liquid: pojemno\u015b\u0107 ok. 25 ml.<\/p><p>Typ rezystora: Rezystor siatkowy zapewniaj\u0105cy r\u00f3wnomierne rozpylanie i stabilne ogrzewanie.<\/p><h2>Dost\u0119pnych jest kilka dawek nikotyny.<\/h2><p>Bang King 15000 oferuje cztery dawki soli nikotyny: 0 %, 2 %, 3 % i 5 %, aby zaspokoi\u0107 potrzeby ka\u017cdego u\u017cytkownika. Niezale\u017cnie od tego, czy chcesz ca\u0142kowicie unikn\u0105\u0107 nikotyny, czy wolisz bardziej intensywne doznania, znajdziesz dawk\u0119 odpowiedni\u0105 dla siebie. Ta elastyczno\u015b\u0107 pozwala u\u017cytkownikom dostosowa\u0107 spo\u017cycie nikotyny do ich osobistych potrzeb lub stopniowo je zmniejsza\u0107, aby uzyska\u0107 spersonalizowane wra\u017cenia.<\/p><h2>Przeno\u015bna i trwa\u0142a konstrukcja<\/h2><p>Ten elektroniczny papieros ma przeno\u015bn\u0105 konstrukcj\u0119 i lekki korpus, dzi\u0119ki czemu jest \u0142atwy do przenoszenia. Niezale\u017cnie od tego, czy chodzi o dojazdy do pracy, czy d\u0142ugie podr\u00f3\u017ce, \u0142atwo mie\u015bci si\u0119 w kieszeni lub plecaku. Obudowa modelu Bang King 15000 zosta\u0142a wykonana ze starannie dobranych materia\u0142\u00f3w, dzi\u0119ki czemu ma wytrzyma\u0142\u0105 konstrukcj\u0119, kt\u00f3ra jest odporna na wstrz\u0105sy i zu\u017cycie podczas codziennego u\u017cytkowania, zapewniaj\u0105c d\u0142ugotrwa\u0142\u0105 niezawodno\u015b\u0107.<\/p><h2>Przyjazna dla \u015brodowiska konstrukcja wielokrotnego nape\u0142niania<\/h2><p>Bang King 15000 jest wyposa\u017cony w port szybkiego \u0142adowania typu C, gwarantuj\u0105cy szybkie \u0142adowanie i kompatybilno\u015b\u0107 z nowoczesnymi urz\u0105dzeniami elektronicznymi. Pozwala to u\u017cytkownikom na \u0142adowanie urz\u0105dzenia w dowolnym miejscu i czasie. W por\u00f3wnaniu z tradycyjnymi jednorazowymi papierosami elektronicznymi, ta \u0142adowalna konstrukcja znacznie zmniejsza ilo\u015b\u0107 odpad\u00f3w i wyd\u0142u\u017ca \u017cywotno\u015b\u0107 urz\u0105dzenia, szanuj\u0105c w ten spos\u00f3b zasady ochrony \u015brodowiska i przyczyniaj\u0105c si\u0119 do zr\u00f3wnowa\u017conego rozwoju.<\/p><h2>Regulowany przep\u0142yw powietrza<\/h2><p>Elektroniczny papieros posiada regulowany system przep\u0142ywu powietrza, pozwalaj\u0105cy u\u017cytkownikom na swobodne dostosowanie oporu wdechu do swoich preferencji, od mocnego wdechu do lekkiego.<\/p><h2>Elegancka, ergonomiczna konstrukcja<\/h2><p>Bang King 15000 k\u0142adzie nacisk na funkcjonalno\u015b\u0107 i mo\u017ce pochwali\u0107 si\u0119 nowoczesnym wzornictwem o czystych liniach i r\u00f3\u017cnych kolorach, aby dopasowa\u0107 si\u0119 do preferencji estetycznych ka\u017cdego u\u017cytkownika. Ergonomiczna konstrukcja zapewnia wygodny chwyt i niem\u0119cz\u0105ce u\u017cytkowanie nawet po d\u0142ugim czasie.<\/p><h2>Bang King 15000 oferuje 20 r\u00f3\u017cnych smak\u00f3w<\/h2><p>Model Bang King 15000 oferuje 20 r\u00f3\u017cnych smak\u00f3w, w tym owocowe, \u015bwie\u017ce i deserowe, aby zaspokoi\u0107 potrzeby wszystkich u\u017cytkownik\u00f3w. Smaki owocowe obejmuj\u0105 \u00abAloe Grape\u00bb (s\u0142odki i orze\u017awiaj\u0105cy), \u00abPeach Mango\u00bb (tropikalny i owocowy), \u00abDouble Apple\u00bb (chrupi\u0105cy i soczysty), \u00abKiwi Passion Fruit Guava\u00bb (tropikalne trio), \u00abTropical Fruit\u00bb (mieszanka owoc\u00f3w tropikalnych), \u00abStrawberry Banana\u00bb (g\u0142adki jak koktajl mleczny), \u00abStrawberry Kiwi\u00bb (truskawka kiwi o zr\u00f3wnowa\u017conym s\u0142odko-cierpkim smaku) i \u00abStrawberry Watermelon\u00bb (orze\u017awiaj\u0105cy i soczysty). Smaki te oferuj\u0105 naturaln\u0105 s\u0142odycz i \u015bwie\u017co\u015b\u0107 owoc\u00f3w, idealne dla mi\u0142o\u015bnik\u00f3w owocowych aromat\u00f3w.<\/p><p>Zaprojektowane dla tych, kt\u00f3rzy szukaj\u0105 orze\u017awiaj\u0105cych dozna\u0144, orze\u017awiaj\u0105ce smaki obejmuj\u0105 \u00abBlue Razz Ice\u00bb (pikantne i s\u0142odkie lody jagodowe), \u00abLush Ice\u00bb (s\u0142odkie i orze\u017awiaj\u0105ce lody arbuzowe), \u00abPeach Ice\u00bb (owocowe i lodowate lody brzoskwiniowe), \u00abTriple Berry Ice\u00bb (orze\u017awiaj\u0105ce lody z czerwonych jag\u00f3d) i \u00abBlack Dragon Ice\u00bb (wyj\u0105tkowe, owocowe i orze\u017awiaj\u0105ce lody z czarnej pitayi). Smaki te oferuj\u0105 orze\u017awiaj\u0105ce mi\u0119towe doznania, idealne w upalne dni lub dla tych, kt\u00f3rzy szukaj\u0105 och\u0142ody. Ponadto \u00abCool Mint\u00bb oferuje czyst\u0105 mi\u0119tow\u0105 \u015bwie\u017co\u015b\u0107 dla tych, kt\u00f3rzy szukaj\u0105 najwy\u017cszej \u015bwie\u017co\u015bci.<\/p><p>Zabaw\u0119 urozmaicaj\u0105 wyj\u0105tkowe desery i smaki, takie jak \u00abCotton Candy\u00bb (s\u0142odki i lekki), \u00abWatermelon Bubblegum\u00bb (mieszanka owocowych smak\u00f3w i nostalgicznych s\u0142odyczy), \u00abStrawberry Yogurt\u00bb (r\u00f3wnowaga mlecznych i owocowych smak\u00f3w), \u00abCherry Pop\u00bb (s\u0142odki nap\u00f3j gazowany w stylu cukierk\u00f3w) i \u00abPink Lemonade\u00bb (orze\u017awiaj\u0105cy, pikantny nap\u00f3j).<\/p>\t\t\t\t\t\t\t\t<\/div>\n\t\t\t\t<\/div>\n\t\t\t\t\t<\/div>\n\t\t\t\t<\/div>\n\t\t\t\t<\/div>","protected":false},"excerpt":{"rendered":"<p>Sp\u00e9cifications de la Bang King 15000 Bouff\u00e9es\u00a0: Chaque cigarette \u00e9lectronique Bang King 15000 peut contenir jusqu\u2019\u00e0 15000 bouff\u00e9es. Batterie int\u00e9gr\u00e9e\u00a0: Environ 550\u00a0mAh, rechargeable via le port USB-C. E-liquide pr\u00e9rempli\u00a0: Capacit\u00e9 d\u2019environ 25\u00a0ml. Type de r\u00e9sistance : R\u00e9sistance en mesh pour une atomisation uniforme et une chauffe stable. Plusieurs dosages de nicotine disponibles. La Bang King [&hellip;]<\/p>\n","protected":false},"featured_media":6256,"comment_status":"open","ping_status":"closed","template":"","meta":{"site-sidebar-layout":"no-sidebar","site-content-layout":"page-builder","ast-site-content-layout":"normal-width-container","site-content-style":"default","site-sidebar-style":"default","ast-global-header-display":"","ast-banner-title-visibility":"","ast-main-header-display":"","ast-hfb-above-header-display":"","ast-hfb-below-header-display":"","ast-hfb-mobile-header-display":"","site-post-title":"disabled","ast-breadcrumbs-content":"","ast-featured-img":"disabled","footer-sml-layout":"","ast-disable-related-posts":"","theme-transparent-header-meta":"default","adv-header-id-meta":"","stick-header-meta":"default","header-above-stick-meta":"","header-main-stick-meta":"","header-below-stick-meta":"","astra-migrate-meta-layouts":"set","ast-page-background-enabled":"default","ast-page-background-meta":{"desktop":{"background-color":"","background-image":"","background-repeat":"repeat","background-position":"center center","background-size":"auto","background-attachment":"scroll","background-type":"","background-media":"","overlay-type":"","overlay-color":"","overlay-opacity":"","overlay-gradient":""},"tablet":{"background-color":"","background-image":"","background-repeat":"repeat","background-position":"center center","background-size":"auto","background-attachment":"scroll","background-type":"","background-media":"","overlay-type":"","overlay-color":"","overlay-opacity":"","overlay-gradient":""},"mobile":{"background-color":"","background-image":"","background-repeat":"repeat","background-position":"center center","background-size":"auto","background-attachment":"scroll","background-type":"","background-media":"","overlay-type":"","overlay-color":"","overlay-opacity":"","overlay-gradient":""}},"ast-content-background-meta":{"desktop":{"background-color":"var(--ast-global-color-5)","background-image":"","background-repeat":"repeat","background-position":"center center","background-size":"auto","background-attachment":"scroll","background-type":"","background-media":"","overlay-type":"","overlay-color":"","overlay-opacity":"","overlay-gradient":""},"tablet":{"background-color":"var(--ast-global-color-5)","background-image":"","background-repeat":"repeat","background-position":"center center","background-size":"auto","background-attachment":"scroll","background-type":"","background-media":"","overlay-type":"","overlay-color":"","overlay-opacity":"","overlay-gradient":""},"mobile":{"background-color":"var(--ast-global-color-5)","background-image":"","background-repeat":"repeat","background-position":"center center","background-size":"auto","background-attachment":"scroll","background-type":"","background-media":"","overlay-type":"","overlay-color":"","overlay-opacity":"","overlay-gradient":""}}},"product_brand":[52],"product_cat":[56,80,15],"product_tag":[],"class_list":{"0":"post-6272","1":"product","2":"type-product","3":"status-publish","4":"has-post-thumbnail","6":"product_brand-bang-king","7":"product_cat-bang-king-15000-est-equipee-dune-resistance-mesh-nouvelle-generation","8":"product_cat-puff-15k","9":"product_cat-magasin-cigarette-electronique","10":"desktop-align-center","11":"tablet-align-center","12":"mobile-align-center","13":"ast-product-gallery-layout-horizontal","14":"ast-product-single-variable","15":"ast-product-tabs-layout-horizontal","16":"ast-qv-on-image","18":"first","19":"instock","20":"sale","21":"shipping-taxable","22":"purchasable","23":"product-type-variable","24":"has-default-attributes"},"tiered_pricing_type":"fixed","tiered_pricing_fixed_rules":{"50":6.05,"100":5.59},"tiered_pricing_product_settings":{"layout":"default","base_unit_name":{"singular":null,"plural":null},"default_variation":null},"tiered_pricing_minimum_quantity":null,"tiered_pricing_roles_data":[],"tiered_pricing_percentage_rules":[],"_links":{"self":[{"href":"https:\/\/puffvapestore.com\/pl\/wp-json\/wp\/v2\/product\/6272","targetHints":{"allow":["GET"]}}],"collection":[{"href":"https:\/\/puffvapestore.com\/pl\/wp-json\/wp\/v2\/product"}],"about":[{"href":"https:\/\/puffvapestore.com\/pl\/wp-json\/wp\/v2\/types\/product"}],"replies":[{"embeddable":true,"href":"https:\/\/puffvapestore.com\/pl\/wp-json\/wp\/v2\/comments?post=6272"}],"version-history":[{"count":6,"href":"https:\/\/puffvapestore.com\/pl\/wp-json\/wp\/v2\/product\/6272\/revisions"}],"predecessor-version":[{"id":6362,"href":"https:\/\/puffvapestore.com\/pl\/wp-json\/wp\/v2\/product\/6272\/revisions\/6362"}],"wp:featuredmedia":[{"embeddable":true,"href":"https:\/\/puffvapestore.com\/pl\/wp-json\/wp\/v2\/media\/6256"}],"wp:attachment":[{"href":"https:\/\/puffvapestore.com\/pl\/wp-json\/wp\/v2\/media?parent=6272"}],"wp:term":[{"taxonomy":"product_brand","embeddable":true,"href":"https:\/\/puffvapestore.com\/pl\/wp-json\/wp\/v2\/product_brand?post=6272"},{"taxonomy":"product_cat","embeddable":true,"href":"https:\/\/puffvapestore.com\/pl\/wp-json\/wp\/v2\/product_cat?post=6272"},{"taxonomy":"product_tag","embeddable":true,"href":"https:\/\/puffvapestore.com\/pl\/wp-json\/wp\/v2\/product_tag?post=6272"}],"curies":[{"name":"wp","href":"https:\/\/api.w.org\/{rel}","templated":true}]}}