{"id":6196,"date":"2025-08-02T05:50:38","date_gmt":"2025-08-02T05:50:38","guid":{"rendered":"https:\/\/puffvapestore.com\/?post_type=product&#038;p=6196"},"modified":"2026-01-19T10:36:11","modified_gmt":"2026-01-19T10:36:11","slug":"strawberry-watermelon-kiwi-passion-fruit-guava-bang-king-30k-une-saveur-chaude-et-sucree","status":"publish","type":"product","link":"https:\/\/puffvapestore.com\/pl\/product\/truskawka-arbuz-kiwi-marakuja-guawa-bang-king-30k-cieply-slodki-smak\/","title":{"rendered":"Strawberry Watermelon &amp; Kiwi Passion Fruit Guava - Bang King 30000 Podw\u00f3jny smak"},"content":{"rendered":"<div data-elementor-type=\"wp-post\" data-elementor-id=\"6196\" class=\"elementor elementor-6196\">\n\t\t\t\t<div class=\"elementor-element elementor-element-08c26f9 e-flex e-con-boxed e-con e-parent\" data-id=\"08c26f9\" data-element_type=\"container\" data-e-type=\"container\">\n\t\t\t\t\t<div class=\"e-con-inner\">\n\t\t\t\t<div class=\"elementor-element elementor-element-a005a97 elementor-widget elementor-widget-text-editor\" data-id=\"a005a97\" data-element_type=\"widget\" data-e-type=\"widget\" data-widget_type=\"text-editor.default\">\n\t\t\t\t<div class=\"elementor-widget-container\">\n\t\t\t\t\t\t\t\t\t<p>Kombinacja smak\u00f3w \u00abStrawberry Watermelon &amp; Kiwi Passion Fruit Guava\u00bb w papierosie elektronicznym BangKing30K zapewnia dwa bogate i ca\u0142kowicie r\u00f3\u017cne owocowe doznania. Mo\u017cesz zmieni\u0107 smak w dowolnym momencie i w pe\u0142ni cieszy\u0107 si\u0119 ka\u017cd\u0105 owocow\u0105 zmian\u0105.<\/p><h2>Smak 1: Truskawkowy arbuz (Strawberry Watermelon)<\/h2><p><strong>Mi\u0119kki, s\u0142odki atak<\/strong><br \/>Zaraz po inhalacji poczujesz owocowy aromat truskawek, ciep\u0142y i s\u0142odki, z naturaln\u0105 owocow\u0105 \u015bwie\u017co\u015bci\u0105.<\/p><p><strong>Sercem smaku jest kremowa konsystencja.<\/strong><br \/>Nast\u0119pnie aromat arbuza stopniowo wzrasta, ust\u0119puj\u0105c miejsca lekkiej s\u0142odyczy. Ten aromatyzowany papieros elektroniczny jest jak k\u0119s \u015bwie\u017co pokrojonego arbuza, kt\u00f3ry otula kubki smakowe wilgoci\u0105 i \u015bwie\u017co\u015bci\u0105.<\/p><h2>Smak 2: kiwi, marakuja, guawa<\/h2><p><strong>Pierwszy powiew: cierpkie kiwi<\/strong><br \/>Pierwszy powiew koncentruje si\u0119 na orze\u017awiaj\u0105cej kwaskowato\u015bci kiwi, z subteln\u0105 ziarnisto\u015bci\u0105 delikatnych nasion, zar\u00f3wno przejrzystych, jak i stymuluj\u0105cych kubki smakowe.<\/p><p><strong>Pasta po\u015brednia: aromat marakui<\/strong><br \/>Nast\u0119pnie stopniowo wy\u0142ania si\u0119 tropikalny smak marakui. Jego zapach i kwaskowato\u015b\u0107 s\u0105 silniejsze i ostrzejsze ni\u017c w przypadku kiwi, zanurzaj\u0105c smak w g\u0142\u0119bi tropikalnych sad\u00f3w.<\/p><p><strong>\u0141agodny, s\u0142odki posmak: zr\u00f3wnowa\u017cona guawa<\/strong><br \/>Wreszcie, ciep\u0142y, s\u0142odki zapach guawy przejmuje kontrol\u0119, k\u0142ad\u0105c podwaliny pod doznania smakowe. \u0141agodny, ale bardzo owocowy, jest jak smar, kt\u00f3ry r\u00f3wnowa\u017cy wyra\u017an\u0105 kwasowo\u015b\u0107.<\/p><p><strong>Posmak<\/strong><br \/>Owocowy aromat p\u0142ynnie rozprzestrzenia si\u0119 na podniebieniu, z naprzemienn\u0105 s\u0142odycz\u0105 i kwasowo\u015bci\u0105, zapewniaj\u0105c ci\u0105g\u0142\u0105 \u015bwie\u017co\u015b\u0107 i mocny posmak.<\/p><p><strong>Og\u00f3lne wra\u017cenia<\/strong><br \/>To jak degustacja szklanki spersonalizowanego soku: kwasowo\u015b\u0107 zaczyna si\u0119, eksploduje na podniebieniu, po czym powraca do s\u0142odkiego, koj\u0105cego smaku, kt\u00f3ry jest pe\u0142ny i zr\u00f3\u017cnicowany.<\/p><h2>Podw\u00f3jny smak, podw\u00f3jne doznania<\/h2><p>Model Bang King 30000 Strawberry Watermelon &amp; Kiwi Passion Fruit Guava posiada innowacyjny system dw\u00f3ch smak\u00f3w, dzi\u0119ki czemu mo\u017cna prze\u0142\u0105cza\u0107 si\u0119 z jednego smaku na drugi w dowolnym momencie.<\/p><p>Zbiornik e-liquidu o pojemno\u015bci 36 ml, kt\u00f3ry jest znacznie wi\u0119kszy ni\u017c w konwencjonalnych produktach, zapewnia pe\u0142n\u0105, p\u0142ynn\u0105 inhalacj\u0119, zmniejszaj\u0105c potrzeb\u0119 cz\u0119stych zmian i gwarantuj\u0105c d\u0142ugotrwa\u0142e u\u017cytkowanie.<\/p><h2>Liczba zaci\u0105gni\u0119\u0107: do 30 000 zaci\u0105gni\u0119\u0107<\/h2><p>Model Bang King 30000 Strawberry Watermelon &amp; Kiwi Passion Fruit Guava oferuje do 30 tysi\u0119cy zaci\u0105gni\u0119\u0107, czyli d\u0142u\u017cej ni\u017c tradycyjne jednorazowe papierosy elektroniczne. Jest to idealny wyb\u00f3r dla intensywnych u\u017cytkownik\u00f3w, kt\u00f3rzy nie musz\u0105 cz\u0119sto zmienia\u0107 sprz\u0119tu.<\/p><p>Wbudowany akumulator litowy o pojemno\u015bci 550 mAh z interfejsem szybkiego \u0142adowania USB-C zapewnia bardziej wydajne, bezpieczne i stabilne \u0142adowanie oraz d\u0142u\u017csze u\u017cytkowanie. System zarz\u0105dzania energi\u0105 zwi\u0119ksza \u017cywotno\u015b\u0107 baterii i wydajno\u015b\u0107 \u0142adowania.<\/p><h2>Podgrzewana struktura siatki, bogaty smak<\/h2><p>Model Bang King 30000 Strawberry Watermelon &amp; Kiwi Passion Fruit Guava wykorzystuje zaawansowan\u0105 cewk\u0119 atomizacyjn\u0105 1,0 \u03a9 (Mesh Coil), kt\u00f3ra znacznie poprawia wydajno\u015b\u0107 atomizacji, sprawia, \u017ce dym jest delikatniejszy, a smak czystszy, przy jednoczesnym uwzgl\u0119dnieniu du\u017cej obj\u0119to\u015bci dymu i delikatnego smaku, zapewniaj\u0105c satysfakcj\u0119 zbli\u017con\u0105 do prawdziwego papierosa.<\/p><p>Dost\u0119pne s\u0105 cztery poziomy st\u0119\u017cenia nikotyny (0 %, 2 %, 3 % i 5 %), aby zaspokoi\u0107 r\u00f3\u017cne potrzeby u\u017cytkownik\u00f3w rzucaj\u0105cych palenie i na\u0142ogowych palaczy oraz umo\u017cliwi\u0107 im swobodny wyb\u00f3r intensywno\u015bci, kt\u00f3ra im odpowiada.<\/p><p>Model Bang King 30000 Strawberry Watermelon &amp; Kiwi Passion Fruit Guava charakteryzuje si\u0119 czystymi liniami, wygod\u0105 u\u017cytkowania oraz optymaln\u0105 lekko\u015bci\u0105 i por\u0119czno\u015bci\u0105, dzi\u0119ki czemu idealnie nadaje si\u0119 do codziennego u\u017cytku lub podr\u00f3\u017cy.<\/p>\t\t\t\t\t\t\t\t<\/div>\n\t\t\t\t<\/div>\n\t\t\t\t\t<\/div>\n\t\t\t\t<\/div>\n\t\t\t\t<\/div>","protected":false},"excerpt":{"rendered":"<p>La combinaison de saveurs \u00ab Fraise Past\u00e8que &amp; Kiwi Fruit de la Passion Goyave \u00bb de la cigarette \u00e9lectronique BangKing30K vous offre deux exp\u00e9riences fruit\u00e9es riches et compl\u00e8tement diff\u00e9rentes. Vous pouvez changer de saveur \u00e0 tout moment et profiter pleinement de chaque changement fruit\u00e9. Ar\u00f4me 1 : Fraise Past\u00e8que (Fraise Past\u00e8que) Attaque douce et sucr\u00e9eD\u00e8s [&hellip;]<\/p>\n","protected":false},"featured_media":5981,"comment_status":"open","ping_status":"closed","template":"","meta":{"site-sidebar-layout":"no-sidebar","site-content-layout":"page-builder","ast-site-content-layout":"normal-width-container","site-content-style":"default","site-sidebar-style":"default","ast-global-header-display":"","ast-banner-title-visibility":"","ast-main-header-display":"","ast-hfb-above-header-display":"","ast-hfb-below-header-display":"","ast-hfb-mobile-header-display":"","site-post-title":"disabled","ast-breadcrumbs-content":"","ast-featured-img":"disabled","footer-sml-layout":"","ast-disable-related-posts":"","theme-transparent-header-meta":"default","adv-header-id-meta":"","stick-header-meta":"default","header-above-stick-meta":"","header-main-stick-meta":"","header-below-stick-meta":"","astra-migrate-meta-layouts":"set","ast-page-background-enabled":"default","ast-page-background-meta":{"desktop":{"background-color":"","background-image":"","background-repeat":"repeat","background-position":"center center","background-size":"auto","background-attachment":"scroll","background-type":"","background-media":"","overlay-type":"","overlay-color":"","overlay-opacity":"","overlay-gradient":""},"tablet":{"background-color":"","background-image":"","background-repeat":"repeat","background-position":"center center","background-size":"auto","background-attachment":"scroll","background-type":"","background-media":"","overlay-type":"","overlay-color":"","overlay-opacity":"","overlay-gradient":""},"mobile":{"background-color":"","background-image":"","background-repeat":"repeat","background-position":"center center","background-size":"auto","background-attachment":"scroll","background-type":"","background-media":"","overlay-type":"","overlay-color":"","overlay-opacity":"","overlay-gradient":""}},"ast-content-background-meta":{"desktop":{"background-color":"var(--ast-global-color-5)","background-image":"","background-repeat":"repeat","background-position":"center center","background-size":"auto","background-attachment":"scroll","background-type":"","background-media":"","overlay-type":"","overlay-color":"","overlay-opacity":"","overlay-gradient":""},"tablet":{"background-color":"var(--ast-global-color-5)","background-image":"","background-repeat":"repeat","background-position":"center center","background-size":"auto","background-attachment":"scroll","background-type":"","background-media":"","overlay-type":"","overlay-color":"","overlay-opacity":"","overlay-gradient":""},"mobile":{"background-color":"var(--ast-global-color-5)","background-image":"","background-repeat":"repeat","background-position":"center center","background-size":"auto","background-attachment":"scroll","background-type":"","background-media":"","overlay-type":"","overlay-color":"","overlay-opacity":"","overlay-gradient":""}}},"product_brand":[52],"product_cat":[55,86,15],"product_tag":[],"class_list":{"0":"post-6196","1":"product","2":"type-product","3":"status-publish","4":"has-post-thumbnail","6":"product_brand-bang-king","7":"product_cat-bang-king-30000-double-saveur-offre-jusqua-36ml-de-liquide","8":"product_cat-puff-30k","9":"product_cat-magasin-cigarette-electronique","10":"desktop-align-center","11":"tablet-align-center","12":"mobile-align-center","13":"ast-product-gallery-layout-horizontal","14":"ast-product-gallery-with-no-image","15":"ast-product-single-variable","16":"ast-product-tabs-layout-horizontal","17":"ast-qv-on-image","19":"first","20":"instock","21":"sale","22":"shipping-taxable","23":"purchasable","24":"product-type-variable","25":"has-default-attributes"},"tiered_pricing_type":"fixed","tiered_pricing_fixed_rules":{"50":7.33,"100":6.66},"tiered_pricing_product_settings":{"layout":"default","base_unit_name":{"singular":null,"plural":null},"default_variation":null},"tiered_pricing_minimum_quantity":null,"tiered_pricing_roles_data":[],"tiered_pricing_percentage_rules":[],"_links":{"self":[{"href":"https:\/\/puffvapestore.com\/pl\/wp-json\/wp\/v2\/product\/6196","targetHints":{"allow":["GET"]}}],"collection":[{"href":"https:\/\/puffvapestore.com\/pl\/wp-json\/wp\/v2\/product"}],"about":[{"href":"https:\/\/puffvapestore.com\/pl\/wp-json\/wp\/v2\/types\/product"}],"replies":[{"embeddable":true,"href":"https:\/\/puffvapestore.com\/pl\/wp-json\/wp\/v2\/comments?post=6196"}],"version-history":[{"count":7,"href":"https:\/\/puffvapestore.com\/pl\/wp-json\/wp\/v2\/product\/6196\/revisions"}],"predecessor-version":[{"id":6631,"href":"https:\/\/puffvapestore.com\/pl\/wp-json\/wp\/v2\/product\/6196\/revisions\/6631"}],"wp:featuredmedia":[{"embeddable":true,"href":"https:\/\/puffvapestore.com\/pl\/wp-json\/wp\/v2\/media\/5981"}],"wp:attachment":[{"href":"https:\/\/puffvapestore.com\/pl\/wp-json\/wp\/v2\/media?parent=6196"}],"wp:term":[{"taxonomy":"product_brand","embeddable":true,"href":"https:\/\/puffvapestore.com\/pl\/wp-json\/wp\/v2\/product_brand?post=6196"},{"taxonomy":"product_cat","embeddable":true,"href":"https:\/\/puffvapestore.com\/pl\/wp-json\/wp\/v2\/product_cat?post=6196"},{"taxonomy":"product_tag","embeddable":true,"href":"https:\/\/puffvapestore.com\/pl\/wp-json\/wp\/v2\/product_tag?post=6196"}],"curies":[{"name":"wp","href":"https:\/\/api.w.org\/{rel}","templated":true}]}}