{"id":6184,"date":"2025-08-02T03:42:18","date_gmt":"2025-08-02T03:42:18","guid":{"rendered":"https:\/\/puffvapestore.com\/?post_type=product&#038;p=6184"},"modified":"2026-01-19T10:36:11","modified_gmt":"2026-01-19T10:36:11","slug":"red-bull-watermelon-bubble-candy-bang-king-30k-un-gout-sucre-et-rafraichissant","status":"publish","type":"product","link":"https:\/\/puffvapestore.com\/pl\/product\/red-bull-watermelon-bubble-candy-bang-king-30k-slodki-i-orzezwiajacy-smak\/","title":{"rendered":"Red Bull &amp; Watermelon Bubble Candy - Bang King 30000 Podw\u00f3jny smak"},"content":{"rendered":"<div data-elementor-type=\"wp-post\" data-elementor-id=\"6184\" class=\"elementor elementor-6184\">\n\t\t\t\t<div class=\"elementor-element elementor-element-08c26f9 e-flex e-con-boxed e-con e-parent\" data-id=\"08c26f9\" data-element_type=\"container\" data-e-type=\"container\">\n\t\t\t\t\t<div class=\"e-con-inner\">\n\t\t\t\t<div class=\"elementor-element elementor-element-a005a97 elementor-widget elementor-widget-text-editor\" data-id=\"a005a97\" data-element_type=\"widget\" data-e-type=\"widget\" data-widget_type=\"text-editor.default\">\n\t\t\t\t<div class=\"elementor-widget-container\">\n\t\t\t\t\t\t\t\t\t<p>Po\u0142\u0105czenie \u00abWatermelon and Red Bull Bubbles\u00bb w papierosach elektronicznych BangKing30K pozwala odkry\u0107 dwa zupe\u0142nie r\u00f3\u017cne smaki: orze\u017awiaj\u0105cy nap\u00f3j energetyczny oraz owocowy, s\u0142odki i zabawny smak gumy do \u017cucia.<\/p><h2>Smak 1: Red Bull (smak napoju energetycznego)<\/h2><p>Pierwszym odczuciem jest lekki s\u0142odko-kwa\u015bny, kwasowo-w\u0119glowy smak typowy dla klasycznych napoj\u00f3w energetycznych. Chocia\u017c nie ma prawdziwych b\u0105belk\u00f3w, \u00abbulgotanie\u00bb dymu symuluje uczucie mro\u017conego Red Bulla.<\/p><p><strong>S\u0142odko-cierpki stosunek<\/strong><br \/>S\u0142odycz jest wyra\u017ana, ale nie przesadna, towarzyszy jej orze\u017awiaj\u0105ca kwaskowato\u015b\u0107, jakby dodatek cytryny wzmocni\u0142 smak, czyni\u0105c go l\u017cejszym i bardziej energicznym.<\/p><p><strong>Subtelny posmak<\/strong><br \/>Lekki karmelowy lub s\u0142odowy aromat zag\u0119szcza dymn\u0105 tekstur\u0119 i powoli si\u0119 rozprasza, pozostawiaj\u0105c uczucie \u015bwie\u017co\u015bci, kt\u00f3re pozostawia niezatarte wra\u017cenie.<\/p><h2>Smak 2: Cukierki arbuzowe<\/h2><p><strong>S\u0142odki dym unosi si\u0119 w ustach<\/strong><br \/>Od pierwszego pow\u0105chania czu\u0107 \u015bwie\u017cy, soczysty aromat arbuza - troch\u0119 jak plasterki arbuza \u015bwie\u017co wyj\u0119te z lod\u00f3wki, s\u0142odkie, wodniste i przejrzyste.<\/p><p><strong>S\u0142odkie uczucie \u017cucia gumy<\/strong><br \/>Nast\u0119pnie s\u0142odycz zostaje otoczona nostalgicznym aromatem gumy do \u017cucia - bardziej wyrazistym, ale nie t\u0142ustym, z lekk\u0105 kr\u0105g\u0142o\u015bci\u0105 syntetycznych cukierk\u00f3w, jak gumy do \u017cucia, kt\u00f3rymi zajada\u0142em si\u0119 w dzieci\u0144stwie.<\/p><p><strong>Poziom smaku<\/strong><br \/>Naturalny owocowy aromat arbuza i sztuczna s\u0142odycz gumy balonowej harmonijnie si\u0119 \u0142\u0105cz\u0105. Kontrast jest subtelny, ale oczywisty, dzi\u0119ki czemu s\u0142odycz na podniebieniu szybko zmienia si\u0119 z \u00abnaturalnej\u00bb na \u2019dzieci\u0119c\u0105\u00ab, oferuj\u0105c przyjemne doznania smakowe.<\/p><p><strong>Orze\u017awiaj\u0105cy posmak<\/strong><br \/>Posmak jest nadal lekko \u015bwie\u017cy, jak mieszanka lod\u00f3w arbuzowych i gumy balonowej, z odrobin\u0105 \u015bwie\u017co\u015bci.<\/p><h2>Scenariusze korzystania z aromat\u00f3w<\/h2><p>Poranek lub zm\u0119czenie: wybierz smak Red Bulla, aby natychmiast rozbudzi\u0107 zmys\u0142y i ducha.<\/p><p>Kiedy jeste\u015b wolny, zrelaksowany lub czujesz nostalgi\u0119: wybierz smak Watermelon Bubble Candy, aby delektowa\u0107 si\u0119 przyjemno\u015bci\u0105 s\u0142odkich owoc\u00f3w i gumy balonowej.<\/p><h2>Podw\u00f3jny smak, podw\u00f3jne doznania<\/h2><p>Model Bang King 30000 Red Bull &amp; Watermelon Bubble Candy jest wyposa\u017cony w innowacyjny system dw\u00f3ch smak\u00f3w, dzi\u0119ki czemu w ka\u017cdej chwili mo\u017cna prze\u0142\u0105czy\u0107 si\u0119 z jednego smaku na drugi.<\/p><p>Zbiornik e-liquidu o pojemno\u015bci 36 ml, kt\u00f3ry jest znacznie wi\u0119kszy ni\u017c w konwencjonalnych produktach, zapewnia pe\u0142n\u0105, p\u0142ynn\u0105 inhalacj\u0119, zmniejszaj\u0105c potrzeb\u0119 cz\u0119stych zmian i gwarantuj\u0105c d\u0142ugotrwa\u0142e u\u017cytkowanie.<\/p><h2>Liczba zaci\u0105gni\u0119\u0107: do 30 000 zaci\u0105gni\u0119\u0107<\/h2><p>Model Bang King 30000 Red Bull &amp; Watermelon Bubble Candy oferuje do 30 tysi\u0119cy zaci\u0105gni\u0119\u0107, czyli d\u0142u\u017cej ni\u017c tradycyjne jednorazowe papierosy elektroniczne. Jest to idealny wyb\u00f3r dla intensywnych u\u017cytkownik\u00f3w, kt\u00f3rzy nie musz\u0105 cz\u0119sto zmienia\u0107 sprz\u0119tu.<\/p><p>Wbudowany akumulator litowy o pojemno\u015bci 550 mAh z interfejsem szybkiego \u0142adowania USB-C zapewnia bardziej wydajne, bezpieczne i stabilne \u0142adowanie oraz d\u0142u\u017csze u\u017cytkowanie. System zarz\u0105dzania energi\u0105 zwi\u0119ksza \u017cywotno\u015b\u0107 baterii i wydajno\u015b\u0107 \u0142adowania.<\/p><h2>Podgrzewana struktura siatki, bogaty smak<\/h2><p>Model Bang King 30000 Red Bull &amp; Watermelon Bubble Candy wykorzystuje zaawansowan\u0105 cewk\u0119 atomizacyjn\u0105 Mesh Coil (cewka siatkowa) 1,0 \u03a9, kt\u00f3ra znacznie poprawia wydajno\u015b\u0107 atomizacji, sprawia, \u017ce dym jest delikatniejszy, a smak czystszy, a jednocze\u015bnie zapewnia du\u017c\u0105 obj\u0119to\u015b\u0107 dymu i delikatny smak, zapewniaj\u0105c niemal prawdziw\u0105 satysfakcj\u0119 z palenia papieros\u00f3w.<\/p><p>Dost\u0119pne s\u0105 cztery poziomy st\u0119\u017cenia nikotyny (0 %, 2 %, 3 % i 5 %), aby zaspokoi\u0107 r\u00f3\u017cne potrzeby u\u017cytkownik\u00f3w rzucaj\u0105cych palenie i na\u0142ogowych palaczy oraz umo\u017cliwi\u0107 im swobodny wyb\u00f3r intensywno\u015bci, kt\u00f3ra im odpowiada.<\/p><p>Model Bang King 30000 charakteryzuje si\u0119 czystymi liniami, wygod\u0105 u\u017cytkowania oraz optymaln\u0105 lekko\u015bci\u0105 i przeno\u015bno\u015bci\u0105, dzi\u0119ki czemu idealnie nadaje si\u0119 do codziennego u\u017cytku lub podr\u00f3\u017cy.<\/p>\t\t\t\t\t\t\t\t<\/div>\n\t\t\t\t<\/div>\n\t\t\t\t\t<\/div>\n\t\t\t\t<\/div>\n\t\t\t\t<\/div>","protected":false},"excerpt":{"rendered":"<p>La combinaison \u00ab\u00a0Bonbons Bubbles Past\u00e8que et Red Bull\u00a0\u00bb des cigarettes \u00e9lectroniques BangKing30K vous permet de d\u00e9couvrir deux saveurs compl\u00e8tement diff\u00e9rentes\u00a0: une boisson \u00e9nergisante rafra\u00eechissante et une saveur fruit\u00e9e et sucr\u00e9e et amusante de chewing-gum. Saveur 1\u00a0: Red Bull (saveur boisson \u00e9nergisante) La premi\u00e8re sensation ressentie est le l\u00e9ger go\u00fbt aigre-doux et acide carbonique propre aux [&hellip;]<\/p>\n","protected":false},"featured_media":5977,"comment_status":"open","ping_status":"closed","template":"","meta":{"site-sidebar-layout":"no-sidebar","site-content-layout":"page-builder","ast-site-content-layout":"normal-width-container","site-content-style":"default","site-sidebar-style":"default","ast-global-header-display":"","ast-banner-title-visibility":"","ast-main-header-display":"","ast-hfb-above-header-display":"","ast-hfb-below-header-display":"","ast-hfb-mobile-header-display":"","site-post-title":"disabled","ast-breadcrumbs-content":"","ast-featured-img":"disabled","footer-sml-layout":"","ast-disable-related-posts":"","theme-transparent-header-meta":"default","adv-header-id-meta":"","stick-header-meta":"default","header-above-stick-meta":"","header-main-stick-meta":"","header-below-stick-meta":"","astra-migrate-meta-layouts":"set","ast-page-background-enabled":"default","ast-page-background-meta":{"desktop":{"background-color":"","background-image":"","background-repeat":"repeat","background-position":"center center","background-size":"auto","background-attachment":"scroll","background-type":"","background-media":"","overlay-type":"","overlay-color":"","overlay-opacity":"","overlay-gradient":""},"tablet":{"background-color":"","background-image":"","background-repeat":"repeat","background-position":"center center","background-size":"auto","background-attachment":"scroll","background-type":"","background-media":"","overlay-type":"","overlay-color":"","overlay-opacity":"","overlay-gradient":""},"mobile":{"background-color":"","background-image":"","background-repeat":"repeat","background-position":"center center","background-size":"auto","background-attachment":"scroll","background-type":"","background-media":"","overlay-type":"","overlay-color":"","overlay-opacity":"","overlay-gradient":""}},"ast-content-background-meta":{"desktop":{"background-color":"var(--ast-global-color-5)","background-image":"","background-repeat":"repeat","background-position":"center center","background-size":"auto","background-attachment":"scroll","background-type":"","background-media":"","overlay-type":"","overlay-color":"","overlay-opacity":"","overlay-gradient":""},"tablet":{"background-color":"var(--ast-global-color-5)","background-image":"","background-repeat":"repeat","background-position":"center center","background-size":"auto","background-attachment":"scroll","background-type":"","background-media":"","overlay-type":"","overlay-color":"","overlay-opacity":"","overlay-gradient":""},"mobile":{"background-color":"var(--ast-global-color-5)","background-image":"","background-repeat":"repeat","background-position":"center center","background-size":"auto","background-attachment":"scroll","background-type":"","background-media":"","overlay-type":"","overlay-color":"","overlay-opacity":"","overlay-gradient":""}}},"product_brand":[52],"product_cat":[55,86,15],"product_tag":[],"class_list":{"0":"post-6184","1":"product","2":"type-product","3":"status-publish","4":"has-post-thumbnail","6":"product_brand-bang-king","7":"product_cat-bang-king-30000-double-saveur-offre-jusqua-36ml-de-liquide","8":"product_cat-puff-30k","9":"product_cat-magasin-cigarette-electronique","10":"desktop-align-center","11":"tablet-align-center","12":"mobile-align-center","13":"ast-product-gallery-layout-horizontal","14":"ast-product-gallery-with-no-image","15":"ast-product-single-variable","16":"ast-product-tabs-layout-horizontal","17":"ast-qv-on-image","19":"first","20":"instock","21":"sale","22":"shipping-taxable","23":"purchasable","24":"product-type-variable","25":"has-default-attributes"},"tiered_pricing_type":"fixed","tiered_pricing_fixed_rules":{"50":7.33,"100":6.66},"tiered_pricing_product_settings":{"layout":"default","base_unit_name":{"singular":null,"plural":null},"default_variation":null},"tiered_pricing_minimum_quantity":null,"tiered_pricing_roles_data":[],"tiered_pricing_percentage_rules":[],"_links":{"self":[{"href":"https:\/\/puffvapestore.com\/pl\/wp-json\/wp\/v2\/product\/6184","targetHints":{"allow":["GET"]}}],"collection":[{"href":"https:\/\/puffvapestore.com\/pl\/wp-json\/wp\/v2\/product"}],"about":[{"href":"https:\/\/puffvapestore.com\/pl\/wp-json\/wp\/v2\/types\/product"}],"replies":[{"embeddable":true,"href":"https:\/\/puffvapestore.com\/pl\/wp-json\/wp\/v2\/comments?post=6184"}],"version-history":[{"count":8,"href":"https:\/\/puffvapestore.com\/pl\/wp-json\/wp\/v2\/product\/6184\/revisions"}],"predecessor-version":[{"id":6630,"href":"https:\/\/puffvapestore.com\/pl\/wp-json\/wp\/v2\/product\/6184\/revisions\/6630"}],"wp:featuredmedia":[{"embeddable":true,"href":"https:\/\/puffvapestore.com\/pl\/wp-json\/wp\/v2\/media\/5977"}],"wp:attachment":[{"href":"https:\/\/puffvapestore.com\/pl\/wp-json\/wp\/v2\/media?parent=6184"}],"wp:term":[{"taxonomy":"product_brand","embeddable":true,"href":"https:\/\/puffvapestore.com\/pl\/wp-json\/wp\/v2\/product_brand?post=6184"},{"taxonomy":"product_cat","embeddable":true,"href":"https:\/\/puffvapestore.com\/pl\/wp-json\/wp\/v2\/product_cat?post=6184"},{"taxonomy":"product_tag","embeddable":true,"href":"https:\/\/puffvapestore.com\/pl\/wp-json\/wp\/v2\/product_tag?post=6184"}],"curies":[{"name":"wp","href":"https:\/\/api.w.org\/{rel}","templated":true}]}}