{"id":6173,"date":"2025-08-01T12:31:43","date_gmt":"2025-08-01T12:31:43","guid":{"rendered":"https:\/\/puffvapestore.com\/?post_type=product&#038;p=6173"},"modified":"2026-01-19T10:36:11","modified_gmt":"2026-01-19T10:36:11","slug":"strawberry-kiwi-sour-apple-raspberry-bang-king-30k-allie-un-arome-fruite-doux","status":"publish","type":"product","link":"https:\/\/puffvapestore.com\/pl\/product\/truskawka-kiwi-kwasne-jablko-malina-bang-king-30k-laczy-slodki-owocowy-aromat-z-owocowym-smakiem\/","title":{"rendered":"Truskawka Kiwi &amp; Kwa\u015bne Jab\u0142ko Malina - Bang King 30000 Podw\u00f3jny Smak"},"content":{"rendered":"<div data-elementor-type=\"wp-post\" data-elementor-id=\"6173\" class=\"elementor elementor-6173\">\n\t\t\t\t<div class=\"elementor-element elementor-element-08c26f9 e-flex e-con-boxed e-con e-parent\" data-id=\"08c26f9\" data-element_type=\"container\" data-e-type=\"container\">\n\t\t\t\t\t<div class=\"e-con-inner\">\n\t\t\t\t<div class=\"elementor-element elementor-element-a005a97 elementor-widget elementor-widget-text-editor\" data-id=\"a005a97\" data-element_type=\"widget\" data-e-type=\"widget\" data-widget_type=\"text-editor.default\">\n\t\t\t\t<div class=\"elementor-widget-container\">\n\t\t\t\t\t\t\t\t\t<p>Po\u0142\u0105czenie smak\u00f3w \u00abStrawberry Kiwi &amp; Acidulated Apple Raspberry\u00bb w papierosie elektronicznym BangKing30K tworzy unikalne, subtelne, s\u0142odko-gorzkie doznania, pozwalaj\u0105c na zr\u00f3\u017cnicowanie przyjemno\u015bci w dowolnym momencie: s\u0142odki owocowy aromat i pobudzaj\u0105ca kwaskowato\u015b\u0107.<\/p><h2>Smak 1: Truskawka z kiwi<\/h2><p><strong>Pierwsza inhalacja<\/strong><br \/>S\u0142odycz i soczysto\u015b\u0107 truskawek jest obecna, jak \u015bwie\u017co zerwana dojrza\u0142a truskawka, daj\u0105c natychmiastowy ciep\u0142y, s\u0142odki owocowy smak.<\/p><p><strong>S\u0142odko-kwa\u015bna r\u00f3wnowaga na \u015brodkowym podniebieniu<\/strong><br \/>Nast\u0119pnie pojawia si\u0119 lekka kwaskowato\u015b\u0107 i owocowy aromat kiwi, kt\u00f3ry dodaje ca\u0142o\u015bci odrobin\u0119 \u015bwie\u017cej kwasowo\u015bci i neutralizuje s\u0142odycz truskawek, nadaj\u0105c jej dodatkow\u0105 z\u0142o\u017cono\u015b\u0107.<\/p><p><strong>Orze\u017awiaj\u0105cy posmak na finiszu<\/strong><br \/>Posmak oferuje lekkie uczucie \u015bwie\u017co\u015bci, pozostawiaj\u0105c orze\u017awiaj\u0105ce wyko\u0144czenie na podniebieniu, ani zbyt mocne, ani dominuj\u0105ce, bardzo zr\u00f3wnowa\u017cone i naturalne.<\/p><h3>Podsumowanie w\u0142a\u015bciwo\u015bci smakowych<\/h3><p>Umiarkowana s\u0142odycz, bogaty owocowy aromat<\/p><p>\u0141agodna, niedra\u017cni\u0105ca cierpko\u015b\u0107<\/p><h2>Smak 2: Jab\u0142ko-malina<\/h2><p><strong>Pikantny atak<\/strong><br \/>Ostra kwaskowato\u015b\u0107 chrupi\u0105cych, cierpkich jab\u0142ek jest pierwsz\u0105 rzecz\u0105, kt\u00f3r\u0105 zauwa\u017casz, a s\u0142odki mi\u0105\u017csz sprawia wra\u017cenie gryzienia zimnego zielonego jab\u0142ka, natychmiast pobudzaj\u0105c kubki smakowe.<\/p><p><strong>Malinowy smak w \u015brodku i na ko\u0144cu ust.<\/strong><br \/>Gdy kwasowo\u015b\u0107 jab\u0142ka utrzymuje si\u0119 na podniebieniu, rozwija si\u0119 lekki aromat malin, przynosz\u0105c \u0142agodniejsz\u0105 owocow\u0105 kwasowo\u015b\u0107 i ciep\u0142e smaki czerwonych owoc\u00f3w, takie jak kwasowo\u015b\u0107 jab\u0142ka i s\u0142odycz malin, kt\u00f3re ta\u0144cz\u0105 na podniebieniu.<\/p><p><strong>Kwasowo\u015b\u0107 i r\u00f3wnowaga<\/strong><br \/>Dodatek malin nie \u0142agodzi kwasowo\u015bci jab\u0142ka, ale dodaje odrobin\u0119 s\u0142odyczy, dzi\u0119ki czemu og\u00f3lna kwasowo\u015b\u0107 jest wysoka, nie ostra ani przeszywaj\u0105ca, ale cierpka i aromatyczna.<\/p><p><strong>Posmak<\/strong><br \/>Owocowy aromat rozprzestrzenia si\u0119 w dymie, pozostawiaj\u0105c s\u0142odko-kwa\u015bny posmak na podniebieniu, niczym s\u0142odko-kwa\u015bny sok.<\/p><h3>Mo\u017ce by\u0107 u\u017cywany w szerokim zakresie kontekst\u00f3w<\/h3><p>Aby uzyska\u0107 s\u0142odki owocowy smak, wybierz Strawberry Kiwi, aby uzyska\u0107 orze\u017awiaj\u0105c\u0105 r\u00f3wnowag\u0119.<\/p><p>Szukasz pobudzenia i orze\u017awienia? Prze\u0142\u0105cz si\u0119 na pikantny smak jab\u0142kowo-malinowy jednym klikni\u0119ciem i natychmiast poczuj kwaskowato\u015b\u0107.<\/p><h2>Podw\u00f3jny smak, podw\u00f3jne doznania<\/h2><p>Model Bang King 30000 Strawberry Kiwi &amp; Sour Apple Raspberry posiada innowacyjny system dw\u00f3ch smak\u00f3w, dzi\u0119ki czemu mo\u017cna prze\u0142\u0105cza\u0107 si\u0119 z jednego smaku na drugi w dowolnym momencie.<\/p><p>Zbiornik e-liquidu o pojemno\u015bci 36 ml, kt\u00f3ry jest znacznie wi\u0119kszy ni\u017c w konwencjonalnych produktach, zapewnia pe\u0142n\u0105, p\u0142ynn\u0105 inhalacj\u0119, zmniejszaj\u0105c potrzeb\u0119 cz\u0119stych zmian i gwarantuj\u0105c d\u0142ugotrwa\u0142e u\u017cytkowanie.<\/p><h2>Liczba zaci\u0105gni\u0119\u0107: do 30 000 zaci\u0105gni\u0119\u0107<\/h2><p>Bang King 30000 Strawberry Kiwi &amp; Sour Apple Raspberry oferuje do 30 tysi\u0119cy zaci\u0105gni\u0119\u0107, czyli d\u0142u\u017cej ni\u017c tradycyjne jednorazowe papierosy elektroniczne. Jest to idealny wyb\u00f3r dla intensywnych u\u017cytkownik\u00f3w, kt\u00f3rzy nie musz\u0105 cz\u0119sto zmienia\u0107 sprz\u0119tu.<\/p><p>Wbudowany akumulator litowy o pojemno\u015bci 550 mAh z interfejsem szybkiego \u0142adowania USB-C zapewnia bardziej wydajne, bezpieczne i stabilne \u0142adowanie oraz d\u0142u\u017csze u\u017cytkowanie. System zarz\u0105dzania energi\u0105 zwi\u0119ksza \u017cywotno\u015b\u0107 baterii i wydajno\u015b\u0107 \u0142adowania.<\/p><h2>Podgrzewana struktura siatki, bogaty smak<\/h2><p>Model Bang King 30000 Strawberry Kiwi &amp; Sour Apple Raspberry wykorzystuje zaawansowan\u0105 cewk\u0119 atomizacyjn\u0105 Mesh Coil (cewka siatkowa) 1,0 \u03a9, kt\u00f3ra znacznie poprawia wydajno\u015b\u0107 atomizacji, sprawia, \u017ce dym jest delikatniejszy, a smak czystszy, przy jednoczesnym dostosowaniu do du\u017cej ilo\u015bci dymu i delikatnego smaku, co zapewnia niemal prawdziw\u0105 satysfakcj\u0119 z palenia papieros\u00f3w.<\/p><p>Dost\u0119pne s\u0105 cztery poziomy st\u0119\u017cenia nikotyny (0 %, 2 %, 3 % i 5 %), aby zaspokoi\u0107 r\u00f3\u017cne potrzeby u\u017cytkownik\u00f3w rzucaj\u0105cych palenie i na\u0142ogowych palaczy oraz umo\u017cliwi\u0107 im swobodny wyb\u00f3r intensywno\u015bci, kt\u00f3ra im odpowiada.<\/p><p>Model Bang King 30000 Strawberry Kiwi &amp; Sour Apple Raspberry charakteryzuje si\u0119 czystymi liniami, wygod\u0105 u\u017cytkowania oraz optymaln\u0105 lekko\u015bci\u0105 i przeno\u015bno\u015bci\u0105, dzi\u0119ki czemu idealnie nadaje si\u0119 do codziennego u\u017cytku lub podr\u00f3\u017cy.<\/p>\t\t\t\t\t\t\t\t<\/div>\n\t\t\t\t<\/div>\n\t\t\t\t\t<\/div>\n\t\t\t\t<\/div>\n\t\t\t\t<\/div>","protected":false},"excerpt":{"rendered":"<p>La combinaison de saveurs \u00ab Fraise Kiwi &amp; Pomme Acidul\u00e9e Framboise \u00bb de la cigarette \u00e9lectronique BangKing30K cr\u00e9e une exp\u00e9rience unique, aigre-douce et subtile, vous permettant de varier les plaisirs \u00e0 tout moment\u00a0: ar\u00f4me fruit\u00e9 doux et acidit\u00e9 stimulante. Ar\u00f4me 1\u00a0: Fraise Kiwi Premi\u00e8re inhalationLa douceur et la jutosit\u00e9 des fraises sont pr\u00e9sentes, comme une [&hellip;]<\/p>\n","protected":false},"featured_media":5980,"comment_status":"open","ping_status":"closed","template":"","meta":{"site-sidebar-layout":"no-sidebar","site-content-layout":"page-builder","ast-site-content-layout":"normal-width-container","site-content-style":"default","site-sidebar-style":"default","ast-global-header-display":"","ast-banner-title-visibility":"","ast-main-header-display":"","ast-hfb-above-header-display":"","ast-hfb-below-header-display":"","ast-hfb-mobile-header-display":"","site-post-title":"disabled","ast-breadcrumbs-content":"","ast-featured-img":"disabled","footer-sml-layout":"","ast-disable-related-posts":"","theme-transparent-header-meta":"default","adv-header-id-meta":"","stick-header-meta":"default","header-above-stick-meta":"","header-main-stick-meta":"","header-below-stick-meta":"","astra-migrate-meta-layouts":"set","ast-page-background-enabled":"default","ast-page-background-meta":{"desktop":{"background-color":"","background-image":"","background-repeat":"repeat","background-position":"center center","background-size":"auto","background-attachment":"scroll","background-type":"","background-media":"","overlay-type":"","overlay-color":"","overlay-opacity":"","overlay-gradient":""},"tablet":{"background-color":"","background-image":"","background-repeat":"repeat","background-position":"center center","background-size":"auto","background-attachment":"scroll","background-type":"","background-media":"","overlay-type":"","overlay-color":"","overlay-opacity":"","overlay-gradient":""},"mobile":{"background-color":"","background-image":"","background-repeat":"repeat","background-position":"center center","background-size":"auto","background-attachment":"scroll","background-type":"","background-media":"","overlay-type":"","overlay-color":"","overlay-opacity":"","overlay-gradient":""}},"ast-content-background-meta":{"desktop":{"background-color":"var(--ast-global-color-5)","background-image":"","background-repeat":"repeat","background-position":"center center","background-size":"auto","background-attachment":"scroll","background-type":"","background-media":"","overlay-type":"","overlay-color":"","overlay-opacity":"","overlay-gradient":""},"tablet":{"background-color":"var(--ast-global-color-5)","background-image":"","background-repeat":"repeat","background-position":"center center","background-size":"auto","background-attachment":"scroll","background-type":"","background-media":"","overlay-type":"","overlay-color":"","overlay-opacity":"","overlay-gradient":""},"mobile":{"background-color":"var(--ast-global-color-5)","background-image":"","background-repeat":"repeat","background-position":"center center","background-size":"auto","background-attachment":"scroll","background-type":"","background-media":"","overlay-type":"","overlay-color":"","overlay-opacity":"","overlay-gradient":""}}},"product_brand":[52],"product_cat":[55,86,15],"product_tag":[],"class_list":{"0":"post-6173","1":"product","2":"type-product","3":"status-publish","4":"has-post-thumbnail","6":"product_brand-bang-king","7":"product_cat-bang-king-30000-double-saveur-offre-jusqua-36ml-de-liquide","8":"product_cat-puff-30k","9":"product_cat-magasin-cigarette-electronique","10":"desktop-align-center","11":"tablet-align-center","12":"mobile-align-center","13":"ast-product-gallery-layout-horizontal","14":"ast-product-gallery-with-no-image","15":"ast-product-single-variable","16":"ast-product-tabs-layout-horizontal","17":"ast-qv-on-image","19":"first","20":"instock","21":"sale","22":"shipping-taxable","23":"purchasable","24":"product-type-variable","25":"has-default-attributes"},"tiered_pricing_type":"fixed","tiered_pricing_fixed_rules":{"50":7.33,"100":6.66},"tiered_pricing_product_settings":{"layout":"default","base_unit_name":{"singular":null,"plural":null},"default_variation":null},"tiered_pricing_minimum_quantity":null,"tiered_pricing_roles_data":[],"tiered_pricing_percentage_rules":[],"_links":{"self":[{"href":"https:\/\/puffvapestore.com\/pl\/wp-json\/wp\/v2\/product\/6173","targetHints":{"allow":["GET"]}}],"collection":[{"href":"https:\/\/puffvapestore.com\/pl\/wp-json\/wp\/v2\/product"}],"about":[{"href":"https:\/\/puffvapestore.com\/pl\/wp-json\/wp\/v2\/types\/product"}],"replies":[{"embeddable":true,"href":"https:\/\/puffvapestore.com\/pl\/wp-json\/wp\/v2\/comments?post=6173"}],"version-history":[{"count":7,"href":"https:\/\/puffvapestore.com\/pl\/wp-json\/wp\/v2\/product\/6173\/revisions"}],"predecessor-version":[{"id":6629,"href":"https:\/\/puffvapestore.com\/pl\/wp-json\/wp\/v2\/product\/6173\/revisions\/6629"}],"wp:featuredmedia":[{"embeddable":true,"href":"https:\/\/puffvapestore.com\/pl\/wp-json\/wp\/v2\/media\/5980"}],"wp:attachment":[{"href":"https:\/\/puffvapestore.com\/pl\/wp-json\/wp\/v2\/media?parent=6173"}],"wp:term":[{"taxonomy":"product_brand","embeddable":true,"href":"https:\/\/puffvapestore.com\/pl\/wp-json\/wp\/v2\/product_brand?post=6173"},{"taxonomy":"product_cat","embeddable":true,"href":"https:\/\/puffvapestore.com\/pl\/wp-json\/wp\/v2\/product_cat?post=6173"},{"taxonomy":"product_tag","embeddable":true,"href":"https:\/\/puffvapestore.com\/pl\/wp-json\/wp\/v2\/product_tag?post=6173"}],"curies":[{"name":"wp","href":"https:\/\/api.w.org\/{rel}","templated":true}]}}