{"id":6147,"date":"2025-08-01T06:14:17","date_gmt":"2025-08-01T06:14:17","guid":{"rendered":"https:\/\/puffvapestore.com\/?post_type=product&#038;p=6147"},"modified":"2026-01-19T10:36:11","modified_gmt":"2026-01-19T10:36:11","slug":"watermelon-ice-strawberry-mango-bang-king-30k-un-melange-parfait-de-fraicheur","status":"publish","type":"product","link":"https:\/\/puffvapestore.com\/pl\/product\/arbuz-lod-truskawka-mango-bang-king-30k-doskonale-polaczenie-swiezosci\/","title":{"rendered":"Watermelon Ice &amp; Strawberry And Mango - Bang King 30K"},"content":{"rendered":"<div data-elementor-type=\"wp-post\" data-elementor-id=\"6147\" class=\"elementor elementor-6147\">\n\t\t\t\t<div class=\"elementor-element elementor-element-08c26f9 e-flex e-con-boxed e-con e-parent\" data-id=\"08c26f9\" data-element_type=\"container\" data-e-type=\"container\">\n\t\t\t\t\t<div class=\"e-con-inner\">\n\t\t\t\t<div class=\"elementor-element elementor-element-a005a97 elementor-widget elementor-widget-text-editor\" data-id=\"a005a97\" data-element_type=\"widget\" data-e-type=\"widget\" data-widget_type=\"text-editor.default\">\n\t\t\t\t<div class=\"elementor-widget-container\">\n\t\t\t\t\t\t\t\t\t<p>Konstrukcja \u00abdual flavour\u00bb elektronicznego papierosa Bang King 30K pozwala u\u017cytkownikom odkry\u0107 dwa zupe\u0142nie r\u00f3\u017cne smaki w tym samym elektronicznym papierosie. W\u015br\u00f3d nich kombinacja Watermelon Ice i Strawberry And Mango oferuje idealne po\u0142\u0105czenie \u015bwie\u017co\u015bci i tropikalnych smak\u00f3w.<\/p><p><strong>Smak 1: Mro\u017cony arbuz<\/strong><br \/>Smak mro\u017conego arbuza jest \u015bwie\u017cy i naturalny, jak ugryzienie soczystego arbuza w gor\u0105cy letni dzie\u0144, z nut\u0105 \u015bwie\u017cej mi\u0119ty. Ten orze\u017awiaj\u0105cy smak gasi pragnienie i daje natychmiastowe uczucie ch\u0142odu, idealne dla mi\u0142o\u015bnik\u00f3w \u015bwie\u017cych smak\u00f3w.<\/p><p><strong>Smak 2: Truskawka i mango<\/strong><br \/>Po\u0142\u0105czenie truskawki i mango zapewnia intensywn\u0105 s\u0142odycz owoc\u00f3w tropikalnych. S\u0142odycz truskawki i bogactwo mango harmonijnie si\u0119 uzupe\u0142niaj\u0105, tworz\u0105c bogate doznania smakowe. Ten s\u0142odki smak jest idealny dla mi\u0142o\u015bnik\u00f3w smak\u00f3w owoc\u00f3w tropikalnych.<\/p><h2>Podw\u00f3jna funkcja zmiany smaku<\/h2><p>Bang King 30000 Watermelon Ice &amp; Strawberry And Mango jest wyposa\u017cony w innowacyjn\u0105 funkcj\u0119 podw\u00f3jnej zmiany smaku. U\u017cytkownicy mog\u0105 odkry\u0107 dwa r\u00f3\u017cne smaki w tym samym elektronicznym papierosie i \u0142atwo prze\u0142\u0105cza\u0107 si\u0119 w dowolnym miejscu i czasie, aby uzyska\u0107 zr\u00f3\u017cnicowane wra\u017cenia z palenia. Funkcja ta jest szczeg\u00f3lnie przydatna dla u\u017cytkownik\u00f3w, kt\u00f3rzy lubi\u0105 pr\u00f3bowa\u0107 r\u00f3\u017cnych smak\u00f3w. Mog\u0105 oni cieszy\u0107 si\u0119 bogatym smakiem bez konieczno\u015bci noszenia ze sob\u0105 kilku urz\u0105dze\u0144, co znacznie zwi\u0119ksza komfort i przyjemno\u015b\u0107 u\u017cytkowania.<\/p><h2>R\u00f3\u017cne opcje st\u0119\u017cenia nikotyny<\/h2><p>Aby zaspokoi\u0107 potrzeby ka\u017cdego u\u017cytkownika, Bang King 30000 Watermelon Ice &amp; Strawberry And Mango oferuje r\u00f3\u017cne opcje st\u0119\u017cenia nikotyny, w tym 0 % (bez nikotyny), 2 %, 3 % i 5 %. Niezale\u017cnie od tego, czy szukasz czystego smaku, czy wyj\u0105tkowej satysfakcji z nikotyny, ten elektroniczny papieros spe\u0142ni wszystkie Twoje potrzeby, od nowicjuszy po entuzjast\u00f3w.<\/p><p>Bang King 30000 ma bardzo du\u017c\u0105 pojemno\u015b\u0107 36 ml e-liquidu, znacznie wi\u0119ksz\u0105 ni\u017c pojemno\u015b\u0107 obecnych na rynku papieros\u00f3w elektronicznych. Taka konstrukcja gwarantuje d\u0142ugotrwa\u0142e u\u017cytkowanie bez konieczno\u015bci cz\u0119stej wymiany lub uzupe\u0142niania e-liquidu, co jest idealne dla d\u0142ugich podr\u00f3\u017cy lub intensywnych u\u017cytkownik\u00f3w, zapewniaj\u0105c d\u0142ugotrwa\u0142\u0105 satysfakcj\u0119.<\/p><p>Dzi\u0119ki atomizerowi z rezystorem siatkowym 1,0 \u03a9, Bang King 30000 Watermelon Ice &amp; Strawberry And Mango oferuje idealn\u0105 r\u00f3wnowag\u0119 mi\u0119dzy smakiem a obj\u0119to\u015bci\u0105 dymu. Technologia siatkowa poprawia wydajno\u015b\u0107 atomizacji e-cieczy, gwarantuj\u0105c bogaty smak i delikatny dym przy ka\u017cdym zaci\u0105gni\u0119ciu, idealny dla u\u017cytkownik\u00f3w poszukuj\u0105cych wysokiej jako\u015bci wra\u017ce\u0144 z waporyzacji.<\/p><h2>D\u0142ugotrwa\u0142a bateria i wygodne \u0142adowanie<\/h2><p>Wyposa\u017cony w wysokowydajn\u0105 bateri\u0119 550 mAh, Bang King 30000 oferuje stabiln\u0105 autonomi\u0119 dla bezproblemowego u\u017cytkowania 24\/7. Co wi\u0119cej, port USB-C obs\u0142uguje szybkie \u0142adowanie, skracaj\u0105c czas oczekiwania i umo\u017cliwiaj\u0105c szybkie przywr\u00f3cenie sprawno\u015bci, aby dostosowa\u0107 si\u0119 do potrzeb dzisiejszego szybkiego stylu \u017cycia.<\/p><p>Pojedynczy papieros elektroniczny Bang King 30000 zapewnia do 30 tysi\u0119cy zaci\u0105gni\u0119\u0107, a jego bardzo d\u0142uga \u017cywotno\u015b\u0107 sprawia, \u017ce jest to jedna z najtrwalszych opcji na rynku. Niezale\u017cnie od tego, czy u\u017cywasz go codziennie, czy podczas d\u0142ugiej podr\u00f3\u017cy, to urz\u0105dzenie pozostanie z tob\u0105 niezawodnie, wi\u0119c nie b\u0119dziesz musia\u0142 go cz\u0119sto wymienia\u0107.<\/p>\t\t\t\t\t\t\t\t<\/div>\n\t\t\t\t<\/div>\n\t\t\t\t\t<\/div>\n\t\t\t\t<\/div>\n\t\t\t\t<\/div>","protected":false},"excerpt":{"rendered":"<p>La conception \u00ab\u00a0double saveur\u00a0\u00bb de la cigarette \u00e9lectronique Bang King 30K permet aux utilisateurs de d\u00e9couvrir deux saveurs totalement diff\u00e9rentes sur une m\u00eame cigarette \u00e9lectronique. Parmi elles, la combinaison \u00ab Watermelon Ice &amp; Strawberry And Mango\u00a0\u00bb offre un m\u00e9lange parfait de fra\u00eecheur et de saveurs tropicales. Saveur 1\u00a0: Past\u00e8que Glac\u00e9eLe go\u00fbt de la past\u00e8que glac\u00e9e [&hellip;]<\/p>\n","protected":false},"featured_media":5983,"comment_status":"open","ping_status":"closed","template":"","meta":{"site-sidebar-layout":"no-sidebar","site-content-layout":"page-builder","ast-site-content-layout":"normal-width-container","site-content-style":"default","site-sidebar-style":"default","ast-global-header-display":"","ast-banner-title-visibility":"","ast-main-header-display":"","ast-hfb-above-header-display":"","ast-hfb-below-header-display":"","ast-hfb-mobile-header-display":"","site-post-title":"disabled","ast-breadcrumbs-content":"","ast-featured-img":"disabled","footer-sml-layout":"","ast-disable-related-posts":"","theme-transparent-header-meta":"default","adv-header-id-meta":"","stick-header-meta":"default","header-above-stick-meta":"","header-main-stick-meta":"","header-below-stick-meta":"","astra-migrate-meta-layouts":"set","ast-page-background-enabled":"default","ast-page-background-meta":{"desktop":{"background-color":"","background-image":"","background-repeat":"repeat","background-position":"center center","background-size":"auto","background-attachment":"scroll","background-type":"","background-media":"","overlay-type":"","overlay-color":"","overlay-opacity":"","overlay-gradient":""},"tablet":{"background-color":"","background-image":"","background-repeat":"repeat","background-position":"center center","background-size":"auto","background-attachment":"scroll","background-type":"","background-media":"","overlay-type":"","overlay-color":"","overlay-opacity":"","overlay-gradient":""},"mobile":{"background-color":"","background-image":"","background-repeat":"repeat","background-position":"center center","background-size":"auto","background-attachment":"scroll","background-type":"","background-media":"","overlay-type":"","overlay-color":"","overlay-opacity":"","overlay-gradient":""}},"ast-content-background-meta":{"desktop":{"background-color":"var(--ast-global-color-5)","background-image":"","background-repeat":"repeat","background-position":"center center","background-size":"auto","background-attachment":"scroll","background-type":"","background-media":"","overlay-type":"","overlay-color":"","overlay-opacity":"","overlay-gradient":""},"tablet":{"background-color":"var(--ast-global-color-5)","background-image":"","background-repeat":"repeat","background-position":"center center","background-size":"auto","background-attachment":"scroll","background-type":"","background-media":"","overlay-type":"","overlay-color":"","overlay-opacity":"","overlay-gradient":""},"mobile":{"background-color":"var(--ast-global-color-5)","background-image":"","background-repeat":"repeat","background-position":"center center","background-size":"auto","background-attachment":"scroll","background-type":"","background-media":"","overlay-type":"","overlay-color":"","overlay-opacity":"","overlay-gradient":""}}},"product_brand":[52],"product_cat":[55,86,15],"product_tag":[],"class_list":{"0":"post-6147","1":"product","2":"type-product","3":"status-publish","4":"has-post-thumbnail","6":"product_brand-bang-king","7":"product_cat-bang-king-30000-double-saveur-offre-jusqua-36ml-de-liquide","8":"product_cat-puff-30k","9":"product_cat-magasin-cigarette-electronique","10":"desktop-align-center","11":"tablet-align-center","12":"mobile-align-center","13":"ast-product-gallery-layout-horizontal","14":"ast-product-gallery-with-no-image","15":"ast-product-single-variable","16":"ast-product-tabs-layout-horizontal","17":"ast-qv-on-image","19":"first","20":"instock","21":"sale","22":"shipping-taxable","23":"purchasable","24":"product-type-variable","25":"has-default-attributes"},"tiered_pricing_type":"fixed","tiered_pricing_fixed_rules":{"50":7.33,"100":6.66},"tiered_pricing_product_settings":{"layout":"default","base_unit_name":{"singular":null,"plural":null},"default_variation":null},"tiered_pricing_minimum_quantity":null,"tiered_pricing_roles_data":[],"tiered_pricing_percentage_rules":[],"_links":{"self":[{"href":"https:\/\/puffvapestore.com\/pl\/wp-json\/wp\/v2\/product\/6147","targetHints":{"allow":["GET"]}}],"collection":[{"href":"https:\/\/puffvapestore.com\/pl\/wp-json\/wp\/v2\/product"}],"about":[{"href":"https:\/\/puffvapestore.com\/pl\/wp-json\/wp\/v2\/types\/product"}],"replies":[{"embeddable":true,"href":"https:\/\/puffvapestore.com\/pl\/wp-json\/wp\/v2\/comments?post=6147"}],"version-history":[{"count":7,"href":"https:\/\/puffvapestore.com\/pl\/wp-json\/wp\/v2\/product\/6147\/revisions"}],"predecessor-version":[{"id":6570,"href":"https:\/\/puffvapestore.com\/pl\/wp-json\/wp\/v2\/product\/6147\/revisions\/6570"}],"wp:featuredmedia":[{"embeddable":true,"href":"https:\/\/puffvapestore.com\/pl\/wp-json\/wp\/v2\/media\/5983"}],"wp:attachment":[{"href":"https:\/\/puffvapestore.com\/pl\/wp-json\/wp\/v2\/media?parent=6147"}],"wp:term":[{"taxonomy":"product_brand","embeddable":true,"href":"https:\/\/puffvapestore.com\/pl\/wp-json\/wp\/v2\/product_brand?post=6147"},{"taxonomy":"product_cat","embeddable":true,"href":"https:\/\/puffvapestore.com\/pl\/wp-json\/wp\/v2\/product_cat?post=6147"},{"taxonomy":"product_tag","embeddable":true,"href":"https:\/\/puffvapestore.com\/pl\/wp-json\/wp\/v2\/product_tag?post=6147"}],"curies":[{"name":"wp","href":"https:\/\/api.w.org\/{rel}","templated":true}]}}