{"id":6136,"date":"2025-08-01T03:04:45","date_gmt":"2025-08-01T03:04:45","guid":{"rendered":"https:\/\/puffvapestore.com\/?post_type=product&#038;p=6136"},"modified":"2026-01-19T10:36:11","modified_gmt":"2026-01-19T10:36:11","slug":"blueberry-ice-black-dragon-ice-bang-king-30k-est-facile-a-utiliser-et-repond-a-tous-les-gouts","status":"publish","type":"product","link":"https:\/\/puffvapestore.com\/pl\/product\/blueberry-ice-black-dragon-ice-bang-king-30k-jest-latwy-w-uzyciu-i-zaspokaja-wszystkie-gusta\/","title":{"rendered":"Blueberry Ice &amp; Black Dragon Ice - Bang King 30K"},"content":{"rendered":"<div data-elementor-type=\"wp-post\" data-elementor-id=\"6136\" class=\"elementor elementor-6136\">\n\t\t\t\t<div class=\"elementor-element elementor-element-08c26f9 e-flex e-con-boxed e-con e-parent\" data-id=\"08c26f9\" data-element_type=\"container\" data-e-type=\"container\">\n\t\t\t\t\t<div class=\"e-con-inner\">\n\t\t\t\t<div class=\"elementor-element elementor-element-a005a97 elementor-widget elementor-widget-text-editor\" data-id=\"a005a97\" data-element_type=\"widget\" data-e-type=\"widget\" data-widget_type=\"text-editor.default\">\n\t\t\t\t<div class=\"elementor-widget-container\">\n\t\t\t\t\t\t\t\t\t<p>Model Bang King 30K jest wyposa\u017cony w prze\u0142\u0105cznik smaku. Wystarczy ustawi\u0107 go tak, aby prze\u0142\u0105cza\u0142 si\u0119 z Blueberry Ice Cream na Black Dragon Ice Cream. Jest \u0142atwy w u\u017cyciu i zaspokaja wszystkie gusta.<\/p><h2>Lody jagodowe<\/h2><p>Owocowa charakterystyka smakowa: oparta na \u015bwie\u017cych jagodach, s\u0142odka, ale nie t\u0142usta, o naturalnie owocowym, pikantnym smaku.<\/p><p>Mro\u017cone doznania: Orze\u017awiaj\u0105ce uczucie mi\u0119towych lod\u00f3w utrzymuje si\u0119 przez ca\u0142y proces, jakby\u015b by\u0142 w jagodowym ogrodzie pokrytym lodem i \u015bniegiem.<\/p><p>Szczeg\u00f3\u0142y smaku : S\u0142odycz jag\u00f3d jest wyczuwalna, gdy tylko dostanie si\u0119 do ust, a nast\u0119pnie \u015bwie\u017co\u015b\u0107 mi\u0119ty szybko si\u0119 rozprzestrzenia, pozostawiaj\u0105c uczucie mi\u0119kko\u015bci w ustach i \u015bwie\u017cy posmak.<\/p><h2>Black Dragon Ice<\/h2><p>Owocowa charakterystyka: Bogato zniuansowana mieszanka smak\u00f3w ciemnych jag\u00f3d, takich jak je\u017cyna i smoczy owoc, z subteln\u0105 owocow\u0105 kwasowo\u015bci\u0105 i dymn\u0105 nut\u0105.<\/p><p>Mro\u017cone doznania: Silne uczucie \u015bwie\u017co\u015bci, jakby\u015b cieszy\u0142 si\u0119 uczt\u0105 z lodu i \u015bniegu w \u015brodku upa\u0142u.<\/p><p>Szczeg\u00f3\u0142y smaku : Od pierwszego spr\u00f3bowania wyczuwalny jest g\u0142\u0119boki owocowy aromat, po kt\u00f3rym nast\u0119puje silne uczucie lodu, uczucie \u015bwie\u017co\u015bci w gardle i d\u0142ugotrwa\u0142y posmak.<\/p><h2>Podw\u00f3jna funkcja zmiany smaku<\/h2><p>Model Bang King 30000 Blueberry Ice &amp; Black Dragon Ice jest wyposa\u017cony w innowacyjn\u0105 funkcj\u0119 podw\u00f3jnej zmiany smaku. U\u017cytkownicy mog\u0105 odkry\u0107 dwa r\u00f3\u017cne smaki w tym samym elektronicznym papierosie i \u0142atwo prze\u0142\u0105cza\u0107 si\u0119 w dowolnym miejscu i czasie, aby uzyska\u0107 zr\u00f3\u017cnicowane wra\u017cenia z palenia. Funkcja ta jest szczeg\u00f3lnie przydatna dla u\u017cytkownik\u00f3w, kt\u00f3rzy lubi\u0105 pr\u00f3bowa\u0107 r\u00f3\u017cnych smak\u00f3w. Mog\u0105 oni cieszy\u0107 si\u0119 bogatym smakiem bez konieczno\u015bci noszenia ze sob\u0105 kilku urz\u0105dze\u0144, co znacznie zwi\u0119ksza komfort i przyjemno\u015b\u0107 u\u017cytkowania.<\/p><h2>R\u00f3\u017cne opcje st\u0119\u017cenia nikotyny<\/h2><p>Aby zaspokoi\u0107 potrzeby ka\u017cdego u\u017cytkownika, Bang King 30000 Blueberry Ice &amp; Black Dragon Ice oferuje r\u00f3\u017cne opcje st\u0119\u017cenia nikotyny, w tym 0 % (bez nikotyny), 2 %, 3 % i 5 %. Niezale\u017cnie od tego, czy szukasz czystego smaku, czy szczeg\u00f3lnej satysfakcji z nikotyny, ten elektroniczny papieros spe\u0142ni wszystkie Twoje potrzeby, od nowicjuszy po entuzjast\u00f3w.<\/p><p>Bang King 30000 ma bardzo du\u017c\u0105 pojemno\u015b\u0107 36 ml e-liquidu, znacznie wi\u0119ksz\u0105 ni\u017c pojemno\u015b\u0107 obecnych na rynku papieros\u00f3w elektronicznych. Taka konstrukcja gwarantuje d\u0142ugotrwa\u0142e u\u017cytkowanie bez konieczno\u015bci cz\u0119stej wymiany lub uzupe\u0142niania e-liquidu, co jest idealne dla d\u0142ugich podr\u00f3\u017cy lub intensywnych u\u017cytkownik\u00f3w, zapewniaj\u0105c d\u0142ugotrwa\u0142\u0105 satysfakcj\u0119.<\/p><p>Dzi\u0119ki atomizerowi z rezystorem siatkowym 1,0 \u03a9, Bang King 30000 Blueberry Ice &amp; Black Dragon Ice oferuje idealn\u0105 r\u00f3wnowag\u0119 mi\u0119dzy smakiem a obj\u0119to\u015bci\u0105 dymu. Technologia mesh poprawia wydajno\u015b\u0107 atomizacji e-cieczy, gwarantuj\u0105c bogaty smak i delikatny dym przy ka\u017cdym zaci\u0105gni\u0119ciu, idealny dla u\u017cytkownik\u00f3w poszukuj\u0105cych wysokiej jako\u015bci wra\u017ce\u0144 z waporyzacji.<\/p><h2>D\u0142ugotrwa\u0142a bateria i wygodne \u0142adowanie<\/h2><p>Wyposa\u017cony w wysokowydajn\u0105 bateri\u0119 550 mAh, Bang King 30000 Blueberry Ice &amp; Black Dragon Ice oferuje stabilny czas pracy na baterii, zapewniaj\u0105c bezproblemowe u\u017cytkowanie 24\/7. Co wi\u0119cej, port USB-C obs\u0142uguje szybkie \u0142adowanie, skracaj\u0105c czas oczekiwania i umo\u017cliwiaj\u0105c szybk\u0105 regeneracj\u0119, aby dostosowa\u0107 si\u0119 do potrzeb dzisiejszego szybkiego stylu \u017cycia.<\/p><p>Pojedynczy papieros elektroniczny Bang King 30000 zapewnia do 30 tysi\u0119cy zaci\u0105gni\u0119\u0107, a jego bardzo d\u0142uga \u017cywotno\u015b\u0107 sprawia, \u017ce jest to jedna z najtrwalszych opcji na rynku. Niezale\u017cnie od tego, czy u\u017cywasz go codziennie, czy podczas d\u0142ugiej podr\u00f3\u017cy, to urz\u0105dzenie pozostanie z tob\u0105 niezawodnie, wi\u0119c nie b\u0119dziesz musia\u0142 go cz\u0119sto wymienia\u0107.<\/p>\t\t\t\t\t\t\t\t<\/div>\n\t\t\t\t<\/div>\n\t\t\t\t\t<\/div>\n\t\t\t\t<\/div>\n\t\t\t\t<\/div>","protected":false},"excerpt":{"rendered":"<p>Le Bang King 30K est \u00e9quip\u00e9 d&rsquo;un s\u00e9lecteur de saveurs. Il suffit de le r\u00e9gler pour passer de la saveur Glace \u00e0 la myrtille \u00e0 la saveur Glace au dragon noir. Facile \u00e0 utiliser et r\u00e9pond \u00e0 tous les go\u00fbts. Glace \u00e0 la myrtille Caract\u00e9ristiques de l&rsquo;ar\u00f4me fruit\u00e9\u00a0: bas\u00e9 sur des myrtilles fra\u00eeches, sucr\u00e9es mais [&hellip;]<\/p>\n","protected":false},"featured_media":5972,"comment_status":"open","ping_status":"closed","template":"","meta":{"site-sidebar-layout":"no-sidebar","site-content-layout":"page-builder","ast-site-content-layout":"normal-width-container","site-content-style":"default","site-sidebar-style":"default","ast-global-header-display":"","ast-banner-title-visibility":"","ast-main-header-display":"","ast-hfb-above-header-display":"","ast-hfb-below-header-display":"","ast-hfb-mobile-header-display":"","site-post-title":"disabled","ast-breadcrumbs-content":"","ast-featured-img":"disabled","footer-sml-layout":"","ast-disable-related-posts":"","theme-transparent-header-meta":"default","adv-header-id-meta":"","stick-header-meta":"default","header-above-stick-meta":"","header-main-stick-meta":"","header-below-stick-meta":"","astra-migrate-meta-layouts":"set","ast-page-background-enabled":"default","ast-page-background-meta":{"desktop":{"background-color":"","background-image":"","background-repeat":"repeat","background-position":"center center","background-size":"auto","background-attachment":"scroll","background-type":"","background-media":"","overlay-type":"","overlay-color":"","overlay-opacity":"","overlay-gradient":""},"tablet":{"background-color":"","background-image":"","background-repeat":"repeat","background-position":"center center","background-size":"auto","background-attachment":"scroll","background-type":"","background-media":"","overlay-type":"","overlay-color":"","overlay-opacity":"","overlay-gradient":""},"mobile":{"background-color":"","background-image":"","background-repeat":"repeat","background-position":"center center","background-size":"auto","background-attachment":"scroll","background-type":"","background-media":"","overlay-type":"","overlay-color":"","overlay-opacity":"","overlay-gradient":""}},"ast-content-background-meta":{"desktop":{"background-color":"var(--ast-global-color-5)","background-image":"","background-repeat":"repeat","background-position":"center center","background-size":"auto","background-attachment":"scroll","background-type":"","background-media":"","overlay-type":"","overlay-color":"","overlay-opacity":"","overlay-gradient":""},"tablet":{"background-color":"var(--ast-global-color-5)","background-image":"","background-repeat":"repeat","background-position":"center center","background-size":"auto","background-attachment":"scroll","background-type":"","background-media":"","overlay-type":"","overlay-color":"","overlay-opacity":"","overlay-gradient":""},"mobile":{"background-color":"var(--ast-global-color-5)","background-image":"","background-repeat":"repeat","background-position":"center center","background-size":"auto","background-attachment":"scroll","background-type":"","background-media":"","overlay-type":"","overlay-color":"","overlay-opacity":"","overlay-gradient":""}}},"product_brand":[52],"product_cat":[55,86,15],"product_tag":[],"class_list":{"0":"post-6136","1":"product","2":"type-product","3":"status-publish","4":"has-post-thumbnail","6":"product_brand-bang-king","7":"product_cat-bang-king-30000-double-saveur-offre-jusqua-36ml-de-liquide","8":"product_cat-puff-30k","9":"product_cat-magasin-cigarette-electronique","10":"desktop-align-center","11":"tablet-align-center","12":"mobile-align-center","13":"ast-product-gallery-layout-horizontal","14":"ast-product-gallery-with-no-image","15":"ast-product-single-variable","16":"ast-product-tabs-layout-horizontal","17":"ast-qv-on-image","19":"first","20":"instock","21":"sale","22":"shipping-taxable","23":"purchasable","24":"product-type-variable","25":"has-default-attributes"},"tiered_pricing_type":"fixed","tiered_pricing_fixed_rules":{"50":7.33,"100":6.66},"tiered_pricing_product_settings":{"layout":"default","base_unit_name":{"singular":null,"plural":null},"default_variation":null},"tiered_pricing_minimum_quantity":null,"tiered_pricing_roles_data":[],"tiered_pricing_percentage_rules":[],"_links":{"self":[{"href":"https:\/\/puffvapestore.com\/pl\/wp-json\/wp\/v2\/product\/6136","targetHints":{"allow":["GET"]}}],"collection":[{"href":"https:\/\/puffvapestore.com\/pl\/wp-json\/wp\/v2\/product"}],"about":[{"href":"https:\/\/puffvapestore.com\/pl\/wp-json\/wp\/v2\/types\/product"}],"replies":[{"embeddable":true,"href":"https:\/\/puffvapestore.com\/pl\/wp-json\/wp\/v2\/comments?post=6136"}],"version-history":[{"count":7,"href":"https:\/\/puffvapestore.com\/pl\/wp-json\/wp\/v2\/product\/6136\/revisions"}],"predecessor-version":[{"id":6456,"href":"https:\/\/puffvapestore.com\/pl\/wp-json\/wp\/v2\/product\/6136\/revisions\/6456"}],"wp:featuredmedia":[{"embeddable":true,"href":"https:\/\/puffvapestore.com\/pl\/wp-json\/wp\/v2\/media\/5972"}],"wp:attachment":[{"href":"https:\/\/puffvapestore.com\/pl\/wp-json\/wp\/v2\/media?parent=6136"}],"wp:term":[{"taxonomy":"product_brand","embeddable":true,"href":"https:\/\/puffvapestore.com\/pl\/wp-json\/wp\/v2\/product_brand?post=6136"},{"taxonomy":"product_cat","embeddable":true,"href":"https:\/\/puffvapestore.com\/pl\/wp-json\/wp\/v2\/product_cat?post=6136"},{"taxonomy":"product_tag","embeddable":true,"href":"https:\/\/puffvapestore.com\/pl\/wp-json\/wp\/v2\/product_tag?post=6136"}],"curies":[{"name":"wp","href":"https:\/\/api.w.org\/{rel}","templated":true}]}}