{"id":6125,"date":"2025-08-01T01:56:34","date_gmt":"2025-08-01T01:56:34","guid":{"rendered":"https:\/\/puffvapestore.com\/?post_type=product&#038;p=6125"},"modified":"2026-01-19T10:36:11","modified_gmt":"2026-01-19T10:36:11","slug":"strawberry-watermelon-grape-ice-bang-king-30k-offre-un-gout-stable-et-persistant-alliant-arome","status":"publish","type":"product","link":"https:\/\/puffvapestore.com\/pl\/product\/truskawka-arbuz-winogrono-lod-bang-king-30k-oferuje-stabilny-dlugotrwaly-smak-laczacy-aromat\/","title":{"rendered":"L\u00f3d truskawkowy, arbuzowy i winogronowy - Bang King 30K"},"content":{"rendered":"<div data-elementor-type=\"wp-post\" data-elementor-id=\"6125\" class=\"elementor elementor-6125\">\n\t\t\t\t<div class=\"elementor-element elementor-element-08c26f9 e-flex e-con-boxed e-con e-parent\" data-id=\"08c26f9\" data-element_type=\"container\" data-e-type=\"container\">\n\t\t\t\t\t<div class=\"e-con-inner\">\n\t\t\t\t<div class=\"elementor-element elementor-element-a005a97 elementor-widget elementor-widget-text-editor\" data-id=\"a005a97\" data-element_type=\"widget\" data-e-type=\"widget\" data-widget_type=\"text-editor.default\">\n\t\t\t\t<div class=\"elementor-widget-container\">\n\t\t\t\t\t\t\t\t\t<p>Model Bang King 30K dost\u0119pny jest w dw\u00f3ch smakach: \u00abTruskawka i arbuz\u00bb oraz \u00abL\u00f3d winogronowy\u00bb. Pierwszy jest s\u0142odki i soczysty, podczas gdy drugi jest lodowaty i lekko cierpki. Prze\u0142\u0105czanie smak\u00f3w jest \u0142atwe. Wyposa\u017cony w e-liquid o du\u017cej pojemno\u015bci i ekran LED, oferuje stabilny, trwa\u0142y smak, \u0142\u0105cz\u0105c owocowy aromat z uczuciem \u015bwie\u017co\u015bci. Ten elektroniczny papieros z dwoma trybami jest idealny do kontrolowania owocowych smak\u00f3w.<\/p><h2>Truskawka + arbuz<\/h2><p>Smak owocowy: ten elektroniczny papieros \u0142\u0105czy w sobie s\u0142odycz dojrza\u0142ych truskawek ze s\u0142odycz\u0105 i soczysto\u015bci\u0105 arbuza, tworz\u0105c typowe owocowe po\u0142\u0105czenie na lato.<\/p><p>Zr\u00f3wnowa\u017cony smak: truskawki zapewniaj\u0105 okr\u0105g\u0142e, mi\u0119siste doznania, podczas gdy arbuz przynosi orze\u017awiaj\u0105ce uczucie. Te dwa sk\u0142adniki harmonijnie si\u0119 uzupe\u0142niaj\u0105, a atak jest g\u0142adki i bogaty w niuanse.<\/p><h2>Lody winogronowe<\/h2><p>Lodowaty finisz: Orze\u017awiaj\u0105ce uczucie jest oczywiste, jak welon mi\u0119towych lod\u00f3w otulaj\u0105cy czubek j\u0119zyka, zapewniaj\u0105c \u015bwie\u017cy finisz.<\/p><p>Lekko kwa\u015bne winogrona: Lekka kwasowo\u015b\u0107 winogron w tylnej cz\u0119\u015bci podniebienia wzmacnia r\u00f3wnowag\u0119 mi\u0119dzy kwasowo\u015bci\u0105 a s\u0142odycz\u0105, nie czyni\u0105c smaku zbyt monotonnym.<\/p><p>Po\u0142\u0105czenie lodu i kwasowo\u015bci: efekt oszronienia nadaje ca\u0142o\u015bci orze\u017awiaj\u0105cy charakter, podkre\u015blaj\u0105c s\u0142odycz.<\/p><h2>Pomoc w zakresie smaku<\/h2><p>Du\u017ca swoboda smaku: mo\u017cna dowolnie prze\u0142\u0105cza\u0107 mi\u0119dzy s\u0142odkimi i \u0142agodnymi owocowymi aromatami a mro\u017conymi nutami winogron, aby zaspokoi\u0107 potrzeby smakowe w ka\u017cdej sytuacji i nastroju.<\/p><p>D\u0142ugotrwa\u0142a ekspozycja: 30000 zaci\u0105gni\u0119\u0107 dymu o du\u017cej pojemno\u015bci oraz du\u017cy zbiornik oleju o pojemno\u015bci 36 ml, smak jest zawsze stabilny, a doznania s\u0105 ci\u0105g\u0142e i nieprzerwane przy zmianie smak\u00f3w.<\/p><h2>Podw\u00f3jna funkcja zmiany smaku<\/h2><p>Model Bang King 30000 Strawberry And Watermelon &amp; Grape Ice jest wyposa\u017cony w innowacyjn\u0105 funkcj\u0119 podw\u00f3jnej zmiany smaku. U\u017cytkownicy mog\u0105 odkry\u0107 dwa r\u00f3\u017cne smaki w tym samym elektronicznym papierosie i \u0142atwo prze\u0142\u0105cza\u0107 si\u0119 w dowolnym miejscu i czasie, aby uzyska\u0107 zr\u00f3\u017cnicowane wra\u017cenia z palenia. Funkcja ta jest szczeg\u00f3lnie przydatna dla u\u017cytkownik\u00f3w, kt\u00f3rzy lubi\u0105 pr\u00f3bowa\u0107 r\u00f3\u017cnych smak\u00f3w. Mog\u0105 oni cieszy\u0107 si\u0119 bogatym smakiem bez konieczno\u015bci noszenia ze sob\u0105 kilku urz\u0105dze\u0144, co znacznie zwi\u0119ksza komfort i przyjemno\u015b\u0107 u\u017cytkowania.<\/p><h2>R\u00f3\u017cne opcje st\u0119\u017cenia nikotyny<\/h2><p>Aby zaspokoi\u0107 potrzeby ka\u017cdego u\u017cytkownika, Bang King 30000 Strawberry And Watermelon &amp; Grape Ice oferuje r\u00f3\u017cne opcje st\u0119\u017cenia nikotyny, w tym 0 % (bez nikotyny), 2 %, 3 % i 5 %. Niezale\u017cnie od tego, czy szukasz czystego smaku, czy wyj\u0105tkowej satysfakcji z nikotyny, ten elektroniczny papieros spe\u0142ni wszystkie Twoje potrzeby, od nowicjuszy po entuzjast\u00f3w.<\/p><p>Bang King 30000 ma bardzo du\u017c\u0105 pojemno\u015b\u0107 36 ml e-liquidu, znacznie wi\u0119ksz\u0105 ni\u017c pojemno\u015b\u0107 obecnych na rynku papieros\u00f3w elektronicznych. Taka konstrukcja gwarantuje d\u0142ugotrwa\u0142e u\u017cytkowanie bez konieczno\u015bci cz\u0119stej wymiany lub uzupe\u0142niania e-liquidu, co jest idealne dla d\u0142ugich podr\u00f3\u017cy lub intensywnych u\u017cytkownik\u00f3w, zapewniaj\u0105c d\u0142ugotrwa\u0142\u0105 satysfakcj\u0119.<\/p><p>Dzi\u0119ki atomizerowi z rezystorem siatkowym 1,0 \u03a9, Bang King 30000 Strawberry And Watermelon &amp; Grape Ice oferuje idealn\u0105 r\u00f3wnowag\u0119 mi\u0119dzy smakiem a obj\u0119to\u015bci\u0105 dymu. Technologia mesh poprawia wydajno\u015b\u0107 atomizacji e-cieczy, gwarantuj\u0105c bogaty smak i delikatny dym przy ka\u017cdym zaci\u0105gni\u0119ciu, idealny dla u\u017cytkownik\u00f3w poszukuj\u0105cych wysokiej jako\u015bci wra\u017ce\u0144 z waporyzacji.<\/p><h2>D\u0142ugotrwa\u0142a bateria i wygodne \u0142adowanie<\/h2><p>Wyposa\u017cony w wysokowydajn\u0105 bateri\u0119 550 mAh, Bang King 30000 Strawberry And Watermelon &amp; Grape Ice oferuje stabilny czas pracy na baterii, zapewniaj\u0105c bezproblemowe u\u017cytkowanie 24\/7. Co wi\u0119cej, port USB-C obs\u0142uguje szybkie \u0142adowanie, skracaj\u0105c czas oczekiwania i umo\u017cliwiaj\u0105c szybk\u0105 regeneracj\u0119, aby dostosowa\u0107 si\u0119 do potrzeb dzisiejszego szybkiego stylu \u017cycia.<\/p><p>Pojedynczy papieros elektroniczny Bang King 30000 Strawberry And Watermelon &amp; Grape Ice zapewnia do 30 tysi\u0119cy zaci\u0105gni\u0119\u0107, a jego bardzo d\u0142uga \u017cywotno\u015b\u0107 sprawia, \u017ce jest to jedna z najtrwalszych opcji na rynku. Niezale\u017cnie od tego, czy chodzi o codzienne u\u017cytkowanie, czy d\u0142ug\u0105 podr\u00f3\u017c, urz\u0105dzenie to b\u0119dzie ci niezawodnie towarzyszy\u0107 i uchroni ci\u0119 przed konieczno\u015bci\u0105 cz\u0119stej wymiany.<\/p>\t\t\t\t\t\t\t\t<\/div>\n\t\t\t\t<\/div>\n\t\t\t\t\t<\/div>\n\t\t\t\t<\/div>\n\t\t\t\t<\/div>","protected":false},"excerpt":{"rendered":"<p>Le Bang King 30K propose deux saveurs\u00a0: \u00ab\u00a0Strawberry And Watermelon\u00a0\u00bb et \u00ab\u00a0Grape Ice\u00a0\u00bb. La premi\u00e8re est sucr\u00e9e et juteuse, la seconde est glac\u00e9e et l\u00e9g\u00e8rement acidul\u00e9e. Le changement de saveur est pratique. Dot\u00e9e d&rsquo;un e-liquide de grande capacit\u00e9 et d&rsquo;un \u00e9cran LED, elle offre un go\u00fbt stable et persistant, alliant ar\u00f4me fruit\u00e9 et sensation de [&hellip;]<\/p>\n","protected":false},"featured_media":5978,"comment_status":"open","ping_status":"closed","template":"","meta":{"site-sidebar-layout":"no-sidebar","site-content-layout":"page-builder","ast-site-content-layout":"normal-width-container","site-content-style":"default","site-sidebar-style":"default","ast-global-header-display":"","ast-banner-title-visibility":"","ast-main-header-display":"","ast-hfb-above-header-display":"","ast-hfb-below-header-display":"","ast-hfb-mobile-header-display":"","site-post-title":"disabled","ast-breadcrumbs-content":"","ast-featured-img":"disabled","footer-sml-layout":"","ast-disable-related-posts":"","theme-transparent-header-meta":"default","adv-header-id-meta":"","stick-header-meta":"default","header-above-stick-meta":"","header-main-stick-meta":"","header-below-stick-meta":"","astra-migrate-meta-layouts":"set","ast-page-background-enabled":"default","ast-page-background-meta":{"desktop":{"background-color":"","background-image":"","background-repeat":"repeat","background-position":"center center","background-size":"auto","background-attachment":"scroll","background-type":"","background-media":"","overlay-type":"","overlay-color":"","overlay-opacity":"","overlay-gradient":""},"tablet":{"background-color":"","background-image":"","background-repeat":"repeat","background-position":"center center","background-size":"auto","background-attachment":"scroll","background-type":"","background-media":"","overlay-type":"","overlay-color":"","overlay-opacity":"","overlay-gradient":""},"mobile":{"background-color":"","background-image":"","background-repeat":"repeat","background-position":"center center","background-size":"auto","background-attachment":"scroll","background-type":"","background-media":"","overlay-type":"","overlay-color":"","overlay-opacity":"","overlay-gradient":""}},"ast-content-background-meta":{"desktop":{"background-color":"var(--ast-global-color-5)","background-image":"","background-repeat":"repeat","background-position":"center center","background-size":"auto","background-attachment":"scroll","background-type":"","background-media":"","overlay-type":"","overlay-color":"","overlay-opacity":"","overlay-gradient":""},"tablet":{"background-color":"var(--ast-global-color-5)","background-image":"","background-repeat":"repeat","background-position":"center center","background-size":"auto","background-attachment":"scroll","background-type":"","background-media":"","overlay-type":"","overlay-color":"","overlay-opacity":"","overlay-gradient":""},"mobile":{"background-color":"var(--ast-global-color-5)","background-image":"","background-repeat":"repeat","background-position":"center center","background-size":"auto","background-attachment":"scroll","background-type":"","background-media":"","overlay-type":"","overlay-color":"","overlay-opacity":"","overlay-gradient":""}}},"product_brand":[52],"product_cat":[55,86,15],"product_tag":[],"class_list":{"0":"post-6125","1":"product","2":"type-product","3":"status-publish","4":"has-post-thumbnail","6":"product_brand-bang-king","7":"product_cat-bang-king-30000-double-saveur-offre-jusqua-36ml-de-liquide","8":"product_cat-puff-30k","9":"product_cat-magasin-cigarette-electronique","10":"desktop-align-center","11":"tablet-align-center","12":"mobile-align-center","13":"ast-product-gallery-layout-horizontal","14":"ast-product-gallery-with-no-image","15":"ast-product-single-variable","16":"ast-product-tabs-layout-horizontal","17":"ast-qv-on-image","19":"first","20":"instock","21":"sale","22":"shipping-taxable","23":"purchasable","24":"product-type-variable","25":"has-default-attributes"},"tiered_pricing_type":"fixed","tiered_pricing_fixed_rules":{"50":7.33,"100":6.66},"tiered_pricing_product_settings":{"layout":"default","base_unit_name":{"singular":null,"plural":null},"default_variation":null},"tiered_pricing_minimum_quantity":null,"tiered_pricing_roles_data":[],"tiered_pricing_percentage_rules":[],"_links":{"self":[{"href":"https:\/\/puffvapestore.com\/pl\/wp-json\/wp\/v2\/product\/6125","targetHints":{"allow":["GET"]}}],"collection":[{"href":"https:\/\/puffvapestore.com\/pl\/wp-json\/wp\/v2\/product"}],"about":[{"href":"https:\/\/puffvapestore.com\/pl\/wp-json\/wp\/v2\/types\/product"}],"replies":[{"embeddable":true,"href":"https:\/\/puffvapestore.com\/pl\/wp-json\/wp\/v2\/comments?post=6125"}],"version-history":[{"count":7,"href":"https:\/\/puffvapestore.com\/pl\/wp-json\/wp\/v2\/product\/6125\/revisions"}],"predecessor-version":[{"id":6455,"href":"https:\/\/puffvapestore.com\/pl\/wp-json\/wp\/v2\/product\/6125\/revisions\/6455"}],"wp:featuredmedia":[{"embeddable":true,"href":"https:\/\/puffvapestore.com\/pl\/wp-json\/wp\/v2\/media\/5978"}],"wp:attachment":[{"href":"https:\/\/puffvapestore.com\/pl\/wp-json\/wp\/v2\/media?parent=6125"}],"wp:term":[{"taxonomy":"product_brand","embeddable":true,"href":"https:\/\/puffvapestore.com\/pl\/wp-json\/wp\/v2\/product_brand?post=6125"},{"taxonomy":"product_cat","embeddable":true,"href":"https:\/\/puffvapestore.com\/pl\/wp-json\/wp\/v2\/product_cat?post=6125"},{"taxonomy":"product_tag","embeddable":true,"href":"https:\/\/puffvapestore.com\/pl\/wp-json\/wp\/v2\/product_tag?post=6125"}],"curies":[{"name":"wp","href":"https:\/\/api.w.org\/{rel}","templated":true}]}}