{"id":6099,"date":"2025-07-30T10:40:13","date_gmt":"2025-07-30T10:40:13","guid":{"rendered":"https:\/\/puffvapestore.com\/?post_type=product&#038;p=6099"},"modified":"2026-01-19T10:36:10","modified_gmt":"2026-01-19T10:36:10","slug":"blueberry-ice-strawberry-and-banana-bang-king-30k-allie-fraicheur-fruitee-et-saveur","status":"publish","type":"product","link":"https:\/\/puffvapestore.com\/pl\/product\/lod-jagodowy-truskawka-i-banan-bang-king-30k-laczy-w-sobie-owocowa-swiezosc-i-smak\/","title":{"rendered":"Bang King 30K - L\u00f3d jagodowy i truskawka z bananem"},"content":{"rendered":"<div data-elementor-type=\"wp-post\" data-elementor-id=\"6099\" class=\"elementor elementor-6099\">\n\t\t\t\t<div class=\"elementor-element elementor-element-08c26f9 e-flex e-con-boxed e-con e-parent\" data-id=\"08c26f9\" data-element_type=\"container\" data-e-type=\"container\">\n\t\t\t\t\t<div class=\"e-con-inner\">\n\t\t\t\t<div class=\"elementor-element elementor-element-a005a97 elementor-widget elementor-widget-text-editor\" data-id=\"a005a97\" data-element_type=\"widget\" data-e-type=\"widget\" data-widget_type=\"text-editor.default\">\n\t\t\t\t<div class=\"elementor-widget-container\">\n\t\t\t\t\t\t\t\t\t<p>Ta kombinacja \u00abmro\u017cona jagoda + truskawkowy banan\u00bb jest idealna dla fan\u00f3w e-papieros\u00f3w, kt\u00f3rzy lubi\u0105 intensywne owocowe smaki, szukaj\u0105c zar\u00f3wno orze\u017awiaj\u0105cego, lodowatego smaku, jak i ciep\u0142ego, s\u0142odkiego smaku. P\u0142ynna zmiana smak\u00f3w oznacza, \u017ce mo\u017cesz zmieni\u0107 nastr\u00f3j w dowolnym momencie i do\u015bwiadczy\u0107 zupe\u0142nie innych dozna\u0144.<\/p><h2>L\u00f3d jagodowy<\/h2><p>Owocowy i s\u0142odki: g\u0142\u00f3wnym aromatem jest \u015bwie\u017co\u015b\u0107 i kr\u0105g\u0142o\u015b\u0107 jag\u00f3d, z lekk\u0105, naturaln\u0105 owocow\u0105 kwasowo\u015bci\u0105 i s\u0142odycz\u0105 przypominaj\u0105c\u0105 \u015bwie\u017co zebrane bor\u00f3wki.<\/p><p>\u015awie\u017cy posmak: orze\u017awiaj\u0105cy efekt mro\u017conej mi\u0119ty (mentolu) wzbogaca ko\u0144cowy aromat. Ka\u017cde zaci\u0105gni\u0119cie si\u0119 dymem jest jak \u0142yk \u015bwie\u017cej rosy o poranku, d\u0142ugie i orze\u017awiaj\u0105ce do\u015bwiadczenie.<\/p><p>Smak: Pierwsze zaci\u0105gni\u0119cie oferuje bogaty smak jag\u00f3d, po czym \u015brodek stopniowo pokrywa si\u0119 cienk\u0105 warstw\u0105 lodu. Owocowo\u015b\u0107 i \u015bwie\u017co\u015b\u0107 s\u0105 zr\u00f3wnowa\u017cone, a og\u00f3lny smak jest g\u0142adki i kremowy.<\/p><h2>Truskawka i banan<\/h2><p>Mieszanka owocowych smak\u00f3w: \u0142\u0105czy w sobie s\u0142odycz dojrza\u0142ych czerwonych truskawek z kremowym smakiem banana. Lekka kwaskowato\u015b\u0107 truskawek \u0142agodzi ca\u0142o\u015b\u0107.<\/p><p>Bogaty smak: Pierwszy powiew oferuje pikantne, s\u0142odkie uczucie truskawek, po kt\u00f3rym nast\u0119puje g\u0119sty mleczny aromat banana, a wyko\u0144czenie jest g\u0142adkie i kremowe, jak \u015bwie\u017cy koktajl.<\/p><h2>Zmiana do\u015bwiadczenia<\/h2><p>Natychmiastowa zmiana: tu\u017c po wypaleniu lod\u00f3w jagodowych mo\u017cna przej\u015b\u0107 do gor\u0105cego smoothie truskawkowo-bananowego, aby dopasowa\u0107 si\u0119 do nastroju i smaku.<\/p><h2>Najwa\u017cniejsze walory smakowe<\/h2><p>Cold + Milky: Dwa ekstremalne smaki \u00abowocowej \u015bwie\u017co\u015bci\u00bb i \u00abg\u0142adkiego mlecznego aromatu\u00bb \u0142\u0105cz\u0105 si\u0119, tworz\u0105c wyj\u0105tkowe doznania.<\/p><p>Silne poczucie warstwowo\u015bci: ka\u017cda zmiana smaku jest ma\u0142\u0105 niespodziank\u0105, z naturaln\u0105 progresj\u0105 smak\u00f3w z przedniej, \u015brodkowej i tylnej cz\u0119\u015bci.<\/p><h2>Specyfikacje Bang King 30000 Blueberry Ice &amp; Strawberry And Banana<\/h2><p>Liczba zaci\u0105gni\u0119\u0107: Ka\u017cdy papieros elektroniczny oferuje do 30 000 zaci\u0105gni\u0119\u0107.<\/p><p>Pojemno\u015b\u0107 p\u0142ynu: 36 ml<\/p><p>Pojemno\u015b\u0107 baterii: 550 mAh, \u0142adowana przez USB-C<\/p><p>Rezystor rozpylaj\u0105cy: Rezystor siatkowy 1,0 \u03a9, uwzgl\u0119dniaj\u0105cy smak i obj\u0119to\u015b\u0107 dymu.<\/p><p>Wyb\u00f3r st\u0119\u017ce\u0144 nikotyny: 0 %, 2 %, 3 %, 5 %<\/p><h2>Funkcje lod\u00f3wki Bang King 30000 Blueberry Ice &amp; Strawberry And Banana<\/h2><p>Podw\u00f3jna funkcja prze\u0142\u0105czania smaku: obs\u0142uguje dwie r\u00f3\u017cne funkcje prze\u0142\u0105czania smaku, \u0142atwe prze\u0142\u0105czanie smaku<\/p><p>Szybkie \u0142adowanie typu C: oferuje szybsze \u0142adowanie akumulatora o pojemno\u015bci 550 mAh.<\/p><h2>Zalety Bang King 30000<\/h2><p>Lekki: jednorazowy elektroniczny papieros, bez potrzeby dodawania oleju lub wymiany siatki oporowej, \u0142atwy do przenoszenia.<\/p><p>Doskona\u0142a autonomia: nadaje si\u0119 do d\u0142ugotrwa\u0142ego u\u017cytkowania, nie ma potrzeby cz\u0119stego \u0142adowania lub dodawania oleju.<\/p><p>Konstrukcja: standardowy korpus w kszta\u0142cie paska, przyjemny w dotyku, \u0142atwa zmiana smaku.<\/p><p>Du\u017ca pojemno\u015b\u0107 (36 ml oleju + akumulator 550 mAh), d\u0142uga \u017cywotno\u015b\u0107.<\/p><p>Podw\u00f3jna zmiana smaku oferuje r\u00f3\u017cnorodne doznania smakowe.<\/p><p>Odporno\u015b\u0107 siatki poprawia dym i smak.<\/p><p>Szybkie i wygodne \u0142adowanie przez USB-C.<\/p>\t\t\t\t\t\t\t\t<\/div>\n\t\t\t\t<\/div>\n\t\t\t\t\t<\/div>\n\t\t\t\t<\/div>\n\t\t\t\t<\/div>","protected":false},"excerpt":{"rendered":"<p>Cette combinaison \u00ab\u00a0myrtille glac\u00e9e + fraise banane\u00a0\u00bb convient aux amateurs de cigarettes \u00e9lectroniques qui appr\u00e9cient les saveurs fruit\u00e9es intenses, recherchent tant\u00f4t un go\u00fbt rafra\u00eechissant et glac\u00e9, tant\u00f4t un go\u00fbt chaud et sucr\u00e9. Le changement de saveurs fluide vous permet de changer d&rsquo;humeur \u00e0 tout moment et de vivre des sensations totalement diff\u00e9rentes. Blueberry Ice (Myrtille [&hellip;]<\/p>\n","protected":false},"featured_media":5973,"comment_status":"open","ping_status":"closed","template":"","meta":{"site-sidebar-layout":"no-sidebar","site-content-layout":"page-builder","ast-site-content-layout":"normal-width-container","site-content-style":"default","site-sidebar-style":"default","ast-global-header-display":"","ast-banner-title-visibility":"","ast-main-header-display":"","ast-hfb-above-header-display":"","ast-hfb-below-header-display":"","ast-hfb-mobile-header-display":"","site-post-title":"disabled","ast-breadcrumbs-content":"","ast-featured-img":"disabled","footer-sml-layout":"","ast-disable-related-posts":"","theme-transparent-header-meta":"default","adv-header-id-meta":"","stick-header-meta":"default","header-above-stick-meta":"","header-main-stick-meta":"","header-below-stick-meta":"","astra-migrate-meta-layouts":"set","ast-page-background-enabled":"default","ast-page-background-meta":{"desktop":{"background-color":"","background-image":"","background-repeat":"repeat","background-position":"center center","background-size":"auto","background-attachment":"scroll","background-type":"","background-media":"","overlay-type":"","overlay-color":"","overlay-opacity":"","overlay-gradient":""},"tablet":{"background-color":"","background-image":"","background-repeat":"repeat","background-position":"center center","background-size":"auto","background-attachment":"scroll","background-type":"","background-media":"","overlay-type":"","overlay-color":"","overlay-opacity":"","overlay-gradient":""},"mobile":{"background-color":"","background-image":"","background-repeat":"repeat","background-position":"center center","background-size":"auto","background-attachment":"scroll","background-type":"","background-media":"","overlay-type":"","overlay-color":"","overlay-opacity":"","overlay-gradient":""}},"ast-content-background-meta":{"desktop":{"background-color":"var(--ast-global-color-5)","background-image":"","background-repeat":"repeat","background-position":"center center","background-size":"auto","background-attachment":"scroll","background-type":"","background-media":"","overlay-type":"","overlay-color":"","overlay-opacity":"","overlay-gradient":""},"tablet":{"background-color":"var(--ast-global-color-5)","background-image":"","background-repeat":"repeat","background-position":"center center","background-size":"auto","background-attachment":"scroll","background-type":"","background-media":"","overlay-type":"","overlay-color":"","overlay-opacity":"","overlay-gradient":""},"mobile":{"background-color":"var(--ast-global-color-5)","background-image":"","background-repeat":"repeat","background-position":"center center","background-size":"auto","background-attachment":"scroll","background-type":"","background-media":"","overlay-type":"","overlay-color":"","overlay-opacity":"","overlay-gradient":""}}},"product_brand":[52],"product_cat":[55,86,15],"product_tag":[],"class_list":{"0":"post-6099","1":"product","2":"type-product","3":"status-publish","4":"has-post-thumbnail","6":"product_brand-bang-king","7":"product_cat-bang-king-30000-double-saveur-offre-jusqua-36ml-de-liquide","8":"product_cat-puff-30k","9":"product_cat-magasin-cigarette-electronique","10":"desktop-align-center","11":"tablet-align-center","12":"mobile-align-center","13":"ast-product-gallery-layout-horizontal","14":"ast-product-gallery-with-no-image","15":"ast-product-single-variable","16":"ast-product-tabs-layout-horizontal","17":"ast-qv-on-image","19":"first","20":"instock","21":"sale","22":"shipping-taxable","23":"purchasable","24":"product-type-variable","25":"has-default-attributes"},"tiered_pricing_type":"fixed","tiered_pricing_fixed_rules":{"50":7.33,"100":6.66},"tiered_pricing_product_settings":{"layout":"default","base_unit_name":{"singular":null,"plural":null},"default_variation":null},"tiered_pricing_minimum_quantity":null,"tiered_pricing_roles_data":[],"tiered_pricing_percentage_rules":[],"_links":{"self":[{"href":"https:\/\/puffvapestore.com\/pl\/wp-json\/wp\/v2\/product\/6099","targetHints":{"allow":["GET"]}}],"collection":[{"href":"https:\/\/puffvapestore.com\/pl\/wp-json\/wp\/v2\/product"}],"about":[{"href":"https:\/\/puffvapestore.com\/pl\/wp-json\/wp\/v2\/types\/product"}],"replies":[{"embeddable":true,"href":"https:\/\/puffvapestore.com\/pl\/wp-json\/wp\/v2\/comments?post=6099"}],"version-history":[{"count":7,"href":"https:\/\/puffvapestore.com\/pl\/wp-json\/wp\/v2\/product\/6099\/revisions"}],"predecessor-version":[{"id":6232,"href":"https:\/\/puffvapestore.com\/pl\/wp-json\/wp\/v2\/product\/6099\/revisions\/6232"}],"wp:featuredmedia":[{"embeddable":true,"href":"https:\/\/puffvapestore.com\/pl\/wp-json\/wp\/v2\/media\/5973"}],"wp:attachment":[{"href":"https:\/\/puffvapestore.com\/pl\/wp-json\/wp\/v2\/media?parent=6099"}],"wp:term":[{"taxonomy":"product_brand","embeddable":true,"href":"https:\/\/puffvapestore.com\/pl\/wp-json\/wp\/v2\/product_brand?post=6099"},{"taxonomy":"product_cat","embeddable":true,"href":"https:\/\/puffvapestore.com\/pl\/wp-json\/wp\/v2\/product_cat?post=6099"},{"taxonomy":"product_tag","embeddable":true,"href":"https:\/\/puffvapestore.com\/pl\/wp-json\/wp\/v2\/product_tag?post=6099"}],"curies":[{"name":"wp","href":"https:\/\/api.w.org\/{rel}","templated":true}]}}