{"id":6088,"date":"2025-07-30T08:33:12","date_gmt":"2025-07-30T08:33:12","guid":{"rendered":"https:\/\/puffvapestore.com\/?post_type=product&#038;p=6088"},"modified":"2026-01-19T10:36:11","modified_gmt":"2026-01-19T10:36:11","slug":"bang-king-30k-blueberry-raspberry-mixed-mouldy-fruit-offre-un-contraste-de-saveurs-saisissant","status":"publish","type":"product","link":"https:\/\/puffvapestore.com\/pl\/product\/bang-king-30k-jagoda-malina-mieszanka-splesnialych-owocow-oferuje-uderzajacy-kontrast-smakow\/","title":{"rendered":"Bang King 30K - jagoda, malina i mieszanka owoc\u00f3w ple\u015bniowych"},"content":{"rendered":"<div data-elementor-type=\"wp-post\" data-elementor-id=\"6088\" class=\"elementor elementor-6088\">\n\t\t\t\t<div class=\"elementor-element elementor-element-08c26f9 e-flex e-con-boxed e-con e-parent\" data-id=\"08c26f9\" data-element_type=\"container\" data-e-type=\"container\">\n\t\t\t\t\t<div class=\"e-con-inner\">\n\t\t\t\t<div class=\"elementor-element elementor-element-a005a97 elementor-widget elementor-widget-text-editor\" data-id=\"a005a97\" data-element_type=\"widget\" data-e-type=\"widget\" data-widget_type=\"text-editor.default\">\n\t\t\t\t<div class=\"elementor-widget-container\">\n\t\t\t\t\t\t\t\t\t<p>Blueberry Raspberry &amp; Mixed Mouldy Fruit to jeden z po\u0142\u0105czonych smak\u00f3w papieros\u00f3w elektronicznych Bang King 30K. Ta kombinacja smak\u00f3w jest wyj\u0105tkowa: jeden to seria \u015bwie\u017cych, s\u0142odkich jag\u00f3d, a drugi to mocny sfermentowany styl ze sple\u015bnia\u0142ymi owocami, uderzaj\u0105cy kontrast, ale nieoczekiwana koordynacja.<\/p><h2>Aromat jagodowy, malinowy<\/h2><p>Smak: s\u0142odko-kwa\u015bny, bor\u00f3wka jest bogata w d\u017cem, malina jest orze\u017awiaj\u0105ca, ze \u015bwie\u017co\u015bci\u0105 naturalnych jag\u00f3d.<\/p><p>Smak: Dym jest jedwabistym przecierem jagodowym, z odpowiedni\u0105 r\u00f3wnowag\u0105 s\u0142odyczy i kwasowo\u015bci; mieszanka jag\u00f3d i malin oferuje zar\u00f3wno owocowe nuty, jak i \u015bwie\u017c\u0105 owocow\u0105 kwasowo\u015b\u0107.<\/p><h2>Mieszany aromat sple\u015bnia\u0142ych owoc\u00f3w<\/h2><p>Aromat i smak: mocny smak z nut\u0105 fermentacji lub ple\u015bni, podobny do bogatego, \u0142agodnego aromatu d\u0142ugo przechowywanych owoc\u00f3w, podkre\u015blaj\u0105cy dojrza\u0142o\u015b\u0107, starzenie si\u0119, a nawet lekk\u0105 kwasowo\u015b\u0107 jag\u00f3d.<\/p><p>Smak: Z\u0142o\u017cony i zr\u00f3\u017cnicowany, kwa\u015bny i cierpki, podobny do smaku mieszanych, lekko sfermentowanych dzikich jag\u00f3d. Lekka szorstko\u015b\u0107 na podniebieniu, jakby sk\u00f3rka by\u0142a \u017cuta i lekki aromat naturalnych dro\u017cd\u017cy.<\/p><h2>Podw\u00f3jne do\u015bwiadczenie zmieniaj\u0105cych si\u0119 smak\u00f3w<\/h2><p>Po prze\u0142\u0105czeniu smak\u00f3w, \u015bwie\u017ca s\u0142odycz i kwaskowato\u015b\u0107 jag\u00f3d i malin natychmiast zachwyca kubki smakowe, podczas gdy po prze\u0142\u0105czeniu na smak mieszanych sple\u015bnia\u0142ych owoc\u00f3w, do\u015bwiadczasz bardziej z\u0142o\u017conych warstw sfermentowanych, dojrza\u0142ych owoc\u00f3w.<\/p><p>Prze\u0142\u0105czanie si\u0119 mi\u0119dzy tymi dwoma smakami jest jak przej\u015bcie z sadu do podziemnej piwnicy z winami: jeden jest orze\u017awiaj\u0105cy, drugi g\u0142\u0119boki, co jest bardzo stymuluj\u0105ce dla kubk\u00f3w smakowych.<\/p><h2>Specyfikacje Bang King 30000 Blueberry Raspberry &amp; Mixed Mouldy Fruit<\/h2><p>Liczba zaci\u0105gni\u0119\u0107: Ka\u017cdy papieros elektroniczny oferuje do 30 000 zaci\u0105gni\u0119\u0107.<\/p><p>Pojemno\u015b\u0107 p\u0142ynu: 36 ml<\/p><p>Pojemno\u015b\u0107 baterii: 550 mAh, \u0142adowana przez USB-C<\/p><p>Rezystor rozpylaj\u0105cy: Rezystor siatkowy 1,0 \u03a9, uwzgl\u0119dniaj\u0105cy smak i obj\u0119to\u015b\u0107 dymu.<\/p><p>Wyb\u00f3r st\u0119\u017ce\u0144 nikotyny: 0 %, 2 %, 3 %, 5 %<\/p><h2>Funkcje lod\u00f3wki Bang King 30000 Blueberry Raspberry &amp; Mixed Mouldy Fruit<\/h2><p>Podw\u00f3jna funkcja prze\u0142\u0105czania smaku: obs\u0142uguje dwie r\u00f3\u017cne funkcje prze\u0142\u0105czania smaku, \u0142atwe prze\u0142\u0105czanie smaku<\/p><p>Szybkie \u0142adowanie typu C: oferuje szybsze \u0142adowanie akumulatora o pojemno\u015bci 550 mAh.<\/p><h2>Zalety wyciskarki Bang King 30000 Blueberry Raspberry &amp; Mixed Mouldy Fruit<\/h2><p>Lekki: jednorazowy elektroniczny papieros, bez potrzeby dodawania oleju lub wymiany siatki oporowej, \u0142atwy do przenoszenia.<\/p><p>Doskona\u0142a autonomia: nadaje si\u0119 do d\u0142ugotrwa\u0142ego u\u017cytkowania, nie ma potrzeby cz\u0119stego \u0142adowania lub dodawania oleju.<\/p><p>Konstrukcja: standardowy korpus w kszta\u0142cie paska, przyjemny w dotyku, \u0142atwa zmiana smaku.<\/p><p>Du\u017ca pojemno\u015b\u0107 (36 ml oleju + akumulator 550 mAh), d\u0142uga \u017cywotno\u015b\u0107.<\/p><p>Podw\u00f3jna zmiana smaku oferuje r\u00f3\u017cnorodne doznania smakowe.<\/p><p>Odporno\u015b\u0107 siatki poprawia dym i smak.<\/p><p>Szybkie i wygodne \u0142adowanie przez USB-C.<\/p>\t\t\t\t\t\t\t\t<\/div>\n\t\t\t\t<\/div>\n\t\t\t\t\t<\/div>\n\t\t\t\t<\/div>\n\t\t\t\t<\/div>","protected":false},"excerpt":{"rendered":"<p>Blueberry Raspberry &amp; Mixed Mouldy Fruit est l&rsquo;une des saveurs combin\u00e9es des cigarettes \u00e9lectroniques Bang King 30K. Cette combinaison de saveurs est unique\u00a0: l&rsquo;une est une s\u00e9rie de baies fra\u00eeches et sucr\u00e9es, l&rsquo;autre est un style ferment\u00e9 puissant avec des fruits moisis, un contraste saisissant mais une coordination inattendue. Ar\u00f4me Myrtille, Framboise Ar\u00f4me\u00a0: aigre-doux, la [&hellip;]<\/p>\n","protected":false},"featured_media":5974,"comment_status":"open","ping_status":"closed","template":"","meta":{"site-sidebar-layout":"no-sidebar","site-content-layout":"page-builder","ast-site-content-layout":"normal-width-container","site-content-style":"default","site-sidebar-style":"default","ast-global-header-display":"","ast-banner-title-visibility":"","ast-main-header-display":"","ast-hfb-above-header-display":"","ast-hfb-below-header-display":"","ast-hfb-mobile-header-display":"","site-post-title":"disabled","ast-breadcrumbs-content":"","ast-featured-img":"disabled","footer-sml-layout":"","ast-disable-related-posts":"","theme-transparent-header-meta":"default","adv-header-id-meta":"","stick-header-meta":"default","header-above-stick-meta":"","header-main-stick-meta":"","header-below-stick-meta":"","astra-migrate-meta-layouts":"set","ast-page-background-enabled":"default","ast-page-background-meta":{"desktop":{"background-color":"","background-image":"","background-repeat":"repeat","background-position":"center center","background-size":"auto","background-attachment":"scroll","background-type":"","background-media":"","overlay-type":"","overlay-color":"","overlay-opacity":"","overlay-gradient":""},"tablet":{"background-color":"","background-image":"","background-repeat":"repeat","background-position":"center center","background-size":"auto","background-attachment":"scroll","background-type":"","background-media":"","overlay-type":"","overlay-color":"","overlay-opacity":"","overlay-gradient":""},"mobile":{"background-color":"","background-image":"","background-repeat":"repeat","background-position":"center center","background-size":"auto","background-attachment":"scroll","background-type":"","background-media":"","overlay-type":"","overlay-color":"","overlay-opacity":"","overlay-gradient":""}},"ast-content-background-meta":{"desktop":{"background-color":"var(--ast-global-color-5)","background-image":"","background-repeat":"repeat","background-position":"center center","background-size":"auto","background-attachment":"scroll","background-type":"","background-media":"","overlay-type":"","overlay-color":"","overlay-opacity":"","overlay-gradient":""},"tablet":{"background-color":"var(--ast-global-color-5)","background-image":"","background-repeat":"repeat","background-position":"center center","background-size":"auto","background-attachment":"scroll","background-type":"","background-media":"","overlay-type":"","overlay-color":"","overlay-opacity":"","overlay-gradient":""},"mobile":{"background-color":"var(--ast-global-color-5)","background-image":"","background-repeat":"repeat","background-position":"center center","background-size":"auto","background-attachment":"scroll","background-type":"","background-media":"","overlay-type":"","overlay-color":"","overlay-opacity":"","overlay-gradient":""}}},"product_brand":[52],"product_cat":[55,86,15],"product_tag":[],"class_list":{"0":"post-6088","1":"product","2":"type-product","3":"status-publish","4":"has-post-thumbnail","6":"product_brand-bang-king","7":"product_cat-bang-king-30000-double-saveur-offre-jusqua-36ml-de-liquide","8":"product_cat-puff-30k","9":"product_cat-magasin-cigarette-electronique","10":"desktop-align-center","11":"tablet-align-center","12":"mobile-align-center","13":"ast-product-gallery-layout-horizontal","14":"ast-product-gallery-with-no-image","15":"ast-product-single-variable","16":"ast-product-tabs-layout-horizontal","17":"ast-qv-on-image","19":"first","20":"instock","21":"sale","22":"shipping-taxable","23":"purchasable","24":"product-type-variable","25":"has-default-attributes"},"tiered_pricing_type":"fixed","tiered_pricing_fixed_rules":{"50":7.33,"100":6.66},"tiered_pricing_product_settings":{"layout":"default","base_unit_name":{"singular":null,"plural":null},"default_variation":null},"tiered_pricing_minimum_quantity":null,"tiered_pricing_roles_data":[],"tiered_pricing_percentage_rules":[],"_links":{"self":[{"href":"https:\/\/puffvapestore.com\/pl\/wp-json\/wp\/v2\/product\/6088","targetHints":{"allow":["GET"]}}],"collection":[{"href":"https:\/\/puffvapestore.com\/pl\/wp-json\/wp\/v2\/product"}],"about":[{"href":"https:\/\/puffvapestore.com\/pl\/wp-json\/wp\/v2\/types\/product"}],"replies":[{"embeddable":true,"href":"https:\/\/puffvapestore.com\/pl\/wp-json\/wp\/v2\/comments?post=6088"}],"version-history":[{"count":7,"href":"https:\/\/puffvapestore.com\/pl\/wp-json\/wp\/v2\/product\/6088\/revisions"}],"predecessor-version":[{"id":6231,"href":"https:\/\/puffvapestore.com\/pl\/wp-json\/wp\/v2\/product\/6088\/revisions\/6231"}],"wp:featuredmedia":[{"embeddable":true,"href":"https:\/\/puffvapestore.com\/pl\/wp-json\/wp\/v2\/media\/5974"}],"wp:attachment":[{"href":"https:\/\/puffvapestore.com\/pl\/wp-json\/wp\/v2\/media?parent=6088"}],"wp:term":[{"taxonomy":"product_brand","embeddable":true,"href":"https:\/\/puffvapestore.com\/pl\/wp-json\/wp\/v2\/product_brand?post=6088"},{"taxonomy":"product_cat","embeddable":true,"href":"https:\/\/puffvapestore.com\/pl\/wp-json\/wp\/v2\/product_cat?post=6088"},{"taxonomy":"product_tag","embeddable":true,"href":"https:\/\/puffvapestore.com\/pl\/wp-json\/wp\/v2\/product_tag?post=6088"}],"curies":[{"name":"wp","href":"https:\/\/api.w.org\/{rel}","templated":true}]}}