{"id":6077,"date":"2025-07-30T06:22:38","date_gmt":"2025-07-30T06:22:38","guid":{"rendered":"https:\/\/puffvapestore.com\/?post_type=product&#038;p=6077"},"modified":"2026-01-19T10:36:10","modified_gmt":"2026-01-19T10:36:10","slug":"bang-king-30k-watermelon-ice-blueberry-mint-offre-un-equilibre-parfait-entre","status":"publish","type":"product","link":"https:\/\/puffvapestore.com\/pl\/product\/bang-king-30k-watermelon-ice-blueberry-mint-oferuje-idealna-rownowage-pomiedzy\/","title":{"rendered":"Bang King 30K - Arbuzowy l\u00f3d i jagodowa mi\u0119ta"},"content":{"rendered":"<div data-elementor-type=\"wp-post\" data-elementor-id=\"6077\" class=\"elementor elementor-6077\">\n\t\t\t\t<div class=\"elementor-element elementor-element-08c26f9 e-flex e-con-boxed e-con e-parent\" data-id=\"08c26f9\" data-element_type=\"container\" data-e-type=\"container\">\n\t\t\t\t\t<div class=\"e-con-inner\">\n\t\t\t\t<div class=\"elementor-element elementor-element-a005a97 elementor-widget elementor-widget-text-editor\" data-id=\"a005a97\" data-element_type=\"widget\" data-e-type=\"widget\" data-widget_type=\"text-editor.default\">\n\t\t\t\t<div class=\"elementor-widget-container\">\n\t\t\t\t\t\t\t\t\t<p>Smak Iced Watermelon &amp; Blueberry Mint papierosa elektronicznego Bang King 30K to mieszanka owoc\u00f3w i mi\u0119ty, zapewniaj\u0105ca idealn\u0105 r\u00f3wnowag\u0119 mi\u0119dzy s\u0142odkim owocowym smakiem a lodowatym smakiem.<\/p><h2>Aromat mro\u017conego arbuza<\/h2><p>Owocowy i s\u0142odki: zainspirowany dojrza\u0142ym, soczystym arbuzem, jego s\u0142odycz jest widoczna od pierwszego posmaku, ale nie jest zbyt wyra\u017ana, jakby\u015b gryz\u0142 mro\u017conego arbuza.<\/p><p>Mro\u017cona ozdoba: Zapewnia subtelne uczucie \u015bwie\u017co\u015bci, jakby dodano cienk\u0105 warstw\u0119 orze\u017awiaj\u0105cych kostek lodu. Posmak jest \u015bwie\u017cy i nie podra\u017cnia gard\u0142a, zachowuj\u0105c naturalny zapach i s\u0142odycz owoc\u00f3w.<\/p><h2>Smak jagodowo-mi\u0119towy<\/h2><p>S\u0142odko-kwa\u015bna bor\u00f3wka: aromat bor\u00f3wki jest s\u0142odki i pachn\u0105cy, z r\u00f3wnowag\u0105 mi\u0119dzy s\u0142odkim i kwa\u015bnym, ani zbyt kwa\u015bnym, ani zbyt s\u0142odkim, zachowuj\u0105c naturalne bogactwo owocowego smaku.<\/p><p>Zimna mi\u0119ta: Posmak przynosi orze\u017awiaj\u0105ce, ch\u0142odne, lekkie i przyjemne uczucie mentolu, zapewniaj\u0105c \u015bwie\u017co\u015b\u0107 na podniebieniu.<\/p><h2>Do\u015bwiadcz zmiany smaku<\/h2><p>Stopniowa kombinacja: najpierw mo\u017cesz cieszy\u0107 si\u0119 s\u0142odkim mro\u017conym arbuzem, z lekkim lodowatym uczuciem w ustach, a nast\u0119pnie przej\u015b\u0107 do \u015bwie\u017cego posmaku mi\u0119ty i jag\u00f3d, idealnego na lato, z naprzemienn\u0105 \u015bwie\u017co\u015bci\u0105 i owocowymi aromatami oraz silnym pobudzaj\u0105cym uczuciem.<\/p><h2>Specyfikacje Bang King 30000 Watermelon Ice &amp; Blueberry Mint<\/h2><p>Liczba zaci\u0105gni\u0119\u0107: Ka\u017cdy papieros elektroniczny oferuje do 30 000 zaci\u0105gni\u0119\u0107.<\/p><p>Pojemno\u015b\u0107 p\u0142ynu: 36 ml<\/p><p>Pojemno\u015b\u0107 baterii: 550 mAh, \u0142adowana przez USB-C<\/p><p>Rezystor rozpylaj\u0105cy: Rezystor siatkowy 1,0 \u03a9, uwzgl\u0119dniaj\u0105cy smak i obj\u0119to\u015b\u0107 dymu.<\/p><p>Wyb\u00f3r st\u0119\u017ce\u0144 nikotyny: 0 %, 2 %, 3 %, 5 %<\/p><h2>Funkcje lod\u00f3wki Bang King 30000 Watermelon Ice &amp; Blueberry Mint<\/h2><p>Podw\u00f3jna funkcja prze\u0142\u0105czania smaku: obs\u0142uguje dwie r\u00f3\u017cne funkcje prze\u0142\u0105czania smaku, \u0142atwe prze\u0142\u0105czanie smaku<\/p><p>Szybkie \u0142adowanie typu C: oferuje szybsze \u0142adowanie akumulatora o pojemno\u015bci 550 mAh.<\/p><h2>Zalety Bang King 30000<\/h2><p>Lekki: jednorazowy elektroniczny papieros, bez potrzeby dodawania oleju lub wymiany siatki oporowej, \u0142atwy do przenoszenia.<\/p><p>Doskona\u0142a autonomia: nadaje si\u0119 do d\u0142ugotrwa\u0142ego u\u017cytkowania, nie ma potrzeby cz\u0119stego \u0142adowania lub dodawania oleju.<\/p><p>Konstrukcja: standardowy korpus w kszta\u0142cie paska, przyjemny w dotyku, \u0142atwa zmiana smaku.<\/p><p>Du\u017ca pojemno\u015b\u0107 (36 ml oleju + akumulator 550 mAh), d\u0142uga \u017cywotno\u015b\u0107.<\/p><p>Podw\u00f3jna zmiana smaku oferuje r\u00f3\u017cnorodne doznania smakowe.<\/p><p>Odporno\u015b\u0107 siatki poprawia dym i smak.<\/p><p>Szybkie i wygodne \u0142adowanie przez USB-C.<\/p>\t\t\t\t\t\t\t\t<\/div>\n\t\t\t\t<\/div>\n\t\t\t\t\t<\/div>\n\t\t\t\t<\/div>\n\t\t\t\t<\/div>","protected":false},"excerpt":{"rendered":"<p>L&rsquo;ar\u00f4me Past\u00e8que Glac\u00e9e &amp; Menthe Myrtille de la cigarette \u00e9lectronique Bang King 30K est un m\u00e9lange de fruits et de menthe, privil\u00e9giant un \u00e9quilibre parfait entre un ar\u00f4me fruit\u00e9 sucr\u00e9 et un go\u00fbt glac\u00e9. Ar\u00f4me Past\u00e8que Glac\u00e9e Fruit et sucr\u00e9\u00a0: Inspir\u00e9 de la past\u00e8que m\u00fbre et juteuse, sa douceur est \u00e9vidente d\u00e8s la premi\u00e8re d\u00e9gustation, [&hellip;]<\/p>\n","protected":false},"featured_media":5982,"comment_status":"open","ping_status":"closed","template":"","meta":{"site-sidebar-layout":"no-sidebar","site-content-layout":"page-builder","ast-site-content-layout":"normal-width-container","site-content-style":"default","site-sidebar-style":"default","ast-global-header-display":"","ast-banner-title-visibility":"","ast-main-header-display":"","ast-hfb-above-header-display":"","ast-hfb-below-header-display":"","ast-hfb-mobile-header-display":"","site-post-title":"disabled","ast-breadcrumbs-content":"","ast-featured-img":"disabled","footer-sml-layout":"","ast-disable-related-posts":"","theme-transparent-header-meta":"default","adv-header-id-meta":"","stick-header-meta":"default","header-above-stick-meta":"","header-main-stick-meta":"","header-below-stick-meta":"","astra-migrate-meta-layouts":"set","ast-page-background-enabled":"default","ast-page-background-meta":{"desktop":{"background-color":"","background-image":"","background-repeat":"repeat","background-position":"center center","background-size":"auto","background-attachment":"scroll","background-type":"","background-media":"","overlay-type":"","overlay-color":"","overlay-opacity":"","overlay-gradient":""},"tablet":{"background-color":"","background-image":"","background-repeat":"repeat","background-position":"center center","background-size":"auto","background-attachment":"scroll","background-type":"","background-media":"","overlay-type":"","overlay-color":"","overlay-opacity":"","overlay-gradient":""},"mobile":{"background-color":"","background-image":"","background-repeat":"repeat","background-position":"center center","background-size":"auto","background-attachment":"scroll","background-type":"","background-media":"","overlay-type":"","overlay-color":"","overlay-opacity":"","overlay-gradient":""}},"ast-content-background-meta":{"desktop":{"background-color":"var(--ast-global-color-5)","background-image":"","background-repeat":"repeat","background-position":"center center","background-size":"auto","background-attachment":"scroll","background-type":"","background-media":"","overlay-type":"","overlay-color":"","overlay-opacity":"","overlay-gradient":""},"tablet":{"background-color":"var(--ast-global-color-5)","background-image":"","background-repeat":"repeat","background-position":"center center","background-size":"auto","background-attachment":"scroll","background-type":"","background-media":"","overlay-type":"","overlay-color":"","overlay-opacity":"","overlay-gradient":""},"mobile":{"background-color":"var(--ast-global-color-5)","background-image":"","background-repeat":"repeat","background-position":"center center","background-size":"auto","background-attachment":"scroll","background-type":"","background-media":"","overlay-type":"","overlay-color":"","overlay-opacity":"","overlay-gradient":""}}},"product_brand":[52],"product_cat":[55,86,15],"product_tag":[],"class_list":{"0":"post-6077","1":"product","2":"type-product","3":"status-publish","4":"has-post-thumbnail","6":"product_brand-bang-king","7":"product_cat-bang-king-30000-double-saveur-offre-jusqua-36ml-de-liquide","8":"product_cat-puff-30k","9":"product_cat-magasin-cigarette-electronique","10":"desktop-align-center","11":"tablet-align-center","12":"mobile-align-center","13":"ast-product-gallery-layout-horizontal","14":"ast-product-gallery-with-no-image","15":"ast-product-single-variable","16":"ast-product-tabs-layout-horizontal","17":"ast-qv-on-image","19":"first","20":"instock","21":"sale","22":"shipping-taxable","23":"purchasable","24":"product-type-variable","25":"has-default-attributes"},"tiered_pricing_type":"fixed","tiered_pricing_fixed_rules":{"50":7.33,"100":6.66},"tiered_pricing_product_settings":{"layout":"default","base_unit_name":{"singular":null,"plural":null},"default_variation":null},"tiered_pricing_minimum_quantity":null,"tiered_pricing_roles_data":[],"tiered_pricing_percentage_rules":[],"_links":{"self":[{"href":"https:\/\/puffvapestore.com\/pl\/wp-json\/wp\/v2\/product\/6077","targetHints":{"allow":["GET"]}}],"collection":[{"href":"https:\/\/puffvapestore.com\/pl\/wp-json\/wp\/v2\/product"}],"about":[{"href":"https:\/\/puffvapestore.com\/pl\/wp-json\/wp\/v2\/types\/product"}],"replies":[{"embeddable":true,"href":"https:\/\/puffvapestore.com\/pl\/wp-json\/wp\/v2\/comments?post=6077"}],"version-history":[{"count":7,"href":"https:\/\/puffvapestore.com\/pl\/wp-json\/wp\/v2\/product\/6077\/revisions"}],"predecessor-version":[{"id":6230,"href":"https:\/\/puffvapestore.com\/pl\/wp-json\/wp\/v2\/product\/6077\/revisions\/6230"}],"wp:featuredmedia":[{"embeddable":true,"href":"https:\/\/puffvapestore.com\/pl\/wp-json\/wp\/v2\/media\/5982"}],"wp:attachment":[{"href":"https:\/\/puffvapestore.com\/pl\/wp-json\/wp\/v2\/media?parent=6077"}],"wp:term":[{"taxonomy":"product_brand","embeddable":true,"href":"https:\/\/puffvapestore.com\/pl\/wp-json\/wp\/v2\/product_brand?post=6077"},{"taxonomy":"product_cat","embeddable":true,"href":"https:\/\/puffvapestore.com\/pl\/wp-json\/wp\/v2\/product_cat?post=6077"},{"taxonomy":"product_tag","embeddable":true,"href":"https:\/\/puffvapestore.com\/pl\/wp-json\/wp\/v2\/product_tag?post=6077"}],"curies":[{"name":"wp","href":"https:\/\/api.w.org\/{rel}","templated":true}]}}