{"id":6002,"date":"2025-07-29T13:39:34","date_gmt":"2025-07-29T13:39:34","guid":{"rendered":"https:\/\/puffvapestore.com\/?post_type=product&#038;p=6002"},"modified":"2026-01-19T10:36:10","modified_gmt":"2026-01-19T10:36:10","slug":"bang-king-30000-resistance-mesh-et-une-batterie-rechargeable","status":"publish","type":"product","link":"https:\/\/puffvapestore.com\/pl\/product\/bang-king-wytrzymalosc-siatki-30000-i-bateria-wielokrotnego-ladowania\/","title":{"rendered":"Bang King 30000: 36 ml e-cieczy, rezystor siatkowy, opcjonalne st\u0119\u017cenia nikotyny: 0 %, 2 %, 3 %, 5 %"},"content":{"rendered":"<div data-elementor-type=\"wp-post\" data-elementor-id=\"6002\" class=\"elementor elementor-6002\">\n\t\t\t\t<div class=\"elementor-element elementor-element-08c26f9 e-flex e-con-boxed e-con e-parent\" data-id=\"08c26f9\" data-element_type=\"container\" data-e-type=\"container\">\n\t\t\t\t\t<div class=\"e-con-inner\">\n\t\t\t\t<div class=\"elementor-element elementor-element-a005a97 elementor-widget elementor-widget-text-editor\" data-id=\"a005a97\" data-element_type=\"widget\" data-e-type=\"widget\" data-widget_type=\"text-editor.default\">\n\t\t\t\t<div class=\"elementor-widget-container\">\n\t\t\t\t\t\t\t\t\t<h2>Specyfikacja Bang King 30000<\/h2><p>Liczba zaci\u0105gni\u0119\u0107: Ka\u017cdy papieros elektroniczny oferuje do 30 000 zaci\u0105gni\u0119\u0107.<\/p><p>Pojemno\u015b\u0107 p\u0142ynu: 36 ml<\/p><p>Pojemno\u015b\u0107 baterii: 550 mAh, \u0142adowana przez USB-C<\/p><p>Rezystor rozpylaj\u0105cy: Rezystor siatkowy 1,0 \u03a9, uwzgl\u0119dniaj\u0105cy smak i obj\u0119to\u015b\u0107 dymu.<\/p><p>Wyb\u00f3r st\u0119\u017ce\u0144 nikotyny: 0 %, 2 %, 3 %, 5 %<\/p><h2>Funkcje Bang King 30000<\/h2><p>Podw\u00f3jna funkcja prze\u0142\u0105czania smaku: obs\u0142uguje dwie r\u00f3\u017cne funkcje prze\u0142\u0105czania smaku, \u0142atwe prze\u0142\u0105czanie smaku<\/p><p>Szybkie \u0142adowanie typu C: oferuje szybsze \u0142adowanie akumulatora o pojemno\u015bci 550 mAh.<\/p><h2>Zalety Bang King 30000<\/h2><p>Lekki: jednorazowy elektroniczny papieros, bez potrzeby dodawania oleju lub wymiany siatki oporowej, \u0142atwy do przenoszenia.<\/p><p>Doskona\u0142a autonomia: nadaje si\u0119 do d\u0142ugotrwa\u0142ego u\u017cytkowania, nie ma potrzeby cz\u0119stego \u0142adowania lub dodawania oleju.<\/p><p>Konstrukcja: standardowy korpus w kszta\u0142cie paska, przyjemny w dotyku, \u0142atwa zmiana smaku.<\/p><p>Du\u017ca pojemno\u015b\u0107 (36 ml oleju + akumulator 550 mAh), d\u0142uga \u017cywotno\u015b\u0107.<\/p><p>Podw\u00f3jna zmiana smaku oferuje r\u00f3\u017cnorodne doznania smakowe.<\/p><p>Odporno\u015b\u0107 siatki poprawia dym i smak.<\/p><p>Szybkie i wygodne \u0142adowanie przez USB-C.<\/p><h2>Podw\u00f3jny smak Bang King 30000 oferuje 12 unikalnych kombinacji smakowych<\/h2><p>Dwusmakowy papieros elektroniczny Bang King 30000 oferuje 12 unikalnych kombinacji smakowych, kt\u00f3re zaspokoj\u0105 ka\u017cdy gust. Ka\u017cdy elektroniczny papieros zawiera 36 ml e-liquidu o du\u017cej pojemno\u015bci i oferuje 30000 zaci\u0105gni\u0119\u0107. Smaki te zosta\u0142y zaprojektowane z podw\u00f3jnym systemem prze\u0142\u0105czania smak\u00f3w, dzi\u0119ki czemu u\u017cytkownicy mog\u0105 cieszy\u0107 si\u0119 dwoma zupe\u0142nie r\u00f3\u017cnymi smakami w jednym elektronicznym papierosie. Wyposa\u017cony w rezystor siatkowy 1,0 ohm i akumulator 550 mAh, gwarantuje g\u0142adki, d\u0142ugotrwa\u0142y smak. Niezale\u017cnie od tego, czy preferujesz orze\u017awiaj\u0105ce, s\u0142odkie czy oryginalne smaki, Bang King 30K oferuje szeroki wyb\u00f3r.<\/p><h3>Orze\u017awiaj\u0105ca kategoria owocowa:<\/h3><p>\u00abWatermelon Ice &amp; Blueberry Mint: Mro\u017cony arbuz oferuje s\u0142odki, soczysty smak arbuza w po\u0142\u0105czeniu ze \u015bwie\u017co\u015bci\u0105 i s\u0142odycz\u0105 mi\u0119ty jagodowej, zapewniaj\u0105c uczucie letniej \u015bwie\u017co\u015bci.<\/p><p>\u00abBlueberry Ice &amp; Black Dragon Ice: Mro\u017cona bor\u00f3wka \u0142\u0105czy si\u0119 z tajemniczym smakiem czarnego smoczego owocu. S\u0142odka kwaskowato\u015b\u0107 bor\u00f3wki i wyj\u0105tkowy smak smoczego owocu harmonijnie si\u0119 uzupe\u0142niaj\u0105, tworz\u0105c urzekaj\u0105cy mro\u017cony posmak.<\/p><p>\u00abStrawberry Kiwi &amp; Peach Ice: S\u0142odko-kwa\u015bne po\u0142\u0105czenie truskawkowego kiwi w po\u0142\u0105czeniu z owocowym aromatem i \u015bwie\u017co\u015bci\u0105 brzoskwiniowego lodu zapewnia bogaty smak, idealny dla fan\u00f3w orze\u017awiaj\u0105cych owocowych smak\u00f3w.<\/p><h3>S\u0142odka i owocowa kategoria:<\/h3><p>Blueberry Ice &amp; Strawberry And Banana: S\u0142odko-kwa\u015bne lody jagodowe \u0142\u0105cz\u0105 si\u0119 z kremow\u0105 s\u0142odycz\u0105 truskawkowo-bananow\u0105, z odrobin\u0105 s\u0142odkiej \u015bwie\u017co\u015bci, idealne dla \u0142akomczuch\u00f3w.<\/p><p>Strawberry Watermelon &amp; Kiwi Passion Fruit Guava: S\u0142odycz truskawkowego arbuza \u0142\u0105czy si\u0119 z tropikalnymi smakami kiwi, marakui i guawy, tworz\u0105c bogat\u0105 owocow\u0105 uczt\u0119.<\/p><p>Watermelon Ice &amp; Strawberry And Mango: orze\u017awiaj\u0105cy smak lod\u00f3w arbuzowych \u0142\u0105czy si\u0119 z tropikalnym smakiem truskawkowego mango, s\u0142odkim, ale nie t\u0142ustym, zapewniaj\u0105c niezapomniane chwile.<\/p><p>\u00abBlueberry Raspberry &amp; Peach Mango Watermelon: Kwaskowato\u015b\u0107 bor\u00f3wki i maliny miesza si\u0119 z tropikalnymi smakami brzoskwini, mango i arbuza, tworz\u0105c bogaty, subtelny owocowy aromat.<\/p><p>\u00abStrawberry and Watermelon &amp; Grape Ice\u00bb: S\u0142odycz truskawek i arbuza \u0142\u0105czy si\u0119 ze \u015bwie\u017cym, owocowym smakiem mro\u017conych winogron, tworz\u0105c zr\u00f3wnowa\u017cone doznanie s\u0142odyczy i \u015bwie\u017co\u015bci.<\/p><h3>Unikalna i kreatywna kategoria:<\/h3><p>\u00abRed Bull &amp; Blueberry Watermelon: Wyj\u0105tkowa stymulacja napoju energetycznego Red Bull \u0142\u0105czy si\u0119 ze s\u0142odkim, owocowym smakiem bor\u00f3wki i arbuza, zapewniaj\u0105c \u017cywe doznania podczas palenia.<\/p><p>\u00abRed Bull &amp; Watermelon Bubble Candy: orze\u017awiaj\u0105cy smak Red Bulla po\u0142\u0105czony ze s\u0142odycz\u0105 arbuzowej gumy do \u017cucia zapewnia oryginalny i przyjemny smak.<\/p><p>\u00abBlueberry Raspberry &amp; Mixed Mouldy Fruit: Klasyczny owocowy smak bor\u00f3wki i maliny po\u0142\u0105czony jest z wyj\u0105tkowym aromatem sfermentowanych owoc\u00f3w, aby stworzy\u0107 nowe doznania smakowe, idealne dla vaper\u00f3w szukaj\u0105cych czego\u015b nowego.<\/p><p>\u2018Strawberry Kiwi &amp; Sour Apple Raspberry\u2019: S\u0142odycz truskawkowego kiwi \u0142\u0105czy si\u0119 z lekko kwa\u015bnym owocowym smakiem kwa\u015bnej maliny jab\u0142kowej, zapewniaj\u0105c zr\u00f3wnowa\u017cony s\u0142odko-kwa\u015bny smak, kt\u00f3ry jest ekscytuj\u0105cy.<\/p>\t\t\t\t\t\t\t\t<\/div>\n\t\t\t\t<\/div>\n\t\t\t\t\t<\/div>\n\t\t\t\t<\/div>\n\t\t\t\t<\/div>","protected":false},"excerpt":{"rendered":"<p>Sp\u00e9cifications de la Bang King 30000 Nombre de bouff\u00e9es\u00a0: Chaque cigarette \u00e9lectronique offre jusqu\u2019\u00e0 30000 bouff\u00e9es. Capacit\u00e9 en liquide\u00a0: 36\u00a0ml Capacit\u00e9 de la batterie\u00a0: 550\u00a0mAh, rechargeable par USB-C R\u00e9sistance d\u2019atomisation\u00a0: R\u00e9sistance mesh de 1,0\u00a0\u03a9, prenant en compte le go\u00fbt et le volume de fum\u00e9e. Concentration de nicotine au choix\u00a0: 0\u00a0%, 2\u00a0%, 3\u00a0%, 5\u00a0% Fonctions de [&hellip;]<\/p>\n","protected":false},"featured_media":5987,"comment_status":"open","ping_status":"closed","template":"","meta":{"site-sidebar-layout":"no-sidebar","site-content-layout":"page-builder","ast-site-content-layout":"normal-width-container","site-content-style":"default","site-sidebar-style":"default","ast-global-header-display":"","ast-banner-title-visibility":"","ast-main-header-display":"","ast-hfb-above-header-display":"","ast-hfb-below-header-display":"","ast-hfb-mobile-header-display":"","site-post-title":"disabled","ast-breadcrumbs-content":"","ast-featured-img":"disabled","footer-sml-layout":"","ast-disable-related-posts":"","theme-transparent-header-meta":"default","adv-header-id-meta":"","stick-header-meta":"default","header-above-stick-meta":"","header-main-stick-meta":"","header-below-stick-meta":"","astra-migrate-meta-layouts":"set","ast-page-background-enabled":"default","ast-page-background-meta":{"desktop":{"background-color":"","background-image":"","background-repeat":"repeat","background-position":"center center","background-size":"auto","background-attachment":"scroll","background-type":"","background-media":"","overlay-type":"","overlay-color":"","overlay-opacity":"","overlay-gradient":""},"tablet":{"background-color":"","background-image":"","background-repeat":"repeat","background-position":"center center","background-size":"auto","background-attachment":"scroll","background-type":"","background-media":"","overlay-type":"","overlay-color":"","overlay-opacity":"","overlay-gradient":""},"mobile":{"background-color":"","background-image":"","background-repeat":"repeat","background-position":"center center","background-size":"auto","background-attachment":"scroll","background-type":"","background-media":"","overlay-type":"","overlay-color":"","overlay-opacity":"","overlay-gradient":""}},"ast-content-background-meta":{"desktop":{"background-color":"var(--ast-global-color-5)","background-image":"","background-repeat":"repeat","background-position":"center center","background-size":"auto","background-attachment":"scroll","background-type":"","background-media":"","overlay-type":"","overlay-color":"","overlay-opacity":"","overlay-gradient":""},"tablet":{"background-color":"var(--ast-global-color-5)","background-image":"","background-repeat":"repeat","background-position":"center center","background-size":"auto","background-attachment":"scroll","background-type":"","background-media":"","overlay-type":"","overlay-color":"","overlay-opacity":"","overlay-gradient":""},"mobile":{"background-color":"var(--ast-global-color-5)","background-image":"","background-repeat":"repeat","background-position":"center center","background-size":"auto","background-attachment":"scroll","background-type":"","background-media":"","overlay-type":"","overlay-color":"","overlay-opacity":"","overlay-gradient":""}}},"product_brand":[52],"product_cat":[55,86,15],"product_tag":[],"class_list":{"0":"post-6002","1":"product","2":"type-product","3":"status-publish","4":"has-post-thumbnail","6":"product_brand-bang-king","7":"product_cat-bang-king-30000-double-saveur-offre-jusqua-36ml-de-liquide","8":"product_cat-puff-30k","9":"product_cat-magasin-cigarette-electronique","10":"desktop-align-center","11":"tablet-align-center","12":"mobile-align-center","13":"ast-product-gallery-layout-horizontal","14":"ast-product-single-variable","15":"ast-product-tabs-layout-horizontal","16":"ast-qv-on-image","18":"first","19":"instock","20":"sale","21":"shipping-taxable","22":"purchasable","23":"product-type-variable","24":"has-default-attributes"},"tiered_pricing_type":"fixed","tiered_pricing_fixed_rules":{"50":7.33,"100":6.66},"tiered_pricing_product_settings":{"layout":"default","base_unit_name":{"singular":null,"plural":null},"default_variation":null},"tiered_pricing_minimum_quantity":null,"tiered_pricing_roles_data":[],"tiered_pricing_percentage_rules":[],"_links":{"self":[{"href":"https:\/\/puffvapestore.com\/pl\/wp-json\/wp\/v2\/product\/6002","targetHints":{"allow":["GET"]}}],"collection":[{"href":"https:\/\/puffvapestore.com\/pl\/wp-json\/wp\/v2\/product"}],"about":[{"href":"https:\/\/puffvapestore.com\/pl\/wp-json\/wp\/v2\/types\/product"}],"replies":[{"embeddable":true,"href":"https:\/\/puffvapestore.com\/pl\/wp-json\/wp\/v2\/comments?post=6002"}],"version-history":[{"count":6,"href":"https:\/\/puffvapestore.com\/pl\/wp-json\/wp\/v2\/product\/6002\/revisions"}],"predecessor-version":[{"id":6064,"href":"https:\/\/puffvapestore.com\/pl\/wp-json\/wp\/v2\/product\/6002\/revisions\/6064"}],"wp:featuredmedia":[{"embeddable":true,"href":"https:\/\/puffvapestore.com\/pl\/wp-json\/wp\/v2\/media\/5987"}],"wp:attachment":[{"href":"https:\/\/puffvapestore.com\/pl\/wp-json\/wp\/v2\/media?parent=6002"}],"wp:term":[{"taxonomy":"product_brand","embeddable":true,"href":"https:\/\/puffvapestore.com\/pl\/wp-json\/wp\/v2\/product_brand?post=6002"},{"taxonomy":"product_cat","embeddable":true,"href":"https:\/\/puffvapestore.com\/pl\/wp-json\/wp\/v2\/product_cat?post=6002"},{"taxonomy":"product_tag","embeddable":true,"href":"https:\/\/puffvapestore.com\/pl\/wp-json\/wp\/v2\/product_tag?post=6002"}],"curies":[{"name":"wp","href":"https:\/\/api.w.org\/{rel}","templated":true}]}}