{"id":5960,"date":"2025-07-29T08:38:47","date_gmt":"2025-07-29T08:38:47","guid":{"rendered":"https:\/\/puffvapestore.com\/?post_type=product&#038;p=5960"},"modified":"2026-02-05T03:54:29","modified_gmt":"2026-02-05T03:54:29","slug":"strawberry-kiwi-peach-ice-cherry-cola-bang-leader-80k-offre-un-arome-sucre-intense","status":"publish","type":"product","link":"https:\/\/puffvapestore.com\/pl\/product\/truskawka-kiwi-brzoskwinia-ice-cherry-cola-bang-leader-80k-oferuje-intensywny-cukrowy-smak\/","title":{"rendered":"Strawberry Kiwi &amp; Peach Ice &amp; Cherry Cola - Bang Leader 80K 3 w 1 Potr\u00f3jny Smak"},"content":{"rendered":"<div data-elementor-type=\"wp-post\" data-elementor-id=\"5960\" class=\"elementor elementor-5960\">\n\t\t\t\t<div class=\"elementor-element elementor-element-08c26f9 e-flex e-con-boxed e-con e-parent\" data-id=\"08c26f9\" data-element_type=\"container\" data-e-type=\"container\">\n\t\t\t\t\t<div class=\"e-con-inner\">\n\t\t\t\t<div class=\"elementor-element elementor-element-a005a97 elementor-widget elementor-widget-text-editor\" data-id=\"a005a97\" data-element_type=\"widget\" data-e-type=\"widget\" data-widget_type=\"text-editor.default\">\n\t\t\t\t<div class=\"elementor-widget-container\">\n\t\t\t\t\t\t\t\t\t<p>Papieros elektroniczny Bang Leader 80K \u00abStrawberry Kiwi &amp; Peach Ice &amp; Cherry Cola\u00bb \u0142\u0105czy w sobie \u015bwie\u017cy owocowy smak z nut\u0105 sody w stylu retro. Jest idealny dla fan\u00f3w e-papieros\u00f3w, kt\u00f3rzy lubi\u0105 s\u0142odko-cierpkie, bogate i owocowe smaki, a tak\u017ce lekki smak przypominaj\u0105cy nap\u00f3j.<\/p><h2>Aromat truskawkowo-kiwi<\/h2><p><strong>Nuta g\u0142owy: okr\u0105g\u0142a, s\u0142odka truskawka<\/strong><br \/>Pierwsze zaci\u0105gni\u0119cie si\u0119 daje bogaty aromat truskawkowy, przypominaj\u0105cy naturalny d\u017cem truskawkowy. Zapach jest s\u0142odki, ale mocny, z lekkim mlecznym posmakiem, przypominaj\u0105cym truskawkowe koktajle mleczne.<\/p><p><strong>Nuta serca: lekko kwa\u015bny owoc kiwi rozja\u015bnia serce.<\/strong><br \/>Lekka kwaskowato\u015b\u0107 kiwi neutralizuje s\u0142odycz truskawki, czyni\u0105c ca\u0142o\u015b\u0107 bardziej tr\u00f3jwymiarow\u0105 i z\u0142o\u017con\u0105, a dzi\u0119ki wyj\u0105tkowej s\u0142odkiej nucie - bardziej \u017cyw\u0105 i orze\u017awiaj\u0105c\u0105.<\/p><p><strong>Posmak: zr\u00f3wnowa\u017cony i kremowy<\/strong><br \/>Posmak jest lekko owocowy i pikantny, bez uczucia zimna lub nadmiernego pobudzenia, dzi\u0119ki czemu idealnie nadaje si\u0119 do ca\u0142odziennego palenia bez t\u0142usto\u015bci.<\/p><p>Delikatna i s\u0142odka, owocowa mieszanka jest orze\u017awiaj\u0105ca, ale nie jest zbyt pobudzaj\u0105ca. Ten owocowy smak jest idealny do codziennych dojazd\u00f3w do pracy i jest doceniany zar\u00f3wno przez m\u0119\u017cczyzn, jak i kobiety.<\/p><h2>Smak glazurowanej brzoskwini<\/h2><p><strong>Nuty g\u0142owy: pe\u0142ny aromat bia\u0142ej brzoskwini<\/strong><br \/>Smak P\u00eache Glac\u00e9e wydziela delikatn\u0105 konsystencj\u0119 brzoskwi\u0144, gdy tylko go spr\u00f3bujesz. Jest s\u0142odki, ale nie t\u0142usty i ma aromatyczn\u0105 struktur\u0119 podobn\u0105 do brzoskwiniowej herbaty lub bia\u0142ego brzoskwiniowego oolonga. Nie jest to sztuczny smak brzoskwiniowych cukierk\u00f3w, ale wra\u017cenie naturalnego soku.<\/p><p><strong>W sercu smaku: \u015bwie\u017ce, przenikliwe doznanie<\/strong><br \/>Uczucie lodu jest oczywiste, ale nie przyt\u0142aczaj\u0105ce, jak bia\u0142a brzoskwinia z lodem. \u015awie\u017co\u015b\u0107 utrzymuje si\u0119 na j\u0119zyku i w gardle, oferuj\u0105c orze\u017awiaj\u0105ce doznania godne letniego drinka.<\/p><p>Na finiszu s\u0142odycz zanika, ust\u0119puj\u0105c miejsca \u015bwie\u017co\u015bci.<\/p><p>Wra\u017cenie kostek lodu usuwa nadmiar cukru, a finisz jest czysty i trwa\u0142y.<\/p><p>Naturalny brzoskwiniowy zapach, wyj\u0105tkowe uczucie lodu, s\u0142odki bez t\u0142usto\u015bci, idealny na orze\u017awiaj\u0105ce letnie doznania lub detoks po posi\u0142ku. Idealny dla fan\u00f3w e-papieros\u00f3w, kt\u00f3rzy lubi\u0105 lekkie, \u015bwie\u017ce nuty herbaty lub owoc\u00f3w.<\/p><h2>Cola o smaku wi\u015bniowym<\/h2><p><strong>W nosie: retro zapach coli jest urzekaj\u0105cy.<\/strong><br \/>Jest to typowo ameryka\u0144ski smak wi\u015bni Cola, z b\u0105belkami coli i karmelowymi aromatami, co daje bardzo realistyczny efekt.<\/p><p><strong>Przeplataj\u0105cy si\u0119 aromat wi\u015bni<\/strong><br \/>Smak wi\u015bni nie ma orze\u017awiaj\u0105cej kwasowo\u015bci \u015bwie\u017cych wi\u015bni, ale jest bli\u017cszy bogatemu syropowi wi\u015bniowemu lub kandyzowanej wi\u015bni, dodaj\u0105c wyra\u017anej s\u0142odyczy i aromatycznej g\u0142\u0119bi.<\/p><p><strong>Lekka \u015bwie\u017co\u015b\u0107 i karmelowy posmak na finiszu<\/strong><br \/>Ta lekka \u015bwie\u017co\u015b\u0107 sprawia, \u017ce nap\u00f3j nie jest zbyt s\u0142odki, a odrobina karmelu i subtelny owocowy aromat utrzymuj\u0105 si\u0119 na finiszu, \u0142agodz\u0105c posmak napoju.<\/p><p>Nap\u00f3j w stylu retro: intensywna s\u0142odycz, umiarkowana \u015bwie\u017co\u015b\u0107 i trwa\u0142y aromat. Odpowiedni dla fan\u00f3w e-papieros\u00f3w, kt\u00f3rzy ceni\u0105 mocne smaki i napoje gazowane w stylu retro, lub dla tych, kt\u00f3rzy szukaj\u0105 wyj\u0105tkowego owocowego akcentu.<\/p><h2>Trzy systemy zmiany smaku, du\u017cy zbiornik e-liquidu o pojemno\u015bci 78 ml<\/h2><p>Model Bang Leader 80000 Strawberry Kiwi &amp; Peach Ice &amp; Cherry Cola posiada innowacyjn\u0105 konstrukcj\u0119 trzy w jednym, z trzema niezale\u017cnymi zintegrowanymi zbiornikami e-liquidu, ka\u017cdy o pojemno\u015bci 26 ml, co daje \u0142\u0105cznie 78 ml p\u0142ynu. Selektor smak\u00f3w u\u0142atwia zmian\u0119 smak\u00f3w, a trzy smaki pojawiaj\u0105 si\u0119 jednocze\u015bnie na tym samym elektronicznym papierosie, daj\u0105c ci swobod\u0119 zmiany nastroju i smak\u00f3w w dowolnym momencie.<\/p><p>Wyj\u0105tkowo trwa\u0142y w\u015br\u00f3d papieros\u00f3w jednorazowych, ka\u017cdy papieros elektroniczny Bang Leader 80000 Strawberry Kiwi &amp; Peach Ice &amp; Cherry Cola mo\u017ce dostarczy\u0107 do 80 tysi\u0119cy zaci\u0105gni\u0119\u0107, co czyni go idealnym wyborem dla regularnych vaper\u00f3w. Ciesz si\u0119 d\u0142ugotrwa\u0142ym u\u017cytkowaniem i ogranicz cz\u0119ste wymiany.<\/p><p>Dost\u0119pne s\u0105 cztery poziomy nikotyny: 0 %, 2 %, 3 %, 5 %. Niezale\u017cnie od tego, czy szukasz orze\u017awiaj\u0105cego doznania bez nikotyny, czy jeste\u015b palaczem szukaj\u0105cym wysoce skoncentrowanego uderzenia w gard\u0142o, znajdziesz intensywno\u015b\u0107, kt\u00f3ra Ci odpowiada i \u0142atwo dostosuje si\u0119 do Twoich potrzeb rzucenia palenia lub zmian w smaku.<\/p><h2>Odporno\u015b\u0107 siatki 1,0 \u03a9, wy\u015bmienity smak nast\u0119pnego poziomu<\/h2><p>Model Bang Leader 80000 Strawberry Kiwi &amp; Peach Ice &amp; Cherry Cola jest wyposa\u017cony w wysokowydajny rezystor siatkowy 1,0 \u03a9, kt\u00f3ry nagrzewa si\u0119 bardziej r\u00f3wnomiernie i atomizuje pe\u0142niej ni\u017c tradycyjne rezystory, zapewniaj\u0105c bogaty, niedra\u017cni\u0105cy dym. Ka\u017cde zaci\u0105gni\u0119cie jest g\u0142adkie i kremowe, maksymalizuj\u0105c uwalnianie autentycznego smaku e-liquidu.<\/p><h2>Szybko \u0142aduj\u0105ca si\u0119 bateria Type-C 850 mAh, stabilna moc wyj\u015bciowa bez przerw w zasilaniu<\/h2><p>Wbudowany akumulator litowy o du\u017cej pojemno\u015bci 850 mAh, kompatybilny z interfejsem szybkiego \u0142adowania typu C, zapewnia czas \u0142adowania wynosz\u0105cy oko\u0142o 60 minut. D\u0142uga \u017cywotno\u015b\u0107 baterii i wydajne \u0142adowanie oznaczaj\u0105, \u017ce mo\u017cesz pozosta\u0107 zmotywowany i cieszy\u0107 si\u0119 nieprzerwan\u0105, wysokowydajn\u0105 waporyzacj\u0105.<\/p><p>Lekka i przeno\u015bna, zintegrowana obudowa \u0142\u0105czy w sobie ergonomi\u0119 i odporno\u015b\u0107 na zu\u017cycie, dzi\u0119ki czemu idealnie nadaje si\u0119 do codziennego transportu i intensywnego u\u017cytkowania. Jego konstrukcja trzy w jednym nie tylko czyni go bardziej praktycznym, ale tak\u017ce zmniejsza wag\u0119 zwi\u0105zan\u0105 z noszeniem kilku elektronicznych papieros\u00f3w. Niezb\u0119dny dla fan\u00f3w bogatych smak\u00f3w.<\/p>\t\t\t\t\t\t\t\t<\/div>\n\t\t\t\t<\/div>\n\t\t\t\t\t<\/div>\n\t\t\t\t<\/div>\n\t\t\t\t<\/div>","protected":false},"excerpt":{"rendered":"<p>Ce coffret de cigarettes \u00e9lectroniques Bang Leader 80K \u00ab Strawberry Kiwi &amp; Peach Ice &amp; Cherry Cola \u00bb allie une saveur fruit\u00e9e fra\u00eeche \u00e0 une note r\u00e9tro de soda. Il convient aux amateurs de cigarettes \u00e9lectroniques qui appr\u00e9cient les ar\u00f4mes sucr\u00e9s-acidul\u00e9s, riches et fruit\u00e9s, ainsi qu&rsquo;une l\u00e9g\u00e8re saveur de boisson. Ar\u00f4me Fraise Kiwi Note de [&hellip;]<\/p>\n","protected":false},"featured_media":5727,"comment_status":"open","ping_status":"closed","template":"","meta":{"site-sidebar-layout":"no-sidebar","site-content-layout":"page-builder","ast-site-content-layout":"normal-width-container","site-content-style":"default","site-sidebar-style":"default","ast-global-header-display":"","ast-banner-title-visibility":"","ast-main-header-display":"","ast-hfb-above-header-display":"","ast-hfb-below-header-display":"","ast-hfb-mobile-header-display":"","site-post-title":"disabled","ast-breadcrumbs-content":"","ast-featured-img":"disabled","footer-sml-layout":"","ast-disable-related-posts":"","theme-transparent-header-meta":"default","adv-header-id-meta":"","stick-header-meta":"default","header-above-stick-meta":"","header-main-stick-meta":"","header-below-stick-meta":"","astra-migrate-meta-layouts":"set","ast-page-background-enabled":"default","ast-page-background-meta":{"desktop":{"background-color":"","background-image":"","background-repeat":"repeat","background-position":"center center","background-size":"auto","background-attachment":"scroll","background-type":"","background-media":"","overlay-type":"","overlay-color":"","overlay-opacity":"","overlay-gradient":""},"tablet":{"background-color":"","background-image":"","background-repeat":"repeat","background-position":"center center","background-size":"auto","background-attachment":"scroll","background-type":"","background-media":"","overlay-type":"","overlay-color":"","overlay-opacity":"","overlay-gradient":""},"mobile":{"background-color":"","background-image":"","background-repeat":"repeat","background-position":"center center","background-size":"auto","background-attachment":"scroll","background-type":"","background-media":"","overlay-type":"","overlay-color":"","overlay-opacity":"","overlay-gradient":""}},"ast-content-background-meta":{"desktop":{"background-color":"var(--ast-global-color-5)","background-image":"","background-repeat":"repeat","background-position":"center center","background-size":"auto","background-attachment":"scroll","background-type":"","background-media":"","overlay-type":"","overlay-color":"","overlay-opacity":"","overlay-gradient":""},"tablet":{"background-color":"var(--ast-global-color-5)","background-image":"","background-repeat":"repeat","background-position":"center center","background-size":"auto","background-attachment":"scroll","background-type":"","background-media":"","overlay-type":"","overlay-color":"","overlay-opacity":"","overlay-gradient":""},"mobile":{"background-color":"var(--ast-global-color-5)","background-image":"","background-repeat":"repeat","background-position":"center center","background-size":"auto","background-attachment":"scroll","background-type":"","background-media":"","overlay-type":"","overlay-color":"","overlay-opacity":"","overlay-gradient":""}}},"product_brand":[53],"product_cat":[54,106,15],"product_tag":[],"class_list":{"0":"post-5960","1":"product","2":"type-product","3":"status-publish","4":"has-post-thumbnail","6":"product_brand-bang-cree-une-cigarette-electronique-plus-confortable","7":"product_cat-bang-leader-80k-dispose-de-trois-reservoirs-de-liquide-independants-integres","8":"product_cat-puff-80k","9":"product_cat-magasin-cigarette-electronique","10":"desktop-align-center","11":"tablet-align-center","12":"mobile-align-center","13":"ast-product-gallery-layout-horizontal","14":"ast-product-gallery-with-no-image","15":"ast-product-single-variable","16":"ast-product-tabs-layout-horizontal","17":"ast-qv-on-image","19":"first","20":"outofstock","21":"sale","22":"shipping-taxable","23":"purchasable","24":"product-type-variable","25":"has-default-attributes"},"tiered_pricing_type":"fixed","tiered_pricing_fixed_rules":{"50":7.24,"100":6.45},"tiered_pricing_product_settings":{"layout":"default","base_unit_name":{"singular":null,"plural":null},"default_variation":null},"tiered_pricing_minimum_quantity":null,"tiered_pricing_roles_data":[],"tiered_pricing_percentage_rules":[],"_links":{"self":[{"href":"https:\/\/puffvapestore.com\/pl\/wp-json\/wp\/v2\/product\/5960","targetHints":{"allow":["GET"]}}],"collection":[{"href":"https:\/\/puffvapestore.com\/pl\/wp-json\/wp\/v2\/product"}],"about":[{"href":"https:\/\/puffvapestore.com\/pl\/wp-json\/wp\/v2\/types\/product"}],"replies":[{"embeddable":true,"href":"https:\/\/puffvapestore.com\/pl\/wp-json\/wp\/v2\/comments?post=5960"}],"version-history":[{"count":7,"href":"https:\/\/puffvapestore.com\/pl\/wp-json\/wp\/v2\/product\/5960\/revisions"}],"predecessor-version":[{"id":6228,"href":"https:\/\/puffvapestore.com\/pl\/wp-json\/wp\/v2\/product\/5960\/revisions\/6228"}],"wp:featuredmedia":[{"embeddable":true,"href":"https:\/\/puffvapestore.com\/pl\/wp-json\/wp\/v2\/media\/5727"}],"wp:attachment":[{"href":"https:\/\/puffvapestore.com\/pl\/wp-json\/wp\/v2\/media?parent=5960"}],"wp:term":[{"taxonomy":"product_brand","embeddable":true,"href":"https:\/\/puffvapestore.com\/pl\/wp-json\/wp\/v2\/product_brand?post=5960"},{"taxonomy":"product_cat","embeddable":true,"href":"https:\/\/puffvapestore.com\/pl\/wp-json\/wp\/v2\/product_cat?post=5960"},{"taxonomy":"product_tag","embeddable":true,"href":"https:\/\/puffvapestore.com\/pl\/wp-json\/wp\/v2\/product_tag?post=5960"}],"curies":[{"name":"wp","href":"https:\/\/api.w.org\/{rel}","templated":true}]}}