{"id":5945,"date":"2025-07-29T06:29:07","date_gmt":"2025-07-29T06:29:07","guid":{"rendered":"https:\/\/puffvapestore.com\/?post_type=product&#038;p=5945"},"modified":"2026-02-05T03:54:29","modified_gmt":"2026-02-05T03:54:29","slug":"raspberry-mojito-peach-ice-strawberry-watermelon-kiwi-passion-fruit-guava-bang-leader-80k","status":"publish","type":"product","link":"https:\/\/puffvapestore.com\/pl\/product\/malina-mojito-brzoskwinia-lod-truskawka-arbuz-kiwi-marakuja-guawa-bang-leader-80k\/","title":{"rendered":"Raspberry Mojito Peach Ice &amp; Strawberry Watermelon &amp; Kiwi Passion Fruit Guava - Bang Leader 80K 3 w 1 Triple Flavour"},"content":{"rendered":"<div data-elementor-type=\"wp-post\" data-elementor-id=\"5945\" class=\"elementor elementor-5945\">\n\t\t\t\t<div class=\"elementor-element elementor-element-08c26f9 e-flex e-con-boxed e-con e-parent\" data-id=\"08c26f9\" data-element_type=\"container\" data-e-type=\"container\">\n\t\t\t\t\t<div class=\"e-con-inner\">\n\t\t\t\t<div class=\"elementor-element elementor-element-a005a97 elementor-widget elementor-widget-text-editor\" data-id=\"a005a97\" data-element_type=\"widget\" data-e-type=\"widget\" data-widget_type=\"text-editor.default\">\n\t\t\t\t<div class=\"elementor-widget-container\">\n\t\t\t\t\t\t\t\t\t<p>Bang Leader 80000 3 in 1 Raspberry Mojito Iced Peach &amp; Strawberry Watermelon &amp; Kiwi Passion Fruit Guava to po\u0142\u0105czenie trzech tropikalnych, owocowych smak\u00f3w: \u00abRaspberry Mojito Iced Peach\u00bb, \u00abStrawberry Watermelon\u00bb i \u00abKiwi Passion Fruit Guava\u00bb. Ten elektroniczny papieros trzy w jednym oferuje po\u0142\u0105czenie owoc\u00f3w, s\u0142odko-kwa\u015bnej r\u00f3wnowagi i lodowatego doznania, ze z\u0142o\u017conymi, ale wyra\u017anymi niuansami, idealnymi dla fan\u00f3w elektronicznych papieros\u00f3w, kt\u00f3rzy lubi\u0105 owocowe smaki.<\/p><h2>Mro\u017cone malinowo-brzoskwiniowe mojito<\/h2><p>Orze\u017awiaj\u0105ca baza Mojito: Klasyczne elementy Mojito - limonka i mi\u0119ta - zapewniaj\u0105 orze\u017awiaj\u0105cy ch\u0142\u00f3d zaraz po inhalacji, daj\u0105c wra\u017cenie delektowania si\u0119 mro\u017conym drinkiem nad morzem w \u015brodku lata.<\/p><p>Pikantny smak malin jest mocny i przenikliwy, z wyj\u0105tkow\u0105 kwasowo\u015bci\u0105 i aromatem czerwonych owoc\u00f3w, kt\u00f3re s\u0105 bardzo orze\u017awiaj\u0105ce.<\/p><p>Brzoskwinia jest okr\u0105g\u0142a i delikatnie zbalansowana: jej smak nie jest przesadzony, ale raczej ciep\u0142a s\u0142odycz, jak owocowe pur\u00e9e, kt\u00f3re delikatnie neutralizuje kwasowo\u015b\u0107 mi\u0119ty na pocz\u0105tku podniebienia, czyni\u0105c ca\u0142o\u015b\u0107 bardziej kompletn\u0105.<\/p><p>Uczucie \u015bwie\u017co\u015bci na finiszu utrzymuje si\u0119 przez d\u0142ugi czas, z lekkim posmakiem mi\u0119ty.<\/p><h2>Arbuz Truskawka<\/h2><p>G\u0142\u00f3wnym sk\u0142adnikiem jest arbuz, o pe\u0142nej, orze\u017awiaj\u0105cej s\u0142odyczy: w przeciwie\u0144stwie do sztucznych s\u0142odyczy arbuzowych, ten arbuzowy smak jest bli\u017cszy sokowi ze \u015bwie\u017cego mi\u0105\u017cszu owocowego.<\/p><p>Truskawka wzmacnia aromat, s\u0142odycz i mi\u0119kko\u015b\u0107: truskawka ujawnia mleczny akcent, kt\u00f3ry \u0142\u0105czy si\u0119 z owocowymi aromatami, dzi\u0119ki czemu og\u00f3lna s\u0142odycz jest przyjemniejsza i niet\u0142usta.<\/p><h2>Kiwi, marakuja, guawa<\/h2><p>Kiwifruit ma pikantn\u0105, aromatyczn\u0105 baz\u0119, z lekkim uczuciem sk\u00f3ry: daje lekkie uczucie sk\u00f3ry od pierwszego wdechu, bardzo podobne do prawdziwego kiwi.<\/p><p>Owoc m\u0119czennicy roz\u015bwietla aromat w swoim sercu: jego pot\u0119\u017cny aromat jest wybuchowy, z lekkim uczuciem \u015bwie\u017co\u015bci, jak stragan z owocami w tropikalnym s\u0142o\u0144cu.<\/p><p>Gujawa dodaje wra\u017cenia g\u0119sto\u015bci i lekko mlecznego, s\u0142odkiego wyko\u0144czenia: dodaje intensywnego smaku przecieru owocowego, a ogon jest pe\u0142niejszy i d\u0142u\u017cszy.<\/p><p>Bardziej kwa\u015bny ni\u017c s\u0142odki, ma typowy smak \u00abtropikalnej burzy\u00bb: jego pikantny, orze\u017awiaj\u0105cy wp\u0142yw jest oczywisty, idealny dla os\u00f3b o silnym gu\u015bcie, kt\u00f3re doceniaj\u0105 prawdziwy smak owoc\u00f3w tropikalnych.<\/p><h2>Trzy systemy zmiany smaku, du\u017cy zbiornik e-liquidu o pojemno\u015bci 78 ml<\/h2><p>Model Bang Leader 80000 Raspberry Mojito Peach Ice &amp; Strawberry Watermelon &amp; Kiwi Passion Fruit Guava posiada innowacyjn\u0105 konstrukcj\u0119 trzy w jednym, z trzema niezale\u017cnymi zintegrowanymi zbiornikami e-liquidu, ka\u017cdy o pojemno\u015bci 26 ml, co daje \u0142\u0105cznie 78 ml p\u0142ynu. Selektor smak\u00f3w u\u0142atwia zmian\u0119 smak\u00f3w, a trzy smaki pojawiaj\u0105 si\u0119 jednocze\u015bnie na tym samym elektronicznym papierosie, daj\u0105c ci swobod\u0119 zmiany nastroj\u00f3w i smak\u00f3w w dowolnym momencie.<\/p><p>Dzi\u0119ki wyj\u0105tkowej trwa\u0142o\u015bci w\u015br\u00f3d urz\u0105dze\u0144 jednorazowych, ka\u017cdy elektroniczny papieros Bang Leader 80000 Raspberry Mojito Peach Ice &amp; Strawberry Watermelon &amp; Kiwi Passion Fruit Guava mo\u017ce zapewni\u0107 do 80 tysi\u0119cy zaci\u0105gni\u0119\u0107, co czyni go idealnym wyborem dla regularnych vaper\u00f3w. Ciesz si\u0119 d\u0142ugotrwa\u0142ym u\u017cytkowaniem i ogranicz cz\u0119ste wymiany.<\/p><p>Dost\u0119pne s\u0105 cztery poziomy nikotyny: 0 %, 2 %, 3 %, 5 %. Niezale\u017cnie od tego, czy szukasz orze\u017awiaj\u0105cego doznania bez nikotyny, czy jeste\u015b palaczem szukaj\u0105cym wysoce skoncentrowanego uderzenia w gard\u0142o, znajdziesz intensywno\u015b\u0107, kt\u00f3ra Ci odpowiada i \u0142atwo dostosuje si\u0119 do Twoich potrzeb rzucenia palenia lub zmian w smaku.<\/p><h2>Odporno\u015b\u0107 siatki 1,0 \u03a9, wy\u015bmienity smak nast\u0119pnego poziomu<\/h2><p>Model Bang Leader 80000 Raspberry Mojito Peach Ice &amp; Strawberry Watermelon &amp; Kiwi Passion Fruit Guava jest wyposa\u017cony w wysokowydajny rezystor siatkowy 1,0 \u03a9, kt\u00f3ry nagrzewa si\u0119 bardziej r\u00f3wnomiernie i rozpyla pe\u0142niej ni\u017c tradycyjne rezystory, zapewniaj\u0105c bogaty, niedra\u017cni\u0105cy dym. Ka\u017cde zaci\u0105gni\u0119cie jest g\u0142adkie i kremowe, maksymalizuj\u0105c uwalnianie autentycznego smaku e-liquidu.<\/p><h2>Szybko \u0142aduj\u0105ca si\u0119 bateria Type-C 850 mAh, stabilna moc wyj\u015bciowa bez przerw w zasilaniu<\/h2><p>Wbudowany akumulator litowy o du\u017cej pojemno\u015bci 850 mAh, kompatybilny z interfejsem szybkiego \u0142adowania typu C, zapewnia czas \u0142adowania wynosz\u0105cy oko\u0142o 60 minut. D\u0142uga \u017cywotno\u015b\u0107 baterii i wydajne \u0142adowanie oznaczaj\u0105, \u017ce mo\u017cesz pozosta\u0107 zmotywowany i cieszy\u0107 si\u0119 nieprzerwan\u0105, wysokowydajn\u0105 waporyzacj\u0105.<\/p><p>Lekka i przeno\u015bna, zintegrowana obudowa \u0142\u0105czy w sobie ergonomi\u0119 i odporno\u015b\u0107 na zu\u017cycie, dzi\u0119ki czemu idealnie nadaje si\u0119 do codziennego transportu i intensywnego u\u017cytkowania. Jego konstrukcja trzy w jednym nie tylko czyni go bardziej praktycznym, ale tak\u017ce zmniejsza wag\u0119 zwi\u0105zan\u0105 z noszeniem kilku elektronicznych papieros\u00f3w. Niezb\u0119dny dla fan\u00f3w bogatych smak\u00f3w.<\/p>\t\t\t\t\t\t\t\t<\/div>\n\t\t\t\t<\/div>\n\t\t\t\t\t<\/div>\n\t\t\t\t<\/div>\n\t\t\t\t<\/div>","protected":false},"excerpt":{"rendered":"<p>Le Bang Leader 80000 3 en 1 Framboise Mojito P\u00eache Glac\u00e9e &amp; Fraise Past\u00e8que &amp; Kiwi Fruit de la Passion Goyave propose une combinaison de trois saveurs tropicales et fruit\u00e9es\u00a0: \u00ab\u00a0Framboise Mojito P\u00eache Glac\u00e9e\u00a0\u00bb, \u00ab\u00a0Fraise Past\u00e8que\u00a0\u00bb et \u00ab\u00a0Kiwi Fruit de la Passion Goyave\u00a0\u00bb. Cet ar\u00f4me trois-en-un pour cigarette \u00e9lectronique offre une fusion de fruits, un [&hellip;]<\/p>\n","protected":false},"featured_media":5724,"comment_status":"open","ping_status":"closed","template":"","meta":{"site-sidebar-layout":"no-sidebar","site-content-layout":"page-builder","ast-site-content-layout":"normal-width-container","site-content-style":"default","site-sidebar-style":"default","ast-global-header-display":"","ast-banner-title-visibility":"","ast-main-header-display":"","ast-hfb-above-header-display":"","ast-hfb-below-header-display":"","ast-hfb-mobile-header-display":"","site-post-title":"disabled","ast-breadcrumbs-content":"","ast-featured-img":"disabled","footer-sml-layout":"","ast-disable-related-posts":"","theme-transparent-header-meta":"default","adv-header-id-meta":"","stick-header-meta":"default","header-above-stick-meta":"","header-main-stick-meta":"","header-below-stick-meta":"","astra-migrate-meta-layouts":"set","ast-page-background-enabled":"default","ast-page-background-meta":{"desktop":{"background-color":"","background-image":"","background-repeat":"repeat","background-position":"center center","background-size":"auto","background-attachment":"scroll","background-type":"","background-media":"","overlay-type":"","overlay-color":"","overlay-opacity":"","overlay-gradient":""},"tablet":{"background-color":"","background-image":"","background-repeat":"repeat","background-position":"center center","background-size":"auto","background-attachment":"scroll","background-type":"","background-media":"","overlay-type":"","overlay-color":"","overlay-opacity":"","overlay-gradient":""},"mobile":{"background-color":"","background-image":"","background-repeat":"repeat","background-position":"center center","background-size":"auto","background-attachment":"scroll","background-type":"","background-media":"","overlay-type":"","overlay-color":"","overlay-opacity":"","overlay-gradient":""}},"ast-content-background-meta":{"desktop":{"background-color":"var(--ast-global-color-5)","background-image":"","background-repeat":"repeat","background-position":"center center","background-size":"auto","background-attachment":"scroll","background-type":"","background-media":"","overlay-type":"","overlay-color":"","overlay-opacity":"","overlay-gradient":""},"tablet":{"background-color":"var(--ast-global-color-5)","background-image":"","background-repeat":"repeat","background-position":"center center","background-size":"auto","background-attachment":"scroll","background-type":"","background-media":"","overlay-type":"","overlay-color":"","overlay-opacity":"","overlay-gradient":""},"mobile":{"background-color":"var(--ast-global-color-5)","background-image":"","background-repeat":"repeat","background-position":"center center","background-size":"auto","background-attachment":"scroll","background-type":"","background-media":"","overlay-type":"","overlay-color":"","overlay-opacity":"","overlay-gradient":""}}},"product_brand":[53],"product_cat":[54,106,15],"product_tag":[],"class_list":{"0":"post-5945","1":"product","2":"type-product","3":"status-publish","4":"has-post-thumbnail","6":"product_brand-bang-cree-une-cigarette-electronique-plus-confortable","7":"product_cat-bang-leader-80k-dispose-de-trois-reservoirs-de-liquide-independants-integres","8":"product_cat-puff-80k","9":"product_cat-magasin-cigarette-electronique","10":"desktop-align-center","11":"tablet-align-center","12":"mobile-align-center","13":"ast-product-gallery-layout-horizontal","14":"ast-product-gallery-with-no-image","15":"ast-product-single-variable","16":"ast-product-tabs-layout-horizontal","17":"ast-qv-on-image","19":"first","20":"outofstock","21":"sale","22":"shipping-taxable","23":"purchasable","24":"product-type-variable","25":"has-default-attributes"},"tiered_pricing_type":"fixed","tiered_pricing_fixed_rules":{"50":7.24,"100":6.45},"tiered_pricing_product_settings":{"layout":"default","base_unit_name":{"singular":null,"plural":null},"default_variation":null},"tiered_pricing_minimum_quantity":null,"tiered_pricing_roles_data":[],"tiered_pricing_percentage_rules":[],"_links":{"self":[{"href":"https:\/\/puffvapestore.com\/pl\/wp-json\/wp\/v2\/product\/5945","targetHints":{"allow":["GET"]}}],"collection":[{"href":"https:\/\/puffvapestore.com\/pl\/wp-json\/wp\/v2\/product"}],"about":[{"href":"https:\/\/puffvapestore.com\/pl\/wp-json\/wp\/v2\/types\/product"}],"replies":[{"embeddable":true,"href":"https:\/\/puffvapestore.com\/pl\/wp-json\/wp\/v2\/comments?post=5945"}],"version-history":[{"count":11,"href":"https:\/\/puffvapestore.com\/pl\/wp-json\/wp\/v2\/product\/5945\/revisions"}],"predecessor-version":[{"id":6227,"href":"https:\/\/puffvapestore.com\/pl\/wp-json\/wp\/v2\/product\/5945\/revisions\/6227"}],"wp:featuredmedia":[{"embeddable":true,"href":"https:\/\/puffvapestore.com\/pl\/wp-json\/wp\/v2\/media\/5724"}],"wp:attachment":[{"href":"https:\/\/puffvapestore.com\/pl\/wp-json\/wp\/v2\/media?parent=5945"}],"wp:term":[{"taxonomy":"product_brand","embeddable":true,"href":"https:\/\/puffvapestore.com\/pl\/wp-json\/wp\/v2\/product_brand?post=5945"},{"taxonomy":"product_cat","embeddable":true,"href":"https:\/\/puffvapestore.com\/pl\/wp-json\/wp\/v2\/product_cat?post=5945"},{"taxonomy":"product_tag","embeddable":true,"href":"https:\/\/puffvapestore.com\/pl\/wp-json\/wp\/v2\/product_tag?post=5945"}],"curies":[{"name":"wp","href":"https:\/\/api.w.org\/{rel}","templated":true}]}}