{"id":5934,"date":"2025-07-29T03:19:53","date_gmt":"2025-07-29T03:19:53","guid":{"rendered":"https:\/\/puffvapestore.com\/?post_type=product&#038;p=5934"},"modified":"2026-02-05T03:54:29","modified_gmt":"2026-02-05T03:54:29","slug":"watermelon-ice-strawberry-mango-banana-bang-leader-80k","status":"publish","type":"product","link":"https:\/\/puffvapestore.com\/pl\/product\/arbuz-lod-truskawka-mango-banan-bang-leader-80k\/","title":{"rendered":"Watermelon Ice &amp; Strawberry Mango &amp; Banana - Bang Leader 80K 3 w 1 Potr\u00f3jny Smak"},"content":{"rendered":"<div data-elementor-type=\"wp-post\" data-elementor-id=\"5934\" class=\"elementor elementor-5934\">\n\t\t\t\t<div class=\"elementor-element elementor-element-08c26f9 e-flex e-con-boxed e-con e-parent\" data-id=\"08c26f9\" data-element_type=\"container\" data-e-type=\"container\">\n\t\t\t\t\t<div class=\"e-con-inner\">\n\t\t\t\t<div class=\"elementor-element elementor-element-a005a97 elementor-widget elementor-widget-text-editor\" data-id=\"a005a97\" data-element_type=\"widget\" data-e-type=\"widget\" data-widget_type=\"text-editor.default\">\n\t\t\t\t<div class=\"elementor-widget-container\">\n\t\t\t\t\t\t\t\t\t<p>Si\u0142a modelu Bang Leader 80000 tkwi w jego unikalnej konstrukcji \"trzy w jednym\", wyposa\u017conej w trzy niezale\u017cne zbiorniki e-liquidu o pojemno\u015bci 26 ml, o \u0142\u0105cznej pojemno\u015bci do 78 ml, pozwalaj\u0105ce na wykonanie do 80 000 zaci\u0105gni\u0119\u0107. Ka\u017cdy e-papieros Bang Leader 80000 jest dost\u0119pny w trzech r\u00f3\u017cnych smakach, zaprojektowanych tak, aby zadowoli\u0107 ka\u017cdego entuzjast\u0119:<\/p><h2>Smak mro\u017conego arbuza<\/h2><p>Kiedy pojawi\u0105 si\u0119 ostatnie promienie paryskiego zmierzchu, we\u017a powolny \u0142yk arbuzowej, lodowatej pary z zacisza swojego balkonu. \u015awie\u017cy, owocowy aromat przeniesie Ci\u0119 do letniego sadu na po\u0142udniu Francji. Jego orze\u017awiaj\u0105cy smak, kt\u00f3remu towarzyszy subtelna nuta mi\u0119ty i lodu, koi cia\u0142o i umys\u0142 po m\u0119cz\u0105cym dniu.<\/p><h2>Smak truskawkowy z mango<\/h2><p>Ten smak Strawberry Mango przywo\u0142uje na my\u015bl zach\u00f3d s\u0142o\u0144ca na Lazurowym Wybrze\u017cu na po\u0142udniu Francji, z jego owocowymi, nami\u0119tnymi aromatami. S\u0142odycz truskawek \u0142\u0105czy si\u0119 z tropikalnym bogactwem mango, tworz\u0105c bogaty smak. Palenie papierosa na ulicy p\u00f3\u017ano w nocy po festiwalu muzycznym to nie tylko przyjemno\u015b\u0107 smakowa, ale tak\u017ce duchowy taniec.<\/p><h2>Smak bananowy<\/h2><p>Aromat bananowy daje ciep\u0142e, delikatne uczucie dobrego samopoczucia, jakby\u015b siedzia\u0142 w k\u0105cie kawiarni literackiej, w lekkim deszczu, i by\u0142 w domu, przegl\u0105daj\u0105c stare czasopisma, delektuj\u0105c si\u0119 mi\u0119kkimi chmurami otoczonymi aromatem bananowym. Zaci\u0105gnij si\u0119 elektronicznym papierosem, aby si\u0119 zrelaksowa\u0107; ten spok\u00f3j jest rzadkim momentem dobrego samopoczucia w naszym nowoczesnym rytmie.<\/p><h2>Trzy systemy zmiany smaku, du\u017cy zbiornik e-liquidu o pojemno\u015bci 78 ml<\/h2><p>Model Bang Leader 80000 Watermelon Ice &amp; Strawberry Mango &amp; Banana posiada innowacyjn\u0105 konstrukcj\u0119 trzy w jednym, z trzema niezale\u017cnymi zintegrowanymi zbiornikami e-liquidu, ka\u017cdy o pojemno\u015bci 26 ml, co daje \u0142\u0105cznie 78 ml p\u0142ynu. Selektor smaku u\u0142atwia zmian\u0119 smak\u00f3w, a trzy smaki pojawiaj\u0105 si\u0119 jednocze\u015bnie na tym samym elektronicznym papierosie, daj\u0105c ci swobod\u0119 zmiany nastroju i smaku w dowolnym momencie.<\/p><p>Wyj\u0105tkowo trwa\u0142y w\u015br\u00f3d jednorazowych papieros\u00f3w, ka\u017cdy elektroniczny papieros Bang Leader 80000 Watermelon Ice &amp; Strawberry Mango &amp; Banana mo\u017ce zapewni\u0107 do 80 tysi\u0119cy zaci\u0105gni\u0119\u0107, co czyni go idealnym wyborem dla regularnych vaper\u00f3w. Ciesz si\u0119 d\u0142ugotrwa\u0142ym u\u017cytkowaniem i ogranicz cz\u0119ste wymiany.<\/p><p>Dost\u0119pne s\u0105 cztery poziomy nikotyny: 0 %, 2 %, 3 %, 5 %. Niezale\u017cnie od tego, czy szukasz orze\u017awiaj\u0105cego doznania bez nikotyny, czy jeste\u015b palaczem szukaj\u0105cym wysoce skoncentrowanego uderzenia w gard\u0142o, znajdziesz intensywno\u015b\u0107, kt\u00f3ra Ci odpowiada i \u0142atwo dostosuje si\u0119 do Twoich potrzeb rzucenia palenia lub zmian w smaku.<\/p><h2>Odporno\u015b\u0107 siatki 1,0 \u03a9, wy\u015bmienity smak nast\u0119pnego poziomu<\/h2><p>Model Bang Leader 80000 Watermelon Ice &amp; Strawberry Mango &amp; Banana jest wyposa\u017cony w wysokowydajny rezystor siatkowy 1,0 \u03a9, kt\u00f3ry nagrzewa si\u0119 bardziej r\u00f3wnomiernie i rozpyla pe\u0142niej ni\u017c tradycyjne rezystory, zapewniaj\u0105c bogaty, niedra\u017cni\u0105cy dym. Ka\u017cde zaci\u0105gni\u0119cie jest g\u0142adkie i kremowe, maksymalizuj\u0105c uwalnianie autentycznego smaku e-liquidu.<\/p><h2>Szybko \u0142aduj\u0105ca si\u0119 bateria Type-C 850 mAh, stabilna moc wyj\u015bciowa bez przerw w zasilaniu<\/h2><p>Wbudowany akumulator litowy o du\u017cej pojemno\u015bci 850 mAh, kompatybilny z interfejsem szybkiego \u0142adowania typu C, zapewnia czas \u0142adowania wynosz\u0105cy oko\u0142o 60 minut. D\u0142uga \u017cywotno\u015b\u0107 baterii i wydajne \u0142adowanie oznaczaj\u0105, \u017ce mo\u017cesz pozosta\u0107 zmotywowany i cieszy\u0107 si\u0119 nieprzerwan\u0105, wysokowydajn\u0105 waporyzacj\u0105.<\/p><p>Lekka i przeno\u015bna, zintegrowana obudowa \u0142\u0105czy w sobie ergonomi\u0119 i odporno\u015b\u0107 na zu\u017cycie, dzi\u0119ki czemu idealnie nadaje si\u0119 do codziennego transportu i intensywnego u\u017cytkowania. Jego konstrukcja trzy w jednym nie tylko czyni go bardziej praktycznym, ale tak\u017ce zmniejsza wag\u0119 zwi\u0105zan\u0105 z noszeniem kilku elektronicznych papieros\u00f3w. Niezb\u0119dny dla fan\u00f3w bogatych smak\u00f3w.<\/p>\t\t\t\t\t\t\t\t<\/div>\n\t\t\t\t<\/div>\n\t\t\t\t\t<\/div>\n\t\t\t\t<\/div>\n\t\t\t\t<\/div>","protected":false},"excerpt":{"rendered":"<p>Le point fort du Bang Leader 80000 r\u00e9side dans sa conception unique trois-en-un, \u00e9quip\u00e9e de trois r\u00e9servoirs d&rsquo;e-liquide ind\u00e9pendants de 26 ml, d&rsquo;une capacit\u00e9 totale allant jusqu&rsquo;\u00e0 78 ml, permettant jusqu&rsquo;\u00e0 80000 bouff\u00e9es. Chaque e-cigarette Bang Leader 80000 propose trois saveurs diff\u00e9rentes, con\u00e7ues pour satisfaire tous les amateurs\u00a0: Saveur Past\u00e8que Glac\u00e9e Lorsque le cr\u00e9puscule parisien [&hellip;]<\/p>\n","protected":false},"featured_media":5729,"comment_status":"open","ping_status":"closed","template":"","meta":{"site-sidebar-layout":"no-sidebar","site-content-layout":"page-builder","ast-site-content-layout":"normal-width-container","site-content-style":"default","site-sidebar-style":"default","ast-global-header-display":"","ast-banner-title-visibility":"","ast-main-header-display":"","ast-hfb-above-header-display":"","ast-hfb-below-header-display":"","ast-hfb-mobile-header-display":"","site-post-title":"disabled","ast-breadcrumbs-content":"","ast-featured-img":"disabled","footer-sml-layout":"","ast-disable-related-posts":"","theme-transparent-header-meta":"default","adv-header-id-meta":"","stick-header-meta":"default","header-above-stick-meta":"","header-main-stick-meta":"","header-below-stick-meta":"","astra-migrate-meta-layouts":"set","ast-page-background-enabled":"default","ast-page-background-meta":{"desktop":{"background-color":"","background-image":"","background-repeat":"repeat","background-position":"center center","background-size":"auto","background-attachment":"scroll","background-type":"","background-media":"","overlay-type":"","overlay-color":"","overlay-opacity":"","overlay-gradient":""},"tablet":{"background-color":"","background-image":"","background-repeat":"repeat","background-position":"center center","background-size":"auto","background-attachment":"scroll","background-type":"","background-media":"","overlay-type":"","overlay-color":"","overlay-opacity":"","overlay-gradient":""},"mobile":{"background-color":"","background-image":"","background-repeat":"repeat","background-position":"center center","background-size":"auto","background-attachment":"scroll","background-type":"","background-media":"","overlay-type":"","overlay-color":"","overlay-opacity":"","overlay-gradient":""}},"ast-content-background-meta":{"desktop":{"background-color":"var(--ast-global-color-5)","background-image":"","background-repeat":"repeat","background-position":"center center","background-size":"auto","background-attachment":"scroll","background-type":"","background-media":"","overlay-type":"","overlay-color":"","overlay-opacity":"","overlay-gradient":""},"tablet":{"background-color":"var(--ast-global-color-5)","background-image":"","background-repeat":"repeat","background-position":"center center","background-size":"auto","background-attachment":"scroll","background-type":"","background-media":"","overlay-type":"","overlay-color":"","overlay-opacity":"","overlay-gradient":""},"mobile":{"background-color":"var(--ast-global-color-5)","background-image":"","background-repeat":"repeat","background-position":"center center","background-size":"auto","background-attachment":"scroll","background-type":"","background-media":"","overlay-type":"","overlay-color":"","overlay-opacity":"","overlay-gradient":""}}},"product_brand":[53],"product_cat":[54,106,15],"product_tag":[],"class_list":{"0":"post-5934","1":"product","2":"type-product","3":"status-publish","4":"has-post-thumbnail","6":"product_brand-bang-cree-une-cigarette-electronique-plus-confortable","7":"product_cat-bang-leader-80k-dispose-de-trois-reservoirs-de-liquide-independants-integres","8":"product_cat-puff-80k","9":"product_cat-magasin-cigarette-electronique","10":"desktop-align-center","11":"tablet-align-center","12":"mobile-align-center","13":"ast-product-gallery-layout-horizontal","14":"ast-product-gallery-with-no-image","15":"ast-product-single-variable","16":"ast-product-tabs-layout-horizontal","17":"ast-qv-on-image","19":"first","20":"outofstock","21":"sale","22":"shipping-taxable","23":"purchasable","24":"product-type-variable","25":"has-default-attributes"},"tiered_pricing_type":"fixed","tiered_pricing_fixed_rules":{"50":7.24,"100":6.45},"tiered_pricing_product_settings":{"layout":"default","base_unit_name":{"singular":null,"plural":null},"default_variation":null},"tiered_pricing_minimum_quantity":null,"tiered_pricing_roles_data":[],"tiered_pricing_percentage_rules":[],"_links":{"self":[{"href":"https:\/\/puffvapestore.com\/pl\/wp-json\/wp\/v2\/product\/5934","targetHints":{"allow":["GET"]}}],"collection":[{"href":"https:\/\/puffvapestore.com\/pl\/wp-json\/wp\/v2\/product"}],"about":[{"href":"https:\/\/puffvapestore.com\/pl\/wp-json\/wp\/v2\/types\/product"}],"replies":[{"embeddable":true,"href":"https:\/\/puffvapestore.com\/pl\/wp-json\/wp\/v2\/comments?post=5934"}],"version-history":[{"count":7,"href":"https:\/\/puffvapestore.com\/pl\/wp-json\/wp\/v2\/product\/5934\/revisions"}],"predecessor-version":[{"id":6226,"href":"https:\/\/puffvapestore.com\/pl\/wp-json\/wp\/v2\/product\/5934\/revisions\/6226"}],"wp:featuredmedia":[{"embeddable":true,"href":"https:\/\/puffvapestore.com\/pl\/wp-json\/wp\/v2\/media\/5729"}],"wp:attachment":[{"href":"https:\/\/puffvapestore.com\/pl\/wp-json\/wp\/v2\/media?parent=5934"}],"wp:term":[{"taxonomy":"product_brand","embeddable":true,"href":"https:\/\/puffvapestore.com\/pl\/wp-json\/wp\/v2\/product_brand?post=5934"},{"taxonomy":"product_cat","embeddable":true,"href":"https:\/\/puffvapestore.com\/pl\/wp-json\/wp\/v2\/product_cat?post=5934"},{"taxonomy":"product_tag","embeddable":true,"href":"https:\/\/puffvapestore.com\/pl\/wp-json\/wp\/v2\/product_tag?post=5934"}],"curies":[{"name":"wp","href":"https:\/\/api.w.org\/{rel}","templated":true}]}}