{"id":5893,"date":"2025-07-27T08:39:30","date_gmt":"2025-07-27T08:39:30","guid":{"rendered":"https:\/\/puffvapestore.com\/?post_type=product&#038;p=5893"},"modified":"2026-02-05T03:54:29","modified_gmt":"2026-02-05T03:54:29","slug":"blueberry-watermelon-strawberry-mango-blackcurrant-bang-leader-80k-un-choix-interessant","status":"publish","type":"product","link":"https:\/\/puffvapestore.com\/pl\/product\/borowka-arbuz-truskawka-mango-czarna-porzeczka-bang-leader-80k-ciekawy-wybor\/","title":{"rendered":"Blueberry Watermelon &amp; Strawberry Mango &amp; Blackcurrant - Bang Leader 80000 3 w 1"},"content":{"rendered":"<div data-elementor-type=\"wp-post\" data-elementor-id=\"5893\" class=\"elementor elementor-5893\">\n\t\t\t\t<div class=\"elementor-element elementor-element-08c26f9 e-flex e-con-boxed e-con e-parent\" data-id=\"08c26f9\" data-element_type=\"container\" data-e-type=\"container\">\n\t\t\t\t\t<div class=\"e-con-inner\">\n\t\t\t\t<div class=\"elementor-element elementor-element-a005a97 elementor-widget elementor-widget-text-editor\" data-id=\"a005a97\" data-element_type=\"widget\" data-e-type=\"widget\" data-widget_type=\"text-editor.default\">\n\t\t\t\t<div class=\"elementor-widget-container\">\n\t\t\t\t\t\t\t\t\t<p>Bang Leader 80000 Blueberry Watermelon &amp; Strawberry Mango &amp; Blackcurrant naturalnie zmienia ka\u017cdy smak, idealny dla u\u017cytkownik\u00f3w poszukuj\u0105cych zr\u00f3\u017cnicowanych wra\u017ce\u0144. Je\u015bli szukasz trzech ca\u0142kowicie r\u00f3\u017cnych poziom\u00f3w owocowego smaku w tym samym elektronicznym papierosie, ten Bang Leader 80000 jest interesuj\u0105cym wyborem.<\/p><p>Aromat Blueberry Watermelon: To jak przebywanie w letnim sadzie na po\u0142udniu Francji, z eleganckim s\u0142odko-kwa\u015bnym smakiem bor\u00f3wki i \u015bwie\u017cym, rze\u015bkim smakiem arbuza. Siedz\u0105c na tarasie o zmierzchu, powiew Blueberry Watermelon Smoke sprawi, \u017ce zapomnisz o zm\u0119czeniu popo\u0142udnia.<\/p><p>Smak Strawberry Mango: Niezale\u017cnie od tego, czy spacerujesz ulicami Pary\u017ca, czy wylegujesz si\u0119 na le\u017caku na balkonie, jeden \u0142yk s\u0142odkiego, owocowego aromatu truskawkowego mango obmyje Ci\u0119 niczym s\u0142o\u0144ce \u015bwiec\u0105ce na tropikalnych owocach, zar\u00f3wno egzotycznych, jak i romantycznych. Idealny na relaksuj\u0105c\u0105 lektur\u0119 lub pogaw\u0119dk\u0119 z przyjaci\u00f3\u0142mi.<\/p><p>Smak czarnej porzeczki: dojrzalszy, bogatszy smak. Niezale\u017cnie od tego, czy jeste\u015b wieczorem w barze jazzowym, czy wychodzisz z rodzin\u0105, zaci\u0105gnij si\u0119 elektronicznym papierosem z czarnej porzeczki, a jego owocowy, lekko kwa\u015bny aromat pozostanie w ustach, jak kieliszek wyrafinowanego likieru z czarnej porzeczki, z niesko\u0144czonym posmakiem.<\/p><h2>Opanuj zmian\u0119 tempa i smaku z pe\u0142n\u0105 autonomi\u0105<\/h2><p>Niezale\u017cny zbiornik na olej Bang Leader 80000 Blueberry Watermelon &amp; Strawberry Mango &amp; Blackcurrant (ka\u017cdy smak zawiera 26 ml e-liquidu) pozwala na swobodn\u0105 zmian\u0119 smak\u00f3w i dostosowanie si\u0119 do nastroju ka\u017cdej sceny, bez ograniczania si\u0119 do jednego smaku.<\/p><h2>R\u00f3\u017cne st\u0119\u017cenia nikotyny<\/h2><p>Bang Leader 80000 Blueberry Watermelon &amp; Strawberry Mango &amp; Blackcurrant oferuje r\u00f3\u017cne st\u0119\u017cenia nikotyny, w tym 0 %, 2 %, 3 % i 5 %, aby zaspokoi\u0107 potrzeby ka\u017cdego u\u017cytkownika. Niezale\u017cnie od tego, czy szukasz wra\u017ce\u0144 bez nikotyny, czy wy\u017cszego st\u0119\u017cenia, aby zaspokoi\u0107 swoje pragnienia, ten elektroniczny papieros zapewnia elastyczne opcje u\u017cytkowania dostosowane do twoich preferencji.<\/p><h2>Innowacyjna konstrukcja e-liquidu \"trzy w jednym<\/h2><p>Ten elektroniczny papieros oferuje 78 ml pojemno\u015bci bardzo du\u017cego p\u0142ynu, sprytnie podzielonego na trzy oddzielne zbiorniki o pojemno\u015bci 26 ml. Ta unikalna konstrukcja \"trzy w jednym\" nie tylko zwi\u0119ksza komfort u\u017cytkownika, ale tak\u017ce u\u0142atwia prze\u0142\u0105czanie si\u0119 z jednego smaku na inny, zapewniaj\u0105c r\u00f3\u017cnorodne doznania. Ka\u017cdy zbiornik zosta\u0142 starannie zaprojektowany, aby zapewni\u0107 bezpieczne przechowywanie i \u0142atw\u0105 wymian\u0119 p\u0142ynu.<\/p><p>Model Bang Leader 80000 Blueberry Watermelon &amp; Strawberry Mango &amp; Blackcurrant oferuje do 80 tysi\u0119cy zaci\u0105gni\u0119\u0107 i zosta\u0142 zaprojektowany z my\u015bl\u0105 o d\u0142ugotrwa\u0142ym u\u017cytkowaniu. Niezale\u017cnie od tego, czy chodzi o codzienne u\u017cytkowanie, czy d\u0142u\u017csze wycieczki, urz\u0105dzenie to zapewnia ci\u0105g\u0142e, stabilne doznania z waporyzacji bez konieczno\u015bci cz\u0119stej wymiany lub uzupe\u0142niania. Idealny dla u\u017cytkownik\u00f3w poszukuj\u0105cych trwa\u0142o\u015bci.<\/p><h2>Wydajna bateria i szybkie \u0142adowanie<\/h2><p>Ten elektroniczny papieros ma wbudowany akumulator o pojemno\u015bci 850 mAh i obs\u0142uguje technologi\u0119 szybkiego \u0142adowania typu C, kt\u00f3re trwa zaledwie oko\u0142o 60 minut. Wydajny system zarz\u0105dzania bateri\u0105 zapewnia d\u0142u\u017csz\u0105 \u017cywotno\u015b\u0107 baterii, a funkcja szybkiego \u0142adowania umo\u017cliwia szybkie wznowienie u\u017cytkowania, zapewniaj\u0105c p\u0142ynne wra\u017cenia w dowolnym miejscu i czasie.<\/p><h2>Zoptymalizowana technologia odporno\u015bci siatki<\/h2><p>Model Bang Leader 80000 Blueberry Watermelon &amp; Strawberry Mango &amp; Blackcurrant wykorzystuje rezystor siatkowy 1,0 \u03a9. Zapewnia to r\u00f3wnomierne ogrzewanie i bogat\u0105, kremow\u0105 par\u0119. Struktura rezystora siatkowego optymalizuje atomizacj\u0119 p\u0142ynu, gwarantuj\u0105c niezmiennie bogaty smak przy ka\u017cdym zaci\u0105gni\u0119ciu.<\/p>\t\t\t\t\t\t\t\t<\/div>\n\t\t\t\t<\/div>\n\t\t\t\t\t<\/div>\n\t\t\t\t<\/div>\n\t\t\t\t<\/div>","protected":false},"excerpt":{"rendered":"<p>Le Bang Leader 80000 Blueberry Watermelon &amp; Strawberry Mango &amp; Blackcurrant alterne naturellement entre chaque saveur, id\u00e9al pour les utilisateurs en qu\u00eate d&rsquo;une exp\u00e9rience vari\u00e9e. Si vous recherchez trois niveaux de saveurs fruit\u00e9es totalement diff\u00e9rents dans une m\u00eame cigarette \u00e9lectronique, cette Bang Leader 80000 est un choix int\u00e9ressant. Ar\u00f4me Myrtille Past\u00e8que : On se croirait [&hellip;]<\/p>\n","protected":false},"featured_media":5721,"comment_status":"open","ping_status":"closed","template":"","meta":{"site-sidebar-layout":"no-sidebar","site-content-layout":"page-builder","ast-site-content-layout":"normal-width-container","site-content-style":"default","site-sidebar-style":"default","ast-global-header-display":"","ast-banner-title-visibility":"","ast-main-header-display":"","ast-hfb-above-header-display":"","ast-hfb-below-header-display":"","ast-hfb-mobile-header-display":"","site-post-title":"disabled","ast-breadcrumbs-content":"","ast-featured-img":"disabled","footer-sml-layout":"","ast-disable-related-posts":"","theme-transparent-header-meta":"default","adv-header-id-meta":"","stick-header-meta":"default","header-above-stick-meta":"","header-main-stick-meta":"","header-below-stick-meta":"","astra-migrate-meta-layouts":"set","ast-page-background-enabled":"default","ast-page-background-meta":{"desktop":{"background-color":"","background-image":"","background-repeat":"repeat","background-position":"center center","background-size":"auto","background-attachment":"scroll","background-type":"","background-media":"","overlay-type":"","overlay-color":"","overlay-opacity":"","overlay-gradient":""},"tablet":{"background-color":"","background-image":"","background-repeat":"repeat","background-position":"center center","background-size":"auto","background-attachment":"scroll","background-type":"","background-media":"","overlay-type":"","overlay-color":"","overlay-opacity":"","overlay-gradient":""},"mobile":{"background-color":"","background-image":"","background-repeat":"repeat","background-position":"center center","background-size":"auto","background-attachment":"scroll","background-type":"","background-media":"","overlay-type":"","overlay-color":"","overlay-opacity":"","overlay-gradient":""}},"ast-content-background-meta":{"desktop":{"background-color":"var(--ast-global-color-5)","background-image":"","background-repeat":"repeat","background-position":"center center","background-size":"auto","background-attachment":"scroll","background-type":"","background-media":"","overlay-type":"","overlay-color":"","overlay-opacity":"","overlay-gradient":""},"tablet":{"background-color":"var(--ast-global-color-5)","background-image":"","background-repeat":"repeat","background-position":"center center","background-size":"auto","background-attachment":"scroll","background-type":"","background-media":"","overlay-type":"","overlay-color":"","overlay-opacity":"","overlay-gradient":""},"mobile":{"background-color":"var(--ast-global-color-5)","background-image":"","background-repeat":"repeat","background-position":"center center","background-size":"auto","background-attachment":"scroll","background-type":"","background-media":"","overlay-type":"","overlay-color":"","overlay-opacity":"","overlay-gradient":""}}},"product_brand":[53],"product_cat":[54,106,15],"product_tag":[],"class_list":{"0":"post-5893","1":"product","2":"type-product","3":"status-publish","4":"has-post-thumbnail","6":"product_brand-bang-cree-une-cigarette-electronique-plus-confortable","7":"product_cat-bang-leader-80k-dispose-de-trois-reservoirs-de-liquide-independants-integres","8":"product_cat-puff-80k","9":"product_cat-magasin-cigarette-electronique","10":"desktop-align-center","11":"tablet-align-center","12":"mobile-align-center","13":"ast-product-gallery-layout-horizontal","14":"ast-product-gallery-with-no-image","15":"ast-product-single-variable","16":"ast-product-tabs-layout-horizontal","17":"ast-qv-on-image","19":"first","20":"outofstock","21":"sale","22":"shipping-taxable","23":"purchasable","24":"product-type-variable","25":"has-default-attributes"},"tiered_pricing_type":"fixed","tiered_pricing_fixed_rules":{"50":7.24,"100":6.45},"tiered_pricing_product_settings":{"layout":"default","base_unit_name":{"singular":null,"plural":null},"default_variation":null},"tiered_pricing_minimum_quantity":null,"tiered_pricing_roles_data":[],"tiered_pricing_percentage_rules":[],"_links":{"self":[{"href":"https:\/\/puffvapestore.com\/pl\/wp-json\/wp\/v2\/product\/5893","targetHints":{"allow":["GET"]}}],"collection":[{"href":"https:\/\/puffvapestore.com\/pl\/wp-json\/wp\/v2\/product"}],"about":[{"href":"https:\/\/puffvapestore.com\/pl\/wp-json\/wp\/v2\/types\/product"}],"replies":[{"embeddable":true,"href":"https:\/\/puffvapestore.com\/pl\/wp-json\/wp\/v2\/comments?post=5893"}],"version-history":[{"count":11,"href":"https:\/\/puffvapestore.com\/pl\/wp-json\/wp\/v2\/product\/5893\/revisions"}],"predecessor-version":[{"id":6223,"href":"https:\/\/puffvapestore.com\/pl\/wp-json\/wp\/v2\/product\/5893\/revisions\/6223"}],"wp:featuredmedia":[{"embeddable":true,"href":"https:\/\/puffvapestore.com\/pl\/wp-json\/wp\/v2\/media\/5721"}],"wp:attachment":[{"href":"https:\/\/puffvapestore.com\/pl\/wp-json\/wp\/v2\/media?parent=5893"}],"wp:term":[{"taxonomy":"product_brand","embeddable":true,"href":"https:\/\/puffvapestore.com\/pl\/wp-json\/wp\/v2\/product_brand?post=5893"},{"taxonomy":"product_cat","embeddable":true,"href":"https:\/\/puffvapestore.com\/pl\/wp-json\/wp\/v2\/product_cat?post=5893"},{"taxonomy":"product_tag","embeddable":true,"href":"https:\/\/puffvapestore.com\/pl\/wp-json\/wp\/v2\/product_tag?post=5893"}],"curies":[{"name":"wp","href":"https:\/\/api.w.org\/{rel}","templated":true}]}}